{"id":7771,"date":"2023-09-07T14:09:53","date_gmt":"2023-09-07T14:09:53","guid":{"rendered":"https:\/\/oceansignal.com\/products\/rescueme-plb3\/"},"modified":"2026-03-26T11:50:51","modified_gmt":"2026-03-26T11:50:51","slug":"rescueme-plb3","status":"publish","type":"product","link":"https:\/\/oceansignal.com\/es\/products\/rescueme-plb3\/","title":{"rendered":"rescueME PLB3"},"content":{"rendered":"<p class=\"ai-optimize-42 ai-optimize-introduction\">Presentamos la <a href=\"https:\/\/oceansignal.com\/es\/news\/ocean-signal-gana-el-premio-dame-design-award-2022-por-la-baliza-localizadora-personal-rescueme-plb3-ais\/\">galardonada<\/a> baliza de localizaci\u00f3n personal AIS PLB3 de Ocean Signal rescueME , ahora con aplicaci\u00f3n m\u00f3vil gratuita. La PLB3 transmite a trav\u00e9s del sistema satelital mundial <a href=\"https:\/\/www.cospas-sarsat.int\/en\/\">Cospas Sarsat<\/a> , que incluye 3 constelaciones diferentes para garantizar que su se\u00f1al de socorro de 406 MHz llegue inmediatamente a la red global de fuerzas de b\u00fasqueda y rescate con una precisi\u00f3n de hasta 100 metros en su ubicaci\u00f3n. Con m\u00faltiples niveles de tecnolog\u00eda de se\u00f1alizaci\u00f3n integrada, que incluye posicionamiento de 406 MHz y GNSS (GPS, <a href=\"https:\/\/www.euspa.europa.eu\/european-space\/galileo\/services\/search-and-rescue-sar-galileo-service\">Galileo<\/a> , Glonass), la PLB3 tambi\u00e9n transmite una se\u00f1al de localizaci\u00f3n de 121,5 MHz que gu\u00eda a los servicios de b\u00fasqueda y rescate a la ubicaci\u00f3n actual de la baliza cuando llegan al lugar, ya que la baliza puede haberse desviado de la posici\u00f3n transmitida originalmente. La incorporaci\u00f3n de transmisiones AIS (sistema de identificaci\u00f3n autom\u00e1tica) significa que la baliza de localizaci\u00f3n personal AIS PLB3 alerta simult\u00e1neamente a todos los buques equipados con transpondedores AIS dentro del alcance de radio VHF de la posici\u00f3n de socorro de la PLB . Esto aumenta en gran medida tanto la probabilidad como la velocidad del rescate, ya que los barcos cercanos reciben las alertas. Inmediatamente despu\u00e9s de desplegarse la baliza, se presenta un mensaje de seguridad AIS o una alarma MOB con el MMSI y la ubicaci\u00f3n de la baliza en cualquier pantalla AIS dentro del alcance. Esto facilita que los barcos cercanos localicen la baliza, ya que es un objetivo AIS activo en sus pantallas.      <\/p>\n<p class=\"ai-optimize-44\">El PLB3 iluminar\u00e1 el camino a medida que los rescatistas llegan a la escena con un estroboscopio blanco visible y un estroboscopio infrarrojo que proporciona a los rescatistas la referencia visual que necesitan durante la noche u otras operaciones de rescate con baja visibilidad.<\/p>\n<p class=\"ai-optimize-45\"><strong>Conectividad de tel\u00e9fonos inteligentes mediante comunicaci\u00f3n de campo cercano (NFC)<\/strong><\/p>\n<p class=\"ai-optimize-46\">La integraci\u00f3n de <a href=\"https:\/\/www.youtube.com\/watch?v=MRXLii6r3n4\">la tecnolog\u00eda NFC<\/a> ofrece a los usuarios la posibilidad de acceder c\u00f3modamente a los datos de la baliza desde su tel\u00e9fono m\u00f3vil. El simple acto de colocar un tel\u00e9fono cerca de la baliza abre autom\u00e1ticamente la aplicaci\u00f3n Ocean Signal Product y proporciona acceso a una gran cantidad de datos de uso, como la duraci\u00f3n actual de la bater\u00eda, la cantidad de autopruebas completadas, la cantidad de pruebas GNSS completadas y, si corresponde, la cantidad de tiempo que la baliza ha estado activada. Si lo desea, tambi\u00e9n est\u00e1 disponible informaci\u00f3n detallada sobre cada autoprueba y prueba GNSS realizada por la baliza. Para cada prueba GNSS exitosa, los usuarios pueden ver un mapa que muestra exactamente d\u00f3nde se realiz\u00f3 la prueba, la fecha y la hora de la prueba, el tiempo que tard\u00f3 la baliza en obtener una posici\u00f3n en sus coordenadas GNSS, la cantidad de sat\u00e9lites que utiliz\u00f3 la baliza para obtener esa posici\u00f3n y la precisi\u00f3n de la ubicaci\u00f3n.   <\/p>\n<p class=\"ai-optimize-47\"><strong> <\/strong><\/p>\n<p class=\"ai-optimize-48\"><strong>Servicio de enlace de devoluci\u00f3n<\/strong><\/p>\n<p class=\"ai-optimize-49\">El servicio de enlace de retorno o funcionalidad RLS funciona cuando el equipo de b\u00fasqueda y rescate env\u00eda una se\u00f1al a trav\u00e9s de la red <a href=\"https:\/\/www.euspa.europa.eu\/european-space\/galileo\/services\/search-and-rescue-sar-galileo-service\">satelital Galileo<\/a> para confirmar al usuario de la baliza que se ha recibido su mensaje de socorro y se ha detectado su ubicaci\u00f3n. La confirmaci\u00f3n del usuario se indica claramente mediante una luz azul intermitente en el PLB3 . Adem\u00e1s de incluir un conjunto completo de funciones, la baliza de localizaci\u00f3n personal AIS PLB3 est\u00e1 dise\u00f1ada para brindar comodidad. Disfrute de la tranquilidad de saber que su mensaje de socorro se ha entregado correctamente y que la ayuda est\u00e1 en camino.   <\/p>\n<p>&nbsp;<\/p>\n<p class=\"ai-optimize-50\"><strong>Integraci\u00f3n de chalecos salvavidas<\/strong><\/p>\n<p class=\"ai-optimize-51\">El PLB3 est\u00e1 dise\u00f1ado para instalarse dentro de un chaleco salvavidas y activarse al inflarlo (semiautom\u00e1tico). <a href=\"https:\/\/www.youtube.com\/watch?v=eeTKOFMkfxM\">La instalaci\u00f3n es sencilla<\/a> utilizando el clip del tubo de inflado oral incluido para sujetar el PLB3 al chaleco salvavidas con una cinta conectada alrededor de la vejiga del chaleco salvavidas. Una vez instalado correctamente, la acci\u00f3n del inflado del chaleco salvavidas activa el despliegue de la antena y la activaci\u00f3n de la baliza. <\/p>\n<p class=\"ai-optimize-36\"><strong>Se recomienda consultar al fabricante del chaleco salvavidas antes de la instalaci\u00f3n, ya que modelos espec\u00edficos pueden tener su propio m\u00e9todo de ajuste preferido o recomendaciones de integraci\u00f3n.<\/strong><\/p>\n<p class=\"ai-optimize-52\">Los usuarios que no deseen instalar el PLB3 dentro de un chaleco salvavidas tienen la opci\u00f3n de utilizar el clip de correa incluido para sujetar la baliza a un cintur\u00f3n de tama\u00f1o adecuado o a la correa de un chaleco salvavidas inherentemente flotante.<\/p>\n<p>&nbsp;<\/p>\n<p class=\"ai-optimize-53\"><strong>Funciones:<\/strong><\/p>\n<ul>\n<li class=\"ai-optimize-54\">No se requiere suscripci\u00f3n<\/li>\n<li class=\"ai-optimize-55\">Se\u00f1al de socorro <a href=\"https:\/\/www.cospas-sarsat.int\/en\/\">Cospas Sarsat<\/a> de 406 MHz (compatible con MEOSAR)<\/li>\n<li class=\"ai-optimize-56\">Se\u00f1al de referencia local de 121,5 MHz<\/li>\n<li class=\"ai-optimize-57\">Se\u00f1al de localizaci\u00f3n AIS (Sistema de Identificaci\u00f3n Autom\u00e1tica)<\/li>\n<li class=\"ai-optimize-58\">Conectividad de tel\u00e9fonos inteligentes a trav\u00e9s de NFC (Near Field Communication)<\/li>\n<li class=\"ai-optimize-59\">Aplicaci\u00f3n m\u00f3vil gratuita Ocean Signal Beacon (IOS y Android)<\/li>\n<li class=\"ai-optimize-60\">Funcionalidad del servicio de enlace de retorno (RLS)<\/li>\n<li class=\"ai-optimize-61\">GNSS v\u00eda GPS y sat\u00e9lites <a href=\"https:\/\/www.euspa.europa.eu\/european-space\/galileo\/services\/search-and-rescue-sar-galileo-service\">Galileo<\/a><\/li>\n<li class=\"ai-optimize-62\">Luz estrobosc\u00f3pica e infrarroja estrobosc\u00f3pica<\/li>\n<li class=\"ai-optimize-63\">Cobertura global<\/li>\n<li class=\"ai-optimize-64\">Accesorio PFD simple<\/li>\n<li class=\"ai-optimize-65\">Dise\u00f1ado para integrarse con PFD inflables comunes<\/li>\n<li class=\"ai-optimize-66\">Sistema de clip multifunci\u00f3n incluido<\/li>\n<li class=\"ai-optimize-67\">Peque\u00f1o y ligero<\/li>\n<li class=\"ai-optimize-68\">Duraci\u00f3n de la bater\u00eda: 6 a\u00f1os a partir de la fecha de fabricaci\u00f3n o 5 a\u00f1os despu\u00e9s de la puesta en servicio de la baliza.<\/li>\n<li class=\"ai-optimize-69\">M\u00e1s de 24 horas de vida operativa<\/li>\n<\/ul>\n<p>&nbsp;<\/p>\n","protected":false},"excerpt":{"rendered":"<p class=\"ai-optimize-37\">El <strong>PRIMER<\/strong> PLB del mundo con AIS y el <strong>PRIMER<\/strong> PLB del mundo que incluye NFC y aplicaci\u00f3n m\u00f3vil<\/p>\n<ul>\n<li class=\"ai-optimize-38\" data-start=\"71\" data-end=\"199\">\n<p class=\"ai-optimize-39\" data-start=\"73\" data-end=\"199\"><strong data-start=\"73\" data-end=\"97\">Sistema de triple alerta:<\/strong> env\u00eda una se\u00f1al de socorro global de 406 MHz, AIS para embarcaciones cercanas y localizaci\u00f3n de 121,5 MHz para equipos de rescate globales.<\/p>\n<\/li>\n<li class=\"ai-optimize-40\" data-start=\"71\" data-end=\"199\"><strong data-start=\"406\" data-end=\"427\">Dise\u00f1o compatible con chalecos salvavidas:<\/strong> Incluye un clip multifunci\u00f3n y est\u00e1 dise\u00f1ado para integrarse perfectamente con la mayor\u00eda de los chalecos salvavidas inflables.<\/li>\n<li class=\"ai-optimize-41\" data-start=\"200\" data-end=\"302\">\n<p class=\"ai-optimize-42\" data-start=\"202\" data-end=\"302\"><strong data-start=\"202\" data-end=\"224\">Inteligente y conectado:<\/strong> habilitado con NFC para configuraci\u00f3n y verificaci\u00f3n de estado a trav\u00e9s de una aplicaci\u00f3n m\u00f3vil gratuita (iOS y Android)<\/p>\n<\/li>\n<li class=\"ai-optimize-43\" data-start=\"303\" data-end=\"403\">\n<p class=\"ai-optimize-44\" data-start=\"305\" data-end=\"403\"><strong data-start=\"305\" data-end=\"326\">Sin suscripciones:<\/strong> compra \u00fanica con duraci\u00f3n de bater\u00eda de 6 a\u00f1os y tiempo de activaci\u00f3n de m\u00e1s de 24 horas<\/p>\n<\/li>\n<li class=\"ai-optimize-45\" data-start=\"303\" data-end=\"403\"><strong>Oferta: <a href=\"https:\/\/oceansignal.com\/es\/products\/bolsa-de-flotacion-plb1-copy\/\">Bolsa de flotaci\u00f3n PLB3<\/a> GRATIS<\/strong> con cada PLB3. Usa el c\u00f3digo: PLB3Pouch al finalizar la compra. <\/li>\n<\/ul>\n","protected":false},"featured_media":11877,"template":"","meta":{"_acf_changed":false,"om_disable_all_campaigns":false},"product_brand":[],"product_cat":[935,1986,470],"product_tag":[979,937,870,936,978,872],"class_list":{"0":"post-7771","1":"product","2":"type-product","3":"status-publish","4":"has-post-thumbnail","6":"product_cat-balizas-de-localizacion-personal","7":"product_cat-compatible-con-chalecos-salvavidas","8":"product_cat-rescueme-es","9":"product_tag-406-mhz-es","10":"product_tag-baliza-de-localizacion-personal","11":"product_tag-nfc-es","12":"product_tag-plb-es","13":"product_tag-plb3-es","14":"product_tag-sindrome-de-piernas-inquietas","16":"first","17":"instock","18":"taxable","19":"shipping-taxable","20":"purchasable","21":"product-type-simple"},"acf":[],"yoast_head":"<!-- This site is optimized with the Yoast SEO Premium plugin v25.2 (Yoast SEO v26.4) - https:\/\/yoast.com\/wordpress\/plugins\/seo\/ -->\n<title>rescueME PLB3 - Ocean Signal<\/title>\n<meta name=\"description\" content=\"La baliza localizadora personal AIS PLB3 Ocean Signal rescueME es la primera y \u00fanica PLB con 406 MHz, servicio de enlace de retorno y aplicaci\u00f3n m\u00f3vil. C\u00f3mprela ahora.\" \/>\n<meta name=\"robots\" content=\"index, follow, max-snippet:-1, max-image-preview:large, max-video-preview:-1\" \/>\n<link rel=\"canonical\" href=\"https:\/\/oceansignal.com\/es\/products\/rescueme-plb3\/\" \/>\n<meta property=\"og:locale\" content=\"es_ES\" \/>\n<meta property=\"og:type\" content=\"article\" \/>\n<meta property=\"og:title\" content=\"rescueME PLB3\" \/>\n<meta property=\"og:description\" content=\"La baliza localizadora personal AIS PLB3 Ocean Signal rescueME es la primera y \u00fanica PLB con 406 MHz, servicio de enlace de retorno y aplicaci\u00f3n m\u00f3vil. C\u00f3mprela ahora.\" \/>\n<meta property=\"og:url\" content=\"https:\/\/oceansignal.com\/es\/products\/rescueme-plb3\/\" \/>\n<meta property=\"og:site_name\" content=\"Ocean Signal\" \/>\n<meta property=\"article:modified_time\" content=\"2026-03-26T11:50:51+00:00\" \/>\n<meta property=\"og:image\" content=\"https:\/\/oceansignal.com\/wp-content\/uploads\/2023\/09\/OSL-PLB3-Front.png\" \/>\n\t<meta property=\"og:image:width\" content=\"2000\" \/>\n\t<meta property=\"og:image:height\" content=\"2000\" \/>\n\t<meta property=\"og:image:type\" content=\"image\/png\" \/>\n<meta name=\"twitter:card\" content=\"summary_large_image\" \/>\n<meta name=\"twitter:label1\" content=\"Tiempo de lectura\" \/>\n\t<meta name=\"twitter:data1\" content=\"5 minutos\" \/>\n<script type=\"application\/ld+json\" class=\"yoast-schema-graph\">{\"@context\":\"https:\/\/schema.org\",\"@graph\":[{\"@type\":\"WebPage\",\"@id\":\"https:\/\/oceansignal.com\/es\/products\/rescueme-plb3\/\",\"url\":\"https:\/\/oceansignal.com\/es\/products\/rescueme-plb3\/\",\"name\":\"rescueME PLB3 - Ocean Signal\",\"isPartOf\":{\"@id\":\"https:\/\/oceansignal.com\/es\/#website\"},\"primaryImageOfPage\":{\"@id\":\"https:\/\/oceansignal.com\/es\/products\/rescueme-plb3\/#primaryimage\"},\"image\":{\"@id\":\"https:\/\/oceansignal.com\/es\/products\/rescueme-plb3\/#primaryimage\"},\"thumbnailUrl\":\"https:\/\/oceansignal.com\/wp-content\/uploads\/2023\/09\/OSL-PLB3-Front.png\",\"datePublished\":\"2023-09-07T14:09:53+00:00\",\"dateModified\":\"2026-03-26T11:50:51+00:00\",\"description\":\"La baliza localizadora personal AIS PLB3 Ocean Signal rescueME es la primera y \u00fanica PLB con 406 MHz, servicio de enlace de retorno y aplicaci\u00f3n m\u00f3vil. C\u00f3mprela ahora.\",\"breadcrumb\":{\"@id\":\"https:\/\/oceansignal.com\/es\/products\/rescueme-plb3\/#breadcrumb\"},\"inLanguage\":\"es\",\"potentialAction\":[{\"@type\":\"ReadAction\",\"target\":[\"https:\/\/oceansignal.com\/es\/products\/rescueme-plb3\/\"]}]},{\"@type\":\"ImageObject\",\"inLanguage\":\"es\",\"@id\":\"https:\/\/oceansignal.com\/es\/products\/rescueme-plb3\/#primaryimage\",\"url\":\"https:\/\/oceansignal.com\/wp-content\/uploads\/2023\/09\/OSL-PLB3-Front.png\",\"contentUrl\":\"https:\/\/oceansignal.com\/wp-content\/uploads\/2023\/09\/OSL-PLB3-Front.png\",\"width\":2000,\"height\":2000},{\"@type\":\"BreadcrumbList\",\"@id\":\"https:\/\/oceansignal.com\/es\/products\/rescueme-plb3\/#breadcrumb\",\"itemListElement\":[{\"@type\":\"ListItem\",\"position\":1,\"name\":\"Tienda\",\"item\":\"https:\/\/oceansignal.com\/es\/tienda\/\"},{\"@type\":\"ListItem\",\"position\":2,\"name\":\"rescueME PLB3\"}]},{\"@type\":\"WebSite\",\"@id\":\"https:\/\/oceansignal.com\/es\/#website\",\"url\":\"https:\/\/oceansignal.com\/es\/\",\"name\":\"Ocean Signal\",\"description\":\"A leading manufacturer of EPIRBs, AIS, SARTs, Personal Locator Beacons, Man Overboard Beacon for the Marine and Outdoor Markets.\",\"potentialAction\":[{\"@type\":\"SearchAction\",\"target\":{\"@type\":\"EntryPoint\",\"urlTemplate\":\"https:\/\/oceansignal.com\/es\/?s={search_term_string}\"},\"query-input\":{\"@type\":\"PropertyValueSpecification\",\"valueRequired\":true,\"valueName\":\"search_term_string\"}}],\"inLanguage\":\"es\"}]}<\/script>\n<!-- \/ Yoast SEO Premium plugin. -->","yoast_head_json":{"title":"rescueME PLB3 - Ocean Signal","description":"La baliza localizadora personal AIS PLB3 Ocean Signal rescueME es la primera y \u00fanica PLB con 406 MHz, servicio de enlace de retorno y aplicaci\u00f3n m\u00f3vil. C\u00f3mprela ahora.","robots":{"index":"index","follow":"follow","max-snippet":"max-snippet:-1","max-image-preview":"max-image-preview:large","max-video-preview":"max-video-preview:-1"},"canonical":"https:\/\/oceansignal.com\/es\/products\/rescueme-plb3\/","og_locale":"es_ES","og_type":"article","og_title":"rescueME PLB3","og_description":"La baliza localizadora personal AIS PLB3 Ocean Signal rescueME es la primera y \u00fanica PLB con 406 MHz, servicio de enlace de retorno y aplicaci\u00f3n m\u00f3vil. C\u00f3mprela ahora.","og_url":"https:\/\/oceansignal.com\/es\/products\/rescueme-plb3\/","og_site_name":"Ocean Signal","article_modified_time":"2026-03-26T11:50:51+00:00","og_image":[{"width":2000,"height":2000,"url":"https:\/\/oceansignal.com\/wp-content\/uploads\/2023\/09\/OSL-PLB3-Front.png","type":"image\/png"}],"twitter_card":"summary_large_image","twitter_misc":{"Tiempo de lectura":"5 minutos"},"schema":{"@context":"https:\/\/schema.org","@graph":[{"@type":"WebPage","@id":"https:\/\/oceansignal.com\/es\/products\/rescueme-plb3\/","url":"https:\/\/oceansignal.com\/es\/products\/rescueme-plb3\/","name":"rescueME PLB3 - Ocean Signal","isPartOf":{"@id":"https:\/\/oceansignal.com\/es\/#website"},"primaryImageOfPage":{"@id":"https:\/\/oceansignal.com\/es\/products\/rescueme-plb3\/#primaryimage"},"image":{"@id":"https:\/\/oceansignal.com\/es\/products\/rescueme-plb3\/#primaryimage"},"thumbnailUrl":"https:\/\/oceansignal.com\/wp-content\/uploads\/2023\/09\/OSL-PLB3-Front.png","datePublished":"2023-09-07T14:09:53+00:00","dateModified":"2026-03-26T11:50:51+00:00","description":"La baliza localizadora personal AIS PLB3 Ocean Signal rescueME es la primera y \u00fanica PLB con 406 MHz, servicio de enlace de retorno y aplicaci\u00f3n m\u00f3vil. C\u00f3mprela ahora.","breadcrumb":{"@id":"https:\/\/oceansignal.com\/es\/products\/rescueme-plb3\/#breadcrumb"},"inLanguage":"es","potentialAction":[{"@type":"ReadAction","target":["https:\/\/oceansignal.com\/es\/products\/rescueme-plb3\/"]}]},{"@type":"ImageObject","inLanguage":"es","@id":"https:\/\/oceansignal.com\/es\/products\/rescueme-plb3\/#primaryimage","url":"https:\/\/oceansignal.com\/wp-content\/uploads\/2023\/09\/OSL-PLB3-Front.png","contentUrl":"https:\/\/oceansignal.com\/wp-content\/uploads\/2023\/09\/OSL-PLB3-Front.png","width":2000,"height":2000},{"@type":"BreadcrumbList","@id":"https:\/\/oceansignal.com\/es\/products\/rescueme-plb3\/#breadcrumb","itemListElement":[{"@type":"ListItem","position":1,"name":"Tienda","item":"https:\/\/oceansignal.com\/es\/tienda\/"},{"@type":"ListItem","position":2,"name":"rescueME PLB3"}]},{"@type":"WebSite","@id":"https:\/\/oceansignal.com\/es\/#website","url":"https:\/\/oceansignal.com\/es\/","name":"Ocean Signal","description":"A leading manufacturer of EPIRBs, AIS, SARTs, Personal Locator Beacons, Man Overboard Beacon for the Marine and Outdoor Markets.","potentialAction":[{"@type":"SearchAction","target":{"@type":"EntryPoint","urlTemplate":"https:\/\/oceansignal.com\/es\/?s={search_term_string}"},"query-input":{"@type":"PropertyValueSpecification","valueRequired":true,"valueName":"search_term_string"}}],"inLanguage":"es"}]}},"_links":{"self":[{"href":"https:\/\/oceansignal.com\/es\/wp-json\/wp\/v2\/product\/7771","targetHints":{"allow":["GET"]}}],"collection":[{"href":"https:\/\/oceansignal.com\/es\/wp-json\/wp\/v2\/product"}],"about":[{"href":"https:\/\/oceansignal.com\/es\/wp-json\/wp\/v2\/types\/product"}],"wp:featuredmedia":[{"embeddable":true,"href":"https:\/\/oceansignal.com\/es\/wp-json\/wp\/v2\/media\/11877"}],"wp:attachment":[{"href":"https:\/\/oceansignal.com\/es\/wp-json\/wp\/v2\/media?parent=7771"}],"wp:term":[{"taxonomy":"product_brand","embeddable":true,"href":"https:\/\/oceansignal.com\/es\/wp-json\/wp\/v2\/product_brand?post=7771"},{"taxonomy":"product_cat","embeddable":true,"href":"https:\/\/oceansignal.com\/es\/wp-json\/wp\/v2\/product_cat?post=7771"},{"taxonomy":"product_tag","embeddable":true,"href":"https:\/\/oceansignal.com\/es\/wp-json\/wp\/v2\/product_tag?post=7771"}],"curies":[{"name":"wp","href":"https:\/\/api.w.org\/{rel}","templated":true}]}}