{"id":7784,"date":"2023-09-07T13:28:52","date_gmt":"2023-09-07T13:28:52","guid":{"rendered":"https:\/\/oceansignal.com\/products\/rescueme-plb1\/"},"modified":"2025-11-12T10:40:04","modified_gmt":"2025-11-12T10:40:04","slug":"rescueme-plb1","status":"publish","type":"product","link":"https:\/\/oceansignal.com\/es\/products\/rescueme-plb1\/","title":{"rendered":"Baliza de localizaci\u00f3n personal PLB1 rescueME"},"content":{"rendered":"<p>PARA CLIENTES DE EE. UU.\/CANAD\u00c1: <a href=\"https:\/\/www.dropbox.com\/s\/fk04stqsp2hgk5f\/Prop%2065%20-%20DEHP.pdf?dl=0\">ADVERTENCIA: PROPUESTA 65<\/a><\/p>\n<h3><a href=\"https:\/\/oceansignal.com\/es\/products\/bolsa-de-flotacion-plb1\/\">Bolsa de flotaci\u00f3n PLB1<\/a> GRATIS (valorada en 19,99 \u20ac) con cada pedido de PLB1. Usa el c\u00f3digo Pouch2025 en el carrito. <\/h3>\n<p><img loading=\"lazy\" decoding=\"async\" class=\"\" src=\"https:\/\/oceansignal.com\/wp-content\/uploads\/2025\/10\/Free-PLB1-Floatation-Pouch-with-every-order-Ocean-Signal.png\" width=\"129\" height=\"179\"><\/p>\n<p>&nbsp;<\/p>\n<p>El <strong>PLB1 de RescueMe<\/strong> se puede utilizar con una sola mano incluso en las situaciones m\u00e1s dif\u00edciles. Una simple solapa con resorte cubre el bot\u00f3n de activaci\u00f3n para evitar un uso involuntario. La luz estrobosc\u00f3pica ultrabrillante integrada garantiza la m\u00e1xima visibilidad y el despliegue de la antena no podr\u00eda ser m\u00e1s sencillo: con un suave tir\u00f3n se libera la antena.  <\/p>\n<p>El <strong>PLB1 rescueME<\/strong> funciona con la \u00fanica red de sat\u00e9lites de b\u00fasqueda y rescate reconocida oficialmente en todo el mundo (operada por Cospas Sarsat). Como est\u00e1 financiada por los gobiernos, NO HAY CARGOS por utilizar este servicio. Cuando se activa, la radiobaliza de localizaci\u00f3n personal transmite su posici\u00f3n y su identificaci\u00f3n a un centro de coordinaci\u00f3n de rescate a trav\u00e9s de un enlace satelital. Los servicios de rescate m\u00e1s cercanos a usted reciben una notificaci\u00f3n inmediata de su emergencia y se les informa peri\u00f3dicamente de su ubicaci\u00f3n actual para ayudar a un rescate r\u00e1pido.   <\/p>\n<p><strong>Funciones:<\/strong><\/p>\n<ul>\n<li>De uso gratuito, sin cargos de suscripci\u00f3n<\/li>\n<li>30% m\u00e1s peque\u00f1o (t\u00edpico) por volumen<\/li>\n<li>Resistente al agua hasta 15 metros<\/li>\n<li>Pesa 116 gramos<\/li>\n<li>Se adapta f\u00e1cilmente al chaleco salvavidas*<\/li>\n<li>Antena retr\u00e1ctil<\/li>\n<li>Duraci\u00f3n de la bater\u00eda de 7 a\u00f1os<\/li>\n<li>Vida operativa de 24+ horas<\/li>\n<li>Luz &gt;estrobosc\u00f3pica de alto brillo 1candela<\/li>\n<li>Receptor GPS de 66 canales<\/li>\n<li>Clip de montaje \u00fanico<\/li>\n<li>Opera en el sistema global de rescate Cospas Sarsat<\/li>\n<\/ul>\n<p>El PLB1 rescueME tiene una bolsa de flotaci\u00f3n opcional** que le permite flotar. Tenga en cuenta que el PLB no flotar\u00e1 en posici\u00f3n de funcionamiento en la bolsa. Aseg\u00farese de que el PLB est\u00e9 firmemente sujeto a la bolsa con el cord\u00f3n provisto, utilizando nudos autoblocantes adecuados.  <\/p>\n<p><em>* Consulte siempre al fabricante para obtener instrucciones espec\u00edficas antes de instalar este producto directamente en su chaleco salvavidas.<br \/>\n** Para cumplir con la regulaci\u00f3n nacional, las balizas PLB1 suministradas a Australia y Nueva Zelanda tienen una bolsa de flotaci\u00f3n adherida permanentemente.<br \/>\n<\/em><\/p>\n","protected":false},"excerpt":{"rendered":"<p>La PLB m\u00e1s compacta del mundo. Orgullosamente dise\u00f1ada y fabricada en el Reino Unido. <\/p>\n<ul>\n<li style=\"list-style-type: none;\">\n<ul>\n<li><strong>Uso gratuito, sin cuotas de suscripci\u00f3n. Cobertura global 24\/7\/365. <\/strong><\/li>\n<\/ul>\n<\/li>\n<\/ul>\n<ul>\n<li style=\"list-style-type: none;\">\n<ul>\n<li><strong>Adecuado para usos marinos, de aviaci\u00f3n y al aire libre.<\/strong><\/li>\n<\/ul>\n<\/li>\n<\/ul>\n<ul>\n<li style=\"list-style-type: none;\">\n<ul>\n<li><strong>Radiobaliza de localizaci\u00f3n de 121,5 MHz + se\u00f1al de socorro dedicada de 406 MHz con GPS de 66 canales<\/strong><\/li>\n<\/ul>\n<\/li>\n<\/ul>\n<ul>\n<li style=\"list-style-type: none;\">\n<ul>\n<li><strong>Vida \u00fatil de m\u00e1s de 24 horas una vez activado<\/strong><\/li>\n<\/ul>\n<\/li>\n<\/ul>\n<ul>\n<li style=\"list-style-type: none;\">\n<ul>\n<li><strong>Resistente, resistente al agua hasta 15 m.<\/strong><\/li>\n<\/ul>\n<\/li>\n<\/ul>\n","protected":false},"featured_media":12460,"template":"","meta":{"_acf_changed":false,"om_disable_all_campaigns":false},"product_brand":[],"product_cat":[935,1986,470],"product_tag":[937,939,936,938],"class_list":{"0":"post-7784","1":"product","2":"type-product","3":"status-publish","4":"has-post-thumbnail","6":"product_cat-balizas-de-localizacion-personal","7":"product_cat-compatible-con-chalecos-salvavidas","8":"product_cat-rescueme-es","9":"product_tag-baliza-de-localizacion-personal","10":"product_tag-meosar-es","11":"product_tag-plb-es","12":"product_tag-plb1-es","14":"first","15":"instock","16":"taxable","17":"shipping-taxable","18":"purchasable","19":"product-type-simple"},"acf":[],"yoast_head":"<!-- This site is optimized with the Yoast SEO Premium plugin v25.2 (Yoast SEO v26.4) - https:\/\/yoast.com\/wordpress\/plugins\/seo\/ -->\n<title>Baliza de localizaci\u00f3n personal PLB1 rescueME - Ocean Signal<\/title>\n<meta name=\"description\" content=\"Ocean Signal rescueME PLB1 : su radiobaliza personal compacta para aventuras al aire libre. Tecnolog\u00eda de radiobaliza confiable para una se\u00f1alizaci\u00f3n de socorro confiable. \u00a1Compre ahora!\" \/>\n<meta name=\"robots\" content=\"index, follow, max-snippet:-1, max-image-preview:large, max-video-preview:-1\" \/>\n<link rel=\"canonical\" href=\"https:\/\/oceansignal.com\/es\/products\/rescueme-plb1\/\" \/>\n<meta property=\"og:locale\" content=\"es_ES\" \/>\n<meta property=\"og:type\" content=\"article\" \/>\n<meta property=\"og:title\" content=\"Baliza de localizaci\u00f3n personal PLB1 rescueME\" \/>\n<meta property=\"og:description\" content=\"Ocean Signal rescueME PLB1 : su radiobaliza personal compacta para aventuras al aire libre. Tecnolog\u00eda de radiobaliza confiable para una se\u00f1alizaci\u00f3n de socorro confiable. \u00a1Compre ahora!\" \/>\n<meta property=\"og:url\" content=\"https:\/\/oceansignal.com\/es\/products\/rescueme-plb1\/\" \/>\n<meta property=\"og:site_name\" content=\"Ocean Signal\" \/>\n<meta property=\"article:modified_time\" content=\"2025-11-12T10:40:04+00:00\" \/>\n<meta property=\"og:image\" content=\"https:\/\/oceansignal.com\/wp-content\/uploads\/2023\/09\/Ocean-Signal-PLB1-Front-2.png\" \/>\n\t<meta property=\"og:image:width\" content=\"800\" \/>\n\t<meta property=\"og:image:height\" content=\"800\" \/>\n\t<meta property=\"og:image:type\" content=\"image\/png\" \/>\n<meta name=\"twitter:card\" content=\"summary_large_image\" \/>\n<meta name=\"twitter:label1\" content=\"Tiempo de lectura\" \/>\n\t<meta name=\"twitter:data1\" content=\"2 minutos\" \/>\n<script type=\"application\/ld+json\" class=\"yoast-schema-graph\">{\"@context\":\"https:\/\/schema.org\",\"@graph\":[{\"@type\":\"WebPage\",\"@id\":\"https:\/\/oceansignal.com\/es\/products\/rescueme-plb1\/\",\"url\":\"https:\/\/oceansignal.com\/es\/products\/rescueme-plb1\/\",\"name\":\"Baliza de localizaci\u00f3n personal PLB1 rescueME - Ocean Signal\",\"isPartOf\":{\"@id\":\"https:\/\/oceansignal.com\/es\/#website\"},\"primaryImageOfPage\":{\"@id\":\"https:\/\/oceansignal.com\/es\/products\/rescueme-plb1\/#primaryimage\"},\"image\":{\"@id\":\"https:\/\/oceansignal.com\/es\/products\/rescueme-plb1\/#primaryimage\"},\"thumbnailUrl\":\"https:\/\/oceansignal.com\/wp-content\/uploads\/2023\/09\/Ocean-Signal-PLB1-Front-2.png\",\"datePublished\":\"2023-09-07T13:28:52+00:00\",\"dateModified\":\"2025-11-12T10:40:04+00:00\",\"description\":\"Ocean Signal rescueME PLB1 : su radiobaliza personal compacta para aventuras al aire libre. Tecnolog\u00eda de radiobaliza confiable para una se\u00f1alizaci\u00f3n de socorro confiable. \u00a1Compre ahora!\",\"breadcrumb\":{\"@id\":\"https:\/\/oceansignal.com\/es\/products\/rescueme-plb1\/#breadcrumb\"},\"inLanguage\":\"es\",\"potentialAction\":[{\"@type\":\"ReadAction\",\"target\":[\"https:\/\/oceansignal.com\/es\/products\/rescueme-plb1\/\"]}]},{\"@type\":\"ImageObject\",\"inLanguage\":\"es\",\"@id\":\"https:\/\/oceansignal.com\/es\/products\/rescueme-plb1\/#primaryimage\",\"url\":\"https:\/\/oceansignal.com\/wp-content\/uploads\/2023\/09\/Ocean-Signal-PLB1-Front-2.png\",\"contentUrl\":\"https:\/\/oceansignal.com\/wp-content\/uploads\/2023\/09\/Ocean-Signal-PLB1-Front-2.png\",\"width\":800,\"height\":800},{\"@type\":\"BreadcrumbList\",\"@id\":\"https:\/\/oceansignal.com\/es\/products\/rescueme-plb1\/#breadcrumb\",\"itemListElement\":[{\"@type\":\"ListItem\",\"position\":1,\"name\":\"Tienda\",\"item\":\"https:\/\/oceansignal.com\/es\/tienda\/\"},{\"@type\":\"ListItem\",\"position\":2,\"name\":\"Baliza de localizaci\u00f3n personal PLB1 rescueME\"}]},{\"@type\":\"WebSite\",\"@id\":\"https:\/\/oceansignal.com\/es\/#website\",\"url\":\"https:\/\/oceansignal.com\/es\/\",\"name\":\"Ocean Signal\",\"description\":\"A leading manufacturer of EPIRBs, AIS, SARTs, Personal Locator Beacons, Man Overboard Beacon for the Marine and Outdoor Markets.\",\"potentialAction\":[{\"@type\":\"SearchAction\",\"target\":{\"@type\":\"EntryPoint\",\"urlTemplate\":\"https:\/\/oceansignal.com\/es\/?s={search_term_string}\"},\"query-input\":{\"@type\":\"PropertyValueSpecification\",\"valueRequired\":true,\"valueName\":\"search_term_string\"}}],\"inLanguage\":\"es\"}]}<\/script>\n<!-- \/ Yoast SEO Premium plugin. -->","yoast_head_json":{"title":"Baliza de localizaci\u00f3n personal PLB1 rescueME - Ocean Signal","description":"Ocean Signal rescueME PLB1 : su radiobaliza personal compacta para aventuras al aire libre. Tecnolog\u00eda de radiobaliza confiable para una se\u00f1alizaci\u00f3n de socorro confiable. \u00a1Compre ahora!","robots":{"index":"index","follow":"follow","max-snippet":"max-snippet:-1","max-image-preview":"max-image-preview:large","max-video-preview":"max-video-preview:-1"},"canonical":"https:\/\/oceansignal.com\/es\/products\/rescueme-plb1\/","og_locale":"es_ES","og_type":"article","og_title":"Baliza de localizaci\u00f3n personal PLB1 rescueME","og_description":"Ocean Signal rescueME PLB1 : su radiobaliza personal compacta para aventuras al aire libre. Tecnolog\u00eda de radiobaliza confiable para una se\u00f1alizaci\u00f3n de socorro confiable. \u00a1Compre ahora!","og_url":"https:\/\/oceansignal.com\/es\/products\/rescueme-plb1\/","og_site_name":"Ocean Signal","article_modified_time":"2025-11-12T10:40:04+00:00","og_image":[{"width":800,"height":800,"url":"https:\/\/oceansignal.com\/wp-content\/uploads\/2023\/09\/Ocean-Signal-PLB1-Front-2.png","type":"image\/png"}],"twitter_card":"summary_large_image","twitter_misc":{"Tiempo de lectura":"2 minutos"},"schema":{"@context":"https:\/\/schema.org","@graph":[{"@type":"WebPage","@id":"https:\/\/oceansignal.com\/es\/products\/rescueme-plb1\/","url":"https:\/\/oceansignal.com\/es\/products\/rescueme-plb1\/","name":"Baliza de localizaci\u00f3n personal PLB1 rescueME - Ocean Signal","isPartOf":{"@id":"https:\/\/oceansignal.com\/es\/#website"},"primaryImageOfPage":{"@id":"https:\/\/oceansignal.com\/es\/products\/rescueme-plb1\/#primaryimage"},"image":{"@id":"https:\/\/oceansignal.com\/es\/products\/rescueme-plb1\/#primaryimage"},"thumbnailUrl":"https:\/\/oceansignal.com\/wp-content\/uploads\/2023\/09\/Ocean-Signal-PLB1-Front-2.png","datePublished":"2023-09-07T13:28:52+00:00","dateModified":"2025-11-12T10:40:04+00:00","description":"Ocean Signal rescueME PLB1 : su radiobaliza personal compacta para aventuras al aire libre. Tecnolog\u00eda de radiobaliza confiable para una se\u00f1alizaci\u00f3n de socorro confiable. \u00a1Compre ahora!","breadcrumb":{"@id":"https:\/\/oceansignal.com\/es\/products\/rescueme-plb1\/#breadcrumb"},"inLanguage":"es","potentialAction":[{"@type":"ReadAction","target":["https:\/\/oceansignal.com\/es\/products\/rescueme-plb1\/"]}]},{"@type":"ImageObject","inLanguage":"es","@id":"https:\/\/oceansignal.com\/es\/products\/rescueme-plb1\/#primaryimage","url":"https:\/\/oceansignal.com\/wp-content\/uploads\/2023\/09\/Ocean-Signal-PLB1-Front-2.png","contentUrl":"https:\/\/oceansignal.com\/wp-content\/uploads\/2023\/09\/Ocean-Signal-PLB1-Front-2.png","width":800,"height":800},{"@type":"BreadcrumbList","@id":"https:\/\/oceansignal.com\/es\/products\/rescueme-plb1\/#breadcrumb","itemListElement":[{"@type":"ListItem","position":1,"name":"Tienda","item":"https:\/\/oceansignal.com\/es\/tienda\/"},{"@type":"ListItem","position":2,"name":"Baliza de localizaci\u00f3n personal PLB1 rescueME"}]},{"@type":"WebSite","@id":"https:\/\/oceansignal.com\/es\/#website","url":"https:\/\/oceansignal.com\/es\/","name":"Ocean Signal","description":"A leading manufacturer of EPIRBs, AIS, SARTs, Personal Locator Beacons, Man Overboard Beacon for the Marine and Outdoor Markets.","potentialAction":[{"@type":"SearchAction","target":{"@type":"EntryPoint","urlTemplate":"https:\/\/oceansignal.com\/es\/?s={search_term_string}"},"query-input":{"@type":"PropertyValueSpecification","valueRequired":true,"valueName":"search_term_string"}}],"inLanguage":"es"}]}},"_links":{"self":[{"href":"https:\/\/oceansignal.com\/es\/wp-json\/wp\/v2\/product\/7784","targetHints":{"allow":["GET"]}}],"collection":[{"href":"https:\/\/oceansignal.com\/es\/wp-json\/wp\/v2\/product"}],"about":[{"href":"https:\/\/oceansignal.com\/es\/wp-json\/wp\/v2\/types\/product"}],"wp:featuredmedia":[{"embeddable":true,"href":"https:\/\/oceansignal.com\/es\/wp-json\/wp\/v2\/media\/12460"}],"wp:attachment":[{"href":"https:\/\/oceansignal.com\/es\/wp-json\/wp\/v2\/media?parent=7784"}],"wp:term":[{"taxonomy":"product_brand","embeddable":true,"href":"https:\/\/oceansignal.com\/es\/wp-json\/wp\/v2\/product_brand?post=7784"},{"taxonomy":"product_cat","embeddable":true,"href":"https:\/\/oceansignal.com\/es\/wp-json\/wp\/v2\/product_cat?post=7784"},{"taxonomy":"product_tag","embeddable":true,"href":"https:\/\/oceansignal.com\/es\/wp-json\/wp\/v2\/product_tag?post=7784"}],"curies":[{"name":"wp","href":"https:\/\/api.w.org\/{rel}","templated":true}]}}