{"id":7795,"date":"2024-07-22T13:30:33","date_gmt":"2024-07-22T13:30:33","guid":{"rendered":"https:\/\/oceansignal.com\/products\/rescueme-mob2\/"},"modified":"2025-11-12T09:06:21","modified_gmt":"2025-11-12T09:06:21","slug":"rescueme-mob2","status":"publish","type":"product","link":"https:\/\/oceansignal.com\/es\/products\/rescueme-mob2\/","title":{"rendered":"rescueME MOB2"},"content":{"rendered":"<p><strong>Este dispositivo no ha sido autorizado seg\u00fan lo exigen las normas de la Comisi\u00f3n Federal de Comunicaciones de los EE. UU. Este dispositivo no se ofrece, ni puede ofrecerse, para la venta o el alquiler, ni venderse ni alquilarse, hasta que se obtenga la autorizaci\u00f3n. Aprobado para la venta en pa\u00edses que han adoptado la regulaci\u00f3n ECC\/DEC\/(22)02. <\/strong><\/p>\n<p>Resumen:<\/p>\n<p>Alertar a su embarcaci\u00f3n sobre un hombre al agua es la opci\u00f3n de recuperaci\u00f3n m\u00e1s r\u00e1pida y confiable. En mares moderados, perder de vista a un hombre al agua puede ocurrir sorprendentemente r\u00e1pido. Es por eso que el \u00faltimo rescueME MOB2 de Ocean Signal combina tecnolog\u00eda de emergencia AIS y VHF DSC en la \u00faltima soluci\u00f3n compatible con AIS clase M para el mercado mar\u00edtimo.  <\/p>\n<p>Al activarse, la ubicaci\u00f3n del MOB2 se actualiza peri\u00f3dicamente y se muestra en un trazador de mapas con AIS. Con su GPS integrado, el MOB2 proporciona datos de ubicaci\u00f3n precisos a su embarcaci\u00f3n y a cualquier embarcaci\u00f3n que lo asista. Las embarcaciones cercanas reciben alertas autom\u00e1ticas sobre situaciones de hombre al agua a trav\u00e9s de DSC VHF. El Ocean Signal MOB2 tiene casi la mitad del tama\u00f1o de los productos de la competencia y se adapta perfectamente al interior de los chalecos salvavidas inflables. Tambi\u00e9n cuenta con una vida \u00fatil m\u00e1s prolongada, activaci\u00f3n autom\u00e1tica a trav\u00e9s de un chaleco salvavidas inflable, luces estrobosc\u00f3picas blancas e infrarrojas duales y conectividad con la aplicaci\u00f3n m\u00f3vil NFC.    <\/p>\n<p>\u00bfQuieres conocer lo \u00faltimo en requisitos de clase M para AIS MOB ?  <a href=\"https:\/\/oceansignal.com\/es\/news\/comprender-el-impacto-de-la-regulacion-ais-clase-m-en-los-mob\/\">Haga clic aqu\u00ed<\/a><\/p>\n<p><a href=\"https:\/\/www.dropbox.com\/s\/8343nj28z0d7bxa\/Prop%2065%20-%20BPA.pdf?dl=0\">ADVERTENCIA: PROPOSICI\u00d3N 65<\/a><\/p>\n<p>Solo para EE. UU.: este dispositivo no ha sido autorizado seg\u00fan lo exigen las normas de la Comisi\u00f3n Federal de Comunicaciones. Este dispositivo no se ofrece, ni se puede ofrecer, para la venta o el alquiler, ni se vende ni se alquila, hasta que se obtenga la autorizaci\u00f3n. Aprobado para la venta en pa\u00edses que han adoptado la regulaci\u00f3n ECC\/DEC\/(22)02.  <\/p>\n<p>Descripci\u00f3n:<\/p>\n<p>Presentamos el dispositivo AIS de hombre al agua ( MOB ) m\u00e1s peque\u00f1o del mundo con DSC VHF integrado: el AIS rescueME MOB2 de Ocean Signal . Este componente vital de cualquier equipo de seguridad mar\u00edtima est\u00e1 dise\u00f1ado para una respuesta r\u00e1pida en emergencias de hombre al agua. Compacto y liviano, el MOB2 se integra perfectamente incluso con los chalecos salvavidas inflables m\u00e1s compactos, lo que garantiza la activaci\u00f3n autom\u00e1tica al inflarse.  <\/p>\n<p>El MOB2 env\u00eda la primera alerta en 15 segundos, transmitiendo su ubicaci\u00f3n precisa mediante tecnolog\u00eda AIS a los barcos cercanos y a los sistemas de navegaci\u00f3n de a bordo. Se comunica con el barco del que se ha separado y con otros barcos que se encuentran a hasta 5 millas de distancia, seg\u00fan las condiciones. Adem\u00e1s, los barcos cercanos reciben una notificaci\u00f3n instant\u00e1nea de la situaci\u00f3n de hombre al agua mediante tecnolog\u00eda DSC.  <\/p>\n<p>En caso de emergencia, el MOB2 AIS rescueME ofrece dos m\u00e9todos para comunicar r\u00e1pidamente su posici\u00f3n, con una precisi\u00f3n de unos pocos metros, y ofrece una indicaci\u00f3n visual a trav\u00e9s de sus luces estrobosc\u00f3picas integradas. Sus luces estrobosc\u00f3picas duales infrarrojas (IR) y blancas garantizan la m\u00e1xima visibilidad en condiciones de poca luz, lo que proporciona tranquilidad a los navegantes y a los propietarios de embarcaciones al mejorar la seguridad en el agua y salvar potencialmente vidas en situaciones cr\u00edticas. Resistente al agua hasta 10 metros, el MOB2 presenta una construcci\u00f3n robusta y una bater\u00eda de larga duraci\u00f3n.  <\/p>\n<p><strong> <\/strong><\/p>\n<h3><strong>Conectividad de tel\u00e9fonos inteligentes mediante comunicaci\u00f3n de campo cercano (NFC)<\/strong><\/h3>\n<p>La integraci\u00f3n de la tecnolog\u00eda NFC ofrece a los usuarios la posibilidad de programar c\u00f3modamente el MMSI MOB2 y acceder a los datos de la baliza desde su tel\u00e9fono m\u00f3vil. El simple acto de colocar un tel\u00e9fono cerca de la baliza abre autom\u00e1ticamente la aplicaci\u00f3n Ocean Signal Product y proporciona acceso a una variedad de datos de uso, como la duraci\u00f3n actual de la bater\u00eda, la cantidad de autopruebas completadas, la cantidad de pruebas GNSS completadas y, si corresponde, la cantidad de tiempo que la baliza ha estado activada. <\/p>\n<p><strong> <\/strong><\/p>\n<h3><strong>Baliza al agua AIS Man aprobada por Clase M con VHF DSC<\/strong><\/h3>\n<p>Dise\u00f1ado para superar los requisitos de la Clase M, el MOB2 cumple con la regulaci\u00f3n ECC\/DEC\/(22)02 con respecto al uso de dispositivos MOB .<\/p>\n<p><strong> <\/strong><\/p>\n<h3><strong>Integraci\u00f3n de chalecos salvavidas<\/strong><\/h3>\n<p>El MOB2 se puede activar de forma manual o autom\u00e1tica cuando se instala dentro de un chaleco salvavidas inflable (autom\u00e1tico). La instalaci\u00f3n es sencilla utilizando el clip del tubo de inflado oral incluido para sujetar el MOB2 al chaleco salvavidas con una cinta conectada alrededor de la vejiga del chaleco salvavidas. Una vez instalado correctamente, la acci\u00f3n del inflado del chaleco salvavidas desencadena el despliegue de la antena y la activaci\u00f3n de la baliza.  <\/p>\n<p><a href=\"https:\/\/oceansignal.com\/es\/news\/ocean-signal-triplica-el-tamano-de-las-instalaciones-de-la-fabrica-para-satisfacer-las-demandas-de-produccion\/\">Fabricado con orgullo en el Reino Unido<\/a><\/p>\n<h4><strong>Caracter\u00edsticas principales del rescueME MOB AIS:<\/strong><\/h4>\n<ul>\n<li>AIS (Sistema de Identificaci\u00f3n Autom\u00e1tica)<\/li>\n<li>Cumple con la clase M (Reglamento: ECC\/DEC\/(22)02)<\/li>\n<li>Transceptor DSC Tx y Rx integrado (Llamadas Selectivas Digitales) *<\/li>\n<li>Los LED verifican la recepci\u00f3n de la se\u00f1al de socorro DSC<\/li>\n<li>50% (t\u00edpico) m\u00e1s peque\u00f1o que los competidores<\/li>\n<li>GNSS v\u00eda GPS, y Galileo<\/li>\n<li>Posicionamiento r\u00e1pido y preciso<\/li>\n<li>Luces estrobosc\u00f3picas IR y blancas<\/li>\n<li>Activaci\u00f3n autom\u00e1tica<\/li>\n<li>Integraci\u00f3n sencilla del chaleco salvavidas**<\/li>\n<li>Duraci\u00f3n de la bater\u00eda de 5 a\u00f1os<\/li>\n<li>24 horas de vida \u00fatil a -20 \u00b0C<\/li>\n<li>Garant\u00eda de 2 a\u00f1os (puede extender la garant\u00eda a 5 a\u00f1os mediante el registro del producto con Ocean Signal ) <sup>\u2020<\/sup><\/li>\n<li>Comunicaci\u00f3n de campo cercano (NFC) integrada<\/li>\n<li>Conectividad de tel\u00e9fonos inteligentes a trav\u00e9s de NFC<\/li>\n<li>Aplicaci\u00f3n m\u00f3vil Ocean Signal (iOS y Android)<\/li>\n<\/ul>\n<p>&nbsp;<\/p>\n<p><em><strong>Compatibilidad:<\/strong> la mayor\u00eda de los plotters AIS y DSC VHF modernos cumplen con los est\u00e1ndares necesarios para recibir transmisiones MOB . Sin embargo, se recomienda que verifique la compatibilidad con el fabricante del equipo, especialmente si est\u00e1 utilizando un equipo m\u00e1s antiguo. Consulte las preguntas frecuentes a continuaci\u00f3n para obtener m\u00e1s informaci\u00f3n.<br \/>\n<\/em><\/p>\n<p>&nbsp;<\/p>\n<p>El usuario puede configurar el MOB2 para que introduzca el n\u00famero MMSI* DSC de la embarcaci\u00f3n descargando el software en el enlace que aparece a continuaci\u00f3n. El n\u00famero DSC de la embarcaci\u00f3n se puede programar varias veces. <\/p>\n<p>&nbsp;<\/p>\n<p><span style=\"color: #c22f00;\">*La funcionalidad DSC est\u00e1 sujeta a las regulaciones del pa\u00eds.<\/span><br \/>\n<span style=\"color: #c22f00;\"><em>** Consulte siempre al fabricante del chaleco salvavidas para obtener instrucciones espec\u00edficas antes de instalar este producto directamente en su chaleco salvavidas.<\/em><\/span><br \/>\n<span style=\"color: #c22f00;\">\u2020 Sujeto a declaraci\u00f3n de garant\u00eda. ( <em>Nota: Cuando se utiliza en aplicaciones comerciales, el per\u00edodo de garant\u00eda est\u00e1 restringido a dos a\u00f1os).<\/em><\/span><\/p>\n<p>&nbsp;<\/p>\n","protected":false},"excerpt":{"rendered":"<p>El dispositivo AIS de hombre al agua (MOB) compatible con la clase M m\u00e1s peque\u00f1o del mundo con DSC VHF integrado.<\/p>\n<ul>\n<li data-start=\"195\" data-end=\"420\">\n<p data-start=\"197\" data-end=\"420\"><strong data-start=\"197\" data-end=\"247\">Alertas instant\u00e1neas AIS y DSC en caso de emergencia MOB<\/strong><br data-start=\"247\" data-end=\"250\">MOB2 transmite inmediatamente su ubicaci\u00f3n a trav\u00e9s de AIS y activa una llamada de socorro DSC en la radio VHF de su embarcaci\u00f3n, enviando una alerta local r\u00e1pida a la tripulaci\u00f3n y los barcos cercanos.<\/p>\n<\/li>\n<li data-start=\"422\" data-end=\"637\">\n<p data-start=\"424\" data-end=\"637\"><strong data-start=\"424\" data-end=\"470\">Perfecto para los requisitos de seguridad en carreras de yates y en alta mar<\/strong><br data-start=\"470\" data-end=\"473\">El MOB2 , en el que conf\u00edan los navegantes de competici\u00f3n y los corredores oce\u00e1nicos, proporciona protecci\u00f3n para la tripulaci\u00f3n contra la borda que satisface las demandas de los entornos de navegaci\u00f3n de ritmo r\u00e1pido y alto riesgo.<\/p>\n<\/li>\n<li data-start=\"639\" data-end=\"858\">\n<p data-start=\"641\" data-end=\"858\"><strong data-start=\"641\" data-end=\"693\">GPS de precisi\u00f3n con activaci\u00f3n autom\u00e1tica del chaleco salvavidas<\/strong><br data-start=\"693\" data-end=\"696\">El GPS integrado garantiza un seguimiento preciso, mientras que la activaci\u00f3n autom\u00e1tica con el inflado del chaleco salvavidas significa que est\u00e1s protegido desde el momento en que tocas el agua, con manos libres.<\/p>\n<\/li>\n<\/ul>\n<p>Cumple con la normativa ECC\/DEC\/(22)02 sobre el uso de dispositivos MOB . \u00bfQuieres conocer lo \u00faltimo en requisitos de clase M para AIS MOB ?  <a href=\"https:\/\/oceansignal.com\/es\/news\/comprender-el-impacto-de-la-regulacion-ais-clase-m-en-los-mob\/\">Haga clic aqu\u00ed<\/a><\/p>\n<p><a href=\"https:\/\/www.dropbox.com\/s\/8343nj28z0d7bxa\/Prop%2065%20-%20BPA.pdf?dl=0\">ADVERTENCIA: PROP 65<\/a><br \/>\n NO EST\u00c1 A LA VENTA EN EE. UU.\/CA: pruebe el <a href=\"https:\/\/oceansignal.com\/es\/products\/rescueme-mob1\/\">Ocean Signal MOB1 para EE. UU.\/CA aqu\u00ed<\/a><\/p>\n","protected":false},"featured_media":6167,"template":"","meta":{"_acf_changed":false,"om_disable_all_campaigns":false},"product_brand":[],"product_cat":[1986,964,470],"product_tag":[510,508,511,507,966,509],"class_list":{"0":"post-7795","1":"product","2":"type-product","3":"status-publish","4":"has-post-thumbnail","6":"product_cat-compatible-con-chalecos-salvavidas","7":"product_cat-hombre-al-agua","8":"product_cat-rescueme-es","9":"product_tag-ais-es","10":"product_tag-ais-mob-es","11":"product_tag-chusma","12":"product_tag-clase-m","13":"product_tag-hombre-al-agua","14":"product_tag-mob2-es","16":"first","17":"instock","18":"taxable","19":"shipping-taxable","20":"purchasable","21":"product-type-simple"},"acf":[],"yoast_head":"<!-- This site is optimized with the Yoast SEO Premium plugin v25.2 (Yoast SEO v26.4) - https:\/\/yoast.com\/wordpress\/plugins\/seo\/ -->\n<title>rescueME MOB2 - Ocean Signal rescueME MOB2 AIS Clase M Ocean Signal<\/title>\n<meta name=\"description\" content=\"La radiobaliza de hombre al agua AIS MOB2 rescueME Ocean Signal es la soluci\u00f3n definitiva para la seguridad mar\u00edtima, dise\u00f1ada espec\u00edficamente para ayudar en situaciones de SOS.\" \/>\n<meta name=\"robots\" content=\"index, follow, max-snippet:-1, max-image-preview:large, max-video-preview:-1\" \/>\n<link rel=\"canonical\" href=\"https:\/\/oceansignal.com\/es\/products\/rescueme-mob2\/\" \/>\n<meta property=\"og:locale\" content=\"es_ES\" \/>\n<meta property=\"og:type\" content=\"article\" \/>\n<meta property=\"og:title\" content=\"rescueME MOB2\" \/>\n<meta property=\"og:description\" content=\"La radiobaliza de hombre al agua AIS MOB2 rescueME Ocean Signal es la soluci\u00f3n definitiva para la seguridad mar\u00edtima, dise\u00f1ada espec\u00edficamente para ayudar en situaciones de SOS.\" \/>\n<meta property=\"og:url\" content=\"https:\/\/oceansignal.com\/es\/products\/rescueme-mob2\/\" \/>\n<meta property=\"og:site_name\" content=\"Ocean Signal\" \/>\n<meta property=\"article:modified_time\" content=\"2025-11-12T09:06:21+00:00\" \/>\n<meta property=\"og:image\" content=\"https:\/\/oceansignal.com\/wp-content\/uploads\/2024\/07\/MOB2-22-07-24-A_Web.png\" \/>\n\t<meta property=\"og:image:width\" content=\"900\" \/>\n\t<meta property=\"og:image:height\" content=\"807\" \/>\n\t<meta property=\"og:image:type\" content=\"image\/png\" \/>\n<meta name=\"twitter:card\" content=\"summary_large_image\" \/>\n<meta name=\"twitter:label1\" content=\"Tiempo de lectura\" \/>\n\t<meta name=\"twitter:data1\" content=\"6 minutos\" \/>\n<script type=\"application\/ld+json\" class=\"yoast-schema-graph\">{\"@context\":\"https:\/\/schema.org\",\"@graph\":[{\"@type\":\"WebPage\",\"@id\":\"https:\/\/oceansignal.com\/es\/products\/rescueme-mob2\/\",\"url\":\"https:\/\/oceansignal.com\/es\/products\/rescueme-mob2\/\",\"name\":\"rescueME MOB2 - Ocean Signal rescueME MOB2 AIS Clase M Ocean Signal\",\"isPartOf\":{\"@id\":\"https:\/\/oceansignal.com\/es\/#website\"},\"primaryImageOfPage\":{\"@id\":\"https:\/\/oceansignal.com\/es\/products\/rescueme-mob2\/#primaryimage\"},\"image\":{\"@id\":\"https:\/\/oceansignal.com\/es\/products\/rescueme-mob2\/#primaryimage\"},\"thumbnailUrl\":\"https:\/\/oceansignal.com\/wp-content\/uploads\/2024\/07\/MOB2-22-07-24-A_Web.png\",\"datePublished\":\"2024-07-22T13:30:33+00:00\",\"dateModified\":\"2025-11-12T09:06:21+00:00\",\"description\":\"La radiobaliza de hombre al agua AIS MOB2 rescueME Ocean Signal es la soluci\u00f3n definitiva para la seguridad mar\u00edtima, dise\u00f1ada espec\u00edficamente para ayudar en situaciones de SOS.\",\"breadcrumb\":{\"@id\":\"https:\/\/oceansignal.com\/es\/products\/rescueme-mob2\/#breadcrumb\"},\"inLanguage\":\"es\",\"potentialAction\":[{\"@type\":\"ReadAction\",\"target\":[\"https:\/\/oceansignal.com\/es\/products\/rescueme-mob2\/\"]}]},{\"@type\":\"ImageObject\",\"inLanguage\":\"es\",\"@id\":\"https:\/\/oceansignal.com\/es\/products\/rescueme-mob2\/#primaryimage\",\"url\":\"https:\/\/oceansignal.com\/wp-content\/uploads\/2024\/07\/MOB2-22-07-24-A_Web.png\",\"contentUrl\":\"https:\/\/oceansignal.com\/wp-content\/uploads\/2024\/07\/MOB2-22-07-24-A_Web.png\",\"width\":900,\"height\":807,\"caption\":\"Dispositivo localizador personal AIS MOB2 Ocean Signal rescueME aprobado para clase M\"},{\"@type\":\"BreadcrumbList\",\"@id\":\"https:\/\/oceansignal.com\/es\/products\/rescueme-mob2\/#breadcrumb\",\"itemListElement\":[{\"@type\":\"ListItem\",\"position\":1,\"name\":\"Tienda\",\"item\":\"https:\/\/oceansignal.com\/es\/tienda\/\"},{\"@type\":\"ListItem\",\"position\":2,\"name\":\"rescueME MOB2\"}]},{\"@type\":\"WebSite\",\"@id\":\"https:\/\/oceansignal.com\/es\/#website\",\"url\":\"https:\/\/oceansignal.com\/es\/\",\"name\":\"Ocean Signal\",\"description\":\"A leading manufacturer of EPIRBs, AIS, SARTs, Personal Locator Beacons, Man Overboard Beacon for the Marine and Outdoor Markets.\",\"potentialAction\":[{\"@type\":\"SearchAction\",\"target\":{\"@type\":\"EntryPoint\",\"urlTemplate\":\"https:\/\/oceansignal.com\/es\/?s={search_term_string}\"},\"query-input\":{\"@type\":\"PropertyValueSpecification\",\"valueRequired\":true,\"valueName\":\"search_term_string\"}}],\"inLanguage\":\"es\"}]}<\/script>\n<!-- \/ Yoast SEO Premium plugin. -->","yoast_head_json":{"title":"rescueME MOB2 - Ocean Signal rescueME MOB2 AIS Clase M Ocean Signal","description":"La radiobaliza de hombre al agua AIS MOB2 rescueME Ocean Signal es la soluci\u00f3n definitiva para la seguridad mar\u00edtima, dise\u00f1ada espec\u00edficamente para ayudar en situaciones de SOS.","robots":{"index":"index","follow":"follow","max-snippet":"max-snippet:-1","max-image-preview":"max-image-preview:large","max-video-preview":"max-video-preview:-1"},"canonical":"https:\/\/oceansignal.com\/es\/products\/rescueme-mob2\/","og_locale":"es_ES","og_type":"article","og_title":"rescueME MOB2","og_description":"La radiobaliza de hombre al agua AIS MOB2 rescueME Ocean Signal es la soluci\u00f3n definitiva para la seguridad mar\u00edtima, dise\u00f1ada espec\u00edficamente para ayudar en situaciones de SOS.","og_url":"https:\/\/oceansignal.com\/es\/products\/rescueme-mob2\/","og_site_name":"Ocean Signal","article_modified_time":"2025-11-12T09:06:21+00:00","og_image":[{"width":900,"height":807,"url":"https:\/\/oceansignal.com\/wp-content\/uploads\/2024\/07\/MOB2-22-07-24-A_Web.png","type":"image\/png"}],"twitter_card":"summary_large_image","twitter_misc":{"Tiempo de lectura":"6 minutos"},"schema":{"@context":"https:\/\/schema.org","@graph":[{"@type":"WebPage","@id":"https:\/\/oceansignal.com\/es\/products\/rescueme-mob2\/","url":"https:\/\/oceansignal.com\/es\/products\/rescueme-mob2\/","name":"rescueME MOB2 - Ocean Signal rescueME MOB2 AIS Clase M Ocean Signal","isPartOf":{"@id":"https:\/\/oceansignal.com\/es\/#website"},"primaryImageOfPage":{"@id":"https:\/\/oceansignal.com\/es\/products\/rescueme-mob2\/#primaryimage"},"image":{"@id":"https:\/\/oceansignal.com\/es\/products\/rescueme-mob2\/#primaryimage"},"thumbnailUrl":"https:\/\/oceansignal.com\/wp-content\/uploads\/2024\/07\/MOB2-22-07-24-A_Web.png","datePublished":"2024-07-22T13:30:33+00:00","dateModified":"2025-11-12T09:06:21+00:00","description":"La radiobaliza de hombre al agua AIS MOB2 rescueME Ocean Signal es la soluci\u00f3n definitiva para la seguridad mar\u00edtima, dise\u00f1ada espec\u00edficamente para ayudar en situaciones de SOS.","breadcrumb":{"@id":"https:\/\/oceansignal.com\/es\/products\/rescueme-mob2\/#breadcrumb"},"inLanguage":"es","potentialAction":[{"@type":"ReadAction","target":["https:\/\/oceansignal.com\/es\/products\/rescueme-mob2\/"]}]},{"@type":"ImageObject","inLanguage":"es","@id":"https:\/\/oceansignal.com\/es\/products\/rescueme-mob2\/#primaryimage","url":"https:\/\/oceansignal.com\/wp-content\/uploads\/2024\/07\/MOB2-22-07-24-A_Web.png","contentUrl":"https:\/\/oceansignal.com\/wp-content\/uploads\/2024\/07\/MOB2-22-07-24-A_Web.png","width":900,"height":807,"caption":"Dispositivo localizador personal AIS MOB2 Ocean Signal rescueME aprobado para clase M"},{"@type":"BreadcrumbList","@id":"https:\/\/oceansignal.com\/es\/products\/rescueme-mob2\/#breadcrumb","itemListElement":[{"@type":"ListItem","position":1,"name":"Tienda","item":"https:\/\/oceansignal.com\/es\/tienda\/"},{"@type":"ListItem","position":2,"name":"rescueME MOB2"}]},{"@type":"WebSite","@id":"https:\/\/oceansignal.com\/es\/#website","url":"https:\/\/oceansignal.com\/es\/","name":"Ocean Signal","description":"A leading manufacturer of EPIRBs, AIS, SARTs, Personal Locator Beacons, Man Overboard Beacon for the Marine and Outdoor Markets.","potentialAction":[{"@type":"SearchAction","target":{"@type":"EntryPoint","urlTemplate":"https:\/\/oceansignal.com\/es\/?s={search_term_string}"},"query-input":{"@type":"PropertyValueSpecification","valueRequired":true,"valueName":"search_term_string"}}],"inLanguage":"es"}]}},"_links":{"self":[{"href":"https:\/\/oceansignal.com\/es\/wp-json\/wp\/v2\/product\/7795","targetHints":{"allow":["GET"]}}],"collection":[{"href":"https:\/\/oceansignal.com\/es\/wp-json\/wp\/v2\/product"}],"about":[{"href":"https:\/\/oceansignal.com\/es\/wp-json\/wp\/v2\/types\/product"}],"wp:featuredmedia":[{"embeddable":true,"href":"https:\/\/oceansignal.com\/es\/wp-json\/wp\/v2\/media\/6167"}],"wp:attachment":[{"href":"https:\/\/oceansignal.com\/es\/wp-json\/wp\/v2\/media?parent=7795"}],"wp:term":[{"taxonomy":"product_brand","embeddable":true,"href":"https:\/\/oceansignal.com\/es\/wp-json\/wp\/v2\/product_brand?post=7795"},{"taxonomy":"product_cat","embeddable":true,"href":"https:\/\/oceansignal.com\/es\/wp-json\/wp\/v2\/product_cat?post=7795"},{"taxonomy":"product_tag","embeddable":true,"href":"https:\/\/oceansignal.com\/es\/wp-json\/wp\/v2\/product_tag?post=7795"}],"curies":[{"name":"wp","href":"https:\/\/api.w.org\/{rel}","templated":true}]}}