{"id":7808,"date":"2023-03-27T07:28:36","date_gmt":"2023-03-27T07:28:36","guid":{"rendered":"https:\/\/oceansignal.com\/products\/rescueme-epirb3\/"},"modified":"2026-03-25T10:10:55","modified_gmt":"2026-03-25T10:10:55","slug":"rescueme-epirb3","status":"publish","type":"product","link":"https:\/\/oceansignal.com\/es\/products\/rescueme-epirb3\/","title":{"rendered":"EPIRB3 de rescate"},"content":{"rendered":"<p class=\"ai-optimize-38\"><a href=\"https:\/\/www.dropbox.com\/s\/8343nj28z0d7bxa\/Prop%2065%20-%20BPA.pdf?dl=0\" data-cke-saved-href=\"https:\/\/www.dropbox.com\/s\/8343nj28z0d7bxa\/Prop%2065%20-%20BPA.pdf?dl=0\">ADVERTENCIA: PROPOSICI\u00d3N 65<\/a><\/p>\n<p class=\"ai-optimize-39\">Resumen:<\/p>\n<p class=\"ai-optimize-40\">La nueva radiobaliza de emergencia Ocean Signal rescueME EPIRB3 de 406 MHz, homologada globalmente por el SMSSM, incorpora un soporte de liberaci\u00f3n manual y un dise\u00f1o compacto y moderno que combina numerosas funciones con tecnolog\u00eda AIS. El AIS proporciona a los rescatistas locales informaci\u00f3n precisa y fiable sobre la posici\u00f3n actual de la baliza, agilizando as\u00ed las operaciones de rescate. Adem\u00e1s, el Servicio de Enlace de Retorno (RLS) confirma la recepci\u00f3n de su mensaje de socorro. La funci\u00f3n de Comunicaci\u00f3n de Campo Cercano (NFC) permite usar una aplicaci\u00f3n para smartphones para monitorizar la bater\u00eda y otras funciones de la radiobaliza, garantizando su correcto funcionamiento. Con su dise\u00f1o estilizado y sus avanzadas funciones, la EPIRB3 es ideal para todo tipo de navegantes, ya sea navegando por el Mediterr\u00e1neo, navegando por el estrecho, pescando, trabajando o navegando en alta mar.    <\/p>\n<p class=\"ai-optimize-41\">Descripci\u00f3n:<\/p>\n<p class=\"ai-optimize-42\">La nueva radiobaliza EPIRB3 (Radiobaliza de Posici\u00f3n de Emergencia) de Ocean Signal aumenta la fiabilidad y facilita las operaciones de rescate con nuevas funciones avanzadas. Esta nueva radiobaliza, homologada por el SMSSM, transmite una se\u00f1al de socorro digital en 406 MHz, notificando a los rescatistas a nivel mundial v\u00eda sat\u00e9lite y difunde localmente se\u00f1ales VHF del Sistema de Identificaci\u00f3n Autom\u00e1tica (AIS) para que los rescatistas puedan localizar la radiobaliza con mayor rapidez. Una vez activada, la EPIRB3 transmite una se\u00f1al de emergencia al sistema global de rescate por sat\u00e9lite <a href=\"https:\/\/www.cospas-sarsat.int\/en\/\">Cospas-Sarsat<\/a> y, simult\u00e1neamente, env\u00eda una alerta AIS en frecuencias VHF, visible de inmediato para cualquier embarcaci\u00f3n cercana equipada con AIS. El Servicio de Enlace de Retorno (RLS) confirma visualmente la recepci\u00f3n de su mensaje de socorro. La combinaci\u00f3n de AIS, una se\u00f1al de localizaci\u00f3n de 121,5 MHz y luces estrobosc\u00f3picas visibles e infrarrojas acelera los tiempos de recuperaci\u00f3n, permitiendo a los rescatistas localizar la radiobaliza con precisi\u00f3n, incluso si se ha desviado, independientemente de la hora del d\u00eda o de la noche. La comunicaci\u00f3n de campo cercano (NFC) es una excelente caracter\u00edstica nueva que permite a los usuarios monitorear la EPIRB3 usando una aplicaci\u00f3n gratuita para tel\u00e9fonos inteligentes, lo que garantiza que la bater\u00eda tenga suficiente energ\u00eda y que la baliza est\u00e9 funcionando correctamente antes de partir.     <\/p>\n<p>&nbsp;<\/p>\n<p class=\"ai-optimize-43\">La tecnolog\u00eda avanzada de seguridad y rescate mar\u00edtimo de Ocean Signal en la nueva EPIRB3 con AIS combina nuevas caracter\u00edsticas innovadoras en una carcasa compacta y de dise\u00f1o ergon\u00f3mico que es ideal para todo tipo y tama\u00f1o de embarcaciones comerciales y recreativas.<\/p>\n<p>&nbsp;<\/p>\n<p class=\"ai-optimize-44\"><strong>Los tiempos de rescate pueden mejorar con la activaci\u00f3n global combinada con la transmisi\u00f3n de balizas locales AIS.<\/strong><\/p>\n<p>&nbsp;<\/p>\n<p class=\"ai-optimize-45\">La EPIRB3 utiliza las redes de posicionamiento GNSS (GPS, Galileo, Glonass) para obtener su ubicaci\u00f3n global. Al activarse la radiobaliza, una transmisi\u00f3n de socorro de 406 MHz retransmite la posici\u00f3n de la EPIRB GPS (GPIRB), con una precisi\u00f3n de 100 metros, a la red mundial de sat\u00e9lites de b\u00fasqueda y rescate <a href=\"https:\/\/www.cospas-sarsat.int\/en\/\">Cospas-Sarsat<\/a> . Las estaciones terrestres conectadas al sistema satelital reciben la identificaci\u00f3n de la EPIRB y la informaci\u00f3n de la posici\u00f3n de despliegue para que las operaciones de rescate puedan coordinarse e iniciarse. Gracias a la tecnolog\u00eda AIS avanzada incorporada a la EPIRB, al activarse, la radiobaliza comienza a transmitir se\u00f1ales AIS, notificando instant\u00e1neamente la situaci\u00f3n de socorro a las embarcaciones cercanas equipadas con AIS y obteniendo su ubicaci\u00f3n. Las embarcaciones equipadas con AIS dentro del alcance VHF ver\u00e1n un mensaje de seguridad en sus pantallas que incluye la identificaci\u00f3n MMSI de la embarcaci\u00f3n. Las embarcaciones locales pueden iniciar operaciones de rescate y recuperaci\u00f3n de inmediato, lo que podr\u00eda acelerar los tiempos de recuperaci\u00f3n y salvar vidas. Dado que un objetivo AIS se presenta en la pantalla de a bordo de cualquier embarcaci\u00f3n cercana equipada con AIS, se puede navegar f\u00e1cilmente a la EPIRB seleccion\u00e1ndolo. Incluso cuando no haya embarcaciones locales disponibles, el AIS acelerar\u00e1 los tiempos de recuperaci\u00f3n al permitir que los operadores de SAR mar\u00edtimos localicen con precisi\u00f3n la ubicaci\u00f3n de la RLS a medida que se aproximan. La combinaci\u00f3n de llamadas de socorro satelitales globales, la transmisi\u00f3n precisa de la ubicaci\u00f3n de la RLS y la mensajer\u00eda de seguridad AIS local mejorar\u00e1 considerablemente el tiempo de recuperaci\u00f3n y el \u00e9xito.        <\/p>\n<p>&nbsp;<\/p>\n<p class=\"ai-optimize-46\"><strong>La comunicaci\u00f3n de campo cercano (NFC) proporciona diagn\u00f3sticos EPIRB mediante un tel\u00e9fono inteligente.<\/strong><\/p>\n<p>&nbsp;<\/p>\n<p class=\"ai-optimize-47\">Los usuarios de radiobalizas de localizaci\u00f3n de emergencia (EPIRB) ahora pueden comprobar su EPIRB conectando su tel\u00e9fono inteligente a ella mediante <a href=\"https:\/\/www.youtube.com\/watch?v=MRXLii6r3n4&amp;t=10s\">NFC (Near Field Communication)<\/a> . Esta tecnolog\u00eda conecta un tel\u00e9fono inteligente colocado junto a la EPIRB3 iniciando autom\u00e1ticamente la aplicaci\u00f3n gratuita Ocean Signal Product. Los diagn\u00f3sticos completos est\u00e1n disponibles en la aplicaci\u00f3n y muestran al usuario la duraci\u00f3n actual de la bater\u00eda, la cantidad de autopruebas completadas, la cantidad de pruebas GNSS completadas y el tiempo que la EPIRB ha estado activada. Se muestra de forma c\u00f3moda informaci\u00f3n detallada que incluye una vista de mapa que muestra d\u00f3nde se realiz\u00f3 una prueba GNSS, la fecha y la hora de la prueba, el tiempo que tard\u00f3 la EPIRB en obtener una correcci\u00f3n en las coordenadas GNSS, la cantidad de sat\u00e9lites utilizados para obtener esa correcci\u00f3n y la precisi\u00f3n de la correcci\u00f3n. La aplicaci\u00f3n m\u00f3vil gratuita de Ocean Signal y la funcionalidad NFC brindan a los usuarios toda la informaci\u00f3n que necesitan para confirmar que su EPIRB est\u00e1 en pleno funcionamiento y lista para su implementaci\u00f3n en caso de una emergencia.    <\/p>\n<p>&nbsp;<\/p>\n<p class=\"ai-optimize-48\"><strong>El conveniente servicio de enlace de retorno (RLS) informa a los usuarios que se ha recibido su llamada de socorro.<\/strong><\/p>\n<p>&nbsp;<\/p>\n<p class=\"ai-optimize-49\">Las RLS se despliegan en situaciones de emergencia y las operaciones de rescate pueden tardar tiempo, especialmente si el buque en peligro se encuentra lejos de la costa. La RLS3 est\u00e1 equipada con el Servicio de Enlace de Retorno (RLS) que notifica a los usuarios la entrega de la se\u00f1al de socorro de la baliza. La se\u00f1al RLS se env\u00eda de vuelta a trav\u00e9s de la red <a href=\"https:\/\/www.euspa.europa.eu\/european-space\/galileo\/services\/search-and-rescue-sar-galileo-service\">satelital Galileo<\/a> para confirmar la recepci\u00f3n del mensaje de socorro, junto con la ubicaci\u00f3n precisa y los identificadores de la RLS. Una simple luz azul intermitente indica a los usuarios que la RLS se ha conectado correctamente a trav\u00e9s de la red satelital y que se notificar\u00e1 a los rescatistas. Saber que la se\u00f1al de socorro digital se ha comunicado correctamente, junto con la identificaci\u00f3n de la RLS y la ubicaci\u00f3n de la baliza, ayuda a las personas en peligro a mantener la calma mientras esperan las operaciones de rescate.    <\/p>\n<p>&nbsp;<\/p>\n<p class=\"ai-optimize-50\"><strong>Soporte de montaje<\/strong><\/p>\n<p>&nbsp;<\/p>\n<p class=\"ai-optimize-51\">La EPIRB3 incluye un soporte de montaje de liberaci\u00f3n manual de categor\u00eda 2. Este soporte la sujeta de forma segura durante todo el viaje, independientemente de las condiciones clim\u00e1ticas. Adem\u00e1s, cuenta con un sistema de liberaci\u00f3n r\u00e1pida para que pueda retirarse r\u00e1pida y f\u00e1cilmente cuando sea necesario.  <\/p>\n<p>&nbsp;<\/p>\n<p class=\"ai-optimize-52\">Ocean Signal utiliza tecnolog\u00eda avanzada y procesos de fabricaci\u00f3n de alta calidad para desarrollar y producir dispositivos electr\u00f3nicos de rescate de alta calidad y otros productos que salvan vidas. La nueva EPIRB3, con su perfil contorneado, es ideal tanto para embarcaciones de vela como de motor. Tanto los usuarios recreativos como los comerciales pueden estar seguros de que las caracter\u00edsticas de esta nueva radiobaliza de localizaci\u00f3n de emergencia (EPRB) ofrecen la m\u00e1xima probabilidad de un rescate eficiente y exitoso, sin importar d\u00f3nde se encuentren. La amplia gama de caracter\u00edsticas de alta tecnolog\u00eda de la EPIRB3 se combina con un dise\u00f1o \u00fanico que permite su uso eficaz en todo tipo de embarcaciones, ya sea en operaciones cerca de la costa, en alta mar o en cualquier lugar del mundo.   <\/p>\n<p class=\"ai-optimize-53\">Para la versi\u00f3n libre de flotaci\u00f3n de categor\u00eda 1: <a href=\"https:\/\/oceansignal.com\/products\/safesea-epirb3-pro\/\">safeSEA EPIRB3 Pro<\/a><\/p>\n<p class=\"ai-optimize-54\"><strong>Funciones:<\/strong><\/p>\n<p>&nbsp;<\/p>\n<ul>\n<li class=\"ai-optimize-55\">30% (t\u00edpico) m\u00e1s peque\u00f1o<\/li>\n<li class=\"ai-optimize-56\">Alerta de socorro AIS<\/li>\n<li class=\"ai-optimize-57\">Servicio de enlace de retorno (RLS)<\/li>\n<li class=\"ai-optimize-58\">Conectividad m\u00f3vil que utiliza Near Field Communication (NFC)<\/li>\n<li class=\"ai-optimize-59\">Aplicaci\u00f3n gratuita (Apple y Android)<\/li>\n<li class=\"ai-optimize-60\">Duraci\u00f3n de la bater\u00eda de 10 a\u00f1os<\/li>\n<li class=\"ai-optimize-61\">48+ horas de vida operativa<\/li>\n<li class=\"ai-optimize-62\">Garant\u00eda de 2 a\u00f1os (se puede extender la garant\u00eda a 5 a\u00f1os mediante el registro del producto con Ocean Signal )<\/li>\n<li class=\"ai-optimize-63\">Posicionamiento r\u00e1pido y preciso con GPS de 72 canales<\/li>\n<li class=\"ai-optimize-64\">Antena retr\u00e1ctil<\/li>\n<li class=\"ai-optimize-65\">Soporte de liberaci\u00f3n r\u00e1pida<\/li>\n<li class=\"ai-optimize-66\">Cord\u00f3n de seguridad<\/li>\n<\/ul>\n<p>&nbsp;<\/p>\n","protected":false},"excerpt":{"rendered":"<p class=\"ai-optimize-14\" data-start=\"318\" data-end=\"494\">La EPIRB3 de rescateME combina cobertura de rescate global y tiene AIS incorporado, para funciones de recuperaci\u00f3n local inteligentes en una unidad compacta.<\/p>\n<ul>\n<li class=\"ai-optimize-15\" style=\"list-style-type: none;\">\n<ul data-start=\"496\" data-end=\"1135\">\n<li class=\"ai-optimize-16\" data-start=\"496\" data-end=\"748\">\n<p class=\"ai-optimize-17\" data-start=\"498\" data-end=\"748\"><strong data-start=\"498\" data-end=\"544\">Conectividad SAR global a trav\u00e9s de Cospas-Sarsat:<\/strong> env\u00eda su se\u00f1al de socorro de 406 MHz directamente a los servicios internacionales de b\u00fasqueda y rescate, lo que <strong data-start=\"678\" data-end=\"725\">garantiza<\/strong> una respuesta coordinada por el gobierno en cualquier parte del mundo, las 24 horas del d\u00eda, los 7 d\u00edas de la semana, los 365 d\u00edas del a\u00f1o.<\/p>\n<\/li>\n<li class=\"ai-optimize-18\" data-start=\"749\" data-end=\"929\">\n<p class=\"ai-optimize-19\" data-start=\"751\" data-end=\"929\"><strong data-start=\"751\" data-end=\"787\">Servicio de enlace de retorno (RLS) + AIS:<\/strong> confirma que su se\u00f1al fue recibida con una luz azul visual, mientras que AIS transmite su ubicaci\u00f3n a embarcaciones cercanas para <strong data-start=\"905\" data-end=\"928\">un rescate de doble capa<\/strong> .<\/p>\n<\/li>\n<li class=\"ai-optimize-20\" data-start=\"930\" data-end=\"1135\">\n<p class=\"ai-optimize-21\" data-start=\"932\" data-end=\"1135\"><strong data-start=\"932\" data-end=\"968\">Rendimiento confiable y de larga duraci\u00f3n:<\/strong> cuenta con un receptor GNSS de alta precisi\u00f3n, m\u00e1s de 48 horas de duraci\u00f3n de bater\u00eda operativa una vez activado y cumple totalmente con los requisitos de transporte <strong data-start=\"1091\" data-end=\"1098\">de la OMI<\/strong> y <strong data-start=\"1103\" data-end=\"1112\">SOLAS<\/strong> .<\/p>\n<\/li>\n<li class=\"ai-optimize-22\" data-start=\"930\" data-end=\"1135\"><strong>Sin cuota de suscripci\u00f3n<\/strong> .<\/li>\n<\/ul>\n<\/li>\n<\/ul>\n","protected":false},"featured_media":12425,"template":"","meta":{"_acf_changed":false,"om_disable_all_campaigns":false},"product_brand":[],"product_cat":[866,470],"product_tag":[510,868,870,878,872],"class_list":{"0":"post-7808","1":"product","2":"type-product","3":"status-publish","4":"has-post-thumbnail","6":"product_cat-epirb-es","7":"product_cat-rescueme-es","8":"product_tag-ais-es","9":"product_tag-epirb-es","10":"product_tag-nfc-es","11":"product_tag-rls3","12":"product_tag-sindrome-de-piernas-inquietas","14":"first","15":"instock","16":"taxable","17":"shipping-taxable","18":"purchasable","19":"product-type-simple"},"acf":[],"yoast_head":"<!-- This site is optimized with the Yoast SEO Premium plugin v25.2 (Yoast SEO v26.4) - https:\/\/yoast.com\/wordpress\/plugins\/seo\/ -->\n<title>EPIRB3 de rescate - Ocean Signal<\/title>\n<meta name=\"description\" content=\"Mant\u00e9ngase seguro en el mar con la radiobaliza RescueME EPIRB3: Esta radiobaliza de localizaci\u00f3n de emergencia (EPIRB) ahora incluye AIS y est\u00e1 homologada por el SMSSM para embarcaciones. \u00a1C\u00f3mprela ya!\" \/>\n<meta name=\"robots\" content=\"index, follow, max-snippet:-1, max-image-preview:large, max-video-preview:-1\" \/>\n<link rel=\"canonical\" href=\"https:\/\/oceansignal.com\/es\/products\/rescueme-epirb3\/\" \/>\n<meta property=\"og:locale\" content=\"es_ES\" \/>\n<meta property=\"og:type\" content=\"article\" \/>\n<meta property=\"og:title\" content=\"EPIRB3 de rescate\" \/>\n<meta property=\"og:description\" content=\"Mant\u00e9ngase seguro en el mar con la radiobaliza RescueME EPIRB3: Esta radiobaliza de localizaci\u00f3n de emergencia (EPIRB) ahora incluye AIS y est\u00e1 homologada por el SMSSM para embarcaciones. \u00a1C\u00f3mprela ya!\" \/>\n<meta property=\"og:url\" content=\"https:\/\/oceansignal.com\/es\/products\/rescueme-epirb3\/\" \/>\n<meta property=\"og:site_name\" content=\"Ocean Signal\" \/>\n<meta property=\"article:modified_time\" content=\"2026-03-25T10:10:55+00:00\" \/>\n<meta property=\"og:image\" content=\"https:\/\/oceansignal.com\/wp-content\/uploads\/2023\/03\/EPIRB3-Front.png\" \/>\n\t<meta property=\"og:image:width\" content=\"800\" \/>\n\t<meta property=\"og:image:height\" content=\"800\" \/>\n\t<meta property=\"og:image:type\" content=\"image\/png\" \/>\n<meta name=\"twitter:card\" content=\"summary_large_image\" \/>\n<meta name=\"twitter:label1\" content=\"Tiempo de lectura\" \/>\n\t<meta name=\"twitter:data1\" content=\"7 minutos\" \/>\n<script type=\"application\/ld+json\" class=\"yoast-schema-graph\">{\"@context\":\"https:\/\/schema.org\",\"@graph\":[{\"@type\":\"WebPage\",\"@id\":\"https:\/\/oceansignal.com\/es\/products\/rescueme-epirb3\/\",\"url\":\"https:\/\/oceansignal.com\/es\/products\/rescueme-epirb3\/\",\"name\":\"EPIRB3 de rescate - Ocean Signal\",\"isPartOf\":{\"@id\":\"https:\/\/oceansignal.com\/es\/#website\"},\"primaryImageOfPage\":{\"@id\":\"https:\/\/oceansignal.com\/es\/products\/rescueme-epirb3\/#primaryimage\"},\"image\":{\"@id\":\"https:\/\/oceansignal.com\/es\/products\/rescueme-epirb3\/#primaryimage\"},\"thumbnailUrl\":\"https:\/\/oceansignal.com\/wp-content\/uploads\/2023\/03\/EPIRB3-Front.png\",\"datePublished\":\"2023-03-27T07:28:36+00:00\",\"dateModified\":\"2026-03-25T10:10:55+00:00\",\"description\":\"Mant\u00e9ngase seguro en el mar con la radiobaliza RescueME EPIRB3: Esta radiobaliza de localizaci\u00f3n de emergencia (EPIRB) ahora incluye AIS y est\u00e1 homologada por el SMSSM para embarcaciones. \u00a1C\u00f3mprela ya!\",\"breadcrumb\":{\"@id\":\"https:\/\/oceansignal.com\/es\/products\/rescueme-epirb3\/#breadcrumb\"},\"inLanguage\":\"es\",\"potentialAction\":[{\"@type\":\"ReadAction\",\"target\":[\"https:\/\/oceansignal.com\/es\/products\/rescueme-epirb3\/\"]}]},{\"@type\":\"ImageObject\",\"inLanguage\":\"es\",\"@id\":\"https:\/\/oceansignal.com\/es\/products\/rescueme-epirb3\/#primaryimage\",\"url\":\"https:\/\/oceansignal.com\/wp-content\/uploads\/2023\/03\/EPIRB3-Front.png\",\"contentUrl\":\"https:\/\/oceansignal.com\/wp-content\/uploads\/2023\/03\/EPIRB3-Front.png\",\"width\":800,\"height\":800},{\"@type\":\"BreadcrumbList\",\"@id\":\"https:\/\/oceansignal.com\/es\/products\/rescueme-epirb3\/#breadcrumb\",\"itemListElement\":[{\"@type\":\"ListItem\",\"position\":1,\"name\":\"Tienda\",\"item\":\"https:\/\/oceansignal.com\/es\/tienda\/\"},{\"@type\":\"ListItem\",\"position\":2,\"name\":\"EPIRB3 de rescate\"}]},{\"@type\":\"WebSite\",\"@id\":\"https:\/\/oceansignal.com\/es\/#website\",\"url\":\"https:\/\/oceansignal.com\/es\/\",\"name\":\"Ocean Signal\",\"description\":\"A leading manufacturer of EPIRBs, AIS, SARTs, Personal Locator Beacons, Man Overboard Beacon for the Marine and Outdoor Markets.\",\"potentialAction\":[{\"@type\":\"SearchAction\",\"target\":{\"@type\":\"EntryPoint\",\"urlTemplate\":\"https:\/\/oceansignal.com\/es\/?s={search_term_string}\"},\"query-input\":{\"@type\":\"PropertyValueSpecification\",\"valueRequired\":true,\"valueName\":\"search_term_string\"}}],\"inLanguage\":\"es\"}]}<\/script>\n<!-- \/ Yoast SEO Premium plugin. -->","yoast_head_json":{"title":"EPIRB3 de rescate - Ocean Signal","description":"Mant\u00e9ngase seguro en el mar con la radiobaliza RescueME EPIRB3: Esta radiobaliza de localizaci\u00f3n de emergencia (EPIRB) ahora incluye AIS y est\u00e1 homologada por el SMSSM para embarcaciones. \u00a1C\u00f3mprela ya!","robots":{"index":"index","follow":"follow","max-snippet":"max-snippet:-1","max-image-preview":"max-image-preview:large","max-video-preview":"max-video-preview:-1"},"canonical":"https:\/\/oceansignal.com\/es\/products\/rescueme-epirb3\/","og_locale":"es_ES","og_type":"article","og_title":"EPIRB3 de rescate","og_description":"Mant\u00e9ngase seguro en el mar con la radiobaliza RescueME EPIRB3: Esta radiobaliza de localizaci\u00f3n de emergencia (EPIRB) ahora incluye AIS y est\u00e1 homologada por el SMSSM para embarcaciones. \u00a1C\u00f3mprela ya!","og_url":"https:\/\/oceansignal.com\/es\/products\/rescueme-epirb3\/","og_site_name":"Ocean Signal","article_modified_time":"2026-03-25T10:10:55+00:00","og_image":[{"width":800,"height":800,"url":"https:\/\/oceansignal.com\/wp-content\/uploads\/2023\/03\/EPIRB3-Front.png","type":"image\/png"}],"twitter_card":"summary_large_image","twitter_misc":{"Tiempo de lectura":"7 minutos"},"schema":{"@context":"https:\/\/schema.org","@graph":[{"@type":"WebPage","@id":"https:\/\/oceansignal.com\/es\/products\/rescueme-epirb3\/","url":"https:\/\/oceansignal.com\/es\/products\/rescueme-epirb3\/","name":"EPIRB3 de rescate - Ocean Signal","isPartOf":{"@id":"https:\/\/oceansignal.com\/es\/#website"},"primaryImageOfPage":{"@id":"https:\/\/oceansignal.com\/es\/products\/rescueme-epirb3\/#primaryimage"},"image":{"@id":"https:\/\/oceansignal.com\/es\/products\/rescueme-epirb3\/#primaryimage"},"thumbnailUrl":"https:\/\/oceansignal.com\/wp-content\/uploads\/2023\/03\/EPIRB3-Front.png","datePublished":"2023-03-27T07:28:36+00:00","dateModified":"2026-03-25T10:10:55+00:00","description":"Mant\u00e9ngase seguro en el mar con la radiobaliza RescueME EPIRB3: Esta radiobaliza de localizaci\u00f3n de emergencia (EPIRB) ahora incluye AIS y est\u00e1 homologada por el SMSSM para embarcaciones. \u00a1C\u00f3mprela ya!","breadcrumb":{"@id":"https:\/\/oceansignal.com\/es\/products\/rescueme-epirb3\/#breadcrumb"},"inLanguage":"es","potentialAction":[{"@type":"ReadAction","target":["https:\/\/oceansignal.com\/es\/products\/rescueme-epirb3\/"]}]},{"@type":"ImageObject","inLanguage":"es","@id":"https:\/\/oceansignal.com\/es\/products\/rescueme-epirb3\/#primaryimage","url":"https:\/\/oceansignal.com\/wp-content\/uploads\/2023\/03\/EPIRB3-Front.png","contentUrl":"https:\/\/oceansignal.com\/wp-content\/uploads\/2023\/03\/EPIRB3-Front.png","width":800,"height":800},{"@type":"BreadcrumbList","@id":"https:\/\/oceansignal.com\/es\/products\/rescueme-epirb3\/#breadcrumb","itemListElement":[{"@type":"ListItem","position":1,"name":"Tienda","item":"https:\/\/oceansignal.com\/es\/tienda\/"},{"@type":"ListItem","position":2,"name":"EPIRB3 de rescate"}]},{"@type":"WebSite","@id":"https:\/\/oceansignal.com\/es\/#website","url":"https:\/\/oceansignal.com\/es\/","name":"Ocean Signal","description":"A leading manufacturer of EPIRBs, AIS, SARTs, Personal Locator Beacons, Man Overboard Beacon for the Marine and Outdoor Markets.","potentialAction":[{"@type":"SearchAction","target":{"@type":"EntryPoint","urlTemplate":"https:\/\/oceansignal.com\/es\/?s={search_term_string}"},"query-input":{"@type":"PropertyValueSpecification","valueRequired":true,"valueName":"search_term_string"}}],"inLanguage":"es"}]}},"_links":{"self":[{"href":"https:\/\/oceansignal.com\/es\/wp-json\/wp\/v2\/product\/7808","targetHints":{"allow":["GET"]}}],"collection":[{"href":"https:\/\/oceansignal.com\/es\/wp-json\/wp\/v2\/product"}],"about":[{"href":"https:\/\/oceansignal.com\/es\/wp-json\/wp\/v2\/types\/product"}],"wp:featuredmedia":[{"embeddable":true,"href":"https:\/\/oceansignal.com\/es\/wp-json\/wp\/v2\/media\/12425"}],"wp:attachment":[{"href":"https:\/\/oceansignal.com\/es\/wp-json\/wp\/v2\/media?parent=7808"}],"wp:term":[{"taxonomy":"product_brand","embeddable":true,"href":"https:\/\/oceansignal.com\/es\/wp-json\/wp\/v2\/product_brand?post=7808"},{"taxonomy":"product_cat","embeddable":true,"href":"https:\/\/oceansignal.com\/es\/wp-json\/wp\/v2\/product_cat?post=7808"},{"taxonomy":"product_tag","embeddable":true,"href":"https:\/\/oceansignal.com\/es\/wp-json\/wp\/v2\/product_tag?post=7808"}],"curies":[{"name":"wp","href":"https:\/\/api.w.org\/{rel}","templated":true}]}}