{"id":7831,"date":"2023-09-07T12:44:22","date_gmt":"2023-09-07T12:44:22","guid":{"rendered":"https:\/\/oceansignal.com\/products\/rescueme-epirb2\/"},"modified":"2026-01-21T19:53:24","modified_gmt":"2026-01-21T19:53:24","slug":"rescueme-epirb2","status":"publish","type":"product","link":"https:\/\/oceansignal.com\/es\/products\/rescueme-epirb2\/","title":{"rendered":"radiobaliza rescueME EPIRB2"},"content":{"rendered":"<p>Con la introducci\u00f3n de la tecnolog\u00eda de Servicio de Enlace de Retorno (RLS) y las capacidades de Comunicaci\u00f3n de Campo Cercano (NFC), la EPIRB2 ofrece ventajas significativas respecto a sus predecesoras. Las EPIRB con Servicio de Enlace de Retorno ofrecen tranquilidad a quienes activan la baliza, confirmando la recepci\u00f3n de su mensaje de socorro. Adem\u00e1s, la inclusi\u00f3n de la capacidad NFC permite usar una aplicaci\u00f3n para smartphones para supervisar la bater\u00eda y otras funciones de la EPIRB , garantizando as\u00ed su correcto funcionamiento. Las innovadoras caracter\u00edsticas de la EPIRB2 la convierten en una excelente opci\u00f3n para una amplia variedad de aplicaciones marinas, tanto para embarcaciones recreativas como comerciales.  <\/p>\n<p><iframe loading=\"lazy\" title=\"EPIRB3 and EPIRB2  | Activation\" width=\"500\" height=\"281\" src=\"https:\/\/www.youtube.com\/embed\/P5KBMhmPYjQ?feature=oembed\" frameborder=\"0\" allow=\"accelerometer; autoplay; clipboard-write; encrypted-media; gyroscope; picture-in-picture; web-share\" referrerpolicy=\"strict-origin-when-cross-origin\" allowfullscreen><\/iframe><\/p>\n<p>Descripci\u00f3n:<\/p>\n<p>Al desarrollar la <a href=\"https:\/\/oceansignal.com\/es\/news\/ocean-signal-lanza-la-nueva-serie-epirb2\/\">EPIRB2<\/a> , Ocean Signal aprovech\u00f3 su amplia experiencia en el dise\u00f1o y producci\u00f3n de EPIRB de servicio de enlace de retorno de alta calidad y repletas de funciones que utilizan un formato convenientemente compacto. Al emplear m\u00faltiples niveles de tecnolog\u00eda de se\u00f1alizaci\u00f3n integrada, incluidos 406 MHz, posicionamiento GNSS (GPS, Galileo, Glonass) y una se\u00f1al de localizaci\u00f3n de 121,5 MHz, la EPIRB2 gu\u00eda sin esfuerzo a las fuerzas de b\u00fasqueda y rescate a su ubicaci\u00f3n. La incorporaci\u00f3n de la tecnolog\u00eda de servicio de enlace de retorno (RLS) y la capacidad de comunicaci\u00f3n de campo cercano completan el impresionante conjunto de caracter\u00edsticas de la EPIRB2.<\/p>\n<p>&nbsp;<\/p>\n<p><strong>Conectividad de tel\u00e9fonos inteligentes mediante comunicaci\u00f3n de campo cercano (NFC)<\/strong><\/p>\n<p>&nbsp;<\/p>\n<p>La integraci\u00f3n de <a href=\"https:\/\/www.youtube.com\/watch?v=MRXLii6r3n4&amp;t=42s\">la tecnolog\u00eda NFC<\/a> proporciona a los usuarios la posibilidad de acceder c\u00f3modamente a los datos de las balizas desde sus tel\u00e9fonos m\u00f3viles. Con solo colocar un tel\u00e9fono cerca de la baliza, se abre autom\u00e1ticamente la aplicaci\u00f3n de producto Ocean Signal y se brinda acceso a una gran cantidad de datos de uso, incluida la duraci\u00f3n actual de la bater\u00eda, la cantidad de autopruebas completadas, la cantidad de pruebas GNSS completadas y, si corresponde, la cantidad de tiempo que la baliza ha estado activada.<\/p>\n<p>&nbsp;<\/p>\n<p>Tambi\u00e9n est\u00e1 disponible informaci\u00f3n detallada sobre cada autoprueba y prueba GNSS realizada por la baliza. La informaci\u00f3n a la que se puede acceder para cada prueba GNSS exitosa incluye acceso a un mapa que muestra exactamente d\u00f3nde se realiz\u00f3 la prueba, la fecha y la hora de la prueba, el tiempo que tard\u00f3 la baliza en obtener una posici\u00f3n de coordenadas GNSS, la cantidad de sat\u00e9lites que utiliz\u00f3 la baliza para obtener esa posici\u00f3n y la precisi\u00f3n de la ubicaci\u00f3n. <\/p>\n<p>&nbsp;<\/p>\n<p><strong>Cobertura global a trav\u00e9s de la red satelital Cospas-Sarsat<\/strong><\/p>\n<p>&nbsp;<\/p>\n<p>Aprovechando el alcance global de la <a href=\"https:\/\/www.cospas-sarsat.int\/en\/\">red de sat\u00e9lites Cospas-Sarsat<\/a> , la EPIRB2 se puede activar en cualquier lugar, en cualquier momento, y transmitir\u00e1 su mensaje de socorro de 406 MHz. La transmisi\u00f3n de socorro incluye coordenadas de baliza que se derivan del receptor GNSS integrado de la EPIRB y tienen una precisi\u00f3n de 100 metros.<\/p>\n<p>&nbsp;<\/p>\n<p>RLS proporciona tranquilidad a los usuarios enviando una se\u00f1al de retorno a trav\u00e9s de la red de sat\u00e9lites <a href=\"https:\/\/www.euspa.europa.eu\/european-space\/galileo\/services\/search-and-rescue-sar-galileo-service\">Galileo<\/a> directamente a la baliza para confirmar que se ha recibido el mensaje de socorro y se ha detectado la ubicaci\u00f3n de la baliza. La confirmaci\u00f3n del usuario se indica claramente mediante una luz azul intermitente.<\/p>\n<p>&nbsp;<\/p>\n<p><strong>Servicio de enlace de retorno (RLS)<\/strong><\/p>\n<p><strong> <\/strong><\/p>\n<p>El estr\u00e9s inherente a una emergencia mar\u00edtima es un s\u00edntoma complejo que, lamentablemente, todos los navegantes deben afrontar si se encuentran en una situaci\u00f3n de peligro. Afortunadamente, la inclusi\u00f3n de la funci\u00f3n RLS en la EPIRB2 permite minimizar el estr\u00e9s en estas situaciones. Las RLS con servicio de enlace de retorno (RLS) proporcionan confirmaci\u00f3n directa a la baliza, lo que permite al usuario saber que su mensaje de socorro ha sido recibido y su ubicaci\u00f3n detectada. La indicaci\u00f3n de la funcionalidad RLS se representa mediante una luz azul distintiva, lo que facilita a los usuarios determinar con exactitud cu\u00e1ndo se recibe la confirmaci\u00f3n RLS.   <\/p>\n<p>&nbsp;<\/p>\n<p>Ocean Signal se enorgullece de ofrecer continuamente nuevas y emocionantes funciones como RLS y NFC, manteniendo su objetivo de ofrecer productos de seguridad innovadores de la m\u00e1s alta calidad. Sea cual sea el motivo de su pr\u00f3ximo viaje o el destino elegido, garantice su seguridad con la radiobaliza EPIRB2 . <\/p>\n<p>&nbsp;<\/p>\n<p><strong>Funciones:<\/strong><\/p>\n<p>&nbsp;<\/p>\n<ul>\n<li>30% (t\u00edpico) m\u00e1s peque\u00f1o<\/li>\n<li>Servicio de enlace de retorno (RLS)<\/li>\n<li>Conectividad m\u00f3vil que utiliza Near Field Communication (NFC)<\/li>\n<li>Aplicaci\u00f3n gratuita (Apple y Android)<\/li>\n<li>Duraci\u00f3n de la bater\u00eda de 10 a\u00f1os<\/li>\n<li>48+ horas de vida operativa<\/li>\n<li>Garant\u00eda de 2 a\u00f1os (puede extender la garant\u00eda a 5 a\u00f1os mediante el registro del producto con Ocean Signal ) \u2020<\/li>\n<li>Posicionamiento r\u00e1pido y preciso con GPS de 72 canales<\/li>\n<li>Antena retr\u00e1ctil<\/li>\n<li>Soporte de liberaci\u00f3n r\u00e1pida<\/li>\n<li>Cord\u00f3n de seguridad<\/li>\n<\/ul>\n<p>&nbsp;<\/p>\n<p>\u2020 Sujeto a declaraci\u00f3n de garant\u00eda<\/p>\n","protected":false},"excerpt":{"rendered":"<p>La EPIRB m\u00e1s compacta del mundo, ahora con RLS y NFC<\/p>\n<ul>\n<li>Compra \u00fanica. Sin cuotas de suscripci\u00f3n. <\/li>\n<li>Servicio de enlace de retorno (RLS)<\/li>\n<li>Conectividad m\u00f3vil que utiliza Near Field Communication (NFC)<\/li>\n<li>Aplicaci\u00f3n gratuita (Apple y Android)<\/li>\n<li>Duraci\u00f3n de la bater\u00eda de 10 a\u00f1os<\/li>\n<li>48+ horas de vida operativa<\/li>\n<li>Garant\u00eda de 2 a\u00f1os (puede extender la garant\u00eda a 5 a\u00f1os mediante el registro del producto con Ocean Signal ) \u2020<\/li>\n<li>Posicionamiento r\u00e1pido y preciso con GPS de 72 canales<\/li>\n<li>Antena retr\u00e1ctil<\/li>\n<li>Soporte de liberaci\u00f3n r\u00e1pida<\/li>\n<li>Cord\u00f3n de seguridad<\/li>\n<\/ul>\n<p><a href=\"https:\/\/www.dropbox.com\/s\/8343nj28z0d7bxa\/Prop%2065%20-%20BPA.pdf?dl=0\" data-cke-saved-href=\"https:\/\/www.dropbox.com\/s\/8343nj28z0d7bxa\/Prop%2065%20-%20BPA.pdf?dl=0\">ADVERTENCIA: PROPOSICI\u00d3N 65<\/a><\/p>\n","protected":false},"featured_media":5928,"template":"","meta":{"_acf_changed":false,"om_disable_all_campaigns":false},"product_brand":[],"product_cat":[866,470],"product_tag":[868,870,906,925,872],"class_list":{"0":"post-7831","1":"product","2":"type-product","3":"status-publish","4":"has-post-thumbnail","6":"product_cat-epirb-es","7":"product_cat-rescueme-es","8":"product_tag-epirb-es","9":"product_tag-nfc-es","10":"product_tag-radiobaliza-indicadora-de-posicion-de-emergencia","11":"product_tag-rls2","12":"product_tag-sindrome-de-piernas-inquietas","14":"first","15":"instock","16":"taxable","17":"shipping-taxable","18":"purchasable","19":"product-type-simple"},"acf":[],"yoast_head":"<!-- This site is optimized with the Yoast SEO Premium plugin v25.2 (Yoast SEO v26.4) - https:\/\/yoast.com\/wordpress\/plugins\/seo\/ -->\n<title>radiobaliza rescueME EPIRB2 - Ocean Signal<\/title>\n<meta name=\"description\" content=\"Ocean Signal rescueME EPIRB2 : Radiobaliza de emergencia esencial para la seguridad mar\u00edtima. Conf\u00ede en EPIRB se\u00f1alizaci\u00f3n de emergencia fiable. \u00a1Compre ahora y tenga tranquilidad!\" \/>\n<meta name=\"robots\" content=\"index, follow, max-snippet:-1, max-image-preview:large, max-video-preview:-1\" \/>\n<link rel=\"canonical\" href=\"https:\/\/oceansignal.com\/es\/products\/rescueme-epirb2\/\" \/>\n<meta property=\"og:locale\" content=\"es_ES\" \/>\n<meta property=\"og:type\" content=\"article\" \/>\n<meta property=\"og:title\" content=\"radiobaliza rescueME EPIRB2\" \/>\n<meta property=\"og:description\" content=\"Ocean Signal rescueME EPIRB2 : Radiobaliza de emergencia esencial para la seguridad mar\u00edtima. Conf\u00ede en EPIRB se\u00f1alizaci\u00f3n de emergencia fiable. \u00a1Compre ahora y tenga tranquilidad!\" \/>\n<meta property=\"og:url\" content=\"https:\/\/oceansignal.com\/es\/products\/rescueme-epirb2\/\" \/>\n<meta property=\"og:site_name\" content=\"Ocean Signal\" \/>\n<meta property=\"article:modified_time\" content=\"2026-01-21T19:53:24+00:00\" \/>\n<meta property=\"og:image\" content=\"https:\/\/oceansignal.com\/wp-content\/uploads\/2023\/09\/OSL-Phone-App-EPERB2-PRO-001-1.png\" \/>\n\t<meta property=\"og:image:width\" content=\"432\" \/>\n\t<meta property=\"og:image:height\" content=\"432\" \/>\n\t<meta property=\"og:image:type\" content=\"image\/png\" \/>\n<meta name=\"twitter:card\" content=\"summary_large_image\" \/>\n<meta name=\"twitter:label1\" content=\"Tiempo de lectura\" \/>\n\t<meta name=\"twitter:data1\" content=\"4 minutos\" \/>\n<script type=\"application\/ld+json\" class=\"yoast-schema-graph\">{\"@context\":\"https:\/\/schema.org\",\"@graph\":[{\"@type\":\"WebPage\",\"@id\":\"https:\/\/oceansignal.com\/es\/products\/rescueme-epirb2\/\",\"url\":\"https:\/\/oceansignal.com\/es\/products\/rescueme-epirb2\/\",\"name\":\"radiobaliza rescueME EPIRB2 - Ocean Signal\",\"isPartOf\":{\"@id\":\"https:\/\/oceansignal.com\/es\/#website\"},\"primaryImageOfPage\":{\"@id\":\"https:\/\/oceansignal.com\/es\/products\/rescueme-epirb2\/#primaryimage\"},\"image\":{\"@id\":\"https:\/\/oceansignal.com\/es\/products\/rescueme-epirb2\/#primaryimage\"},\"thumbnailUrl\":\"https:\/\/oceansignal.com\/wp-content\/uploads\/2023\/09\/OSL-Phone-App-EPERB2-PRO-001-1.png\",\"datePublished\":\"2023-09-07T12:44:22+00:00\",\"dateModified\":\"2026-01-21T19:53:24+00:00\",\"description\":\"Ocean Signal rescueME EPIRB2 : Radiobaliza de emergencia esencial para la seguridad mar\u00edtima. Conf\u00ede en EPIRB se\u00f1alizaci\u00f3n de emergencia fiable. \u00a1Compre ahora y tenga tranquilidad!\",\"breadcrumb\":{\"@id\":\"https:\/\/oceansignal.com\/es\/products\/rescueme-epirb2\/#breadcrumb\"},\"inLanguage\":\"es\",\"potentialAction\":[{\"@type\":\"ReadAction\",\"target\":[\"https:\/\/oceansignal.com\/es\/products\/rescueme-epirb2\/\"]}]},{\"@type\":\"ImageObject\",\"inLanguage\":\"es\",\"@id\":\"https:\/\/oceansignal.com\/es\/products\/rescueme-epirb2\/#primaryimage\",\"url\":\"https:\/\/oceansignal.com\/wp-content\/uploads\/2023\/09\/OSL-Phone-App-EPERB2-PRO-001-1.png\",\"contentUrl\":\"https:\/\/oceansignal.com\/wp-content\/uploads\/2023\/09\/OSL-Phone-App-EPERB2-PRO-001-1.png\",\"width\":432,\"height\":432,\"caption\":\"Asegure sus aventuras mar\u00edtimas con Ocean Signal SafeSea EPIRB3 Pro : baliza de socorro confiable para una respuesta de emergencia r\u00e1pida\"},{\"@type\":\"BreadcrumbList\",\"@id\":\"https:\/\/oceansignal.com\/es\/products\/rescueme-epirb2\/#breadcrumb\",\"itemListElement\":[{\"@type\":\"ListItem\",\"position\":1,\"name\":\"Tienda\",\"item\":\"https:\/\/oceansignal.com\/es\/tienda\/\"},{\"@type\":\"ListItem\",\"position\":2,\"name\":\"radiobaliza rescueME EPIRB2\"}]},{\"@type\":\"WebSite\",\"@id\":\"https:\/\/oceansignal.com\/es\/#website\",\"url\":\"https:\/\/oceansignal.com\/es\/\",\"name\":\"Ocean Signal\",\"description\":\"A leading manufacturer of EPIRBs, AIS, SARTs, Personal Locator Beacons, Man Overboard Beacon for the Marine and Outdoor Markets.\",\"potentialAction\":[{\"@type\":\"SearchAction\",\"target\":{\"@type\":\"EntryPoint\",\"urlTemplate\":\"https:\/\/oceansignal.com\/es\/?s={search_term_string}\"},\"query-input\":{\"@type\":\"PropertyValueSpecification\",\"valueRequired\":true,\"valueName\":\"search_term_string\"}}],\"inLanguage\":\"es\"}]}<\/script>\n<!-- \/ Yoast SEO Premium plugin. -->","yoast_head_json":{"title":"radiobaliza rescueME EPIRB2 - Ocean Signal","description":"Ocean Signal rescueME EPIRB2 : Radiobaliza de emergencia esencial para la seguridad mar\u00edtima. Conf\u00ede en EPIRB se\u00f1alizaci\u00f3n de emergencia fiable. \u00a1Compre ahora y tenga tranquilidad!","robots":{"index":"index","follow":"follow","max-snippet":"max-snippet:-1","max-image-preview":"max-image-preview:large","max-video-preview":"max-video-preview:-1"},"canonical":"https:\/\/oceansignal.com\/es\/products\/rescueme-epirb2\/","og_locale":"es_ES","og_type":"article","og_title":"radiobaliza rescueME EPIRB2","og_description":"Ocean Signal rescueME EPIRB2 : Radiobaliza de emergencia esencial para la seguridad mar\u00edtima. Conf\u00ede en EPIRB se\u00f1alizaci\u00f3n de emergencia fiable. \u00a1Compre ahora y tenga tranquilidad!","og_url":"https:\/\/oceansignal.com\/es\/products\/rescueme-epirb2\/","og_site_name":"Ocean Signal","article_modified_time":"2026-01-21T19:53:24+00:00","og_image":[{"width":432,"height":432,"url":"https:\/\/oceansignal.com\/wp-content\/uploads\/2023\/09\/OSL-Phone-App-EPERB2-PRO-001-1.png","type":"image\/png"}],"twitter_card":"summary_large_image","twitter_misc":{"Tiempo de lectura":"4 minutos"},"schema":{"@context":"https:\/\/schema.org","@graph":[{"@type":"WebPage","@id":"https:\/\/oceansignal.com\/es\/products\/rescueme-epirb2\/","url":"https:\/\/oceansignal.com\/es\/products\/rescueme-epirb2\/","name":"radiobaliza rescueME EPIRB2 - Ocean Signal","isPartOf":{"@id":"https:\/\/oceansignal.com\/es\/#website"},"primaryImageOfPage":{"@id":"https:\/\/oceansignal.com\/es\/products\/rescueme-epirb2\/#primaryimage"},"image":{"@id":"https:\/\/oceansignal.com\/es\/products\/rescueme-epirb2\/#primaryimage"},"thumbnailUrl":"https:\/\/oceansignal.com\/wp-content\/uploads\/2023\/09\/OSL-Phone-App-EPERB2-PRO-001-1.png","datePublished":"2023-09-07T12:44:22+00:00","dateModified":"2026-01-21T19:53:24+00:00","description":"Ocean Signal rescueME EPIRB2 : Radiobaliza de emergencia esencial para la seguridad mar\u00edtima. Conf\u00ede en EPIRB se\u00f1alizaci\u00f3n de emergencia fiable. \u00a1Compre ahora y tenga tranquilidad!","breadcrumb":{"@id":"https:\/\/oceansignal.com\/es\/products\/rescueme-epirb2\/#breadcrumb"},"inLanguage":"es","potentialAction":[{"@type":"ReadAction","target":["https:\/\/oceansignal.com\/es\/products\/rescueme-epirb2\/"]}]},{"@type":"ImageObject","inLanguage":"es","@id":"https:\/\/oceansignal.com\/es\/products\/rescueme-epirb2\/#primaryimage","url":"https:\/\/oceansignal.com\/wp-content\/uploads\/2023\/09\/OSL-Phone-App-EPERB2-PRO-001-1.png","contentUrl":"https:\/\/oceansignal.com\/wp-content\/uploads\/2023\/09\/OSL-Phone-App-EPERB2-PRO-001-1.png","width":432,"height":432,"caption":"Asegure sus aventuras mar\u00edtimas con Ocean Signal SafeSea EPIRB3 Pro : baliza de socorro confiable para una respuesta de emergencia r\u00e1pida"},{"@type":"BreadcrumbList","@id":"https:\/\/oceansignal.com\/es\/products\/rescueme-epirb2\/#breadcrumb","itemListElement":[{"@type":"ListItem","position":1,"name":"Tienda","item":"https:\/\/oceansignal.com\/es\/tienda\/"},{"@type":"ListItem","position":2,"name":"radiobaliza rescueME EPIRB2"}]},{"@type":"WebSite","@id":"https:\/\/oceansignal.com\/es\/#website","url":"https:\/\/oceansignal.com\/es\/","name":"Ocean Signal","description":"A leading manufacturer of EPIRBs, AIS, SARTs, Personal Locator Beacons, Man Overboard Beacon for the Marine and Outdoor Markets.","potentialAction":[{"@type":"SearchAction","target":{"@type":"EntryPoint","urlTemplate":"https:\/\/oceansignal.com\/es\/?s={search_term_string}"},"query-input":{"@type":"PropertyValueSpecification","valueRequired":true,"valueName":"search_term_string"}}],"inLanguage":"es"}]}},"_links":{"self":[{"href":"https:\/\/oceansignal.com\/es\/wp-json\/wp\/v2\/product\/7831","targetHints":{"allow":["GET"]}}],"collection":[{"href":"https:\/\/oceansignal.com\/es\/wp-json\/wp\/v2\/product"}],"about":[{"href":"https:\/\/oceansignal.com\/es\/wp-json\/wp\/v2\/types\/product"}],"wp:featuredmedia":[{"embeddable":true,"href":"https:\/\/oceansignal.com\/es\/wp-json\/wp\/v2\/media\/5928"}],"wp:attachment":[{"href":"https:\/\/oceansignal.com\/es\/wp-json\/wp\/v2\/media?parent=7831"}],"wp:term":[{"taxonomy":"product_brand","embeddable":true,"href":"https:\/\/oceansignal.com\/es\/wp-json\/wp\/v2\/product_brand?post=7831"},{"taxonomy":"product_cat","embeddable":true,"href":"https:\/\/oceansignal.com\/es\/wp-json\/wp\/v2\/product_cat?post=7831"},{"taxonomy":"product_tag","embeddable":true,"href":"https:\/\/oceansignal.com\/es\/wp-json\/wp\/v2\/product_tag?post=7831"}],"curies":[{"name":"wp","href":"https:\/\/api.w.org\/{rel}","templated":true}]}}