{"id":7843,"date":"2023-09-07T12:15:25","date_gmt":"2023-09-07T12:15:25","guid":{"rendered":"https:\/\/oceansignal.com\/products\/rescueme-epirb1-pro\/"},"modified":"2026-01-21T19:35:39","modified_gmt":"2026-01-21T19:35:39","slug":"rescueme-epirb1-pro","status":"publish","type":"product","link":"https:\/\/oceansignal.com\/es\/products\/rescueme-epirb1-pro\/","title":{"rendered":"rescueME EPIRB1 Pro"},"content":{"rendered":"<p class=\"ai-optimize-43 ai-optimize-introduction\">La radiobaliza de localizaci\u00f3n de emergencia (EPIRB1 Pro) m\u00e1s compacta del mundo combina su tama\u00f1o compacto con un dise\u00f1o resistente, convirti\u00e9ndola en una opci\u00f3n pr\u00e1ctica para satisfacer las necesidades de todo tipo de embarcaciones comerciales, pesqueras y recreativas. El producto ha sido dise\u00f1ado para una m\u00e1xima eficiencia y cuenta con una bater\u00eda de 10 a\u00f1os de duraci\u00f3n, adem\u00e1s de una excelente vida \u00fatil una vez activado, lo que mantiene a los servicios de rescate informados de su ubicaci\u00f3n durante m\u00e1s tiempo. <\/p>\n<p><iframe loading=\"lazy\" title=\"Ocean Signal GMDSS Suite: SafeSea EPIRB1Pro Overview\" width=\"500\" height=\"281\" src=\"https:\/\/www.youtube.com\/embed\/BRNTAX6pNq4?feature=oembed\" frameborder=\"0\" allow=\"accelerometer; autoplay; clipboard-write; encrypted-media; gyroscope; picture-in-picture; web-share\" referrerpolicy=\"strict-origin-when-cross-origin\" allowfullscreen><\/iframe><\/p>\n<p>&nbsp;<\/p>\n<p class=\"ai-optimize-44\">Descripci\u00f3n:<\/p>\n<p class=\"ai-optimize-45\">La EPIRB1 Pro de rescateMe opera en la banda satelital de 406 MHz. Esta banda comprende las frecuencias internacionales de socorro que <a href=\"https:\/\/www.cospas-sarsat.int\/en\/\">Cospas-Sarsat<\/a> , el operador internacional de sat\u00e9lites de b\u00fasqueda y rescate, monitorea constantemente, lo que garantiza una respuesta r\u00e1pida al recibir una se\u00f1al, sin importar en qu\u00e9 parte del mundo se encuentre. <\/p>\n<p class=\"ai-optimize-46\">Esta EPIRB est\u00e1 equipada con una radiobaliza de 121,5 MHz, utilizada por los servicios de rescate para la localizaci\u00f3n cercana de embarcaciones en peligro. Adem\u00e1s, la EPIRB est\u00e1 equipada con una luz estrobosc\u00f3pica LED de alta luminosidad para mayor impacto, especialmente de noche. Para situaciones de emergencia en las que el usuario no pueda llegar a tiempo a la EPIRB , la EPIRB1 Pro tambi\u00e9n incluye una carcasa de liberaci\u00f3n autom\u00e1tica de categor\u00eda I (com\u00fanmente conocida como \u00abflotaci\u00f3n libre\u00bb). Esto garantiza que la EPIRB se despliegue autom\u00e1ticamente desde el soporte mediante la unidad de liberaci\u00f3n hidrost\u00e1tica interna, y que luego se active autom\u00e1ticamente y flote a la superficie para enviar el mensaje de socorro a la red satelital.   <\/p>\n<p class=\"ai-optimize-47\">La carcasa de liberaci\u00f3n autom\u00e1tica (ARH) tambi\u00e9n incluye un pr\u00e1ctico adaptador que ofrece m\u00faltiples opciones de actualizaci\u00f3n. Utilice el adaptador para montar f\u00e1cilmente la ARH utilizando los mismos orificios de montaje que se utilizaban anteriormente para las radiobalizas de emergencia m\u00e1s antiguas y de mayor tama\u00f1o, como las Ocean Signal E100\/E100G, Jotron Tron 60s y McMurdo E5\/G5. <\/p>\n<p class=\"ai-optimize-48\">\u00bfNecesitas una EPIRB con AIS? Descubre la nueva <a href=\"https:\/\/oceansignal.com\/products\/safesea-epirb3-pro\/\">EPIRB3<\/a> <\/p>\n<p class=\"ai-optimize-49\"><strong>Funciones:<\/strong><\/p>\n<ul>\n<li class=\"ai-optimize-50\">Cumple con MED (2014\/90\/UE)<\/li>\n<li class=\"ai-optimize-51\">406 MHz (enlace v\u00eda sat\u00e9lite con los servicios de emergencia)<\/li>\n<li class=\"ai-optimize-52\">Se\u00f1al de referencia de 121,5 MHz (para ayudar a la localizaci\u00f3n final mediante b\u00fasqueda y rescate)<\/li>\n<li class=\"ai-optimize-53\">Luz estrobosc\u00f3pica de alta intensidad<\/li>\n<li class=\"ai-optimize-54\">30% (t\u00edpico) M\u00e1s peque\u00f1o<\/li>\n<li class=\"ai-optimize-55\">Duraci\u00f3n de la bater\u00eda de 10 a\u00f1os<\/li>\n<li class=\"ai-optimize-56\">Garant\u00eda de 2 a\u00f1os (se puede ampliar la garant\u00eda a 5 a\u00f1os mediante el registro del producto con Ocean Signal )<\/li>\n<li class=\"ai-optimize-57\">GPS de 66 canales (posicionamiento preciso de hechos)<\/li>\n<\/ul>\n<h3 class=\"ai-optimize-58\">Reemplazo de su EPIRB McMurdo con la EPIRB1 Ocean Signal<\/h3>\n<p><iframe loading=\"lazy\" title=\"Replacing your McMurdo with the EPIRB1\" width=\"500\" height=\"281\" src=\"https:\/\/www.youtube.com\/embed\/7o7i59BIpQs?feature=oembed\" frameborder=\"0\" allow=\"accelerometer; autoplay; clipboard-write; encrypted-media; gyroscope; picture-in-picture; web-share\" referrerpolicy=\"strict-origin-when-cross-origin\" allowfullscreen><\/iframe><\/p>\n","protected":false},"excerpt":{"rendered":"<p>La EPIRB m\u00e1s compacta del mundo con carcasa de liberaci\u00f3n autom\u00e1tica de categor\u00eda I<\/p>\n<ul>\n<li>Compra \u00fanica. Sin cuotas de suscripci\u00f3n. <\/li>\n<li>Incluye carcasa de liberaci\u00f3n autom\u00e1tica de categor\u00eda I (com\u00fanmente conocida como \u00abflotaci\u00f3n libre\u00bb)<\/li>\n<li>Cumple con la Directiva de equipos de radio: 2014\/53\/UE<\/li>\n<li>406 MHz (enlace v\u00eda sat\u00e9lite con los servicios de emergencia)<\/li>\n<li>Se\u00f1al de referencia de 121,5 MHz (para ayudar a la localizaci\u00f3n final mediante b\u00fasqueda y rescate)<\/li>\n<li>Luz estrobosc\u00f3pica de alta intensidad<\/li>\n<li>30% (t\u00edpico) M\u00e1s peque\u00f1o<\/li>\n<li>Duraci\u00f3n de la bater\u00eda de 10 a\u00f1os<\/li>\n<li>Garant\u00eda de 2 a\u00f1os (se puede ampliar la garant\u00eda a 5 a\u00f1os mediante el registro del producto con Ocean Signal )<\/li>\n<li>GPS de 66 canales (posicionamiento preciso de hechos)<\/li>\n<\/ul>\n<p><a href=\"https:\/\/www.dropbox.com\/s\/fk04stqsp2hgk5f\/Prop%2065%20-%20DEHP.pdf?dl=0\">ADVERTENCIA (EE. UU.\/CA): PROP 65<\/a><\/p>\n","protected":false},"featured_media":12443,"template":"","meta":{"_acf_changed":false,"om_disable_all_campaigns":false},"product_brand":[],"product_cat":[866,470],"product_tag":[1297,1296,868,907,919],"class_list":{"0":"post-7843","1":"product","2":"type-product","3":"status-publish","4":"has-post-thumbnail","6":"product_cat-epirb-es","7":"product_cat-rescueme-es","8":"product_tag-carcasa-de-liberacion-automatica","9":"product_tag-categoria-1-es","10":"product_tag-epirb-es","11":"product_tag-rls1","12":"product_tag-rls1-pro","14":"first","15":"instock","16":"taxable","17":"shipping-taxable","18":"purchasable","19":"product-type-simple"},"acf":[],"yoast_head":"<!-- This site is optimized with the Yoast SEO Premium plugin v25.2 (Yoast SEO v26.4) - https:\/\/yoast.com\/wordpress\/plugins\/seo\/ -->\n<title>rescueME EPIRB1 Pro - Ocean Signal<\/title>\n<meta name=\"description\" content=\"Ocean Signal EPIRB1 Pro con soporte flotante: su compa\u00f1ero de confianza para la seguridad mar\u00edtima, garantizando una r\u00e1pida se\u00f1alizaci\u00f3n de socorro en el mar.\" \/>\n<meta name=\"robots\" content=\"index, follow, max-snippet:-1, max-image-preview:large, max-video-preview:-1\" \/>\n<link rel=\"canonical\" href=\"https:\/\/oceansignal.com\/es\/products\/rescueme-epirb1-pro\/\" \/>\n<meta property=\"og:locale\" content=\"es_ES\" \/>\n<meta property=\"og:type\" content=\"article\" \/>\n<meta property=\"og:title\" content=\"rescueME EPIRB1 Pro\" \/>\n<meta property=\"og:description\" content=\"Ocean Signal EPIRB1 Pro con soporte flotante: su compa\u00f1ero de confianza para la seguridad mar\u00edtima, garantizando una r\u00e1pida se\u00f1alizaci\u00f3n de socorro en el mar.\" \/>\n<meta property=\"og:url\" content=\"https:\/\/oceansignal.com\/es\/products\/rescueme-epirb1-pro\/\" \/>\n<meta property=\"og:site_name\" content=\"Ocean Signal\" \/>\n<meta property=\"article:modified_time\" content=\"2026-01-21T19:35:39+00:00\" \/>\n<meta property=\"og:image\" content=\"https:\/\/oceansignal.com\/wp-content\/uploads\/2023\/09\/EPRIB1-PRO-Front.png\" \/>\n\t<meta property=\"og:image:width\" content=\"800\" \/>\n\t<meta property=\"og:image:height\" content=\"800\" \/>\n\t<meta property=\"og:image:type\" content=\"image\/png\" \/>\n<meta name=\"twitter:card\" content=\"summary_large_image\" \/>\n<meta name=\"twitter:label1\" content=\"Tiempo de lectura\" \/>\n\t<meta name=\"twitter:data1\" content=\"3 minutos\" \/>\n<script type=\"application\/ld+json\" class=\"yoast-schema-graph\">{\"@context\":\"https:\/\/schema.org\",\"@graph\":[{\"@type\":\"WebPage\",\"@id\":\"https:\/\/oceansignal.com\/es\/products\/rescueme-epirb1-pro\/\",\"url\":\"https:\/\/oceansignal.com\/es\/products\/rescueme-epirb1-pro\/\",\"name\":\"rescueME EPIRB1 Pro - Ocean Signal\",\"isPartOf\":{\"@id\":\"https:\/\/oceansignal.com\/es\/#website\"},\"primaryImageOfPage\":{\"@id\":\"https:\/\/oceansignal.com\/es\/products\/rescueme-epirb1-pro\/#primaryimage\"},\"image\":{\"@id\":\"https:\/\/oceansignal.com\/es\/products\/rescueme-epirb1-pro\/#primaryimage\"},\"thumbnailUrl\":\"https:\/\/oceansignal.com\/wp-content\/uploads\/2023\/09\/EPRIB1-PRO-Front.png\",\"datePublished\":\"2023-09-07T12:15:25+00:00\",\"dateModified\":\"2026-01-21T19:35:39+00:00\",\"description\":\"Ocean Signal EPIRB1 Pro con soporte flotante: su compa\u00f1ero de confianza para la seguridad mar\u00edtima, garantizando una r\u00e1pida se\u00f1alizaci\u00f3n de socorro en el mar.\",\"breadcrumb\":{\"@id\":\"https:\/\/oceansignal.com\/es\/products\/rescueme-epirb1-pro\/#breadcrumb\"},\"inLanguage\":\"es\",\"potentialAction\":[{\"@type\":\"ReadAction\",\"target\":[\"https:\/\/oceansignal.com\/es\/products\/rescueme-epirb1-pro\/\"]}]},{\"@type\":\"ImageObject\",\"inLanguage\":\"es\",\"@id\":\"https:\/\/oceansignal.com\/es\/products\/rescueme-epirb1-pro\/#primaryimage\",\"url\":\"https:\/\/oceansignal.com\/wp-content\/uploads\/2023\/09\/EPRIB1-PRO-Front.png\",\"contentUrl\":\"https:\/\/oceansignal.com\/wp-content\/uploads\/2023\/09\/EPRIB1-PRO-Front.png\",\"width\":800,\"height\":800},{\"@type\":\"BreadcrumbList\",\"@id\":\"https:\/\/oceansignal.com\/es\/products\/rescueme-epirb1-pro\/#breadcrumb\",\"itemListElement\":[{\"@type\":\"ListItem\",\"position\":1,\"name\":\"Tienda\",\"item\":\"https:\/\/oceansignal.com\/es\/tienda\/\"},{\"@type\":\"ListItem\",\"position\":2,\"name\":\"rescueME EPIRB1 Pro\"}]},{\"@type\":\"WebSite\",\"@id\":\"https:\/\/oceansignal.com\/es\/#website\",\"url\":\"https:\/\/oceansignal.com\/es\/\",\"name\":\"Ocean Signal\",\"description\":\"A leading manufacturer of EPIRBs, AIS, SARTs, Personal Locator Beacons, Man Overboard Beacon for the Marine and Outdoor Markets.\",\"potentialAction\":[{\"@type\":\"SearchAction\",\"target\":{\"@type\":\"EntryPoint\",\"urlTemplate\":\"https:\/\/oceansignal.com\/es\/?s={search_term_string}\"},\"query-input\":{\"@type\":\"PropertyValueSpecification\",\"valueRequired\":true,\"valueName\":\"search_term_string\"}}],\"inLanguage\":\"es\"}]}<\/script>\n<!-- \/ Yoast SEO Premium plugin. -->","yoast_head_json":{"title":"rescueME EPIRB1 Pro - Ocean Signal","description":"Ocean Signal EPIRB1 Pro con soporte flotante: su compa\u00f1ero de confianza para la seguridad mar\u00edtima, garantizando una r\u00e1pida se\u00f1alizaci\u00f3n de socorro en el mar.","robots":{"index":"index","follow":"follow","max-snippet":"max-snippet:-1","max-image-preview":"max-image-preview:large","max-video-preview":"max-video-preview:-1"},"canonical":"https:\/\/oceansignal.com\/es\/products\/rescueme-epirb1-pro\/","og_locale":"es_ES","og_type":"article","og_title":"rescueME EPIRB1 Pro","og_description":"Ocean Signal EPIRB1 Pro con soporte flotante: su compa\u00f1ero de confianza para la seguridad mar\u00edtima, garantizando una r\u00e1pida se\u00f1alizaci\u00f3n de socorro en el mar.","og_url":"https:\/\/oceansignal.com\/es\/products\/rescueme-epirb1-pro\/","og_site_name":"Ocean Signal","article_modified_time":"2026-01-21T19:35:39+00:00","og_image":[{"width":800,"height":800,"url":"https:\/\/oceansignal.com\/wp-content\/uploads\/2023\/09\/EPRIB1-PRO-Front.png","type":"image\/png"}],"twitter_card":"summary_large_image","twitter_misc":{"Tiempo de lectura":"3 minutos"},"schema":{"@context":"https:\/\/schema.org","@graph":[{"@type":"WebPage","@id":"https:\/\/oceansignal.com\/es\/products\/rescueme-epirb1-pro\/","url":"https:\/\/oceansignal.com\/es\/products\/rescueme-epirb1-pro\/","name":"rescueME EPIRB1 Pro - Ocean Signal","isPartOf":{"@id":"https:\/\/oceansignal.com\/es\/#website"},"primaryImageOfPage":{"@id":"https:\/\/oceansignal.com\/es\/products\/rescueme-epirb1-pro\/#primaryimage"},"image":{"@id":"https:\/\/oceansignal.com\/es\/products\/rescueme-epirb1-pro\/#primaryimage"},"thumbnailUrl":"https:\/\/oceansignal.com\/wp-content\/uploads\/2023\/09\/EPRIB1-PRO-Front.png","datePublished":"2023-09-07T12:15:25+00:00","dateModified":"2026-01-21T19:35:39+00:00","description":"Ocean Signal EPIRB1 Pro con soporte flotante: su compa\u00f1ero de confianza para la seguridad mar\u00edtima, garantizando una r\u00e1pida se\u00f1alizaci\u00f3n de socorro en el mar.","breadcrumb":{"@id":"https:\/\/oceansignal.com\/es\/products\/rescueme-epirb1-pro\/#breadcrumb"},"inLanguage":"es","potentialAction":[{"@type":"ReadAction","target":["https:\/\/oceansignal.com\/es\/products\/rescueme-epirb1-pro\/"]}]},{"@type":"ImageObject","inLanguage":"es","@id":"https:\/\/oceansignal.com\/es\/products\/rescueme-epirb1-pro\/#primaryimage","url":"https:\/\/oceansignal.com\/wp-content\/uploads\/2023\/09\/EPRIB1-PRO-Front.png","contentUrl":"https:\/\/oceansignal.com\/wp-content\/uploads\/2023\/09\/EPRIB1-PRO-Front.png","width":800,"height":800},{"@type":"BreadcrumbList","@id":"https:\/\/oceansignal.com\/es\/products\/rescueme-epirb1-pro\/#breadcrumb","itemListElement":[{"@type":"ListItem","position":1,"name":"Tienda","item":"https:\/\/oceansignal.com\/es\/tienda\/"},{"@type":"ListItem","position":2,"name":"rescueME EPIRB1 Pro"}]},{"@type":"WebSite","@id":"https:\/\/oceansignal.com\/es\/#website","url":"https:\/\/oceansignal.com\/es\/","name":"Ocean Signal","description":"A leading manufacturer of EPIRBs, AIS, SARTs, Personal Locator Beacons, Man Overboard Beacon for the Marine and Outdoor Markets.","potentialAction":[{"@type":"SearchAction","target":{"@type":"EntryPoint","urlTemplate":"https:\/\/oceansignal.com\/es\/?s={search_term_string}"},"query-input":{"@type":"PropertyValueSpecification","valueRequired":true,"valueName":"search_term_string"}}],"inLanguage":"es"}]}},"_links":{"self":[{"href":"https:\/\/oceansignal.com\/es\/wp-json\/wp\/v2\/product\/7843","targetHints":{"allow":["GET"]}}],"collection":[{"href":"https:\/\/oceansignal.com\/es\/wp-json\/wp\/v2\/product"}],"about":[{"href":"https:\/\/oceansignal.com\/es\/wp-json\/wp\/v2\/types\/product"}],"wp:featuredmedia":[{"embeddable":true,"href":"https:\/\/oceansignal.com\/es\/wp-json\/wp\/v2\/media\/12443"}],"wp:attachment":[{"href":"https:\/\/oceansignal.com\/es\/wp-json\/wp\/v2\/media?parent=7843"}],"wp:term":[{"taxonomy":"product_brand","embeddable":true,"href":"https:\/\/oceansignal.com\/es\/wp-json\/wp\/v2\/product_brand?post=7843"},{"taxonomy":"product_cat","embeddable":true,"href":"https:\/\/oceansignal.com\/es\/wp-json\/wp\/v2\/product_cat?post=7843"},{"taxonomy":"product_tag","embeddable":true,"href":"https:\/\/oceansignal.com\/es\/wp-json\/wp\/v2\/product_tag?post=7843"}],"curies":[{"name":"wp","href":"https:\/\/api.w.org\/{rel}","templated":true}]}}