{"id":7855,"date":"2023-09-07T11:09:06","date_gmt":"2023-09-07T11:09:06","guid":{"rendered":"https:\/\/oceansignal.com\/products\/rescueme-epirb1\/"},"modified":"2026-01-21T19:36:16","modified_gmt":"2026-01-21T19:36:16","slug":"rescueme-epirb1","status":"publish","type":"product","link":"https:\/\/oceansignal.com\/es\/products\/rescueme-epirb1\/","title":{"rendered":"radiobaliza de rescate RescueME 1"},"content":{"rendered":"<p>Resumen:<\/p>\n<p>La EPIRB1 de rescateME proporciona tranquilidad con una impresionante duraci\u00f3n de bater\u00eda de 10 a\u00f1os.<\/p>\n<p>La radiobaliza de localizaci\u00f3n de emergencia ( EPIRB m\u00e1s compacta del mundo siempre est\u00e1 a mano, ya que su peque\u00f1o tama\u00f1o permite guardarla f\u00e1cilmente en su soporte de liberaci\u00f3n r\u00e1pida manual o colocarla en una bolsa de emergencia o en una balsa salvavidas. Una sencilla pesta\u00f1a protectora sobre las teclas de operaci\u00f3n evita la activaci\u00f3n accidental, pero permite una f\u00e1cil operaci\u00f3n cuando es necesario. <\/p>\n<p>La radiobaliza RescueME 1 tambi\u00e9n cuenta con dos luces estrobosc\u00f3picas de alta luminosidad para maximizar la visibilidad en condiciones de poca luz. La antena retr\u00e1ctil proporciona la m\u00e1xima protecci\u00f3n y un contorno reducido para su almacenamiento. Cuando es necesario, la antena se despliega f\u00e1cilmente con un suave tir\u00f3n. <\/p>\n<p>Blog sugerido: <a href=\"https:\/\/oceansignal.com\/es\/news\/que-es-una-radiobaliza-indicadora-de-posicion-de-emergencia-o-epirb\/\">\u00bfQu\u00e9 es una EPIRB ?<\/a><\/p>\n<p>Descripci\u00f3n del Producto:<\/p>\n<p>Presentamos la EPIRB rescueME de Ocean Signal: su compa\u00f1ero confiable para la seguridad mar\u00edtima.<\/p>\n<p>Dise\u00f1ada para alertar r\u00e1pidamente a los equipos de b\u00fasqueda y rescate en caso de emergencia mar\u00edtima, esta compacta radiobaliza de localizaci\u00f3n de emergencia (EPIRB) es su salvavidas en el agua. Ya sea marinero, pescador o aventurero, la EPIRB1 de rescueME garantiza que su se\u00f1al de socorro se transmita con precisi\u00f3n, facilitando una respuesta r\u00e1pida a su ubicaci\u00f3n. Con su tecnolog\u00eda de vanguardia y dise\u00f1o intuitivo, este dispositivo esencial ofrece una tranquilidad inigualable, permiti\u00e9ndole navegar con confianza.  <\/p>\n<p>La EPIRB1 de rescateME se suministra de serie con un GPS integrado de 66 canales, que proporciona informaci\u00f3n precisa de la posici\u00f3n a los servicios de emergencia para facilitar un rescate r\u00e1pido. Al activarse, la EPIRB1 transmite su posici\u00f3n e identificaci\u00f3n \u00fanica a un Centro de Coordinaci\u00f3n de Rescate mediante un enlace satelital. Esta informaci\u00f3n se env\u00eda a los servicios locales de b\u00fasqueda y rescate correspondientes, permiti\u00e9ndoles conocer su ubicaci\u00f3n exacta gracias al GPS de 66 canales.  <\/p>\n<p>\u00bfNecesitas una radiobaliza de localizaci\u00f3n de siniestros (RAIS) con AIS? Descubre la nueva <a href=\"https:\/\/oceansignal.com\/products\/safesea-epirb3-pro\/\">RLS3.<\/a> <\/p>\n<p>&nbsp;<\/p>\n<p><strong>Funciones:<\/strong><\/p>\n<ul>\n<li>30% (t\u00edpico) m\u00e1s peque\u00f1o*<\/li>\n<li>Duraci\u00f3n de la bater\u00eda de 10 a\u00f1os<\/li>\n<li>48+ horas de vida operativa<\/li>\n<li>Garant\u00eda de 2 a\u00f1os \u2020 (puede extenderse la garant\u00eda a 5 a\u00f1os mediante el registro del producto)<\/li>\n<li>Posicionamiento r\u00e1pido y preciso con GPS de 66 canales<\/li>\n<li>Antena retr\u00e1ctil<\/li>\n<li>Soporte de liberaci\u00f3n r\u00e1pida<\/li>\n<li>Cord\u00f3n de seguridad<\/li>\n<li>Fabricado en el Reino Unido (UK)<\/li>\n<\/ul>\n<p>&nbsp;<\/p>\n<p>*30% m\u00e1s peque\u00f1o, en comparaci\u00f3n con otros productos aprobados seg\u00fan est\u00e1ndares reconocidos (julio de 2014)<\/p>\n<p>\u2020 Sujeto a declaraci\u00f3n de garant\u00eda<\/p>\n<p>Para traves\u00edas m\u00e1s largas en alta mar o en oc\u00e9ano, la <a href=\"http:\/\/oceansignal.com\/products\/rescueme-epirb1-pro\/\">EPIRB1 Pro<\/a> de Ocean Signal ofrece una carcasa de liberaci\u00f3n autom\u00e1tica.<\/p>\n<p>&nbsp;<\/p>\n","protected":false},"excerpt":{"rendered":"<p>La radiobaliza de localizaci\u00f3n de emergencia ( EPIRB ) m\u00e1s compacta del mundo<\/p>\n<p><strong>Funciones:<\/strong><\/p>\n<ul>\n<li>Compra \u00fanica. Sin cuotas de suscripci\u00f3n. <\/li>\n<li>Duraci\u00f3n de la bater\u00eda de 10 a\u00f1os<\/li>\n<li>48+ horas de vida operativa<\/li>\n<li>Posicionamiento r\u00e1pido y preciso con GPS de 66 canales y 406 Mhz + 121,5 Mhz<\/li>\n<li>Garant\u00eda de 2 a\u00f1os \u2020 (puede extenderse la garant\u00eda a 5 a\u00f1os mediante el registro del producto)<\/li>\n<li>Antena retr\u00e1ctil<\/li>\n<li>Soporte de liberaci\u00f3n r\u00e1pida<\/li>\n<li>Cord\u00f3n de seguridad<\/li>\n<li>Fabricado en el Reino Unido (UK)<\/li>\n<\/ul>\n<p><a href=\"https:\/\/www.dropbox.com\/s\/fk04stqsp2hgk5f\/Prop%2065%20-%20DEHP.pdf?dl=0\">ADVERTENCIA: PROPOSICI\u00d3N 65<\/a><\/p>\n<p>&nbsp;<\/p>\n","protected":false},"featured_media":35487,"template":"","meta":{"_acf_changed":false,"om_disable_all_campaigns":false},"product_brand":[],"product_cat":[866,470],"product_tag":[868,908,906,907,909],"class_list":{"0":"post-7855","1":"product","2":"type-product","3":"status-publish","4":"has-post-thumbnail","6":"product_cat-epirb-es","7":"product_cat-rescueme-es","8":"product_tag-epirb-es","9":"product_tag-gps-es","10":"product_tag-radiobaliza-indicadora-de-posicion-de-emergencia","11":"product_tag-rls1","12":"product_tag-seguridad-maritima","14":"first","15":"instock","16":"taxable","17":"shipping-taxable","18":"purchasable","19":"product-type-simple"},"acf":[],"yoast_head":"<!-- This site is optimized with the Yoast SEO Premium plugin v25.2 (Yoast SEO v26.4) - https:\/\/yoast.com\/wordpress\/plugins\/seo\/ -->\n<title>radiobaliza de rescate RescueME 1 - Ocean Signal<\/title>\n<meta name=\"description\" content=\"Mant\u00e9ngase seguro en el mar con la radiobaliza de localizaci\u00f3n de emergencia RescueME EPIRB1 de Ocean Signal. Compacta y fiable, ideal para aventuras mar\u00edtimas.\" \/>\n<meta name=\"robots\" content=\"index, follow, max-snippet:-1, max-image-preview:large, max-video-preview:-1\" \/>\n<link rel=\"canonical\" href=\"https:\/\/oceansignal.com\/es\/products\/rescueme-epirb1\/\" \/>\n<meta property=\"og:locale\" content=\"es_ES\" \/>\n<meta property=\"og:type\" content=\"article\" \/>\n<meta property=\"og:title\" content=\"radiobaliza de rescate RescueME 1\" \/>\n<meta property=\"og:description\" content=\"Mant\u00e9ngase seguro en el mar con la radiobaliza de localizaci\u00f3n de emergencia RescueME EPIRB1 de Ocean Signal. Compacta y fiable, ideal para aventuras mar\u00edtimas.\" \/>\n<meta property=\"og:url\" content=\"https:\/\/oceansignal.com\/es\/products\/rescueme-epirb1\/\" \/>\n<meta property=\"og:site_name\" content=\"Ocean Signal\" \/>\n<meta property=\"article:modified_time\" content=\"2026-01-21T19:36:16+00:00\" \/>\n<meta property=\"og:image\" content=\"https:\/\/oceansignal.com\/wp-content\/uploads\/2023\/09\/Ocean-Signal-EPIRB-1-Front.webp\" \/>\n\t<meta property=\"og:image:width\" content=\"800\" \/>\n\t<meta property=\"og:image:height\" content=\"800\" \/>\n\t<meta property=\"og:image:type\" content=\"image\/webp\" \/>\n<meta name=\"twitter:card\" content=\"summary_large_image\" \/>\n<meta name=\"twitter:label1\" content=\"Tiempo de lectura\" \/>\n\t<meta name=\"twitter:data1\" content=\"2 minutos\" \/>\n<script type=\"application\/ld+json\" class=\"yoast-schema-graph\">{\"@context\":\"https:\/\/schema.org\",\"@graph\":[{\"@type\":\"WebPage\",\"@id\":\"https:\/\/oceansignal.com\/es\/products\/rescueme-epirb1\/\",\"url\":\"https:\/\/oceansignal.com\/es\/products\/rescueme-epirb1\/\",\"name\":\"radiobaliza de rescate RescueME 1 - Ocean Signal\",\"isPartOf\":{\"@id\":\"https:\/\/oceansignal.com\/es\/#website\"},\"primaryImageOfPage\":{\"@id\":\"https:\/\/oceansignal.com\/es\/products\/rescueme-epirb1\/#primaryimage\"},\"image\":{\"@id\":\"https:\/\/oceansignal.com\/es\/products\/rescueme-epirb1\/#primaryimage\"},\"thumbnailUrl\":\"https:\/\/oceansignal.com\/wp-content\/uploads\/2023\/09\/Ocean-Signal-EPIRB-1-Front.webp\",\"datePublished\":\"2023-09-07T11:09:06+00:00\",\"dateModified\":\"2026-01-21T19:36:16+00:00\",\"description\":\"Mant\u00e9ngase seguro en el mar con la radiobaliza de localizaci\u00f3n de emergencia RescueME EPIRB1 de Ocean Signal. Compacta y fiable, ideal para aventuras mar\u00edtimas.\",\"breadcrumb\":{\"@id\":\"https:\/\/oceansignal.com\/es\/products\/rescueme-epirb1\/#breadcrumb\"},\"inLanguage\":\"es\",\"potentialAction\":[{\"@type\":\"ReadAction\",\"target\":[\"https:\/\/oceansignal.com\/es\/products\/rescueme-epirb1\/\"]}]},{\"@type\":\"ImageObject\",\"inLanguage\":\"es\",\"@id\":\"https:\/\/oceansignal.com\/es\/products\/rescueme-epirb1\/#primaryimage\",\"url\":\"https:\/\/oceansignal.com\/wp-content\/uploads\/2023\/09\/Ocean-Signal-EPIRB-1-Front.webp\",\"contentUrl\":\"https:\/\/oceansignal.com\/wp-content\/uploads\/2023\/09\/Ocean-Signal-EPIRB-1-Front.webp\",\"width\":800,\"height\":800},{\"@type\":\"BreadcrumbList\",\"@id\":\"https:\/\/oceansignal.com\/es\/products\/rescueme-epirb1\/#breadcrumb\",\"itemListElement\":[{\"@type\":\"ListItem\",\"position\":1,\"name\":\"Tienda\",\"item\":\"https:\/\/oceansignal.com\/es\/tienda\/\"},{\"@type\":\"ListItem\",\"position\":2,\"name\":\"radiobaliza de rescate RescueME 1\"}]},{\"@type\":\"WebSite\",\"@id\":\"https:\/\/oceansignal.com\/es\/#website\",\"url\":\"https:\/\/oceansignal.com\/es\/\",\"name\":\"Ocean Signal\",\"description\":\"A leading manufacturer of EPIRBs, AIS, SARTs, Personal Locator Beacons, Man Overboard Beacon for the Marine and Outdoor Markets.\",\"potentialAction\":[{\"@type\":\"SearchAction\",\"target\":{\"@type\":\"EntryPoint\",\"urlTemplate\":\"https:\/\/oceansignal.com\/es\/?s={search_term_string}\"},\"query-input\":{\"@type\":\"PropertyValueSpecification\",\"valueRequired\":true,\"valueName\":\"search_term_string\"}}],\"inLanguage\":\"es\"}]}<\/script>\n<!-- \/ Yoast SEO Premium plugin. -->","yoast_head_json":{"title":"radiobaliza de rescate RescueME 1 - Ocean Signal","description":"Mant\u00e9ngase seguro en el mar con la radiobaliza de localizaci\u00f3n de emergencia RescueME EPIRB1 de Ocean Signal. Compacta y fiable, ideal para aventuras mar\u00edtimas.","robots":{"index":"index","follow":"follow","max-snippet":"max-snippet:-1","max-image-preview":"max-image-preview:large","max-video-preview":"max-video-preview:-1"},"canonical":"https:\/\/oceansignal.com\/es\/products\/rescueme-epirb1\/","og_locale":"es_ES","og_type":"article","og_title":"radiobaliza de rescate RescueME 1","og_description":"Mant\u00e9ngase seguro en el mar con la radiobaliza de localizaci\u00f3n de emergencia RescueME EPIRB1 de Ocean Signal. Compacta y fiable, ideal para aventuras mar\u00edtimas.","og_url":"https:\/\/oceansignal.com\/es\/products\/rescueme-epirb1\/","og_site_name":"Ocean Signal","article_modified_time":"2026-01-21T19:36:16+00:00","og_image":[{"width":800,"height":800,"url":"https:\/\/oceansignal.com\/wp-content\/uploads\/2023\/09\/Ocean-Signal-EPIRB-1-Front.webp","type":"image\/webp"}],"twitter_card":"summary_large_image","twitter_misc":{"Tiempo de lectura":"2 minutos"},"schema":{"@context":"https:\/\/schema.org","@graph":[{"@type":"WebPage","@id":"https:\/\/oceansignal.com\/es\/products\/rescueme-epirb1\/","url":"https:\/\/oceansignal.com\/es\/products\/rescueme-epirb1\/","name":"radiobaliza de rescate RescueME 1 - Ocean Signal","isPartOf":{"@id":"https:\/\/oceansignal.com\/es\/#website"},"primaryImageOfPage":{"@id":"https:\/\/oceansignal.com\/es\/products\/rescueme-epirb1\/#primaryimage"},"image":{"@id":"https:\/\/oceansignal.com\/es\/products\/rescueme-epirb1\/#primaryimage"},"thumbnailUrl":"https:\/\/oceansignal.com\/wp-content\/uploads\/2023\/09\/Ocean-Signal-EPIRB-1-Front.webp","datePublished":"2023-09-07T11:09:06+00:00","dateModified":"2026-01-21T19:36:16+00:00","description":"Mant\u00e9ngase seguro en el mar con la radiobaliza de localizaci\u00f3n de emergencia RescueME EPIRB1 de Ocean Signal. Compacta y fiable, ideal para aventuras mar\u00edtimas.","breadcrumb":{"@id":"https:\/\/oceansignal.com\/es\/products\/rescueme-epirb1\/#breadcrumb"},"inLanguage":"es","potentialAction":[{"@type":"ReadAction","target":["https:\/\/oceansignal.com\/es\/products\/rescueme-epirb1\/"]}]},{"@type":"ImageObject","inLanguage":"es","@id":"https:\/\/oceansignal.com\/es\/products\/rescueme-epirb1\/#primaryimage","url":"https:\/\/oceansignal.com\/wp-content\/uploads\/2023\/09\/Ocean-Signal-EPIRB-1-Front.webp","contentUrl":"https:\/\/oceansignal.com\/wp-content\/uploads\/2023\/09\/Ocean-Signal-EPIRB-1-Front.webp","width":800,"height":800},{"@type":"BreadcrumbList","@id":"https:\/\/oceansignal.com\/es\/products\/rescueme-epirb1\/#breadcrumb","itemListElement":[{"@type":"ListItem","position":1,"name":"Tienda","item":"https:\/\/oceansignal.com\/es\/tienda\/"},{"@type":"ListItem","position":2,"name":"radiobaliza de rescate RescueME 1"}]},{"@type":"WebSite","@id":"https:\/\/oceansignal.com\/es\/#website","url":"https:\/\/oceansignal.com\/es\/","name":"Ocean Signal","description":"A leading manufacturer of EPIRBs, AIS, SARTs, Personal Locator Beacons, Man Overboard Beacon for the Marine and Outdoor Markets.","potentialAction":[{"@type":"SearchAction","target":{"@type":"EntryPoint","urlTemplate":"https:\/\/oceansignal.com\/es\/?s={search_term_string}"},"query-input":{"@type":"PropertyValueSpecification","valueRequired":true,"valueName":"search_term_string"}}],"inLanguage":"es"}]}},"_links":{"self":[{"href":"https:\/\/oceansignal.com\/es\/wp-json\/wp\/v2\/product\/7855","targetHints":{"allow":["GET"]}}],"collection":[{"href":"https:\/\/oceansignal.com\/es\/wp-json\/wp\/v2\/product"}],"about":[{"href":"https:\/\/oceansignal.com\/es\/wp-json\/wp\/v2\/types\/product"}],"wp:featuredmedia":[{"embeddable":true,"href":"https:\/\/oceansignal.com\/es\/wp-json\/wp\/v2\/media\/35487"}],"wp:attachment":[{"href":"https:\/\/oceansignal.com\/es\/wp-json\/wp\/v2\/media?parent=7855"}],"wp:term":[{"taxonomy":"product_brand","embeddable":true,"href":"https:\/\/oceansignal.com\/es\/wp-json\/wp\/v2\/product_brand?post=7855"},{"taxonomy":"product_cat","embeddable":true,"href":"https:\/\/oceansignal.com\/es\/wp-json\/wp\/v2\/product_cat?post=7855"},{"taxonomy":"product_tag","embeddable":true,"href":"https:\/\/oceansignal.com\/es\/wp-json\/wp\/v2\/product_tag?post=7855"}],"curies":[{"name":"wp","href":"https:\/\/api.w.org\/{rel}","templated":true}]}}