{"id":7867,"date":"2023-09-08T08:24:00","date_gmt":"2023-09-08T08:24:00","guid":{"rendered":"https:\/\/oceansignal.com\/products\/bengala-rescueme-edf1\/"},"modified":"2026-01-21T20:24:46","modified_gmt":"2026-01-21T20:24:46","slug":"bengala-rescueme-edf1","status":"publish","type":"product","link":"https:\/\/oceansignal.com\/es\/products\/bengala-rescueme-edf1\/","title":{"rendered":"RescueME EDF1 Flare"},"content":{"rendered":"<p>La bengala electr\u00f3nica de emergencia <strong>EDF1 rescueME<\/strong> ofrece a los usuarios una soluci\u00f3n segura y duradera para la se\u00f1alizaci\u00f3n visual en caso de emergencia. El dise\u00f1o exclusivo de la lente combinado con el uso de LED avanzados y tecnolog\u00eda de circuitos de alta eficiencia garantiza un nivel constante de salida de luz durante la vida \u00fatil de la bater\u00eda reemplazable por el usuario. <\/p>\n<p>La salida de luz es un haz de m\u00e1s de 30\u00b0 en todo el acimut de 360\u00b0, lo que proporciona una cobertura de luz seis veces mayor que otras bengalas electr\u00f3nicas*. La luz tambi\u00e9n se distribuye por todo el hemisferio por encima de la unidad para garantizar la visibilidad desde el aire. <\/p>\n<p>A diferencia de las bengalas pirot\u00e9cnicas de un solo uso, la <strong>rescueME EDF1<\/strong> se puede utilizar repetidamente en cualquiera de sus cuatro modos, lo que garantiza que se mantenga una visibilidad continua durante un per\u00edodo m\u00e1s prolongado. La unidad es segura de almacenar y utilizar, y al mismo tiempo elimina las preocupaciones asociadas con su eliminaci\u00f3n. Su tama\u00f1o compacto y su dise\u00f1o resistente hacen que la <strong>rescueME EDF1<\/strong> sea el producto de seguridad perfecto para una bolsa de emergencia, una balsa salvavidas o una mochila de excursionista.  <\/p>\n<p><em>La bater\u00eda de repuesto, LB10F, se puede pedir a <a href=\"https:\/\/oceansignal.com\/es\/apoyo\/localizador-de-concesionarios\/\">los minoristas Ocean Signal<\/a> que tengan en stock el EDF1. El c\u00f3digo de pedido es 751S-01771. <\/em><\/p>\n<p>\u00bfNecesita una Flare electr\u00f3nica aprobada por la USCG? <a href=\"https:\/\/www.acrartex.com\/products\/resqflare-boat-flare\/\">ACR ResQFlare<\/a><\/p>\n","protected":false},"excerpt":{"rendered":"<p>Bengala de emergencia LED EDF1: una excelente alternativa a las bengalas pirot\u00e9cnicas tradicionales<\/p>\n<ul>\n<li>Tecnolog\u00eda LED avanzada: funcionamiento seguro<\/li>\n<li>Excelente visibilidad de 360 grados en el Azimut<\/li>\n<li>Hasta 6 horas de uso de bater\u00eda<\/li>\n<li>Cuatro modos de funcionamiento m\u00e1s se\u00f1alizaci\u00f3n SOS Bater\u00eda reemplazable de f\u00e1cil cambio<\/li>\n<li>Alcance de hasta 7 millas<\/li>\n<li>Funci\u00f3n de prueba de bater\u00eda<\/li>\n<li>Dise\u00f1o compacto y resistente.<\/li>\n<li>Excelente visibilidad para SAR de aeronaves y helic\u00f3pteros.<\/li>\n<li>Brillo constante mantenido durante toda la vida \u00fatil de la bater\u00eda.<\/li>\n<li>Bater\u00eda reemplazable de f\u00e1cil cambio<\/li>\n<li>Resistente al agua hasta 10 metros<\/li>\n<\/ul>\n","protected":false},"featured_media":12050,"template":"","meta":{"_acf_changed":false,"om_disable_all_campaigns":false},"product_brand":[],"product_cat":[470,962],"product_tag":[963,967,965],"class_list":{"0":"post-7867","1":"product","2":"type-product","3":"status-publish","4":"has-post-thumbnail","6":"product_cat-rescueme-es","7":"product_cat-senalizacion-electronica-y-flare-de-socorro","8":"product_tag-edf1-es","9":"product_tag-flare-de-rescate","10":"product_tag-flare-electronica-de-socorro","12":"first","13":"instock","14":"taxable","15":"shipping-taxable","16":"purchasable","17":"product-type-simple"},"acf":[],"yoast_head":"<!-- This site is optimized with the Yoast SEO Premium plugin v25.2 (Yoast SEO v26.4) - https:\/\/yoast.com\/wordpress\/plugins\/seo\/ -->\n<title>RescueME EDF1 Flare - Ocean Signal<\/title>\n<meta name=\"description\" content=\"Mant\u00e9ngase seguro en el mar con Flare electr\u00f3nica rescueME EDF1 Ocean Signal . Se\u00f1alizaci\u00f3n de socorro compacta y confiable para emergencias mar\u00edtimas. \u00a1Compre ahora!\" \/>\n<meta name=\"robots\" content=\"index, follow, max-snippet:-1, max-image-preview:large, max-video-preview:-1\" \/>\n<link rel=\"canonical\" href=\"https:\/\/oceansignal.com\/es\/products\/bengala-rescueme-edf1\/\" \/>\n<meta property=\"og:locale\" content=\"es_ES\" \/>\n<meta property=\"og:type\" content=\"article\" \/>\n<meta property=\"og:title\" content=\"RescueME EDF1 Flare\" \/>\n<meta property=\"og:description\" content=\"Mant\u00e9ngase seguro en el mar con Flare electr\u00f3nica rescueME EDF1 Ocean Signal . Se\u00f1alizaci\u00f3n de socorro compacta y confiable para emergencias mar\u00edtimas. \u00a1Compre ahora!\" \/>\n<meta property=\"og:url\" content=\"https:\/\/oceansignal.com\/es\/products\/bengala-rescueme-edf1\/\" \/>\n<meta property=\"og:site_name\" content=\"Ocean Signal\" \/>\n<meta property=\"article:modified_time\" content=\"2026-01-21T20:24:46+00:00\" \/>\n<meta property=\"og:image\" content=\"https:\/\/oceansignal.com\/wp-content\/uploads\/2023\/09\/Ocean-Signal-EDF1.png\" \/>\n\t<meta property=\"og:image:width\" content=\"800\" \/>\n\t<meta property=\"og:image:height\" content=\"800\" \/>\n\t<meta property=\"og:image:type\" content=\"image\/png\" \/>\n<meta name=\"twitter:card\" content=\"summary_large_image\" \/>\n<meta name=\"twitter:label1\" content=\"Tiempo de lectura\" \/>\n\t<meta name=\"twitter:data1\" content=\"2 minutos\" \/>\n<script type=\"application\/ld+json\" class=\"yoast-schema-graph\">{\"@context\":\"https:\/\/schema.org\",\"@graph\":[{\"@type\":\"WebPage\",\"@id\":\"https:\/\/oceansignal.com\/es\/products\/bengala-rescueme-edf1\/\",\"url\":\"https:\/\/oceansignal.com\/es\/products\/bengala-rescueme-edf1\/\",\"name\":\"RescueME EDF1 Flare - Ocean Signal\",\"isPartOf\":{\"@id\":\"https:\/\/oceansignal.com\/es\/#website\"},\"primaryImageOfPage\":{\"@id\":\"https:\/\/oceansignal.com\/es\/products\/bengala-rescueme-edf1\/#primaryimage\"},\"image\":{\"@id\":\"https:\/\/oceansignal.com\/es\/products\/bengala-rescueme-edf1\/#primaryimage\"},\"thumbnailUrl\":\"https:\/\/oceansignal.com\/wp-content\/uploads\/2023\/09\/Ocean-Signal-EDF1.png\",\"datePublished\":\"2023-09-08T08:24:00+00:00\",\"dateModified\":\"2026-01-21T20:24:46+00:00\",\"description\":\"Mant\u00e9ngase seguro en el mar con Flare electr\u00f3nica rescueME EDF1 Ocean Signal . Se\u00f1alizaci\u00f3n de socorro compacta y confiable para emergencias mar\u00edtimas. \u00a1Compre ahora!\",\"breadcrumb\":{\"@id\":\"https:\/\/oceansignal.com\/es\/products\/bengala-rescueme-edf1\/#breadcrumb\"},\"inLanguage\":\"es\",\"potentialAction\":[{\"@type\":\"ReadAction\",\"target\":[\"https:\/\/oceansignal.com\/es\/products\/bengala-rescueme-edf1\/\"]}]},{\"@type\":\"ImageObject\",\"inLanguage\":\"es\",\"@id\":\"https:\/\/oceansignal.com\/es\/products\/bengala-rescueme-edf1\/#primaryimage\",\"url\":\"https:\/\/oceansignal.com\/wp-content\/uploads\/2023\/09\/Ocean-Signal-EDF1.png\",\"contentUrl\":\"https:\/\/oceansignal.com\/wp-content\/uploads\/2023\/09\/Ocean-Signal-EDF1.png\",\"width\":800,\"height\":800},{\"@type\":\"BreadcrumbList\",\"@id\":\"https:\/\/oceansignal.com\/es\/products\/bengala-rescueme-edf1\/#breadcrumb\",\"itemListElement\":[{\"@type\":\"ListItem\",\"position\":1,\"name\":\"Tienda\",\"item\":\"https:\/\/oceansignal.com\/es\/tienda\/\"},{\"@type\":\"ListItem\",\"position\":2,\"name\":\"RescueME EDF1 Flare\"}]},{\"@type\":\"WebSite\",\"@id\":\"https:\/\/oceansignal.com\/es\/#website\",\"url\":\"https:\/\/oceansignal.com\/es\/\",\"name\":\"Ocean Signal\",\"description\":\"A leading manufacturer of EPIRBs, AIS, SARTs, Personal Locator Beacons, Man Overboard Beacon for the Marine and Outdoor Markets.\",\"potentialAction\":[{\"@type\":\"SearchAction\",\"target\":{\"@type\":\"EntryPoint\",\"urlTemplate\":\"https:\/\/oceansignal.com\/es\/?s={search_term_string}\"},\"query-input\":{\"@type\":\"PropertyValueSpecification\",\"valueRequired\":true,\"valueName\":\"search_term_string\"}}],\"inLanguage\":\"es\"}]}<\/script>\n<!-- \/ Yoast SEO Premium plugin. -->","yoast_head_json":{"title":"RescueME EDF1 Flare - Ocean Signal","description":"Mant\u00e9ngase seguro en el mar con Flare electr\u00f3nica rescueME EDF1 Ocean Signal . Se\u00f1alizaci\u00f3n de socorro compacta y confiable para emergencias mar\u00edtimas. \u00a1Compre ahora!","robots":{"index":"index","follow":"follow","max-snippet":"max-snippet:-1","max-image-preview":"max-image-preview:large","max-video-preview":"max-video-preview:-1"},"canonical":"https:\/\/oceansignal.com\/es\/products\/bengala-rescueme-edf1\/","og_locale":"es_ES","og_type":"article","og_title":"RescueME EDF1 Flare","og_description":"Mant\u00e9ngase seguro en el mar con Flare electr\u00f3nica rescueME EDF1 Ocean Signal . Se\u00f1alizaci\u00f3n de socorro compacta y confiable para emergencias mar\u00edtimas. \u00a1Compre ahora!","og_url":"https:\/\/oceansignal.com\/es\/products\/bengala-rescueme-edf1\/","og_site_name":"Ocean Signal","article_modified_time":"2026-01-21T20:24:46+00:00","og_image":[{"width":800,"height":800,"url":"https:\/\/oceansignal.com\/wp-content\/uploads\/2023\/09\/Ocean-Signal-EDF1.png","type":"image\/png"}],"twitter_card":"summary_large_image","twitter_misc":{"Tiempo de lectura":"2 minutos"},"schema":{"@context":"https:\/\/schema.org","@graph":[{"@type":"WebPage","@id":"https:\/\/oceansignal.com\/es\/products\/bengala-rescueme-edf1\/","url":"https:\/\/oceansignal.com\/es\/products\/bengala-rescueme-edf1\/","name":"RescueME EDF1 Flare - Ocean Signal","isPartOf":{"@id":"https:\/\/oceansignal.com\/es\/#website"},"primaryImageOfPage":{"@id":"https:\/\/oceansignal.com\/es\/products\/bengala-rescueme-edf1\/#primaryimage"},"image":{"@id":"https:\/\/oceansignal.com\/es\/products\/bengala-rescueme-edf1\/#primaryimage"},"thumbnailUrl":"https:\/\/oceansignal.com\/wp-content\/uploads\/2023\/09\/Ocean-Signal-EDF1.png","datePublished":"2023-09-08T08:24:00+00:00","dateModified":"2026-01-21T20:24:46+00:00","description":"Mant\u00e9ngase seguro en el mar con Flare electr\u00f3nica rescueME EDF1 Ocean Signal . Se\u00f1alizaci\u00f3n de socorro compacta y confiable para emergencias mar\u00edtimas. \u00a1Compre ahora!","breadcrumb":{"@id":"https:\/\/oceansignal.com\/es\/products\/bengala-rescueme-edf1\/#breadcrumb"},"inLanguage":"es","potentialAction":[{"@type":"ReadAction","target":["https:\/\/oceansignal.com\/es\/products\/bengala-rescueme-edf1\/"]}]},{"@type":"ImageObject","inLanguage":"es","@id":"https:\/\/oceansignal.com\/es\/products\/bengala-rescueme-edf1\/#primaryimage","url":"https:\/\/oceansignal.com\/wp-content\/uploads\/2023\/09\/Ocean-Signal-EDF1.png","contentUrl":"https:\/\/oceansignal.com\/wp-content\/uploads\/2023\/09\/Ocean-Signal-EDF1.png","width":800,"height":800},{"@type":"BreadcrumbList","@id":"https:\/\/oceansignal.com\/es\/products\/bengala-rescueme-edf1\/#breadcrumb","itemListElement":[{"@type":"ListItem","position":1,"name":"Tienda","item":"https:\/\/oceansignal.com\/es\/tienda\/"},{"@type":"ListItem","position":2,"name":"RescueME EDF1 Flare"}]},{"@type":"WebSite","@id":"https:\/\/oceansignal.com\/es\/#website","url":"https:\/\/oceansignal.com\/es\/","name":"Ocean Signal","description":"A leading manufacturer of EPIRBs, AIS, SARTs, Personal Locator Beacons, Man Overboard Beacon for the Marine and Outdoor Markets.","potentialAction":[{"@type":"SearchAction","target":{"@type":"EntryPoint","urlTemplate":"https:\/\/oceansignal.com\/es\/?s={search_term_string}"},"query-input":{"@type":"PropertyValueSpecification","valueRequired":true,"valueName":"search_term_string"}}],"inLanguage":"es"}]}},"_links":{"self":[{"href":"https:\/\/oceansignal.com\/es\/wp-json\/wp\/v2\/product\/7867","targetHints":{"allow":["GET"]}}],"collection":[{"href":"https:\/\/oceansignal.com\/es\/wp-json\/wp\/v2\/product"}],"about":[{"href":"https:\/\/oceansignal.com\/es\/wp-json\/wp\/v2\/types\/product"}],"wp:featuredmedia":[{"embeddable":true,"href":"https:\/\/oceansignal.com\/es\/wp-json\/wp\/v2\/media\/12050"}],"wp:attachment":[{"href":"https:\/\/oceansignal.com\/es\/wp-json\/wp\/v2\/media?parent=7867"}],"wp:term":[{"taxonomy":"product_brand","embeddable":true,"href":"https:\/\/oceansignal.com\/es\/wp-json\/wp\/v2\/product_brand?post=7867"},{"taxonomy":"product_cat","embeddable":true,"href":"https:\/\/oceansignal.com\/es\/wp-json\/wp\/v2\/product_cat?post=7867"},{"taxonomy":"product_tag","embeddable":true,"href":"https:\/\/oceansignal.com\/es\/wp-json\/wp\/v2\/product_tag?post=7867"}],"curies":[{"name":"wp","href":"https:\/\/api.w.org\/{rel}","templated":true}]}}