{"id":8425,"date":"2023-09-08T09:20:37","date_gmt":"2023-09-08T09:20:37","guid":{"rendered":"https:\/\/oceansignal.com\/products\/safesea-v100-vhf\/"},"modified":"2026-01-21T19:54:53","modified_gmt":"2026-01-21T19:54:53","slug":"safesea-v100-vhf","status":"publish","type":"product","link":"https:\/\/oceansignal.com\/es\/products\/safesea-v100-vhf\/","title":{"rendered":"safeSEA V100 VHF"},"content":{"rendered":"<p>Para las pruebas de rutina del V100, se encuentra disponible una bater\u00eda alcalina no recargable (TB6V). Esta bater\u00eda tiene una vida \u00fatil limitada, ya que solo se utiliza para realizar pruebas y no es adecuada para uso operativo. Adem\u00e1s, la novedosa pesta\u00f1a de protecci\u00f3n de la bater\u00eda significa que la bater\u00eda principal se puede conectar permanentemente a la radio sin temor a que se quede sin carga. La radio siempre estar\u00e1 disponible para su uso en situaciones de emergencia sin necesidad de quitar etiquetas protectoras o similares antes de usarla. Simplemente rompa la pesta\u00f1a protectora roja y la radio estar\u00e1 lista para encenderse de inmediato.    <\/p>\n<h4>Funciones:<\/h4>\n<ul>\n<li>Opci\u00f3n de bater\u00eda recargable de pol\u00edmero de litio disponible con cargador r\u00e1pido, para uso normal diario<\/li>\n<li>Totalmente resistente al agua, incluso con un choque t\u00e9rmico de 40 \u00b0C<\/li>\n<li>Transmisor de alta eficiencia para una m\u00e1xima duraci\u00f3n de la bater\u00eda<\/li>\n<li>El dise\u00f1o robusto supera los requisitos ambientales de la radio VHF del SMSSM<\/li>\n<li>Bater\u00eda primaria de litio para uso de emergencia\n<ul>\n<li>La novedosa pesta\u00f1a de protecci\u00f3n de la bater\u00eda protege del uso involuntario<\/li>\n<li>Bater\u00eda clasificada como no peligrosa para el env\u00edo<\/li>\n<li>La bater\u00eda proporciona m\u00e1s de 16 horas de funcionamiento t\u00edpico, incluso a -20 \u00b0C. (10 % Tx, 10 % Rx, 80 % silenciado) <\/li>\n<\/ul>\n<\/li>\n<li>Leyendas clave grabadas con l\u00e1ser para mayor durabilidad<\/li>\n<li>Teclado y LCD retroiluminados de alto contraste<\/li>\n<li>Opci\u00f3n de enchufe de accesorios resistente; resistente al agua hasta IP68 para su uso con auriculares, cascos, micr\u00f3fonos de pu\u00f1o, etc.<\/li>\n<li>4 modos de escaneo, D\/W, T\/W, escaneo y escaneo de memoria<\/li>\n<li>21 canales s\u00edmplex de acuerdo con los requisitos de IMO SOLA<\/li>\n<\/ul>\n<p>La radio VHF safeSEA V100 GMDSS cumple con los estrictos requisitos establecidos por el Sistema Mundial de Socorro y Seguridad Mar\u00edtimos (SMSSM), <a href=\"https:\/\/www.imo.org\/\">la Organizaci\u00f3n Mar\u00edtima Internacional (OMI)<\/a> y el Convenio Internacional para la Seguridad de la Vida Humana en el Mar (SOLAS). Al cumplir con las normas internacionales, garantiza que su embarcaci\u00f3n cumpla con la normativa y est\u00e9 preparada para las operaciones mar\u00edtimas.<\/p>\n<p>Los buques sujetos a las regulaciones del Sistema Mundial de Socorro y Seguridad Mar\u00edtima ( <a href=\"https:\/\/www.navcen.uscg.gov\/global-maritime-distress-and-safety-system\">SMSSM<\/a> ) generalmente deben tener una radio VHF del SMSSM.<br \/>\n Estos incluyen:<\/p>\n<ol>\n<li>Buques de pasajeros, incluidos transbordadores y cruceros.<\/li>\n<li>Buques de carga de arqueo bruto igual o superior a 300 toneladas.<\/li>\n<li>Buques cisterna, incluidos los petroleros, qu\u00edmicos y gaseros licuados.<\/li>\n<li>Embarcaciones de alta velocidad (HSC) de arqueo bruto igual o superior a 500.<\/li>\n<li>Instalaciones costa afuera y unidades m\u00f3viles de perforaci\u00f3n mar adentro (MODUs).<\/li>\n<li>Ciertos buques del gobierno que participan en viajes internacionales.<\/li>\n<\/ol>\n<p>Adem\u00e1s, pueden aplicarse normas espec\u00edficas seg\u00fan el estado del pabell\u00f3n del buque, el \u00e1rea de operaciones y la duraci\u00f3n del viaje. Es fundamental consultar a las autoridades mar\u00edtimas pertinentes y cumplir con las normas aplicables para garantizar el cumplimiento. <\/p>\n<p>\u00bfNecesita actualizar a una nueva EPIRB AIS para cumplir con el SMSSM? Descubra la nueva <a href=\"https:\/\/oceansignal.com\/products\/safesea-epirb3-pro\/\">safeSEA EPIRB3 Pro<\/a> <\/p>\n<p><strong>Importante:<\/strong> Lea este <a href=\"http:\/\/oceansignal.com\/wp-content\/uploads\/2023\/09\/Service-Information-Letter-V100-Battery-Replacement.pdf\">bolet\u00edn de servicio<\/a> que le informa sobre una oferta de cambio de bater\u00eda gratuito en bater\u00edas con fecha de vencimiento que no exceda septiembre de 2023.<br \/>\n Este <a href=\"http:\/\/oceansignal.com\/wp-content\/uploads\/2023\/09\/Service-Information-Letter-V100-Battery-Replacement-Fr.pdf\">bolet\u00edn<\/a> tambi\u00e9n est\u00e1 disponible en idioma franc\u00e9s.<\/p>\n","protected":false},"excerpt":{"rendered":"<p>La radio VHF de supervivencia safeSEA V100 Ocean Signal est\u00e1 meticulosamente dise\u00f1ada para ser la soluci\u00f3n de comunicaci\u00f3n definitiva para buques GMDSS, OMI y SOLAS. Con su dise\u00f1o robusto y sus funciones avanzadas, esta radio VHF GMDSS es su mejor aliado en situaciones de emergencia en el mar. <\/p>\n<p>La radio VHF port\u00e1til safeSEA V100 para embarcaciones de supervivencia cumple con todos los requisitos de la OMI para su transporte en buques SOLAS. Dise\u00f1ada para ser ultrarresistente y f\u00e1cil de usar, tanto a bordo como en situaciones de emergencia, la V100 es la opci\u00f3n ideal para su transporte obligatorio y voluntario. <\/p>\n<p>Adem\u00e1s de la bater\u00eda principal, como opci\u00f3n para el uso diario, Ocean Signal ofrece una bater\u00eda recargable de pol\u00edmero de litio (RB5V). El cargador r\u00e1pido de liberaci\u00f3n r\u00e1pida proporciona la soluci\u00f3n ideal para mantener las bater\u00edas completamente cargadas. <\/p>\n<p><a href=\"https:\/\/www.dropbox.com\/s\/fk04stqsp2hgk5f\/Prop%2065%20-%20DEHP.pdf?dl=0\">ADVERTENCIA: PROPOSICI\u00d3N 65<\/a><\/p>\n<p>&nbsp;<\/p>\n<p>&nbsp;<\/p>\n","protected":false},"featured_media":5957,"template":"","meta":{"_acf_changed":false,"om_disable_all_campaigns":false},"product_brand":[],"product_cat":[329],"product_tag":[],"class_list":{"0":"post-8425","1":"product","2":"type-product","3":"status-publish","4":"has-post-thumbnail","6":"product_cat-safesea-es","8":"first","9":"instock","10":"taxable","11":"shipping-taxable","12":"purchasable","13":"product-type-simple"},"acf":[],"yoast_head":"<!-- This site is optimized with the Yoast SEO Premium plugin v25.2 (Yoast SEO v26.4) - https:\/\/yoast.com\/wordpress\/plugins\/seo\/ -->\n<title>safeSEA V100 VHF - Ocean Signal<\/title>\n<meta name=\"description\" content=\"Radio VHF safeSEA V100 de Ocean Signal : Cumple con el SMSSM para buques SOLAS. Equipo de comunicaci\u00f3n esencial que garantiza la seguridad mar\u00edtima y el cumplimiento normativo.\" \/>\n<meta name=\"robots\" content=\"index, follow, max-snippet:-1, max-image-preview:large, max-video-preview:-1\" \/>\n<link rel=\"canonical\" href=\"https:\/\/oceansignal.com\/es\/products\/safesea-v100-vhf\/\" \/>\n<meta property=\"og:locale\" content=\"es_ES\" \/>\n<meta property=\"og:type\" content=\"article\" \/>\n<meta property=\"og:title\" content=\"safeSEA V100 VHF\" \/>\n<meta property=\"og:description\" content=\"Radio VHF safeSEA V100 de Ocean Signal : Cumple con el SMSSM para buques SOLAS. Equipo de comunicaci\u00f3n esencial que garantiza la seguridad mar\u00edtima y el cumplimiento normativo.\" \/>\n<meta property=\"og:url\" content=\"https:\/\/oceansignal.com\/es\/products\/safesea-v100-vhf\/\" \/>\n<meta property=\"og:site_name\" content=\"Ocean Signal\" \/>\n<meta property=\"article:modified_time\" content=\"2026-01-21T19:54:53+00:00\" \/>\n<meta property=\"og:image\" content=\"https:\/\/oceansignal.com\/wp-content\/uploads\/2023\/09\/OSL-V100-360_600x600.gif\" \/>\n\t<meta property=\"og:image:width\" content=\"600\" \/>\n\t<meta property=\"og:image:height\" content=\"600\" \/>\n\t<meta property=\"og:image:type\" content=\"image\/gif\" \/>\n<meta name=\"twitter:card\" content=\"summary_large_image\" \/>\n<meta name=\"twitter:label1\" content=\"Tiempo de lectura\" \/>\n\t<meta name=\"twitter:data1\" content=\"3 minutos\" \/>\n<script type=\"application\/ld+json\" class=\"yoast-schema-graph\">{\"@context\":\"https:\/\/schema.org\",\"@graph\":[{\"@type\":\"WebPage\",\"@id\":\"https:\/\/oceansignal.com\/es\/products\/safesea-v100-vhf\/\",\"url\":\"https:\/\/oceansignal.com\/es\/products\/safesea-v100-vhf\/\",\"name\":\"safeSEA V100 VHF - Ocean Signal\",\"isPartOf\":{\"@id\":\"https:\/\/oceansignal.com\/es\/#website\"},\"primaryImageOfPage\":{\"@id\":\"https:\/\/oceansignal.com\/es\/products\/safesea-v100-vhf\/#primaryimage\"},\"image\":{\"@id\":\"https:\/\/oceansignal.com\/es\/products\/safesea-v100-vhf\/#primaryimage\"},\"thumbnailUrl\":\"https:\/\/oceansignal.com\/wp-content\/uploads\/2023\/09\/OSL-V100-360_600x600.gif\",\"datePublished\":\"2023-09-08T09:20:37+00:00\",\"dateModified\":\"2026-01-21T19:54:53+00:00\",\"description\":\"Radio VHF safeSEA V100 de Ocean Signal : Cumple con el SMSSM para buques SOLAS. Equipo de comunicaci\u00f3n esencial que garantiza la seguridad mar\u00edtima y el cumplimiento normativo.\",\"breadcrumb\":{\"@id\":\"https:\/\/oceansignal.com\/es\/products\/safesea-v100-vhf\/#breadcrumb\"},\"inLanguage\":\"es\",\"potentialAction\":[{\"@type\":\"ReadAction\",\"target\":[\"https:\/\/oceansignal.com\/es\/products\/safesea-v100-vhf\/\"]}]},{\"@type\":\"ImageObject\",\"inLanguage\":\"es\",\"@id\":\"https:\/\/oceansignal.com\/es\/products\/safesea-v100-vhf\/#primaryimage\",\"url\":\"https:\/\/oceansignal.com\/wp-content\/uploads\/2023\/09\/OSL-V100-360_600x600.gif\",\"contentUrl\":\"https:\/\/oceansignal.com\/wp-content\/uploads\/2023\/09\/OSL-V100-360_600x600.gif\",\"width\":600,\"height\":600,\"caption\":\"Radio VHF del SMSSM\"},{\"@type\":\"BreadcrumbList\",\"@id\":\"https:\/\/oceansignal.com\/es\/products\/safesea-v100-vhf\/#breadcrumb\",\"itemListElement\":[{\"@type\":\"ListItem\",\"position\":1,\"name\":\"Tienda\",\"item\":\"https:\/\/oceansignal.com\/es\/tienda\/\"},{\"@type\":\"ListItem\",\"position\":2,\"name\":\"safeSEA V100 VHF\"}]},{\"@type\":\"WebSite\",\"@id\":\"https:\/\/oceansignal.com\/es\/#website\",\"url\":\"https:\/\/oceansignal.com\/es\/\",\"name\":\"Ocean Signal\",\"description\":\"A leading manufacturer of EPIRBs, AIS, SARTs, Personal Locator Beacons, Man Overboard Beacon for the Marine and Outdoor Markets.\",\"potentialAction\":[{\"@type\":\"SearchAction\",\"target\":{\"@type\":\"EntryPoint\",\"urlTemplate\":\"https:\/\/oceansignal.com\/es\/?s={search_term_string}\"},\"query-input\":{\"@type\":\"PropertyValueSpecification\",\"valueRequired\":true,\"valueName\":\"search_term_string\"}}],\"inLanguage\":\"es\"}]}<\/script>\n<!-- \/ Yoast SEO Premium plugin. -->","yoast_head_json":{"title":"safeSEA V100 VHF - Ocean Signal","description":"Radio VHF safeSEA V100 de Ocean Signal : Cumple con el SMSSM para buques SOLAS. Equipo de comunicaci\u00f3n esencial que garantiza la seguridad mar\u00edtima y el cumplimiento normativo.","robots":{"index":"index","follow":"follow","max-snippet":"max-snippet:-1","max-image-preview":"max-image-preview:large","max-video-preview":"max-video-preview:-1"},"canonical":"https:\/\/oceansignal.com\/es\/products\/safesea-v100-vhf\/","og_locale":"es_ES","og_type":"article","og_title":"safeSEA V100 VHF","og_description":"Radio VHF safeSEA V100 de Ocean Signal : Cumple con el SMSSM para buques SOLAS. Equipo de comunicaci\u00f3n esencial que garantiza la seguridad mar\u00edtima y el cumplimiento normativo.","og_url":"https:\/\/oceansignal.com\/es\/products\/safesea-v100-vhf\/","og_site_name":"Ocean Signal","article_modified_time":"2026-01-21T19:54:53+00:00","og_image":[{"url":"https:\/\/oceansignal.com\/wp-content\/uploads\/2023\/09\/OSL-V100-360_600x600.gif","width":600,"height":600,"type":"image\/gif"}],"twitter_card":"summary_large_image","twitter_misc":{"Tiempo de lectura":"3 minutos"},"schema":{"@context":"https:\/\/schema.org","@graph":[{"@type":"WebPage","@id":"https:\/\/oceansignal.com\/es\/products\/safesea-v100-vhf\/","url":"https:\/\/oceansignal.com\/es\/products\/safesea-v100-vhf\/","name":"safeSEA V100 VHF - Ocean Signal","isPartOf":{"@id":"https:\/\/oceansignal.com\/es\/#website"},"primaryImageOfPage":{"@id":"https:\/\/oceansignal.com\/es\/products\/safesea-v100-vhf\/#primaryimage"},"image":{"@id":"https:\/\/oceansignal.com\/es\/products\/safesea-v100-vhf\/#primaryimage"},"thumbnailUrl":"https:\/\/oceansignal.com\/wp-content\/uploads\/2023\/09\/OSL-V100-360_600x600.gif","datePublished":"2023-09-08T09:20:37+00:00","dateModified":"2026-01-21T19:54:53+00:00","description":"Radio VHF safeSEA V100 de Ocean Signal : Cumple con el SMSSM para buques SOLAS. Equipo de comunicaci\u00f3n esencial que garantiza la seguridad mar\u00edtima y el cumplimiento normativo.","breadcrumb":{"@id":"https:\/\/oceansignal.com\/es\/products\/safesea-v100-vhf\/#breadcrumb"},"inLanguage":"es","potentialAction":[{"@type":"ReadAction","target":["https:\/\/oceansignal.com\/es\/products\/safesea-v100-vhf\/"]}]},{"@type":"ImageObject","inLanguage":"es","@id":"https:\/\/oceansignal.com\/es\/products\/safesea-v100-vhf\/#primaryimage","url":"https:\/\/oceansignal.com\/wp-content\/uploads\/2023\/09\/OSL-V100-360_600x600.gif","contentUrl":"https:\/\/oceansignal.com\/wp-content\/uploads\/2023\/09\/OSL-V100-360_600x600.gif","width":600,"height":600,"caption":"Radio VHF del SMSSM"},{"@type":"BreadcrumbList","@id":"https:\/\/oceansignal.com\/es\/products\/safesea-v100-vhf\/#breadcrumb","itemListElement":[{"@type":"ListItem","position":1,"name":"Tienda","item":"https:\/\/oceansignal.com\/es\/tienda\/"},{"@type":"ListItem","position":2,"name":"safeSEA V100 VHF"}]},{"@type":"WebSite","@id":"https:\/\/oceansignal.com\/es\/#website","url":"https:\/\/oceansignal.com\/es\/","name":"Ocean Signal","description":"A leading manufacturer of EPIRBs, AIS, SARTs, Personal Locator Beacons, Man Overboard Beacon for the Marine and Outdoor Markets.","potentialAction":[{"@type":"SearchAction","target":{"@type":"EntryPoint","urlTemplate":"https:\/\/oceansignal.com\/es\/?s={search_term_string}"},"query-input":{"@type":"PropertyValueSpecification","valueRequired":true,"valueName":"search_term_string"}}],"inLanguage":"es"}]}},"_links":{"self":[{"href":"https:\/\/oceansignal.com\/es\/wp-json\/wp\/v2\/product\/8425","targetHints":{"allow":["GET"]}}],"collection":[{"href":"https:\/\/oceansignal.com\/es\/wp-json\/wp\/v2\/product"}],"about":[{"href":"https:\/\/oceansignal.com\/es\/wp-json\/wp\/v2\/types\/product"}],"wp:featuredmedia":[{"embeddable":true,"href":"https:\/\/oceansignal.com\/es\/wp-json\/wp\/v2\/media\/5957"}],"wp:attachment":[{"href":"https:\/\/oceansignal.com\/es\/wp-json\/wp\/v2\/media?parent=8425"}],"wp:term":[{"taxonomy":"product_brand","embeddable":true,"href":"https:\/\/oceansignal.com\/es\/wp-json\/wp\/v2\/product_brand?post=8425"},{"taxonomy":"product_cat","embeddable":true,"href":"https:\/\/oceansignal.com\/es\/wp-json\/wp\/v2\/product_cat?post=8425"},{"taxonomy":"product_tag","embeddable":true,"href":"https:\/\/oceansignal.com\/es\/wp-json\/wp\/v2\/product_tag?post=8425"}],"curies":[{"name":"wp","href":"https:\/\/api.w.org\/{rel}","templated":true}]}}