{"id":8437,"date":"2023-09-08T09:39:08","date_gmt":"2023-09-08T09:39:08","guid":{"rendered":"https:\/\/oceansignal.com\/products\/safesea-s100-radar-sart\/"},"modified":"2026-01-21T19:32:19","modified_gmt":"2026-01-21T19:32:19","slug":"safesea-s100-radar-sart","status":"publish","type":"product","link":"https:\/\/oceansignal.com\/es\/products\/safesea-s100-radar-sart\/","title":{"rendered":"Radar SART safeSEA S100"},"content":{"rendered":"<h4>El transpondedor de b\u00fasqueda y rescate safeSEA S100 (Radar SART) es un transpondedor de radar dedicado que cumple con las regulaciones SOLAS <a href=\"https:\/\/www.imo.org\/\">de la OMI<\/a> .<\/h4>\n<p>La Organizaci\u00f3n Mar\u00edtima Internacional (OMI) exige que el Sistema mundial de socorro y seguridad mar\u00edtimos (SMSSM) lleve consigo los requisitos para los transpondedores de b\u00fasqueda y salvamento (SART). Los buques sujetos a las normas del SMSSM, incluidos los buques de pasajeros, los buques de carga de m\u00e1s de 300 toneladas brutas y los buques que realizan viajes internacionales, deben llevar al menos un SART S100. El S100 es un SART de radar compacto que resulta crucial para ayudar a localizar buques en peligro respondiendo a las se\u00f1ales de radar de las unidades de b\u00fasqueda y salvamento. El SART de radar S100 cumple con los est\u00e1ndares de rendimiento espec\u00edficos delineados por la OMI, lo que garantiza la fiabilidad y la eficacia del producto en situaciones de socorro. El cumplimiento de estos requisitos es esencial para mejorar la seguridad mar\u00edtima y facilitar las operaciones de b\u00fasqueda y salvamento oportunas.    <\/p>\n<ul>\n<li>Duraci\u00f3n superior de la bater\u00eda, incluso a -20 \u00b0C<\/li>\n<li>Bater\u00eda reemplazable por el usuario<\/li>\n<li>Bater\u00eda no peligrosa<\/li>\n<li>Intervalo de reemplazo de cinco a\u00f1os<\/li>\n<li>Tama\u00f1o compacto para facilitar el embalaje de la balsa salvavidas<\/li>\n<li>Se suministra con soporte de almacenamiento<\/li>\n<li>Poste Se muestra en las im\u00e1genes suministradas por separado (n\u00famero de pieza de pedido: 711S-01802 POL de montaje SART)<\/li>\n<\/ul>\n<p>&nbsp;<\/p>\n<h4>Requisitos de transporte<\/h4>\n<ul>\n<li>Los SART son obligatorios en todos los buques SOLAS de la OMI en viajes internacionales:\n<ul>\n<li>Uno en 300-500GRT<\/li>\n<li>Dos si superan los 500 TRB<\/li>\n<li>Un SART por cada cuatro balsas salvavidas en buques de pasaje de transbordo rodado<\/li>\n<\/ul>\n<\/li>\n<li>Buques de mandato nacional, incluidos buques de pesca, embarcaciones de pasajeros, barcos de trabajo comerciales, etc<\/li>\n<li>La mayor\u00eda de los superyates y megayates est\u00e1n obligados a llevar un SART, especialmente si est\u00e1n cubiertos por el c\u00f3digo de pr\u00e1cticas de la MCA, que es reconocido por muchos pa\u00edses.<\/li>\n<li>Los buques de ajuste voluntario tambi\u00e9n se beneficiar\u00e1n al llevar un SART<\/li>\n<\/ul>\n<p>\u00bfNecesita actualizarse a los nuevos requisitos de la EPIRB AIS? Descubra la nueva <a href=\"https:\/\/oceansignal.com\/products\/safesea-epirb3-pro\/\">safeSEA EPIRB3 Pro<\/a> <\/p>\n","protected":false},"excerpt":{"rendered":"<p>El transpondedor de b\u00fasqueda y rescate por radar safeSEA S100 de Ocean Signal , o SART por radar, es un componente esencial del equipo de seguridad mar\u00edtima, dise\u00f1ado para mejorar la visibilidad y facilitar las operaciones de b\u00fasqueda y rescate. Gracias a su avanzada tecnolog\u00eda de reflector de radar, esta baliza garantiza la f\u00e1cil detecci\u00f3n de su embarcaci\u00f3n incluso en condiciones meteorol\u00f3gicas adversas y con poca visibilidad. Compacto y duradero, el SART por radar S100 es f\u00e1cil de instalar y altamente fiable, ofreciendo tranquilidad tanto a navegantes como a navegantes. Ya sea navegando por rutas mar\u00edtimas concurridas o en aguas remotas, el SART por radar safeSEA S100 Ocean Signal es un complemento esencial del equipo de seguridad de cualquier embarcaci\u00f3n, garantizando una respuesta r\u00e1pida y eficaz en situaciones de emergencia.   <\/p>\n<p>El safeSEA S100 SART est\u00e1 dise\u00f1ado para ayudar en el rescate y la recuperaci\u00f3n de balsas salvavidas y embarcaciones de supervivencia. Al encenderse, el SART permanece en modo de espera hasta que se activa autom\u00e1ticamente mediante un barrido del radar de banda X desde cualquier embarcaci\u00f3n cercana. El safeSEA S100 transmite una serie de pulsos que se muestran en el radar del barco como una l\u00ednea de puntos, indicando la orientaci\u00f3n de la embarcaci\u00f3n de supervivencia.  <\/p>\n<p><a href=\"https:\/\/www.dropbox.com\/s\/fk04stqsp2hgk5f\/Prop%2065%20-%20DEHP.pdf?dl=0\">ADVERTENCIA: PROPOSICI\u00d3N 65<\/a><\/p>\n","protected":false},"featured_media":6110,"template":"","meta":{"_acf_changed":false,"om_disable_all_campaigns":false},"product_brand":[],"product_cat":[329],"product_tag":[],"class_list":{"0":"post-8437","1":"product","2":"type-product","3":"status-publish","4":"has-post-thumbnail","6":"product_cat-safesea-es","8":"first","9":"instock","10":"taxable","11":"shipping-taxable","12":"purchasable","13":"product-type-simple"},"acf":[],"yoast_head":"<!-- This site is optimized with the Yoast SEO Premium plugin v25.2 (Yoast SEO v26.4) - https:\/\/yoast.com\/wordpress\/plugins\/seo\/ -->\n<title>Radar SART safeSEA S100 - Ocean Signal<\/title>\n<meta name=\"description\" content=\"Radar SART Ocean Signal S100: reflector de radar esencial para la seguridad mar\u00edtima. Baliza de b\u00fasqueda y rescate GMDSS confiable. \u00a1Compre ahora para mayor tranquilidad!\" \/>\n<meta name=\"robots\" content=\"index, follow, max-snippet:-1, max-image-preview:large, max-video-preview:-1\" \/>\n<link rel=\"canonical\" href=\"https:\/\/oceansignal.com\/es\/products\/safesea-s100-radar-sart\/\" \/>\n<meta property=\"og:locale\" content=\"es_ES\" \/>\n<meta property=\"og:type\" content=\"article\" \/>\n<meta property=\"og:title\" content=\"Radar SART safeSEA S100\" \/>\n<meta property=\"og:description\" content=\"Radar SART Ocean Signal S100: reflector de radar esencial para la seguridad mar\u00edtima. Baliza de b\u00fasqueda y rescate GMDSS confiable. \u00a1Compre ahora para mayor tranquilidad!\" \/>\n<meta property=\"og:url\" content=\"https:\/\/oceansignal.com\/es\/products\/safesea-s100-radar-sart\/\" \/>\n<meta property=\"og:site_name\" content=\"Ocean Signal\" \/>\n<meta property=\"article:modified_time\" content=\"2026-01-21T19:32:19+00:00\" \/>\n<meta property=\"og:image\" content=\"https:\/\/oceansignal.com\/wp-content\/uploads\/2023\/09\/OSL-S100-SART-With-back-piece.png\" \/>\n\t<meta property=\"og:image:width\" content=\"792\" \/>\n\t<meta property=\"og:image:height\" content=\"792\" \/>\n\t<meta property=\"og:image:type\" content=\"image\/png\" \/>\n<meta name=\"twitter:card\" content=\"summary_large_image\" \/>\n<meta name=\"twitter:label1\" content=\"Tiempo de lectura\" \/>\n\t<meta name=\"twitter:data1\" content=\"2 minutos\" \/>\n<script type=\"application\/ld+json\" class=\"yoast-schema-graph\">{\"@context\":\"https:\/\/schema.org\",\"@graph\":[{\"@type\":\"WebPage\",\"@id\":\"https:\/\/oceansignal.com\/es\/products\/safesea-s100-radar-sart\/\",\"url\":\"https:\/\/oceansignal.com\/es\/products\/safesea-s100-radar-sart\/\",\"name\":\"Radar SART safeSEA S100 - Ocean Signal\",\"isPartOf\":{\"@id\":\"https:\/\/oceansignal.com\/es\/#website\"},\"primaryImageOfPage\":{\"@id\":\"https:\/\/oceansignal.com\/es\/products\/safesea-s100-radar-sart\/#primaryimage\"},\"image\":{\"@id\":\"https:\/\/oceansignal.com\/es\/products\/safesea-s100-radar-sart\/#primaryimage\"},\"thumbnailUrl\":\"https:\/\/oceansignal.com\/wp-content\/uploads\/2023\/09\/OSL-S100-SART-With-back-piece.png\",\"datePublished\":\"2023-09-08T09:39:08+00:00\",\"dateModified\":\"2026-01-21T19:32:19+00:00\",\"description\":\"Radar SART Ocean Signal S100: reflector de radar esencial para la seguridad mar\u00edtima. Baliza de b\u00fasqueda y rescate GMDSS confiable. \u00a1Compre ahora para mayor tranquilidad!\",\"breadcrumb\":{\"@id\":\"https:\/\/oceansignal.com\/es\/products\/safesea-s100-radar-sart\/#breadcrumb\"},\"inLanguage\":\"es\",\"potentialAction\":[{\"@type\":\"ReadAction\",\"target\":[\"https:\/\/oceansignal.com\/es\/products\/safesea-s100-radar-sart\/\"]}]},{\"@type\":\"ImageObject\",\"inLanguage\":\"es\",\"@id\":\"https:\/\/oceansignal.com\/es\/products\/safesea-s100-radar-sart\/#primaryimage\",\"url\":\"https:\/\/oceansignal.com\/wp-content\/uploads\/2023\/09\/OSL-S100-SART-With-back-piece.png\",\"contentUrl\":\"https:\/\/oceansignal.com\/wp-content\/uploads\/2023\/09\/OSL-S100-SART-With-back-piece.png\",\"width\":792,\"height\":792,\"caption\":\"Ocean Signal S100 Sart con soporte despiezado, \u00e1ngulo izquierdo\"},{\"@type\":\"BreadcrumbList\",\"@id\":\"https:\/\/oceansignal.com\/es\/products\/safesea-s100-radar-sart\/#breadcrumb\",\"itemListElement\":[{\"@type\":\"ListItem\",\"position\":1,\"name\":\"Tienda\",\"item\":\"https:\/\/oceansignal.com\/es\/tienda\/\"},{\"@type\":\"ListItem\",\"position\":2,\"name\":\"Radar SART safeSEA S100\"}]},{\"@type\":\"WebSite\",\"@id\":\"https:\/\/oceansignal.com\/es\/#website\",\"url\":\"https:\/\/oceansignal.com\/es\/\",\"name\":\"Ocean Signal\",\"description\":\"A leading manufacturer of EPIRBs, AIS, SARTs, Personal Locator Beacons, Man Overboard Beacon for the Marine and Outdoor Markets.\",\"potentialAction\":[{\"@type\":\"SearchAction\",\"target\":{\"@type\":\"EntryPoint\",\"urlTemplate\":\"https:\/\/oceansignal.com\/es\/?s={search_term_string}\"},\"query-input\":{\"@type\":\"PropertyValueSpecification\",\"valueRequired\":true,\"valueName\":\"search_term_string\"}}],\"inLanguage\":\"es\"}]}<\/script>\n<!-- \/ Yoast SEO Premium plugin. -->","yoast_head_json":{"title":"Radar SART safeSEA S100 - Ocean Signal","description":"Radar SART Ocean Signal S100: reflector de radar esencial para la seguridad mar\u00edtima. Baliza de b\u00fasqueda y rescate GMDSS confiable. \u00a1Compre ahora para mayor tranquilidad!","robots":{"index":"index","follow":"follow","max-snippet":"max-snippet:-1","max-image-preview":"max-image-preview:large","max-video-preview":"max-video-preview:-1"},"canonical":"https:\/\/oceansignal.com\/es\/products\/safesea-s100-radar-sart\/","og_locale":"es_ES","og_type":"article","og_title":"Radar SART safeSEA S100","og_description":"Radar SART Ocean Signal S100: reflector de radar esencial para la seguridad mar\u00edtima. Baliza de b\u00fasqueda y rescate GMDSS confiable. \u00a1Compre ahora para mayor tranquilidad!","og_url":"https:\/\/oceansignal.com\/es\/products\/safesea-s100-radar-sart\/","og_site_name":"Ocean Signal","article_modified_time":"2026-01-21T19:32:19+00:00","og_image":[{"width":792,"height":792,"url":"https:\/\/oceansignal.com\/wp-content\/uploads\/2023\/09\/OSL-S100-SART-With-back-piece.png","type":"image\/png"}],"twitter_card":"summary_large_image","twitter_misc":{"Tiempo de lectura":"2 minutos"},"schema":{"@context":"https:\/\/schema.org","@graph":[{"@type":"WebPage","@id":"https:\/\/oceansignal.com\/es\/products\/safesea-s100-radar-sart\/","url":"https:\/\/oceansignal.com\/es\/products\/safesea-s100-radar-sart\/","name":"Radar SART safeSEA S100 - Ocean Signal","isPartOf":{"@id":"https:\/\/oceansignal.com\/es\/#website"},"primaryImageOfPage":{"@id":"https:\/\/oceansignal.com\/es\/products\/safesea-s100-radar-sart\/#primaryimage"},"image":{"@id":"https:\/\/oceansignal.com\/es\/products\/safesea-s100-radar-sart\/#primaryimage"},"thumbnailUrl":"https:\/\/oceansignal.com\/wp-content\/uploads\/2023\/09\/OSL-S100-SART-With-back-piece.png","datePublished":"2023-09-08T09:39:08+00:00","dateModified":"2026-01-21T19:32:19+00:00","description":"Radar SART Ocean Signal S100: reflector de radar esencial para la seguridad mar\u00edtima. Baliza de b\u00fasqueda y rescate GMDSS confiable. \u00a1Compre ahora para mayor tranquilidad!","breadcrumb":{"@id":"https:\/\/oceansignal.com\/es\/products\/safesea-s100-radar-sart\/#breadcrumb"},"inLanguage":"es","potentialAction":[{"@type":"ReadAction","target":["https:\/\/oceansignal.com\/es\/products\/safesea-s100-radar-sart\/"]}]},{"@type":"ImageObject","inLanguage":"es","@id":"https:\/\/oceansignal.com\/es\/products\/safesea-s100-radar-sart\/#primaryimage","url":"https:\/\/oceansignal.com\/wp-content\/uploads\/2023\/09\/OSL-S100-SART-With-back-piece.png","contentUrl":"https:\/\/oceansignal.com\/wp-content\/uploads\/2023\/09\/OSL-S100-SART-With-back-piece.png","width":792,"height":792,"caption":"Ocean Signal S100 Sart con soporte despiezado, \u00e1ngulo izquierdo"},{"@type":"BreadcrumbList","@id":"https:\/\/oceansignal.com\/es\/products\/safesea-s100-radar-sart\/#breadcrumb","itemListElement":[{"@type":"ListItem","position":1,"name":"Tienda","item":"https:\/\/oceansignal.com\/es\/tienda\/"},{"@type":"ListItem","position":2,"name":"Radar SART safeSEA S100"}]},{"@type":"WebSite","@id":"https:\/\/oceansignal.com\/es\/#website","url":"https:\/\/oceansignal.com\/es\/","name":"Ocean Signal","description":"A leading manufacturer of EPIRBs, AIS, SARTs, Personal Locator Beacons, Man Overboard Beacon for the Marine and Outdoor Markets.","potentialAction":[{"@type":"SearchAction","target":{"@type":"EntryPoint","urlTemplate":"https:\/\/oceansignal.com\/es\/?s={search_term_string}"},"query-input":{"@type":"PropertyValueSpecification","valueRequired":true,"valueName":"search_term_string"}}],"inLanguage":"es"}]}},"_links":{"self":[{"href":"https:\/\/oceansignal.com\/es\/wp-json\/wp\/v2\/product\/8437","targetHints":{"allow":["GET"]}}],"collection":[{"href":"https:\/\/oceansignal.com\/es\/wp-json\/wp\/v2\/product"}],"about":[{"href":"https:\/\/oceansignal.com\/es\/wp-json\/wp\/v2\/types\/product"}],"wp:featuredmedia":[{"embeddable":true,"href":"https:\/\/oceansignal.com\/es\/wp-json\/wp\/v2\/media\/6110"}],"wp:attachment":[{"href":"https:\/\/oceansignal.com\/es\/wp-json\/wp\/v2\/media?parent=8437"}],"wp:term":[{"taxonomy":"product_brand","embeddable":true,"href":"https:\/\/oceansignal.com\/es\/wp-json\/wp\/v2\/product_brand?post=8437"},{"taxonomy":"product_cat","embeddable":true,"href":"https:\/\/oceansignal.com\/es\/wp-json\/wp\/v2\/product_cat?post=8437"},{"taxonomy":"product_tag","embeddable":true,"href":"https:\/\/oceansignal.com\/es\/wp-json\/wp\/v2\/product_tag?post=8437"}],"curies":[{"name":"wp","href":"https:\/\/api.w.org\/{rel}","templated":true}]}}