{"id":12941,"date":"2023-05-03T12:36:05","date_gmt":"2023-05-03T12:36:05","guid":{"rendered":"https:\/\/oceansignal.com\/takuupolitiikka\/"},"modified":"2025-03-06T13:46:50","modified_gmt":"2025-03-06T13:46:50","slug":"takuupolitiikka","status":"publish","type":"page","link":"https:\/\/oceansignal.com\/fi\/takuupolitiikka\/","title":{"rendered":"Takuupolitiikka"},"content":{"rendered":"\n<div class=\"gb-container-narrow\">\n    <div class=\"gc-container \">\n                \n\n<p><strong>Maailmanlaajuinen rajoitettu takuu<\/strong><\/p>\n\n\n\n<p>Maailmanlaajuisen rajoitetun takuun rajoitetut takuut ovat yksinomaisia \u200b\u200bja korvaavat kaikki muut nimenomaiset tai oletetut tai lakis\u00e4\u00e4teiset takuut, mukaan lukien kaikki vastuut, jotka johtuvat kaupallisuudesta tai tiettyyn tarkoitukseen soveltuvuudesta, lakis\u00e4\u00e4teisest\u00e4 tai muusta. T\u00e4m\u00e4 takuu antaa omistajalle erityisi\u00e4 laillisia oikeuksia, jotka voivat vaihdella laink\u00e4ytt\u00f6alueittain. <\/p>\n\n\n\n<p>Ocean Signal Ltd. tai sen tyt\u00e4ryhti\u00f6t eiv\u00e4t miss\u00e4\u00e4n tapauksessa ole vastuussa mist\u00e4\u00e4n satunnaisista, erityisist\u00e4, ep\u00e4suorista tai v\u00e4lillisist\u00e4 vahingoista, jotka johtuvat tuotteen k\u00e4yt\u00f6st\u00e4, v\u00e4\u00e4rink\u00e4yt\u00f6st\u00e4, k\u00e4ytt\u00f6kyvytt\u00f6myydest\u00e4, v\u00e4\u00e4r\u00e4st\u00e4 luottamisesta tai tuotteen virheist\u00e4. Jotkut laink\u00e4ytt\u00f6alueet eiv\u00e4t salli satunnaisten tai v\u00e4lillisten vahinkojen poissulkemista, joten yll\u00e4 oleva rajoitus ei v\u00e4ltt\u00e4m\u00e4tt\u00e4 koske sinua. <\/p>\n\n\n\n<p>Maailmanlaajuinen rajoitettu takuu ei vaikuta asiakkaan oikeuksiin j\u00e4lleenmyyj\u00e4\u00e4 kohtaan, jotka johtuvat myynti-\/ostosopimuksesta.<\/p>\n\n\n\n<p>Takuulla korjatulle tai vaihdetulle tuotteelle my\u00f6nnet\u00e4\u00e4n takuu vain j\u00e4ljell\u00e4 olevan alkuper\u00e4isen takuuajan loppuun.<\/p>\n\n\n\n<p>Globaalin rajoitetun takuun ehtojen, ehtojen, rajoitusten ja poissulkemisten mukaisesti kaikilla Ocean Signal -tuotteilla taataan materiaali- tai valmistusvikoja kahden (2) vuoden ajan siit\u00e4 p\u00e4iv\u00e4st\u00e4, jona alkuper\u00e4inen asiakas osti Tuotteen (&#8221;Normaali rajoitettu takuuaika&#8221;). T\u00e4n\u00e4 aikana ja vain alkuper\u00e4isen asiakkaan osalta Ocean Signal korjaa tai vaihtaa oman harkintansa mukaan kaikki komponentit, jotka ep\u00e4onnistuvat normaalissa k\u00e4yt\u00f6ss\u00e4, mik\u00e4 on asiakkaan ainoa ja yksinomainen oikeuskeino takuun rikkomisen varalta, ellei toisin ole sovellettavissa. <\/p>\n\n\n\n<p>Jos normaali rajoitettu takuu koskee sinua, Ocean Signal ei veloita sinulta takuukorjausten tai vaihtojen osista tai ty\u00f6st\u00e4. Takuutuotteesi kuljetuskustannukset Ocean Signal korjausta tai vaihtoa varten ovat kuitenkin sinun vastuullasi, eik\u00e4 Ocean Signal kata niit\u00e4. <\/p>\n\n\n\n<p><strong>Laajennettu rajoitettu takuu<\/strong><\/p>\n\n\n\n<p>Globaalin rajoitetun takuun ehtojen, ehtojen, rajoitusten ja poissulkemisten mukaisesti ja lukuun ottamatta takuukorvaustuotteita ja tavallisiin kaupallisiin, sotilaallisiin, lainvalvonta- tai muihin vastaaviin tarkoituksiin k\u00e4ytettyj\u00e4 tuotteita, kaikki Ocean Signal yhdeks\u00e4nkymmenen (90) p\u00e4iv\u00e4n kuluessa p\u00e4iv\u00e4st\u00e4, jona alkuper\u00e4inen asiakas osti tuotteen, on taattu, ett\u00e4 niill\u00e4 ei esiinny vikoja (rajoitettu materiaali- tai ty\u00f6vuotinen takuu). Kausi\u201d) alla m\u00e4\u00e4ritellyll\u00e4 tavalla:<\/p>\n\n\n\n<ul class=\"wp-block-list\">\n<li>rescueME -tuotteet ( PLB1 , PLB3 , MOB1, EDF, EPIRB1, EPIRB1Pro, EPIRB2, EPIRB2 Pro ja EPIRB3) &#8211; Jatkettu takuuaika 5 vuotta<\/li>\n<\/ul>\n\n\n\n<ul class=\"wp-block-list\">\n<li>safeSEA-tuotteet (EPIRB3 Pro , V100 ja S100) &#8211; Ei pidennetty\u00e4 takuuta<\/li>\n<\/ul>\n\n\n\n<ul class=\"wp-block-list\">\n<li>Ammattimaiset tuotteet: (M100 ja M100X) &#8211; Ei pidennetty\u00e4 takuuta<\/li>\n<\/ul>\n\n\n\n<ul class=\"wp-block-list\">\n<li>AIS-tuotteet: (ATB1) &#8211; Jatkettu takuuaika 3 vuotta<\/li>\n<\/ul>\n\n\n\n<p>T\u00e4n\u00e4 aikana ja alkuper\u00e4isen asiakkaan puolesta Ocean Signal korjaa tai vaihtaa oman harkintansa mukaan kaikki tuotteen komponentit, jotka ep\u00e4onnistuvat normaalissa k\u00e4yt\u00f6ss\u00e4, mik\u00e4 on asiakkaan ainoa ja yksinomainen oikeuskeino takuun rikkomisen varalta, ellei sovelleta toisin lakia.<\/p>\n\n\n\n<p>Kun Tuotteen rekister\u00f6inti on onnistunut, laajennettu rajoitettu takuu korvaa normaalin rajoitetun takuun.<\/p>\n\n\n\n<p>Hae pidennetty\u00e4 takuuta t\u00e4\u00e4lt\u00e4: <a href=\"https:\/\/oceansignal.com\/my-account\/products\/\">P<\/a> <a href=\"https:\/\/oceansignal.com\/my-account\/products\/create\/\">AJENTETA TAKUUSSI<\/a> Jos laajennettu rajoitettu takuu koskee sinua, Ocean Signal ei veloita sinulta takuukorjausten tai vaihtojen osista tai ty\u00f6st\u00e4. Takuutuotteesi kuljetuskustannukset Ocean Signal korjausta tai vaihtoa varten ovat kuitenkin sinun vastuullasi, eik\u00e4 Ocean Signal kata niit\u00e4. <\/p>\n\n\n        <\/div><\/div>\n","protected":false},"excerpt":{"rendered":"","protected":false},"author":1,"featured_media":0,"parent":0,"menu_order":0,"comment_status":"closed","ping_status":"closed","template":"pagetemplate-header-gray.php","meta":{"_acf_changed":false,"om_disable_all_campaigns":false,"footnotes":""},"class_list":["post-12941","page","type-page","status-publish","hentry"],"acf":[],"yoast_head":"<!-- This site is optimized with the Yoast SEO Premium plugin v25.2 (Yoast SEO v26.4) - https:\/\/yoast.com\/wordpress\/plugins\/seo\/ -->\n<title>Takuupolitiikka - Ocean Signal<\/title>\n<meta name=\"description\" content=\"Tutustu Ocean Signal kattavaan takuupolitiikkaan, joka takaa mielenrauhan turvavarusteidesi kanssa. Luota sitoutumiseemme laatuun.\" \/>\n<meta name=\"robots\" content=\"index, follow, max-snippet:-1, max-image-preview:large, max-video-preview:-1\" \/>\n<link rel=\"canonical\" href=\"https:\/\/oceansignal.com\/fi\/takuupolitiikka\/\" \/>\n<meta property=\"og:locale\" content=\"fi_FI\" \/>\n<meta property=\"og:type\" content=\"article\" \/>\n<meta property=\"og:title\" content=\"Takuupolitiikka - Ocean Signal\" \/>\n<meta property=\"og:description\" content=\"Tutustu Ocean Signal kattavaan takuupolitiikkaan, joka takaa mielenrauhan turvavarusteidesi kanssa. Luota sitoutumiseemme laatuun.\" \/>\n<meta property=\"og:url\" content=\"https:\/\/oceansignal.com\/fi\/takuupolitiikka\/\" \/>\n<meta property=\"og:site_name\" content=\"Ocean Signal\" \/>\n<meta property=\"article:modified_time\" content=\"2025-03-06T13:46:50+00:00\" \/>\n<meta property=\"og:image\" content=\"https:\/\/oceansignal.com\/wp-content\/uploads\/2024\/03\/image-social-share-04.jpg\" \/>\n\t<meta property=\"og:image:width\" content=\"1200\" \/>\n\t<meta property=\"og:image:height\" content=\"630\" \/>\n\t<meta property=\"og:image:type\" content=\"image\/jpeg\" \/>\n<meta name=\"twitter:card\" content=\"summary_large_image\" \/>\n<meta name=\"twitter:label1\" content=\"Arvioitu lukuaika\" \/>\n\t<meta name=\"twitter:data1\" content=\"2 minuuttia\" \/>\n<script type=\"application\/ld+json\" class=\"yoast-schema-graph\">{\"@context\":\"https:\/\/schema.org\",\"@graph\":[{\"@type\":\"WebPage\",\"@id\":\"https:\/\/oceansignal.com\/fi\/takuupolitiikka\/\",\"url\":\"https:\/\/oceansignal.com\/fi\/takuupolitiikka\/\",\"name\":\"Takuupolitiikka - Ocean Signal\",\"isPartOf\":{\"@id\":\"https:\/\/oceansignal.com\/fi\/#website\"},\"datePublished\":\"2023-05-03T12:36:05+00:00\",\"dateModified\":\"2025-03-06T13:46:50+00:00\",\"description\":\"Tutustu Ocean Signal kattavaan takuupolitiikkaan, joka takaa mielenrauhan turvavarusteidesi kanssa. Luota sitoutumiseemme laatuun.\",\"inLanguage\":\"fi\",\"potentialAction\":[{\"@type\":\"ReadAction\",\"target\":[\"https:\/\/oceansignal.com\/fi\/takuupolitiikka\/\"]}]},{\"@type\":\"WebSite\",\"@id\":\"https:\/\/oceansignal.com\/fi\/#website\",\"url\":\"https:\/\/oceansignal.com\/fi\/\",\"name\":\"Ocean Signal\",\"description\":\"A leading manufacturer of EPIRBs, AIS, SARTs, Personal Locator Beacons, Man Overboard Beacon for the Marine and Outdoor Markets.\",\"potentialAction\":[{\"@type\":\"SearchAction\",\"target\":{\"@type\":\"EntryPoint\",\"urlTemplate\":\"https:\/\/oceansignal.com\/fi\/?s={search_term_string}\"},\"query-input\":{\"@type\":\"PropertyValueSpecification\",\"valueRequired\":true,\"valueName\":\"search_term_string\"}}],\"inLanguage\":\"fi\"}]}<\/script>\n<!-- \/ Yoast SEO Premium plugin. -->","yoast_head_json":{"title":"Takuupolitiikka - Ocean Signal","description":"Tutustu Ocean Signal kattavaan takuupolitiikkaan, joka takaa mielenrauhan turvavarusteidesi kanssa. Luota sitoutumiseemme laatuun.","robots":{"index":"index","follow":"follow","max-snippet":"max-snippet:-1","max-image-preview":"max-image-preview:large","max-video-preview":"max-video-preview:-1"},"canonical":"https:\/\/oceansignal.com\/fi\/takuupolitiikka\/","og_locale":"fi_FI","og_type":"article","og_title":"Takuupolitiikka - Ocean Signal","og_description":"Tutustu Ocean Signal kattavaan takuupolitiikkaan, joka takaa mielenrauhan turvavarusteidesi kanssa. Luota sitoutumiseemme laatuun.","og_url":"https:\/\/oceansignal.com\/fi\/takuupolitiikka\/","og_site_name":"Ocean Signal","article_modified_time":"2025-03-06T13:46:50+00:00","og_image":[{"width":1200,"height":630,"url":"https:\/\/oceansignal.com\/wp-content\/uploads\/2024\/03\/image-social-share-04.jpg","type":"image\/jpeg"}],"twitter_card":"summary_large_image","twitter_misc":{"Arvioitu lukuaika":"2 minuuttia"},"schema":{"@context":"https:\/\/schema.org","@graph":[{"@type":"WebPage","@id":"https:\/\/oceansignal.com\/fi\/takuupolitiikka\/","url":"https:\/\/oceansignal.com\/fi\/takuupolitiikka\/","name":"Takuupolitiikka - Ocean Signal","isPartOf":{"@id":"https:\/\/oceansignal.com\/fi\/#website"},"datePublished":"2023-05-03T12:36:05+00:00","dateModified":"2025-03-06T13:46:50+00:00","description":"Tutustu Ocean Signal kattavaan takuupolitiikkaan, joka takaa mielenrauhan turvavarusteidesi kanssa. Luota sitoutumiseemme laatuun.","inLanguage":"fi","potentialAction":[{"@type":"ReadAction","target":["https:\/\/oceansignal.com\/fi\/takuupolitiikka\/"]}]},{"@type":"WebSite","@id":"https:\/\/oceansignal.com\/fi\/#website","url":"https:\/\/oceansignal.com\/fi\/","name":"Ocean Signal","description":"A leading manufacturer of EPIRBs, AIS, SARTs, Personal Locator Beacons, Man Overboard Beacon for the Marine and Outdoor Markets.","potentialAction":[{"@type":"SearchAction","target":{"@type":"EntryPoint","urlTemplate":"https:\/\/oceansignal.com\/fi\/?s={search_term_string}"},"query-input":{"@type":"PropertyValueSpecification","valueRequired":true,"valueName":"search_term_string"}}],"inLanguage":"fi"}]}},"_links":{"self":[{"href":"https:\/\/oceansignal.com\/fi\/wp-json\/wp\/v2\/pages\/12941","targetHints":{"allow":["GET"]}}],"collection":[{"href":"https:\/\/oceansignal.com\/fi\/wp-json\/wp\/v2\/pages"}],"about":[{"href":"https:\/\/oceansignal.com\/fi\/wp-json\/wp\/v2\/types\/page"}],"author":[{"embeddable":true,"href":"https:\/\/oceansignal.com\/fi\/wp-json\/wp\/v2\/users\/1"}],"replies":[{"embeddable":true,"href":"https:\/\/oceansignal.com\/fi\/wp-json\/wp\/v2\/comments?post=12941"}],"version-history":[{"count":3,"href":"https:\/\/oceansignal.com\/fi\/wp-json\/wp\/v2\/pages\/12941\/revisions"}],"predecessor-version":[{"id":25552,"href":"https:\/\/oceansignal.com\/fi\/wp-json\/wp\/v2\/pages\/12941\/revisions\/25552"}],"wp:attachment":[{"href":"https:\/\/oceansignal.com\/fi\/wp-json\/wp\/v2\/media?parent=12941"}],"curies":[{"name":"wp","href":"https:\/\/api.w.org\/{rel}","templated":true}]}}