{"id":12958,"date":"2023-05-03T12:36:48","date_gmt":"2023-05-03T12:36:48","guid":{"rendered":"https:\/\/oceansignal.com\/emm-ja-takuukaytannot\/"},"modified":"2025-04-17T12:40:29","modified_gmt":"2025-04-17T12:40:29","slug":"emm-ja-takuukaytannot","status":"publish","type":"page","link":"https:\/\/oceansignal.com\/fi\/emm-ja-takuukaytannot\/","title":{"rendered":"EMM- ja takuuk\u00e4yt\u00e4nn\u00f6t"},"content":{"rendered":"\n<div class=\"gb-container-narrow\">\n    <div class=\"gc-container \">\n                \n\n<h4 class=\"wp-block-heading\" id=\"h-purchases-made-online-at-www-oceansignal-com\">Ostokset tehty verkossa osoitteessa www.oceansignal.com<\/h4>\n\n\n\n<p>Seisomme tuotteidemme takana. Jos www.oceansignal.com-ostoksesi ei t\u00e4yt\u00e4 odotuksiasi, voit palauttaa sen vaihtoa tai hyvityst\u00e4 varten (ilman toimituskuluja) 30 p\u00e4iv\u00e4n kuluessa ostop\u00e4iv\u00e4st\u00e4 paitsi alla mainittuna. Aloita palautus kirjautumalla tilillesi osoitteessa www.oceansignal.com ja siirtym\u00e4ll\u00e4 &#8221;Tilaukset&#8221;-v\u00e4lilehteen. Merkitse muistiin tilausnumerosi ja k\u00e4yt\u00e4 sitten <a href=\"https:\/\/oceansignal.com\/nl\/support\/#contact-us\">yhteydenottolomakettamme<\/a> Tuki-sivun RMA-osion kautta. Sy\u00f6t\u00e4 yhteystietosi lomakkeeseen, ilmoita viestiss\u00e4si tilausnumero ja lyhyt kuvaus miksi haluat palauttaa tilauksesi. Tiimimme j\u00e4sen ottaa sinuun yhteytt\u00e4 l\u00e4hiaikoina koskien seuraavia vaiheita.     <\/p>\n\n\n\n<p>Huomautus: H\u00e4t\u00e4paikan osoittavat radiomajakat (EPIRB) ja Personal Locator Beacons (PLB) voidaan palauttaa vain 30 p\u00e4iv\u00e4n kuluessa ostop\u00e4iv\u00e4st\u00e4, jos laatikon sinetti\u00e4 ei ole rikottu. Lis\u00e4ksi sit\u00e4 ei saa olla rekister\u00f6ity kansallisen viranomaisen rekister\u00f6intiin. Mik\u00e4\u00e4n lunastettu tuote, joka on oikeutettu kampanjatarjoukseen (k\u00e4teisalennukset tai ilmaistuotteet), ei ole kelvollinen.  <\/p>\n\n\n\n<p>Palautusohjeet Iso-Britannia ja Eurooppa:<\/p>\n\n\n\n<p>Kun olet saanut palautusmateriaalin valtuutusnumeron Verkkokaupan RMA, pakkaa tuote uudelleen alkuper\u00e4iseen pakkaukseensa ja l\u00e4het\u00e4 tuotteet takaisin meille siten, ett\u00e4 RMA-numerosi on selv\u00e4sti kirjoitettu ulkopakkaukseen alla olevaan osoitteeseen.<\/p>\n\n\n\n<p>Ocean Signal ,<br\/> Yksikk\u00f6 4, Ocivan Way<br\/> Westwood<br\/> Margate<br\/> CT9 4NN<br\/> Iso-Britannia<\/p>\n\n\n\n<p>Palautusohjeet USA\/Kanada:<\/p>\n\n\n\n<p>Kun olet saanut palautusmateriaalin valtuutusnumeron Verkkokaupan RMA, pakkaa tuote uudelleen alkuper\u00e4iseen pakkaukseensa ja l\u00e4het\u00e4 tuotteet takaisin meille siten, ett\u00e4 RMA-numerosi on selv\u00e4sti kirjoitettu ulkopakkaukseen alla olevaan osoitteeseen.  <\/p>\n\n\n\n<div class=\"wp-block-group\"><div class=\"wp-block-group__inner-container is-layout-constrained wp-block-group-is-layout-constrained\">\n<div class=\"wp-block-group is-vertical is-layout-flex wp-container-core-group-is-layout-8cf370e7 wp-block-group-is-layout-flex\">\n<p><strong>ACR elektroniikka<\/strong><\/p>\n\n\n\n<p><strong>5757 Ravenswood Road<\/strong><\/p>\n\n\n\n<p><strong>Fort Lauderdale, FL 33312<\/strong><\/p>\n<\/div>\n<\/div><\/div>\n\n\n\n<p>Vaarallisia aineita sis\u00e4lt\u00e4v\u00e4t tuotteet voidaan palauttaa vain maal\u00e4hetyksill\u00e4, ja ne on merkitt\u00e4v\u00e4 oikeilla Hazmat-l\u00e4hetysasiakirjoilla (k\u00e4y tuotesivulla n\u00e4hd\u00e4ksesi, t\u00e4ytt\u00e4\u00e4k\u00f6 tuotteesi ehdot).<\/p>\n\n\n\n<p>Lukuun ottamatta tapauksia, joissa palautus johtuu Ocean Signal virheest\u00e4 tai tuote saapuu vaurioituneena tai viallisena, alkuper\u00e4isi\u00e4 toimituskuluja ei palauteta ja olet vastuussa kaikista palautuksen toimituskuluista. Ocean Signal ei ole vastuussa palautuksista, jotka katoavat kuljetuksen aikana tai palautetaan v\u00e4\u00e4r\u00e4\u00e4n osoitteeseen; s\u00e4ilyt\u00e4 palautusseurantatietosi. <\/p>\n\n\n\n<p><\/p>\n\n\n\n<h2 class=\"wp-block-heading\">Maailmanlaajuinen rajoitettu takuu<\/h2>\n\n\n\n<p>Maailmanlaajuisen rajoitetun takuun rajoitetut takuut ovat yksinomaisia \u200b\u200bja korvaavat kaikki muut nimenomaiset tai oletetut tai lakis\u00e4\u00e4teiset takuut, mukaan lukien kaikki vastuut, jotka johtuvat kaupallisuudesta tai tiettyyn tarkoitukseen soveltuvuudesta, lakis\u00e4\u00e4teisest\u00e4 tai muusta. T\u00e4m\u00e4 takuu antaa omistajalle erityisi\u00e4 laillisia oikeuksia, jotka voivat vaihdella laink\u00e4ytt\u00f6alueittain. <\/p>\n\n\n\n<p>Ocean Signal Ltd. tai sen tyt\u00e4ryhti\u00f6t eiv\u00e4t miss\u00e4\u00e4n tapauksessa ole vastuussa mist\u00e4\u00e4n satunnaisista, erityisist\u00e4, ep\u00e4suorista tai v\u00e4lillisist\u00e4 vahingoista, jotka johtuvat tuotteen k\u00e4yt\u00f6st\u00e4, v\u00e4\u00e4rink\u00e4yt\u00f6st\u00e4, k\u00e4ytt\u00f6kyvytt\u00f6myydest\u00e4, v\u00e4\u00e4r\u00e4st\u00e4 luottamisesta tai tuotteen virheist\u00e4. Jotkut laink\u00e4ytt\u00f6alueet eiv\u00e4t salli satunnaisten tai v\u00e4lillisten vahinkojen poissulkemista, joten yll\u00e4 oleva rajoitus ei v\u00e4ltt\u00e4m\u00e4tt\u00e4 koske sinua. <\/p>\n\n\n\n<p>Maailmanlaajuinen rajoitettu takuu ei vaikuta asiakkaan oikeuksiin j\u00e4lleenmyyj\u00e4\u00e4 kohtaan, jotka johtuvat myynti-\/ostosopimuksesta.<\/p>\n\n\n\n<p>Takuulla korjatulle tai vaihdetulle tuotteelle my\u00f6nnet\u00e4\u00e4n takuu vain j\u00e4ljell\u00e4 olevan alkuper\u00e4isen takuuajan loppuun.<\/p>\n\n\n\n<p>Globaalin rajoitetun takuun ehtojen, ehtojen, rajoitusten ja poissulkemisten mukaisesti kaikilla Ocean Signal -tuotteilla taataan materiaali- tai valmistusvikoja kahden (2) vuoden ajan siit\u00e4 p\u00e4iv\u00e4st\u00e4, jona alkuper\u00e4inen asiakas osti Tuotteen (&#8221;Normaali rajoitettu takuuaika&#8221;). T\u00e4n\u00e4 aikana ja vain alkuper\u00e4isen asiakkaan osalta Ocean Signal korjaa tai vaihtaa oman harkintansa mukaan kaikki komponentit, jotka ep\u00e4onnistuvat normaalissa k\u00e4yt\u00f6ss\u00e4, mik\u00e4 on asiakkaan ainoa ja yksinomainen oikeuskeino takuun rikkomisen varalta, ellei toisin ole sovellettavissa. <\/p>\n\n\n\n<p>Jos normaali rajoitettu takuu koskee sinua, Ocean Signal ei veloita sinulta takuukorjausten tai vaihtojen osista tai ty\u00f6st\u00e4. Takuutuotteesi kuljetuskustannukset Ocean Signal korjausta tai vaihtoa varten ovat kuitenkin sinun vastuullasi, eik\u00e4 Ocean Signal kata niit\u00e4. <\/p>\n\n\n\n<h2 class=\"wp-block-heading\">Laajennettu rajoitettu takuu<\/h2>\n\n\n\n<p>Globaalin rajoitetun takuun ehtojen, ehtojen, rajoitusten ja poissulkemisten mukaisesti ja lukuun ottamatta takuukorvaustuotteita ja tavallisiin kaupallisiin, sotilaallisiin, lainvalvonta- tai muihin vastaaviin tarkoituksiin k\u00e4ytettyj\u00e4 tuotteita, kaikki Ocean Signal yhdeks\u00e4nkymmenen (90) p\u00e4iv\u00e4n kuluessa p\u00e4iv\u00e4st\u00e4, jona alkuper\u00e4inen asiakas osti tuotteen, on taattu, ett\u00e4 niill\u00e4 ei esiinny vikoja (rajoitettu materiaali- tai ty\u00f6vuotinen takuu). Kausi\u201d) alla m\u00e4\u00e4ritellyll\u00e4 tavalla:<\/p>\n\n\n\n<figure class=\"wp-block-table\"><table><tbody><tr><td>rescueME -tuotteet ( PLB1 , PLB3 , MOB1, MOB2 , EDF,<br\/> EPIRB1 , EPIRB1Pro, EPIRB2 , EPIRB2 Pro ja EPIRB3 )<\/td><td>\u00a0\u2013<\/td><td>Jatkettu takuuaika 5 vuotta<\/td><\/tr><tr><td>safeSEA -tuotteet ( EPIRB3 Pro , V100, M200 ja S100)<\/td><td>\u00a0\u2013<\/td><td>Laajennettua takuuta ei ole saatavilla<\/td><\/tr><tr><td>Ammattimaiset tuotteet: (M100 ja M100X)<\/td><td>\u00a0\u2013<\/td><td>Laajennettua takuuta ei ole saatavilla<\/td><\/tr><tr><td>AIS-tuotteet: (ATB1 ja ATA100)<\/td><td>\u00a0\u2013<\/td><td>Jatkettu takuuaika 3 vuotta<\/td><\/tr><\/tbody><\/table><\/figure>\n\n\n\n<p>T\u00e4n\u00e4 aikana ja alkuper\u00e4isen asiakkaan puolesta Ocean Signal korjaa tai vaihtaa oman harkintansa mukaan kaikki tuotteen komponentit, jotka ep\u00e4onnistuvat normaalissa k\u00e4yt\u00f6ss\u00e4, mik\u00e4 on asiakkaan ainoa ja yksinomainen oikeuskeino takuun rikkomisen varalta, ellei sovelleta toisin lakia.<\/p>\n\n\n\n<p>Kun Tuotteen rekister\u00f6inti on onnistunut, laajennettu rajoitettu takuu korvaa normaalin rajoitetun takuun.<\/p>\n\n\n\n<p>Jos laajennettu rajoitettu takuu koskee sinua, Ocean Signal ei veloita sinulta takuukorjausten tai vaihtojen osista tai ty\u00f6st\u00e4. Takuutuotteesi kuljetuskustannukset Ocean Signal korjausta tai vaihtoa varten ovat kuitenkin sinun vastuullasi, eik\u00e4 Ocean Signal kata niit\u00e4. <\/p>\n\n\n        <\/div><\/div>\n","protected":false},"excerpt":{"rendered":"","protected":false},"author":1,"featured_media":0,"parent":0,"menu_order":0,"comment_status":"closed","ping_status":"closed","template":"pagetemplate-header-gray.php","meta":{"_acf_changed":false,"om_disable_all_campaigns":false,"footnotes":""},"class_list":["post-12958","page","type-page","status-publish","hentry"],"acf":[],"yoast_head":"<!-- This site is optimized with the Yoast SEO Premium plugin v25.2 (Yoast SEO v26.4) - https:\/\/yoast.com\/wordpress\/plugins\/seo\/ -->\n<title>EMM- ja takuuk\u00e4yt\u00e4nn\u00f6t - Ocean Signal<\/title>\n<meta name=\"description\" content=\"Tutustu Ocean Signal verkkokauppa- ja takuusivulle luotettavien merenkulun turvalaitteiden saamiseksi. Tee ostoksia luottavaisin mielin kattavan takuumme avulla.\" \/>\n<meta name=\"robots\" content=\"index, follow, max-snippet:-1, max-image-preview:large, max-video-preview:-1\" \/>\n<link rel=\"canonical\" href=\"https:\/\/oceansignal.com\/fi\/emm-ja-takuukaytannot\/\" \/>\n<meta property=\"og:locale\" content=\"fi_FI\" \/>\n<meta property=\"og:type\" content=\"article\" \/>\n<meta property=\"og:title\" content=\"EMM- ja takuuk\u00e4yt\u00e4nn\u00f6t - Ocean Signal\" \/>\n<meta property=\"og:description\" content=\"Tutustu Ocean Signal verkkokauppa- ja takuusivulle luotettavien merenkulun turvalaitteiden saamiseksi. Tee ostoksia luottavaisin mielin kattavan takuumme avulla.\" \/>\n<meta property=\"og:url\" content=\"https:\/\/oceansignal.com\/fi\/emm-ja-takuukaytannot\/\" \/>\n<meta property=\"og:site_name\" content=\"Ocean Signal\" \/>\n<meta property=\"article:modified_time\" content=\"2025-04-17T12:40:29+00:00\" \/>\n<meta property=\"og:image\" content=\"https:\/\/oceansignal.com\/wp-content\/uploads\/2024\/03\/image-social-share-04.jpg\" \/>\n\t<meta property=\"og:image:width\" content=\"1200\" \/>\n\t<meta property=\"og:image:height\" content=\"630\" \/>\n\t<meta property=\"og:image:type\" content=\"image\/jpeg\" \/>\n<meta name=\"twitter:card\" content=\"summary_large_image\" \/>\n<meta name=\"twitter:label1\" content=\"Arvioitu lukuaika\" \/>\n\t<meta name=\"twitter:data1\" content=\"4 minuuttia\" \/>\n<script type=\"application\/ld+json\" class=\"yoast-schema-graph\">{\"@context\":\"https:\/\/schema.org\",\"@graph\":[{\"@type\":\"WebPage\",\"@id\":\"https:\/\/oceansignal.com\/fi\/emm-ja-takuukaytannot\/\",\"url\":\"https:\/\/oceansignal.com\/fi\/emm-ja-takuukaytannot\/\",\"name\":\"EMM- ja takuuk\u00e4yt\u00e4nn\u00f6t - Ocean Signal\",\"isPartOf\":{\"@id\":\"https:\/\/oceansignal.com\/fi\/#website\"},\"datePublished\":\"2023-05-03T12:36:48+00:00\",\"dateModified\":\"2025-04-17T12:40:29+00:00\",\"description\":\"Tutustu Ocean Signal verkkokauppa- ja takuusivulle luotettavien merenkulun turvalaitteiden saamiseksi. Tee ostoksia luottavaisin mielin kattavan takuumme avulla.\",\"inLanguage\":\"fi\",\"potentialAction\":[{\"@type\":\"ReadAction\",\"target\":[\"https:\/\/oceansignal.com\/fi\/emm-ja-takuukaytannot\/\"]}]},{\"@type\":\"WebSite\",\"@id\":\"https:\/\/oceansignal.com\/fi\/#website\",\"url\":\"https:\/\/oceansignal.com\/fi\/\",\"name\":\"Ocean Signal\",\"description\":\"A leading manufacturer of EPIRBs, AIS, SARTs, Personal Locator Beacons, Man Overboard Beacon for the Marine and Outdoor Markets.\",\"potentialAction\":[{\"@type\":\"SearchAction\",\"target\":{\"@type\":\"EntryPoint\",\"urlTemplate\":\"https:\/\/oceansignal.com\/fi\/?s={search_term_string}\"},\"query-input\":{\"@type\":\"PropertyValueSpecification\",\"valueRequired\":true,\"valueName\":\"search_term_string\"}}],\"inLanguage\":\"fi\"}]}<\/script>\n<!-- \/ Yoast SEO Premium plugin. -->","yoast_head_json":{"title":"EMM- ja takuuk\u00e4yt\u00e4nn\u00f6t - Ocean Signal","description":"Tutustu Ocean Signal verkkokauppa- ja takuusivulle luotettavien merenkulun turvalaitteiden saamiseksi. Tee ostoksia luottavaisin mielin kattavan takuumme avulla.","robots":{"index":"index","follow":"follow","max-snippet":"max-snippet:-1","max-image-preview":"max-image-preview:large","max-video-preview":"max-video-preview:-1"},"canonical":"https:\/\/oceansignal.com\/fi\/emm-ja-takuukaytannot\/","og_locale":"fi_FI","og_type":"article","og_title":"EMM- ja takuuk\u00e4yt\u00e4nn\u00f6t - Ocean Signal","og_description":"Tutustu Ocean Signal verkkokauppa- ja takuusivulle luotettavien merenkulun turvalaitteiden saamiseksi. Tee ostoksia luottavaisin mielin kattavan takuumme avulla.","og_url":"https:\/\/oceansignal.com\/fi\/emm-ja-takuukaytannot\/","og_site_name":"Ocean Signal","article_modified_time":"2025-04-17T12:40:29+00:00","og_image":[{"width":1200,"height":630,"url":"https:\/\/oceansignal.com\/wp-content\/uploads\/2024\/03\/image-social-share-04.jpg","type":"image\/jpeg"}],"twitter_card":"summary_large_image","twitter_misc":{"Arvioitu lukuaika":"4 minuuttia"},"schema":{"@context":"https:\/\/schema.org","@graph":[{"@type":"WebPage","@id":"https:\/\/oceansignal.com\/fi\/emm-ja-takuukaytannot\/","url":"https:\/\/oceansignal.com\/fi\/emm-ja-takuukaytannot\/","name":"EMM- ja takuuk\u00e4yt\u00e4nn\u00f6t - Ocean Signal","isPartOf":{"@id":"https:\/\/oceansignal.com\/fi\/#website"},"datePublished":"2023-05-03T12:36:48+00:00","dateModified":"2025-04-17T12:40:29+00:00","description":"Tutustu Ocean Signal verkkokauppa- ja takuusivulle luotettavien merenkulun turvalaitteiden saamiseksi. Tee ostoksia luottavaisin mielin kattavan takuumme avulla.","inLanguage":"fi","potentialAction":[{"@type":"ReadAction","target":["https:\/\/oceansignal.com\/fi\/emm-ja-takuukaytannot\/"]}]},{"@type":"WebSite","@id":"https:\/\/oceansignal.com\/fi\/#website","url":"https:\/\/oceansignal.com\/fi\/","name":"Ocean Signal","description":"A leading manufacturer of EPIRBs, AIS, SARTs, Personal Locator Beacons, Man Overboard Beacon for the Marine and Outdoor Markets.","potentialAction":[{"@type":"SearchAction","target":{"@type":"EntryPoint","urlTemplate":"https:\/\/oceansignal.com\/fi\/?s={search_term_string}"},"query-input":{"@type":"PropertyValueSpecification","valueRequired":true,"valueName":"search_term_string"}}],"inLanguage":"fi"}]}},"_links":{"self":[{"href":"https:\/\/oceansignal.com\/fi\/wp-json\/wp\/v2\/pages\/12958","targetHints":{"allow":["GET"]}}],"collection":[{"href":"https:\/\/oceansignal.com\/fi\/wp-json\/wp\/v2\/pages"}],"about":[{"href":"https:\/\/oceansignal.com\/fi\/wp-json\/wp\/v2\/types\/page"}],"author":[{"embeddable":true,"href":"https:\/\/oceansignal.com\/fi\/wp-json\/wp\/v2\/users\/1"}],"replies":[{"embeddable":true,"href":"https:\/\/oceansignal.com\/fi\/wp-json\/wp\/v2\/comments?post=12958"}],"version-history":[{"count":6,"href":"https:\/\/oceansignal.com\/fi\/wp-json\/wp\/v2\/pages\/12958\/revisions"}],"predecessor-version":[{"id":27349,"href":"https:\/\/oceansignal.com\/fi\/wp-json\/wp\/v2\/pages\/12958\/revisions\/27349"}],"wp:attachment":[{"href":"https:\/\/oceansignal.com\/fi\/wp-json\/wp\/v2\/media?parent=12958"}],"curies":[{"name":"wp","href":"https:\/\/api.w.org\/{rel}","templated":true}]}}