{"id":177,"date":"2023-04-07T13:10:32","date_gmt":"2023-04-07T13:10:32","guid":{"rendered":"http:\/\/oceansignal.com\/?page_id=177"},"modified":"2024-03-12T14:17:59","modified_gmt":"2024-03-12T14:17:59","slug":"about-us","status":"publish","type":"page","link":"https:\/\/oceansignal.com\/fi\/about-us\/","title":{"rendered":"About Ocean Signal"},"content":{"rendered":"\n<div class=\"gb-container-narrow\">\n    <div class=\"gc-container \">\n                \n\n<p class=\"has-medium-font-size\">Ocean Signal operates within the ACR group. This group has over 250 employees and 3 world class R&amp;D centres. We are continually developing business opportunities with over 150 active global customers and are present in over 30 countries. Partnered with key organisations around the globe the group has been present in the Maritime, Aviation and Military markets for over 50 years.<br>Ocean Signal is a worldwide leader in the design and manufacture of Satellite and Terrestrial Emergency Rescue Beacons based upon VHF\/UHF, Iridium, Digital Selective Calling or DSC, Automatic Identification Systems or AIS, GNSS and battery technologies. Supplying products throughout the world to four main markets: \u2013 Commercial Marine, Leisure Marine, Governmental\/Military and Land\/Recreational.<br><br>Head of the Ocean Signal engineering is one of the world\u2019s leading experts in radar enhancement technology, Simon Nolan who leads a strong team. Individually they have designed and developed many market leading products and now, as Ocean Signal, have a vision to provide the very best communication and safety products for today\u2019s mariners.<\/p>\n\n\n\n<p><\/p>\n\n\n\n<figure class=\"wp-block-gallery has-nested-images columns-default is-cropped wp-block-gallery-1 is-layout-flex wp-block-gallery-is-layout-flex\">\n<figure class=\"wp-block-image size-large\"><img loading=\"lazy\" decoding=\"async\" width=\"420\" height=\"264\" data-id=\"180\" src=\"http:\/\/oceansignal.com\/wp-content\/uploads\/2023\/04\/image-about-us-employees.jpg\" alt=\"Ocean Signal headquarters and manufacturing in Margate, Kent, United Kingdom\" class=\"wp-image-180\" srcset=\"https:\/\/oceansignal.com\/wp-content\/uploads\/2023\/04\/image-about-us-employees.jpg 420w, https:\/\/oceansignal.com\/wp-content\/uploads\/2023\/04\/image-about-us-employees-300x189.jpg 300w\" sizes=\"auto, (max-width: 420px) 100vw, 420px\" \/><\/figure>\n\n\n\n<figure class=\"wp-block-image size-large\"><img loading=\"lazy\" decoding=\"async\" width=\"420\" height=\"264\" data-id=\"181\" src=\"http:\/\/oceansignal.com\/wp-content\/uploads\/2023\/04\/image-about-us-2.jpg\" alt=\"\" class=\"wp-image-181\" srcset=\"https:\/\/oceansignal.com\/wp-content\/uploads\/2023\/04\/image-about-us-2.jpg 420w, https:\/\/oceansignal.com\/wp-content\/uploads\/2023\/04\/image-about-us-2-300x189.jpg 300w\" sizes=\"auto, (max-width: 420px) 100vw, 420px\" \/><\/figure>\n<\/figure>\n\n\n\n<p><\/p>\n\n\n\n<p>Through more than 10 Years of continued innovative design, development and testing Ocean Signal has developed and delivered a world class portfolio of products onto the market.<br>The portfolio of Ocean Signal products are designed to meet or exceed the technical requirements of the International Maritime Organisation (SOLAS), International Electrotechnical Commission standards, European Directives and Decisions, United States Coast Guard standards as well as many other applicable national and international rules.<\/p>\n\n\n\n<p><\/p>\n\n\n\n<figure class=\"wp-block-image size-full\"><img loading=\"lazy\" decoding=\"async\" width=\"856\" height=\"499\" src=\"http:\/\/oceansignal.com\/wp-content\/uploads\/2023\/04\/image-about-us-3-1.jpg\" alt=\"\" class=\"wp-image-182\" srcset=\"https:\/\/oceansignal.com\/wp-content\/uploads\/2023\/04\/image-about-us-3-1.jpg 856w, https:\/\/oceansignal.com\/wp-content\/uploads\/2023\/04\/image-about-us-3-1-300x175.jpg 300w, https:\/\/oceansignal.com\/wp-content\/uploads\/2023\/04\/image-about-us-3-1-768x448.jpg 768w, https:\/\/oceansignal.com\/wp-content\/uploads\/2023\/04\/image-about-us-3-1-600x350.jpg 600w\" sizes=\"auto, (max-width: 856px) 100vw, 856px\" \/><\/figure>\n\n\n\n<p><\/p>\n\n\n\n<p>For careers at Ocean Signal, please go to the <a href=\"http:\/\/oceansignal.com\/careers\/\" data-type=\"page\" data-id=\"200\">careers page<\/a>.<br><br><strong>Registered Company Address:<\/strong><br>Ocean Signal Ltd.<br>Unit 4<br>Ocivan Way<br>Margate, Kent<br>CT9 4NN<br>United Kingdom<br><br><strong>General Enquiries, Sales and Administration<\/strong><br>+44 (0)1843 282930<br><br><strong>Customer Service &amp; Technical Support ONLY<\/strong><br>+44 (0)1843 808190<br><br><strong>Company Registration Number:<\/strong> 06627101<br><br>Registered in England.<\/p>\n\n\n        <\/div><\/div>\n\n\n\n\t\n<div\n\tclass=\"c-wave-divider  c-wave-divider--blue  c-wave-divider--margin-top\">\n<\/div>\n\n<div class=\"gb-contact-us\" id=\"contact-us\">\n\t<div class=\"gc-container \">\n    \t\t\t\n\n<div class=\"wp-block-column gb-contact-us__column gb-contact-us__text-container is-layout-flow wp-block-column-is-layout-flow\">\n<h1 class=\"wp-block-heading gb-contact-us__text-container__title\" id=\"h-we-are-here-to-help\">We are here to help<\/h1>\n\n\n\n<p class=\"gb-contact-us__text-container__text\">Send us message and a member of our team will be in touch.<\/p>\n\n\n\n<div class=\"wp-block-column gb-contact-us__text-container__image is-layout-flow wp-block-column-is-layout-flow\"><\/div>\n<\/div>\n\n\n\n<div class=\"wp-block-column gb-contact-us__column gb-contact-us__form-container is-layout-flow wp-block-column-is-layout-flow\"><div id=\"contact-form\" class=\"gb-contact-form\">\n\t<form class=\"gb-contact-form__form\" method=\"post\">\n\t\t\n\n<div class=\"c-input c-input--fullName \">\n\t<label class=\"c-input__label\" for=\"fullName\">Ensimm\u00e4inen ja sukunimi (valinnainen)<\/label>\n\t<div class=\"c-input__container\">\n\t\t\t\t<input\n\t\t\ttype=\"text\"\n\t\t\tname=\"fullName\"\n\t\t\tid=\"fullName\"\n\t\t\tclass=\"c-input__input\"\n\t\t\tvalue=\"\"\n\t\t\t\n\t\t\tautocomplete=\"off\"\n\t\t\tspellcheck=\"true\"\n\t\t\tplaceholder=\"\"\n\t\t\/>\n\t<\/div>\n\t\t<span class=\"c-input__message\">T\u00e4m\u00e4 kentt\u00e4 vaaditaan.<\/span>\n<\/div>\n\n\t\t\n\n<div class=\"c-input c-input--email \">\n\t<label class=\"c-input__label\" for=\"email\">S\u00e4hk\u00f6posti<\/label>\n\t<div class=\"c-input__container\">\n\t\t\t\t<input\n\t\t\ttype=\"email\"\n\t\t\tname=\"email\"\n\t\t\tid=\"email\"\n\t\t\tclass=\"c-input__input\"\n\t\t\tvalue=\"\"\n\t\t\t\n\t\t\tautocomplete=\"off\"\n\t\t\tspellcheck=\"true\"\n\t\t\tplaceholder=\"\"\n\t\t\/>\n\t<\/div>\n\t\t<span class=\"c-input__message\">S\u00e4hk\u00f6postiosoite on virheellisess\u00e4 muodossa.<\/span>\n<\/div>\n\n\t\t\n\n<div class=\"c-input c-input--phone \">\n\t<label class=\"c-input__label\" for=\"phone\">Puhelinnumero (valinnainen)<\/label>\n\t<div class=\"c-input__container\">\n\t\t\t\t<input\n\t\t\ttype=\"text\"\n\t\t\tname=\"phone\"\n\t\t\tid=\"phone\"\n\t\t\tclass=\"c-input__input\"\n\t\t\tvalue=\"\"\n\t\t\t\n\t\t\tautocomplete=\"off\"\n\t\t\tspellcheck=\"true\"\n\t\t\tplaceholder=\"\"\n\t\t\/>\n\t<\/div>\n\t\t<span class=\"c-input__message\">T\u00e4m\u00e4 kentt\u00e4 vaaditaan.<\/span>\n<\/div>\n\n\t\t\n\n<div class=\"c-input c-input--country \">\n\t<label class=\"c-input__label\" for=\"country\">Alkuper\u00e4maa<\/label>\n\t<div class=\"c-input__container\">\n\t\t\t\t<input\n\t\t\ttype=\"text\"\n\t\t\tname=\"country\"\n\t\t\tid=\"country\"\n\t\t\tclass=\"c-input__input\"\n\t\t\tvalue=\"\"\n\t\t\t\n\t\t\tautocomplete=\"off\"\n\t\t\tspellcheck=\"true\"\n\t\t\tplaceholder=\"\"\n\t\t\/>\n\t<\/div>\n\t\t<span class=\"c-input__message\">T\u00e4m\u00e4 kentt\u00e4 vaaditaan.<\/span>\n<\/div>\n\n\t\t<div class=\"c-input\">\n\t<label class=\"c-input__label\" for=\"message\">Viestisi<\/label>\n\t<textarea\n\t\tname=\"message\"\n\t\tid=\"message\"\n\t\tclass=\"c-input__input\"\n\t\tvalue=\"\"\n\t\t\n\t\tautocomplete=\"off\"\n\t\tspellcheck=\"true\"\n\t><\/textarea>\n\t\t<span class=\"c-input__message\">T\u00e4m\u00e4 kentt\u00e4 vaaditaan.<\/span>\n<\/div>\n\n\t\t\t<span class=\"c-checkbox c-checkbox--secondary\">\n\t<span class=\"c-checkbox__wrapper\">\n\t\t<input class=\"c-checkbox__input\" type=\"checkbox\" name=\"subscribe\" data-id=\"subscribe\" id=\"subscribe\" value=\"subscribe\"  autocomplete=\"on\"\/>\n\t<\/span>\n\t<label class=\"c-checkbox__text\" for=\"subscribe\"> Haluaisin saada uutisia ja ylennyksi\u00e4. <\/label>\n<\/span>\n\n\t\t<div class=\"c-recaptcha c-input js-recaptcha\" id=\"js-recaptcha\">\n    <div class=\"g-recaptcha\" data-sitekey=\"6LdypS0pAAAAAPO_gmMi6_T5NelPv7DVFckpx0_9\" data-callback=\"checkRecaptcha\"><\/div>\n    <span class=\"c-input__message\">T\u00e4m\u00e4 kentt\u00e4 vaaditaan.<\/span>\n<\/div>\n\n\t\t<div class=\"gb-contact-form__form__divider\" ><\/div>\n\t\t<button type=\"submit\" class=\"c-button c-button--primary js-submit-button\">L\u00e4het\u00e4 pyynt\u00f6<\/button>\n\t<\/form>\n\t<p id=\"form-message\" class=\"gb-contact-form__message\"><\/p>\n<\/div>\n<\/div>\n\n\n\n<p class=\"gb-contact-us__bottom-text\">We consider your privacy important, please read our Privacy Policy.<br>Please note that your contact details may be used in accordance with the EU GDPR regulations. Ocean Signal will not use this data for marketing purposes without your explicit permission. For details of our data retention policy, please see this policy.<br><br>For service support, please contact your local distributor first.<br>OSL dealer and OSL Battery replacement services information can be found here.<\/p>\n\n\n\t\t<\/div><\/div>\n\n\n\n<div class=\"gb-careers\">\n            \n\n<div class=\"wp-block-columns gb-careers__wrapper c-container is-layout-flex wp-container-core-columns-is-layout-9d6595d7 wp-block-columns-is-layout-flex\">\n<div class=\"wp-block-column gb-careers__column gb-careers__text-container is-layout-flow wp-block-column-is-layout-flow\">\n<h2 class=\"wp-block-heading gb-careers__text-container__title\" id=\"h-careers\">Careers<\/h2>\n\n\n\n<p class=\"gb-careers__text-container__text\">Interested in joining our team? We are always looking for talented individuals to join the Ocean Signal family.<\/p>\n\n\n\n<a\n\t\t\thref=\"http:\/\/oceansignal.com\/careers\/\"\n\t\tclass=\"gb-button gb-button--primary-white \"\n\ttarget=\"_self\">\n\t\tOpen positions\n<\/a>\n<\/div>\n\n\n\n<div class=\"wp-block-column gb-careers__column gb-careers__image-container is-layout-flow wp-block-column-is-layout-flow\">\n<div class=\"gb-image\">\n\t\n<div class=\"gc-image \">\n        <img decoding=\"async\" class=\"gc-image__image gc-image__image--cover \"\n         src=\"http:\/\/oceansignal.com\/wp-content\/uploads\/2023\/04\/image-careers-section.jpg\"\n         alt=\"\"\n    >\n<\/div><\/div>\n<\/div>\n<\/div>\n\n\n    <\/div>\n","protected":false},"excerpt":{"rendered":"<p>We brought together one of the most highly experienced electronic engineering teams in the marine communications industry.<\/p>\n","protected":false},"author":2,"featured_media":0,"parent":0,"menu_order":0,"comment_status":"closed","ping_status":"closed","template":"pagetemplate-header-orange.php","meta":{"_acf_changed":false,"om_disable_all_campaigns":false,"footnotes":""},"class_list":["post-177","page","type-page","status-publish","hentry"],"acf":[],"yoast_head":"<!-- This site is optimized with the Yoast SEO Premium plugin v25.2 (Yoast SEO v26.4) - https:\/\/yoast.com\/wordpress\/plugins\/seo\/ -->\n<title>About Ocean Signal - Ocean Signal<\/title>\n<meta name=\"description\" content=\"Ocean Signal is your source for marine safety solutions. Explore our line of EPIRBs, PLBs, and AIS equipment for reliable communication at sea\" \/>\n<meta name=\"robots\" content=\"index, follow, max-snippet:-1, max-image-preview:large, max-video-preview:-1\" \/>\n<link rel=\"canonical\" href=\"https:\/\/oceansignal.com\/fi\/about-us\/\" \/>\n<meta property=\"og:locale\" content=\"fi_FI\" \/>\n<meta property=\"og:type\" content=\"article\" \/>\n<meta property=\"og:title\" content=\"About Ocean Signal - Ocean Signal\" \/>\n<meta property=\"og:description\" content=\"Ocean Signal is your source for marine safety solutions. Explore our line of EPIRBs, PLBs, and AIS equipment for reliable communication at sea\" \/>\n<meta property=\"og:url\" content=\"https:\/\/oceansignal.com\/fi\/about-us\/\" \/>\n<meta property=\"og:site_name\" content=\"Ocean Signal\" \/>\n<meta property=\"article:modified_time\" content=\"2024-03-12T14:17:59+00:00\" \/>\n<meta property=\"og:image\" content=\"http:\/\/oceansignal.com\/wp-content\/uploads\/2023\/04\/image-about-us-employees.jpg\" \/>\n<meta name=\"twitter:card\" content=\"summary_large_image\" \/>\n<meta name=\"twitter:label1\" content=\"Arvioitu lukuaika\" \/>\n\t<meta name=\"twitter:data1\" content=\"3 minuuttia\" \/>\n<script type=\"application\/ld+json\" class=\"yoast-schema-graph\">{\"@context\":\"https:\/\/schema.org\",\"@graph\":[{\"@type\":\"WebPage\",\"@id\":\"https:\/\/oceansignal.com\/fi\/about-us\/\",\"url\":\"https:\/\/oceansignal.com\/fi\/about-us\/\",\"name\":\"About Ocean Signal - Ocean Signal\",\"isPartOf\":{\"@id\":\"https:\/\/oceansignal.com\/fi\/#website\"},\"primaryImageOfPage\":{\"@id\":\"https:\/\/oceansignal.com\/fi\/about-us\/#primaryimage\"},\"image\":{\"@id\":\"https:\/\/oceansignal.com\/fi\/about-us\/#primaryimage\"},\"thumbnailUrl\":\"http:\/\/oceansignal.com\/wp-content\/uploads\/2023\/04\/image-about-us-employees.jpg\",\"datePublished\":\"2023-04-07T13:10:32+00:00\",\"dateModified\":\"2024-03-12T14:17:59+00:00\",\"description\":\"Ocean Signal is your source for marine safety solutions. Explore our line of EPIRBs, PLBs, and AIS equipment for reliable communication at sea\",\"inLanguage\":\"fi\",\"potentialAction\":[{\"@type\":\"ReadAction\",\"target\":[\"https:\/\/oceansignal.com\/fi\/about-us\/\"]}]},{\"@type\":\"ImageObject\",\"inLanguage\":\"fi\",\"@id\":\"https:\/\/oceansignal.com\/fi\/about-us\/#primaryimage\",\"url\":\"http:\/\/oceansignal.com\/wp-content\/uploads\/2023\/04\/image-about-us-employees.jpg\",\"contentUrl\":\"http:\/\/oceansignal.com\/wp-content\/uploads\/2023\/04\/image-about-us-employees.jpg\"},{\"@type\":\"WebSite\",\"@id\":\"https:\/\/oceansignal.com\/fi\/#website\",\"url\":\"https:\/\/oceansignal.com\/fi\/\",\"name\":\"Ocean Signal\",\"description\":\"A leading manufacturer of EPIRBs, AIS, SARTs, Personal Locator Beacons, Man Overboard Beacon for the Marine and Outdoor Markets.\",\"potentialAction\":[{\"@type\":\"SearchAction\",\"target\":{\"@type\":\"EntryPoint\",\"urlTemplate\":\"https:\/\/oceansignal.com\/fi\/?s={search_term_string}\"},\"query-input\":{\"@type\":\"PropertyValueSpecification\",\"valueRequired\":true,\"valueName\":\"search_term_string\"}}],\"inLanguage\":\"fi\"}]}<\/script>\n<!-- \/ Yoast SEO Premium plugin. -->","yoast_head_json":{"title":"About Ocean Signal - Ocean Signal","description":"Ocean Signal is your source for marine safety solutions. Explore our line of EPIRBs, PLBs, and AIS equipment for reliable communication at sea","robots":{"index":"index","follow":"follow","max-snippet":"max-snippet:-1","max-image-preview":"max-image-preview:large","max-video-preview":"max-video-preview:-1"},"canonical":"https:\/\/oceansignal.com\/fi\/about-us\/","og_locale":"fi_FI","og_type":"article","og_title":"About Ocean Signal - Ocean Signal","og_description":"Ocean Signal is your source for marine safety solutions. Explore our line of EPIRBs, PLBs, and AIS equipment for reliable communication at sea","og_url":"https:\/\/oceansignal.com\/fi\/about-us\/","og_site_name":"Ocean Signal","article_modified_time":"2024-03-12T14:17:59+00:00","og_image":[{"url":"http:\/\/oceansignal.com\/wp-content\/uploads\/2023\/04\/image-about-us-employees.jpg","type":"","width":"","height":""}],"twitter_card":"summary_large_image","twitter_misc":{"Arvioitu lukuaika":"3 minuuttia"},"schema":{"@context":"https:\/\/schema.org","@graph":[{"@type":"WebPage","@id":"https:\/\/oceansignal.com\/fi\/about-us\/","url":"https:\/\/oceansignal.com\/fi\/about-us\/","name":"About Ocean Signal - Ocean Signal","isPartOf":{"@id":"https:\/\/oceansignal.com\/fi\/#website"},"primaryImageOfPage":{"@id":"https:\/\/oceansignal.com\/fi\/about-us\/#primaryimage"},"image":{"@id":"https:\/\/oceansignal.com\/fi\/about-us\/#primaryimage"},"thumbnailUrl":"http:\/\/oceansignal.com\/wp-content\/uploads\/2023\/04\/image-about-us-employees.jpg","datePublished":"2023-04-07T13:10:32+00:00","dateModified":"2024-03-12T14:17:59+00:00","description":"Ocean Signal is your source for marine safety solutions. Explore our line of EPIRBs, PLBs, and AIS equipment for reliable communication at sea","inLanguage":"fi","potentialAction":[{"@type":"ReadAction","target":["https:\/\/oceansignal.com\/fi\/about-us\/"]}]},{"@type":"ImageObject","inLanguage":"fi","@id":"https:\/\/oceansignal.com\/fi\/about-us\/#primaryimage","url":"http:\/\/oceansignal.com\/wp-content\/uploads\/2023\/04\/image-about-us-employees.jpg","contentUrl":"http:\/\/oceansignal.com\/wp-content\/uploads\/2023\/04\/image-about-us-employees.jpg"},{"@type":"WebSite","@id":"https:\/\/oceansignal.com\/fi\/#website","url":"https:\/\/oceansignal.com\/fi\/","name":"Ocean Signal","description":"A leading manufacturer of EPIRBs, AIS, SARTs, Personal Locator Beacons, Man Overboard Beacon for the Marine and Outdoor Markets.","potentialAction":[{"@type":"SearchAction","target":{"@type":"EntryPoint","urlTemplate":"https:\/\/oceansignal.com\/fi\/?s={search_term_string}"},"query-input":{"@type":"PropertyValueSpecification","valueRequired":true,"valueName":"search_term_string"}}],"inLanguage":"fi"}]}},"_links":{"self":[{"href":"https:\/\/oceansignal.com\/fi\/wp-json\/wp\/v2\/pages\/177","targetHints":{"allow":["GET"]}}],"collection":[{"href":"https:\/\/oceansignal.com\/fi\/wp-json\/wp\/v2\/pages"}],"about":[{"href":"https:\/\/oceansignal.com\/fi\/wp-json\/wp\/v2\/types\/page"}],"author":[{"embeddable":true,"href":"https:\/\/oceansignal.com\/fi\/wp-json\/wp\/v2\/users\/2"}],"replies":[{"embeddable":true,"href":"https:\/\/oceansignal.com\/fi\/wp-json\/wp\/v2\/comments?post=177"}],"version-history":[{"count":13,"href":"https:\/\/oceansignal.com\/fi\/wp-json\/wp\/v2\/pages\/177\/revisions"}],"predecessor-version":[{"id":1993,"href":"https:\/\/oceansignal.com\/fi\/wp-json\/wp\/v2\/pages\/177\/revisions\/1993"}],"wp:attachment":[{"href":"https:\/\/oceansignal.com\/fi\/wp-json\/wp\/v2\/media?parent=177"}],"curies":[{"name":"wp","href":"https:\/\/api.w.org\/{rel}","templated":true}]}}