{"id":34599,"date":"2024-04-29T17:51:04","date_gmt":"2024-04-29T17:51:04","guid":{"rendered":"https:\/\/oceansignal.com\/kayttoehdot\/"},"modified":"2025-09-16T14:35:40","modified_gmt":"2025-09-16T14:35:40","slug":"kayttoehdot","status":"publish","type":"page","link":"https:\/\/oceansignal.com\/fi\/kayttoehdot\/","title":{"rendered":"K\u00e4ytt\u00f6ehdot"},"content":{"rendered":"\n<p>Ocean Signalin vakioehdot l\u00f6ytyv\u00e4t alla olevista linkeist\u00e4.<\/p>\n\n<p><a href=\"https:\/\/oceansignal.com\/wp-content\/uploads\/2025\/09\/OS-Conditions-of-Sale-210921-3.pdf\">Tavaroiden myynti\u00e4 ja palveluiden toimitusta koskevat ehdot<\/a><\/p>\n\n<p><a href=\"https:\/\/oceansignal.com\/wp-content\/uploads\/2024\/04\/151116-OS-TERMS-FOR-THE-PURCHASE-OF-GOODS.pdf\">Tavaroiden ostoehdot<\/a><\/p>\n","protected":false},"excerpt":{"rendered":"<p>Ocean Signalin vakioehdot l\u00f6ytyv\u00e4t alla olevista linkeist\u00e4. Tavaroiden myynti\u00e4 ja palveluiden toimitusta koskevat ehdot Tavaroiden ostoehdot<\/p>\n","protected":false},"author":4,"featured_media":0,"parent":0,"menu_order":0,"comment_status":"closed","ping_status":"closed","template":"pagetemplate-accordion-archive.php","meta":{"_acf_changed":false,"om_disable_all_campaigns":false,"footnotes":""},"class_list":["post-34599","page","type-page","status-publish","hentry"],"acf":[],"yoast_head":"<!-- This site is optimized with the Yoast SEO Premium plugin v25.2 (Yoast SEO v26.4) - https:\/\/yoast.com\/wordpress\/plugins\/seo\/ -->\n<title>K\u00e4ytt\u00f6ehdot - Ocean Signal<\/title>\n<meta name=\"robots\" content=\"index, follow, max-snippet:-1, max-image-preview:large, max-video-preview:-1\" \/>\n<link rel=\"canonical\" href=\"https:\/\/oceansignal.com\/fi\/kayttoehdot\/\" \/>\n<meta property=\"og:locale\" content=\"fi_FI\" \/>\n<meta property=\"og:type\" content=\"article\" \/>\n<meta property=\"og:title\" content=\"K\u00e4ytt\u00f6ehdot - Ocean Signal\" \/>\n<meta property=\"og:description\" content=\"Ocean Signalin vakioehdot l\u00f6ytyv\u00e4t alla olevista linkeist\u00e4. Tavaroiden myynti\u00e4 ja palveluiden toimitusta koskevat ehdot Tavaroiden ostoehdot\" \/>\n<meta property=\"og:url\" content=\"https:\/\/oceansignal.com\/fi\/kayttoehdot\/\" \/>\n<meta property=\"og:site_name\" content=\"Ocean Signal\" \/>\n<meta property=\"article:modified_time\" content=\"2025-09-16T14:35:40+00:00\" \/>\n<meta property=\"og:image\" content=\"https:\/\/oceansignal.com\/wp-content\/uploads\/2024\/03\/image-social-share-04.jpg\" \/>\n\t<meta property=\"og:image:width\" content=\"1200\" \/>\n\t<meta property=\"og:image:height\" content=\"630\" \/>\n\t<meta property=\"og:image:type\" content=\"image\/jpeg\" \/>\n<meta name=\"twitter:card\" content=\"summary_large_image\" \/>\n<script type=\"application\/ld+json\" class=\"yoast-schema-graph\">{\"@context\":\"https:\/\/schema.org\",\"@graph\":[{\"@type\":\"WebPage\",\"@id\":\"https:\/\/oceansignal.com\/fi\/kayttoehdot\/\",\"url\":\"https:\/\/oceansignal.com\/fi\/kayttoehdot\/\",\"name\":\"K\u00e4ytt\u00f6ehdot - Ocean Signal\",\"isPartOf\":{\"@id\":\"https:\/\/oceansignal.com\/fi\/#website\"},\"datePublished\":\"2024-04-29T17:51:04+00:00\",\"dateModified\":\"2025-09-16T14:35:40+00:00\",\"inLanguage\":\"fi\",\"potentialAction\":[{\"@type\":\"ReadAction\",\"target\":[\"https:\/\/oceansignal.com\/fi\/kayttoehdot\/\"]}]},{\"@type\":\"WebSite\",\"@id\":\"https:\/\/oceansignal.com\/fi\/#website\",\"url\":\"https:\/\/oceansignal.com\/fi\/\",\"name\":\"Ocean Signal\",\"description\":\"A leading manufacturer of EPIRBs, AIS, SARTs, Personal Locator Beacons, Man Overboard Beacon for the Marine and Outdoor Markets.\",\"potentialAction\":[{\"@type\":\"SearchAction\",\"target\":{\"@type\":\"EntryPoint\",\"urlTemplate\":\"https:\/\/oceansignal.com\/fi\/?s={search_term_string}\"},\"query-input\":{\"@type\":\"PropertyValueSpecification\",\"valueRequired\":true,\"valueName\":\"search_term_string\"}}],\"inLanguage\":\"fi\"}]}<\/script>\n<!-- \/ Yoast SEO Premium plugin. -->","yoast_head_json":{"title":"K\u00e4ytt\u00f6ehdot - Ocean Signal","robots":{"index":"index","follow":"follow","max-snippet":"max-snippet:-1","max-image-preview":"max-image-preview:large","max-video-preview":"max-video-preview:-1"},"canonical":"https:\/\/oceansignal.com\/fi\/kayttoehdot\/","og_locale":"fi_FI","og_type":"article","og_title":"K\u00e4ytt\u00f6ehdot - Ocean Signal","og_description":"Ocean Signalin vakioehdot l\u00f6ytyv\u00e4t alla olevista linkeist\u00e4. Tavaroiden myynti\u00e4 ja palveluiden toimitusta koskevat ehdot Tavaroiden ostoehdot","og_url":"https:\/\/oceansignal.com\/fi\/kayttoehdot\/","og_site_name":"Ocean Signal","article_modified_time":"2025-09-16T14:35:40+00:00","og_image":[{"width":1200,"height":630,"url":"https:\/\/oceansignal.com\/wp-content\/uploads\/2024\/03\/image-social-share-04.jpg","type":"image\/jpeg"}],"twitter_card":"summary_large_image","schema":{"@context":"https:\/\/schema.org","@graph":[{"@type":"WebPage","@id":"https:\/\/oceansignal.com\/fi\/kayttoehdot\/","url":"https:\/\/oceansignal.com\/fi\/kayttoehdot\/","name":"K\u00e4ytt\u00f6ehdot - Ocean Signal","isPartOf":{"@id":"https:\/\/oceansignal.com\/fi\/#website"},"datePublished":"2024-04-29T17:51:04+00:00","dateModified":"2025-09-16T14:35:40+00:00","inLanguage":"fi","potentialAction":[{"@type":"ReadAction","target":["https:\/\/oceansignal.com\/fi\/kayttoehdot\/"]}]},{"@type":"WebSite","@id":"https:\/\/oceansignal.com\/fi\/#website","url":"https:\/\/oceansignal.com\/fi\/","name":"Ocean Signal","description":"A leading manufacturer of EPIRBs, AIS, SARTs, Personal Locator Beacons, Man Overboard Beacon for the Marine and Outdoor Markets.","potentialAction":[{"@type":"SearchAction","target":{"@type":"EntryPoint","urlTemplate":"https:\/\/oceansignal.com\/fi\/?s={search_term_string}"},"query-input":{"@type":"PropertyValueSpecification","valueRequired":true,"valueName":"search_term_string"}}],"inLanguage":"fi"}]}},"_links":{"self":[{"href":"https:\/\/oceansignal.com\/fi\/wp-json\/wp\/v2\/pages\/34599","targetHints":{"allow":["GET"]}}],"collection":[{"href":"https:\/\/oceansignal.com\/fi\/wp-json\/wp\/v2\/pages"}],"about":[{"href":"https:\/\/oceansignal.com\/fi\/wp-json\/wp\/v2\/types\/page"}],"author":[{"embeddable":true,"href":"https:\/\/oceansignal.com\/fi\/wp-json\/wp\/v2\/users\/4"}],"replies":[{"embeddable":true,"href":"https:\/\/oceansignal.com\/fi\/wp-json\/wp\/v2\/comments?post=34599"}],"version-history":[{"count":1,"href":"https:\/\/oceansignal.com\/fi\/wp-json\/wp\/v2\/pages\/34599\/revisions"}],"predecessor-version":[{"id":34600,"href":"https:\/\/oceansignal.com\/fi\/wp-json\/wp\/v2\/pages\/34599\/revisions\/34600"}],"wp:attachment":[{"href":"https:\/\/oceansignal.com\/fi\/wp-json\/wp\/v2\/media?parent=34599"}],"curies":[{"name":"wp","href":"https:\/\/api.w.org\/{rel}","templated":true}]}}