{"id":46,"date":"2023-03-17T08:00:24","date_gmt":"2023-03-17T08:00:24","guid":{"rendered":"http:\/\/oceansignal.com\/?page_id=46"},"modified":"2024-04-24T12:29:40","modified_gmt":"2024-04-24T12:29:40","slug":"support","status":"publish","type":"page","link":"https:\/\/oceansignal.com\/fi\/support\/","title":{"rendered":"Support"},"content":{"rendered":"\n<div class=\"gb-support-block\">\n\t<div class=\"gc-container \">\n    \t\t\t\n\n<div class=\"gb-support-item\">\n\t\t\t\n\n<div class=\"wp-block-column gb-support-item__column gb-support-item__image-container is-layout-flow wp-block-column-is-layout-flow\">\n<div class=\"gb-image\">\n\t\n<div class=\"gc-image \">\n        <img decoding=\"async\" class=\"gc-image__image  \"\n         src=\"http:\/\/oceansignal.com\/wp-content\/uploads\/2023\/03\/icon-product-programming-1.png\"\n         alt=\"Ocean Signal Product Support - Product Programming\"\n    >\n<\/div><\/div>\n<\/div>\n\n\n\n<div class=\"wp-block-column gb-support-item__column-divider is-layout-flow wp-block-column-is-layout-flow\"><\/div>\n\n\n\n<div class=\"wp-block-column gb-support-item__column gb-support-item__text-container is-layout-flow wp-block-column-is-layout-flow\">\n<h6 class=\"wp-block-heading gb-support-item__text-container__title\" id=\"h-product-programming\">Product programming<\/h6>\n\n\n\n<p class=\"gb-support-item__text-container__text\">To program your product, you will need to  select the product type first.<\/p>\n\n\n\n<a\n\t\t\thref=\"http:\/\/oceansignal.com\/support\/product-programming\/\"\n\t\tclass=\"gb-button gb-button--primary \"\n\ttarget=\"_self\">\n\t\tProgram product\n<\/a>\n<\/div>\n\n\n\t<\/div>\n\n\n\n<div class=\"gb-support-item\">\n\t\t\t\n\n<div class=\"wp-block-column gb-support-item__column gb-support-item__image-container is-layout-flow wp-block-column-is-layout-flow\">\n<div class=\"gb-image\">\n\t\n<div class=\"gc-image \">\n        <img decoding=\"async\" class=\"gc-image__image  \"\n         src=\"http:\/\/oceansignal.com\/wp-content\/uploads\/2023\/03\/icon-warranty-1.png\"\n         alt=\"Ocean Signal Product Support - Extend Warranty\"\n    >\n<\/div><\/div>\n<\/div>\n\n\n\n<div class=\"wp-block-column gb-support-item__column-divider is-layout-flow wp-block-column-is-layout-flow\"><\/div>\n\n\n\n<div class=\"wp-block-column gb-support-item__column gb-support-item__text-container is-layout-flow wp-block-column-is-layout-flow\">\n<h6 class=\"wp-block-heading gb-support-item__text-container__title\" id=\"h-extend-warranty\">Extend warranty<\/h6>\n\n\n\n<p class=\"gb-support-item__text-container__text\">Assign the warranty to your purchased product.<\/p>\n\n\n\n<a\n\t\t\thref=\"http:\/\/oceansignal.com\/my-account\/personal-products\"\n\t\tclass=\"gb-button gb-button--primary \"\n\ttarget=\"_self\">\n\t\tExtend warranty\n<\/a>\n<\/div>\n\n\n\t<\/div>\n\n\n\n<div class=\"gb-support-item\">\n\t\t\t\n\n<div class=\"wp-block-column gb-support-item__column gb-support-item__image-container is-layout-flow wp-block-column-is-layout-flow\">\n<div class=\"gb-image\">\n\t\n<div class=\"gc-image \">\n        <img decoding=\"async\" class=\"gc-image__image  \"\n         src=\"http:\/\/oceansignal.com\/wp-content\/uploads\/2023\/03\/icon-national-authority-1.png\"\n         alt=\"Ocean Signal Product Support - Register Product\"\n    >\n<\/div><\/div>\n<\/div>\n\n\n\n<div class=\"wp-block-column gb-support-item__column-divider is-layout-flow wp-block-column-is-layout-flow\"><\/div>\n\n\n\n<div class=\"wp-block-column gb-support-item__column gb-support-item__text-container is-layout-flow wp-block-column-is-layout-flow\">\n<h6 class=\"wp-block-heading gb-support-item__text-container__title\" id=\"h-register-product\">Register product<\/h6>\n\n\n\n<p class=\"gb-support-item__text-container__text\">Register your product with the national authority in your home country.<\/p>\n\n\n\n<a\n\t\t\thref=\"http:\/\/oceansignal.com\/support\/register-product-with-national-authority\/\"\n\t\tclass=\"gb-button gb-button--primary \"\n\ttarget=\"_self\">\n\t\tRegister product\n<\/a>\n<\/div>\n\n\n\t<\/div>\n\n\n\n<div class=\"gb-support-item\">\n\t\t\t\n\n<div class=\"wp-block-column gb-support-item__column gb-support-item__image-container is-layout-flow wp-block-column-is-layout-flow\">\n<div class=\"gb-image\">\n\t\n<div class=\"gc-image \">\n        <img decoding=\"async\" class=\"gc-image__image  \"\n         src=\"http:\/\/oceansignal.com\/wp-content\/uploads\/2023\/03\/icon-documents-1.png\"\n         alt=\"Ocean Signal Product Support - Documents\"\n    >\n<\/div><\/div>\n<\/div>\n\n\n\n<div class=\"wp-block-column gb-support-item__column-divider is-layout-flow wp-block-column-is-layout-flow\"><\/div>\n\n\n\n<div class=\"wp-block-column gb-support-item__column gb-support-item__text-container is-layout-flow wp-block-column-is-layout-flow\">\n<h6 class=\"wp-block-heading gb-support-item__text-container__title\" id=\"h-documents\">Documents<\/h6>\n\n\n\n<p class=\"gb-support-item__text-container__text\">One place for product documentation and all technical materials<\/p>\n\n\n\n<a\n\t\t\thref=\"http:\/\/oceansignal.com\/support\/documents\/\"\n\t\tclass=\"gb-button gb-button--primary \"\n\ttarget=\"_self\">\n\t\tView resources\n<\/a>\n<\/div>\n\n\n\t<\/div>\n\n\n\n<div class=\"gb-support-item\">\n\t\t\t\n\n<div class=\"wp-block-column gb-support-item__column gb-support-item__image-container is-layout-flow wp-block-column-is-layout-flow\">\n<div class=\"gb-image\">\n\t\n<div class=\"gc-image \">\n        <img decoding=\"async\" class=\"gc-image__image  \"\n         src=\"http:\/\/oceansignal.com\/wp-content\/uploads\/2023\/03\/icon-faqs.png\"\n         alt=\"Ocean Signal Product Support - FAQs\"\n    >\n<\/div><\/div>\n<\/div>\n\n\n\n<div class=\"wp-block-column gb-support-item__column-divider is-layout-flow wp-block-column-is-layout-flow\"><\/div>\n\n\n\n<div class=\"wp-block-column gb-support-item__column gb-support-item__text-container is-layout-flow wp-block-column-is-layout-flow\">\n<h6 class=\"wp-block-heading gb-support-item__text-container__title\" id=\"h-faqs\">FAQs<\/h6>\n\n\n\n<p class=\"gb-support-item__text-container__text\">Browse selection of frequently asked questions to get the answers you are looking for.<\/p>\n\n\n\n<a\n\t\t\thref=\"https:\/\/oceansignal.com\/support\/faqs\/?category%5B%5D=general\"\n\t\tclass=\"gb-button gb-button--primary \"\n\ttarget=\"_self\">\n\t\tFind out\n<\/a>\n<\/div>\n\n\n\t<\/div>\n\n\n\n<div class=\"gb-support-item\">\n\t\t\t\n\n<div class=\"wp-block-column gb-support-item__column gb-support-item__image-container is-layout-flow wp-block-column-is-layout-flow\">\n<div class=\"gb-image\">\n\t\n<div class=\"gc-image \">\n        <img decoding=\"async\" class=\"gc-image__image  \"\n         src=\"http:\/\/oceansignal.com\/wp-content\/uploads\/2023\/03\/icon-returns.png\"\n         alt=\"Ocean Signal Product Support - RMA\"\n    >\n<\/div><\/div>\n<\/div>\n\n\n\n<div class=\"wp-block-column gb-support-item__column-divider is-layout-flow wp-block-column-is-layout-flow\"><\/div>\n\n\n\n<div class=\"wp-block-column gb-support-item__column gb-support-item__text-container is-layout-flow wp-block-column-is-layout-flow\">\n<h6 class=\"wp-block-heading gb-support-item__text-container__title\" id=\"h-rma-returns\">RMA \/ Returns<\/h6>\n\n\n\n<p class=\"gb-support-item__text-container__text\">Request for product Return Merchandise Authorisation by sending us a request via contact form.<\/p>\n\n\n\n<a\n\t\t\thref=\"http:\/\/oceansignal.com\/support\/#contact-us\"\n\t\tclass=\"gb-button gb-button--primary \"\n\ttarget=\"_self\">\n\t\tContact us\n<\/a>\n<\/div>\n\n\n\t<\/div>\n\n\n\t\t<\/div><\/div>\n\n\n\n\n<div class=\"gb-contact-us\" id=\"contact-us\">\n\t<div class=\"gc-container \">\n    \t\t\t\n\n<div class=\"wp-block-column gb-contact-us__column gb-contact-us__text-container is-layout-flow wp-block-column-is-layout-flow\">\n<h1 class=\"wp-block-heading gb-contact-us__text-container__title\" id=\"h-we-are-here-to-help\">We are here to help<\/h1>\n\n\n\n<p class=\"gb-contact-us__text-container__text\">Send us message and a member of our team will be in touch.<\/p>\n\n\n\n<div class=\"wp-block-column gb-contact-us__text-container__image is-layout-flow wp-block-column-is-layout-flow\"><\/div>\n<\/div>\n\n\n\n<div class=\"wp-block-column gb-contact-us__column gb-contact-us__form-container is-layout-flow wp-block-column-is-layout-flow\"><div id=\"contact-form\" class=\"gb-contact-form\">\n\t<form class=\"gb-contact-form__form\" method=\"post\">\n\t\t\n\n<div class=\"c-input c-input--fullName \">\n\t<label class=\"c-input__label\" for=\"fullName\">Ensimm\u00e4inen ja sukunimi (valinnainen)<\/label>\n\t<div class=\"c-input__container\">\n\t\t\t\t<input\n\t\t\ttype=\"text\"\n\t\t\tname=\"fullName\"\n\t\t\tid=\"fullName\"\n\t\t\tclass=\"c-input__input\"\n\t\t\tvalue=\"\"\n\t\t\t\n\t\t\tautocomplete=\"off\"\n\t\t\tspellcheck=\"true\"\n\t\t\tplaceholder=\"\"\n\t\t\/>\n\t<\/div>\n\t\t<span class=\"c-input__message\">T\u00e4m\u00e4 kentt\u00e4 vaaditaan.<\/span>\n<\/div>\n\n\t\t\n\n<div class=\"c-input c-input--email \">\n\t<label class=\"c-input__label\" for=\"email\">S\u00e4hk\u00f6posti<\/label>\n\t<div class=\"c-input__container\">\n\t\t\t\t<input\n\t\t\ttype=\"email\"\n\t\t\tname=\"email\"\n\t\t\tid=\"email\"\n\t\t\tclass=\"c-input__input\"\n\t\t\tvalue=\"\"\n\t\t\t\n\t\t\tautocomplete=\"off\"\n\t\t\tspellcheck=\"true\"\n\t\t\tplaceholder=\"\"\n\t\t\/>\n\t<\/div>\n\t\t<span class=\"c-input__message\">S\u00e4hk\u00f6postiosoite on virheellisess\u00e4 muodossa.<\/span>\n<\/div>\n\n\t\t\n\n<div class=\"c-input c-input--phone \">\n\t<label class=\"c-input__label\" for=\"phone\">Puhelinnumero (valinnainen)<\/label>\n\t<div class=\"c-input__container\">\n\t\t\t\t<input\n\t\t\ttype=\"text\"\n\t\t\tname=\"phone\"\n\t\t\tid=\"phone\"\n\t\t\tclass=\"c-input__input\"\n\t\t\tvalue=\"\"\n\t\t\t\n\t\t\tautocomplete=\"off\"\n\t\t\tspellcheck=\"true\"\n\t\t\tplaceholder=\"\"\n\t\t\/>\n\t<\/div>\n\t\t<span class=\"c-input__message\">T\u00e4m\u00e4 kentt\u00e4 vaaditaan.<\/span>\n<\/div>\n\n\t\t\n\n<div class=\"c-input c-input--country \">\n\t<label class=\"c-input__label\" for=\"country\">Alkuper\u00e4maa<\/label>\n\t<div class=\"c-input__container\">\n\t\t\t\t<input\n\t\t\ttype=\"text\"\n\t\t\tname=\"country\"\n\t\t\tid=\"country\"\n\t\t\tclass=\"c-input__input\"\n\t\t\tvalue=\"\"\n\t\t\t\n\t\t\tautocomplete=\"off\"\n\t\t\tspellcheck=\"true\"\n\t\t\tplaceholder=\"\"\n\t\t\/>\n\t<\/div>\n\t\t<span class=\"c-input__message\">T\u00e4m\u00e4 kentt\u00e4 vaaditaan.<\/span>\n<\/div>\n\n\t\t<div class=\"c-input\">\n\t<label class=\"c-input__label\" for=\"message\">Viestisi<\/label>\n\t<textarea\n\t\tname=\"message\"\n\t\tid=\"message\"\n\t\tclass=\"c-input__input\"\n\t\tvalue=\"\"\n\t\t\n\t\tautocomplete=\"off\"\n\t\tspellcheck=\"true\"\n\t><\/textarea>\n\t\t<span class=\"c-input__message\">T\u00e4m\u00e4 kentt\u00e4 vaaditaan.<\/span>\n<\/div>\n\n\t\t\t<span class=\"c-checkbox c-checkbox--secondary\">\n\t<span class=\"c-checkbox__wrapper\">\n\t\t<input class=\"c-checkbox__input\" type=\"checkbox\" name=\"subscribe\" data-id=\"subscribe\" id=\"subscribe\" value=\"subscribe\"  autocomplete=\"on\"\/>\n\t<\/span>\n\t<label class=\"c-checkbox__text\" for=\"subscribe\"> Haluaisin saada uutisia ja ylennyksi\u00e4. <\/label>\n<\/span>\n\n\t\t<div class=\"c-recaptcha c-input js-recaptcha\" id=\"js-recaptcha\">\n    <div class=\"g-recaptcha\" data-sitekey=\"6LdypS0pAAAAAPO_gmMi6_T5NelPv7DVFckpx0_9\" data-callback=\"checkRecaptcha\"><\/div>\n    <span class=\"c-input__message\">T\u00e4m\u00e4 kentt\u00e4 vaaditaan.<\/span>\n<\/div>\n\n\t\t<div class=\"gb-contact-form__form__divider\" ><\/div>\n\t\t<button type=\"submit\" class=\"c-button c-button--primary js-submit-button\">L\u00e4het\u00e4 pyynt\u00f6<\/button>\n\t<\/form>\n\t<p id=\"form-message\" class=\"gb-contact-form__message\"><\/p>\n<\/div>\n<\/div>\n\n\n\n<p class=\"gb-contact-us__bottom-text\">We consider your privacy important, please read our <a href=\"http:\/\/oceansignal.com\/tandc-and-privacy-policy\/\" data-type=\"page\" data-id=\"319\" target=\"_blank\" rel=\"noreferrer noopener\">Privacy Policy<\/a>.<br>Please note that your contact details may be used in accordance with the EU GDPR regulations. Ocean Signal will not use this data for marketing purposes without your explicit permission. For details of our data retention policy, please see this policy.<br><br>For service support, please contact your local distributor first.<br>OSL dealer and OSL Battery replacement services information can be found here.<\/p>\n\n\n\t\t<\/div><\/div>\n","protected":false},"excerpt":{"rendered":"<p>Get help with Ocean Signal products and services.<\/p>\n","protected":false},"author":2,"featured_media":0,"parent":0,"menu_order":0,"comment_status":"closed","ping_status":"closed","template":"pagetemplate-header-orange.php","meta":{"_acf_changed":false,"om_disable_all_campaigns":false,"footnotes":""},"class_list":["post-46","page","type-page","status-publish","hentry"],"acf":[],"yoast_head":"<!-- This site is optimized with the Yoast SEO Premium plugin v25.2 (Yoast SEO v26.4) - https:\/\/yoast.com\/wordpress\/plugins\/seo\/ -->\n<title>Support - Ocean Signal<\/title>\n<meta name=\"description\" content=\"Find comprehensive support for your Ocean Signal products. Access manuals, FAQs, and contact information on our Product Support page.\" \/>\n<meta name=\"robots\" content=\"index, follow, max-snippet:-1, max-image-preview:large, max-video-preview:-1\" \/>\n<link rel=\"canonical\" href=\"https:\/\/oceansignal.com\/fi\/support\/\" \/>\n<meta property=\"og:locale\" content=\"fi_FI\" \/>\n<meta property=\"og:type\" content=\"article\" \/>\n<meta property=\"og:title\" content=\"Support - Ocean Signal\" \/>\n<meta property=\"og:description\" content=\"Find comprehensive support for your Ocean Signal products. Access manuals, FAQs, and contact information on our Product Support page.\" \/>\n<meta property=\"og:url\" content=\"https:\/\/oceansignal.com\/fi\/support\/\" \/>\n<meta property=\"og:site_name\" content=\"Ocean Signal\" \/>\n<meta property=\"article:modified_time\" content=\"2024-04-24T12:29:40+00:00\" \/>\n<meta property=\"og:image\" content=\"https:\/\/oceansignal.com\/wp-content\/uploads\/2024\/03\/image-social-share-04.jpg\" \/>\n\t<meta property=\"og:image:width\" content=\"1200\" \/>\n\t<meta property=\"og:image:height\" content=\"630\" \/>\n\t<meta property=\"og:image:type\" content=\"image\/jpeg\" \/>\n<meta name=\"twitter:card\" content=\"summary_large_image\" \/>\n<meta name=\"twitter:label1\" content=\"Arvioitu lukuaika\" \/>\n\t<meta name=\"twitter:data1\" content=\"1 minuutti\" \/>\n<script type=\"application\/ld+json\" class=\"yoast-schema-graph\">{\"@context\":\"https:\/\/schema.org\",\"@graph\":[{\"@type\":\"WebPage\",\"@id\":\"https:\/\/oceansignal.com\/fi\/support\/\",\"url\":\"https:\/\/oceansignal.com\/fi\/support\/\",\"name\":\"Support - Ocean Signal\",\"isPartOf\":{\"@id\":\"https:\/\/oceansignal.com\/fi\/#website\"},\"datePublished\":\"2023-03-17T08:00:24+00:00\",\"dateModified\":\"2024-04-24T12:29:40+00:00\",\"description\":\"Find comprehensive support for your Ocean Signal products. Access manuals, FAQs, and contact information on our Product Support page.\",\"inLanguage\":\"fi\",\"potentialAction\":[{\"@type\":\"ReadAction\",\"target\":[\"https:\/\/oceansignal.com\/fi\/support\/\"]}]},{\"@type\":\"WebSite\",\"@id\":\"https:\/\/oceansignal.com\/fi\/#website\",\"url\":\"https:\/\/oceansignal.com\/fi\/\",\"name\":\"Ocean Signal\",\"description\":\"A leading manufacturer of EPIRBs, AIS, SARTs, Personal Locator Beacons, Man Overboard Beacon for the Marine and Outdoor Markets.\",\"potentialAction\":[{\"@type\":\"SearchAction\",\"target\":{\"@type\":\"EntryPoint\",\"urlTemplate\":\"https:\/\/oceansignal.com\/fi\/?s={search_term_string}\"},\"query-input\":{\"@type\":\"PropertyValueSpecification\",\"valueRequired\":true,\"valueName\":\"search_term_string\"}}],\"inLanguage\":\"fi\"}]}<\/script>\n<!-- \/ Yoast SEO Premium plugin. -->","yoast_head_json":{"title":"Support - Ocean Signal","description":"Find comprehensive support for your Ocean Signal products. Access manuals, FAQs, and contact information on our Product Support page.","robots":{"index":"index","follow":"follow","max-snippet":"max-snippet:-1","max-image-preview":"max-image-preview:large","max-video-preview":"max-video-preview:-1"},"canonical":"https:\/\/oceansignal.com\/fi\/support\/","og_locale":"fi_FI","og_type":"article","og_title":"Support - Ocean Signal","og_description":"Find comprehensive support for your Ocean Signal products. Access manuals, FAQs, and contact information on our Product Support page.","og_url":"https:\/\/oceansignal.com\/fi\/support\/","og_site_name":"Ocean Signal","article_modified_time":"2024-04-24T12:29:40+00:00","og_image":[{"width":1200,"height":630,"url":"https:\/\/oceansignal.com\/wp-content\/uploads\/2024\/03\/image-social-share-04.jpg","type":"image\/jpeg"}],"twitter_card":"summary_large_image","twitter_misc":{"Arvioitu lukuaika":"1 minuutti"},"schema":{"@context":"https:\/\/schema.org","@graph":[{"@type":"WebPage","@id":"https:\/\/oceansignal.com\/fi\/support\/","url":"https:\/\/oceansignal.com\/fi\/support\/","name":"Support - Ocean Signal","isPartOf":{"@id":"https:\/\/oceansignal.com\/fi\/#website"},"datePublished":"2023-03-17T08:00:24+00:00","dateModified":"2024-04-24T12:29:40+00:00","description":"Find comprehensive support for your Ocean Signal products. Access manuals, FAQs, and contact information on our Product Support page.","inLanguage":"fi","potentialAction":[{"@type":"ReadAction","target":["https:\/\/oceansignal.com\/fi\/support\/"]}]},{"@type":"WebSite","@id":"https:\/\/oceansignal.com\/fi\/#website","url":"https:\/\/oceansignal.com\/fi\/","name":"Ocean Signal","description":"A leading manufacturer of EPIRBs, AIS, SARTs, Personal Locator Beacons, Man Overboard Beacon for the Marine and Outdoor Markets.","potentialAction":[{"@type":"SearchAction","target":{"@type":"EntryPoint","urlTemplate":"https:\/\/oceansignal.com\/fi\/?s={search_term_string}"},"query-input":{"@type":"PropertyValueSpecification","valueRequired":true,"valueName":"search_term_string"}}],"inLanguage":"fi"}]}},"_links":{"self":[{"href":"https:\/\/oceansignal.com\/fi\/wp-json\/wp\/v2\/pages\/46","targetHints":{"allow":["GET"]}}],"collection":[{"href":"https:\/\/oceansignal.com\/fi\/wp-json\/wp\/v2\/pages"}],"about":[{"href":"https:\/\/oceansignal.com\/fi\/wp-json\/wp\/v2\/types\/page"}],"author":[{"embeddable":true,"href":"https:\/\/oceansignal.com\/fi\/wp-json\/wp\/v2\/users\/2"}],"replies":[{"embeddable":true,"href":"https:\/\/oceansignal.com\/fi\/wp-json\/wp\/v2\/comments?post=46"}],"version-history":[{"count":22,"href":"https:\/\/oceansignal.com\/fi\/wp-json\/wp\/v2\/pages\/46\/revisions"}],"predecessor-version":[{"id":2845,"href":"https:\/\/oceansignal.com\/fi\/wp-json\/wp\/v2\/pages\/46\/revisions\/2845"}],"wp:attachment":[{"href":"https:\/\/oceansignal.com\/fi\/wp-json\/wp\/v2\/media?parent=46"}],"curies":[{"name":"wp","href":"https:\/\/api.w.org\/{rel}","templated":true}]}}