{"id":12814,"date":"2024-11-12T19:50:16","date_gmt":"2024-11-12T19:50:16","guid":{"rendered":"https:\/\/oceansignal.com\/products\/safesea-m200\/"},"modified":"2026-02-17T15:46:06","modified_gmt":"2026-02-17T15:46:06","slug":"safesea-m200","status":"publish","type":"product","link":"https:\/\/oceansignal.com\/fi\/products\/safesea-m200\/","title":{"rendered":"safeSEA M200"},"content":{"rendered":"<p class=\"ai-optimize-36 ai-optimize-introduction\"><em>Haluatko oppia uusimmista luokan M vaatimuksista AIS MOB ?  <a href=\"https:\/\/oceansignal.com\/fi\/news\/ais-luokan-m-asetuksen-vaikutus-mob-aluksiin\/\">Napsauta t\u00e4st\u00e4<\/a><\/em><\/p>\n<p class=\"ai-optimize-37\"><em>Vain Yhdysvalloissa: T\u00e4t\u00e4 laitetta ei ole valtuutettu Federal Communications Commissionin s\u00e4\u00e4nt\u00f6jen mukaisesti. T\u00e4t\u00e4 laitetta ei tarjota eik\u00e4 saa tarjota myyntiin tai vuokralle tai myyd\u00e4 tai liisata ennen kuin lupa on saatu. Hyv\u00e4ksytty myyt\u00e4v\u00e4ksi maissa, jotka ovat hyv\u00e4ksyneet asetuksen ECC\/DEC\/(22)02.  <\/em><\/p>\n<p class=\"ai-optimize-38\"><em><a href=\"https:\/\/www.dropbox.com\/s\/8343nj28z0d7bxa\/Prop%2065%20-%20BPA.pdf?dl=0\">VAROITUS: PROP 65<\/a><\/em><\/p>\n<h3 class=\"ai-optimize-39\">Yhteenveto<\/h3>\n<p class=\"ai-optimize-40\">M200 on suunniteltu vastaamaan sek\u00e4 huviveneilij\u00f6iden ett\u00e4 ammattivenemarkkinoiden ja sen offshore-ty\u00f6ntekij\u00f6iden tarpeita, ja se voidaan asentaa pelastusliiviin ja aktivoituu automaattisesti, kun liivi t\u00e4yttyy. M200:ssa on useita h\u00e4t\u00e4h\u00e4lytysmenetelmi\u00e4, ja siin\u00e4 on kaksi infrapuna-valkoista v\u00e4lkkyv\u00e4\u00e4 valoa, ja se l\u00e4hett\u00e4\u00e4 AIS:n, DSC:n ja 121,5 MHz:n kautta helpottaakseen pelastustoimia ja maksimoidakseen pelastuksen nopeuden ja tehokkuuden. AIS Class M -s\u00e4\u00e4nn\u00f6sten mukainen M200 on luokan M DSC (Digital Selective Calling) MOB -laite, jossa on kest\u00e4v\u00e4 muotoilu ja muotokerroin, joka on muita vastaavia malleja pienempi.  <\/p>\n<p class=\"ai-optimize-41\">Edelt\u00e4j\u00e4ns\u00e4 koeteltuun ydinarkkitehtuuriin perustuva safeSEA M200 AIS pysyy uskollisena Ocean Signal perussuunnitteluperiaatteille ja saa aikaan vaikuttavan saavutuksen yhdist\u00e4m\u00e4ll\u00e4 lis\u00e4ominaisuuksia entist\u00e4 kompaktimpaan muotoon. M200 sis\u00e4lt\u00e4\u00e4 DSC-vastaanottimen (Digital Selective Calling), jota k\u00e4ytet\u00e4\u00e4n est\u00e4m\u00e4\u00e4n MOB jatkamasta DSC-viestien l\u00e4hett\u00e4mist\u00e4 DSC-kanavalla, kun h\u00e4t\u00e4signaali on kuitattu. Kaksois-infrapuna-valkoinen v\u00e4lkkyv\u00e4 valo yhdistettyn\u00e4 AIS:n, DSC:n ja 121,5 MHz:n kautta tapahtuvaan h\u00e4t\u00e4h\u00e4lytykseen mahdollistaa parhaan mahdollisen havaitsemisen h\u00e4t\u00e4palveluille.  <\/p>\n<p class=\"ai-optimize-42\"><strong>Miten se toimii<\/strong><\/p>\n<p class=\"ai-optimize-43\">Aktivoinnin j\u00e4lkeen safeSEA M200 AIS alkaa l\u00e4hett\u00e4\u00e4 121,5 MHz:n kotiutussignaalia ja ensimm\u00e4inen yksitt\u00e4inen h\u00e4t\u00e4 l\u00e4hetet\u00e4\u00e4n 15 sekunnin kuluessa. M200 l\u00e4hett\u00e4\u00e4 8 AIS-viesti\u00e4 minuutissa, ja kun GNSS-korjaus on saatu, jokainen 8 AIS-viestin sarja sis\u00e4lt\u00e4\u00e4 GNSS-koordinaatit, jotka ilmoittavat pelastajille tarkasta sijainnistasi. M200:lla on my\u00f6s mahdollisuus l\u00e4hett\u00e4\u00e4 erilaisia \u200b\u200bDSC-viestej\u00e4*. L\u00e4hetett\u00e4vien DSC-viestien tyyppi (yksitt\u00e4inen h\u00e4t\u00e4viesti, ryhm\u00e4kutsu tai kaikkien alusten h\u00e4t\u00e4h\u00e4lytys) m\u00e4\u00e4r\u00e4ytyv\u00e4t maakohtaisten m\u00e4\u00e4r\u00e4ysten mukaan.   <\/p>\n<p class=\"ai-optimize-44\"><strong>Sovellus yhdistetty<\/strong><\/p>\n<p class=\"ai-optimize-45\">Near Field Communication (NFC) -teknologian ansiosta puhelimesi sijoittaminen majakan l\u00e4helle k\u00e4ynnist\u00e4\u00e4 automaattisesti Ocean Signal -tuotesovelluksen, joka antaa sinulle p\u00e4\u00e4syn erilaisiin k\u00e4ytt\u00f6tietoihin. K\u00e4ytt\u00e4j\u00e4kohtaiset tiedot, kuten aluksen MMSI, voidaan sy\u00f6tt\u00e4\u00e4 M200:aan ja samalla n\u00e4ytt\u00e4\u00e4 helposti t\u00e4rkeit\u00e4 tietoja, kuten akun kesto ja itsetestaushistoria. NFC:n k\u00e4ytt\u00f6 varmistaa my\u00f6s, ett\u00e4 sis\u00e4isen akun k\u00e4ytt\u00f6ik\u00e4 on maksimoitu turvallisuussyist\u00e4.  <\/p>\n<p class=\"ai-optimize-46\"><strong>Pelastusliivien integrointi<\/strong><\/p>\n<p class=\"ai-optimize-47\">safeSEA M200 AIS voidaan aktivoida manuaalisesti tai automaattisesti, kun se asennetaan t\u00e4ytett\u00e4v\u00e4n pelastusliiviin, joka t\u00e4yttyy automaattisesti. Asennus on helppoa k\u00e4ytt\u00e4m\u00e4ll\u00e4 mukana toimitettua oraalista t\u00e4ytt\u00f6putken pidikett\u00e4 M200:n kiinnitt\u00e4miseen pelastusliiviin yhdess\u00e4 pelastusliivin rakon ymp\u00e4rille kytketyn aktivointiteipin kanssa**. Kun pelastusliivit on asennettu oikein, se laukaisee antennin ja majakan aktivoitumisen.  <\/p>\n<p class=\"ai-optimize-48\">* DSC-toiminnallisuus on maan s\u00e4\u00e4nn\u00f6sten alaista.<\/p>\n<p class=\"ai-optimize-49\"><strong>** <i data-olk-copy-source=\"MailCompose\">On suositeltavaa ottaa yhteytt\u00e4 pelastusliivien valmistajaan ennen asennusta, sill\u00e4 tietyill\u00e4 malleilla voi olla omat sovitusmenetelm\u00e4ns\u00e4 tai integrointisuosituksensa.**<\/i><\/strong><\/p>\n<p>&nbsp;<\/p>\n<p class=\"ai-optimize-50\"><strong>Ocean Signal safeSEA M200 AIS:n ominaisuudet ja edut:<\/strong><\/p>\n<ul>\n<li class=\"ai-optimize-51\">AIS (Automatic Identification System)<\/li>\n<li class=\"ai-optimize-52\">Luokan M mukainen (s\u00e4\u00e4nn\u00f6s ECC\/DEC\/(22)02)<\/li>\n<li class=\"ai-optimize-53\">Integroitu Tx- ja Rx-DSC-l\u00e4hetin-vastaanotin (Digital Selective Calling) *<\/li>\n<li class=\"ai-optimize-54\">LEDit vahvistavat DSC-h\u00e4t\u00e4signaalin vastaanoton<\/li>\n<li class=\"ai-optimize-55\">20 % (tyyppi) pienempi kuin kilpailijat<\/li>\n<li class=\"ai-optimize-56\">GNSS GPS:n ja Galileon kautta<\/li>\n<li class=\"ai-optimize-57\">Nopea tarkka paikannus<\/li>\n<li class=\"ai-optimize-58\">121,5 MHz kotiutussignaali<\/li>\n<li class=\"ai-optimize-59\">IR ja valkoiset strobovalot<\/li>\n<li class=\"ai-optimize-60\">LEDit vahvistavat DSC-h\u00e4t\u00e4signaalin vastaanoton<\/li>\n<li class=\"ai-optimize-61\">Automaattinen aktivointi<\/li>\n<li class=\"ai-optimize-62\">Pelastusliivien yksinkertainen integrointi**<\/li>\n<li class=\"ai-optimize-63\">5 vuoden akun kesto<\/li>\n<li class=\"ai-optimize-64\">12+ tunnin k\u00e4ytt\u00f6ik\u00e4<\/li>\n<li class=\"ai-optimize-65\">2 vuoden takuu<\/li>\n<li class=\"ai-optimize-66\">Integroitu Near Field Communication (NFC)<\/li>\n<li class=\"ai-optimize-67\">Yhteys \u00e4lypuhelimeen NFC:n kautta<\/li>\n<li class=\"ai-optimize-68\">Ocean Signal -mobiilisovellus (IOS ja Android)<\/li>\n<\/ul>\n<p>&nbsp;<\/p>\n<p class=\"ai-optimize-69\"><strong><em>Yhteensopivuus:<\/em><\/strong><em>  Useimmat nykyaikaiset AIS-plotterit ja DSC VHF t\u00e4ytt\u00e4v\u00e4t MOB l\u00e4hetysten vastaanottamiseen vaadittavat standardit. Varsinkin jos k\u00e4yt\u00e4t vanhempia laitteita, on kuitenkin suositeltavaa tarkistaa yhteensopivuus laitteen valmistajalta. <\/em><\/p>\n<p class=\"ai-optimize-70\">Haluatko oppia uusimmista luokan M vaatimuksista AIS MOB ?  <a href=\"https:\/\/oceansignal.com\/fi\/news\/ais-luokan-m-asetuksen-vaikutus-mob-aluksiin\/\">Napsauta t\u00e4st\u00e4<\/a><\/p>\n<p>&nbsp;<\/p>\n","protected":false},"excerpt":{"rendered":"<div class=\"flex max-w-full flex-col flex-grow\">\n<div class=\"min-h-8 text-message relative flex w-full flex-col items-end gap-2 whitespace-normal break-words text-start [.text-message+&amp;]:mt-5\" dir=\"auto\" data-message-author-role=\"assistant\" data-message-id=\"933cc1c1-b547-4ddb-bf48-2e55b6592f46\" data-message-model-slug=\"gpt-4o\">\n<div class=\"flex w-full flex-col gap-1 empty:hidden first:pt-[3px]\">\n<div class=\"markdown prose w-full break-words dark:prose-invert light\">\n<ul data-start=\"81\" data-end=\"826\" data-is-last-node=\"\" data-is-only-node=\"\">\n<li class=\"\" data-start=\"81\" data-end=\"235\">\n<p class=\"\" data-start=\"83\" data-end=\"235\"><strong data-start=\"83\" data-end=\"112\">Edistyksellinen AIS MOB -h\u00e4lytys<\/strong> \u2013 Luokan M yhteensopiva (ECC\/DEC\/(22)02) AIS:n, DSC:n ja 121,5 MHz:n h\u00e4t\u00e4merkinn\u00f6innill\u00e4, mik\u00e4 takaa parhaan mahdollisen n\u00e4kyvyyden pelastajille.<\/p>\n<\/li>\n<li class=\"\" data-start=\"236\" data-end=\"387\">\n<p class=\"\" data-start=\"238\" data-end=\"387\"><strong data-start=\"238\" data-end=\"275\">Nopea ja tarkka sijainninseuranta<\/strong> \u2013 L\u00e4hett\u00e4\u00e4 8 AIS-viesti\u00e4 minuutissa tarkalla GNSS-paikannuksella (GPS &amp; Galileo) nopeaa h\u00e4t\u00e4apua varten.<\/p>\n<\/li>\n<li class=\"\" data-start=\"388\" data-end=\"530\">\n<p class=\"\" data-start=\"390\" data-end=\"530\"><strong data-start=\"390\" data-end=\"417\">Integroitu DSC-vastaanotin<\/strong> \u2013 Pys\u00e4ytt\u00e4\u00e4 h\u00e4t\u00e4ilmoitukset, kun ne on kuitattu, mik\u00e4 v\u00e4hent\u00e4\u00e4 tarpeettomia l\u00e4hetyksi\u00e4 ja tehostaa hakua.<\/p>\n<\/li>\n<li class=\"\" data-start=\"531\" data-end=\"678\">\n<p class=\"\" data-start=\"533\" data-end=\"678\"><strong data-start=\"533\" data-end=\"568\">Saumaton pelastusliivien integrointi<\/strong> \u2013 Automaattinen tai manuaalinen aktivointi, kun se asennetaan puhallettavaan pelastusliiviin, mik\u00e4 varmistaa handsfree-toiminnan.<\/p>\n<\/li>\n<li class=\"\" data-start=\"679\" data-end=\"826\">\n<p class=\"\" data-start=\"681\" data-end=\"826\"><strong data-start=\"681\" data-end=\"708\">\u00c4lypuhelimen liitett\u00e4vyys<\/strong> \u2013 NFC-yhteensopiva mahdollistaa helpon p\u00e4\u00e4syn akun tilaan, itsetestaushistoriaan ja MMSI-asetuksiin Ocean Signal -mobiilisovelluksen kautta.<\/p>\n<\/li>\n<li data-start=\"679\" data-end=\"826\">Kertaostos ilman kuukausitilausta<\/li>\n<\/ul>\n<\/div>\n<\/div>\n<\/div>\n<\/div>\n","protected":false},"featured_media":12399,"template":"","meta":{"_acf_changed":false,"om_disable_all_campaigns":false},"product_brand":[],"product_cat":[1058,1980,617,604],"product_tag":[],"class_list":{"0":"post-12814","1":"product","2":"type-product","3":"status-publish","4":"has-post-thumbnail","6":"product_cat-mies-yli-laidan","7":"product_cat-pelastusliiviyhteensopiva","8":"product_cat-ais-fi","9":"product_cat-safesea-fi","11":"first","12":"instock","13":"taxable","14":"shipping-taxable","15":"purchasable","16":"product-type-simple"},"acf":[],"yoast_head":"<!-- This site is optimized with the Yoast SEO Premium plugin v25.2 (Yoast SEO v26.4) - https:\/\/yoast.com\/wordpress\/plugins\/seo\/ -->\n<title>safeSEA M200 - Ocean Signal<\/title>\n<meta name=\"description\" content=\"Ocean Signal safeSEA M200 AIS Man Overboard Beacon maksimoi pelastusmahdollisuudet kolmella h\u00e4t\u00e4l\u00e4hetysmenetelm\u00e4ll\u00e4 - AIS, DSC ja 121,5 MHz\" \/>\n<meta name=\"robots\" content=\"index, follow, max-snippet:-1, max-image-preview:large, max-video-preview:-1\" \/>\n<link rel=\"canonical\" href=\"https:\/\/oceansignal.com\/fi\/products\/safesea-m200\/\" \/>\n<meta property=\"og:locale\" content=\"fi_FI\" \/>\n<meta property=\"og:type\" content=\"article\" \/>\n<meta property=\"og:title\" content=\"safeSEA M200\" \/>\n<meta property=\"og:description\" content=\"Ocean Signal safeSEA M200 AIS Man Overboard Beacon maksimoi pelastusmahdollisuudet kolmella h\u00e4t\u00e4l\u00e4hetysmenetelm\u00e4ll\u00e4 - AIS, DSC ja 121,5 MHz\" \/>\n<meta property=\"og:url\" content=\"https:\/\/oceansignal.com\/fi\/products\/safesea-m200\/\" \/>\n<meta property=\"og:site_name\" content=\"Ocean Signal\" \/>\n<meta property=\"article:modified_time\" content=\"2026-02-17T15:46:06+00:00\" \/>\n<meta property=\"og:image\" content=\"https:\/\/oceansignal.com\/wp-content\/uploads\/2024\/11\/M200-Front.png\" \/>\n\t<meta property=\"og:image:width\" content=\"800\" \/>\n\t<meta property=\"og:image:height\" content=\"800\" \/>\n\t<meta property=\"og:image:type\" content=\"image\/png\" \/>\n<meta name=\"twitter:card\" content=\"summary_large_image\" \/>\n<meta name=\"twitter:label1\" content=\"Arvioitu lukuaika\" \/>\n\t<meta name=\"twitter:data1\" content=\"3 minuuttia\" \/>\n<script type=\"application\/ld+json\" class=\"yoast-schema-graph\">{\"@context\":\"https:\/\/schema.org\",\"@graph\":[{\"@type\":\"WebPage\",\"@id\":\"https:\/\/oceansignal.com\/fi\/products\/safesea-m200\/\",\"url\":\"https:\/\/oceansignal.com\/fi\/products\/safesea-m200\/\",\"name\":\"safeSEA M200 - Ocean Signal\",\"isPartOf\":{\"@id\":\"https:\/\/oceansignal.com\/fi\/#website\"},\"primaryImageOfPage\":{\"@id\":\"https:\/\/oceansignal.com\/fi\/products\/safesea-m200\/#primaryimage\"},\"image\":{\"@id\":\"https:\/\/oceansignal.com\/fi\/products\/safesea-m200\/#primaryimage\"},\"thumbnailUrl\":\"https:\/\/oceansignal.com\/wp-content\/uploads\/2024\/11\/M200-Front.png\",\"datePublished\":\"2024-11-12T19:50:16+00:00\",\"dateModified\":\"2026-02-17T15:46:06+00:00\",\"description\":\"Ocean Signal safeSEA M200 AIS Man Overboard Beacon maksimoi pelastusmahdollisuudet kolmella h\u00e4t\u00e4l\u00e4hetysmenetelm\u00e4ll\u00e4 - AIS, DSC ja 121,5 MHz\",\"breadcrumb\":{\"@id\":\"https:\/\/oceansignal.com\/fi\/products\/safesea-m200\/#breadcrumb\"},\"inLanguage\":\"fi\",\"potentialAction\":[{\"@type\":\"ReadAction\",\"target\":[\"https:\/\/oceansignal.com\/fi\/products\/safesea-m200\/\"]}]},{\"@type\":\"ImageObject\",\"inLanguage\":\"fi\",\"@id\":\"https:\/\/oceansignal.com\/fi\/products\/safesea-m200\/#primaryimage\",\"url\":\"https:\/\/oceansignal.com\/wp-content\/uploads\/2024\/11\/M200-Front.png\",\"contentUrl\":\"https:\/\/oceansignal.com\/wp-content\/uploads\/2024\/11\/M200-Front.png\",\"width\":800,\"height\":800},{\"@type\":\"BreadcrumbList\",\"@id\":\"https:\/\/oceansignal.com\/fi\/products\/safesea-m200\/#breadcrumb\",\"itemListElement\":[{\"@type\":\"ListItem\",\"position\":1,\"name\":\"Shop\",\"item\":\"https:\/\/oceansignal.com\/fi\/shop\/\"},{\"@type\":\"ListItem\",\"position\":2,\"name\":\"safeSEA M200\"}]},{\"@type\":\"WebSite\",\"@id\":\"https:\/\/oceansignal.com\/fi\/#website\",\"url\":\"https:\/\/oceansignal.com\/fi\/\",\"name\":\"Ocean Signal\",\"description\":\"A leading manufacturer of EPIRBs, AIS, SARTs, Personal Locator Beacons, Man Overboard Beacon for the Marine and Outdoor Markets.\",\"potentialAction\":[{\"@type\":\"SearchAction\",\"target\":{\"@type\":\"EntryPoint\",\"urlTemplate\":\"https:\/\/oceansignal.com\/fi\/?s={search_term_string}\"},\"query-input\":{\"@type\":\"PropertyValueSpecification\",\"valueRequired\":true,\"valueName\":\"search_term_string\"}}],\"inLanguage\":\"fi\"}]}<\/script>\n<!-- \/ Yoast SEO Premium plugin. -->","yoast_head_json":{"title":"safeSEA M200 - Ocean Signal","description":"Ocean Signal safeSEA M200 AIS Man Overboard Beacon maksimoi pelastusmahdollisuudet kolmella h\u00e4t\u00e4l\u00e4hetysmenetelm\u00e4ll\u00e4 - AIS, DSC ja 121,5 MHz","robots":{"index":"index","follow":"follow","max-snippet":"max-snippet:-1","max-image-preview":"max-image-preview:large","max-video-preview":"max-video-preview:-1"},"canonical":"https:\/\/oceansignal.com\/fi\/products\/safesea-m200\/","og_locale":"fi_FI","og_type":"article","og_title":"safeSEA M200","og_description":"Ocean Signal safeSEA M200 AIS Man Overboard Beacon maksimoi pelastusmahdollisuudet kolmella h\u00e4t\u00e4l\u00e4hetysmenetelm\u00e4ll\u00e4 - AIS, DSC ja 121,5 MHz","og_url":"https:\/\/oceansignal.com\/fi\/products\/safesea-m200\/","og_site_name":"Ocean Signal","article_modified_time":"2026-02-17T15:46:06+00:00","og_image":[{"width":800,"height":800,"url":"https:\/\/oceansignal.com\/wp-content\/uploads\/2024\/11\/M200-Front.png","type":"image\/png"}],"twitter_card":"summary_large_image","twitter_misc":{"Arvioitu lukuaika":"3 minuuttia"},"schema":{"@context":"https:\/\/schema.org","@graph":[{"@type":"WebPage","@id":"https:\/\/oceansignal.com\/fi\/products\/safesea-m200\/","url":"https:\/\/oceansignal.com\/fi\/products\/safesea-m200\/","name":"safeSEA M200 - Ocean Signal","isPartOf":{"@id":"https:\/\/oceansignal.com\/fi\/#website"},"primaryImageOfPage":{"@id":"https:\/\/oceansignal.com\/fi\/products\/safesea-m200\/#primaryimage"},"image":{"@id":"https:\/\/oceansignal.com\/fi\/products\/safesea-m200\/#primaryimage"},"thumbnailUrl":"https:\/\/oceansignal.com\/wp-content\/uploads\/2024\/11\/M200-Front.png","datePublished":"2024-11-12T19:50:16+00:00","dateModified":"2026-02-17T15:46:06+00:00","description":"Ocean Signal safeSEA M200 AIS Man Overboard Beacon maksimoi pelastusmahdollisuudet kolmella h\u00e4t\u00e4l\u00e4hetysmenetelm\u00e4ll\u00e4 - AIS, DSC ja 121,5 MHz","breadcrumb":{"@id":"https:\/\/oceansignal.com\/fi\/products\/safesea-m200\/#breadcrumb"},"inLanguage":"fi","potentialAction":[{"@type":"ReadAction","target":["https:\/\/oceansignal.com\/fi\/products\/safesea-m200\/"]}]},{"@type":"ImageObject","inLanguage":"fi","@id":"https:\/\/oceansignal.com\/fi\/products\/safesea-m200\/#primaryimage","url":"https:\/\/oceansignal.com\/wp-content\/uploads\/2024\/11\/M200-Front.png","contentUrl":"https:\/\/oceansignal.com\/wp-content\/uploads\/2024\/11\/M200-Front.png","width":800,"height":800},{"@type":"BreadcrumbList","@id":"https:\/\/oceansignal.com\/fi\/products\/safesea-m200\/#breadcrumb","itemListElement":[{"@type":"ListItem","position":1,"name":"Shop","item":"https:\/\/oceansignal.com\/fi\/shop\/"},{"@type":"ListItem","position":2,"name":"safeSEA M200"}]},{"@type":"WebSite","@id":"https:\/\/oceansignal.com\/fi\/#website","url":"https:\/\/oceansignal.com\/fi\/","name":"Ocean Signal","description":"A leading manufacturer of EPIRBs, AIS, SARTs, Personal Locator Beacons, Man Overboard Beacon for the Marine and Outdoor Markets.","potentialAction":[{"@type":"SearchAction","target":{"@type":"EntryPoint","urlTemplate":"https:\/\/oceansignal.com\/fi\/?s={search_term_string}"},"query-input":{"@type":"PropertyValueSpecification","valueRequired":true,"valueName":"search_term_string"}}],"inLanguage":"fi"}]}},"_links":{"self":[{"href":"https:\/\/oceansignal.com\/fi\/wp-json\/wp\/v2\/product\/12814","targetHints":{"allow":["GET"]}}],"collection":[{"href":"https:\/\/oceansignal.com\/fi\/wp-json\/wp\/v2\/product"}],"about":[{"href":"https:\/\/oceansignal.com\/fi\/wp-json\/wp\/v2\/types\/product"}],"wp:featuredmedia":[{"embeddable":true,"href":"https:\/\/oceansignal.com\/fi\/wp-json\/wp\/v2\/media\/12399"}],"wp:attachment":[{"href":"https:\/\/oceansignal.com\/fi\/wp-json\/wp\/v2\/media?parent=12814"}],"wp:term":[{"taxonomy":"product_brand","embeddable":true,"href":"https:\/\/oceansignal.com\/fi\/wp-json\/wp\/v2\/product_brand?post=12814"},{"taxonomy":"product_cat","embeddable":true,"href":"https:\/\/oceansignal.com\/fi\/wp-json\/wp\/v2\/product_cat?post=12814"},{"taxonomy":"product_tag","embeddable":true,"href":"https:\/\/oceansignal.com\/fi\/wp-json\/wp\/v2\/product_tag?post=12814"}],"curies":[{"name":"wp","href":"https:\/\/api.w.org\/{rel}","templated":true}]}}