{"id":12829,"date":"2024-10-30T20:20:15","date_gmt":"2024-10-30T20:20:15","guid":{"rendered":"https:\/\/oceansignal.com\/products\/pelastusme-edf2-flare\/"},"modified":"2025-11-24T16:35:42","modified_gmt":"2025-11-24T16:35:42","slug":"pelastusme-edf2-flare","status":"publish","type":"product","link":"https:\/\/oceansignal.com\/fi\/products\/pelastusme-edf2-flare\/","title":{"rendered":"rescueME EDF2 Flare"},"content":{"rendered":"<p><img loading=\"lazy\" decoding=\"async\" class=\"alignnone wp-image-26922 size-full\" src=\"https:\/\/oceansignal.com\/wp-content\/uploads\/2024\/10\/OSL-EDF2-Features-Group-001.jpeg\" alt=\"EDF2 Electronic Distress Flare IR LED STROBE, k\u00e4ytt\u00e4j\u00e4n vaihdettava akku, 360 n\u00e4kyvyys\" width=\"550\" height=\"310\" srcset=\"https:\/\/oceansignal.com\/wp-content\/uploads\/2024\/10\/OSL-EDF2-Features-Group-001.jpeg 550w, https:\/\/oceansignal.com\/wp-content\/uploads\/2024\/10\/OSL-EDF2-Features-Group-001-300x169.jpeg 300w, https:\/\/oceansignal.com\/wp-content\/uploads\/2024\/10\/OSL-EDF2-Features-Group-001-60x34.jpeg 60w, https:\/\/oceansignal.com\/wp-content\/uploads\/2024\/10\/OSL-EDF2-Features-Group-001-110x62.jpeg 110w\" sizes=\"auto, (max-width: 550px) 100vw, 550px\" \/><\/p>\n<p><img loading=\"lazy\" decoding=\"async\" class=\"alignnone wp-image-26938 size-full\" src=\"https:\/\/oceansignal.com\/wp-content\/uploads\/2024\/10\/OSL-EDF2-Features-Group-002.jpeg\" alt=\"EDF2 koko perheelle turvallinen\" width=\"550\" height=\"310\" srcset=\"https:\/\/oceansignal.com\/wp-content\/uploads\/2024\/10\/OSL-EDF2-Features-Group-002.jpeg 550w, https:\/\/oceansignal.com\/wp-content\/uploads\/2024\/10\/OSL-EDF2-Features-Group-002-300x169.jpeg 300w, https:\/\/oceansignal.com\/wp-content\/uploads\/2024\/10\/OSL-EDF2-Features-Group-002-60x34.jpeg 60w, https:\/\/oceansignal.com\/wp-content\/uploads\/2024\/10\/OSL-EDF2-Features-Group-002-110x62.jpeg 110w\" sizes=\"auto, (max-width: 550px) 100vw, 550px\" \/><\/p>\n<p><img loading=\"lazy\" decoding=\"async\" class=\"alignnone wp-image-26954 size-full\" src=\"https:\/\/oceansignal.com\/wp-content\/uploads\/2024\/10\/OSL-EDF2-Features-Group-003.jpeg\" alt=\"EDF2 Sis\u00e4\u00e4nrakennettu kelluva korkean intensiteetin LED\" width=\"550\" height=\"310\" srcset=\"https:\/\/oceansignal.com\/wp-content\/uploads\/2024\/10\/OSL-EDF2-Features-Group-003.jpeg 550w, https:\/\/oceansignal.com\/wp-content\/uploads\/2024\/10\/OSL-EDF2-Features-Group-003-300x169.jpeg 300w, https:\/\/oceansignal.com\/wp-content\/uploads\/2024\/10\/OSL-EDF2-Features-Group-003-60x34.jpeg 60w, https:\/\/oceansignal.com\/wp-content\/uploads\/2024\/10\/OSL-EDF2-Features-Group-003-110x62.jpeg 110w\" sizes=\"auto, (max-width: 550px) 100vw, 550px\" \/><\/p>\n<p><strong>Yhteenveto:<\/strong><\/p>\n<p>Seuraavana edistysaskeleena elektronisissa h\u00e4t\u00e4vilkkuissa EDF2 Electronic Boat Flare esittelee huippuluokan SOS-h\u00e4t\u00e4merkkitekniikkaa. Punaoransseja ja syaani-LED-valoja yhdistettyn\u00e4 infrapunakomponenttiin (IR) hy\u00f6dynt\u00e4v\u00e4 EDF2 tarjoaa pitk\u00e4n k\u00e4ytt\u00f6i\u00e4n (paloajan) ja parantaa samalla merkitt\u00e4v\u00e4sti n\u00e4kyvyytt\u00e4. <\/p>\n<p>Mukana toimitettavan p\u00e4iv\u00e4h\u00e4d\u00e4n lipun kanssa myyt\u00e4v\u00e4n EDF2:n ja mukana tulevan lipun on sertifioitu t\u00e4ytt\u00e4v\u00e4n sovellettavat Yhdysvaltain rannikkovartioston vaatimukset, mik\u00e4 mahdollistaa niiden kuljettamisen perinteisten pyroteknisten soihduttimien sijaan Yhdysvalloissa.<\/p>\n<p><strong>Kuvaus:<\/strong><\/p>\n<p>RTCM 13200.00:n vaatimukset t\u00e4ytt\u00e4v\u00e4 kelluva EDF2 elektroninen venesoihdutus on luokiteltu Electronic Visual Distress Signal Device (eVDSD) -laitteeksi ja k\u00e4ytt\u00e4\u00e4 moniv\u00e4rist\u00e4 SOS-h\u00e4t\u00e4signalointia tuottaakseen enemm\u00e4n valoa ja huomattavasti paremman valon jakautumisen. Punaoranssin ja syaanin LEDien k\u00e4ytt\u00f6 mahdollistaa paremman n\u00e4kyvyyden vedess\u00e4, kun taas infrapunakomponentin (IR) lis\u00e4ys parantaa n\u00e4kyvyytt\u00e4, kun Search and Rescue k\u00e4ytt\u00e4\u00e4 Night Vision -laitteita. <\/p>\n<p>EDF2 helpottaa pelastusta l\u00e4hett\u00e4m\u00e4ll\u00e4 SOS:n kansainv\u00e4lisen morsekoodin v\u00e4l\u00e4hdyksen, jossa ensimm\u00e4ist\u00e4 &#8221;S&#8221; edustaa kolme punaoranssia LED- v\u00e4l\u00e4hdyst\u00e4, jota seuraa &#8221;O&#8221;, jota edustaa kolme syaani-LED- v\u00e4l\u00e4hdyst\u00e4, ja viimeinen &#8221;S&#8221;, jota edustaa kolme punaoranssia LED- v\u00e4l\u00e4hdyst\u00e4. Samanaikaisesti n\u00e4kyvien punaoranssin ja syaanin vilkkuvien LEDien kanssa IR-komponentti vilkkuu samaa SOS-kuviota, joka on optimoitu n\u00e4kyvyytt\u00e4 varten Night Vision Gogglesin (NVG) kautta. Ehk\u00e4 vaikuttavin, vaikka esiintyy suuri m\u00e4\u00e4r\u00e4 n\u00e4kyvi\u00e4 ja infrapuna v\u00e4l\u00e4hdyksi\u00e4, tuotettu korkea valovoimakkuus ja saavutettu merkitt\u00e4v\u00e4 valon jakautumisalue (valokulma \u2265 180\u00b0), EDF2 saavuttaa silti vaikuttavan, v\u00e4hint\u00e4\u00e4n kolmen tunnin k\u00e4ytt\u00f6i\u00e4n (ylitt\u00e4\u00e4 RTCM-vaatimukset 50 prosentilla).  <\/p>\n<p><strong>HUOMAA: Ennen paristojen asentamista kiinnit\u00e4 yl\u00e4runko paristolokeron pohjassa olevaan kiinnityskohtaan k\u00e4ytt\u00e4m\u00e4ll\u00e4 kiinnitetty\u00e4 kaulanauhaa (tarranauhan alta).<\/strong><\/p>\n<h4>Mit\u00e4 sis\u00e4ltyy<\/h4>\n<p>EDF2-elektroninen veneen soihtu on my\u00f6s luokiteltu hyv\u00e4ksytyksi y\u00f6h\u00e4t\u00e4signaaliksi, koska se t\u00e4ytt\u00e4\u00e4 <a href=\"https:\/\/www.ecfr.gov\/current\/title-46\/chapter-I\/subchapter-Q\/part-161\/subpart-161.013?toc=1\">46 CFR 161.013<\/a> -standardin vaatimukset. Koska jokaisen EDF2:n pakettiin sis\u00e4ltyy <a href=\"https:\/\/www.ecfr.gov\/current\/title-46\/chapter-I\/subchapter-Q\/part-160\/subpart-160.072\">46 CFR 160.072<\/a> -standardin vaatimukset t\u00e4ytt\u00e4v\u00e4 h\u00e4t\u00e4lippu, k\u00e4ytt\u00e4jille tarjotaan my\u00f6s hyv\u00e4ksytty p\u00e4iv\u00e4ll\u00e4 k\u00e4ytett\u00e4v\u00e4 visuaalinen h\u00e4t\u00e4merkki (hyv\u00e4ksyttyjen p\u00e4iv\u00e4- ja y\u00f6aikaan k\u00e4ytett\u00e4vien visuaalisten h\u00e4t\u00e4merkkien mukana kuljettamista koskeva vaatimus l\u00f6ytyy 33 CFR:n osasta 175). Mukana toimitettava h\u00e4t\u00e4lippu tarjoaa useita p\u00e4iv\u00e4nvalossa tapahtuvan merkinannon vaihtoehtoja. Lippu voidaan liehua kiinnitt\u00e4m\u00e4ll\u00e4 se mastoon tai yksinkertaisesti nostamalla se korkeimpaan mahdolliseen kohtaan. Se voidaan my\u00f6s asettaa esille k\u00e4sin, sitoa ja sitten heiluttaa esineill\u00e4, kuten veneen koukulla, melalla tai ongella, tai se voidaan asettaa litte\u00e4ksi kannelle lentokoneiden houkuttelemiseksi. Lippua tulisi k\u00e4ytt\u00e4\u00e4 vain p\u00e4iv\u00e4saikaan, ja oikein nostettuna mustan neli\u00f6n tulisi olla mustan ympyr\u00e4n p\u00e4\u00e4ll\u00e4.<\/p>\n<p>H\u00e4t\u00e4lipun lis\u00e4ksi mukana on my\u00f6s kiinnike ja vastaavat kiinnitystarvikkeet, joiden avulla k\u00e4ytt\u00e4j\u00e4t voivat asentaa tuotteen k\u00e4tev\u00e4sti alukseen niin, ett\u00e4 EDF2 on aina k\u00e4ytett\u00e4viss\u00e4 tarvittaessa. Tuotteen keskiosan ymp\u00e4rill\u00e4 olevan mustan tarranauhan alta l\u00f6ytyy my\u00f6s 1 metrin kaulanauha. T\u00e4t\u00e4 kaulanauhaa voidaan k\u00e4ytt\u00e4\u00e4 EDF2:n kiinnitt\u00e4miseen henkil\u00f6\u00f6n tai pelastuslautaan h\u00e4t\u00e4tilanteessa.  <\/p>\n<h4>Kuljetusvaatimukset<\/h4>\n<p>Yhdysvalloissa* EDF2-venesoihdun ja h\u00e4t\u00e4lipun kuljettaminen yhdess\u00e4 mahdollistaa sen, ett\u00e4 veneilij\u00e4t voivat luopua perinteisten pyroteknisten soihdutussoittimien vaatimuksesta huvialuksissa, joiden pituus on enint\u00e4\u00e4n 65&#8242;, veneileess\u00e4\u00e4n Suurilla j\u00e4rvill\u00e4, 12 mailin et\u00e4isyydell\u00e4 Yhdysvaltain vesist\u00e4 tai mill\u00e4 tahansa vesist\u00f6ll\u00e4, jossa on v\u00e4hint\u00e4\u00e4n kahden mailia leve\u00e4 kulkuv\u00e4yl\u00e4 mereen. Alle 16 tuuman alusten ei tarvitse kantaa p\u00e4iv\u00e4h\u00e4t\u00e4signaalia, mutta niiss\u00e4 on silti oltava y\u00f6h\u00e4t\u00e4signaali, mik\u00e4 tekee EDF2:sta enemm\u00e4n kuin k\u00e4ytt\u00f6kelpoisen vaihtoehdon pyroteknisille soihdeille my\u00f6s t\u00e4m\u00e4n kokoisille aluksille. Huomautus: Kanadassa EDF2:ta voidaan kuljettaa huvialuksissa pyroteknisten soihduttimien sijasta (Policy TP 13585 E), jos sit\u00e4 kuljetetaan hyv\u00e4ksytyll\u00e4 savumerkill\u00e4 (p\u00e4iv\u00e4ll\u00e4 h\u00e4lytt\u00e4mist\u00e4 varten).  <\/p>\n<p>EDF2 on selke\u00e4sti &#8221;kirkkain&#8221; valinta, sill\u00e4 sen valo jakautuu tasaisesti laajalla alueella** ja palamisaika on 15 kertaa suurempi kuin keskim\u00e4\u00e4r\u00e4iset pyrotekniset soihdut***.<\/p>\n<p>&nbsp;<\/p>\n<p>*Muiden maiden hyv\u00e4ksynn\u00e4t, katso soveltuvan kansallisen viranomaisen vaatimukset<\/p>\n<p>he hyv\u00e4ksyv\u00e4t eVDSD-kokouksen RTCM 13200.00<\/p>\n<p>**Valokulma \u2265 180\u00b0<\/p>\n<p>***Perustuu 4 pyroteknisen soihdun kuljettamiseen, kunkin keskim\u00e4\u00e4r\u00e4inen paloaika 3 minuuttia<\/p>\n<p>&nbsp;<\/p>\n<h4><strong>Ominaisuudet ja edut:<\/strong><\/h4>\n<ul>\n<li>T\u00e4ytt\u00e4\u00e4 RTCM-standardin 13200.0 eVDSD-levyille<\/li>\n<li>EDF2 elektroninen venesoihdutin ja mukana tuleva h\u00e4t\u00e4lippu, kun niit\u00e4 kuljetetaan yhdess\u00e4, ne t\u00e4ytt\u00e4v\u00e4t USCG-pyroteknisten soihdutinten kuljetuksen (vain USA)<\/li>\n<li>Kirkas valo kaikkiin suuntiin (360\u00b0 n\u00e4kyvyys ja valokulma \u2265 180\u00b0)<\/li>\n<li>Oikeuttaa itsens\u00e4 automaattisesti ja kelluu vedess\u00e4 (ei vaadi kellunta-\/kellurengasta)<\/li>\n<li>N\u00e4kyv\u00e4 yli 8 mailia<\/li>\n<li>K\u00e4ytt\u00e4j\u00e4n vaihdettavat 123 litiumparistot (x8 &#8211; eiv\u00e4t sis\u00e4lly)<\/li>\n<li>Valon maksimivoimakkuus&gt; 170 cd<\/li>\n<li>Keskim\u00e4\u00e4r\u00e4inen tehokas valonvoimakkuus 50 cd<\/li>\n<li>3 tunnin k\u00e4ytt\u00f6ik\u00e4 (v\u00e4hint\u00e4\u00e4n 50 cd:n keskim\u00e4\u00e4r\u00e4isell\u00e4 tehokkaalla valovoimakkuudella) ylitt\u00e4\u00e4 RTCM-vaatimukset 50 %<\/li>\n<li>Kest\u00e4v\u00e4 rakenne: Testattu sovellettavien ymp\u00e4rist\u00f6standardien mukaisesti, jotka liittyv\u00e4t kuivaan l\u00e4mp\u00f6\u00f6n, kosteaan l\u00e4mp\u00f6\u00f6n, matalaan l\u00e4mp\u00f6tilaan, l\u00e4mp\u00f6shokkiin, pudotukseen, t\u00e4rin\u00e4\u00e4n, auringons\u00e4teilyyn, sateeseen ja roiskeeseen, korroosioon ja EMC:hen (standardin IEC 60945 mukaan)<\/li>\n<li>Vesitiivis (IP67)<\/li>\n<li>Sertifioitu USCG 161.013:n mukaan y\u00f6aikaan visuaaliseksi h\u00e4t\u00e4signaaliksi<\/li>\n<li>Sis\u00e4lt\u00e4\u00e4 h\u00e4t\u00e4lipun (sertifioitu USCG 160.072:n mukaan p\u00e4iv\u00e4saikaan visuaaliseksi h\u00e4t\u00e4signaaliksi), asennuskiinnikkeen ja 1 metrin kaulanauhan (piilotettu tarranauhan alle)<\/li>\n<\/ul>\n<p>&nbsp;<\/p>\n<h4><strong>EDF2:n elektronisen Flare<\/strong> <strong>edut<\/strong> <strong>verrattuna perinteisiin pyroteknisiin soihdutuksiin:<\/strong><\/h4>\n<ul>\n<li>Ei viimeist\u00e4 k\u00e4ytt\u00f6p\u00e4iv\u00e4\u00e4<\/li>\n<li>Koko perheelle sopiva (ei polttavaa tulta)<\/li>\n<li>Helppo k\u00e4ytt\u00e4\u00e4 (jotta jopa lapsesi ja ensimm\u00e4ist\u00e4 kertaa veneilij\u00e4t voivat k\u00e4ytt\u00e4\u00e4 sit\u00e4 h\u00e4t\u00e4tilanteessa)<\/li>\n<li>Ei ongelmia nykyisten tiukkojen pakollisten pyroteknisten soihdutusvaatimusten kanssa (jota pidet\u00e4\u00e4n laillisesti vaarallisina materiaaleina)<\/li>\n<li>Vedenpit\u00e4v\u00e4 ja kelluva<\/li>\n<li>Kertaostos (v\u00e4hemm\u00e4n tuotteen k\u00e4ytt\u00f6i\u00e4n aikana)<\/li>\n<li>2 erillist\u00e4 h\u00e4t\u00e4merkinantomenetelm\u00e4\u00e4 yhdess\u00e4 tuotteessa \u2013 moniv\u00e4rinen LED-vilkkuvalo ja infrapuna-LED-vilkkuvalo<\/li>\n<li>Mahdollisuus pident\u00e4\u00e4 tuotteen k\u00e4ytt\u00f6ik\u00e4\u00e4 h\u00e4t\u00e4tilanteessa vaihtamalla paristot<\/li>\n<\/ul>\n<p>&nbsp;<\/p>\n<p>Lis\u00e4tietoja t\u00e4rkeist\u00e4 merenkulun turvatuotteista, jotka lis\u00e4\u00e4v\u00e4t EDF2:n kuljetusta, on blogissamme <a href=\"https:\/\/oceansignal.com\/news\/strategies-for-a-safer-boating-season\/\">Strategies for a Safer Boating Season<\/a> .<\/p>\n","protected":false},"excerpt":{"rendered":"<p>EDF2: Paras vaihtoehto perinteisille pyroteknisille soihduille<\/p>\n<ul>\n<li>Pitk\u00e4kestoinen ja kustannustehokas \u2013 Ei viimeist\u00e4 k\u00e4ytt\u00f6p\u00e4iv\u00e4\u00e4, kertaostos ja k\u00e4ytt\u00e4j\u00e4n vaihdettavat litiumakut pident\u00e4v\u00e4t k\u00e4ytt\u00f6ik\u00e4\u00e4 h\u00e4t\u00e4tilanteissa<\/li>\n<li>Turvallinen ja helppok\u00e4ytt\u00f6inen \u2013 Ei liekkej\u00e4, perheyst\u00e4v\u00e4llinen ja yksinkertainen k\u00e4ytt\u00f6 kaikille k\u00e4ytt\u00e4jille, my\u00f6s lapsille ja ensimm\u00e4ist\u00e4 kertaa veneilij\u00f6ille.<\/li>\n<li>Erinomainen n\u00e4kyvyys \u2013 Kirkas 360\u00b0 valo, n\u00e4kyy yli 8 mailin p\u00e4\u00e4ss\u00e4 ja ylitt\u00e4\u00e4 RTCM:n k\u00e4ytt\u00f6i\u00e4n vaatimukset 50 %.<\/li>\n<li>Vedenpit\u00e4v\u00e4 ja kelluva \u2013 korjaa itsens\u00e4 automaattisesti ja kelluu ilman kelluntarengasta.<\/li>\n<li>Kest\u00e4v\u00e4 rakenne: Testattu sovellettavien ymp\u00e4rist\u00f6standardien mukaisesti, jotka liittyv\u00e4t kuivaan l\u00e4mp\u00f6\u00f6n, kosteaan l\u00e4mp\u00f6\u00f6n, matalaan l\u00e4mp\u00f6tilaan, l\u00e4mp\u00f6shokkiin, pudotukseen, t\u00e4rin\u00e4\u00e4n, auringons\u00e4teilyyn, sateeseen ja roiskeeseen, korroosioon ja EMC:hen (standardin IEC 60945 mukaan)<\/li>\n<\/ul>\n<p><a href=\"https:\/\/www.dropbox.com\/s\/0ezw0kexbm120vv\/Prop%2065%20-%20Lead%20and%20Lead%20Compounds.pdf?dl=0\">VAROITUS: PROP 65<\/a><\/p>\n","protected":false},"featured_media":38630,"template":"","meta":{"_acf_changed":false,"om_disable_all_campaigns":false},"product_brand":[],"product_cat":[1189,610],"product_tag":[1236,1191,1237],"class_list":{"0":"post-12829","1":"product","2":"type-product","3":"status-publish","4":"has-post-thumbnail","6":"product_cat-elektroninen-merkinanto-ja-flare","7":"product_cat-rescueme-fi","8":"product_tag-ekr2","9":"product_tag-electronic-distress-flare-fi","10":"product_tag-signaalimajakka","12":"first","13":"instock","14":"taxable","15":"shipping-taxable","16":"purchasable","17":"product-type-simple"},"acf":[],"yoast_head":"<!-- This site is optimized with the Yoast SEO Premium plugin v25.2 (Yoast SEO v26.4) - https:\/\/yoast.com\/wordpress\/plugins\/seo\/ -->\n<title>rescueME EDF2 Flare - EDF2 Ocean Signal Boat Flare USCG RTCM Hyv\u00e4ksytty | Ocean Signal<\/title>\n<meta name=\"description\" content=\"Pysy turvassa elektronisella Ocean Signal EDF2 -venesoihdilla, joka on tehokas elektroninen h\u00e4t\u00e4vilkku, joka on suunniteltu optimaaliseen n\u00e4kyvyyteen ja luotettavuuteen h\u00e4t\u00e4tilanteissa. Kompakti ja kest\u00e4v\u00e4 EDF2 on t\u00e4ydellinen valinta veneilij\u00f6ille, jotka etsiv\u00e4t turvallisempaa, ymp\u00e4rist\u00f6yst\u00e4v\u00e4llisemp\u00e4\u00e4 vaihtoehtoa perinteisille soihduille.\" \/>\n<meta name=\"robots\" content=\"index, follow, max-snippet:-1, max-image-preview:large, max-video-preview:-1\" \/>\n<link rel=\"canonical\" href=\"https:\/\/oceansignal.com\/fi\/products\/pelastusme-edf2-flare\/\" \/>\n<meta property=\"og:locale\" content=\"fi_FI\" \/>\n<meta property=\"og:type\" content=\"article\" \/>\n<meta property=\"og:title\" content=\"rescueME EDF2 Flare\" \/>\n<meta property=\"og:description\" content=\"Pysy turvassa elektronisella Ocean Signal EDF2 -venesoihdilla, joka on tehokas elektroninen h\u00e4t\u00e4vilkku, joka on suunniteltu optimaaliseen n\u00e4kyvyyteen ja luotettavuuteen h\u00e4t\u00e4tilanteissa. Kompakti ja kest\u00e4v\u00e4 EDF2 on t\u00e4ydellinen valinta veneilij\u00f6ille, jotka etsiv\u00e4t turvallisempaa, ymp\u00e4rist\u00f6yst\u00e4v\u00e4llisemp\u00e4\u00e4 vaihtoehtoa perinteisille soihduille.\" \/>\n<meta property=\"og:url\" content=\"https:\/\/oceansignal.com\/fi\/products\/pelastusme-edf2-flare\/\" \/>\n<meta property=\"og:site_name\" content=\"Ocean Signal\" \/>\n<meta property=\"article:modified_time\" content=\"2025-11-24T16:35:42+00:00\" \/>\n<meta property=\"og:image\" content=\"https:\/\/oceansignal.com\/wp-content\/uploads\/2025\/06\/EDF2-FRONT-e1752085297427.png\" \/>\n\t<meta property=\"og:image:width\" content=\"782\" \/>\n\t<meta property=\"og:image:height\" content=\"782\" \/>\n\t<meta property=\"og:image:type\" content=\"image\/png\" \/>\n<meta name=\"twitter:card\" content=\"summary_large_image\" \/>\n<meta name=\"twitter:label1\" content=\"Arvioitu lukuaika\" \/>\n\t<meta name=\"twitter:data1\" content=\"5 minuuttia\" \/>\n<script type=\"application\/ld+json\" class=\"yoast-schema-graph\">{\"@context\":\"https:\/\/schema.org\",\"@graph\":[{\"@type\":\"WebPage\",\"@id\":\"https:\/\/oceansignal.com\/fi\/products\/pelastusme-edf2-flare\/\",\"url\":\"https:\/\/oceansignal.com\/fi\/products\/pelastusme-edf2-flare\/\",\"name\":\"rescueME EDF2 Flare - EDF2 Ocean Signal Boat Flare USCG RTCM Hyv\u00e4ksytty | Ocean Signal\",\"isPartOf\":{\"@id\":\"https:\/\/oceansignal.com\/fi\/#website\"},\"primaryImageOfPage\":{\"@id\":\"https:\/\/oceansignal.com\/fi\/products\/pelastusme-edf2-flare\/#primaryimage\"},\"image\":{\"@id\":\"https:\/\/oceansignal.com\/fi\/products\/pelastusme-edf2-flare\/#primaryimage\"},\"thumbnailUrl\":\"https:\/\/oceansignal.com\/wp-content\/uploads\/2024\/10\/EDF2-FRONT_2025.png\",\"datePublished\":\"2024-10-30T20:20:15+00:00\",\"dateModified\":\"2025-11-24T16:35:42+00:00\",\"description\":\"Pysy turvassa elektronisella Ocean Signal EDF2 -venesoihdilla, joka on tehokas elektroninen h\u00e4t\u00e4vilkku, joka on suunniteltu optimaaliseen n\u00e4kyvyyteen ja luotettavuuteen h\u00e4t\u00e4tilanteissa. Kompakti ja kest\u00e4v\u00e4 EDF2 on t\u00e4ydellinen valinta veneilij\u00f6ille, jotka etsiv\u00e4t turvallisempaa, ymp\u00e4rist\u00f6yst\u00e4v\u00e4llisemp\u00e4\u00e4 vaihtoehtoa perinteisille soihduille.\",\"breadcrumb\":{\"@id\":\"https:\/\/oceansignal.com\/fi\/products\/pelastusme-edf2-flare\/#breadcrumb\"},\"inLanguage\":\"fi\",\"potentialAction\":[{\"@type\":\"ReadAction\",\"target\":[\"https:\/\/oceansignal.com\/fi\/products\/pelastusme-edf2-flare\/\"]}]},{\"@type\":\"ImageObject\",\"inLanguage\":\"fi\",\"@id\":\"https:\/\/oceansignal.com\/fi\/products\/pelastusme-edf2-flare\/#primaryimage\",\"url\":\"https:\/\/oceansignal.com\/wp-content\/uploads\/2024\/10\/EDF2-FRONT_2025.png\",\"contentUrl\":\"https:\/\/oceansignal.com\/wp-content\/uploads\/2024\/10\/EDF2-FRONT_2025.png\",\"width\":1000,\"height\":1000},{\"@type\":\"BreadcrumbList\",\"@id\":\"https:\/\/oceansignal.com\/fi\/products\/pelastusme-edf2-flare\/#breadcrumb\",\"itemListElement\":[{\"@type\":\"ListItem\",\"position\":1,\"name\":\"Shop\",\"item\":\"https:\/\/oceansignal.com\/fi\/shop\/\"},{\"@type\":\"ListItem\",\"position\":2,\"name\":\"rescueME EDF2 Flare\"}]},{\"@type\":\"WebSite\",\"@id\":\"https:\/\/oceansignal.com\/fi\/#website\",\"url\":\"https:\/\/oceansignal.com\/fi\/\",\"name\":\"Ocean Signal\",\"description\":\"A leading manufacturer of EPIRBs, AIS, SARTs, Personal Locator Beacons, Man Overboard Beacon for the Marine and Outdoor Markets.\",\"potentialAction\":[{\"@type\":\"SearchAction\",\"target\":{\"@type\":\"EntryPoint\",\"urlTemplate\":\"https:\/\/oceansignal.com\/fi\/?s={search_term_string}\"},\"query-input\":{\"@type\":\"PropertyValueSpecification\",\"valueRequired\":true,\"valueName\":\"search_term_string\"}}],\"inLanguage\":\"fi\"}]}<\/script>\n<!-- \/ Yoast SEO Premium plugin. -->","yoast_head_json":{"title":"rescueME EDF2 Flare - EDF2 Ocean Signal Boat Flare USCG RTCM Hyv\u00e4ksytty | Ocean Signal","description":"Pysy turvassa elektronisella Ocean Signal EDF2 -venesoihdilla, joka on tehokas elektroninen h\u00e4t\u00e4vilkku, joka on suunniteltu optimaaliseen n\u00e4kyvyyteen ja luotettavuuteen h\u00e4t\u00e4tilanteissa. Kompakti ja kest\u00e4v\u00e4 EDF2 on t\u00e4ydellinen valinta veneilij\u00f6ille, jotka etsiv\u00e4t turvallisempaa, ymp\u00e4rist\u00f6yst\u00e4v\u00e4llisemp\u00e4\u00e4 vaihtoehtoa perinteisille soihduille.","robots":{"index":"index","follow":"follow","max-snippet":"max-snippet:-1","max-image-preview":"max-image-preview:large","max-video-preview":"max-video-preview:-1"},"canonical":"https:\/\/oceansignal.com\/fi\/products\/pelastusme-edf2-flare\/","og_locale":"fi_FI","og_type":"article","og_title":"rescueME EDF2 Flare","og_description":"Pysy turvassa elektronisella Ocean Signal EDF2 -venesoihdilla, joka on tehokas elektroninen h\u00e4t\u00e4vilkku, joka on suunniteltu optimaaliseen n\u00e4kyvyyteen ja luotettavuuteen h\u00e4t\u00e4tilanteissa. Kompakti ja kest\u00e4v\u00e4 EDF2 on t\u00e4ydellinen valinta veneilij\u00f6ille, jotka etsiv\u00e4t turvallisempaa, ymp\u00e4rist\u00f6yst\u00e4v\u00e4llisemp\u00e4\u00e4 vaihtoehtoa perinteisille soihduille.","og_url":"https:\/\/oceansignal.com\/fi\/products\/pelastusme-edf2-flare\/","og_site_name":"Ocean Signal","article_modified_time":"2025-11-24T16:35:42+00:00","og_image":[{"width":782,"height":782,"url":"https:\/\/oceansignal.com\/wp-content\/uploads\/2025\/06\/EDF2-FRONT-e1752085297427.png","type":"image\/png"}],"twitter_card":"summary_large_image","twitter_misc":{"Arvioitu lukuaika":"5 minuuttia"},"schema":{"@context":"https:\/\/schema.org","@graph":[{"@type":"WebPage","@id":"https:\/\/oceansignal.com\/fi\/products\/pelastusme-edf2-flare\/","url":"https:\/\/oceansignal.com\/fi\/products\/pelastusme-edf2-flare\/","name":"rescueME EDF2 Flare - EDF2 Ocean Signal Boat Flare USCG RTCM Hyv\u00e4ksytty | Ocean Signal","isPartOf":{"@id":"https:\/\/oceansignal.com\/fi\/#website"},"primaryImageOfPage":{"@id":"https:\/\/oceansignal.com\/fi\/products\/pelastusme-edf2-flare\/#primaryimage"},"image":{"@id":"https:\/\/oceansignal.com\/fi\/products\/pelastusme-edf2-flare\/#primaryimage"},"thumbnailUrl":"https:\/\/oceansignal.com\/wp-content\/uploads\/2024\/10\/EDF2-FRONT_2025.png","datePublished":"2024-10-30T20:20:15+00:00","dateModified":"2025-11-24T16:35:42+00:00","description":"Pysy turvassa elektronisella Ocean Signal EDF2 -venesoihdilla, joka on tehokas elektroninen h\u00e4t\u00e4vilkku, joka on suunniteltu optimaaliseen n\u00e4kyvyyteen ja luotettavuuteen h\u00e4t\u00e4tilanteissa. Kompakti ja kest\u00e4v\u00e4 EDF2 on t\u00e4ydellinen valinta veneilij\u00f6ille, jotka etsiv\u00e4t turvallisempaa, ymp\u00e4rist\u00f6yst\u00e4v\u00e4llisemp\u00e4\u00e4 vaihtoehtoa perinteisille soihduille.","breadcrumb":{"@id":"https:\/\/oceansignal.com\/fi\/products\/pelastusme-edf2-flare\/#breadcrumb"},"inLanguage":"fi","potentialAction":[{"@type":"ReadAction","target":["https:\/\/oceansignal.com\/fi\/products\/pelastusme-edf2-flare\/"]}]},{"@type":"ImageObject","inLanguage":"fi","@id":"https:\/\/oceansignal.com\/fi\/products\/pelastusme-edf2-flare\/#primaryimage","url":"https:\/\/oceansignal.com\/wp-content\/uploads\/2024\/10\/EDF2-FRONT_2025.png","contentUrl":"https:\/\/oceansignal.com\/wp-content\/uploads\/2024\/10\/EDF2-FRONT_2025.png","width":1000,"height":1000},{"@type":"BreadcrumbList","@id":"https:\/\/oceansignal.com\/fi\/products\/pelastusme-edf2-flare\/#breadcrumb","itemListElement":[{"@type":"ListItem","position":1,"name":"Shop","item":"https:\/\/oceansignal.com\/fi\/shop\/"},{"@type":"ListItem","position":2,"name":"rescueME EDF2 Flare"}]},{"@type":"WebSite","@id":"https:\/\/oceansignal.com\/fi\/#website","url":"https:\/\/oceansignal.com\/fi\/","name":"Ocean Signal","description":"A leading manufacturer of EPIRBs, AIS, SARTs, Personal Locator Beacons, Man Overboard Beacon for the Marine and Outdoor Markets.","potentialAction":[{"@type":"SearchAction","target":{"@type":"EntryPoint","urlTemplate":"https:\/\/oceansignal.com\/fi\/?s={search_term_string}"},"query-input":{"@type":"PropertyValueSpecification","valueRequired":true,"valueName":"search_term_string"}}],"inLanguage":"fi"}]}},"_links":{"self":[{"href":"https:\/\/oceansignal.com\/fi\/wp-json\/wp\/v2\/product\/12829","targetHints":{"allow":["GET"]}}],"collection":[{"href":"https:\/\/oceansignal.com\/fi\/wp-json\/wp\/v2\/product"}],"about":[{"href":"https:\/\/oceansignal.com\/fi\/wp-json\/wp\/v2\/types\/product"}],"wp:featuredmedia":[{"embeddable":true,"href":"https:\/\/oceansignal.com\/fi\/wp-json\/wp\/v2\/media\/38630"}],"wp:attachment":[{"href":"https:\/\/oceansignal.com\/fi\/wp-json\/wp\/v2\/media?parent=12829"}],"wp:term":[{"taxonomy":"product_brand","embeddable":true,"href":"https:\/\/oceansignal.com\/fi\/wp-json\/wp\/v2\/product_brand?post=12829"},{"taxonomy":"product_cat","embeddable":true,"href":"https:\/\/oceansignal.com\/fi\/wp-json\/wp\/v2\/product_cat?post=12829"},{"taxonomy":"product_tag","embeddable":true,"href":"https:\/\/oceansignal.com\/fi\/wp-json\/wp\/v2\/product_tag?post=12829"}],"curies":[{"name":"wp","href":"https:\/\/api.w.org\/{rel}","templated":true}]}}