{"id":12834,"date":"2024-07-22T13:30:33","date_gmt":"2024-07-22T13:30:33","guid":{"rendered":"https:\/\/oceansignal.com\/products\/pelasta-me-mob2\/"},"modified":"2025-11-12T09:05:54","modified_gmt":"2025-11-12T09:05:54","slug":"pelasta-me-mob2","status":"publish","type":"product","link":"https:\/\/oceansignal.com\/fi\/products\/pelasta-me-mob2\/","title":{"rendered":"rescueME MOB2"},"content":{"rendered":"<p><strong>T\u00e4t\u00e4 laitetta ei ole valtuutettu Yhdysvaltain liittovaltion viestint\u00e4komission s\u00e4\u00e4nt\u00f6jen edellytt\u00e4m\u00e4ll\u00e4 tavalla. T\u00e4t\u00e4 laitetta ei tarjota eik\u00e4 saa tarjota myyntiin tai vuokrata tai myyd\u00e4 tai liisata ennen kuin lupa on saatu. Hyv\u00e4ksytty myyt\u00e4v\u00e4ksi maissa, jotka ovat hyv\u00e4ksyneet asetuksen ECC\/DEC\/(22)02. <\/strong><\/p>\n<p>Yhteenveto:<\/p>\n<p>Aluksen varoitus Miehest\u00e4 yli laidan on nopein ja luotettavin palautusvaihtoehto. Kohtaalla merell\u00e4 miehen kadottaminen yli laidan voi tapahtua j\u00e4rkytt\u00e4v\u00e4n nopeasti. Siksi Ocean Signal uusin rescueME MOB2 yhdist\u00e4\u00e4 sek\u00e4 AIS- ett\u00e4 VHF DSC -h\u00e4t\u00e4teknologian uusimpaan AIS-luokan M-yhteensopivaan ratkaisuun merenkulkumarkkinoille.  <\/p>\n<p>Aktivoinnin j\u00e4lkeen MOB2 :n sijainti p\u00e4ivitet\u00e4\u00e4n s\u00e4\u00e4nn\u00f6llisesti ja n\u00e4ytet\u00e4\u00e4n AIS-yhteensopivilla piirtureilla. Integroidun GPS:n avulla MOB2 tarjoaa tarkat sijaintitiedot aluksellesi ja kaikille avustaville aluksille. L\u00e4heiset alukset saavat automaattisesti h\u00e4lytyksen mies yli laidan -tilanteista VHF DSC:n kautta. Ocean Signal MOB2 on l\u00e4hes puolet kilpailevista tuotteista pienempi ja sopii t\u00e4ydellisesti puhallettavien pelastusliivien sis\u00e4\u00e4n. Siin\u00e4 on my\u00f6s pidempi k\u00e4ytt\u00f6ik\u00e4, automaattinen aktivointi ilmat\u00e4ytteisen pelastusliivin kautta, kaksois-IR ja valkoinen vilkkuvalo sek\u00e4 NFC-mobiilisovellusyhteys.    <\/p>\n<p>Haluatko oppia uusimmista luokan M vaatimuksista AIS MOB ?  <a href=\"https:\/\/oceansignal.com\/fi\/news\/ais-luokan-m-asetuksen-vaikutus-mob-aluksiin\/\">Napsauta t\u00e4st\u00e4<\/a><\/p>\n<p><a href=\"https:\/\/www.dropbox.com\/s\/8343nj28z0d7bxa\/Prop%2065%20-%20BPA.pdf?dl=0\">VAROITUS: PROP 65<\/a><\/p>\n<p>Vain Yhdysvalloissa: T\u00e4t\u00e4 laitetta ei ole valtuutettu Federal Communications Commissionin s\u00e4\u00e4nt\u00f6jen mukaisesti. T\u00e4t\u00e4 laitetta ei tarjota eik\u00e4 saa tarjota myyntiin tai vuokralle tai myyd\u00e4 tai liisata ennen kuin lupa on saatu. Hyv\u00e4ksytty myyt\u00e4v\u00e4ksi maissa, jotka ovat hyv\u00e4ksyneet asetuksen ECC\/DEC\/(22)02.  <\/p>\n<p>Kuvaus:<\/p>\n<p>Esittelyss\u00e4 maailman pienin AIS Man Overboard ( MOB ) -laite integroidulla VHF DSC:ll\u00e4 \u2013 Ocean Signal rescueME MOB2 AIS. T\u00e4m\u00e4 mink\u00e4 tahansa merenkulun turvasarjan t\u00e4rke\u00e4 osa on suunniteltu nopeaan reagointiin mies yli laidan -h\u00e4t\u00e4tilanteissa. Kompakti ja kevyt MOB2 integroituu saumattomasti jopa kaikkein pienimpien puhallettavien pelastusliivien kanssa varmistaen automaattisen aktivoitumisen t\u00e4yttyess\u00e4.  <\/p>\n<p>MOB2 l\u00e4hett\u00e4\u00e4 ensimm\u00e4isen h\u00e4lytyksen 15 sekunnissa ja l\u00e4hett\u00e4\u00e4 tarkan sijaintisi l\u00e4heisille aluksille ja laivan navigointij\u00e4rjestelmille AIS-tekniikan avulla. Se kommunikoi aluksen kanssa, josta olet ollut erossa, ja muihin aluksiin, jotka ovat enint\u00e4\u00e4n 5 mailin p\u00e4\u00e4ss\u00e4 olosuhteista riippuen. Lis\u00e4ksi l\u00e4hell\u00e4 olevat alukset saavat v\u00e4litt\u00f6m\u00e4sti tiedon mies yli laidan -tilanteesta DSC-tekniikan avulla.  <\/p>\n<p>H\u00e4t\u00e4tilanteessa rescueME MOB2 AIS tarjoaa kaksi tapaa ilmoittaa sijaintisi nopeasti muutaman metrin tarkkuudella ja tarjoaa visuaalisen ilmaisun sis\u00e4\u00e4nrakennettujen v\u00e4lkkyvien valojen kautta. Sen integroidut kaksois-infrapuna- (IR) ja valkoiset v\u00e4l\u00e4hdysvalot takaavat maksimaalisen n\u00e4kyvyyden heikossa valaistuksessa ja tarjoavat mielenrauhaa purjehtijoille ja veneilij\u00f6ille parantamalla turvallisuutta vesill\u00e4 ja mahdollisesti pelastamalla ihmishenki\u00e4 kriittisiss\u00e4 tilanteissa. Vesitiivis 10 metriin asti, MOB2 ssa on vankka rakenne ja pitk\u00e4kestoinen akku.  <\/p>\n<p><strong> <\/strong><\/p>\n<h3><strong>\u00c4lypuhelinliit\u00e4nn\u00e4t Near Field Communication (NFC) -yhteydell\u00e4<\/strong><\/h3>\n<p>NFC-teknologian integrointi antaa k\u00e4ytt\u00e4jille mahdollisuuden ohjelmoida k\u00e4tev\u00e4sti MOB2 MMSI:t\u00e4 ja k\u00e4ytt\u00e4\u00e4 majakkadataa matkapuhelimestaan. Yksinkertainen puhelimen sijoittaminen majakan l\u00e4helle avaa automaattisesti Ocean Signal Product App -sovelluksen ja tarjoaa p\u00e4\u00e4syn erilaisiin k\u00e4ytt\u00f6tietoihin, mukaan lukien nykyinen akun kesto, suoritettujen itsetestien lukum\u00e4\u00e4r\u00e4, suoritettujen GNSS-testien m\u00e4\u00e4r\u00e4 ja tarvittaessa majakan aktivoinnin aika. <\/p>\n<p><strong> <\/strong><\/p>\n<h3><strong>Luokan M hyv\u00e4ksytty AIS Man Overboard Beacon VHF DSC:ll\u00e4<\/strong><\/h3>\n<p>MOB2 on suunniteltu ylitt\u00e4m\u00e4\u00e4n luokan M vaatimukset, ja se on MOB -laitteiden k\u00e4ytt\u00f6\u00e4 koskevan ECC\/DEC\/(22)02-s\u00e4\u00e4nn\u00f6n mukainen.<\/p>\n<p><strong> <\/strong><\/p>\n<h3><strong>Pelastusliivien integrointi<\/strong><\/h3>\n<p>MOB2 voidaan aktivoida manuaalisesti tai automaattisesti, kun se asennetaan puhallettavaan pelastusliiviin (automaattinen). Asennus on helppoa k\u00e4ytt\u00e4m\u00e4ll\u00e4 mukana tulevaa oraalista t\u00e4ytt\u00f6putken pidikett\u00e4 MOB2 kiinnitt\u00e4miseksi pelastusliiviin nauhalla, joka on liitetty pelastusliivin rakkoon. Kun pelastusliivi on asennettu oikein, se laukaisee antennin ja majakan aktivoitumisen.  <\/p>\n<p><a href=\"https:\/\/oceansignal.com\/news\/ocean-signal-triples-size-of-factory-facilities-to-meet-production-demands\/\">Valmistettu ylpe\u00e4n\u00e4 Isossa-Britanniassa<\/a><\/p>\n<h4><strong>rescueME MOB AIS:n t\u00e4rkeimm\u00e4t ominaisuudet:<\/strong><\/h4>\n<ul>\n<li>AIS (Automatic Identification System)<\/li>\n<li>Luokan M mukainen (s\u00e4\u00e4nt\u00f6: ECC\/DEC\/(22)02)<\/li>\n<li>Integroitu Tx- ja Rx-DSC-l\u00e4hetin-vastaanotin (Digital Selective Calling) *<\/li>\n<li>LEDit vahvistavat DSC-h\u00e4t\u00e4signaalin vastaanoton<\/li>\n<li>50 % (tyyppi) pienempi kuin kilpailijat<\/li>\n<li>GNSS GPS:n ja Galileon kautta<\/li>\n<li>Nopea tarkka paikannus<\/li>\n<li>IR ja valkoiset strobovalot<\/li>\n<li>Automaattinen aktivointi<\/li>\n<li>Pelastusliivien yksinkertainen integrointi**<\/li>\n<li>5 vuoden akun kesto<\/li>\n<li>24 tunnin k\u00e4ytt\u00f6ik\u00e4 -20\u00b0C:ssa<\/li>\n<li>2 vuoden takuu (voi pident\u00e4\u00e4 takuun 5 vuoteen tuotteen rekister\u00f6innin kautta Ocean Signal ) <sup>\u2020<\/sup><\/li>\n<li>Integroitu Near Field Communication (NFC)<\/li>\n<li>Yhteys \u00e4lypuhelimeen NFC:n kautta<\/li>\n<li>Ocean Signal -mobiilisovellus (IOS ja Android)<\/li>\n<\/ul>\n<p>&nbsp;<\/p>\n<p><em><strong>Yhteensopivuus:<\/strong> Useimmat nykyaikaiset AIS-plotterit ja DSC VHF t\u00e4ytt\u00e4v\u00e4t MOB l\u00e4hetysten vastaanottamiseen vaadittavat standardit. On kuitenkin suositeltavaa tarkistaa yhteensopivuus laitteen valmistajalta, varsinkin jos k\u00e4yt\u00e4t vanhempia laitteita. Katso lis\u00e4tietoja alla olevista usein kysytyist\u00e4 kysymyksist\u00e4.<br \/>\n<\/em><\/p>\n<p>&nbsp;<\/p>\n<p>K\u00e4ytt\u00e4j\u00e4 voi m\u00e4\u00e4ritt\u00e4\u00e4 MOB2 sy\u00f6tt\u00e4m\u00e4\u00e4n aluksen DSC MMSI -numeron* lataamalla ohjelmiston alla olevasta linkist\u00e4. Aluksen DSC-numero voidaan ohjelmoida useita kertoja. <\/p>\n<p>&nbsp;<\/p>\n<p><span style=\"color: #c22f00;\">* DSC-toiminnallisuus on maan s\u00e4\u00e4nn\u00f6sten alaista.<\/span><br \/>\n<span style=\"color: #c22f00;\"><em>** Kysy aina pelastusliivien valmistajalta tarkat ohjeet ennen kuin asennat t\u00e4m\u00e4n tuotteen suoraan pelastusliiviisi.<\/em><\/span><br \/>\n<span style=\"color: #c22f00;\">\u2020 Takuulausekkeen alainen. ( <em>Huomautus: kaupallisissa sovelluksissa k\u00e4ytettyn\u00e4 takuuaika on rajoitettu kahteen vuoteen.<\/em> )<\/span><\/p>\n<p>&nbsp;<\/p>\n","protected":false},"excerpt":{"rendered":"<p>Maailman pienin M-luokan yhteensopiva AIS-merkkinen mies yli laidan (MOB) -laite, jossa on integroitu VHF DSC.<\/p>\n<ul>\n<li data-start=\"195\" data-end=\"420\">\n<p data-start=\"197\" data-end=\"420\"><strong data-start=\"197\" data-end=\"247\">V\u00e4litt\u00f6m\u00e4t AIS- ja DSC-h\u00e4lytykset MOB<\/strong><br data-start=\"247\" data-end=\"250\">MOB2 l\u00e4hett\u00e4\u00e4 sijaintisi v\u00e4litt\u00f6m\u00e4sti AIS-j\u00e4rjestelm\u00e4n kautta ja aktivoi DSC-h\u00e4t\u00e4kutsun aluksesi VHF-radiolla \u2013 antaen nopean paikallisen h\u00e4lytyksen miehist\u00f6lle ja l\u00e4hell\u00e4 oleville aluksille.<\/p>\n<\/li>\n<li data-start=\"422\" data-end=\"637\">\n<p data-start=\"424\" data-end=\"637\"><strong data-start=\"424\" data-end=\"470\">T\u00e4ydellinen avomeri- ja purjehduskilpailujen turvallisuusvaatimuksiin<\/strong><br data-start=\"470\" data-end=\"473\">Kilpapurjehtijoiden ja valtameripurjehdusurheilijoiden luottama MOB2 tarjoaa miehist\u00f6n yli laidan putoamissuojan, joka vastaa nopeatempoisten ja riskialttiiden purjehdusymp\u00e4rist\u00f6jen vaatimuksiin.<\/p>\n<\/li>\n<li data-start=\"639\" data-end=\"858\">\n<p data-start=\"641\" data-end=\"858\"><strong data-start=\"641\" data-end=\"693\">GPS-tarkkuus ja pelastusliivien automaattinen aktivointi<\/strong><br data-start=\"693\" data-end=\"696\">Integroitu GPS varmistaa tarkan seurannan, ja automaattinen aktivointi pelastusliivien t\u00e4yt\u00f6n yhteydess\u00e4 tarkoittaa, ett\u00e4 olet suojattu heti vesille menness\u00e4si \u2013 handsfree-tilassa.<\/p>\n<\/li>\n<\/ul>\n<p>T\u00e4ytt\u00e4\u00e4 MOB -laitteiden k\u00e4ytt\u00f6\u00e4 koskevan ECC\/DEC\/(22)02 -asetuksen vaatimukset. Haluatko oppia uusimmista luokan M vaatimuksista AIS MOB ?  <a href=\"https:\/\/oceansignal.com\/fi\/news\/ais-luokan-m-asetuksen-vaikutus-mob-aluksiin\/\">Napsauta t\u00e4st\u00e4<\/a><\/p>\n<p><a href=\"https:\/\/www.dropbox.com\/s\/8343nj28z0d7bxa\/Prop%2065%20-%20BPA.pdf?dl=0\">VAROITUS: PROP 65<\/a><br \/>\n EI MYYT\u00c4V\u00c4N\u00c4 YHDYSVALLOISSA\/KALIFORNIASSA &#8211; kokeile <a href=\"https:\/\/oceansignal.com\/fi\/products\/pelasta-me-mob1\/\">Ocean Signal MOB1:t\u00e4 Yhdysvalloissa\/Kaliforniassa t\u00e4\u00e4ll\u00e4<\/a><\/p>\n","protected":false},"featured_media":23811,"template":"","meta":{"_acf_changed":false,"om_disable_all_campaigns":false},"product_brand":[],"product_cat":[1058,1980,610],"product_tag":[724,1059,1224,1061,1060,1225],"class_list":{"0":"post-12834","1":"product","2":"type-product","3":"status-publish","4":"has-post-thumbnail","6":"product_cat-mies-yli-laidan","7":"product_cat-pelastusliiviyhteensopiva","8":"product_cat-rescueme-fi","9":"product_tag-ais-fi","10":"product_tag-ais-mob-fi","11":"product_tag-luokka-m","12":"product_tag-mies-yli-laidan","13":"product_tag-mob-fi","14":"product_tag-mob2-fi","16":"first","17":"instock","18":"taxable","19":"shipping-taxable","20":"purchasable","21":"product-type-simple"},"acf":[],"yoast_head":"<!-- This site is optimized with the Yoast SEO Premium plugin v25.2 (Yoast SEO v26.4) - https:\/\/yoast.com\/wordpress\/plugins\/seo\/ -->\n<title>rescueME MOB2 - Ocean Signal rescueME MOB2 AIS Class M Ocean Signal<\/title>\n<meta name=\"description\" content=\"Ocean Signal rescueME MOB2 AIS Man Overboard Beacon on paras ratkaisu meriturvallisuuteen, ja se on erityisesti suunniteltu auttamaan h\u00e4t\u00e4tilanteissa.\" \/>\n<meta name=\"robots\" content=\"index, follow, max-snippet:-1, max-image-preview:large, max-video-preview:-1\" \/>\n<link rel=\"canonical\" href=\"https:\/\/oceansignal.com\/fi\/products\/pelasta-me-mob2\/\" \/>\n<meta property=\"og:locale\" content=\"fi_FI\" \/>\n<meta property=\"og:type\" content=\"article\" \/>\n<meta property=\"og:title\" content=\"rescueME MOB2\" \/>\n<meta property=\"og:description\" content=\"Ocean Signal rescueME MOB2 AIS Man Overboard Beacon on paras ratkaisu meriturvallisuuteen, ja se on erityisesti suunniteltu auttamaan h\u00e4t\u00e4tilanteissa.\" \/>\n<meta property=\"og:url\" content=\"https:\/\/oceansignal.com\/fi\/products\/pelasta-me-mob2\/\" \/>\n<meta property=\"og:site_name\" content=\"Ocean Signal\" \/>\n<meta property=\"article:modified_time\" content=\"2025-11-12T09:05:54+00:00\" \/>\n<meta property=\"og:image\" content=\"https:\/\/oceansignal.com\/wp-content\/uploads\/2024\/07\/MOB2-22-07-24-A_Web.png\" \/>\n\t<meta property=\"og:image:width\" content=\"900\" \/>\n\t<meta property=\"og:image:height\" content=\"807\" \/>\n\t<meta property=\"og:image:type\" content=\"image\/png\" \/>\n<meta name=\"twitter:card\" content=\"summary_large_image\" \/>\n<meta name=\"twitter:label1\" content=\"Arvioitu lukuaika\" \/>\n\t<meta name=\"twitter:data1\" content=\"4 minuuttia\" \/>\n<script type=\"application\/ld+json\" class=\"yoast-schema-graph\">{\"@context\":\"https:\/\/schema.org\",\"@graph\":[{\"@type\":\"WebPage\",\"@id\":\"https:\/\/oceansignal.com\/fi\/products\/pelasta-me-mob2\/\",\"url\":\"https:\/\/oceansignal.com\/fi\/products\/pelasta-me-mob2\/\",\"name\":\"rescueME MOB2 - Ocean Signal rescueME MOB2 AIS Class M Ocean Signal\",\"isPartOf\":{\"@id\":\"https:\/\/oceansignal.com\/fi\/#website\"},\"primaryImageOfPage\":{\"@id\":\"https:\/\/oceansignal.com\/fi\/products\/pelasta-me-mob2\/#primaryimage\"},\"image\":{\"@id\":\"https:\/\/oceansignal.com\/fi\/products\/pelasta-me-mob2\/#primaryimage\"},\"thumbnailUrl\":\"https:\/\/oceansignal.com\/wp-content\/uploads\/2024\/07\/MOB2-22-07-24-A_Web.png\",\"datePublished\":\"2024-07-22T13:30:33+00:00\",\"dateModified\":\"2025-11-12T09:05:54+00:00\",\"description\":\"Ocean Signal rescueME MOB2 AIS Man Overboard Beacon on paras ratkaisu meriturvallisuuteen, ja se on erityisesti suunniteltu auttamaan h\u00e4t\u00e4tilanteissa.\",\"breadcrumb\":{\"@id\":\"https:\/\/oceansignal.com\/fi\/products\/pelasta-me-mob2\/#breadcrumb\"},\"inLanguage\":\"fi\",\"potentialAction\":[{\"@type\":\"ReadAction\",\"target\":[\"https:\/\/oceansignal.com\/fi\/products\/pelasta-me-mob2\/\"]}]},{\"@type\":\"ImageObject\",\"inLanguage\":\"fi\",\"@id\":\"https:\/\/oceansignal.com\/fi\/products\/pelasta-me-mob2\/#primaryimage\",\"url\":\"https:\/\/oceansignal.com\/wp-content\/uploads\/2024\/07\/MOB2-22-07-24-A_Web.png\",\"contentUrl\":\"https:\/\/oceansignal.com\/wp-content\/uploads\/2024\/07\/MOB2-22-07-24-A_Web.png\",\"width\":900,\"height\":807,\"caption\":\"Ocean Signal rescueME MOB2 AIS Personal Locator Device Class M Hyv\u00e4ksytty\"},{\"@type\":\"BreadcrumbList\",\"@id\":\"https:\/\/oceansignal.com\/fi\/products\/pelasta-me-mob2\/#breadcrumb\",\"itemListElement\":[{\"@type\":\"ListItem\",\"position\":1,\"name\":\"Shop\",\"item\":\"https:\/\/oceansignal.com\/fi\/shop\/\"},{\"@type\":\"ListItem\",\"position\":2,\"name\":\"rescueME MOB2\"}]},{\"@type\":\"WebSite\",\"@id\":\"https:\/\/oceansignal.com\/fi\/#website\",\"url\":\"https:\/\/oceansignal.com\/fi\/\",\"name\":\"Ocean Signal\",\"description\":\"A leading manufacturer of EPIRBs, AIS, SARTs, Personal Locator Beacons, Man Overboard Beacon for the Marine and Outdoor Markets.\",\"potentialAction\":[{\"@type\":\"SearchAction\",\"target\":{\"@type\":\"EntryPoint\",\"urlTemplate\":\"https:\/\/oceansignal.com\/fi\/?s={search_term_string}\"},\"query-input\":{\"@type\":\"PropertyValueSpecification\",\"valueRequired\":true,\"valueName\":\"search_term_string\"}}],\"inLanguage\":\"fi\"}]}<\/script>\n<!-- \/ Yoast SEO Premium plugin. -->","yoast_head_json":{"title":"rescueME MOB2 - Ocean Signal rescueME MOB2 AIS Class M Ocean Signal","description":"Ocean Signal rescueME MOB2 AIS Man Overboard Beacon on paras ratkaisu meriturvallisuuteen, ja se on erityisesti suunniteltu auttamaan h\u00e4t\u00e4tilanteissa.","robots":{"index":"index","follow":"follow","max-snippet":"max-snippet:-1","max-image-preview":"max-image-preview:large","max-video-preview":"max-video-preview:-1"},"canonical":"https:\/\/oceansignal.com\/fi\/products\/pelasta-me-mob2\/","og_locale":"fi_FI","og_type":"article","og_title":"rescueME MOB2","og_description":"Ocean Signal rescueME MOB2 AIS Man Overboard Beacon on paras ratkaisu meriturvallisuuteen, ja se on erityisesti suunniteltu auttamaan h\u00e4t\u00e4tilanteissa.","og_url":"https:\/\/oceansignal.com\/fi\/products\/pelasta-me-mob2\/","og_site_name":"Ocean Signal","article_modified_time":"2025-11-12T09:05:54+00:00","og_image":[{"width":900,"height":807,"url":"https:\/\/oceansignal.com\/wp-content\/uploads\/2024\/07\/MOB2-22-07-24-A_Web.png","type":"image\/png"}],"twitter_card":"summary_large_image","twitter_misc":{"Arvioitu lukuaika":"4 minuuttia"},"schema":{"@context":"https:\/\/schema.org","@graph":[{"@type":"WebPage","@id":"https:\/\/oceansignal.com\/fi\/products\/pelasta-me-mob2\/","url":"https:\/\/oceansignal.com\/fi\/products\/pelasta-me-mob2\/","name":"rescueME MOB2 - Ocean Signal rescueME MOB2 AIS Class M Ocean Signal","isPartOf":{"@id":"https:\/\/oceansignal.com\/fi\/#website"},"primaryImageOfPage":{"@id":"https:\/\/oceansignal.com\/fi\/products\/pelasta-me-mob2\/#primaryimage"},"image":{"@id":"https:\/\/oceansignal.com\/fi\/products\/pelasta-me-mob2\/#primaryimage"},"thumbnailUrl":"https:\/\/oceansignal.com\/wp-content\/uploads\/2024\/07\/MOB2-22-07-24-A_Web.png","datePublished":"2024-07-22T13:30:33+00:00","dateModified":"2025-11-12T09:05:54+00:00","description":"Ocean Signal rescueME MOB2 AIS Man Overboard Beacon on paras ratkaisu meriturvallisuuteen, ja se on erityisesti suunniteltu auttamaan h\u00e4t\u00e4tilanteissa.","breadcrumb":{"@id":"https:\/\/oceansignal.com\/fi\/products\/pelasta-me-mob2\/#breadcrumb"},"inLanguage":"fi","potentialAction":[{"@type":"ReadAction","target":["https:\/\/oceansignal.com\/fi\/products\/pelasta-me-mob2\/"]}]},{"@type":"ImageObject","inLanguage":"fi","@id":"https:\/\/oceansignal.com\/fi\/products\/pelasta-me-mob2\/#primaryimage","url":"https:\/\/oceansignal.com\/wp-content\/uploads\/2024\/07\/MOB2-22-07-24-A_Web.png","contentUrl":"https:\/\/oceansignal.com\/wp-content\/uploads\/2024\/07\/MOB2-22-07-24-A_Web.png","width":900,"height":807,"caption":"Ocean Signal rescueME MOB2 AIS Personal Locator Device Class M Hyv\u00e4ksytty"},{"@type":"BreadcrumbList","@id":"https:\/\/oceansignal.com\/fi\/products\/pelasta-me-mob2\/#breadcrumb","itemListElement":[{"@type":"ListItem","position":1,"name":"Shop","item":"https:\/\/oceansignal.com\/fi\/shop\/"},{"@type":"ListItem","position":2,"name":"rescueME MOB2"}]},{"@type":"WebSite","@id":"https:\/\/oceansignal.com\/fi\/#website","url":"https:\/\/oceansignal.com\/fi\/","name":"Ocean Signal","description":"A leading manufacturer of EPIRBs, AIS, SARTs, Personal Locator Beacons, Man Overboard Beacon for the Marine and Outdoor Markets.","potentialAction":[{"@type":"SearchAction","target":{"@type":"EntryPoint","urlTemplate":"https:\/\/oceansignal.com\/fi\/?s={search_term_string}"},"query-input":{"@type":"PropertyValueSpecification","valueRequired":true,"valueName":"search_term_string"}}],"inLanguage":"fi"}]}},"_links":{"self":[{"href":"https:\/\/oceansignal.com\/fi\/wp-json\/wp\/v2\/product\/12834","targetHints":{"allow":["GET"]}}],"collection":[{"href":"https:\/\/oceansignal.com\/fi\/wp-json\/wp\/v2\/product"}],"about":[{"href":"https:\/\/oceansignal.com\/fi\/wp-json\/wp\/v2\/types\/product"}],"wp:featuredmedia":[{"embeddable":true,"href":"https:\/\/oceansignal.com\/fi\/wp-json\/wp\/v2\/media\/23811"}],"wp:attachment":[{"href":"https:\/\/oceansignal.com\/fi\/wp-json\/wp\/v2\/media?parent=12834"}],"wp:term":[{"taxonomy":"product_brand","embeddable":true,"href":"https:\/\/oceansignal.com\/fi\/wp-json\/wp\/v2\/product_brand?post=12834"},{"taxonomy":"product_cat","embeddable":true,"href":"https:\/\/oceansignal.com\/fi\/wp-json\/wp\/v2\/product_cat?post=12834"},{"taxonomy":"product_tag","embeddable":true,"href":"https:\/\/oceansignal.com\/fi\/wp-json\/wp\/v2\/product_tag?post=12834"}],"curies":[{"name":"wp","href":"https:\/\/api.w.org\/{rel}","templated":true}]}}