{"id":12837,"date":"2024-03-15T17:33:28","date_gmt":"2024-03-15T17:33:28","guid":{"rendered":"https:\/\/oceansignal.com\/products\/ocean-signal-hr1e-replacement-hydrostatic-release-unit\/"},"modified":"2025-07-08T09:36:27","modified_gmt":"2025-07-08T09:36:27","slug":"ocean-signal-hr1e-replacement-hydrostatic-release-unit","status":"publish","type":"product","link":"https:\/\/oceansignal.com\/fi\/products\/ocean-signal-hr1e-replacement-hydrostatic-release-unit\/","title":{"rendered":"Ocean Signal HR1E Replacement Hydrostatic Release Unit"},"content":{"rendered":"<p id=\"title\" class=\"a-size-large a-spacing-none\"><span id=\"productTitle\" class=\"a-size-large product-title-word-break\">Ocean Signal HR1E Replacement Hydrostatic Release Unit (HRU) Float Free EPIRB kiinnikkeet<\/span> .<\/p>\n<p class=\"a-size-large a-spacing-none\">T\u00e4m\u00e4 laite on suunniteltu vapauttamaan automaattisesti Ocean Signal h\u00e4t\u00e4asennon osoittava radiomajakka ( EPIRB ) kelluvasta (luokka 1) -kiinnitystelineest\u00e4\u00e4n upottaessaan veteen. T\u00e4m\u00e4 laite varmistaa h\u00e4t\u00e4signaalien nopean aktivoinnin h\u00e4t\u00e4tilanteissa.<\/p>\n<p>N\u00e4in se toimii: HR1E on varustettu hydrostaattisella mekanismilla, joka reagoi vedenpaineeseen. Kun se upotetaan tiettyyn syvyyteen, tyypillisesti noin 1,5\u20134 metriin, hydrostaattinen paine laukaisee vapautusmekanismin, jolloin EPIRB voi kellua vapaana kiinnityskannattimestaan. Kun EPIRB on vapautettu, se alkaa l\u00e4hett\u00e4\u00e4 h\u00e4t\u00e4signaaliaan, jonka l\u00e4heiset etsint\u00e4- ja pelastusviranomaiset poimivat, jotta he voivat nopeasti paikantaa ja auttaa apua tarvitsevia.  <\/p>\n<p>HR1E on suunniteltu tarkasti ja luotettavasti ja valmistettu Isossa-Britanniassa, mik\u00e4 varmistaa, ett\u00e4 se toimii tehokkaasti my\u00f6s haastavimmissa meriolosuhteissa. Aktivoimalla EPIRB automaattisesti upotuksen yhteydess\u00e4, HR1E parantaa merkitt\u00e4v\u00e4sti mahdollisuuksia reagoida nopeasti h\u00e4t\u00e4tilanteisiin ja s\u00e4\u00e4st\u00e4\u00e4 lopulta ihmishenki\u00e4 merell\u00e4. <\/p>\n<p>Luokan 1 kelluvat vapaat kiinnikkeet on vaihdettava <strong>2 vuoden v\u00e4lein.<\/strong><\/p>\n<ul class=\"a-unordered-list a-vertical a-spacing-mini\">\n<li class=\"a-spacing-mini\"><span class=\"a-list-item\">Suora vaihto kaikille Ocean Signal <a href=\"https:\/\/www.cospas-sarsat.int\/en\/\">EPIRB<\/a> -automaattisesti vapautuville koteloille (luokan 1 kelluvat vapaat kiinnikkeet)<\/span><\/li>\n<li class=\"a-spacing-mini\"><span class=\"a-list-item\">Sis\u00e4lt\u00e4\u00e4 HR1E HRU:n, ohjeet ja vaihtolaitteiston<\/span><\/li>\n<li class=\"a-spacing-mini\"><span class=\"a-list-item\">Ylpe\u00e4sti suunniteltu ja valmistettu Isossa-Britanniassa<\/span><\/li>\n<li class=\"a-spacing-mini\"><span class=\"a-list-item\">Asennus on nopeaa ja helppoa<\/span><\/li>\n<\/ul>\n<p>Yhteensopiva seuraavien Kategoria 1 Float Free EPIRB:ien kanssa<\/p>\n<ul>\n<li><a href=\"https:\/\/oceansignal.com\/fi\/products\/turvallinensea-e100-e100g\/\">SafeSea E100<\/a><\/li>\n<li><a href=\"https:\/\/oceansignal.com\/fi\/products\/turvallinensea-e100-e100g\/\">SafeSea E100G<\/a><\/li>\n<li><a href=\"https:\/\/oceansignal.com\/fi\/products\/pelastusme-epirb1-pro\/\">rescueME EPIRB1 Pro (aiemmin SafeSea EPIRB1 Pro )<\/a><\/li>\n<li><a href=\"https:\/\/oceansignal.com\/fi\/products\/pelastusme-epirb2-pro\/\">rescueME EPIRB2 Pro<\/a><\/li>\n<li><a href=\"https:\/\/oceansignal.com\/fi\/products\/safesea-epirb3-pro\/\">SafeSea EPIRB3 Pro<\/a><\/li>\n<li><a href=\"https:\/\/oceansignal.com\/fi\/products\/e101v-2\/\">SafeSea E101V VDR<\/a><\/li>\n<\/ul>\n","protected":false},"excerpt":{"rendered":"<p>Esittelyss\u00e4 SafeSea HR1E Hydrostaattinen vapautusyksikk\u00f6 Ocean Signal EPIRB:ille \u2013 v\u00e4ltt\u00e4m\u00e4t\u00f6n suojasi merih\u00e4t\u00e4tilanteissa. T\u00e4m\u00e4 laite on suunniteltu vapauttamaan h\u00e4t\u00e4asennon osoittavan radiomajakan ( EPIRB ) automaattisesti kiinnityskannattimestaan, kun se upotetaan veteen, ja se varmistaa h\u00e4t\u00e4signaalien nopean aktivoitumisen, kun jokainen sekunti on t\u00e4rke\u00e4. Tarkkaan ja luotettavasti suunniteltu HR1E tarjoaa mielenrauhaa merimiehille ja merenkulkijoille, mik\u00e4 parantaa mahdollisuuksia reagoida nopeasti kriittisiss\u00e4 tilanteissa. \u00c4l\u00e4 tingi turvallisuudesta \u2013 varusta aluksesi Ocean Signal SafeSea HR1E -hydrostaattisella vapautusyksik\u00f6ll\u00e4 EPIRB:ille ja purjehdi luottavaisin mielin tiet\u00e4en, ett\u00e4 apu on vain signaalin p\u00e4\u00e4ss\u00e4, kun sit\u00e4 eniten tarvitset.   <\/p>\n<p><a href=\"https:\/\/www.dropbox.com\/s\/fk04stqsp2hgk5f\/Prop%2065%20-%20DEHP.pdf?dl=0\">VAROITUS: PROP 65<\/a><\/p>\n","protected":false},"featured_media":22876,"template":"","meta":{"_acf_changed":false,"om_disable_all_campaigns":false},"product_brand":[],"product_cat":[723,604],"product_tag":[],"class_list":{"0":"post-12837","1":"product","2":"type-product","3":"status-publish","4":"has-post-thumbnail","6":"product_cat-epirb-fi","7":"product_cat-safesea-fi","9":"first","10":"instock","11":"taxable","12":"shipping-taxable","13":"purchasable","14":"product-type-simple"},"acf":[],"yoast_head":"<!-- This site is optimized with the Yoast SEO Premium plugin v25.2 (Yoast SEO v26.4) - https:\/\/yoast.com\/wordpress\/plugins\/seo\/ -->\n<title>Ocean Signal HR1E Replacement Hydrostatic Release Unit - Ocean Signal<\/title>\n<meta name=\"description\" content=\"Korvaava Ocean Signal SafeSea HR1E -hydrostaattinen vapautusyksikk\u00f6 tai HRU SafeSea ja rescueME -EPIRB:ille. Osta EPIRB HRU -vaihtolaite jo t\u00e4n\u00e4\u00e4n.\" \/>\n<meta name=\"robots\" content=\"index, follow, max-snippet:-1, max-image-preview:large, max-video-preview:-1\" \/>\n<link rel=\"canonical\" href=\"https:\/\/oceansignal.com\/fi\/products\/ocean-signal-hr1e-replacement-hydrostatic-release-unit\/\" \/>\n<meta property=\"og:locale\" content=\"fi_FI\" \/>\n<meta property=\"og:type\" content=\"article\" \/>\n<meta property=\"og:title\" content=\"Ocean Signal HR1E Replacement Hydrostatic Release Unit\" \/>\n<meta property=\"og:description\" content=\"Korvaava Ocean Signal SafeSea HR1E -hydrostaattinen vapautusyksikk\u00f6 tai HRU SafeSea ja rescueME -EPIRB:ille. Osta EPIRB HRU -vaihtolaite jo t\u00e4n\u00e4\u00e4n.\" \/>\n<meta property=\"og:url\" content=\"https:\/\/oceansignal.com\/fi\/products\/ocean-signal-hr1e-replacement-hydrostatic-release-unit\/\" \/>\n<meta property=\"og:site_name\" content=\"Ocean Signal\" \/>\n<meta property=\"article:modified_time\" content=\"2025-07-08T09:36:27+00:00\" \/>\n<meta property=\"og:image\" content=\"https:\/\/oceansignal.com\/wp-content\/uploads\/2024\/03\/HR1E_Front-1024x1024.png\" \/>\n\t<meta property=\"og:image:width\" content=\"1024\" \/>\n\t<meta property=\"og:image:height\" content=\"1024\" \/>\n\t<meta property=\"og:image:type\" content=\"image\/png\" \/>\n<meta name=\"twitter:card\" content=\"summary_large_image\" \/>\n<meta name=\"twitter:label1\" content=\"Arvioitu lukuaika\" \/>\n\t<meta name=\"twitter:data1\" content=\"1 minuutti\" \/>\n<script type=\"application\/ld+json\" class=\"yoast-schema-graph\">{\"@context\":\"https:\/\/schema.org\",\"@graph\":[{\"@type\":\"WebPage\",\"@id\":\"https:\/\/oceansignal.com\/fi\/products\/ocean-signal-hr1e-replacement-hydrostatic-release-unit\/\",\"url\":\"https:\/\/oceansignal.com\/fi\/products\/ocean-signal-hr1e-replacement-hydrostatic-release-unit\/\",\"name\":\"Ocean Signal HR1E Replacement Hydrostatic Release Unit - Ocean Signal\",\"isPartOf\":{\"@id\":\"https:\/\/oceansignal.com\/fi\/#website\"},\"primaryImageOfPage\":{\"@id\":\"https:\/\/oceansignal.com\/fi\/products\/ocean-signal-hr1e-replacement-hydrostatic-release-unit\/#primaryimage\"},\"image\":{\"@id\":\"https:\/\/oceansignal.com\/fi\/products\/ocean-signal-hr1e-replacement-hydrostatic-release-unit\/#primaryimage\"},\"thumbnailUrl\":\"https:\/\/oceansignal.com\/wp-content\/uploads\/2024\/03\/HR1E_Front.png\",\"datePublished\":\"2024-03-15T17:33:28+00:00\",\"dateModified\":\"2025-07-08T09:36:27+00:00\",\"description\":\"Korvaava Ocean Signal SafeSea HR1E -hydrostaattinen vapautusyksikk\u00f6 tai HRU SafeSea ja rescueME -EPIRB:ille. Osta EPIRB HRU -vaihtolaite jo t\u00e4n\u00e4\u00e4n.\",\"breadcrumb\":{\"@id\":\"https:\/\/oceansignal.com\/fi\/products\/ocean-signal-hr1e-replacement-hydrostatic-release-unit\/#breadcrumb\"},\"inLanguage\":\"fi\",\"potentialAction\":[{\"@type\":\"ReadAction\",\"target\":[\"https:\/\/oceansignal.com\/fi\/products\/ocean-signal-hr1e-replacement-hydrostatic-release-unit\/\"]}]},{\"@type\":\"ImageObject\",\"inLanguage\":\"fi\",\"@id\":\"https:\/\/oceansignal.com\/fi\/products\/ocean-signal-hr1e-replacement-hydrostatic-release-unit\/#primaryimage\",\"url\":\"https:\/\/oceansignal.com\/wp-content\/uploads\/2024\/03\/HR1E_Front.png\",\"contentUrl\":\"https:\/\/oceansignal.com\/wp-content\/uploads\/2024\/03\/HR1E_Front.png\",\"width\":2147,\"height\":2147,\"caption\":\"Ocean Signal SafeSea HR1E Hydrostaattinen vapautusyksikk\u00f6 - olennainen merenkulun turvavarustus pelastuslauttojen automaattiseen aktivointiin\"},{\"@type\":\"BreadcrumbList\",\"@id\":\"https:\/\/oceansignal.com\/fi\/products\/ocean-signal-hr1e-replacement-hydrostatic-release-unit\/#breadcrumb\",\"itemListElement\":[{\"@type\":\"ListItem\",\"position\":1,\"name\":\"Shop\",\"item\":\"https:\/\/oceansignal.com\/fi\/shop\/\"},{\"@type\":\"ListItem\",\"position\":2,\"name\":\"Ocean Signal HR1E Replacement Hydrostatic Release Unit\"}]},{\"@type\":\"WebSite\",\"@id\":\"https:\/\/oceansignal.com\/fi\/#website\",\"url\":\"https:\/\/oceansignal.com\/fi\/\",\"name\":\"Ocean Signal\",\"description\":\"A leading manufacturer of EPIRBs, AIS, SARTs, Personal Locator Beacons, Man Overboard Beacon for the Marine and Outdoor Markets.\",\"potentialAction\":[{\"@type\":\"SearchAction\",\"target\":{\"@type\":\"EntryPoint\",\"urlTemplate\":\"https:\/\/oceansignal.com\/fi\/?s={search_term_string}\"},\"query-input\":{\"@type\":\"PropertyValueSpecification\",\"valueRequired\":true,\"valueName\":\"search_term_string\"}}],\"inLanguage\":\"fi\"}]}<\/script>\n<!-- \/ Yoast SEO Premium plugin. -->","yoast_head_json":{"title":"Ocean Signal HR1E Replacement Hydrostatic Release Unit - Ocean Signal","description":"Korvaava Ocean Signal SafeSea HR1E -hydrostaattinen vapautusyksikk\u00f6 tai HRU SafeSea ja rescueME -EPIRB:ille. Osta EPIRB HRU -vaihtolaite jo t\u00e4n\u00e4\u00e4n.","robots":{"index":"index","follow":"follow","max-snippet":"max-snippet:-1","max-image-preview":"max-image-preview:large","max-video-preview":"max-video-preview:-1"},"canonical":"https:\/\/oceansignal.com\/fi\/products\/ocean-signal-hr1e-replacement-hydrostatic-release-unit\/","og_locale":"fi_FI","og_type":"article","og_title":"Ocean Signal HR1E Replacement Hydrostatic Release Unit","og_description":"Korvaava Ocean Signal SafeSea HR1E -hydrostaattinen vapautusyksikk\u00f6 tai HRU SafeSea ja rescueME -EPIRB:ille. Osta EPIRB HRU -vaihtolaite jo t\u00e4n\u00e4\u00e4n.","og_url":"https:\/\/oceansignal.com\/fi\/products\/ocean-signal-hr1e-replacement-hydrostatic-release-unit\/","og_site_name":"Ocean Signal","article_modified_time":"2025-07-08T09:36:27+00:00","og_image":[{"width":1024,"height":1024,"url":"https:\/\/oceansignal.com\/wp-content\/uploads\/2024\/03\/HR1E_Front-1024x1024.png","type":"image\/png"}],"twitter_card":"summary_large_image","twitter_misc":{"Arvioitu lukuaika":"1 minuutti"},"schema":{"@context":"https:\/\/schema.org","@graph":[{"@type":"WebPage","@id":"https:\/\/oceansignal.com\/fi\/products\/ocean-signal-hr1e-replacement-hydrostatic-release-unit\/","url":"https:\/\/oceansignal.com\/fi\/products\/ocean-signal-hr1e-replacement-hydrostatic-release-unit\/","name":"Ocean Signal HR1E Replacement Hydrostatic Release Unit - Ocean Signal","isPartOf":{"@id":"https:\/\/oceansignal.com\/fi\/#website"},"primaryImageOfPage":{"@id":"https:\/\/oceansignal.com\/fi\/products\/ocean-signal-hr1e-replacement-hydrostatic-release-unit\/#primaryimage"},"image":{"@id":"https:\/\/oceansignal.com\/fi\/products\/ocean-signal-hr1e-replacement-hydrostatic-release-unit\/#primaryimage"},"thumbnailUrl":"https:\/\/oceansignal.com\/wp-content\/uploads\/2024\/03\/HR1E_Front.png","datePublished":"2024-03-15T17:33:28+00:00","dateModified":"2025-07-08T09:36:27+00:00","description":"Korvaava Ocean Signal SafeSea HR1E -hydrostaattinen vapautusyksikk\u00f6 tai HRU SafeSea ja rescueME -EPIRB:ille. Osta EPIRB HRU -vaihtolaite jo t\u00e4n\u00e4\u00e4n.","breadcrumb":{"@id":"https:\/\/oceansignal.com\/fi\/products\/ocean-signal-hr1e-replacement-hydrostatic-release-unit\/#breadcrumb"},"inLanguage":"fi","potentialAction":[{"@type":"ReadAction","target":["https:\/\/oceansignal.com\/fi\/products\/ocean-signal-hr1e-replacement-hydrostatic-release-unit\/"]}]},{"@type":"ImageObject","inLanguage":"fi","@id":"https:\/\/oceansignal.com\/fi\/products\/ocean-signal-hr1e-replacement-hydrostatic-release-unit\/#primaryimage","url":"https:\/\/oceansignal.com\/wp-content\/uploads\/2024\/03\/HR1E_Front.png","contentUrl":"https:\/\/oceansignal.com\/wp-content\/uploads\/2024\/03\/HR1E_Front.png","width":2147,"height":2147,"caption":"Ocean Signal SafeSea HR1E Hydrostaattinen vapautusyksikk\u00f6 - olennainen merenkulun turvavarustus pelastuslauttojen automaattiseen aktivointiin"},{"@type":"BreadcrumbList","@id":"https:\/\/oceansignal.com\/fi\/products\/ocean-signal-hr1e-replacement-hydrostatic-release-unit\/#breadcrumb","itemListElement":[{"@type":"ListItem","position":1,"name":"Shop","item":"https:\/\/oceansignal.com\/fi\/shop\/"},{"@type":"ListItem","position":2,"name":"Ocean Signal HR1E Replacement Hydrostatic Release Unit"}]},{"@type":"WebSite","@id":"https:\/\/oceansignal.com\/fi\/#website","url":"https:\/\/oceansignal.com\/fi\/","name":"Ocean Signal","description":"A leading manufacturer of EPIRBs, AIS, SARTs, Personal Locator Beacons, Man Overboard Beacon for the Marine and Outdoor Markets.","potentialAction":[{"@type":"SearchAction","target":{"@type":"EntryPoint","urlTemplate":"https:\/\/oceansignal.com\/fi\/?s={search_term_string}"},"query-input":{"@type":"PropertyValueSpecification","valueRequired":true,"valueName":"search_term_string"}}],"inLanguage":"fi"}]}},"_links":{"self":[{"href":"https:\/\/oceansignal.com\/fi\/wp-json\/wp\/v2\/product\/12837","targetHints":{"allow":["GET"]}}],"collection":[{"href":"https:\/\/oceansignal.com\/fi\/wp-json\/wp\/v2\/product"}],"about":[{"href":"https:\/\/oceansignal.com\/fi\/wp-json\/wp\/v2\/types\/product"}],"wp:featuredmedia":[{"embeddable":true,"href":"https:\/\/oceansignal.com\/fi\/wp-json\/wp\/v2\/media\/22876"}],"wp:attachment":[{"href":"https:\/\/oceansignal.com\/fi\/wp-json\/wp\/v2\/media?parent=12837"}],"wp:term":[{"taxonomy":"product_brand","embeddable":true,"href":"https:\/\/oceansignal.com\/fi\/wp-json\/wp\/v2\/product_brand?post=12837"},{"taxonomy":"product_cat","embeddable":true,"href":"https:\/\/oceansignal.com\/fi\/wp-json\/wp\/v2\/product_cat?post=12837"},{"taxonomy":"product_tag","embeddable":true,"href":"https:\/\/oceansignal.com\/fi\/wp-json\/wp\/v2\/product_tag?post=12837"}],"curies":[{"name":"wp","href":"https:\/\/api.w.org\/{rel}","templated":true}]}}