{"id":12841,"date":"2023-09-08T13:57:50","date_gmt":"2023-09-08T13:57:50","guid":{"rendered":"https:\/\/oceansignal.com\/products\/turvallinensea-e100-e100g\/"},"modified":"2026-01-21T20:26:48","modified_gmt":"2026-01-21T20:26:48","slug":"turvallinensea-e100-e100g","status":"publish","type":"product","link":"https:\/\/oceansignal.com\/fi\/products\/turvallinensea-e100-e100g\/","title":{"rendered":"safeSEA E100\/E100G"},"content":{"rendered":"<p>SafeSEA-EPIRBit toimivat kansainv\u00e4lisen satelliittioperaattorin Cospas-Sarsatin valvomalla 406 MHz:n satelliittikaistalla, mik\u00e4 varmistaa signaalin paikantamisen miss\u00e4 tahansa p\u00e4in maailmaa se aktivoidaankin. SafeSEA-EPIRBit on varustettu my\u00f6s 121,5 MHz:n itseohjautuvalla majakalla ja kirkkaalla LED-vilkulla nopeaa paikannusta varten. <\/p>\n<p>&nbsp;<\/p>\n<p>SafeSEA E100G EPIRBiss\u00e4 on sis\u00e4\u00e4nrakennettu GPS, joka l\u00e4hett\u00e4\u00e4 eritt\u00e4in tarkan sijainnin ja lyhent\u00e4\u00e4 etsint\u00e4aikaa huomattavasti.<\/p>\n<p>&nbsp;<\/p>\n<p>Koska safeSEA EPIRBin akun k\u00e4ytt\u00f6ik\u00e4 on alan pisin, Ocean Signal EPIRB pit\u00e4\u00e4 pelastuspalvelut ajan tasalla sijainnistasi pidemp\u00e4\u00e4n.<\/p>\n<p>&nbsp;<\/p>\n<p><strong>Ominaisuudet:<\/strong><\/p>\n<p>&nbsp;<\/p>\n<ul>\n<li>GPS- ja ei-GPS-mallien valikoima\n<ul>\n<li>E100G EPIRB sis\u00e4lt\u00e4\u00e4 huippuluokan 50-kanavaisen GPS-vastaanottimen nopeaa ja tarkkaa paikannusta varten.<\/li>\n<\/ul>\n<\/li>\n<li>Manuaalinen kiinnike, manuaalinen vapautuskotelo ja kelluva kotelovaihtoehdot<\/li>\n<li>\u00c4\u00e4rimm\u00e4inen akunkesto my\u00f6s alhaisissa l\u00e4mp\u00f6tiloissa\n<ul>\n<li>Yli 96 tunnin k\u00e4ytt\u00f6ik\u00e4<\/li>\n<\/ul>\n<\/li>\n<li>K\u00e4ytt\u00e4j\u00e4n vaihdettavissa olevat paristot, joiden vaihtov\u00e4li on viisi vuotta<\/li>\n<li>Intuitiiviset k\u00e4ytt\u00f6s\u00e4\u00e4timet suojattu vahingossa tapahtuvalta aktivoinnilta<\/li>\n<li>T\u00e4ytt\u00e4\u00e4 tai ylitt\u00e4\u00e4 kaikki kansainv\u00e4liset standardit<\/li>\n<li>Luokan 2 EPIRB (-20 \u00b0C \u2013 +55 \u00b0C) yleisk\u00e4ytt\u00f6\u00f6n<\/li>\n<li>Vaaraton akku<\/li>\n<\/ul>\n<p>&nbsp;<\/p>\n<p><strong>T\u00e4rke\u00e4\u00e4:<\/strong> Lue t\u00e4m\u00e4 <a href=\"http:\/\/oceansignal.com\/wp-content\/uploads\/2023\/09\/Service-Information-Letter-Ocean-Signal-E100-Self-Test-and-exchange.pdf\">huoltotiedote<\/a> , jossa neuvotaan suorittamaan safeSEA EPIRB -laitteen itsetestaus.<\/p>\n<p>&nbsp;<\/p>\n<p><strong>T\u00e4rke\u00e4\u00e4:<\/strong> Veuillez lire svp ce <a href=\"http:\/\/oceansignal.com\/wp-content\/uploads\/2023\/09\/Bulletin-Technique-DInformation-Auto-Test-EPIRB-Ocean-Signal-E100-June.pdf\">bulletin d&#8217;information<\/a> qui recommande de faire ja automaattinen testi Ocean Signal E100\/E100G de la gamme safeSEA.<\/p>\n","protected":false},"excerpt":{"rendered":"<p>SafeSEA E100- ja E100G-EPIRBit on suunniteltu ja valmistettu vastaamaan kaikkien kaupallisten, kalastus- ja avomerialusten tarpeisiin.<\/p>\n<p> <strong>safeSEA E100- ja E100G-s\u00e4hk\u00f6pistokeilmaisimet poistetaan valikoimasta<\/strong><\/p>\n","protected":false},"featured_media":20805,"template":"","meta":{"_acf_changed":false,"om_disable_all_campaigns":false},"product_brand":[],"product_cat":[1210],"product_tag":[],"class_list":{"0":"post-12841","1":"product","2":"type-product","3":"status-publish","4":"has-post-thumbnail","6":"product_cat-lopetettu","8":"first","9":"outofstock","10":"taxable","11":"shipping-taxable","12":"product-type-simple"},"acf":[],"yoast_head":"<!-- This site is optimized with the Yoast SEO Premium plugin v25.2 (Yoast SEO v26.4) - https:\/\/yoast.com\/wordpress\/plugins\/seo\/ -->\n<title>safeSEA E100\/E100G - Ocean Signal<\/title>\n<meta name=\"description\" content=\"Ocean Signal E100 EPIRB: Olennainen meriturvallisuuden kannalta. V\u00e4lit\u00f6n h\u00e4t\u00e4signaali nopeaan reagointiin. Parantaa turvallisuutta aluksella.\" \/>\n<meta name=\"robots\" content=\"index, follow, max-snippet:-1, max-image-preview:large, max-video-preview:-1\" \/>\n<link rel=\"canonical\" href=\"https:\/\/oceansignal.com\/fi\/products\/turvallinensea-e100-e100g\/\" \/>\n<meta property=\"og:locale\" content=\"fi_FI\" \/>\n<meta property=\"og:type\" content=\"article\" \/>\n<meta property=\"og:title\" content=\"safeSEA E100\/E100G\" \/>\n<meta property=\"og:description\" content=\"Ocean Signal E100 EPIRB: Olennainen meriturvallisuuden kannalta. V\u00e4lit\u00f6n h\u00e4t\u00e4signaali nopeaan reagointiin. Parantaa turvallisuutta aluksella.\" \/>\n<meta property=\"og:url\" content=\"https:\/\/oceansignal.com\/fi\/products\/turvallinensea-e100-e100g\/\" \/>\n<meta property=\"og:site_name\" content=\"Ocean Signal\" \/>\n<meta property=\"article:modified_time\" content=\"2026-01-21T20:26:48+00:00\" \/>\n<meta property=\"og:image\" content=\"https:\/\/oceansignal.com\/wp-content\/uploads\/2023\/09\/OSL-E100-360_600x600.gif\" \/>\n\t<meta property=\"og:image:width\" content=\"600\" \/>\n\t<meta property=\"og:image:height\" content=\"600\" \/>\n\t<meta property=\"og:image:type\" content=\"image\/gif\" \/>\n<meta name=\"twitter:card\" content=\"summary_large_image\" \/>\n<meta name=\"twitter:label1\" content=\"Arvioitu lukuaika\" \/>\n\t<meta name=\"twitter:data1\" content=\"1 minuutti\" \/>\n<script type=\"application\/ld+json\" class=\"yoast-schema-graph\">{\"@context\":\"https:\/\/schema.org\",\"@graph\":[{\"@type\":\"WebPage\",\"@id\":\"https:\/\/oceansignal.com\/fi\/products\/turvallinensea-e100-e100g\/\",\"url\":\"https:\/\/oceansignal.com\/fi\/products\/turvallinensea-e100-e100g\/\",\"name\":\"safeSEA E100\/E100G - Ocean Signal\",\"isPartOf\":{\"@id\":\"https:\/\/oceansignal.com\/fi\/#website\"},\"primaryImageOfPage\":{\"@id\":\"https:\/\/oceansignal.com\/fi\/products\/turvallinensea-e100-e100g\/#primaryimage\"},\"image\":{\"@id\":\"https:\/\/oceansignal.com\/fi\/products\/turvallinensea-e100-e100g\/#primaryimage\"},\"thumbnailUrl\":\"https:\/\/oceansignal.com\/wp-content\/uploads\/2023\/09\/OSL-E100-360_600x600.gif\",\"datePublished\":\"2023-09-08T13:57:50+00:00\",\"dateModified\":\"2026-01-21T20:26:48+00:00\",\"description\":\"Ocean Signal E100 EPIRB: Olennainen meriturvallisuuden kannalta. V\u00e4lit\u00f6n h\u00e4t\u00e4signaali nopeaan reagointiin. Parantaa turvallisuutta aluksella.\",\"breadcrumb\":{\"@id\":\"https:\/\/oceansignal.com\/fi\/products\/turvallinensea-e100-e100g\/#breadcrumb\"},\"inLanguage\":\"fi\",\"potentialAction\":[{\"@type\":\"ReadAction\",\"target\":[\"https:\/\/oceansignal.com\/fi\/products\/turvallinensea-e100-e100g\/\"]}]},{\"@type\":\"ImageObject\",\"inLanguage\":\"fi\",\"@id\":\"https:\/\/oceansignal.com\/fi\/products\/turvallinensea-e100-e100g\/#primaryimage\",\"url\":\"https:\/\/oceansignal.com\/wp-content\/uploads\/2023\/09\/OSL-E100-360_600x600.gif\",\"contentUrl\":\"https:\/\/oceansignal.com\/wp-content\/uploads\/2023\/09\/OSL-E100-360_600x600.gif\",\"width\":600,\"height\":600},{\"@type\":\"BreadcrumbList\",\"@id\":\"https:\/\/oceansignal.com\/fi\/products\/turvallinensea-e100-e100g\/#breadcrumb\",\"itemListElement\":[{\"@type\":\"ListItem\",\"position\":1,\"name\":\"Shop\",\"item\":\"https:\/\/oceansignal.com\/fi\/shop\/\"},{\"@type\":\"ListItem\",\"position\":2,\"name\":\"safeSEA E100\/E100G\"}]},{\"@type\":\"WebSite\",\"@id\":\"https:\/\/oceansignal.com\/fi\/#website\",\"url\":\"https:\/\/oceansignal.com\/fi\/\",\"name\":\"Ocean Signal\",\"description\":\"A leading manufacturer of EPIRBs, AIS, SARTs, Personal Locator Beacons, Man Overboard Beacon for the Marine and Outdoor Markets.\",\"potentialAction\":[{\"@type\":\"SearchAction\",\"target\":{\"@type\":\"EntryPoint\",\"urlTemplate\":\"https:\/\/oceansignal.com\/fi\/?s={search_term_string}\"},\"query-input\":{\"@type\":\"PropertyValueSpecification\",\"valueRequired\":true,\"valueName\":\"search_term_string\"}}],\"inLanguage\":\"fi\"}]}<\/script>\n<!-- \/ Yoast SEO Premium plugin. -->","yoast_head_json":{"title":"safeSEA E100\/E100G - Ocean Signal","description":"Ocean Signal E100 EPIRB: Olennainen meriturvallisuuden kannalta. V\u00e4lit\u00f6n h\u00e4t\u00e4signaali nopeaan reagointiin. Parantaa turvallisuutta aluksella.","robots":{"index":"index","follow":"follow","max-snippet":"max-snippet:-1","max-image-preview":"max-image-preview:large","max-video-preview":"max-video-preview:-1"},"canonical":"https:\/\/oceansignal.com\/fi\/products\/turvallinensea-e100-e100g\/","og_locale":"fi_FI","og_type":"article","og_title":"safeSEA E100\/E100G","og_description":"Ocean Signal E100 EPIRB: Olennainen meriturvallisuuden kannalta. V\u00e4lit\u00f6n h\u00e4t\u00e4signaali nopeaan reagointiin. Parantaa turvallisuutta aluksella.","og_url":"https:\/\/oceansignal.com\/fi\/products\/turvallinensea-e100-e100g\/","og_site_name":"Ocean Signal","article_modified_time":"2026-01-21T20:26:48+00:00","og_image":[{"url":"https:\/\/oceansignal.com\/wp-content\/uploads\/2023\/09\/OSL-E100-360_600x600.gif","width":600,"height":600,"type":"image\/gif"}],"twitter_card":"summary_large_image","twitter_misc":{"Arvioitu lukuaika":"1 minuutti"},"schema":{"@context":"https:\/\/schema.org","@graph":[{"@type":"WebPage","@id":"https:\/\/oceansignal.com\/fi\/products\/turvallinensea-e100-e100g\/","url":"https:\/\/oceansignal.com\/fi\/products\/turvallinensea-e100-e100g\/","name":"safeSEA E100\/E100G - Ocean Signal","isPartOf":{"@id":"https:\/\/oceansignal.com\/fi\/#website"},"primaryImageOfPage":{"@id":"https:\/\/oceansignal.com\/fi\/products\/turvallinensea-e100-e100g\/#primaryimage"},"image":{"@id":"https:\/\/oceansignal.com\/fi\/products\/turvallinensea-e100-e100g\/#primaryimage"},"thumbnailUrl":"https:\/\/oceansignal.com\/wp-content\/uploads\/2023\/09\/OSL-E100-360_600x600.gif","datePublished":"2023-09-08T13:57:50+00:00","dateModified":"2026-01-21T20:26:48+00:00","description":"Ocean Signal E100 EPIRB: Olennainen meriturvallisuuden kannalta. V\u00e4lit\u00f6n h\u00e4t\u00e4signaali nopeaan reagointiin. Parantaa turvallisuutta aluksella.","breadcrumb":{"@id":"https:\/\/oceansignal.com\/fi\/products\/turvallinensea-e100-e100g\/#breadcrumb"},"inLanguage":"fi","potentialAction":[{"@type":"ReadAction","target":["https:\/\/oceansignal.com\/fi\/products\/turvallinensea-e100-e100g\/"]}]},{"@type":"ImageObject","inLanguage":"fi","@id":"https:\/\/oceansignal.com\/fi\/products\/turvallinensea-e100-e100g\/#primaryimage","url":"https:\/\/oceansignal.com\/wp-content\/uploads\/2023\/09\/OSL-E100-360_600x600.gif","contentUrl":"https:\/\/oceansignal.com\/wp-content\/uploads\/2023\/09\/OSL-E100-360_600x600.gif","width":600,"height":600},{"@type":"BreadcrumbList","@id":"https:\/\/oceansignal.com\/fi\/products\/turvallinensea-e100-e100g\/#breadcrumb","itemListElement":[{"@type":"ListItem","position":1,"name":"Shop","item":"https:\/\/oceansignal.com\/fi\/shop\/"},{"@type":"ListItem","position":2,"name":"safeSEA E100\/E100G"}]},{"@type":"WebSite","@id":"https:\/\/oceansignal.com\/fi\/#website","url":"https:\/\/oceansignal.com\/fi\/","name":"Ocean Signal","description":"A leading manufacturer of EPIRBs, AIS, SARTs, Personal Locator Beacons, Man Overboard Beacon for the Marine and Outdoor Markets.","potentialAction":[{"@type":"SearchAction","target":{"@type":"EntryPoint","urlTemplate":"https:\/\/oceansignal.com\/fi\/?s={search_term_string}"},"query-input":{"@type":"PropertyValueSpecification","valueRequired":true,"valueName":"search_term_string"}}],"inLanguage":"fi"}]}},"_links":{"self":[{"href":"https:\/\/oceansignal.com\/fi\/wp-json\/wp\/v2\/product\/12841","targetHints":{"allow":["GET"]}}],"collection":[{"href":"https:\/\/oceansignal.com\/fi\/wp-json\/wp\/v2\/product"}],"about":[{"href":"https:\/\/oceansignal.com\/fi\/wp-json\/wp\/v2\/types\/product"}],"wp:featuredmedia":[{"embeddable":true,"href":"https:\/\/oceansignal.com\/fi\/wp-json\/wp\/v2\/media\/20805"}],"wp:attachment":[{"href":"https:\/\/oceansignal.com\/fi\/wp-json\/wp\/v2\/media?parent=12841"}],"wp:term":[{"taxonomy":"product_brand","embeddable":true,"href":"https:\/\/oceansignal.com\/fi\/wp-json\/wp\/v2\/product_brand?post=12841"},{"taxonomy":"product_cat","embeddable":true,"href":"https:\/\/oceansignal.com\/fi\/wp-json\/wp\/v2\/product_cat?post=12841"},{"taxonomy":"product_tag","embeddable":true,"href":"https:\/\/oceansignal.com\/fi\/wp-json\/wp\/v2\/product_tag?post=12841"}],"curies":[{"name":"wp","href":"https:\/\/api.w.org\/{rel}","templated":true}]}}