{"id":12844,"date":"2023-09-08T13:27:28","date_gmt":"2023-09-08T13:27:28","guid":{"rendered":"https:\/\/oceansignal.com\/products\/e101v-2\/"},"modified":"2025-03-06T13:41:03","modified_gmt":"2025-03-06T13:41:03","slug":"e101v-2","status":"publish","type":"product","link":"https:\/\/oceansignal.com\/fi\/products\/e101v-2\/","title":{"rendered":"E101V"},"content":{"rendered":"<div class=\"flex-1 overflow-hidden\">\n<div class=\"react-scroll-to-bottom--css-zrcmn-79elbk h-full\">\n<div class=\"react-scroll-to-bottom--css-zrcmn-1n7m0yu\">\n<div class=\"flex flex-col text-sm pb-9\">\n<div class=\"w-full text-token-text-primary\" data-testid=\"conversation-turn-15\">\n<div class=\"px-4 py-2 justify-center text-base md:gap-6 m-auto\">\n<div class=\"flex flex-1 text-base mx-auto gap-3 md:px-5 lg:px-1 xl:px-5 md:max-w-3xl lg:max-w-[40rem] xl:max-w-[48rem] group final-completion\">\n<div class=\"relative flex w-full flex-col agent-turn\">\n<div class=\"flex-col gap-1 md:gap-3\">\n<div class=\"flex flex-grow flex-col max-w-full\">\n<div class=\"min-h-[20px] text-message flex flex-col items-start gap-3 whitespace-pre-wrap break-words [.text-message+&amp;]:mt-5 overflow-x-auto\" data-message-author-role=\"assistant\" data-message-id=\"4b317025-e2b7-4139-8616-da7404b62033\">\n<div class=\"markdown prose w-full break-words dark:prose-invert light\">\n<p>Esittelyss\u00e4 Ocean Signal E101V Voyage Data Recorder, huippuluokan merenkulun turvallisuusratkaisu, joka on suunniteltu parantamaan alusten valvontaa ja valmiuksia h\u00e4t\u00e4tilanteisiin. T\u00e4m\u00e4 huippuluokan laite toimii luotettavalla 406 MHz <a href=\"https:\/\/www.cospas-sarsat.int\/en\/\">Cospas Sarsat Satellites -satelliiteilla<\/a> varmistaen v\u00e4litt\u00f6m\u00e4n h\u00e4t\u00e4signaalin h\u00e4t\u00e4tilanteessa merell\u00e4. Edistyneen tiedontallennustoiminnon ansiosta E101V mahdollistaa t\u00e4rkeiden matkatietojen kattavan seurannan, mukaan lukien aluksen sijainti, nopeus ja kurssi.  <\/p>\n<\/div>\n<\/div>\n<\/div>\n<\/div>\n<\/div>\n<\/div>\n<\/div>\n<\/div>\n<\/div>\n<\/div>\n<\/div>\n<\/div>\n<p>E101V sis\u00e4lt\u00e4\u00e4 vaaditun 64 Gt:n muistimuodon kompaktissa ja kevyess\u00e4 <a href=\"https:\/\/oceansignal.com\/fi\/products\/safesea-epirb3-pro\/\">EPIRB<\/a> ss\u00e4, joka aktivoituna l\u00e4hett\u00e4\u00e4 jatkuvasti sijaintitietoja yli 168 tunnin ajan.<\/p>\n<p>&nbsp;<\/p>\n<p>Ocean Signal E101V on saatavana OEM-pohjaisesti valituille VDR-valmistajille ja -toimittajille integroitaviksi heid\u00e4n omiin VDR-j\u00e4rjestelmiins\u00e4.<\/p>\n<p>&nbsp;<\/p>\n<p>&nbsp;<\/p>\n","protected":false},"excerpt":{"rendered":"<p>E101V Cospas Sarsat ja MED-hyv\u00e4ksytty kelluva h\u00e4t\u00e4asennon osoittava radiomajakka, joka sis\u00e4lt\u00e4\u00e4 matkatietojen tallentimen muistikapselin IMO:n p\u00e4\u00e4t\u00f6slauselman MSC.333(90) mukaisesti.<\/p>\n<p>&nbsp;<\/p>\n<p><strong><em>E101V on vain OEM-tuote. Kiinnostuneet VDR-valmistajat voivat ottaa yhteytt\u00e4 suoraan Ocean Signal saadakseen lis\u00e4tietoja. <\/em><\/strong><\/p>\n<p>&nbsp;<\/p>\n<p>&nbsp;<\/p>\n","protected":false},"featured_media":19769,"template":"","meta":{"_acf_changed":false,"om_disable_all_campaigns":false},"product_brand":[],"product_cat":[1210],"product_tag":[],"class_list":{"0":"post-12844","1":"product","2":"type-product","3":"status-publish","4":"has-post-thumbnail","6":"product_cat-lopetettu","8":"first","9":"instock","10":"taxable","11":"shipping-taxable","12":"product-type-simple"},"acf":[],"yoast_head":"<!-- This site is optimized with the Yoast SEO Premium plugin v25.2 (Yoast SEO v26.4) - https:\/\/yoast.com\/wordpress\/plugins\/seo\/ -->\n<title>E101V - Ocean Signal<\/title>\n<meta name=\"description\" content=\"Ocean Signal E101V VDR: T\u00e4rke\u00e4 meritietojen tallennus alusten turvallisuuden kannalta. Paranna matkan seurantaa ja h\u00e4t\u00e4apua.\" \/>\n<meta name=\"robots\" content=\"index, follow, max-snippet:-1, max-image-preview:large, max-video-preview:-1\" \/>\n<link rel=\"canonical\" href=\"https:\/\/oceansignal.com\/fi\/products\/e101v-2\/\" \/>\n<meta property=\"og:locale\" content=\"fi_FI\" \/>\n<meta property=\"og:type\" content=\"article\" \/>\n<meta property=\"og:title\" content=\"E101V\" \/>\n<meta property=\"og:description\" content=\"Ocean Signal E101V VDR: T\u00e4rke\u00e4 meritietojen tallennus alusten turvallisuuden kannalta. Paranna matkan seurantaa ja h\u00e4t\u00e4apua.\" \/>\n<meta property=\"og:url\" content=\"https:\/\/oceansignal.com\/fi\/products\/e101v-2\/\" \/>\n<meta property=\"og:site_name\" content=\"Ocean Signal\" \/>\n<meta property=\"article:modified_time\" content=\"2025-03-06T13:41:03+00:00\" \/>\n<meta property=\"og:image\" content=\"https:\/\/oceansignal.com\/wp-content\/uploads\/2023\/09\/EPIRB-VDR-in-Housing-1-687x1024-1.jpg\" \/>\n\t<meta property=\"og:image:width\" content=\"687\" \/>\n\t<meta property=\"og:image:height\" content=\"1024\" \/>\n\t<meta property=\"og:image:type\" content=\"image\/jpeg\" \/>\n<meta name=\"twitter:card\" content=\"summary_large_image\" \/>\n<meta name=\"twitter:label1\" content=\"Arvioitu lukuaika\" \/>\n\t<meta name=\"twitter:data1\" content=\"1 minuutti\" \/>\n<script type=\"application\/ld+json\" class=\"yoast-schema-graph\">{\"@context\":\"https:\/\/schema.org\",\"@graph\":[{\"@type\":\"WebPage\",\"@id\":\"https:\/\/oceansignal.com\/fi\/products\/e101v-2\/\",\"url\":\"https:\/\/oceansignal.com\/fi\/products\/e101v-2\/\",\"name\":\"E101V - Ocean Signal\",\"isPartOf\":{\"@id\":\"https:\/\/oceansignal.com\/fi\/#website\"},\"primaryImageOfPage\":{\"@id\":\"https:\/\/oceansignal.com\/fi\/products\/e101v-2\/#primaryimage\"},\"image\":{\"@id\":\"https:\/\/oceansignal.com\/fi\/products\/e101v-2\/#primaryimage\"},\"thumbnailUrl\":\"https:\/\/oceansignal.com\/wp-content\/uploads\/2023\/09\/EPIRB-VDR-in-Housing-1-687x1024-1.jpg\",\"datePublished\":\"2023-09-08T13:27:28+00:00\",\"dateModified\":\"2025-03-06T13:41:03+00:00\",\"description\":\"Ocean Signal E101V VDR: T\u00e4rke\u00e4 meritietojen tallennus alusten turvallisuuden kannalta. Paranna matkan seurantaa ja h\u00e4t\u00e4apua.\",\"breadcrumb\":{\"@id\":\"https:\/\/oceansignal.com\/fi\/products\/e101v-2\/#breadcrumb\"},\"inLanguage\":\"fi\",\"potentialAction\":[{\"@type\":\"ReadAction\",\"target\":[\"https:\/\/oceansignal.com\/fi\/products\/e101v-2\/\"]}]},{\"@type\":\"ImageObject\",\"inLanguage\":\"fi\",\"@id\":\"https:\/\/oceansignal.com\/fi\/products\/e101v-2\/#primaryimage\",\"url\":\"https:\/\/oceansignal.com\/wp-content\/uploads\/2023\/09\/EPIRB-VDR-in-Housing-1-687x1024-1.jpg\",\"contentUrl\":\"https:\/\/oceansignal.com\/wp-content\/uploads\/2023\/09\/EPIRB-VDR-in-Housing-1-687x1024-1.jpg\",\"width\":687,\"height\":1024,\"caption\":\"Ocean Signal E101V 406 MHz matkatietojen tallennin Cospas-Sarsatilla\"},{\"@type\":\"BreadcrumbList\",\"@id\":\"https:\/\/oceansignal.com\/fi\/products\/e101v-2\/#breadcrumb\",\"itemListElement\":[{\"@type\":\"ListItem\",\"position\":1,\"name\":\"Shop\",\"item\":\"https:\/\/oceansignal.com\/fi\/shop\/\"},{\"@type\":\"ListItem\",\"position\":2,\"name\":\"E101V\"}]},{\"@type\":\"WebSite\",\"@id\":\"https:\/\/oceansignal.com\/fi\/#website\",\"url\":\"https:\/\/oceansignal.com\/fi\/\",\"name\":\"Ocean Signal\",\"description\":\"A leading manufacturer of EPIRBs, AIS, SARTs, Personal Locator Beacons, Man Overboard Beacon for the Marine and Outdoor Markets.\",\"potentialAction\":[{\"@type\":\"SearchAction\",\"target\":{\"@type\":\"EntryPoint\",\"urlTemplate\":\"https:\/\/oceansignal.com\/fi\/?s={search_term_string}\"},\"query-input\":{\"@type\":\"PropertyValueSpecification\",\"valueRequired\":true,\"valueName\":\"search_term_string\"}}],\"inLanguage\":\"fi\"}]}<\/script>\n<!-- \/ Yoast SEO Premium plugin. -->","yoast_head_json":{"title":"E101V - Ocean Signal","description":"Ocean Signal E101V VDR: T\u00e4rke\u00e4 meritietojen tallennus alusten turvallisuuden kannalta. Paranna matkan seurantaa ja h\u00e4t\u00e4apua.","robots":{"index":"index","follow":"follow","max-snippet":"max-snippet:-1","max-image-preview":"max-image-preview:large","max-video-preview":"max-video-preview:-1"},"canonical":"https:\/\/oceansignal.com\/fi\/products\/e101v-2\/","og_locale":"fi_FI","og_type":"article","og_title":"E101V","og_description":"Ocean Signal E101V VDR: T\u00e4rke\u00e4 meritietojen tallennus alusten turvallisuuden kannalta. Paranna matkan seurantaa ja h\u00e4t\u00e4apua.","og_url":"https:\/\/oceansignal.com\/fi\/products\/e101v-2\/","og_site_name":"Ocean Signal","article_modified_time":"2025-03-06T13:41:03+00:00","og_image":[{"width":687,"height":1024,"url":"https:\/\/oceansignal.com\/wp-content\/uploads\/2023\/09\/EPIRB-VDR-in-Housing-1-687x1024-1.jpg","type":"image\/jpeg"}],"twitter_card":"summary_large_image","twitter_misc":{"Arvioitu lukuaika":"1 minuutti"},"schema":{"@context":"https:\/\/schema.org","@graph":[{"@type":"WebPage","@id":"https:\/\/oceansignal.com\/fi\/products\/e101v-2\/","url":"https:\/\/oceansignal.com\/fi\/products\/e101v-2\/","name":"E101V - Ocean Signal","isPartOf":{"@id":"https:\/\/oceansignal.com\/fi\/#website"},"primaryImageOfPage":{"@id":"https:\/\/oceansignal.com\/fi\/products\/e101v-2\/#primaryimage"},"image":{"@id":"https:\/\/oceansignal.com\/fi\/products\/e101v-2\/#primaryimage"},"thumbnailUrl":"https:\/\/oceansignal.com\/wp-content\/uploads\/2023\/09\/EPIRB-VDR-in-Housing-1-687x1024-1.jpg","datePublished":"2023-09-08T13:27:28+00:00","dateModified":"2025-03-06T13:41:03+00:00","description":"Ocean Signal E101V VDR: T\u00e4rke\u00e4 meritietojen tallennus alusten turvallisuuden kannalta. Paranna matkan seurantaa ja h\u00e4t\u00e4apua.","breadcrumb":{"@id":"https:\/\/oceansignal.com\/fi\/products\/e101v-2\/#breadcrumb"},"inLanguage":"fi","potentialAction":[{"@type":"ReadAction","target":["https:\/\/oceansignal.com\/fi\/products\/e101v-2\/"]}]},{"@type":"ImageObject","inLanguage":"fi","@id":"https:\/\/oceansignal.com\/fi\/products\/e101v-2\/#primaryimage","url":"https:\/\/oceansignal.com\/wp-content\/uploads\/2023\/09\/EPIRB-VDR-in-Housing-1-687x1024-1.jpg","contentUrl":"https:\/\/oceansignal.com\/wp-content\/uploads\/2023\/09\/EPIRB-VDR-in-Housing-1-687x1024-1.jpg","width":687,"height":1024,"caption":"Ocean Signal E101V 406 MHz matkatietojen tallennin Cospas-Sarsatilla"},{"@type":"BreadcrumbList","@id":"https:\/\/oceansignal.com\/fi\/products\/e101v-2\/#breadcrumb","itemListElement":[{"@type":"ListItem","position":1,"name":"Shop","item":"https:\/\/oceansignal.com\/fi\/shop\/"},{"@type":"ListItem","position":2,"name":"E101V"}]},{"@type":"WebSite","@id":"https:\/\/oceansignal.com\/fi\/#website","url":"https:\/\/oceansignal.com\/fi\/","name":"Ocean Signal","description":"A leading manufacturer of EPIRBs, AIS, SARTs, Personal Locator Beacons, Man Overboard Beacon for the Marine and Outdoor Markets.","potentialAction":[{"@type":"SearchAction","target":{"@type":"EntryPoint","urlTemplate":"https:\/\/oceansignal.com\/fi\/?s={search_term_string}"},"query-input":{"@type":"PropertyValueSpecification","valueRequired":true,"valueName":"search_term_string"}}],"inLanguage":"fi"}]}},"_links":{"self":[{"href":"https:\/\/oceansignal.com\/fi\/wp-json\/wp\/v2\/product\/12844","targetHints":{"allow":["GET"]}}],"collection":[{"href":"https:\/\/oceansignal.com\/fi\/wp-json\/wp\/v2\/product"}],"about":[{"href":"https:\/\/oceansignal.com\/fi\/wp-json\/wp\/v2\/types\/product"}],"wp:featuredmedia":[{"embeddable":true,"href":"https:\/\/oceansignal.com\/fi\/wp-json\/wp\/v2\/media\/19769"}],"wp:attachment":[{"href":"https:\/\/oceansignal.com\/fi\/wp-json\/wp\/v2\/media?parent=12844"}],"wp:term":[{"taxonomy":"product_brand","embeddable":true,"href":"https:\/\/oceansignal.com\/fi\/wp-json\/wp\/v2\/product_brand?post=12844"},{"taxonomy":"product_cat","embeddable":true,"href":"https:\/\/oceansignal.com\/fi\/wp-json\/wp\/v2\/product_cat?post=12844"},{"taxonomy":"product_tag","embeddable":true,"href":"https:\/\/oceansignal.com\/fi\/wp-json\/wp\/v2\/product_tag?post=12844"}],"curies":[{"name":"wp","href":"https:\/\/api.w.org\/{rel}","templated":true}]}}