{"id":12846,"date":"2023-09-08T13:06:06","date_gmt":"2023-09-08T13:06:06","guid":{"rendered":"https:\/\/oceansignal.com\/products\/m100-m100x-2\/"},"modified":"2026-02-25T13:50:46","modified_gmt":"2026-02-25T13:50:46","slug":"m100-m100x-2","status":"publish","type":"product","link":"https:\/\/oceansignal.com\/fi\/products\/m100-m100x-2\/","title":{"rendered":"M100\/M100X"},"content":{"rendered":"<p class=\"ai-optimize-36 ai-optimize-introduction\">Integroitu 66-kanavainen GPS varmistaa, ett\u00e4 sijainti p\u00e4ivitet\u00e4\u00e4n minuutin v\u00e4lein AIS:n kautta. Ocean Signal M100:n ja M100X:n ero on siin\u00e4, ett\u00e4 M100X on suunniteltu t\u00e4ytt\u00e4m\u00e4\u00e4n eurooppalaisen ATEX-direktiivin ja sill\u00e4 on IECEx-hyv\u00e4ksynt\u00e4 k\u00e4ytett\u00e4v\u00e4ksi vy\u00f6hykkeen 2 r\u00e4j\u00e4hdysvaarallisissa tiloissa. <\/p>\n<p class=\"ai-optimize-37\">Haluatko MOB 406 MHz:ll\u00e4? Tutustu uuteen <a href=\"https:\/\/oceansignal.com\/products\/rescueme-plb3-ais-plb\/\">rescueME PLB3<\/a> <\/p>\n<p class=\"ai-optimize-38\"><em>Seuraava lausunto on tarkoitettu vain yhdysvaltalaisille asiakkaille: T\u00e4t\u00e4 laitetta ei ole valtuutettu Federal Communications Commissionin s\u00e4\u00e4nt\u00f6jen mukaisesti. T\u00e4t\u00e4 laitetta ei tarjota eik\u00e4 sit\u00e4 saa tarjota myyntiin tai vuokrata tai myyd\u00e4 tai liisata ennen kuin lupa on saatu. <\/em><\/p>\n<p>&nbsp;<\/p>\n<p class=\"ai-optimize-46\"><strong>Pelastusliivien integrointi<\/strong><\/p>\n<p class=\"ai-optimize-47\">SafeSEA M100 AIS voidaan aktivoida manuaalisesti tai automaattisesti, kun se on asennettu automaattisesti t\u00e4yttyv\u00e4\u00e4n pelastusliiviin. Asennus on helppoa mukana tulevalla t\u00e4ytt\u00f6letkun klipsill\u00e4, jolla M100 kiinnitet\u00e4\u00e4n pelastusliiviin, ja aktivointiteipill\u00e4, joka on kiinnitetty pelastusliivin pallon ymp\u00e4rille.** Kun pelastusliivin pallo on asennettu oikein, pelastusliivin pallon t\u00e4yttyminen laukaisee antennin avautumisen ja majakan aktivoinnin.  <\/p>\n<p class=\"ai-optimize-48\">* DSC-toiminnallisuus on maan s\u00e4\u00e4nn\u00f6sten alaista.<\/p>\n<p class=\"ai-optimize-49\"><strong>** <i data-olk-copy-source=\"MailCompose\">On suositeltavaa ottaa yhteytt\u00e4 pelastusliivien valmistajaan ennen asennusta, sill\u00e4 tietyill\u00e4 malleilla voi olla omat sovitusmenetelm\u00e4ns\u00e4 tai integrointisuosituksensa.**<\/i><\/strong><\/p>\n<p>&nbsp;<\/p>\n<p>&nbsp;<\/p>\n","protected":false},"excerpt":{"rendered":"<p>Ocean Signal M100 ja M100X MSLD (Maritime Survivor Locating Device) on suunniteltu vastaamaan ammattimaisten merenkulkumarkkinoiden ja sen offshore-ty\u00f6ntekij\u00f6iden tarpeisiin. M100 ja M100X voidaan kiinnitt\u00e4\u00e4 pelastusliiviin* ja ne aktivoituvat automaattisesti, kun liivi t\u00e4yttyy. Kun M100 ja M100X on aktivoitu, ne l\u00e4hett\u00e4v\u00e4t h\u00e4lytyksen kaikille l\u00e4hist\u00f6ll\u00e4 oleville AIS-vastaanottimille ja AIS-yhteensopiville piirtureille. M100 ja M100X l\u00e4hett\u00e4v\u00e4t my\u00f6s 121,5 MHz:n kotiutussignaalin AIS:n lis\u00e4ksi.   <\/p>\n<p><strong>HUOMAUTUS:<\/strong> Useat Euroopan maat ovat ottaneet k\u00e4ytt\u00f6\u00f6n ECC\/DEC\/(22)02-asetuksen, joka tunnetaan my\u00f6s nimell\u00e4 AIS-luokan M asetus. T\u00e4m\u00e4n asetuksen t\u00e4yt\u00e4nt\u00f6\u00f6npanon merkitys nykyisille M100\/M100X-omistajille on se, ett\u00e4 M100\/M100X-majakoita ei saa en\u00e4\u00e4 k\u00e4ytt\u00e4\u00e4 maissa, jotka ovat ottaneet k\u00e4ytt\u00f6\u00f6n uuden asetuksen. <u><a id=\"OWA2977fb01-e554-25c9-9cd1-9f900cdee827\" class=\"OWAAutoLink\" title=\"https:\/\/docdb.cept.org\/implementation\/28560\" href=\"https:\/\/nam11.safelinks.protection.outlook.com\/?url=https%3A%2F%2Fdocdb.cept.org%2Fimplementation%2F28560&amp;data=05%7C02%7CShawn.Pariaug%40acrartex.com%7Cfac5ae1571d7439f772608de6eeddfec%7Ce41f30dccabc4c87b052e2df2064afce%7C0%7C0%7C639070165436538226%7CUnknown%7CTWFpbGZsb3d8eyJFbXB0eU1hcGkiOnRydWUsIlYiOiIwLjAuMDAwMCIsIlAiOiJXaW4zMiIsIkFOIjoiTWFpbCIsIldUIjoyfQ%3D%3D%7C0%7C%7C%7C&amp;sdata=lN5EEnoNasBM5aShoSlvMT1BCE61no1Ff9nSDKwp0Ko%3D&amp;reserved=0\" data-auth=\"NotApplicable\">Napsauta t\u00e4st\u00e4<\/a><\/u> n\u00e4hd\u00e4ksesi luettelon Euroopan maista, jotka osoittavat, miss\u00e4 ECC\/DEC\/(22)02 on pantu t\u00e4yt\u00e4nt\u00f6\u00f6n. On t\u00e4rke\u00e4\u00e4 huomata, ett\u00e4 M100\/M100X:n k\u00e4yt\u00f6n rajoittaminen tietyiss\u00e4 Euroopan maissa ei johdu mist\u00e4\u00e4n tuotevirheist\u00e4, vaan se on suoraan seurausta riippumattoman s\u00e4\u00e4ntelyelimen aloittamista asetuksen muutoksista.  <\/p>\n<p>&nbsp;<\/p>\n<p><span style=\"color: #c22f2f;\"><em>* Kysy aina valmistajalta tarkat ohjeet ennen kuin asennat t\u00e4m\u00e4n tuotteen suoraan pelastusliiviisi.<\/em><\/span><\/p>\n","protected":false},"featured_media":12485,"template":"","meta":{"_acf_changed":false,"om_disable_all_campaigns":false},"product_brand":[],"product_cat":[612],"product_tag":[1217],"class_list":{"0":"post-12846","1":"product","2":"type-product","3":"status-publish","4":"has-post-thumbnail","6":"product_cat-professional-fi","7":"product_tag-m100-fi","9":"first","10":"outofstock","11":"taxable","12":"shipping-taxable","13":"product-type-simple"},"acf":[],"yoast_head":"<!-- This site is optimized with the Yoast SEO Premium plugin v25.2 (Yoast SEO v26.4) - https:\/\/yoast.com\/wordpress\/plugins\/seo\/ -->\n<title>M100\/M100X - Ocean Signal<\/title>\n<meta name=\"description\" content=\"Ocean Signal M100 ja M100X AIS ja 121.5 Man Overboard Beacon: Luotettava kaupallinen MOB nopeaan pelastukseen. T\u00e4rkeimm\u00e4t merenkulun turvalaitteet.\" \/>\n<meta name=\"robots\" content=\"index, follow, max-snippet:-1, max-image-preview:large, max-video-preview:-1\" \/>\n<link rel=\"canonical\" href=\"https:\/\/oceansignal.com\/fi\/products\/m100-m100x-2\/\" \/>\n<meta property=\"og:locale\" content=\"fi_FI\" \/>\n<meta property=\"og:type\" content=\"article\" \/>\n<meta property=\"og:title\" content=\"M100\/M100X\" \/>\n<meta property=\"og:description\" content=\"Ocean Signal M100 ja M100X AIS ja 121.5 Man Overboard Beacon: Luotettava kaupallinen MOB nopeaan pelastukseen. T\u00e4rkeimm\u00e4t merenkulun turvalaitteet.\" \/>\n<meta property=\"og:url\" content=\"https:\/\/oceansignal.com\/fi\/products\/m100-m100x-2\/\" \/>\n<meta property=\"og:site_name\" content=\"Ocean Signal\" \/>\n<meta property=\"article:modified_time\" content=\"2026-02-25T13:50:46+00:00\" \/>\n<meta property=\"og:image\" content=\"https:\/\/oceansignal.com\/wp-content\/uploads\/2023\/09\/M100-Front.png\" \/>\n\t<meta property=\"og:image:width\" content=\"800\" \/>\n\t<meta property=\"og:image:height\" content=\"800\" \/>\n\t<meta property=\"og:image:type\" content=\"image\/png\" \/>\n<meta name=\"twitter:card\" content=\"summary_large_image\" \/>\n<meta name=\"twitter:label1\" content=\"Arvioitu lukuaika\" \/>\n\t<meta name=\"twitter:data1\" content=\"1 minuutti\" \/>\n<script type=\"application\/ld+json\" class=\"yoast-schema-graph\">{\"@context\":\"https:\/\/schema.org\",\"@graph\":[{\"@type\":\"WebPage\",\"@id\":\"https:\/\/oceansignal.com\/fi\/products\/m100-m100x-2\/\",\"url\":\"https:\/\/oceansignal.com\/fi\/products\/m100-m100x-2\/\",\"name\":\"M100\/M100X - Ocean Signal\",\"isPartOf\":{\"@id\":\"https:\/\/oceansignal.com\/fi\/#website\"},\"primaryImageOfPage\":{\"@id\":\"https:\/\/oceansignal.com\/fi\/products\/m100-m100x-2\/#primaryimage\"},\"image\":{\"@id\":\"https:\/\/oceansignal.com\/fi\/products\/m100-m100x-2\/#primaryimage\"},\"thumbnailUrl\":\"https:\/\/oceansignal.com\/wp-content\/uploads\/2023\/09\/M100-Front.png\",\"datePublished\":\"2023-09-08T13:06:06+00:00\",\"dateModified\":\"2026-02-25T13:50:46+00:00\",\"description\":\"Ocean Signal M100 ja M100X AIS ja 121.5 Man Overboard Beacon: Luotettava kaupallinen MOB nopeaan pelastukseen. T\u00e4rkeimm\u00e4t merenkulun turvalaitteet.\",\"breadcrumb\":{\"@id\":\"https:\/\/oceansignal.com\/fi\/products\/m100-m100x-2\/#breadcrumb\"},\"inLanguage\":\"fi\",\"potentialAction\":[{\"@type\":\"ReadAction\",\"target\":[\"https:\/\/oceansignal.com\/fi\/products\/m100-m100x-2\/\"]}]},{\"@type\":\"ImageObject\",\"inLanguage\":\"fi\",\"@id\":\"https:\/\/oceansignal.com\/fi\/products\/m100-m100x-2\/#primaryimage\",\"url\":\"https:\/\/oceansignal.com\/wp-content\/uploads\/2023\/09\/M100-Front.png\",\"contentUrl\":\"https:\/\/oceansignal.com\/wp-content\/uploads\/2023\/09\/M100-Front.png\",\"width\":800,\"height\":800},{\"@type\":\"BreadcrumbList\",\"@id\":\"https:\/\/oceansignal.com\/fi\/products\/m100-m100x-2\/#breadcrumb\",\"itemListElement\":[{\"@type\":\"ListItem\",\"position\":1,\"name\":\"Shop\",\"item\":\"https:\/\/oceansignal.com\/fi\/shop\/\"},{\"@type\":\"ListItem\",\"position\":2,\"name\":\"M100\/M100X\"}]},{\"@type\":\"WebSite\",\"@id\":\"https:\/\/oceansignal.com\/fi\/#website\",\"url\":\"https:\/\/oceansignal.com\/fi\/\",\"name\":\"Ocean Signal\",\"description\":\"A leading manufacturer of EPIRBs, AIS, SARTs, Personal Locator Beacons, Man Overboard Beacon for the Marine and Outdoor Markets.\",\"potentialAction\":[{\"@type\":\"SearchAction\",\"target\":{\"@type\":\"EntryPoint\",\"urlTemplate\":\"https:\/\/oceansignal.com\/fi\/?s={search_term_string}\"},\"query-input\":{\"@type\":\"PropertyValueSpecification\",\"valueRequired\":true,\"valueName\":\"search_term_string\"}}],\"inLanguage\":\"fi\"}]}<\/script>\n<!-- \/ Yoast SEO Premium plugin. -->","yoast_head_json":{"title":"M100\/M100X - Ocean Signal","description":"Ocean Signal M100 ja M100X AIS ja 121.5 Man Overboard Beacon: Luotettava kaupallinen MOB nopeaan pelastukseen. T\u00e4rkeimm\u00e4t merenkulun turvalaitteet.","robots":{"index":"index","follow":"follow","max-snippet":"max-snippet:-1","max-image-preview":"max-image-preview:large","max-video-preview":"max-video-preview:-1"},"canonical":"https:\/\/oceansignal.com\/fi\/products\/m100-m100x-2\/","og_locale":"fi_FI","og_type":"article","og_title":"M100\/M100X","og_description":"Ocean Signal M100 ja M100X AIS ja 121.5 Man Overboard Beacon: Luotettava kaupallinen MOB nopeaan pelastukseen. T\u00e4rkeimm\u00e4t merenkulun turvalaitteet.","og_url":"https:\/\/oceansignal.com\/fi\/products\/m100-m100x-2\/","og_site_name":"Ocean Signal","article_modified_time":"2026-02-25T13:50:46+00:00","og_image":[{"width":800,"height":800,"url":"https:\/\/oceansignal.com\/wp-content\/uploads\/2023\/09\/M100-Front.png","type":"image\/png"}],"twitter_card":"summary_large_image","twitter_misc":{"Arvioitu lukuaika":"1 minuutti"},"schema":{"@context":"https:\/\/schema.org","@graph":[{"@type":"WebPage","@id":"https:\/\/oceansignal.com\/fi\/products\/m100-m100x-2\/","url":"https:\/\/oceansignal.com\/fi\/products\/m100-m100x-2\/","name":"M100\/M100X - Ocean Signal","isPartOf":{"@id":"https:\/\/oceansignal.com\/fi\/#website"},"primaryImageOfPage":{"@id":"https:\/\/oceansignal.com\/fi\/products\/m100-m100x-2\/#primaryimage"},"image":{"@id":"https:\/\/oceansignal.com\/fi\/products\/m100-m100x-2\/#primaryimage"},"thumbnailUrl":"https:\/\/oceansignal.com\/wp-content\/uploads\/2023\/09\/M100-Front.png","datePublished":"2023-09-08T13:06:06+00:00","dateModified":"2026-02-25T13:50:46+00:00","description":"Ocean Signal M100 ja M100X AIS ja 121.5 Man Overboard Beacon: Luotettava kaupallinen MOB nopeaan pelastukseen. T\u00e4rkeimm\u00e4t merenkulun turvalaitteet.","breadcrumb":{"@id":"https:\/\/oceansignal.com\/fi\/products\/m100-m100x-2\/#breadcrumb"},"inLanguage":"fi","potentialAction":[{"@type":"ReadAction","target":["https:\/\/oceansignal.com\/fi\/products\/m100-m100x-2\/"]}]},{"@type":"ImageObject","inLanguage":"fi","@id":"https:\/\/oceansignal.com\/fi\/products\/m100-m100x-2\/#primaryimage","url":"https:\/\/oceansignal.com\/wp-content\/uploads\/2023\/09\/M100-Front.png","contentUrl":"https:\/\/oceansignal.com\/wp-content\/uploads\/2023\/09\/M100-Front.png","width":800,"height":800},{"@type":"BreadcrumbList","@id":"https:\/\/oceansignal.com\/fi\/products\/m100-m100x-2\/#breadcrumb","itemListElement":[{"@type":"ListItem","position":1,"name":"Shop","item":"https:\/\/oceansignal.com\/fi\/shop\/"},{"@type":"ListItem","position":2,"name":"M100\/M100X"}]},{"@type":"WebSite","@id":"https:\/\/oceansignal.com\/fi\/#website","url":"https:\/\/oceansignal.com\/fi\/","name":"Ocean Signal","description":"A leading manufacturer of EPIRBs, AIS, SARTs, Personal Locator Beacons, Man Overboard Beacon for the Marine and Outdoor Markets.","potentialAction":[{"@type":"SearchAction","target":{"@type":"EntryPoint","urlTemplate":"https:\/\/oceansignal.com\/fi\/?s={search_term_string}"},"query-input":{"@type":"PropertyValueSpecification","valueRequired":true,"valueName":"search_term_string"}}],"inLanguage":"fi"}]}},"_links":{"self":[{"href":"https:\/\/oceansignal.com\/fi\/wp-json\/wp\/v2\/product\/12846","targetHints":{"allow":["GET"]}}],"collection":[{"href":"https:\/\/oceansignal.com\/fi\/wp-json\/wp\/v2\/product"}],"about":[{"href":"https:\/\/oceansignal.com\/fi\/wp-json\/wp\/v2\/types\/product"}],"wp:featuredmedia":[{"embeddable":true,"href":"https:\/\/oceansignal.com\/fi\/wp-json\/wp\/v2\/media\/12485"}],"wp:attachment":[{"href":"https:\/\/oceansignal.com\/fi\/wp-json\/wp\/v2\/media?parent=12846"}],"wp:term":[{"taxonomy":"product_brand","embeddable":true,"href":"https:\/\/oceansignal.com\/fi\/wp-json\/wp\/v2\/product_brand?post=12846"},{"taxonomy":"product_cat","embeddable":true,"href":"https:\/\/oceansignal.com\/fi\/wp-json\/wp\/v2\/product_cat?post=12846"},{"taxonomy":"product_tag","embeddable":true,"href":"https:\/\/oceansignal.com\/fi\/wp-json\/wp\/v2\/product_tag?post=12846"}],"curies":[{"name":"wp","href":"https:\/\/api.w.org\/{rel}","templated":true}]}}