{"id":12849,"date":"2023-09-08T12:47:59","date_gmt":"2023-09-08T12:47:59","guid":{"rendered":"https:\/\/oceansignal.com\/products\/ais-alarm-2\/"},"modified":"2025-11-26T08:55:35","modified_gmt":"2025-11-26T08:55:35","slug":"ais-alarm-2","status":"publish","type":"product","link":"https:\/\/oceansignal.com\/fi\/products\/ais-alarm-2\/","title":{"rendered":"AIS Alarm"},"content":{"rendered":"<p>Ocean Signal AIS Alarm on vesitiivis, joten se voidaan kiinnitt\u00e4\u00e4 ulkoiseen halutessasi, ja k\u00e4ytt\u00e4j\u00e4 voi ohjelmoida siihen jopa 30 yksitt\u00e4ist\u00e4 MMSI-numeroa antamaan visuaalisia ja \u00e4\u00e4nih\u00e4lytyksi\u00e4 (\u00e4\u00e4nih\u00e4lytyksiss\u00e4 on useita \u00e4\u00e4ni\u00e4 AIS-signaalin l\u00e4hteen tunnistamiseksi &#8211; MOB tai SART).  <span class=\"fontstyle0\">Integroitu relevaihtoehto mahdollistaa yhteyden ulkoiseen h\u00e4lyttimeen tai aluksen moottorin sammutuskytkimeen. Rele voidaan ohjelmoida aktivoitumaan tarvittaessa. <\/span><\/p>\n<p>Yhdist\u00e4 Ocean Signal AIS <a href=\"https:\/\/oceansignal.com\/fi\/products\/pelasta-me-mob1\/\">MOB1<\/a> tai <a href=\"https:\/\/oceansignal.com\/products\/rescueme-plb3-ais-plb\/\">PLB3<\/a> kanssa varoittaaksesi miehist\u00f6\u00e4 Man Overboard -h\u00e4lyttimen ohjaamossa.<\/p>\n<p>AIS Alarm konfigurointi voidaan suorittaa lataamalla ohjelmisto alla olevasta linkist\u00e4:<\/p>\n<p>&nbsp;<\/p>\n<p><a href=\"https:\/\/oceansignal.com\/support\/product-programming\/ais-alarm-box-programming\/\">AIS Alarm<\/a><\/p>\n<p>&nbsp;<\/p>\n<p><em>Vaikka t\u00e4ll\u00e4 sivulla olevat tiedot on pyritty pit\u00e4m\u00e4\u00e4n paikkansa, tuotteita ja teknisi\u00e4 tietoja voidaan muuttaa ilman erillist\u00e4 ilmoitusta.<\/em><\/p>\n","protected":false},"excerpt":{"rendered":"<p><strong>AIS-h\u00e4lytyslaatikko<\/strong> on suunniteltu varmistamaan, ett\u00e4 heti, kun mik\u00e4 tahansa AIS MOB tai AIS SART -signaali vastaanotetaan, kuuluu 87 dB:n \u00e4\u00e4nih\u00e4lytys, joka varmistaa, ett\u00e4 kaikki aluksella olevat saavat h\u00e4lytyksen mahdollisesta MOB tai pelastusty\u00f6n tarpeessa olevasta miehist\u00f6st\u00e4. Sen yksinkertainen rakenne, kompakti luonne ja NMEA 0183:n k\u00e4ytt\u00f6 tarkoittaa, ett\u00e4 AIS Alarm Boxin integrointi AIS-vastaanottimeen ja olemassa olevaan verkkoon on helppoa. <\/p>\n<p><a href=\"https:\/\/www.dropbox.com\/s\/fk04stqsp2hgk5f\/Prop%2065%20-%20DEHP.pdf?dl=0\">VAROITUS: PROP 65<\/a><\/p>\n","protected":false},"featured_media":20777,"template":"","meta":{"_acf_changed":false,"om_disable_all_campaigns":false},"product_brand":[],"product_cat":[617],"product_tag":[],"class_list":{"0":"post-12849","1":"product","2":"type-product","3":"status-publish","4":"has-post-thumbnail","6":"product_cat-ais-fi","8":"first","9":"instock","10":"taxable","11":"shipping-taxable","12":"purchasable","13":"product-type-simple"},"acf":[],"yoast_head":"<!-- This site is optimized with the Yoast SEO Premium plugin v25.2 (Yoast SEO v26.4) - https:\/\/yoast.com\/wordpress\/plugins\/seo\/ -->\n<title>AIS Alarm - Ocean Signal<\/title>\n<meta name=\"description\" content=\"Ocean Signal Alarm Box: Luotettava merenkulun turvallisuusratkaisu v\u00e4litt\u00f6miin h\u00e4lytyksiin AIS-miehen yli laidan h\u00e4t\u00e4tilanteesta. Varmista nopea reagointi h\u00e4t\u00e4tilanteissa.\" \/>\n<meta name=\"robots\" content=\"index, follow, max-snippet:-1, max-image-preview:large, max-video-preview:-1\" \/>\n<link rel=\"canonical\" href=\"https:\/\/oceansignal.com\/fi\/products\/ais-alarm-2\/\" \/>\n<meta property=\"og:locale\" content=\"fi_FI\" \/>\n<meta property=\"og:type\" content=\"article\" \/>\n<meta property=\"og:title\" content=\"AIS Alarm\" \/>\n<meta property=\"og:description\" content=\"Ocean Signal Alarm Box: Luotettava merenkulun turvallisuusratkaisu v\u00e4litt\u00f6miin h\u00e4lytyksiin AIS-miehen yli laidan h\u00e4t\u00e4tilanteesta. Varmista nopea reagointi h\u00e4t\u00e4tilanteissa.\" \/>\n<meta property=\"og:url\" content=\"https:\/\/oceansignal.com\/fi\/products\/ais-alarm-2\/\" \/>\n<meta property=\"og:site_name\" content=\"Ocean Signal\" \/>\n<meta property=\"article:modified_time\" content=\"2025-11-26T08:55:35+00:00\" \/>\n<meta property=\"og:image\" content=\"https:\/\/oceansignal.com\/wp-content\/uploads\/2023\/09\/OSL-AIS-Alarm-360_600x600.gif\" \/>\n\t<meta property=\"og:image:width\" content=\"600\" \/>\n\t<meta property=\"og:image:height\" content=\"600\" \/>\n\t<meta property=\"og:image:type\" content=\"image\/gif\" \/>\n<meta name=\"twitter:card\" content=\"summary_large_image\" \/>\n<meta name=\"twitter:label1\" content=\"Arvioitu lukuaika\" \/>\n\t<meta name=\"twitter:data1\" content=\"1 minuutti\" \/>\n<script type=\"application\/ld+json\" class=\"yoast-schema-graph\">{\"@context\":\"https:\/\/schema.org\",\"@graph\":[{\"@type\":\"WebPage\",\"@id\":\"https:\/\/oceansignal.com\/fi\/products\/ais-alarm-2\/\",\"url\":\"https:\/\/oceansignal.com\/fi\/products\/ais-alarm-2\/\",\"name\":\"AIS Alarm - Ocean Signal\",\"isPartOf\":{\"@id\":\"https:\/\/oceansignal.com\/fi\/#website\"},\"primaryImageOfPage\":{\"@id\":\"https:\/\/oceansignal.com\/fi\/products\/ais-alarm-2\/#primaryimage\"},\"image\":{\"@id\":\"https:\/\/oceansignal.com\/fi\/products\/ais-alarm-2\/#primaryimage\"},\"thumbnailUrl\":\"https:\/\/oceansignal.com\/wp-content\/uploads\/2023\/09\/OSL-AIS-Alarm-360_600x600.gif\",\"datePublished\":\"2023-09-08T12:47:59+00:00\",\"dateModified\":\"2025-11-26T08:55:35+00:00\",\"description\":\"Ocean Signal Alarm Box: Luotettava merenkulun turvallisuusratkaisu v\u00e4litt\u00f6miin h\u00e4lytyksiin AIS-miehen yli laidan h\u00e4t\u00e4tilanteesta. Varmista nopea reagointi h\u00e4t\u00e4tilanteissa.\",\"breadcrumb\":{\"@id\":\"https:\/\/oceansignal.com\/fi\/products\/ais-alarm-2\/#breadcrumb\"},\"inLanguage\":\"fi\",\"potentialAction\":[{\"@type\":\"ReadAction\",\"target\":[\"https:\/\/oceansignal.com\/fi\/products\/ais-alarm-2\/\"]}]},{\"@type\":\"ImageObject\",\"inLanguage\":\"fi\",\"@id\":\"https:\/\/oceansignal.com\/fi\/products\/ais-alarm-2\/#primaryimage\",\"url\":\"https:\/\/oceansignal.com\/wp-content\/uploads\/2023\/09\/OSL-AIS-Alarm-360_600x600.gif\",\"contentUrl\":\"https:\/\/oceansignal.com\/wp-content\/uploads\/2023\/09\/OSL-AIS-Alarm-360_600x600.gif\",\"width\":600,\"height\":600},{\"@type\":\"BreadcrumbList\",\"@id\":\"https:\/\/oceansignal.com\/fi\/products\/ais-alarm-2\/#breadcrumb\",\"itemListElement\":[{\"@type\":\"ListItem\",\"position\":1,\"name\":\"Shop\",\"item\":\"https:\/\/oceansignal.com\/fi\/shop\/\"},{\"@type\":\"ListItem\",\"position\":2,\"name\":\"AIS Alarm\"}]},{\"@type\":\"WebSite\",\"@id\":\"https:\/\/oceansignal.com\/fi\/#website\",\"url\":\"https:\/\/oceansignal.com\/fi\/\",\"name\":\"Ocean Signal\",\"description\":\"A leading manufacturer of EPIRBs, AIS, SARTs, Personal Locator Beacons, Man Overboard Beacon for the Marine and Outdoor Markets.\",\"potentialAction\":[{\"@type\":\"SearchAction\",\"target\":{\"@type\":\"EntryPoint\",\"urlTemplate\":\"https:\/\/oceansignal.com\/fi\/?s={search_term_string}\"},\"query-input\":{\"@type\":\"PropertyValueSpecification\",\"valueRequired\":true,\"valueName\":\"search_term_string\"}}],\"inLanguage\":\"fi\"}]}<\/script>\n<!-- \/ Yoast SEO Premium plugin. -->","yoast_head_json":{"title":"AIS Alarm - Ocean Signal","description":"Ocean Signal Alarm Box: Luotettava merenkulun turvallisuusratkaisu v\u00e4litt\u00f6miin h\u00e4lytyksiin AIS-miehen yli laidan h\u00e4t\u00e4tilanteesta. Varmista nopea reagointi h\u00e4t\u00e4tilanteissa.","robots":{"index":"index","follow":"follow","max-snippet":"max-snippet:-1","max-image-preview":"max-image-preview:large","max-video-preview":"max-video-preview:-1"},"canonical":"https:\/\/oceansignal.com\/fi\/products\/ais-alarm-2\/","og_locale":"fi_FI","og_type":"article","og_title":"AIS Alarm","og_description":"Ocean Signal Alarm Box: Luotettava merenkulun turvallisuusratkaisu v\u00e4litt\u00f6miin h\u00e4lytyksiin AIS-miehen yli laidan h\u00e4t\u00e4tilanteesta. Varmista nopea reagointi h\u00e4t\u00e4tilanteissa.","og_url":"https:\/\/oceansignal.com\/fi\/products\/ais-alarm-2\/","og_site_name":"Ocean Signal","article_modified_time":"2025-11-26T08:55:35+00:00","og_image":[{"url":"https:\/\/oceansignal.com\/wp-content\/uploads\/2023\/09\/OSL-AIS-Alarm-360_600x600.gif","width":600,"height":600,"type":"image\/gif"}],"twitter_card":"summary_large_image","twitter_misc":{"Arvioitu lukuaika":"1 minuutti"},"schema":{"@context":"https:\/\/schema.org","@graph":[{"@type":"WebPage","@id":"https:\/\/oceansignal.com\/fi\/products\/ais-alarm-2\/","url":"https:\/\/oceansignal.com\/fi\/products\/ais-alarm-2\/","name":"AIS Alarm - Ocean Signal","isPartOf":{"@id":"https:\/\/oceansignal.com\/fi\/#website"},"primaryImageOfPage":{"@id":"https:\/\/oceansignal.com\/fi\/products\/ais-alarm-2\/#primaryimage"},"image":{"@id":"https:\/\/oceansignal.com\/fi\/products\/ais-alarm-2\/#primaryimage"},"thumbnailUrl":"https:\/\/oceansignal.com\/wp-content\/uploads\/2023\/09\/OSL-AIS-Alarm-360_600x600.gif","datePublished":"2023-09-08T12:47:59+00:00","dateModified":"2025-11-26T08:55:35+00:00","description":"Ocean Signal Alarm Box: Luotettava merenkulun turvallisuusratkaisu v\u00e4litt\u00f6miin h\u00e4lytyksiin AIS-miehen yli laidan h\u00e4t\u00e4tilanteesta. Varmista nopea reagointi h\u00e4t\u00e4tilanteissa.","breadcrumb":{"@id":"https:\/\/oceansignal.com\/fi\/products\/ais-alarm-2\/#breadcrumb"},"inLanguage":"fi","potentialAction":[{"@type":"ReadAction","target":["https:\/\/oceansignal.com\/fi\/products\/ais-alarm-2\/"]}]},{"@type":"ImageObject","inLanguage":"fi","@id":"https:\/\/oceansignal.com\/fi\/products\/ais-alarm-2\/#primaryimage","url":"https:\/\/oceansignal.com\/wp-content\/uploads\/2023\/09\/OSL-AIS-Alarm-360_600x600.gif","contentUrl":"https:\/\/oceansignal.com\/wp-content\/uploads\/2023\/09\/OSL-AIS-Alarm-360_600x600.gif","width":600,"height":600},{"@type":"BreadcrumbList","@id":"https:\/\/oceansignal.com\/fi\/products\/ais-alarm-2\/#breadcrumb","itemListElement":[{"@type":"ListItem","position":1,"name":"Shop","item":"https:\/\/oceansignal.com\/fi\/shop\/"},{"@type":"ListItem","position":2,"name":"AIS Alarm"}]},{"@type":"WebSite","@id":"https:\/\/oceansignal.com\/fi\/#website","url":"https:\/\/oceansignal.com\/fi\/","name":"Ocean Signal","description":"A leading manufacturer of EPIRBs, AIS, SARTs, Personal Locator Beacons, Man Overboard Beacon for the Marine and Outdoor Markets.","potentialAction":[{"@type":"SearchAction","target":{"@type":"EntryPoint","urlTemplate":"https:\/\/oceansignal.com\/fi\/?s={search_term_string}"},"query-input":{"@type":"PropertyValueSpecification","valueRequired":true,"valueName":"search_term_string"}}],"inLanguage":"fi"}]}},"_links":{"self":[{"href":"https:\/\/oceansignal.com\/fi\/wp-json\/wp\/v2\/product\/12849","targetHints":{"allow":["GET"]}}],"collection":[{"href":"https:\/\/oceansignal.com\/fi\/wp-json\/wp\/v2\/product"}],"about":[{"href":"https:\/\/oceansignal.com\/fi\/wp-json\/wp\/v2\/types\/product"}],"wp:featuredmedia":[{"embeddable":true,"href":"https:\/\/oceansignal.com\/fi\/wp-json\/wp\/v2\/media\/20777"}],"wp:attachment":[{"href":"https:\/\/oceansignal.com\/fi\/wp-json\/wp\/v2\/media?parent=12849"}],"wp:term":[{"taxonomy":"product_brand","embeddable":true,"href":"https:\/\/oceansignal.com\/fi\/wp-json\/wp\/v2\/product_brand?post=12849"},{"taxonomy":"product_cat","embeddable":true,"href":"https:\/\/oceansignal.com\/fi\/wp-json\/wp\/v2\/product_cat?post=12849"},{"taxonomy":"product_tag","embeddable":true,"href":"https:\/\/oceansignal.com\/fi\/wp-json\/wp\/v2\/product_tag?post=12849"}],"curies":[{"name":"wp","href":"https:\/\/api.w.org\/{rel}","templated":true}]}}