{"id":12851,"date":"2023-09-08T12:12:42","date_gmt":"2023-09-08T12:12:42","guid":{"rendered":"https:\/\/oceansignal.com\/products\/ais-atb1-class-b-ais-paketti\/"},"modified":"2025-07-30T12:31:20","modified_gmt":"2025-07-30T12:31:20","slug":"ais-atb1-class-b-ais-paketti","status":"publish","type":"product","link":"https:\/\/oceansignal.com\/fi\/products\/ais-atb1-class-b-ais-paketti\/","title":{"rendered":"AIS ATB1 Class B+ AIS -paketti"},"content":{"rendered":"<p>&nbsp;<\/p>\n<table>\n<tbody>\n<tr>\n<th><\/th>\n<th class=\"content-entry\">Helposti integroitava pelastusliiviin kompakti MOB1 kommunikoi ATB1:n sek\u00e4 AIS-varustettujen veneiden kanssa noin viiden mailin et\u00e4isyydell\u00e4 ja tarjoaa kaksi tapaa nopeasti v\u00e4litt\u00e4\u00e4 miehen yli laidan sijainnin h\u00e4t\u00e4tilanteessa. Ensinn\u00e4kin se l\u00e4hett\u00e4\u00e4 h\u00e4lytyksen kaikille l\u00e4hist\u00f6ll\u00e4 oleville AIS-vastaanottimille ja AIS-yhteensopiville piirtureille. Toiseksi MOB1 aktivoi DSC-h\u00e4lytyksen aluksen VHF-radiosta varoittaakseen miehist\u00f6n j\u00e4seni\u00e4. Kun miehist\u00f6 pystyy seuraamaan henkil\u00f6n asentoa toipumisen aikana, integroitu strobovalo muovatulla linssill\u00e4 varmistaa, ett\u00e4 selviytyj\u00e4 havaitaan helposti huonoissa valaistusolosuhteissa.   <\/th>\n<\/tr>\n<tr>\n<th><\/th>\n<th><a href=\"https:\/\/oceansignal.com\/fi\/products\/pelasta-me-mob1\/\">Napsauta t\u00e4t\u00e4 saadaksesi lis\u00e4tietoja MOB1: st\u00e4<\/a><\/p>\n<p>&nbsp;<\/th>\n<\/tr>\n<tr>\n<th><\/th>\n<th><\/th>\n<\/tr>\n<tr>\n<th><\/th>\n<th>Ocean Signal edistynyt Class B+ (SOTDMA) ATB1 AIS -transponderi on suunniteltu tarjoamaan veneen omistajille parempaa n\u00e4kyvyytt\u00e4 ja navigointiturvallisuutta. Ylivoimaisen SOTDMA-tekniikan sis\u00e4lt\u00e4v\u00e4 ATB1 tarjoaa merkitt\u00e4vi\u00e4 etuja, kuten paremman prioriteetin sijaintiraporteille ilman l\u00e4hetyksen menetyst\u00e4 tai viivett\u00e4, parantaa k\u00e4ytt\u00e4j\u00e4n kyky\u00e4 n\u00e4hd\u00e4 muut alukset vilkkaalla vesill\u00e4 ja v\u00e4ltt\u00e4\u00e4 t\u00f6rm\u00e4yksi\u00e4 p\u00e4iv\u00e4ll\u00e4 tai y\u00f6ll\u00e4 olosuhteista riippumatta. Sill\u00e4 on nopeampi raportointinopeus ja suurempi l\u00e4ht\u00f6teho kuin tavallisilla CSTDMA-luokan B yksik\u00f6ill\u00e4, ja se l\u00e4hett\u00e4\u00e4 AIS-l\u00e4hetykset viiden sekunnin v\u00e4lein CSTDMA:n kahden l\u00e4hetyksen sijaan minuutissa. Yksik\u00f6n 5 watin l\u00e4ht\u00f6teho verrattuna tavalliseen 2 wattiin mahdollistaa l\u00e4hetysten ulottuvan pidemm\u00e4lle.   <\/th>\n<\/tr>\n<tr>\n<th><\/th>\n<th><a href=\"https:\/\/oceansignal.com\/products\/atb1\/\">Napsauta t\u00e4t\u00e4 saadaksesi lis\u00e4tietoja ATB1:st\u00e4<\/a><\/th>\n<\/tr>\n<\/tbody>\n<\/table>\n","protected":false},"excerpt":{"rendered":"<p>Uusi Ocean Signal ATB1 AIS -paketti yhdist\u00e4\u00e4 ATB1-transponderin uusimman AIS Class B+ -teknologian ja kaksi palkittua rescueME MOB1 man overboard -majakkaa varmistamaan parhaan mahdollisen nopean pelastuksen joko selviytyneen omasta aluksesta tai muista l\u00e4hist\u00f6ll\u00e4 olevista aluksista, jos joku putoaa veteen. AIS-sarja nostaa laivan turvallisuuden uudelle tasolle.<\/p>\n","protected":false},"featured_media":19209,"template":"","meta":{"_acf_changed":false,"om_disable_all_campaigns":false},"product_brand":[],"product_cat":[1210],"product_tag":[],"class_list":{"0":"post-12851","1":"product","2":"type-product","3":"status-publish","4":"has-post-thumbnail","6":"product_cat-lopetettu","8":"first","9":"instock","10":"taxable","11":"shipping-taxable","12":"product-type-simple"},"acf":[],"yoast_head":"<!-- This site is optimized with the Yoast SEO Premium plugin v25.2 (Yoast SEO v26.4) - https:\/\/yoast.com\/wordpress\/plugins\/seo\/ -->\n<title>AIS ATB1 Class B+ AIS -paketti - Ocean Signal<\/title>\n<meta name=\"robots\" content=\"index, follow, max-snippet:-1, max-image-preview:large, max-video-preview:-1\" \/>\n<link rel=\"canonical\" href=\"https:\/\/oceansignal.com\/fi\/products\/ais-atb1-class-b-ais-paketti\/\" \/>\n<meta property=\"og:locale\" content=\"fi_FI\" \/>\n<meta property=\"og:type\" content=\"article\" \/>\n<meta property=\"og:title\" content=\"AIS ATB1 Class B+ AIS -paketti\" \/>\n<meta property=\"og:description\" content=\"Uusi Ocean Signal ATB1 AIS -paketti yhdist\u00e4\u00e4 ATB1-transponderin uusimman AIS Class B+ -teknologian ja kaksi palkittua rescueME MOB1 man overboard -majakkaa varmistamaan parhaan mahdollisen nopean pelastuksen joko selviytyneen omasta aluksesta tai muista l\u00e4hist\u00f6ll\u00e4 olevista aluksista, jos joku putoaa veteen. AIS-sarja nostaa laivan turvallisuuden uudelle tasolle.\" \/>\n<meta property=\"og:url\" content=\"https:\/\/oceansignal.com\/fi\/products\/ais-atb1-class-b-ais-paketti\/\" \/>\n<meta property=\"og:site_name\" content=\"Ocean Signal\" \/>\n<meta property=\"article:modified_time\" content=\"2025-07-30T12:31:20+00:00\" \/>\n<meta property=\"og:image\" content=\"https:\/\/oceansignal.com\/wp-content\/uploads\/2023\/09\/OSL-ATB1-MOB-Bundle1-Left-Angle.png\" \/>\n\t<meta property=\"og:image:width\" content=\"720\" \/>\n\t<meta property=\"og:image:height\" content=\"720\" \/>\n\t<meta property=\"og:image:type\" content=\"image\/png\" \/>\n<meta name=\"twitter:card\" content=\"summary_large_image\" \/>\n<meta name=\"twitter:label1\" content=\"Arvioitu lukuaika\" \/>\n\t<meta name=\"twitter:data1\" content=\"1 minuutti\" \/>\n<script type=\"application\/ld+json\" class=\"yoast-schema-graph\">{\"@context\":\"https:\/\/schema.org\",\"@graph\":[{\"@type\":\"WebPage\",\"@id\":\"https:\/\/oceansignal.com\/fi\/products\/ais-atb1-class-b-ais-paketti\/\",\"url\":\"https:\/\/oceansignal.com\/fi\/products\/ais-atb1-class-b-ais-paketti\/\",\"name\":\"AIS ATB1 Class B+ AIS -paketti - Ocean Signal\",\"isPartOf\":{\"@id\":\"https:\/\/oceansignal.com\/fi\/#website\"},\"primaryImageOfPage\":{\"@id\":\"https:\/\/oceansignal.com\/fi\/products\/ais-atb1-class-b-ais-paketti\/#primaryimage\"},\"image\":{\"@id\":\"https:\/\/oceansignal.com\/fi\/products\/ais-atb1-class-b-ais-paketti\/#primaryimage\"},\"thumbnailUrl\":\"https:\/\/oceansignal.com\/wp-content\/uploads\/2023\/09\/OSL-ATB1-MOB-Bundle1-Left-Angle.png\",\"datePublished\":\"2023-09-08T12:12:42+00:00\",\"dateModified\":\"2025-07-30T12:31:20+00:00\",\"breadcrumb\":{\"@id\":\"https:\/\/oceansignal.com\/fi\/products\/ais-atb1-class-b-ais-paketti\/#breadcrumb\"},\"inLanguage\":\"fi\",\"potentialAction\":[{\"@type\":\"ReadAction\",\"target\":[\"https:\/\/oceansignal.com\/fi\/products\/ais-atb1-class-b-ais-paketti\/\"]}]},{\"@type\":\"ImageObject\",\"inLanguage\":\"fi\",\"@id\":\"https:\/\/oceansignal.com\/fi\/products\/ais-atb1-class-b-ais-paketti\/#primaryimage\",\"url\":\"https:\/\/oceansignal.com\/wp-content\/uploads\/2023\/09\/OSL-ATB1-MOB-Bundle1-Left-Angle.png\",\"contentUrl\":\"https:\/\/oceansignal.com\/wp-content\/uploads\/2023\/09\/OSL-ATB1-MOB-Bundle1-Left-Angle.png\",\"width\":720,\"height\":720},{\"@type\":\"BreadcrumbList\",\"@id\":\"https:\/\/oceansignal.com\/fi\/products\/ais-atb1-class-b-ais-paketti\/#breadcrumb\",\"itemListElement\":[{\"@type\":\"ListItem\",\"position\":1,\"name\":\"Shop\",\"item\":\"https:\/\/oceansignal.com\/fi\/shop\/\"},{\"@type\":\"ListItem\",\"position\":2,\"name\":\"AIS ATB1 Class B+ AIS -paketti\"}]},{\"@type\":\"WebSite\",\"@id\":\"https:\/\/oceansignal.com\/fi\/#website\",\"url\":\"https:\/\/oceansignal.com\/fi\/\",\"name\":\"Ocean Signal\",\"description\":\"A leading manufacturer of EPIRBs, AIS, SARTs, Personal Locator Beacons, Man Overboard Beacon for the Marine and Outdoor Markets.\",\"potentialAction\":[{\"@type\":\"SearchAction\",\"target\":{\"@type\":\"EntryPoint\",\"urlTemplate\":\"https:\/\/oceansignal.com\/fi\/?s={search_term_string}\"},\"query-input\":{\"@type\":\"PropertyValueSpecification\",\"valueRequired\":true,\"valueName\":\"search_term_string\"}}],\"inLanguage\":\"fi\"}]}<\/script>\n<!-- \/ Yoast SEO Premium plugin. -->","yoast_head_json":{"title":"AIS ATB1 Class B+ AIS -paketti - Ocean Signal","robots":{"index":"index","follow":"follow","max-snippet":"max-snippet:-1","max-image-preview":"max-image-preview:large","max-video-preview":"max-video-preview:-1"},"canonical":"https:\/\/oceansignal.com\/fi\/products\/ais-atb1-class-b-ais-paketti\/","og_locale":"fi_FI","og_type":"article","og_title":"AIS ATB1 Class B+ AIS -paketti","og_description":"Uusi Ocean Signal ATB1 AIS -paketti yhdist\u00e4\u00e4 ATB1-transponderin uusimman AIS Class B+ -teknologian ja kaksi palkittua rescueME MOB1 man overboard -majakkaa varmistamaan parhaan mahdollisen nopean pelastuksen joko selviytyneen omasta aluksesta tai muista l\u00e4hist\u00f6ll\u00e4 olevista aluksista, jos joku putoaa veteen. AIS-sarja nostaa laivan turvallisuuden uudelle tasolle.","og_url":"https:\/\/oceansignal.com\/fi\/products\/ais-atb1-class-b-ais-paketti\/","og_site_name":"Ocean Signal","article_modified_time":"2025-07-30T12:31:20+00:00","og_image":[{"width":720,"height":720,"url":"https:\/\/oceansignal.com\/wp-content\/uploads\/2023\/09\/OSL-ATB1-MOB-Bundle1-Left-Angle.png","type":"image\/png"}],"twitter_card":"summary_large_image","twitter_misc":{"Arvioitu lukuaika":"1 minuutti"},"schema":{"@context":"https:\/\/schema.org","@graph":[{"@type":"WebPage","@id":"https:\/\/oceansignal.com\/fi\/products\/ais-atb1-class-b-ais-paketti\/","url":"https:\/\/oceansignal.com\/fi\/products\/ais-atb1-class-b-ais-paketti\/","name":"AIS ATB1 Class B+ AIS -paketti - Ocean Signal","isPartOf":{"@id":"https:\/\/oceansignal.com\/fi\/#website"},"primaryImageOfPage":{"@id":"https:\/\/oceansignal.com\/fi\/products\/ais-atb1-class-b-ais-paketti\/#primaryimage"},"image":{"@id":"https:\/\/oceansignal.com\/fi\/products\/ais-atb1-class-b-ais-paketti\/#primaryimage"},"thumbnailUrl":"https:\/\/oceansignal.com\/wp-content\/uploads\/2023\/09\/OSL-ATB1-MOB-Bundle1-Left-Angle.png","datePublished":"2023-09-08T12:12:42+00:00","dateModified":"2025-07-30T12:31:20+00:00","breadcrumb":{"@id":"https:\/\/oceansignal.com\/fi\/products\/ais-atb1-class-b-ais-paketti\/#breadcrumb"},"inLanguage":"fi","potentialAction":[{"@type":"ReadAction","target":["https:\/\/oceansignal.com\/fi\/products\/ais-atb1-class-b-ais-paketti\/"]}]},{"@type":"ImageObject","inLanguage":"fi","@id":"https:\/\/oceansignal.com\/fi\/products\/ais-atb1-class-b-ais-paketti\/#primaryimage","url":"https:\/\/oceansignal.com\/wp-content\/uploads\/2023\/09\/OSL-ATB1-MOB-Bundle1-Left-Angle.png","contentUrl":"https:\/\/oceansignal.com\/wp-content\/uploads\/2023\/09\/OSL-ATB1-MOB-Bundle1-Left-Angle.png","width":720,"height":720},{"@type":"BreadcrumbList","@id":"https:\/\/oceansignal.com\/fi\/products\/ais-atb1-class-b-ais-paketti\/#breadcrumb","itemListElement":[{"@type":"ListItem","position":1,"name":"Shop","item":"https:\/\/oceansignal.com\/fi\/shop\/"},{"@type":"ListItem","position":2,"name":"AIS ATB1 Class B+ AIS -paketti"}]},{"@type":"WebSite","@id":"https:\/\/oceansignal.com\/fi\/#website","url":"https:\/\/oceansignal.com\/fi\/","name":"Ocean Signal","description":"A leading manufacturer of EPIRBs, AIS, SARTs, Personal Locator Beacons, Man Overboard Beacon for the Marine and Outdoor Markets.","potentialAction":[{"@type":"SearchAction","target":{"@type":"EntryPoint","urlTemplate":"https:\/\/oceansignal.com\/fi\/?s={search_term_string}"},"query-input":{"@type":"PropertyValueSpecification","valueRequired":true,"valueName":"search_term_string"}}],"inLanguage":"fi"}]}},"_links":{"self":[{"href":"https:\/\/oceansignal.com\/fi\/wp-json\/wp\/v2\/product\/12851","targetHints":{"allow":["GET"]}}],"collection":[{"href":"https:\/\/oceansignal.com\/fi\/wp-json\/wp\/v2\/product"}],"about":[{"href":"https:\/\/oceansignal.com\/fi\/wp-json\/wp\/v2\/types\/product"}],"wp:featuredmedia":[{"embeddable":true,"href":"https:\/\/oceansignal.com\/fi\/wp-json\/wp\/v2\/media\/19209"}],"wp:attachment":[{"href":"https:\/\/oceansignal.com\/fi\/wp-json\/wp\/v2\/media?parent=12851"}],"wp:term":[{"taxonomy":"product_brand","embeddable":true,"href":"https:\/\/oceansignal.com\/fi\/wp-json\/wp\/v2\/product_brand?post=12851"},{"taxonomy":"product_cat","embeddable":true,"href":"https:\/\/oceansignal.com\/fi\/wp-json\/wp\/v2\/product_cat?post=12851"},{"taxonomy":"product_tag","embeddable":true,"href":"https:\/\/oceansignal.com\/fi\/wp-json\/wp\/v2\/product_tag?post=12851"}],"curies":[{"name":"wp","href":"https:\/\/api.w.org\/{rel}","templated":true}]}}