{"id":12854,"date":"2023-09-08T12:03:59","date_gmt":"2023-09-08T12:03:59","guid":{"rendered":"https:\/\/oceansignal.com\/products\/ais-atb1-class-b-ais-lahetin-vastaanotin\/"},"modified":"2025-09-23T15:43:19","modified_gmt":"2025-09-23T15:43:19","slug":"ais-atb1-class-b-ais-lahetin-vastaanotin","status":"publish","type":"product","link":"https:\/\/oceansignal.com\/fi\/products\/ais-atb1-class-b-ais-lahetin-vastaanotin\/","title":{"rendered":"AIS ATB1 Class B+ AIS l\u00e4hetin-vastaanotin"},"content":{"rendered":"<p><strong><span class=\"fontstyle0\">K\u00e4ytt\u00e4j\u00e4n on m\u00e4\u00e4ritett\u00e4v\u00e4 ATB1 sy\u00f6tt\u00e4\u00e4kseen aluksen MMSI-numeron ja muut tiedot.<\/span><\/strong><br \/>\n<strong><span class=\"fontstyle0\">T\u00e4m\u00e4 voidaan suorittaa mobiilisovelluksella tai verkkopohjaisella ohjelmalla. Aloita m\u00e4\u00e4ritt\u00e4minen valitsemalla tuotteen nimen alta Tuoteohjelmointi-linkki.<br \/>\n<\/span><\/strong><\/p>\n<p>&nbsp;<\/p>\n<ul>\n<li>AIS-tietosivut: <a href=\"http:\/\/oceansignal.com\/wp-content\/uploads\/2023\/09\/AIS_Message_Structure.pdf\" target=\"_blank\" rel=\"noopener\">AIS-viestirakenne<\/a> , <a href=\"http:\/\/oceansignal.com\/wp-content\/uploads\/2023\/09\/AIS_Multiplexing.pdf\" target=\"_blank\" rel=\"noopener\">AIS-multipleksointi<\/a> , <a href=\"http:\/\/oceansignal.com\/wp-content\/uploads\/2023\/09\/AIS_with_LRM_Explained.pdf\" target=\"_blank\" rel=\"noopener\">AIS ja LRM-selitys<\/a><\/li>\n<\/ul>\n<p>&nbsp;<\/p>\n<p><span class=\"fontstyle0\">Aluksesi tiedot, kuten sijainti, nopeus, kurssi ja suunta, m\u00e4\u00e4ritet\u00e4\u00e4n automaattisesti ja jatkuvasti vaikuttavan sis\u00e4isen moni-GPS-vastaanottimen avulla tarkan globaalin<\/span> paikannukseen. T\u00e4m\u00e4 edistynyt tekniikka, jossa on 99 hakukanavaa ja 33 seurantakanavaa, varmistaa, ett\u00e4 AIS-l\u00e4hetykset antavat aina tarkimman ilmaisun aluksen sijainnista. <\/p>\n<p>&nbsp;<\/p>\n<p><span class=\"fontstyle0\">My\u00f6s muut aluksen tiedot, kuten aluksen nimi, kutsutunnus, tyyppi ja mitat sek\u00e4 MMSI, l\u00e4hetet\u00e4\u00e4n automaattisesti ATB1:st\u00e4. N\u00e4m\u00e4 tiedot ladataan ATB1:een WiFin kautta suoraan Ocean Signal k\u00e4ytt\u00e4j\u00e4yst\u00e4v\u00e4llisest\u00e4 mobiilisovelluksesta tai verkkosivustosta. Kun n\u00e4m\u00e4 tiedot on ladattu, ne s\u00e4ilyv\u00e4t laitteen haihtumattomassa muistissa, vaikka virta katkaistaan \u200b\u200bpitk\u00e4ksi aikaa.  <\/span><\/p>\n<p>&nbsp;<\/p>\n<p><span class=\"fontstyle0\">ATB1 vastaanottaa ja tulkitsee my\u00f6s AIS-viestej\u00e4 muista kantoalueella olevilta AIS-varustetuilta aluksilta, jotka voidaan sitten v\u00e4litt\u00e4\u00e4 vaivattomasti muihin navigointilaitteisiin, kuten karttaplottereihin, kannettaviin tietokoneisiin tai matkapuhelimiin k\u00e4ytt\u00e4m\u00e4ll\u00e4 ATB1:n NMEA 0183-, NMEA 2000<\/span> <span class=\"fontstyle0\">\u00ae<\/span> <span class=\"fontstyle0\">, USB- tai WiFi-l\u00e4ht\u00f6j\u00e4.<\/span><\/p>\n<p>&nbsp;<\/p>\n<p><span class=\"fontstyle0\">Ylivertaisen SOTDMA*-k\u00e4ytt\u00f6j\u00e4rjestelm\u00e4n k\u00e4ytt\u00e4minen erottaa ATB1:n saatavilla olevista CSTDMA**-luokan B tuotteista. T\u00e4ll\u00e4 Ocean Signal Class B+ -yksik\u00f6ll\u00e4 on sama AIS-l\u00e4hetysprioriteetti kuin luokan A yksik\u00f6ll\u00e4, mik\u00e4 antaa lis\u00e4varmuuden siit\u00e4, ett\u00e4 l\u00e4hetys ei katoa tai viiv\u00e4sty edes vilkkailla liikennealueilla. <\/span><\/p>\n<p>&nbsp;<\/p>\n<p><span class=\"fontstyle0\">ATB1:ll\u00e4 on my\u00f6s nopeampi raportointinopeus ja suurempi l\u00e4ht\u00f6teho kuin CSTDMA-luokan B yksik\u00f6ill\u00e4.  <\/span><span class=\"fontstyle0\">Se l\u00e4hett\u00e4\u00e4 AIS-l\u00e4hetyksi\u00e4 5 sekunnin v\u00e4lein korkeintaan kahden l\u00e4hetyksen sijaan minuutissa, ja 5 W:n l\u00e4ht\u00f6teho 2 W:n sijaan mahdollistaa l\u00e4hetysten ulottuvan pidemm\u00e4lle.<\/span><\/p>\n<p>&nbsp;<\/p>\n<p><span class=\"fontstyle0\">ATB1:n moniv\u00e4rinen LED-merkkivalo ilmaisee yksik\u00f6n jatkuvan toimintatilan. T\u00e4m\u00e4 lis\u00e4turvaominaisuus antaa sinulle varmuuden siit\u00e4, ett\u00e4 ATB1:ss\u00e4 on jatkuva AIS-l\u00e4hetys ja optimaalinen suorituskyky. ATB1:ss\u00e4 on tyylik\u00e4s mutta vankka vedenpit\u00e4v\u00e4 muotoilu, joka on korkea suorituskyky ja pieni energiankulutus.    <\/span><\/p>\n<p>&nbsp;<\/p>\n<p><span class=\"fontstyle0\">Se on nopea ja yksinkertainen asentaa, ja sen mukana toimitetaan ulkoinen<\/span> <span class=\"fontstyle0\">GPS-antenni, mik\u00e4 tarkoittaa, ett\u00e4 tarvitset vain sopivan laitteen (matkapuhelimen, tabletin tai PC:n) aluksen tietojen lataamiseen, ja voit aloittaa<\/span> <span class=\"fontstyle0\">AIS-viestien l\u00e4hett\u00e4misen muutamassa minuutissa.<\/span><\/p>\n<p>&nbsp;<\/p>\n<p><span class=\"fontstyle0\">Ocean Signal ammatti- ja vapaa-ajan markkinoille tarkoitettujen hengenpelastustuotteiden johtava merenkulun tuotteiden johtaja. Se tarjoaa j\u00e4lleen \u00e4\u00e4rimm\u00e4isen turvallisuuden ja mielenrauhan ATB1 Class B -l\u00e4hetin-vastaanottimella.<\/span><\/p>\n<p>&nbsp;<\/p>\n<p><em><span class=\"fontstyle0\">* Self Organised Time Division Multiple Access<br \/>\n ** Carrier Sense Time Division -monik\u00e4ytt\u00f6<\/span><\/em><\/p>\n<p>&nbsp;<\/p>\n<p>Katso ATB1-laiteohjelmistop\u00e4ivitykset ja versiohistoria <strong><a href=\"http:\/\/oceansignal.com\/support\/product-programming\/atb1-class-b-ais-transceiver-programming\/software-updates\/\">t\u00e4lt\u00e4 sivulta<\/a><\/strong> .<\/p>\n","protected":false},"excerpt":{"rendered":"<p><span class=\"fontstyle0\">Ocean Signal <span class=\"fontstyle2\">ATB1<\/span> Class B+ AIS-l\u00e4hetinvastaanotin, joka sis\u00e4lt\u00e4\u00e4 erinomaisen <span class=\"fontstyle2\">SOTDMA-<\/span> k\u00e4ytt\u00f6j\u00e4rjestelm\u00e4n, parantaa n\u00e4kyvyytt\u00e4 ja turvallisuutta merell\u00e4.<\/span><\/p>\n<p> <span class=\"fontstyle0\">T\u00e4ysin yhteensopiva ATB1 Class B+ (SOTDMA) AIS-l\u00e4hetinvastaanotin Ocean Signal on viimeisin pitk\u00e4st\u00e4 olennaisten meriturvallisuuslaitteiden sarjasta, joka on kehitetty ja valmistettu Isossa-Britanniassa merenkulun<\/span> markkinoille.<\/p>\n<p> <span class=\"fontstyle0\">Se on suunniteltu auttamaan t\u00f6rm\u00e4ysten v\u00e4ltt\u00e4misess\u00e4, ja se tarjoaa merkitt\u00e4v\u00e4n edun merenkulun turvallisuudessa ja antaa sinulle mielenrauhan, ett\u00e4 aluksesi n\u00e4kyy p\u00e4iv\u00e4ll\u00e4 tai y\u00f6ll\u00e4 s\u00e4\u00e4st\u00e4 riippumatta t\u00e4m\u00e4n p\u00e4iv\u00e4n vilkkailla vesiv\u00e4ylill\u00e4.<\/span><\/p>\n","protected":false},"featured_media":20888,"template":"","meta":{"_acf_changed":false,"om_disable_all_campaigns":false},"product_brand":[],"product_cat":[1210],"product_tag":[],"class_list":{"0":"post-12854","1":"product","2":"type-product","3":"status-publish","4":"has-post-thumbnail","6":"product_cat-lopetettu","8":"first","9":"outofstock","10":"taxable","11":"shipping-taxable","12":"product-type-simple"},"acf":[],"yoast_head":"<!-- This site is optimized with the Yoast SEO Premium plugin v25.2 (Yoast SEO v26.4) - https:\/\/yoast.com\/wordpress\/plugins\/seo\/ -->\n<title>AIS ATB1 Class B+ AIS l\u00e4hetin-vastaanotin - Ocean Signal<\/title>\n<meta name=\"robots\" content=\"index, follow, max-snippet:-1, max-image-preview:large, max-video-preview:-1\" \/>\n<link rel=\"canonical\" href=\"https:\/\/oceansignal.com\/fi\/products\/ais-atb1-class-b-ais-lahetin-vastaanotin\/\" \/>\n<meta property=\"og:locale\" content=\"fi_FI\" \/>\n<meta property=\"og:type\" content=\"article\" \/>\n<meta property=\"og:title\" content=\"AIS ATB1 Class B+ AIS l\u00e4hetin-vastaanotin\" \/>\n<meta property=\"og:description\" content=\"Ocean Signal ATB1 Class B+ AIS-l\u00e4hetinvastaanotin, joka sis\u00e4lt\u00e4\u00e4 erinomaisen SOTDMA- k\u00e4ytt\u00f6j\u00e4rjestelm\u00e4n, parantaa n\u00e4kyvyytt\u00e4 ja turvallisuutta merell\u00e4.  T\u00e4ysin yhteensopiva ATB1 Class B+ (SOTDMA) AIS-l\u00e4hetinvastaanotin Ocean Signal on viimeisin pitk\u00e4st\u00e4 olennaisten meriturvallisuuslaitteiden sarjasta, joka on kehitetty ja valmistettu Isossa-Britanniassa merenkulun markkinoille.  Se on suunniteltu auttamaan t\u00f6rm\u00e4ysten v\u00e4ltt\u00e4misess\u00e4, ja se tarjoaa merkitt\u00e4v\u00e4n edun merenkulun turvallisuudessa ja antaa sinulle mielenrauhan, ett\u00e4 aluksesi n\u00e4kyy p\u00e4iv\u00e4ll\u00e4 tai y\u00f6ll\u00e4 s\u00e4\u00e4st\u00e4 riippumatta t\u00e4m\u00e4n p\u00e4iv\u00e4n vilkkailla vesiv\u00e4ylill\u00e4.\" \/>\n<meta property=\"og:url\" content=\"https:\/\/oceansignal.com\/fi\/products\/ais-atb1-class-b-ais-lahetin-vastaanotin\/\" \/>\n<meta property=\"og:site_name\" content=\"Ocean Signal\" \/>\n<meta property=\"article:modified_time\" content=\"2025-09-23T15:43:19+00:00\" \/>\n<meta property=\"og:image\" content=\"https:\/\/oceansignal.com\/wp-content\/uploads\/2023\/09\/OSL-ATB1-Bundle-360_600x600-1.gif\" \/>\n\t<meta property=\"og:image:width\" content=\"600\" \/>\n\t<meta property=\"og:image:height\" content=\"600\" \/>\n\t<meta property=\"og:image:type\" content=\"image\/gif\" \/>\n<meta name=\"twitter:card\" content=\"summary_large_image\" \/>\n<meta name=\"twitter:label1\" content=\"Arvioitu lukuaika\" \/>\n\t<meta name=\"twitter:data1\" content=\"2 minuuttia\" \/>\n<script type=\"application\/ld+json\" class=\"yoast-schema-graph\">{\"@context\":\"https:\/\/schema.org\",\"@graph\":[{\"@type\":\"WebPage\",\"@id\":\"https:\/\/oceansignal.com\/fi\/products\/ais-atb1-class-b-ais-lahetin-vastaanotin\/\",\"url\":\"https:\/\/oceansignal.com\/fi\/products\/ais-atb1-class-b-ais-lahetin-vastaanotin\/\",\"name\":\"AIS ATB1 Class B+ AIS l\u00e4hetin-vastaanotin - Ocean Signal\",\"isPartOf\":{\"@id\":\"https:\/\/oceansignal.com\/fi\/#website\"},\"primaryImageOfPage\":{\"@id\":\"https:\/\/oceansignal.com\/fi\/products\/ais-atb1-class-b-ais-lahetin-vastaanotin\/#primaryimage\"},\"image\":{\"@id\":\"https:\/\/oceansignal.com\/fi\/products\/ais-atb1-class-b-ais-lahetin-vastaanotin\/#primaryimage\"},\"thumbnailUrl\":\"https:\/\/oceansignal.com\/wp-content\/uploads\/2023\/09\/OSL-ATB1-Bundle-360_600x600-1.gif\",\"datePublished\":\"2023-09-08T12:03:59+00:00\",\"dateModified\":\"2025-09-23T15:43:19+00:00\",\"breadcrumb\":{\"@id\":\"https:\/\/oceansignal.com\/fi\/products\/ais-atb1-class-b-ais-lahetin-vastaanotin\/#breadcrumb\"},\"inLanguage\":\"fi\",\"potentialAction\":[{\"@type\":\"ReadAction\",\"target\":[\"https:\/\/oceansignal.com\/fi\/products\/ais-atb1-class-b-ais-lahetin-vastaanotin\/\"]}]},{\"@type\":\"ImageObject\",\"inLanguage\":\"fi\",\"@id\":\"https:\/\/oceansignal.com\/fi\/products\/ais-atb1-class-b-ais-lahetin-vastaanotin\/#primaryimage\",\"url\":\"https:\/\/oceansignal.com\/wp-content\/uploads\/2023\/09\/OSL-ATB1-Bundle-360_600x600-1.gif\",\"contentUrl\":\"https:\/\/oceansignal.com\/wp-content\/uploads\/2023\/09\/OSL-ATB1-Bundle-360_600x600-1.gif\",\"width\":600,\"height\":600},{\"@type\":\"BreadcrumbList\",\"@id\":\"https:\/\/oceansignal.com\/fi\/products\/ais-atb1-class-b-ais-lahetin-vastaanotin\/#breadcrumb\",\"itemListElement\":[{\"@type\":\"ListItem\",\"position\":1,\"name\":\"Shop\",\"item\":\"https:\/\/oceansignal.com\/fi\/shop\/\"},{\"@type\":\"ListItem\",\"position\":2,\"name\":\"AIS ATB1 Class B+ AIS l\u00e4hetin-vastaanotin\"}]},{\"@type\":\"WebSite\",\"@id\":\"https:\/\/oceansignal.com\/fi\/#website\",\"url\":\"https:\/\/oceansignal.com\/fi\/\",\"name\":\"Ocean Signal\",\"description\":\"A leading manufacturer of EPIRBs, AIS, SARTs, Personal Locator Beacons, Man Overboard Beacon for the Marine and Outdoor Markets.\",\"potentialAction\":[{\"@type\":\"SearchAction\",\"target\":{\"@type\":\"EntryPoint\",\"urlTemplate\":\"https:\/\/oceansignal.com\/fi\/?s={search_term_string}\"},\"query-input\":{\"@type\":\"PropertyValueSpecification\",\"valueRequired\":true,\"valueName\":\"search_term_string\"}}],\"inLanguage\":\"fi\"}]}<\/script>\n<!-- \/ Yoast SEO Premium plugin. -->","yoast_head_json":{"title":"AIS ATB1 Class B+ AIS l\u00e4hetin-vastaanotin - Ocean Signal","robots":{"index":"index","follow":"follow","max-snippet":"max-snippet:-1","max-image-preview":"max-image-preview:large","max-video-preview":"max-video-preview:-1"},"canonical":"https:\/\/oceansignal.com\/fi\/products\/ais-atb1-class-b-ais-lahetin-vastaanotin\/","og_locale":"fi_FI","og_type":"article","og_title":"AIS ATB1 Class B+ AIS l\u00e4hetin-vastaanotin","og_description":"Ocean Signal ATB1 Class B+ AIS-l\u00e4hetinvastaanotin, joka sis\u00e4lt\u00e4\u00e4 erinomaisen SOTDMA- k\u00e4ytt\u00f6j\u00e4rjestelm\u00e4n, parantaa n\u00e4kyvyytt\u00e4 ja turvallisuutta merell\u00e4.  T\u00e4ysin yhteensopiva ATB1 Class B+ (SOTDMA) AIS-l\u00e4hetinvastaanotin Ocean Signal on viimeisin pitk\u00e4st\u00e4 olennaisten meriturvallisuuslaitteiden sarjasta, joka on kehitetty ja valmistettu Isossa-Britanniassa merenkulun markkinoille.  Se on suunniteltu auttamaan t\u00f6rm\u00e4ysten v\u00e4ltt\u00e4misess\u00e4, ja se tarjoaa merkitt\u00e4v\u00e4n edun merenkulun turvallisuudessa ja antaa sinulle mielenrauhan, ett\u00e4 aluksesi n\u00e4kyy p\u00e4iv\u00e4ll\u00e4 tai y\u00f6ll\u00e4 s\u00e4\u00e4st\u00e4 riippumatta t\u00e4m\u00e4n p\u00e4iv\u00e4n vilkkailla vesiv\u00e4ylill\u00e4.","og_url":"https:\/\/oceansignal.com\/fi\/products\/ais-atb1-class-b-ais-lahetin-vastaanotin\/","og_site_name":"Ocean Signal","article_modified_time":"2025-09-23T15:43:19+00:00","og_image":[{"url":"https:\/\/oceansignal.com\/wp-content\/uploads\/2023\/09\/OSL-ATB1-Bundle-360_600x600-1.gif","width":600,"height":600,"type":"image\/gif"}],"twitter_card":"summary_large_image","twitter_misc":{"Arvioitu lukuaika":"2 minuuttia"},"schema":{"@context":"https:\/\/schema.org","@graph":[{"@type":"WebPage","@id":"https:\/\/oceansignal.com\/fi\/products\/ais-atb1-class-b-ais-lahetin-vastaanotin\/","url":"https:\/\/oceansignal.com\/fi\/products\/ais-atb1-class-b-ais-lahetin-vastaanotin\/","name":"AIS ATB1 Class B+ AIS l\u00e4hetin-vastaanotin - Ocean Signal","isPartOf":{"@id":"https:\/\/oceansignal.com\/fi\/#website"},"primaryImageOfPage":{"@id":"https:\/\/oceansignal.com\/fi\/products\/ais-atb1-class-b-ais-lahetin-vastaanotin\/#primaryimage"},"image":{"@id":"https:\/\/oceansignal.com\/fi\/products\/ais-atb1-class-b-ais-lahetin-vastaanotin\/#primaryimage"},"thumbnailUrl":"https:\/\/oceansignal.com\/wp-content\/uploads\/2023\/09\/OSL-ATB1-Bundle-360_600x600-1.gif","datePublished":"2023-09-08T12:03:59+00:00","dateModified":"2025-09-23T15:43:19+00:00","breadcrumb":{"@id":"https:\/\/oceansignal.com\/fi\/products\/ais-atb1-class-b-ais-lahetin-vastaanotin\/#breadcrumb"},"inLanguage":"fi","potentialAction":[{"@type":"ReadAction","target":["https:\/\/oceansignal.com\/fi\/products\/ais-atb1-class-b-ais-lahetin-vastaanotin\/"]}]},{"@type":"ImageObject","inLanguage":"fi","@id":"https:\/\/oceansignal.com\/fi\/products\/ais-atb1-class-b-ais-lahetin-vastaanotin\/#primaryimage","url":"https:\/\/oceansignal.com\/wp-content\/uploads\/2023\/09\/OSL-ATB1-Bundle-360_600x600-1.gif","contentUrl":"https:\/\/oceansignal.com\/wp-content\/uploads\/2023\/09\/OSL-ATB1-Bundle-360_600x600-1.gif","width":600,"height":600},{"@type":"BreadcrumbList","@id":"https:\/\/oceansignal.com\/fi\/products\/ais-atb1-class-b-ais-lahetin-vastaanotin\/#breadcrumb","itemListElement":[{"@type":"ListItem","position":1,"name":"Shop","item":"https:\/\/oceansignal.com\/fi\/shop\/"},{"@type":"ListItem","position":2,"name":"AIS ATB1 Class B+ AIS l\u00e4hetin-vastaanotin"}]},{"@type":"WebSite","@id":"https:\/\/oceansignal.com\/fi\/#website","url":"https:\/\/oceansignal.com\/fi\/","name":"Ocean Signal","description":"A leading manufacturer of EPIRBs, AIS, SARTs, Personal Locator Beacons, Man Overboard Beacon for the Marine and Outdoor Markets.","potentialAction":[{"@type":"SearchAction","target":{"@type":"EntryPoint","urlTemplate":"https:\/\/oceansignal.com\/fi\/?s={search_term_string}"},"query-input":{"@type":"PropertyValueSpecification","valueRequired":true,"valueName":"search_term_string"}}],"inLanguage":"fi"}]}},"_links":{"self":[{"href":"https:\/\/oceansignal.com\/fi\/wp-json\/wp\/v2\/product\/12854","targetHints":{"allow":["GET"]}}],"collection":[{"href":"https:\/\/oceansignal.com\/fi\/wp-json\/wp\/v2\/product"}],"about":[{"href":"https:\/\/oceansignal.com\/fi\/wp-json\/wp\/v2\/types\/product"}],"wp:featuredmedia":[{"embeddable":true,"href":"https:\/\/oceansignal.com\/fi\/wp-json\/wp\/v2\/media\/20888"}],"wp:attachment":[{"href":"https:\/\/oceansignal.com\/fi\/wp-json\/wp\/v2\/media?parent=12854"}],"wp:term":[{"taxonomy":"product_brand","embeddable":true,"href":"https:\/\/oceansignal.com\/fi\/wp-json\/wp\/v2\/product_brand?post=12854"},{"taxonomy":"product_cat","embeddable":true,"href":"https:\/\/oceansignal.com\/fi\/wp-json\/wp\/v2\/product_cat?post=12854"},{"taxonomy":"product_tag","embeddable":true,"href":"https:\/\/oceansignal.com\/fi\/wp-json\/wp\/v2\/product_tag?post=12854"}],"curies":[{"name":"wp","href":"https:\/\/api.w.org\/{rel}","templated":true}]}}