{"id":12861,"date":"2023-09-08T09:39:08","date_gmt":"2023-09-08T09:39:08","guid":{"rendered":"https:\/\/oceansignal.com\/products\/safesea-s100-tutka-sart\/"},"modified":"2026-01-21T19:32:25","modified_gmt":"2026-01-21T19:32:25","slug":"safesea-s100-tutka-sart","status":"publish","type":"product","link":"https:\/\/oceansignal.com\/fi\/products\/safesea-s100-tutka-sart\/","title":{"rendered":"safeSEA S100 -tutka SART"},"content":{"rendered":"<h4>safeSEA S100 Search and Rescue -transponderi (Radar SART) on <a href=\"https:\/\/www.imo.org\/\">IMOn<\/a> SOLAS-m\u00e4\u00e4r\u00e4ysten mukainen erillinen tutkatransponderi.<\/h4>\n<p>Kansainv\u00e4linen merenkulkuj\u00e4rjest\u00f6 (IMO) m\u00e4\u00e4r\u00e4\u00e4 maailmanlaajuisen merih\u00e4t\u00e4- ja turvallisuusj\u00e4rjestelm\u00e4n (GMDSS) kuljetusvaatimukset etsint\u00e4- ja pelastustranspondereille (SART). GMDSS-m\u00e4\u00e4r\u00e4ysten alaisten alusten, mukaan lukien matkustaja-alukset, rahtialukset, joiden bruttovetoisuus on yli 300, ja kansainv\u00e4lisill\u00e4 matkoilla liikenn\u00f6iv\u00e4t alukset, on oltava mukana v\u00e4hint\u00e4\u00e4n yksi S100 SART. S100 on kompakti SART-tutka, joka auttaa paikantamaan h\u00e4d\u00e4ss\u00e4 olevia aluksia vastaamalla etsint\u00e4- ja pelastusyksik\u00f6iden tutkasignaaleihin. S100-tutka SART t\u00e4ytt\u00e4\u00e4 IMO:n m\u00e4\u00e4rittelem\u00e4t erityiset suorituskykystandardit, mik\u00e4 varmistaa tuotteen luotettavuuden ja tehokkuuden h\u00e4t\u00e4tilanteissa. N\u00e4iden vaatimusten noudattaminen on v\u00e4ltt\u00e4m\u00e4t\u00f6nt\u00e4 meriturvallisuuden parantamiseksi ja oikea-aikaisten etsint\u00e4- ja pelastustoimien helpottamiseksi.    <\/p>\n<ul>\n<li>Ylivoimainen akunkesto \u2013 jopa -20\u00b0C:ssa<\/li>\n<li>K\u00e4ytt\u00e4j\u00e4n vaihdettava akku<\/li>\n<li>Vaaraton akku<\/li>\n<li>Viiden vuoden vaihtov\u00e4li<\/li>\n<li>Kompakti koko helpottaa pelastuslautan pakkaamista<\/li>\n<li>Mukana s\u00e4ilytysteline<\/li>\n<li>Pylv\u00e4s N\u00e4kyy kuvissa, jotka toimitetaan erikseen (tilausosanumero: 711S-01802 SART-asennustanko)<\/li>\n<\/ul>\n<p>&nbsp;<\/p>\n<h4>Kuljetusvaatimukset<\/h4>\n<ul>\n<li>SART:t vaaditaan kaikilla kansainv\u00e4lisill\u00e4 matkoilla olevilla IMO SOLAS -aluksilla:\n<ul>\n<li>Yksi 300-500 GRT<\/li>\n<li>Kaksi, jos yli 500 GRT<\/li>\n<li>Yksi SART jokaista nelj\u00e4\u00e4 pelastuslautaa kohden ro-ro-matkustaja-aluksilla<\/li>\n<\/ul>\n<\/li>\n<li>Kansallisesti valtuutetut alukset, mukaan lukien kalastusalukset, matkustaja-alukset, kaupalliset ty\u00f6veneet jne<\/li>\n<li>Useimmissa Super- ja Mega-jahdeissa on oltava SART, varsinkin jos ne kuuluvat monien maiden tunnustamien MCA-k\u00e4yt\u00e4nt\u00f6jen piiriin.<\/li>\n<li>Vapaaehtoiset sopivat alukset hy\u00f6tyv\u00e4t my\u00f6s SART:n kuljettamisesta<\/li>\n<\/ul>\n<p>Haluatko p\u00e4ivitt\u00e4\u00e4 uusiin AIS EPIRB -vaatimuksiin? Tutustu uuteen <a href=\"https:\/\/oceansignal.com\/products\/safesea-epirb3-pro\/\">safeSEA EPIRB3 Pro<\/a> <\/p>\n","protected":false},"excerpt":{"rendered":"<p>Ocean Signal safeSEA S100 -tutkal\u00e4hetin eli Radar SART on t\u00e4rke\u00e4 osa merenkulun turvallisuusvarusteita, ja se on suunniteltu parantamaan n\u00e4kyvyytt\u00e4 ja auttamaan etsint\u00e4- ja pelastustoimissa. Edistyksellisen tutkaheijastinteknologiansa ansiosta t\u00e4m\u00e4 majakka varmistaa, ett\u00e4 aluksesi on helposti havaittavissa my\u00f6s huonoissa s\u00e4\u00e4olosuhteissa ja huonon n\u00e4kyvyyden tilanteissa. Kompakti ja kest\u00e4v\u00e4 S100 Radar SART on helppo ottaa k\u00e4ytt\u00f6\u00f6n ja eritt\u00e4in luotettava, tarjoten mielenrauhaa niin purjehtijoille kuin veneilij\u00f6illekin. Olipa kyseess\u00e4 vilkas laivaliikenne tai syrj\u00e4isill\u00e4 vesill\u00e4 purjehtiminen, Ocean Signal safeSEA S100 Radar SART on olennainen lis\u00e4 mink\u00e4 tahansa aluksen turvavarusteisiin ja varmistaa nopean ja tehokkaan reagoinnin h\u00e4t\u00e4tilanteissa.   <\/p>\n<p>safeSEA S100 SART on suunniteltu avustamaan pelastuslauttojen ja pelastusveneiden pelastamisessa ja nostamisessa. P\u00e4\u00e4lle kytkettyn\u00e4 SART pysyy valmiustilassa, kunnes l\u00e4hell\u00e4 oleva alus aktivoi sen automaattisesti X-kaistan tutkasignaalin avulla. safeSEA S100 l\u00e4hett\u00e4\u00e4 sarjan pulsseja, jotka n\u00e4kyv\u00e4t aluksen tutkassa pisteviivana ja osoittavat suuntiman pelastusveneelle ja -lauttalle.  <\/p>\n<p><a href=\"https:\/\/www.dropbox.com\/s\/fk04stqsp2hgk5f\/Prop%2065%20-%20DEHP.pdf?dl=0\">VAROITUS: PROP 65<\/a><\/p>\n","protected":false},"featured_media":23016,"template":"","meta":{"_acf_changed":false,"om_disable_all_campaigns":false},"product_brand":[],"product_cat":[604],"product_tag":[],"class_list":{"0":"post-12861","1":"product","2":"type-product","3":"status-publish","4":"has-post-thumbnail","6":"product_cat-safesea-fi","8":"first","9":"instock","10":"taxable","11":"shipping-taxable","12":"purchasable","13":"product-type-simple"},"acf":[],"yoast_head":"<!-- This site is optimized with the Yoast SEO Premium plugin v25.2 (Yoast SEO v26.4) - https:\/\/yoast.com\/wordpress\/plugins\/seo\/ -->\n<title>safeSEA S100 -tutka SART - Ocean Signal<\/title>\n<meta name=\"description\" content=\"Ocean Signal S100 Radar SART: Olennainen tutkaheijastin meriturvallisuuteen. Luotettava GMDSS-etsint\u00e4- ja pelastusmajakka. Osta nyt mielenrauhan vuoksi!\" \/>\n<meta name=\"robots\" content=\"index, follow, max-snippet:-1, max-image-preview:large, max-video-preview:-1\" \/>\n<link rel=\"canonical\" href=\"https:\/\/oceansignal.com\/fi\/products\/safesea-s100-tutka-sart\/\" \/>\n<meta property=\"og:locale\" content=\"fi_FI\" \/>\n<meta property=\"og:type\" content=\"article\" \/>\n<meta property=\"og:title\" content=\"safeSEA S100 -tutka SART\" \/>\n<meta property=\"og:description\" content=\"Ocean Signal S100 Radar SART: Olennainen tutkaheijastin meriturvallisuuteen. Luotettava GMDSS-etsint\u00e4- ja pelastusmajakka. Osta nyt mielenrauhan vuoksi!\" \/>\n<meta property=\"og:url\" content=\"https:\/\/oceansignal.com\/fi\/products\/safesea-s100-tutka-sart\/\" \/>\n<meta property=\"og:site_name\" content=\"Ocean Signal\" \/>\n<meta property=\"article:modified_time\" content=\"2026-01-21T19:32:25+00:00\" \/>\n<meta property=\"og:image\" content=\"https:\/\/oceansignal.com\/wp-content\/uploads\/2023\/09\/OSL-S100-SART-With-back-piece.png\" \/>\n\t<meta property=\"og:image:width\" content=\"792\" \/>\n\t<meta property=\"og:image:height\" content=\"792\" \/>\n\t<meta property=\"og:image:type\" content=\"image\/png\" \/>\n<meta name=\"twitter:card\" content=\"summary_large_image\" \/>\n<meta name=\"twitter:label1\" content=\"Arvioitu lukuaika\" \/>\n\t<meta name=\"twitter:data1\" content=\"1 minuutti\" \/>\n<script type=\"application\/ld+json\" class=\"yoast-schema-graph\">{\"@context\":\"https:\/\/schema.org\",\"@graph\":[{\"@type\":\"WebPage\",\"@id\":\"https:\/\/oceansignal.com\/fi\/products\/safesea-s100-tutka-sart\/\",\"url\":\"https:\/\/oceansignal.com\/fi\/products\/safesea-s100-tutka-sart\/\",\"name\":\"safeSEA S100 -tutka SART - Ocean Signal\",\"isPartOf\":{\"@id\":\"https:\/\/oceansignal.com\/fi\/#website\"},\"primaryImageOfPage\":{\"@id\":\"https:\/\/oceansignal.com\/fi\/products\/safesea-s100-tutka-sart\/#primaryimage\"},\"image\":{\"@id\":\"https:\/\/oceansignal.com\/fi\/products\/safesea-s100-tutka-sart\/#primaryimage\"},\"thumbnailUrl\":\"https:\/\/oceansignal.com\/wp-content\/uploads\/2023\/09\/OSL-S100-SART-With-back-piece.png\",\"datePublished\":\"2023-09-08T09:39:08+00:00\",\"dateModified\":\"2026-01-21T19:32:25+00:00\",\"description\":\"Ocean Signal S100 Radar SART: Olennainen tutkaheijastin meriturvallisuuteen. Luotettava GMDSS-etsint\u00e4- ja pelastusmajakka. Osta nyt mielenrauhan vuoksi!\",\"breadcrumb\":{\"@id\":\"https:\/\/oceansignal.com\/fi\/products\/safesea-s100-tutka-sart\/#breadcrumb\"},\"inLanguage\":\"fi\",\"potentialAction\":[{\"@type\":\"ReadAction\",\"target\":[\"https:\/\/oceansignal.com\/fi\/products\/safesea-s100-tutka-sart\/\"]}]},{\"@type\":\"ImageObject\",\"inLanguage\":\"fi\",\"@id\":\"https:\/\/oceansignal.com\/fi\/products\/safesea-s100-tutka-sart\/#primaryimage\",\"url\":\"https:\/\/oceansignal.com\/wp-content\/uploads\/2023\/09\/OSL-S100-SART-With-back-piece.png\",\"contentUrl\":\"https:\/\/oceansignal.com\/wp-content\/uploads\/2023\/09\/OSL-S100-SART-With-back-piece.png\",\"width\":792,\"height\":792,\"caption\":\"Ocean Signal S100 Sart kiinnikkeell\u00e4 r\u00e4j\u00e4ht\u00e4nyt, vasen kulma\"},{\"@type\":\"BreadcrumbList\",\"@id\":\"https:\/\/oceansignal.com\/fi\/products\/safesea-s100-tutka-sart\/#breadcrumb\",\"itemListElement\":[{\"@type\":\"ListItem\",\"position\":1,\"name\":\"Shop\",\"item\":\"https:\/\/oceansignal.com\/fi\/shop\/\"},{\"@type\":\"ListItem\",\"position\":2,\"name\":\"safeSEA S100 -tutka SART\"}]},{\"@type\":\"WebSite\",\"@id\":\"https:\/\/oceansignal.com\/fi\/#website\",\"url\":\"https:\/\/oceansignal.com\/fi\/\",\"name\":\"Ocean Signal\",\"description\":\"A leading manufacturer of EPIRBs, AIS, SARTs, Personal Locator Beacons, Man Overboard Beacon for the Marine and Outdoor Markets.\",\"potentialAction\":[{\"@type\":\"SearchAction\",\"target\":{\"@type\":\"EntryPoint\",\"urlTemplate\":\"https:\/\/oceansignal.com\/fi\/?s={search_term_string}\"},\"query-input\":{\"@type\":\"PropertyValueSpecification\",\"valueRequired\":true,\"valueName\":\"search_term_string\"}}],\"inLanguage\":\"fi\"}]}<\/script>\n<!-- \/ Yoast SEO Premium plugin. -->","yoast_head_json":{"title":"safeSEA S100 -tutka SART - Ocean Signal","description":"Ocean Signal S100 Radar SART: Olennainen tutkaheijastin meriturvallisuuteen. Luotettava GMDSS-etsint\u00e4- ja pelastusmajakka. Osta nyt mielenrauhan vuoksi!","robots":{"index":"index","follow":"follow","max-snippet":"max-snippet:-1","max-image-preview":"max-image-preview:large","max-video-preview":"max-video-preview:-1"},"canonical":"https:\/\/oceansignal.com\/fi\/products\/safesea-s100-tutka-sart\/","og_locale":"fi_FI","og_type":"article","og_title":"safeSEA S100 -tutka SART","og_description":"Ocean Signal S100 Radar SART: Olennainen tutkaheijastin meriturvallisuuteen. Luotettava GMDSS-etsint\u00e4- ja pelastusmajakka. Osta nyt mielenrauhan vuoksi!","og_url":"https:\/\/oceansignal.com\/fi\/products\/safesea-s100-tutka-sart\/","og_site_name":"Ocean Signal","article_modified_time":"2026-01-21T19:32:25+00:00","og_image":[{"width":792,"height":792,"url":"https:\/\/oceansignal.com\/wp-content\/uploads\/2023\/09\/OSL-S100-SART-With-back-piece.png","type":"image\/png"}],"twitter_card":"summary_large_image","twitter_misc":{"Arvioitu lukuaika":"1 minuutti"},"schema":{"@context":"https:\/\/schema.org","@graph":[{"@type":"WebPage","@id":"https:\/\/oceansignal.com\/fi\/products\/safesea-s100-tutka-sart\/","url":"https:\/\/oceansignal.com\/fi\/products\/safesea-s100-tutka-sart\/","name":"safeSEA S100 -tutka SART - Ocean Signal","isPartOf":{"@id":"https:\/\/oceansignal.com\/fi\/#website"},"primaryImageOfPage":{"@id":"https:\/\/oceansignal.com\/fi\/products\/safesea-s100-tutka-sart\/#primaryimage"},"image":{"@id":"https:\/\/oceansignal.com\/fi\/products\/safesea-s100-tutka-sart\/#primaryimage"},"thumbnailUrl":"https:\/\/oceansignal.com\/wp-content\/uploads\/2023\/09\/OSL-S100-SART-With-back-piece.png","datePublished":"2023-09-08T09:39:08+00:00","dateModified":"2026-01-21T19:32:25+00:00","description":"Ocean Signal S100 Radar SART: Olennainen tutkaheijastin meriturvallisuuteen. Luotettava GMDSS-etsint\u00e4- ja pelastusmajakka. Osta nyt mielenrauhan vuoksi!","breadcrumb":{"@id":"https:\/\/oceansignal.com\/fi\/products\/safesea-s100-tutka-sart\/#breadcrumb"},"inLanguage":"fi","potentialAction":[{"@type":"ReadAction","target":["https:\/\/oceansignal.com\/fi\/products\/safesea-s100-tutka-sart\/"]}]},{"@type":"ImageObject","inLanguage":"fi","@id":"https:\/\/oceansignal.com\/fi\/products\/safesea-s100-tutka-sart\/#primaryimage","url":"https:\/\/oceansignal.com\/wp-content\/uploads\/2023\/09\/OSL-S100-SART-With-back-piece.png","contentUrl":"https:\/\/oceansignal.com\/wp-content\/uploads\/2023\/09\/OSL-S100-SART-With-back-piece.png","width":792,"height":792,"caption":"Ocean Signal S100 Sart kiinnikkeell\u00e4 r\u00e4j\u00e4ht\u00e4nyt, vasen kulma"},{"@type":"BreadcrumbList","@id":"https:\/\/oceansignal.com\/fi\/products\/safesea-s100-tutka-sart\/#breadcrumb","itemListElement":[{"@type":"ListItem","position":1,"name":"Shop","item":"https:\/\/oceansignal.com\/fi\/shop\/"},{"@type":"ListItem","position":2,"name":"safeSEA S100 -tutka SART"}]},{"@type":"WebSite","@id":"https:\/\/oceansignal.com\/fi\/#website","url":"https:\/\/oceansignal.com\/fi\/","name":"Ocean Signal","description":"A leading manufacturer of EPIRBs, AIS, SARTs, Personal Locator Beacons, Man Overboard Beacon for the Marine and Outdoor Markets.","potentialAction":[{"@type":"SearchAction","target":{"@type":"EntryPoint","urlTemplate":"https:\/\/oceansignal.com\/fi\/?s={search_term_string}"},"query-input":{"@type":"PropertyValueSpecification","valueRequired":true,"valueName":"search_term_string"}}],"inLanguage":"fi"}]}},"_links":{"self":[{"href":"https:\/\/oceansignal.com\/fi\/wp-json\/wp\/v2\/product\/12861","targetHints":{"allow":["GET"]}}],"collection":[{"href":"https:\/\/oceansignal.com\/fi\/wp-json\/wp\/v2\/product"}],"about":[{"href":"https:\/\/oceansignal.com\/fi\/wp-json\/wp\/v2\/types\/product"}],"wp:featuredmedia":[{"embeddable":true,"href":"https:\/\/oceansignal.com\/fi\/wp-json\/wp\/v2\/media\/23016"}],"wp:attachment":[{"href":"https:\/\/oceansignal.com\/fi\/wp-json\/wp\/v2\/media?parent=12861"}],"wp:term":[{"taxonomy":"product_brand","embeddable":true,"href":"https:\/\/oceansignal.com\/fi\/wp-json\/wp\/v2\/product_brand?post=12861"},{"taxonomy":"product_cat","embeddable":true,"href":"https:\/\/oceansignal.com\/fi\/wp-json\/wp\/v2\/product_cat?post=12861"},{"taxonomy":"product_tag","embeddable":true,"href":"https:\/\/oceansignal.com\/fi\/wp-json\/wp\/v2\/product_tag?post=12861"}],"curies":[{"name":"wp","href":"https:\/\/api.w.org\/{rel}","templated":true}]}}