{"id":12876,"date":"2023-09-08T09:20:37","date_gmt":"2023-09-08T09:20:37","guid":{"rendered":"https:\/\/oceansignal.com\/products\/safesea-v100-vhf\/"},"modified":"2026-01-21T19:55:41","modified_gmt":"2026-01-21T19:55:41","slug":"safesea-v100-vhf","status":"publish","type":"product","link":"https:\/\/oceansignal.com\/fi\/products\/safesea-v100-vhf\/","title":{"rendered":"safeSEA V100 VHF-radio"},"content":{"rendered":"<p>V100:n rutiinitestausta varten on saatavilla ei-ladattava alkaliparisto (TB6V). T\u00e4m\u00e4n akun k\u00e4ytt\u00f6ik\u00e4 on rajoitettu vain testausta varten, eik\u00e4 se sovellu toiminnalliseen k\u00e4ytt\u00f6\u00f6n. Lis\u00e4ksi uusi akun suojaliuska tarkoittaa, ett\u00e4 p\u00e4\u00e4akku voidaan kiinnitt\u00e4\u00e4 pysyv\u00e4sti radioon ilman pelkoa latauksen menett\u00e4misest\u00e4. Radio on aina k\u00e4ytett\u00e4viss\u00e4 h\u00e4t\u00e4tilanteissa ilman tarvetta poistaa suojatarroja tai vastaavaa ennen k\u00e4ytt\u00f6\u00e4. Katkaise vain punainen suojaliuska ja radio on heti valmis k\u00e4ynnistym\u00e4\u00e4n.    <\/p>\n<h4>Ominaisuudet:<\/h4>\n<ul>\n<li>Lithium Polymer ladattava akkuvaihtoehto saatavana pikalaturilla, jokap\u00e4iv\u00e4iseen normaalik\u00e4ytt\u00f6\u00f6n<\/li>\n<li>T\u00e4ysin vedenpit\u00e4v\u00e4, jopa 40C l\u00e4mp\u00f6shokki<\/li>\n<li>Tehokas l\u00e4hetin pident\u00e4\u00e4 akun k\u00e4ytt\u00f6ik\u00e4\u00e4<\/li>\n<li>Kest\u00e4v\u00e4 rakenne ylitt\u00e4\u00e4 GMDSS VHF -radion ymp\u00e4rist\u00f6vaatimukset<\/li>\n<li>Litiumakku h\u00e4t\u00e4k\u00e4ytt\u00f6\u00f6n\n<ul>\n<li>Uusi akun suojaliuska suojaa tahattomalta k\u00e4yt\u00f6lt\u00e4<\/li>\n<li>Akku on luokiteltu vaarattomaksi kuljetettavaksi<\/li>\n<li>Akku kest\u00e4\u00e4 tyypillisesti yli 16 tuntia, jopa -20 \u00b0C:ssa. (10 % Tx, 10 % Rx, 80 % Squelched) <\/li>\n<\/ul>\n<\/li>\n<li>Laserkaiverretut avainsanat kest\u00e4vyyden takaamiseksi<\/li>\n<li>Korkea kontrasti, taustavalaistu LCD ja n\u00e4pp\u00e4imist\u00f6<\/li>\n<li>Kest\u00e4v\u00e4 lis\u00e4varusteliit\u00e4nt\u00e4; vedenpit\u00e4v\u00e4 IP68:aan k\u00e4ytett\u00e4v\u00e4ksi kuulokkeiden, kyp\u00e4r\u00e4n, nyrkkimikrofonin jne.<\/li>\n<li>4 skannaustilaa, D\/W, T\/W, skannaus ja muistiskannaus<\/li>\n<li>21 simpleksikanavaa IMO SOLA -vaatimusten mukaisesti<\/li>\n<\/ul>\n<p>SafeSEA V100 GMDSS VHF -radio t\u00e4ytt\u00e4\u00e4 maailmanlaajuisen merenkulun h\u00e4t\u00e4- ja turvallisuusj\u00e4rjestelm\u00e4n (GMDSS), <a href=\"https:\/\/www.imo.org\/\">Kansainv\u00e4lisen merenkulkuj\u00e4rjest\u00f6n (IMO)<\/a> ja ihmishengen turvallisuutta merell\u00e4 (SOLAS) koskevien yleissopimusten tiukat vaatimukset. Kansainv\u00e4listen standardien mukainen, se varmistaa aluksesi m\u00e4\u00e4r\u00e4ystenmukaisuuden ja valmiuden merioperaatioihin.<\/p>\n<p>Aluksilla, joihin sovelletaan Global Maritime Distress and Safety System ( <a href=\"https:\/\/www.navcen.uscg.gov\/global-maritime-distress-and-safety-system\">GMDSS<\/a> ) -m\u00e4\u00e4r\u00e4yksi\u00e4, vaaditaan yleens\u00e4 GMDSS VHF -radio.<br \/>\n N\u00e4it\u00e4 ovat:<\/p>\n<ol>\n<li>Matkustaja-alukset, mukaan lukien lautat ja risteilyalukset.<\/li>\n<li>Rahtialukset, joiden bruttovetoisuus on 300 ja enemm\u00e4n.<\/li>\n<li>Tankkerit, mukaan lukien \u00f6ljy-, kemikaali- ja nestekaasualukset.<\/li>\n<li>Suurnopeusalukset (HSC), joiden bruttovetoisuus on 500 ja enemm\u00e4n.<\/li>\n<li>Offshore-asennukset ja siirrett\u00e4v\u00e4t offshore-porausyksik\u00f6t (MODU).<\/li>\n<li>Tietyt valtion alukset, jotka harjoittavat kansainv\u00e4lisi\u00e4 matkoja.<\/li>\n<\/ol>\n<p>Lis\u00e4ksi voidaan soveltaa erityism\u00e4\u00e4r\u00e4yksi\u00e4 aluksen lippuvaltion, toiminta-alueen ja matkan keston mukaan. On v\u00e4ltt\u00e4m\u00e4t\u00f6nt\u00e4 kuulla asianomaisia \u200b\u200bmerenkulkuviranomaisia \u200b\u200bja noudattaa sovellettavia m\u00e4\u00e4r\u00e4yksi\u00e4 noudattamisen varmistamiseksi. <\/p>\n<p>Haluatko p\u00e4ivitt\u00e4\u00e4 uuteen AIS EPIRB GMDSS-yhteensopivaksi? Tutustu uuteen <a href=\"https:\/\/oceansignal.com\/products\/safesea-epirb3-pro\/\">safeSEA EPIRB3 Pro<\/a> <\/p>\n<p><strong>T\u00e4rke\u00e4\u00e4:<\/strong> Lue t\u00e4m\u00e4 <a href=\"http:\/\/oceansignal.com\/wp-content\/uploads\/2023\/09\/Service-Information-Letter-V100-Battery-Replacement.pdf\">huoltotiedote,<\/a> jossa neuvotaan ilmaisesta akun vaihtotarjouksesta akuille, joiden viimeinen k\u00e4ytt\u00f6p\u00e4iv\u00e4 on enint\u00e4\u00e4n syyskuu 2023.<br \/>\n Ce <a href=\"http:\/\/oceansignal.com\/wp-content\/uploads\/2023\/09\/Service-Information-Letter-V100-Battery-Replacement-Fr.pdf\">bulletin<\/a> est \u00e9galement on saatavilla ranskan kielell\u00e4<\/p>\n","protected":false},"excerpt":{"rendered":"<p>Ocean Signal safeSEA V100 Survival VHF on huolellisesti suunniteltu \u00e4\u00e4rimm\u00e4iseksi viestint\u00e4ratkaisuksi GMDSS-, IMO- ja SOLAS-aluksille. Kest\u00e4v\u00e4n rakenteensa ja edistyneiden ominaisuuksiensa ansiosta t\u00e4m\u00e4 GMDSS VHF -radio on pelastusk\u00f6ysi h\u00e4t\u00e4tilanteissa merell\u00e4. <\/p>\n<p>safeSEA V100 -pelastusveneiden kannettava VHF-radio t\u00e4ytt\u00e4\u00e4 kaikki IMO:n vaatimukset SOLAS-aluksilla kuljettamiselle. V100 on suunniteltu eritt\u00e4in kest\u00e4v\u00e4ksi ja helppok\u00e4ytt\u00f6iseksi sek\u00e4 aluksella ett\u00e4 h\u00e4t\u00e4tilanteissa, joten se on ihanteellinen valinta sek\u00e4 pakolliseen ett\u00e4 vapaaehtoiseen kuljettamiseen. <\/p>\n<p>P\u00e4\u00e4akun lis\u00e4ksi jokap\u00e4iv\u00e4iseen k\u00e4ytt\u00f6\u00f6n Ocean Signal tarjoaa ladattavan litiumpolymeeriakun (RB5V) -vaihtoehdon. Pikalaturi on ihanteellinen ratkaisu akkujen pit\u00e4miseen t\u00e4yteen ladattuina. <\/p>\n<p><a href=\"https:\/\/www.dropbox.com\/s\/fk04stqsp2hgk5f\/Prop%2065%20-%20DEHP.pdf?dl=0\">VAROITUS: PROP 65<\/a><\/p>\n<p>&nbsp;<\/p>\n<p>&nbsp;<\/p>\n","protected":false},"featured_media":20874,"template":"","meta":{"_acf_changed":false,"om_disable_all_campaigns":false},"product_brand":[],"product_cat":[604],"product_tag":[],"class_list":{"0":"post-12876","1":"product","2":"type-product","3":"status-publish","4":"has-post-thumbnail","6":"product_cat-safesea-fi","8":"first","9":"instock","10":"taxable","11":"shipping-taxable","12":"purchasable","13":"product-type-simple"},"acf":[],"yoast_head":"<!-- This site is optimized with the Yoast SEO Premium plugin v25.2 (Yoast SEO v26.4) - https:\/\/yoast.com\/wordpress\/plugins\/seo\/ -->\n<title>safeSEA V100 VHF-radio - Ocean Signal<\/title>\n<meta name=\"description\" content=\"Ocean Signal safeSEA V100 VHF-radio: GMDSS-yhteensopiva SOLAS-aluksille. Olennaiset viestint\u00e4laitteet merenkulun turvallisuuden ja m\u00e4\u00e4r\u00e4ysten noudattamisen varmistamiseksi.\" \/>\n<meta name=\"robots\" content=\"index, follow, max-snippet:-1, max-image-preview:large, max-video-preview:-1\" \/>\n<link rel=\"canonical\" href=\"https:\/\/oceansignal.com\/fi\/products\/safesea-v100-vhf\/\" \/>\n<meta property=\"og:locale\" content=\"fi_FI\" \/>\n<meta property=\"og:type\" content=\"article\" \/>\n<meta property=\"og:title\" content=\"safeSEA V100 VHF-radio\" \/>\n<meta property=\"og:description\" content=\"Ocean Signal safeSEA V100 VHF-radio: GMDSS-yhteensopiva SOLAS-aluksille. Olennaiset viestint\u00e4laitteet merenkulun turvallisuuden ja m\u00e4\u00e4r\u00e4ysten noudattamisen varmistamiseksi.\" \/>\n<meta property=\"og:url\" content=\"https:\/\/oceansignal.com\/fi\/products\/safesea-v100-vhf\/\" \/>\n<meta property=\"og:site_name\" content=\"Ocean Signal\" \/>\n<meta property=\"article:modified_time\" content=\"2026-01-21T19:55:41+00:00\" \/>\n<meta property=\"og:image\" content=\"https:\/\/oceansignal.com\/wp-content\/uploads\/2023\/09\/OSL-V100-360_600x600.gif\" \/>\n\t<meta property=\"og:image:width\" content=\"600\" \/>\n\t<meta property=\"og:image:height\" content=\"600\" \/>\n\t<meta property=\"og:image:type\" content=\"image\/gif\" \/>\n<meta name=\"twitter:card\" content=\"summary_large_image\" \/>\n<meta name=\"twitter:label1\" content=\"Arvioitu lukuaika\" \/>\n\t<meta name=\"twitter:data1\" content=\"2 minuuttia\" \/>\n<script type=\"application\/ld+json\" class=\"yoast-schema-graph\">{\"@context\":\"https:\/\/schema.org\",\"@graph\":[{\"@type\":\"WebPage\",\"@id\":\"https:\/\/oceansignal.com\/fi\/products\/safesea-v100-vhf\/\",\"url\":\"https:\/\/oceansignal.com\/fi\/products\/safesea-v100-vhf\/\",\"name\":\"safeSEA V100 VHF-radio - Ocean Signal\",\"isPartOf\":{\"@id\":\"https:\/\/oceansignal.com\/fi\/#website\"},\"primaryImageOfPage\":{\"@id\":\"https:\/\/oceansignal.com\/fi\/products\/safesea-v100-vhf\/#primaryimage\"},\"image\":{\"@id\":\"https:\/\/oceansignal.com\/fi\/products\/safesea-v100-vhf\/#primaryimage\"},\"thumbnailUrl\":\"https:\/\/oceansignal.com\/wp-content\/uploads\/2023\/09\/OSL-V100-360_600x600.gif\",\"datePublished\":\"2023-09-08T09:20:37+00:00\",\"dateModified\":\"2026-01-21T19:55:41+00:00\",\"description\":\"Ocean Signal safeSEA V100 VHF-radio: GMDSS-yhteensopiva SOLAS-aluksille. Olennaiset viestint\u00e4laitteet merenkulun turvallisuuden ja m\u00e4\u00e4r\u00e4ysten noudattamisen varmistamiseksi.\",\"breadcrumb\":{\"@id\":\"https:\/\/oceansignal.com\/fi\/products\/safesea-v100-vhf\/#breadcrumb\"},\"inLanguage\":\"fi\",\"potentialAction\":[{\"@type\":\"ReadAction\",\"target\":[\"https:\/\/oceansignal.com\/fi\/products\/safesea-v100-vhf\/\"]}]},{\"@type\":\"ImageObject\",\"inLanguage\":\"fi\",\"@id\":\"https:\/\/oceansignal.com\/fi\/products\/safesea-v100-vhf\/#primaryimage\",\"url\":\"https:\/\/oceansignal.com\/wp-content\/uploads\/2023\/09\/OSL-V100-360_600x600.gif\",\"contentUrl\":\"https:\/\/oceansignal.com\/wp-content\/uploads\/2023\/09\/OSL-V100-360_600x600.gif\",\"width\":600,\"height\":600,\"caption\":\"GMDSS VHF-radio\"},{\"@type\":\"BreadcrumbList\",\"@id\":\"https:\/\/oceansignal.com\/fi\/products\/safesea-v100-vhf\/#breadcrumb\",\"itemListElement\":[{\"@type\":\"ListItem\",\"position\":1,\"name\":\"Shop\",\"item\":\"https:\/\/oceansignal.com\/fi\/shop\/\"},{\"@type\":\"ListItem\",\"position\":2,\"name\":\"safeSEA V100 VHF-radio\"}]},{\"@type\":\"WebSite\",\"@id\":\"https:\/\/oceansignal.com\/fi\/#website\",\"url\":\"https:\/\/oceansignal.com\/fi\/\",\"name\":\"Ocean Signal\",\"description\":\"A leading manufacturer of EPIRBs, AIS, SARTs, Personal Locator Beacons, Man Overboard Beacon for the Marine and Outdoor Markets.\",\"potentialAction\":[{\"@type\":\"SearchAction\",\"target\":{\"@type\":\"EntryPoint\",\"urlTemplate\":\"https:\/\/oceansignal.com\/fi\/?s={search_term_string}\"},\"query-input\":{\"@type\":\"PropertyValueSpecification\",\"valueRequired\":true,\"valueName\":\"search_term_string\"}}],\"inLanguage\":\"fi\"}]}<\/script>\n<!-- \/ Yoast SEO Premium plugin. -->","yoast_head_json":{"title":"safeSEA V100 VHF-radio - Ocean Signal","description":"Ocean Signal safeSEA V100 VHF-radio: GMDSS-yhteensopiva SOLAS-aluksille. Olennaiset viestint\u00e4laitteet merenkulun turvallisuuden ja m\u00e4\u00e4r\u00e4ysten noudattamisen varmistamiseksi.","robots":{"index":"index","follow":"follow","max-snippet":"max-snippet:-1","max-image-preview":"max-image-preview:large","max-video-preview":"max-video-preview:-1"},"canonical":"https:\/\/oceansignal.com\/fi\/products\/safesea-v100-vhf\/","og_locale":"fi_FI","og_type":"article","og_title":"safeSEA V100 VHF-radio","og_description":"Ocean Signal safeSEA V100 VHF-radio: GMDSS-yhteensopiva SOLAS-aluksille. Olennaiset viestint\u00e4laitteet merenkulun turvallisuuden ja m\u00e4\u00e4r\u00e4ysten noudattamisen varmistamiseksi.","og_url":"https:\/\/oceansignal.com\/fi\/products\/safesea-v100-vhf\/","og_site_name":"Ocean Signal","article_modified_time":"2026-01-21T19:55:41+00:00","og_image":[{"url":"https:\/\/oceansignal.com\/wp-content\/uploads\/2023\/09\/OSL-V100-360_600x600.gif","width":600,"height":600,"type":"image\/gif"}],"twitter_card":"summary_large_image","twitter_misc":{"Arvioitu lukuaika":"2 minuuttia"},"schema":{"@context":"https:\/\/schema.org","@graph":[{"@type":"WebPage","@id":"https:\/\/oceansignal.com\/fi\/products\/safesea-v100-vhf\/","url":"https:\/\/oceansignal.com\/fi\/products\/safesea-v100-vhf\/","name":"safeSEA V100 VHF-radio - Ocean Signal","isPartOf":{"@id":"https:\/\/oceansignal.com\/fi\/#website"},"primaryImageOfPage":{"@id":"https:\/\/oceansignal.com\/fi\/products\/safesea-v100-vhf\/#primaryimage"},"image":{"@id":"https:\/\/oceansignal.com\/fi\/products\/safesea-v100-vhf\/#primaryimage"},"thumbnailUrl":"https:\/\/oceansignal.com\/wp-content\/uploads\/2023\/09\/OSL-V100-360_600x600.gif","datePublished":"2023-09-08T09:20:37+00:00","dateModified":"2026-01-21T19:55:41+00:00","description":"Ocean Signal safeSEA V100 VHF-radio: GMDSS-yhteensopiva SOLAS-aluksille. Olennaiset viestint\u00e4laitteet merenkulun turvallisuuden ja m\u00e4\u00e4r\u00e4ysten noudattamisen varmistamiseksi.","breadcrumb":{"@id":"https:\/\/oceansignal.com\/fi\/products\/safesea-v100-vhf\/#breadcrumb"},"inLanguage":"fi","potentialAction":[{"@type":"ReadAction","target":["https:\/\/oceansignal.com\/fi\/products\/safesea-v100-vhf\/"]}]},{"@type":"ImageObject","inLanguage":"fi","@id":"https:\/\/oceansignal.com\/fi\/products\/safesea-v100-vhf\/#primaryimage","url":"https:\/\/oceansignal.com\/wp-content\/uploads\/2023\/09\/OSL-V100-360_600x600.gif","contentUrl":"https:\/\/oceansignal.com\/wp-content\/uploads\/2023\/09\/OSL-V100-360_600x600.gif","width":600,"height":600,"caption":"GMDSS VHF-radio"},{"@type":"BreadcrumbList","@id":"https:\/\/oceansignal.com\/fi\/products\/safesea-v100-vhf\/#breadcrumb","itemListElement":[{"@type":"ListItem","position":1,"name":"Shop","item":"https:\/\/oceansignal.com\/fi\/shop\/"},{"@type":"ListItem","position":2,"name":"safeSEA V100 VHF-radio"}]},{"@type":"WebSite","@id":"https:\/\/oceansignal.com\/fi\/#website","url":"https:\/\/oceansignal.com\/fi\/","name":"Ocean Signal","description":"A leading manufacturer of EPIRBs, AIS, SARTs, Personal Locator Beacons, Man Overboard Beacon for the Marine and Outdoor Markets.","potentialAction":[{"@type":"SearchAction","target":{"@type":"EntryPoint","urlTemplate":"https:\/\/oceansignal.com\/fi\/?s={search_term_string}"},"query-input":{"@type":"PropertyValueSpecification","valueRequired":true,"valueName":"search_term_string"}}],"inLanguage":"fi"}]}},"_links":{"self":[{"href":"https:\/\/oceansignal.com\/fi\/wp-json\/wp\/v2\/product\/12876","targetHints":{"allow":["GET"]}}],"collection":[{"href":"https:\/\/oceansignal.com\/fi\/wp-json\/wp\/v2\/product"}],"about":[{"href":"https:\/\/oceansignal.com\/fi\/wp-json\/wp\/v2\/types\/product"}],"wp:featuredmedia":[{"embeddable":true,"href":"https:\/\/oceansignal.com\/fi\/wp-json\/wp\/v2\/media\/20874"}],"wp:attachment":[{"href":"https:\/\/oceansignal.com\/fi\/wp-json\/wp\/v2\/media?parent=12876"}],"wp:term":[{"taxonomy":"product_brand","embeddable":true,"href":"https:\/\/oceansignal.com\/fi\/wp-json\/wp\/v2\/product_brand?post=12876"},{"taxonomy":"product_cat","embeddable":true,"href":"https:\/\/oceansignal.com\/fi\/wp-json\/wp\/v2\/product_cat?post=12876"},{"taxonomy":"product_tag","embeddable":true,"href":"https:\/\/oceansignal.com\/fi\/wp-json\/wp\/v2\/product_tag?post=12876"}],"curies":[{"name":"wp","href":"https:\/\/api.w.org\/{rel}","templated":true}]}}