{"id":12878,"date":"2023-09-08T08:24:00","date_gmt":"2023-09-08T08:24:00","guid":{"rendered":"https:\/\/oceansignal.com\/products\/pelastusme-edf1-flare\/"},"modified":"2026-01-21T20:24:02","modified_gmt":"2026-01-21T20:24:02","slug":"pelastusme-edf1-flare","status":"publish","type":"product","link":"https:\/\/oceansignal.com\/fi\/products\/pelastusme-edf1-flare\/","title":{"rendered":"rescueME EDF1 -leimahdus"},"content":{"rendered":"<p><strong>rescueME EDF1<\/strong> -elektroninen h\u00e4t\u00e4raketti tarjoaa k\u00e4ytt\u00e4jille turvallisen ja pitk\u00e4kestoisen ratkaisun visuaaliseen h\u00e4t\u00e4merkinantoon. Ainutlaatuinen linssirakenne yhdistettyn\u00e4 edistyneisiin LED-valoihin ja eritt\u00e4in tehokkaaseen piiritekniikkaan varmistaa tasaisen valotehon k\u00e4ytt\u00e4j\u00e4n vaihdettavissa olevan akun koko k\u00e4ytt\u00f6i\u00e4n ajan. <\/p>\n<p>Valoteho on yli 30\u00b0:n s\u00e4de koko 360\u00b0 atsimuutin alueella, mik\u00e4 tarjoaa yli kuusi kertaa laajemman valopeiton kuin muut elektroniset soihtuvarjot*. Valo jakautuu my\u00f6s laitteen yl\u00e4puolella olevalle puolipallolle n\u00e4kyvyyden varmistamiseksi ilmasta. <\/p>\n<p>Toisin kuin kertak\u00e4ytt\u00f6isi\u00e4 pyroteknisi\u00e4 soihtuja, <strong>rescueME EDF1:<\/strong> t\u00e4 voidaan k\u00e4ytt\u00e4\u00e4 toistuvasti miss\u00e4 tahansa nelj\u00e4st\u00e4 tilastaan, mik\u00e4 varmistaa jatkuvan n\u00e4kyvyyden pidemm\u00e4n aikaa. Yksikk\u00f6 on sek\u00e4 turvallinen s\u00e4ilytt\u00e4\u00e4 ett\u00e4 k\u00e4ytt\u00e4\u00e4, eik\u00e4 sen h\u00e4vitt\u00e4miseen liity huolta. Kompaktin kokonsa ja kest\u00e4v\u00e4n muotoilunsa ansiosta <strong>rescueME EDF1<\/strong> on t\u00e4ydellinen turvatuote pelastuslaukuksi, pelastuslautalle tai retkeilij\u00e4n reppuun.  <\/p>\n<p><em>Vaihtoakkupaketti LB10F voidaan tilata <a href=\"https:\/\/oceansignal.com\/support\/dealer-locator\/\">Ocean Signal -j\u00e4lleenmyyjilt\u00e4,<\/a> \u200b\u200bjoilla on varastossa EDF1-akkua. Tilauskoodi on 751S-01771. <\/em><\/p>\n<p>Tarvitsetko hyv\u00e4ksytyn Yhdysvaltain rannikkovartioston elektronisen soihdun: <a href=\"https:\/\/www.acrartex.com\/products\/resqflare-boat-flare\/\">ACR ResQFlare<\/a><\/p>\n","protected":false},"excerpt":{"rendered":"<p>EDF1 LED-h\u00e4t\u00e4soihtu: erinomainen vaihtoehto perinteisille pyroteknisille soihduille<\/p>\n<ul>\n<li>Edistyksellinen LED-tekniikka &#8211; Turvallinen k\u00e4ytt\u00f6<\/li>\n<li>Erinomainen 360 asteen n\u00e4kyvyys atsimuutissa<\/li>\n<li>Jopa 6 tunnin akunkesto<\/li>\n<li>Nelj\u00e4 toimintatilaa sek\u00e4 SOS-signaali Helposti vaihdettava akku<\/li>\n<li>Kantama jopa 11 kilometri\u00e4<\/li>\n<li>Akun testaustoiminto<\/li>\n<li>Kompakti ja kest\u00e4v\u00e4 muotoilu<\/li>\n<li>Erinomainen n\u00e4kyvyys lentokoneiden ja helikoptereiden etsint\u00e4- ja pelastustoimille<\/li>\n<li>Vakaa kirkkaus s\u00e4ilyy koko akun k\u00e4ytt\u00f6i\u00e4n ajan<\/li>\n<li>Helppo vaihtaa vaihdettava akku<\/li>\n<li>Vesitiivis 10 metriin asti<\/li>\n<\/ul>\n","protected":false},"featured_media":12042,"template":"","meta":{"_acf_changed":false,"om_disable_all_campaigns":false},"product_brand":[],"product_cat":[1189,610],"product_tag":[1190,1191,1192],"class_list":{"0":"post-12878","1":"product","2":"type-product","3":"status-publish","4":"has-post-thumbnail","6":"product_cat-elektroninen-merkinanto-ja-flare","7":"product_cat-rescueme-fi","8":"product_tag-edf1-fi","9":"product_tag-electronic-distress-flare-fi","10":"product_tag-rescue-flare-fi","12":"first","13":"instock","14":"taxable","15":"shipping-taxable","16":"purchasable","17":"product-type-simple"},"acf":[],"yoast_head":"<!-- This site is optimized with the Yoast SEO Premium plugin v25.2 (Yoast SEO v26.4) - https:\/\/yoast.com\/wordpress\/plugins\/seo\/ -->\n<title>rescueME EDF1 -leimahdus - Ocean Signal<\/title>\n<meta name=\"description\" content=\"Pysy turvassa merell\u00e4 Ocean Signal rescueME EDF1 -elektronisen soihdun avulla. Kompakti ja luotettava h\u00e4t\u00e4merkinantolaite merellisiin h\u00e4t\u00e4tilanteisiin. Osta nyt!\" \/>\n<meta name=\"robots\" content=\"index, follow, max-snippet:-1, max-image-preview:large, max-video-preview:-1\" \/>\n<link rel=\"canonical\" href=\"https:\/\/oceansignal.com\/fi\/products\/pelastusme-edf1-flare\/\" \/>\n<meta property=\"og:locale\" content=\"fi_FI\" \/>\n<meta property=\"og:type\" content=\"article\" \/>\n<meta property=\"og:title\" content=\"rescueME EDF1 -leimahdus\" \/>\n<meta property=\"og:description\" content=\"Pysy turvassa merell\u00e4 Ocean Signal rescueME EDF1 -elektronisen soihdun avulla. Kompakti ja luotettava h\u00e4t\u00e4merkinantolaite merellisiin h\u00e4t\u00e4tilanteisiin. Osta nyt!\" \/>\n<meta property=\"og:url\" content=\"https:\/\/oceansignal.com\/fi\/products\/pelastusme-edf1-flare\/\" \/>\n<meta property=\"og:site_name\" content=\"Ocean Signal\" \/>\n<meta property=\"article:modified_time\" content=\"2026-01-21T20:24:02+00:00\" \/>\n<meta property=\"og:image\" content=\"https:\/\/oceansignal.com\/wp-content\/uploads\/2023\/09\/Ocean-Signal-EDF1.png\" \/>\n\t<meta property=\"og:image:width\" content=\"800\" \/>\n\t<meta property=\"og:image:height\" content=\"800\" \/>\n\t<meta property=\"og:image:type\" content=\"image\/png\" \/>\n<meta name=\"twitter:card\" content=\"summary_large_image\" \/>\n<meta name=\"twitter:label1\" content=\"Arvioitu lukuaika\" \/>\n\t<meta name=\"twitter:data1\" content=\"1 minuutti\" \/>\n<script type=\"application\/ld+json\" class=\"yoast-schema-graph\">{\"@context\":\"https:\/\/schema.org\",\"@graph\":[{\"@type\":\"WebPage\",\"@id\":\"https:\/\/oceansignal.com\/fi\/products\/pelastusme-edf1-flare\/\",\"url\":\"https:\/\/oceansignal.com\/fi\/products\/pelastusme-edf1-flare\/\",\"name\":\"rescueME EDF1 -leimahdus - Ocean Signal\",\"isPartOf\":{\"@id\":\"https:\/\/oceansignal.com\/fi\/#website\"},\"primaryImageOfPage\":{\"@id\":\"https:\/\/oceansignal.com\/fi\/products\/pelastusme-edf1-flare\/#primaryimage\"},\"image\":{\"@id\":\"https:\/\/oceansignal.com\/fi\/products\/pelastusme-edf1-flare\/#primaryimage\"},\"thumbnailUrl\":\"https:\/\/oceansignal.com\/wp-content\/uploads\/2023\/09\/Ocean-Signal-EDF1.png\",\"datePublished\":\"2023-09-08T08:24:00+00:00\",\"dateModified\":\"2026-01-21T20:24:02+00:00\",\"description\":\"Pysy turvassa merell\u00e4 Ocean Signal rescueME EDF1 -elektronisen soihdun avulla. Kompakti ja luotettava h\u00e4t\u00e4merkinantolaite merellisiin h\u00e4t\u00e4tilanteisiin. Osta nyt!\",\"breadcrumb\":{\"@id\":\"https:\/\/oceansignal.com\/fi\/products\/pelastusme-edf1-flare\/#breadcrumb\"},\"inLanguage\":\"fi\",\"potentialAction\":[{\"@type\":\"ReadAction\",\"target\":[\"https:\/\/oceansignal.com\/fi\/products\/pelastusme-edf1-flare\/\"]}]},{\"@type\":\"ImageObject\",\"inLanguage\":\"fi\",\"@id\":\"https:\/\/oceansignal.com\/fi\/products\/pelastusme-edf1-flare\/#primaryimage\",\"url\":\"https:\/\/oceansignal.com\/wp-content\/uploads\/2023\/09\/Ocean-Signal-EDF1.png\",\"contentUrl\":\"https:\/\/oceansignal.com\/wp-content\/uploads\/2023\/09\/Ocean-Signal-EDF1.png\",\"width\":800,\"height\":800},{\"@type\":\"BreadcrumbList\",\"@id\":\"https:\/\/oceansignal.com\/fi\/products\/pelastusme-edf1-flare\/#breadcrumb\",\"itemListElement\":[{\"@type\":\"ListItem\",\"position\":1,\"name\":\"Shop\",\"item\":\"https:\/\/oceansignal.com\/fi\/shop\/\"},{\"@type\":\"ListItem\",\"position\":2,\"name\":\"rescueME EDF1 -leimahdus\"}]},{\"@type\":\"WebSite\",\"@id\":\"https:\/\/oceansignal.com\/fi\/#website\",\"url\":\"https:\/\/oceansignal.com\/fi\/\",\"name\":\"Ocean Signal\",\"description\":\"A leading manufacturer of EPIRBs, AIS, SARTs, Personal Locator Beacons, Man Overboard Beacon for the Marine and Outdoor Markets.\",\"potentialAction\":[{\"@type\":\"SearchAction\",\"target\":{\"@type\":\"EntryPoint\",\"urlTemplate\":\"https:\/\/oceansignal.com\/fi\/?s={search_term_string}\"},\"query-input\":{\"@type\":\"PropertyValueSpecification\",\"valueRequired\":true,\"valueName\":\"search_term_string\"}}],\"inLanguage\":\"fi\"}]}<\/script>\n<!-- \/ Yoast SEO Premium plugin. -->","yoast_head_json":{"title":"rescueME EDF1 -leimahdus - Ocean Signal","description":"Pysy turvassa merell\u00e4 Ocean Signal rescueME EDF1 -elektronisen soihdun avulla. Kompakti ja luotettava h\u00e4t\u00e4merkinantolaite merellisiin h\u00e4t\u00e4tilanteisiin. Osta nyt!","robots":{"index":"index","follow":"follow","max-snippet":"max-snippet:-1","max-image-preview":"max-image-preview:large","max-video-preview":"max-video-preview:-1"},"canonical":"https:\/\/oceansignal.com\/fi\/products\/pelastusme-edf1-flare\/","og_locale":"fi_FI","og_type":"article","og_title":"rescueME EDF1 -leimahdus","og_description":"Pysy turvassa merell\u00e4 Ocean Signal rescueME EDF1 -elektronisen soihdun avulla. Kompakti ja luotettava h\u00e4t\u00e4merkinantolaite merellisiin h\u00e4t\u00e4tilanteisiin. Osta nyt!","og_url":"https:\/\/oceansignal.com\/fi\/products\/pelastusme-edf1-flare\/","og_site_name":"Ocean Signal","article_modified_time":"2026-01-21T20:24:02+00:00","og_image":[{"width":800,"height":800,"url":"https:\/\/oceansignal.com\/wp-content\/uploads\/2023\/09\/Ocean-Signal-EDF1.png","type":"image\/png"}],"twitter_card":"summary_large_image","twitter_misc":{"Arvioitu lukuaika":"1 minuutti"},"schema":{"@context":"https:\/\/schema.org","@graph":[{"@type":"WebPage","@id":"https:\/\/oceansignal.com\/fi\/products\/pelastusme-edf1-flare\/","url":"https:\/\/oceansignal.com\/fi\/products\/pelastusme-edf1-flare\/","name":"rescueME EDF1 -leimahdus - Ocean Signal","isPartOf":{"@id":"https:\/\/oceansignal.com\/fi\/#website"},"primaryImageOfPage":{"@id":"https:\/\/oceansignal.com\/fi\/products\/pelastusme-edf1-flare\/#primaryimage"},"image":{"@id":"https:\/\/oceansignal.com\/fi\/products\/pelastusme-edf1-flare\/#primaryimage"},"thumbnailUrl":"https:\/\/oceansignal.com\/wp-content\/uploads\/2023\/09\/Ocean-Signal-EDF1.png","datePublished":"2023-09-08T08:24:00+00:00","dateModified":"2026-01-21T20:24:02+00:00","description":"Pysy turvassa merell\u00e4 Ocean Signal rescueME EDF1 -elektronisen soihdun avulla. Kompakti ja luotettava h\u00e4t\u00e4merkinantolaite merellisiin h\u00e4t\u00e4tilanteisiin. Osta nyt!","breadcrumb":{"@id":"https:\/\/oceansignal.com\/fi\/products\/pelastusme-edf1-flare\/#breadcrumb"},"inLanguage":"fi","potentialAction":[{"@type":"ReadAction","target":["https:\/\/oceansignal.com\/fi\/products\/pelastusme-edf1-flare\/"]}]},{"@type":"ImageObject","inLanguage":"fi","@id":"https:\/\/oceansignal.com\/fi\/products\/pelastusme-edf1-flare\/#primaryimage","url":"https:\/\/oceansignal.com\/wp-content\/uploads\/2023\/09\/Ocean-Signal-EDF1.png","contentUrl":"https:\/\/oceansignal.com\/wp-content\/uploads\/2023\/09\/Ocean-Signal-EDF1.png","width":800,"height":800},{"@type":"BreadcrumbList","@id":"https:\/\/oceansignal.com\/fi\/products\/pelastusme-edf1-flare\/#breadcrumb","itemListElement":[{"@type":"ListItem","position":1,"name":"Shop","item":"https:\/\/oceansignal.com\/fi\/shop\/"},{"@type":"ListItem","position":2,"name":"rescueME EDF1 -leimahdus"}]},{"@type":"WebSite","@id":"https:\/\/oceansignal.com\/fi\/#website","url":"https:\/\/oceansignal.com\/fi\/","name":"Ocean Signal","description":"A leading manufacturer of EPIRBs, AIS, SARTs, Personal Locator Beacons, Man Overboard Beacon for the Marine and Outdoor Markets.","potentialAction":[{"@type":"SearchAction","target":{"@type":"EntryPoint","urlTemplate":"https:\/\/oceansignal.com\/fi\/?s={search_term_string}"},"query-input":{"@type":"PropertyValueSpecification","valueRequired":true,"valueName":"search_term_string"}}],"inLanguage":"fi"}]}},"_links":{"self":[{"href":"https:\/\/oceansignal.com\/fi\/wp-json\/wp\/v2\/product\/12878","targetHints":{"allow":["GET"]}}],"collection":[{"href":"https:\/\/oceansignal.com\/fi\/wp-json\/wp\/v2\/product"}],"about":[{"href":"https:\/\/oceansignal.com\/fi\/wp-json\/wp\/v2\/types\/product"}],"wp:featuredmedia":[{"embeddable":true,"href":"https:\/\/oceansignal.com\/fi\/wp-json\/wp\/v2\/media\/12042"}],"wp:attachment":[{"href":"https:\/\/oceansignal.com\/fi\/wp-json\/wp\/v2\/media?parent=12878"}],"wp:term":[{"taxonomy":"product_brand","embeddable":true,"href":"https:\/\/oceansignal.com\/fi\/wp-json\/wp\/v2\/product_brand?post=12878"},{"taxonomy":"product_cat","embeddable":true,"href":"https:\/\/oceansignal.com\/fi\/wp-json\/wp\/v2\/product_cat?post=12878"},{"taxonomy":"product_tag","embeddable":true,"href":"https:\/\/oceansignal.com\/fi\/wp-json\/wp\/v2\/product_tag?post=12878"}],"curies":[{"name":"wp","href":"https:\/\/api.w.org\/{rel}","templated":true}]}}