{"id":12884,"date":"2023-03-27T07:28:36","date_gmt":"2023-03-27T07:28:36","guid":{"rendered":"https:\/\/oceansignal.com\/products\/pelastame-epirb3\/"},"modified":"2026-03-25T10:11:06","modified_gmt":"2026-03-25T10:11:06","slug":"pelastame-epirb3","status":"publish","type":"product","link":"https:\/\/oceansignal.com\/fi\/products\/pelastame-epirb3\/","title":{"rendered":"rescueME EPIRB3"},"content":{"rendered":"<p class=\"ai-optimize-38\"><a href=\"https:\/\/www.dropbox.com\/s\/8343nj28z0d7bxa\/Prop%2065%20-%20BPA.pdf?dl=0\" data-cke-saved-href=\"https:\/\/www.dropbox.com\/s\/8343nj28z0d7bxa\/Prop%2065%20-%20BPA.pdf?dl=0\">VAROITUS: PROP 65<\/a><\/p>\n<p class=\"ai-optimize-39\">Yhteenveto:<\/p>\n<p class=\"ai-optimize-40\">Uusi Ocean Signal rescueME EPIRB3 on t\u00e4ysin varusteltu 406 MHz:n maailmanlaajuinen GMDSS-hyv\u00e4ksytty h\u00e4t\u00e4tilannel\u00e4hetin. Siin\u00e4 on manuaalinen vapautuskiinnike ja se on pakkaanut useita ominaisuuksia kompaktiin, moderniin muotoiluun, joka sis\u00e4lt\u00e4\u00e4 muun muassa AIS-teknologiaa. AIS tarjoaa paikallisille pelastajille tarkkaa ja luotettavaa tietoa l\u00e4hettimen sijainnista, mik\u00e4 nopeuttaa pelastustoimia. Lis\u00e4ksi Return Link Service (RLS) -toiminto vahvistaa l\u00e4hett\u00e4j\u00e4n aktivoivan h\u00e4t\u00e4viestin. L\u00e4hikentt\u00e4viestint\u00e4 (NFC) -ominaisuuden ansiosta \u00e4lypuhelinsovelluksella voidaan valvoa EPIRB akun varausta ja muita toimintoja varmistaen, ett\u00e4 se toimii oikein. Ohuen muotoilunsa ja edistyneiden ominaisuuksiensa ansiosta EPIRB3 sopii erinomaisesti monenlaisille merenkulkijoille, olivatpa he sitten risteilem\u00e4ss\u00e4 merivoimissa, matkalla suoraan meriteitse, kalastamassa, ty\u00f6skentelem\u00e4ss\u00e4 tai purjehtimassa avomerell\u00e4.    <\/p>\n<p class=\"ai-optimize-41\">Kuvaus:<\/p>\n<p class=\"ai-optimize-42\">Ocean Signal uusi EPIRB3 (h\u00e4t\u00e4tilannemerkkivalo) lis\u00e4\u00e4 luotettavuutta ja helpottaa pelastustoimia uusien edistyneiden ominaisuuksien avulla. T\u00e4m\u00e4 uusi GMDSS-hyv\u00e4ksytty EPIRB l\u00e4hett\u00e4\u00e4 digitaalisen h\u00e4t\u00e4kutsun 406 MHz:n taajuudella ilmoittaen pelastajille maailmanlaajuisesti satelliitin kautta ja l\u00e4hett\u00e4\u00e4 paikallisesti AIS:n (Automatic Identification System) VHF-signaaleja, jotka auttavat pelastajia l\u00f6yt\u00e4m\u00e4\u00e4n majakan nopeammin. Aktivoituna EPIRB3 l\u00e4hett\u00e4\u00e4 h\u00e4t\u00e4signaalin maailmanlaajuiseen <a href=\"https:\/\/www.cospas-sarsat.int\/en\/\">Cospas-Sarsat<\/a> -satelliittipelastusj\u00e4rjestelm\u00e4\u00e4n ja samanaikaisesti l\u00e4hett\u00e4\u00e4 AIS-h\u00e4lytyksen VHF-taajuuksilla, jotka kaikki l\u00e4hell\u00e4 olevat AIS:ll\u00e4 varustetut alukset n\u00e4kev\u00e4t v\u00e4litt\u00f6m\u00e4sti. Paluulinkkipalvelu (RLS) antaa k\u00e4ytt\u00e4j\u00e4lle visuaalisen vahvistuksen siit\u00e4, ett\u00e4 heid\u00e4n h\u00e4t\u00e4viestins\u00e4 on vastaanotettu. AIS:n, 121,5 MHz:n kotiutussignaalin sek\u00e4 n\u00e4kyvien ja infrapunavalojen yhdistelm\u00e4 nopeuttaa palautumisaikoja antamalla pelastajille mahdollisuuden paikantaa majakan sijainnin, vaikka se olisi ajautunut pois paikaltaan, kellonajasta riippumatta. L\u00e4hikentt\u00e4viestint\u00e4 (NFC) on loistava uusi ominaisuus, jonka avulla k\u00e4ytt\u00e4j\u00e4t voivat valvoa EPIRB3 ilmaisella \u00e4lypuhelinsovelluksella ja varmistaa, ett\u00e4 akussa on riitt\u00e4v\u00e4sti virtaa ja majakka toimii oikein ennen l\u00e4ht\u00f6\u00e4.     <\/p>\n<p>&nbsp;<\/p>\n<p class=\"ai-optimize-43\">Ocean Signal edistynyt meriturvallisuus- ja pelastusteknologia uudessa EPIRB3 ssa AIS:lla yhdist\u00e4\u00e4 innovatiiviset uudet ominaisuudet kompaktiin ja ergonomisesti muotoiltuun koteloon, joka sopii ihanteellisesti kaikentyyppisille ja -kokoisille huvi- ja kaupallisille aluksille.<\/p>\n<p>&nbsp;<\/p>\n<p class=\"ai-optimize-44\"><strong>Pelastusajat voivat pident\u00e4\u00e4 maailmanlaajuisen aktivoinnin ja AIS-paikallisen majakkal\u00e4hetyksen avulla.<\/strong><\/p>\n<p>&nbsp;<\/p>\n<p class=\"ai-optimize-45\">EPIRB3 k\u00e4ytt\u00e4\u00e4 GNSS (GPS, Galileo, Glonass) -paikannusverkkoja globaalin sijaintinsa m\u00e4\u00e4ritt\u00e4miseen. Kun majakka laukeaa, 406 MHz:n h\u00e4t\u00e4l\u00e4hetys v\u00e4litt\u00e4\u00e4 t\u00e4m\u00e4n GPS EPIRB (GPIRB) -sijainnin 100 metrin tarkkuudella maailmanlaajuiseen <a href=\"https:\/\/www.cospas-sarsat.int\/en\/\">Cospas-Sarsat-<\/a> etsint\u00e4- ja pelastussatelliittiverkkoon. Satelliittij\u00e4rjestelm\u00e4\u00e4n kytketyt maa-asemat vastaanottavat EPIRB tunnisteen ja aluksen sijaintitiedot, jotta pelastustoimet voidaan koordinoida ja aloittaa. EPIRB nyt integroidun edistyneen AIS-teknologian ansiosta majakka alkaa v\u00e4litt\u00f6m\u00e4sti aktivoinnin j\u00e4lkeen l\u00e4hett\u00e4\u00e4 AIS-signaaleja, jotta l\u00e4hell\u00e4 olevat AIS-varustetut alukset saavat v\u00e4litt\u00f6m\u00e4sti ilmoituksen h\u00e4t\u00e4tilanteesta ja majakan sijainnin. VHF-kantaman sis\u00e4ll\u00e4 olevat AIS-varustetut alukset n\u00e4kev\u00e4t n\u00e4yt\u00f6ill\u00e4\u00e4n turvallisuusviestin, joka sis\u00e4lt\u00e4\u00e4 aluksen MMSI-tunnisteen. Paikalliset alukset voivat aloittaa pelastus- ja hinaukset v\u00e4litt\u00f6m\u00e4sti, mik\u00e4 voi nopeuttaa hinausta ja pelastaa ihmishenki\u00e4. Koska AIS-kohde n\u00e4kyy mink\u00e4 tahansa l\u00e4hell\u00e4 olevan AIS-varustetun aluksen n\u00e4yt\u00f6ll\u00e4, ne voivat helposti navigoida suoraan EPIRB valitsemalla AIS-kohteen. Vaikka paikallisia aluksia ei olisikaan k\u00e4ytett\u00e4viss\u00e4, AIS nopeuttaa pelastusaikoja antamalla meripelastusoperaattoreille mahdollisuuden paikantaa EPIRB sijainnin niiden l\u00e4hestyess\u00e4. Maailmanlaajuisten satelliittih\u00e4t\u00e4kutsujen, tarkan GPIRB-paikannuksen ja paikallisten AIS-turvallisuusviestien yhdistelm\u00e4 parantaa huomattavasti pelastusaikaa ja onnistumista.        <\/p>\n<p>&nbsp;<\/p>\n<p class=\"ai-optimize-46\"><strong>Near Field Communication (NFC) tarjoaa EPIRB diagnostiikkaa \u00e4lypuhelimella.<\/strong><\/p>\n<p>&nbsp;<\/p>\n<p class=\"ai-optimize-47\">H\u00e4t\u00e4paikannusradiomajakan k\u00e4ytt\u00e4j\u00e4t voivat nyt tarkistaa EPIRB yhdist\u00e4m\u00e4ll\u00e4 \u00e4lypuhelimensa siihen <a href=\"https:\/\/www.youtube.com\/watch?v=MRXLii6r3n4&amp;t=10s\">NFC:ll\u00e4 (Near Field Communication)<\/a> . T\u00e4m\u00e4 tekniikka yhdist\u00e4\u00e4 EPIRB3 viereen asetetun \u00e4lypuhelimen k\u00e4ynnist\u00e4m\u00e4ll\u00e4 automaattisesti ilmaisen Ocean Signal Product App -sovelluksen. Sovelluksessa on saatavilla t\u00e4ydellinen diagnostiikka, joka n\u00e4ytt\u00e4\u00e4 k\u00e4ytt\u00e4j\u00e4lle akun varauksen, suoritettujen itsetestien m\u00e4\u00e4r\u00e4n, suoritettujen GNSS-testien m\u00e4\u00e4r\u00e4n ja EPIRB aktivointiajan. Yksityiskohtaiset tiedot, kuten karttan\u00e4kym\u00e4, joka n\u00e4ytt\u00e4\u00e4 GNSS-testin suorituspaikan, testin p\u00e4iv\u00e4m\u00e4\u00e4r\u00e4n ja kellonajan, ajan, joka EPIRB kului GNSS-koordinaattien paikantamiseen, paikannukseen k\u00e4ytettyjen satelliittien m\u00e4\u00e4r\u00e4n ja paikannuksen tarkkuuden, n\u00e4ytet\u00e4\u00e4n k\u00e4tev\u00e4sti. Ocean Signal ilmainen mobiilisovellus ja NFC-toiminto tarjoavat k\u00e4ytt\u00e4jille kaikki tarvittavat tiedot varmistaakseen, ett\u00e4 heid\u00e4n EPIRB on t\u00e4ysin toimiva ja k\u00e4ytt\u00f6valmis h\u00e4t\u00e4tilanteessa.    <\/p>\n<p>&nbsp;<\/p>\n<p class=\"ai-optimize-48\"><strong>Convenient Return Link Service (RLS) kertoo k\u00e4ytt\u00e4jille, ett\u00e4 heid\u00e4n h\u00e4t\u00e4puhelunsa on vastaanotettu.<\/strong><\/p>\n<p>&nbsp;<\/p>\n<p class=\"ai-optimize-49\">EPIRBej\u00e4 k\u00e4ytet\u00e4\u00e4n h\u00e4t\u00e4tilanteissa, ja pelastustoimet voivat vied\u00e4 aikaa, varsinkin jos h\u00e4d\u00e4ss\u00e4 oleva alus on kaukana rannikolla. EPIRB3 on varustettu paluulinkkipalvelulla, joka ilmoittaa k\u00e4ytt\u00e4jille, ett\u00e4 h\u00e4t\u00e4l\u00e4hettimen h\u00e4t\u00e4signaali on toimitettu. RLS-signaali l\u00e4hetet\u00e4\u00e4n takaisin <a href=\"https:\/\/www.euspa.europa.eu\/european-space\/galileo\/services\/search-and-rescue-sar-galileo-service\">Galileo-satelliittiverkon<\/a> kautta vahvistamaan, ett\u00e4 h\u00e4t\u00e4viesti sek\u00e4 EPIRB tarkka sijainti ja tunnisteet on vastaanotettu. Yksinkertainen vilkkuva sininen valo kertoo k\u00e4ytt\u00e4jille, ett\u00e4 EPIRB on muodostanut onnistuneesti yhteyden satelliittiverkon kautta ja pelastajille ilmoitetaan asiasta. Tieto siit\u00e4, ett\u00e4 digitaalinen h\u00e4t\u00e4viesti on v\u00e4litetty onnistuneesti yhdess\u00e4 EPIRB tunnisteen ja l\u00e4hettimen sijainnin kanssa, auttaa h\u00e4d\u00e4ss\u00e4 olevia pysym\u00e4\u00e4n rauhallisina pelastustoimia odotellessa.    <\/p>\n<p>&nbsp;<\/p>\n<p class=\"ai-optimize-50\"><strong>Asennusteline<\/strong><\/p>\n<p>&nbsp;<\/p>\n<p class=\"ai-optimize-51\">EPIRB3 toimitetaan t\u00e4ydellisen\u00e4 luokan kaksi manuaalisesti vapautettavalla kiinnitystelineell\u00e4. T\u00e4m\u00e4 kiinnike s\u00e4ilytt\u00e4\u00e4 EPIRB3 turvallisesti koko matkasi ajan riippumatta olosuhteista. Se tarjoaa my\u00f6s pikavapautuksen, joten EPIRB voidaan irrottaa nopeasti ja helposti tarvittaessa.  <\/p>\n<p>&nbsp;<\/p>\n<p class=\"ai-optimize-52\">Ocean Signal k\u00e4ytt\u00e4\u00e4 edistynytt\u00e4 teknologiaa ja laadukkaita valmistusprosesseja kehitt\u00e4\u00e4kseen ja tuottaakseen laadukkaita elektronisia pelastuslaitteita ja muita hengenpelastustuotteita. Uusi EPIRB3 muotoillulla profiilillaan sopii yht\u00e4 hyvin sek\u00e4 purje- ett\u00e4 moottoriveneisiin. Sek\u00e4 vapaa-ajan ett\u00e4 kaupalliset k\u00e4ytt\u00e4j\u00e4t voivat olla varmoja siit\u00e4, ett\u00e4 t\u00e4m\u00e4n uuden h\u00e4t\u00e4tilannepaikannusradiomajakan ominaisuudet tarjoavat parhaat mahdollisuudet tehokkaaseen ja onnistuneeseen pelastukseen riippumatta siit\u00e4, minne he menev\u00e4t. EPIRB3 n useat huipputeknologiset ominaisuudet yhdistyv\u00e4t ainutlaatuiseen muotoiluun, mink\u00e4 ansiosta sit\u00e4 voidaan k\u00e4ytt\u00e4\u00e4 tehokkaasti kaikentyyppisiss\u00e4 aluksissa, olipa kyseess\u00e4 ty\u00f6skentely tai huvittelu l\u00e4hell\u00e4 rannikkoa, avomerell\u00e4 tai maapallon ylitys.   <\/p>\n<p class=\"ai-optimize-53\">Luokan 1 kelluvalle versiolle: <a href=\"https:\/\/oceansignal.com\/products\/safesea-epirb3-pro\/\">safeSEA EPIRB3 Pro<\/a><\/p>\n<p class=\"ai-optimize-54\"><strong>Ominaisuudet:<\/strong><\/p>\n<p>&nbsp;<\/p>\n<ul>\n<li class=\"ai-optimize-55\">30 % (tyyppi) pienempi<\/li>\n<li class=\"ai-optimize-56\">AIS-h\u00e4t\u00e4h\u00e4lytys<\/li>\n<li class=\"ai-optimize-57\">Paluulinkkipalvelu (RLS)<\/li>\n<li class=\"ai-optimize-58\">Mobiiliyhteys Near Field Communication (NFC) -tekniikalla<\/li>\n<li class=\"ai-optimize-59\">Ilmainen sovellus (Apple ja Android)<\/li>\n<li class=\"ai-optimize-60\">10 vuoden akun kesto<\/li>\n<li class=\"ai-optimize-61\">48+ tunnin k\u00e4ytt\u00f6ik\u00e4<\/li>\n<li class=\"ai-optimize-62\">2 vuoden takuu (voi pident\u00e4\u00e4 takuun 5 vuoteen tuotteen rekister\u00f6innin kautta Ocean Signal )<\/li>\n<li class=\"ai-optimize-63\">Nopea tarkka paikannus 72-kanavaisella GPS:ll\u00e4<\/li>\n<li class=\"ai-optimize-64\">Sis\u00e4\u00e4nvedett\u00e4v\u00e4 antenni<\/li>\n<li class=\"ai-optimize-65\">Pikakiinnike<\/li>\n<li class=\"ai-optimize-66\">Turvallinen kaulanauha<\/li>\n<\/ul>\n<p>&nbsp;<\/p>\n","protected":false},"excerpt":{"rendered":"<p class=\"ai-optimize-14\" data-start=\"318\" data-end=\"494\">rescueME EPIRB3 yhdist\u00e4\u00e4 maailmanlaajuisen pelastuspalvelun ja sis\u00e4\u00e4nrakennetun AIS-j\u00e4rjestelm\u00e4n, mik\u00e4 mahdollistaa \u00e4lykk\u00e4\u00e4t paikalliset pelastustoiminnot yhdess\u00e4 kompaktissa yksik\u00f6ss\u00e4.<\/p>\n<ul>\n<li class=\"ai-optimize-15\" style=\"list-style-type: none;\">\n<ul data-start=\"496\" data-end=\"1135\">\n<li class=\"ai-optimize-16\" data-start=\"496\" data-end=\"748\">\n<p class=\"ai-optimize-17\" data-start=\"498\" data-end=\"748\"><strong data-start=\"498\" data-end=\"544\">Globaali SAR-yhteys Cospas-Sarsatin kautta:<\/strong> L\u00e4hett\u00e4\u00e4 406 MHz:n h\u00e4t\u00e4signaalin suoraan kansainv\u00e4lisille etsint\u00e4- ja pelastuspalveluille \u2014 varmistaen <strong data-start=\"678\" data-end=\"725\">taatun,<\/strong> hallituksen koordinoiman avun miss\u00e4 tahansa p\u00e4in maailmaa, 24\/7\/365.<\/p>\n<\/li>\n<li class=\"ai-optimize-18\" data-start=\"749\" data-end=\"929\">\n<p class=\"ai-optimize-19\" data-start=\"751\" data-end=\"929\"><strong data-start=\"751\" data-end=\"787\">Paluulinkkipalvelu (RLS) + AIS:<\/strong> Vahvistaa signaalin vastaanottamisen visuaalisella sinisell\u00e4 valolla, kun taas AIS l\u00e4hett\u00e4\u00e4 sijaintisi l\u00e4hell\u00e4 oleville aluksille <strong data-start=\"905\" data-end=\"928\">kaksikerroksista pelastustoimintoa<\/strong> varten.<\/p>\n<\/li>\n<li class=\"ai-optimize-20\" data-start=\"930\" data-end=\"1135\">\n<p class=\"ai-optimize-21\" data-start=\"932\" data-end=\"1135\"><strong data-start=\"932\" data-end=\"968\">Luotettava ja pitk\u00e4ik\u00e4inen suorituskyky:<\/strong> Varustettu eritt\u00e4in tarkalla GNSS-vastaanottimella, yli 48 tunnin akunkestolla aktivoinnin j\u00e4lkeen ja t\u00e4ysin <strong data-start=\"1091\" data-end=\"1098\">IMO-<\/strong> ja <strong data-start=\"1103\" data-end=\"1112\">SOLAS-<\/strong> yleissopimusten mukaisella kuljetusm\u00e4\u00e4r\u00e4yksell\u00e4.<\/p>\n<\/li>\n<li class=\"ai-optimize-22\" data-start=\"930\" data-end=\"1135\"><strong>Ei tilausmaksuja<\/strong> .<\/li>\n<\/ul>\n<\/li>\n<\/ul>\n","protected":false},"featured_media":12417,"template":"","meta":{"_acf_changed":false,"om_disable_all_campaigns":false},"product_brand":[],"product_cat":[723,610],"product_tag":[724,725,728,726,727],"class_list":{"0":"post-12884","1":"product","2":"type-product","3":"status-publish","4":"has-post-thumbnail","6":"product_cat-epirb-fi","7":"product_cat-rescueme-fi","8":"product_tag-ais-fi","9":"product_tag-epirb-fi","10":"product_tag-epirb3-fi","11":"product_tag-nfc-fi","12":"product_tag-rls-fi","14":"first","15":"instock","16":"taxable","17":"shipping-taxable","18":"purchasable","19":"product-type-simple"},"acf":[],"yoast_head":"<!-- This site is optimized with the Yoast SEO Premium plugin v25.2 (Yoast SEO v26.4) - https:\/\/yoast.com\/wordpress\/plugins\/seo\/ -->\n<title>rescueME EPIRB3 - Ocean Signal<\/title>\n<meta name=\"description\" content=\"Pysy turvassa merell\u00e4 rescueME EPIRB3 avulla: T\u00e4m\u00e4 h\u00e4t\u00e4paikannusradiomajakka eli EPIRB sis\u00e4lt\u00e4\u00e4 nyt AIS:n ja on GMDSS-hyv\u00e4ksytty veneilij\u00f6ille. Osta nyt!\" \/>\n<meta name=\"robots\" content=\"index, follow, max-snippet:-1, max-image-preview:large, max-video-preview:-1\" \/>\n<link rel=\"canonical\" href=\"https:\/\/oceansignal.com\/fi\/products\/pelastame-epirb3\/\" \/>\n<meta property=\"og:locale\" content=\"fi_FI\" \/>\n<meta property=\"og:type\" content=\"article\" \/>\n<meta property=\"og:title\" content=\"rescueME EPIRB3\" \/>\n<meta property=\"og:description\" content=\"Pysy turvassa merell\u00e4 rescueME EPIRB3 avulla: T\u00e4m\u00e4 h\u00e4t\u00e4paikannusradiomajakka eli EPIRB sis\u00e4lt\u00e4\u00e4 nyt AIS:n ja on GMDSS-hyv\u00e4ksytty veneilij\u00f6ille. Osta nyt!\" \/>\n<meta property=\"og:url\" content=\"https:\/\/oceansignal.com\/fi\/products\/pelastame-epirb3\/\" \/>\n<meta property=\"og:site_name\" content=\"Ocean Signal\" \/>\n<meta property=\"article:modified_time\" content=\"2026-03-25T10:11:06+00:00\" \/>\n<meta property=\"og:image\" content=\"https:\/\/oceansignal.com\/wp-content\/uploads\/2023\/03\/EPIRB3-Front.png\" \/>\n\t<meta property=\"og:image:width\" content=\"800\" \/>\n\t<meta property=\"og:image:height\" content=\"800\" \/>\n\t<meta property=\"og:image:type\" content=\"image\/png\" \/>\n<meta name=\"twitter:card\" content=\"summary_large_image\" \/>\n<meta name=\"twitter:label1\" content=\"Arvioitu lukuaika\" \/>\n\t<meta name=\"twitter:data1\" content=\"5 minuuttia\" \/>\n<script type=\"application\/ld+json\" class=\"yoast-schema-graph\">{\"@context\":\"https:\/\/schema.org\",\"@graph\":[{\"@type\":\"WebPage\",\"@id\":\"https:\/\/oceansignal.com\/fi\/products\/pelastame-epirb3\/\",\"url\":\"https:\/\/oceansignal.com\/fi\/products\/pelastame-epirb3\/\",\"name\":\"rescueME EPIRB3 - Ocean Signal\",\"isPartOf\":{\"@id\":\"https:\/\/oceansignal.com\/fi\/#website\"},\"primaryImageOfPage\":{\"@id\":\"https:\/\/oceansignal.com\/fi\/products\/pelastame-epirb3\/#primaryimage\"},\"image\":{\"@id\":\"https:\/\/oceansignal.com\/fi\/products\/pelastame-epirb3\/#primaryimage\"},\"thumbnailUrl\":\"https:\/\/oceansignal.com\/wp-content\/uploads\/2023\/03\/EPIRB3-Front.png\",\"datePublished\":\"2023-03-27T07:28:36+00:00\",\"dateModified\":\"2026-03-25T10:11:06+00:00\",\"description\":\"Pysy turvassa merell\u00e4 rescueME EPIRB3 avulla: T\u00e4m\u00e4 h\u00e4t\u00e4paikannusradiomajakka eli EPIRB sis\u00e4lt\u00e4\u00e4 nyt AIS:n ja on GMDSS-hyv\u00e4ksytty veneilij\u00f6ille. Osta nyt!\",\"breadcrumb\":{\"@id\":\"https:\/\/oceansignal.com\/fi\/products\/pelastame-epirb3\/#breadcrumb\"},\"inLanguage\":\"fi\",\"potentialAction\":[{\"@type\":\"ReadAction\",\"target\":[\"https:\/\/oceansignal.com\/fi\/products\/pelastame-epirb3\/\"]}]},{\"@type\":\"ImageObject\",\"inLanguage\":\"fi\",\"@id\":\"https:\/\/oceansignal.com\/fi\/products\/pelastame-epirb3\/#primaryimage\",\"url\":\"https:\/\/oceansignal.com\/wp-content\/uploads\/2023\/03\/EPIRB3-Front.png\",\"contentUrl\":\"https:\/\/oceansignal.com\/wp-content\/uploads\/2023\/03\/EPIRB3-Front.png\",\"width\":800,\"height\":800},{\"@type\":\"BreadcrumbList\",\"@id\":\"https:\/\/oceansignal.com\/fi\/products\/pelastame-epirb3\/#breadcrumb\",\"itemListElement\":[{\"@type\":\"ListItem\",\"position\":1,\"name\":\"Shop\",\"item\":\"https:\/\/oceansignal.com\/fi\/shop\/\"},{\"@type\":\"ListItem\",\"position\":2,\"name\":\"rescueME EPIRB3\"}]},{\"@type\":\"WebSite\",\"@id\":\"https:\/\/oceansignal.com\/fi\/#website\",\"url\":\"https:\/\/oceansignal.com\/fi\/\",\"name\":\"Ocean Signal\",\"description\":\"A leading manufacturer of EPIRBs, AIS, SARTs, Personal Locator Beacons, Man Overboard Beacon for the Marine and Outdoor Markets.\",\"potentialAction\":[{\"@type\":\"SearchAction\",\"target\":{\"@type\":\"EntryPoint\",\"urlTemplate\":\"https:\/\/oceansignal.com\/fi\/?s={search_term_string}\"},\"query-input\":{\"@type\":\"PropertyValueSpecification\",\"valueRequired\":true,\"valueName\":\"search_term_string\"}}],\"inLanguage\":\"fi\"}]}<\/script>\n<!-- \/ Yoast SEO Premium plugin. -->","yoast_head_json":{"title":"rescueME EPIRB3 - Ocean Signal","description":"Pysy turvassa merell\u00e4 rescueME EPIRB3 avulla: T\u00e4m\u00e4 h\u00e4t\u00e4paikannusradiomajakka eli EPIRB sis\u00e4lt\u00e4\u00e4 nyt AIS:n ja on GMDSS-hyv\u00e4ksytty veneilij\u00f6ille. Osta nyt!","robots":{"index":"index","follow":"follow","max-snippet":"max-snippet:-1","max-image-preview":"max-image-preview:large","max-video-preview":"max-video-preview:-1"},"canonical":"https:\/\/oceansignal.com\/fi\/products\/pelastame-epirb3\/","og_locale":"fi_FI","og_type":"article","og_title":"rescueME EPIRB3","og_description":"Pysy turvassa merell\u00e4 rescueME EPIRB3 avulla: T\u00e4m\u00e4 h\u00e4t\u00e4paikannusradiomajakka eli EPIRB sis\u00e4lt\u00e4\u00e4 nyt AIS:n ja on GMDSS-hyv\u00e4ksytty veneilij\u00f6ille. Osta nyt!","og_url":"https:\/\/oceansignal.com\/fi\/products\/pelastame-epirb3\/","og_site_name":"Ocean Signal","article_modified_time":"2026-03-25T10:11:06+00:00","og_image":[{"width":800,"height":800,"url":"https:\/\/oceansignal.com\/wp-content\/uploads\/2023\/03\/EPIRB3-Front.png","type":"image\/png"}],"twitter_card":"summary_large_image","twitter_misc":{"Arvioitu lukuaika":"5 minuuttia"},"schema":{"@context":"https:\/\/schema.org","@graph":[{"@type":"WebPage","@id":"https:\/\/oceansignal.com\/fi\/products\/pelastame-epirb3\/","url":"https:\/\/oceansignal.com\/fi\/products\/pelastame-epirb3\/","name":"rescueME EPIRB3 - Ocean Signal","isPartOf":{"@id":"https:\/\/oceansignal.com\/fi\/#website"},"primaryImageOfPage":{"@id":"https:\/\/oceansignal.com\/fi\/products\/pelastame-epirb3\/#primaryimage"},"image":{"@id":"https:\/\/oceansignal.com\/fi\/products\/pelastame-epirb3\/#primaryimage"},"thumbnailUrl":"https:\/\/oceansignal.com\/wp-content\/uploads\/2023\/03\/EPIRB3-Front.png","datePublished":"2023-03-27T07:28:36+00:00","dateModified":"2026-03-25T10:11:06+00:00","description":"Pysy turvassa merell\u00e4 rescueME EPIRB3 avulla: T\u00e4m\u00e4 h\u00e4t\u00e4paikannusradiomajakka eli EPIRB sis\u00e4lt\u00e4\u00e4 nyt AIS:n ja on GMDSS-hyv\u00e4ksytty veneilij\u00f6ille. Osta nyt!","breadcrumb":{"@id":"https:\/\/oceansignal.com\/fi\/products\/pelastame-epirb3\/#breadcrumb"},"inLanguage":"fi","potentialAction":[{"@type":"ReadAction","target":["https:\/\/oceansignal.com\/fi\/products\/pelastame-epirb3\/"]}]},{"@type":"ImageObject","inLanguage":"fi","@id":"https:\/\/oceansignal.com\/fi\/products\/pelastame-epirb3\/#primaryimage","url":"https:\/\/oceansignal.com\/wp-content\/uploads\/2023\/03\/EPIRB3-Front.png","contentUrl":"https:\/\/oceansignal.com\/wp-content\/uploads\/2023\/03\/EPIRB3-Front.png","width":800,"height":800},{"@type":"BreadcrumbList","@id":"https:\/\/oceansignal.com\/fi\/products\/pelastame-epirb3\/#breadcrumb","itemListElement":[{"@type":"ListItem","position":1,"name":"Shop","item":"https:\/\/oceansignal.com\/fi\/shop\/"},{"@type":"ListItem","position":2,"name":"rescueME EPIRB3"}]},{"@type":"WebSite","@id":"https:\/\/oceansignal.com\/fi\/#website","url":"https:\/\/oceansignal.com\/fi\/","name":"Ocean Signal","description":"A leading manufacturer of EPIRBs, AIS, SARTs, Personal Locator Beacons, Man Overboard Beacon for the Marine and Outdoor Markets.","potentialAction":[{"@type":"SearchAction","target":{"@type":"EntryPoint","urlTemplate":"https:\/\/oceansignal.com\/fi\/?s={search_term_string}"},"query-input":{"@type":"PropertyValueSpecification","valueRequired":true,"valueName":"search_term_string"}}],"inLanguage":"fi"}]}},"_links":{"self":[{"href":"https:\/\/oceansignal.com\/fi\/wp-json\/wp\/v2\/product\/12884","targetHints":{"allow":["GET"]}}],"collection":[{"href":"https:\/\/oceansignal.com\/fi\/wp-json\/wp\/v2\/product"}],"about":[{"href":"https:\/\/oceansignal.com\/fi\/wp-json\/wp\/v2\/types\/product"}],"wp:featuredmedia":[{"embeddable":true,"href":"https:\/\/oceansignal.com\/fi\/wp-json\/wp\/v2\/media\/12417"}],"wp:attachment":[{"href":"https:\/\/oceansignal.com\/fi\/wp-json\/wp\/v2\/media?parent=12884"}],"wp:term":[{"taxonomy":"product_brand","embeddable":true,"href":"https:\/\/oceansignal.com\/fi\/wp-json\/wp\/v2\/product_brand?post=12884"},{"taxonomy":"product_cat","embeddable":true,"href":"https:\/\/oceansignal.com\/fi\/wp-json\/wp\/v2\/product_cat?post=12884"},{"taxonomy":"product_tag","embeddable":true,"href":"https:\/\/oceansignal.com\/fi\/wp-json\/wp\/v2\/product_tag?post=12884"}],"curies":[{"name":"wp","href":"https:\/\/api.w.org\/{rel}","templated":true}]}}