{"id":12886,"date":"2023-09-07T11:09:06","date_gmt":"2023-09-07T11:09:06","guid":{"rendered":"https:\/\/oceansignal.com\/products\/pelastame-epirb1\/"},"modified":"2026-01-21T19:37:08","modified_gmt":"2026-01-21T19:37:08","slug":"pelastame-epirb1","status":"publish","type":"product","link":"https:\/\/oceansignal.com\/fi\/products\/pelastame-epirb1\/","title":{"rendered":"rescueME EPIRB1"},"content":{"rendered":"<p>Yhteenveto:<\/p>\n<p>rescueME EPIRB1 tarjoaa mielenrauhaa vaikuttavalla 10 vuoden akun kestolla.<\/p>\n<p>Maailman pienikokoisin h\u00e4t\u00e4asennon osoittava radiomajakka tai EPIRB voi olla aina k\u00e4sill\u00e4, sill\u00e4 sen pienen koon ansiosta se voidaan helposti pit\u00e4\u00e4 manuaalisessa pikalukitustelineess\u00e4 tai sijoittaa h\u00e4t\u00e4laukkuun tai pelastuslautaan. Yksinkertainen suojaliuska k\u00e4ytt\u00f6n\u00e4pp\u00e4inten p\u00e4\u00e4ll\u00e4 est\u00e4\u00e4 tahattoman aktivoinnin, mutta mahdollistaa helpon k\u00e4yt\u00f6n tarvittaessa. <\/p>\n<p>rescueME EPIRB1 ss\u00e4 on my\u00f6s kaksi eritt\u00e4in kirkasta v\u00e4l\u00e4hdysvaloa, jotka maksimoivat n\u00e4kyvyyden heikossa valaistuksessa, ja sis\u00e4\u00e4nvedett\u00e4v\u00e4 antenni tarjoaa maksimaalisen suojan ja pienemm\u00e4t s\u00e4ilytysrajat. Tarvittaessa antenni on helppo avata kevyell\u00e4 vedolla. <\/p>\n<p>Suositeltu blogi: <a href=\"https:\/\/oceansignal.com\/fi\/news\/mika-on-hataasennon-osoittava-radiomajakka-tai-epirb\/\">Mik\u00e4 on EPIRB ?<\/a><\/p>\n<p>Tuotekuvaus:<\/p>\n<p>Esittelyss\u00e4 Ocean Signal rescueME EPIRB1 \u2013 luotettava kumppanisi meriturvallisuuteen.<\/p>\n<p>T\u00e4m\u00e4 pienikokoinen h\u00e4t\u00e4asennon osoittava radiomajakka ( EPIRB ) on suunniteltu h\u00e4lytt\u00e4m\u00e4\u00e4n etsint\u00e4- ja pelastusryhmi\u00e4 nopeasti merell\u00e4 tapahtuneessa h\u00e4t\u00e4tilanteessa. Olitpa merimies, kalastaja tai seikkailija, rescueME EPIRB1 varmistaa, ett\u00e4 h\u00e4t\u00e4signaalisi l\u00e4hetet\u00e4\u00e4n tarkasti, mik\u00e4 helpottaa nopeaa reagointia sijaintiisi. Huipputeknologiansa ja k\u00e4ytt\u00e4j\u00e4yst\u00e4v\u00e4llisen suunnittelunsa ansiosta t\u00e4m\u00e4 olennainen laite tarjoaa vertaansa vailla olevan mielenrauhan ja antaa sinulle mahdollisuuden navigoida merell\u00e4 luottavaisin mielin.  <\/p>\n<p>rescueME EPIRB1 ss\u00e4 on vakiona integroitu 66-kanavainen GPS, joka tarjoaa tarkat sijaintitiedot h\u00e4t\u00e4palveluille nopean pelastuksen auttamiseksi. Aktivoituna EPIRB1 l\u00e4hett\u00e4\u00e4 sijaintisi ja yksil\u00f6llisen tunnuksesi pelastuskeskukseen satelliittilinkin kautta. N\u00e4m\u00e4 tiedot v\u00e4litet\u00e4\u00e4n sitten asianomaisille paikallisille etsint\u00e4- ja pelastuspalveluille, jotka kertovat heille tarkan sijaintisi 66-kanavaisen GPS:n ansiosta.  <\/p>\n<p>Haluatko p\u00e4ivitt\u00e4\u00e4 AIS-yhteensopivaan EPIRB :hen? Katso uusi <a href=\"https:\/\/oceansignal.com\/products\/safesea-epirb3-pro\/\">EPIRB3<\/a> <\/p>\n<p>&nbsp;<\/p>\n<p><strong>Ominaisuudet:<\/strong><\/p>\n<ul>\n<li>30 % (tyyppi) pienempi*<\/li>\n<li>10 vuoden akun kesto<\/li>\n<li>K\u00e4ytt\u00f6ik\u00e4 yli 48 tuntia<\/li>\n<li>2 vuoden takuu \u2020 (voi pident\u00e4\u00e4 takuun 5 vuoteen tuotteen rekister\u00f6innin kautta)<\/li>\n<li>Nopea tarkka paikannus 66-kanavaisella GPS:ll\u00e4<\/li>\n<li>Sis\u00e4\u00e4nvedett\u00e4v\u00e4 antenni<\/li>\n<li>Pikakiinnike<\/li>\n<li>Turvallinen kaulanauha<\/li>\n<li>Valmistettu Isossa-Britanniassa (UK)<\/li>\n<\/ul>\n<p>&nbsp;<\/p>\n<p>*30 % pienempi verrattuna muihin tunnustettujen standardien mukaan hyv\u00e4ksyttyihin tuotteisiin (hein\u00e4kuu 2014)<\/p>\n<p>\u2020 Takuulausekkeen alainen<\/p>\n<p>Ocean Signal <a href=\"http:\/\/oceansignal.com\/products\/rescueme-epirb1-pro\/\">EPIRB1 Pro<\/a> tarjoaa pidempi\u00e4 offshore- tai merikulkuja varten automaattisesti vapautuvan kotelon.<\/p>\n<p>&nbsp;<\/p>\n","protected":false},"excerpt":{"rendered":"<p>Maailman pienikokoisin h\u00e4t\u00e4asennon osoittava radiomajakka ( EPIRB )<\/p>\n<p><strong>Ominaisuudet:<\/strong><\/p>\n<ul>\n<li>Kerran osto. Ei liittymismaksua. <\/li>\n<li>10 vuoden akun kesto<\/li>\n<li>K\u00e4ytt\u00f6ik\u00e4 yli 48 tuntia<\/li>\n<li>Nopea tarkka paikannus 66-kanavaisella GPS:ll\u00e4 ja 406Mhz + 121,5Mhz<\/li>\n<li>2 vuoden takuu \u2020 (voi pident\u00e4\u00e4 takuun 5 vuoteen tuotteen rekister\u00f6innin kautta)<\/li>\n<li>Sis\u00e4\u00e4nvedett\u00e4v\u00e4 antenni<\/li>\n<li>Pikakiinnike<\/li>\n<li>Turvallinen kaulanauha<\/li>\n<li>Valmistettu Isossa-Britanniassa (UK)<\/li>\n<\/ul>\n<p><a href=\"https:\/\/www.dropbox.com\/s\/fk04stqsp2hgk5f\/Prop%2065%20-%20DEHP.pdf?dl=0\">VAROITUS: PROP 65<\/a><\/p>\n<p>&nbsp;<\/p>\n","protected":false},"featured_media":35479,"template":"","meta":{"_acf_changed":false,"om_disable_all_campaigns":false},"product_brand":[],"product_cat":[723,610],"product_tag":[725,764,765,763,766],"class_list":{"0":"post-12886","1":"product","2":"type-product","3":"status-publish","4":"has-post-thumbnail","6":"product_cat-epirb-fi","7":"product_cat-rescueme-fi","8":"product_tag-epirb-fi","9":"product_tag-epirb1-fi","10":"product_tag-gps-fi","11":"product_tag-hataasennon-osoittava-radiomajakka","12":"product_tag-meriturvallisuus","14":"first","15":"instock","16":"taxable","17":"shipping-taxable","18":"purchasable","19":"product-type-simple"},"acf":[],"yoast_head":"<!-- This site is optimized with the Yoast SEO Premium plugin v25.2 (Yoast SEO v26.4) - https:\/\/yoast.com\/wordpress\/plugins\/seo\/ -->\n<title>rescueME EPIRB1 - Ocean Signal<\/title>\n<meta name=\"description\" content=\"Pysy turvassa merell\u00e4 Ocean Signal rescueME EPIRB1 h\u00e4t\u00e4asennon osoittavan radiomajakan avulla. Kompakti ja luotettava, se on tarkoitettu meriseikkailuihin.\" \/>\n<meta name=\"robots\" content=\"index, follow, max-snippet:-1, max-image-preview:large, max-video-preview:-1\" \/>\n<link rel=\"canonical\" href=\"https:\/\/oceansignal.com\/fi\/products\/pelastame-epirb1\/\" \/>\n<meta property=\"og:locale\" content=\"fi_FI\" \/>\n<meta property=\"og:type\" content=\"article\" \/>\n<meta property=\"og:title\" content=\"rescueME EPIRB1\" \/>\n<meta property=\"og:description\" content=\"Pysy turvassa merell\u00e4 Ocean Signal rescueME EPIRB1 h\u00e4t\u00e4asennon osoittavan radiomajakan avulla. Kompakti ja luotettava, se on tarkoitettu meriseikkailuihin.\" \/>\n<meta property=\"og:url\" content=\"https:\/\/oceansignal.com\/fi\/products\/pelastame-epirb1\/\" \/>\n<meta property=\"og:site_name\" content=\"Ocean Signal\" \/>\n<meta property=\"article:modified_time\" content=\"2026-01-21T19:37:08+00:00\" \/>\n<meta property=\"og:image\" content=\"https:\/\/oceansignal.com\/wp-content\/uploads\/2023\/09\/Ocean-Signal-EPIRB-1-Front.webp\" \/>\n\t<meta property=\"og:image:width\" content=\"800\" \/>\n\t<meta property=\"og:image:height\" content=\"800\" \/>\n\t<meta property=\"og:image:type\" content=\"image\/webp\" \/>\n<meta name=\"twitter:card\" content=\"summary_large_image\" \/>\n<meta name=\"twitter:label1\" content=\"Arvioitu lukuaika\" \/>\n\t<meta name=\"twitter:data1\" content=\"2 minuuttia\" \/>\n<script type=\"application\/ld+json\" class=\"yoast-schema-graph\">{\"@context\":\"https:\/\/schema.org\",\"@graph\":[{\"@type\":\"WebPage\",\"@id\":\"https:\/\/oceansignal.com\/fi\/products\/pelastame-epirb1\/\",\"url\":\"https:\/\/oceansignal.com\/fi\/products\/pelastame-epirb1\/\",\"name\":\"rescueME EPIRB1 - Ocean Signal\",\"isPartOf\":{\"@id\":\"https:\/\/oceansignal.com\/fi\/#website\"},\"primaryImageOfPage\":{\"@id\":\"https:\/\/oceansignal.com\/fi\/products\/pelastame-epirb1\/#primaryimage\"},\"image\":{\"@id\":\"https:\/\/oceansignal.com\/fi\/products\/pelastame-epirb1\/#primaryimage\"},\"thumbnailUrl\":\"https:\/\/oceansignal.com\/wp-content\/uploads\/2023\/09\/Ocean-Signal-EPIRB-1-Front.webp\",\"datePublished\":\"2023-09-07T11:09:06+00:00\",\"dateModified\":\"2026-01-21T19:37:08+00:00\",\"description\":\"Pysy turvassa merell\u00e4 Ocean Signal rescueME EPIRB1 h\u00e4t\u00e4asennon osoittavan radiomajakan avulla. Kompakti ja luotettava, se on tarkoitettu meriseikkailuihin.\",\"breadcrumb\":{\"@id\":\"https:\/\/oceansignal.com\/fi\/products\/pelastame-epirb1\/#breadcrumb\"},\"inLanguage\":\"fi\",\"potentialAction\":[{\"@type\":\"ReadAction\",\"target\":[\"https:\/\/oceansignal.com\/fi\/products\/pelastame-epirb1\/\"]}]},{\"@type\":\"ImageObject\",\"inLanguage\":\"fi\",\"@id\":\"https:\/\/oceansignal.com\/fi\/products\/pelastame-epirb1\/#primaryimage\",\"url\":\"https:\/\/oceansignal.com\/wp-content\/uploads\/2023\/09\/Ocean-Signal-EPIRB-1-Front.webp\",\"contentUrl\":\"https:\/\/oceansignal.com\/wp-content\/uploads\/2023\/09\/Ocean-Signal-EPIRB-1-Front.webp\",\"width\":800,\"height\":800},{\"@type\":\"BreadcrumbList\",\"@id\":\"https:\/\/oceansignal.com\/fi\/products\/pelastame-epirb1\/#breadcrumb\",\"itemListElement\":[{\"@type\":\"ListItem\",\"position\":1,\"name\":\"Shop\",\"item\":\"https:\/\/oceansignal.com\/fi\/shop\/\"},{\"@type\":\"ListItem\",\"position\":2,\"name\":\"rescueME EPIRB1\"}]},{\"@type\":\"WebSite\",\"@id\":\"https:\/\/oceansignal.com\/fi\/#website\",\"url\":\"https:\/\/oceansignal.com\/fi\/\",\"name\":\"Ocean Signal\",\"description\":\"A leading manufacturer of EPIRBs, AIS, SARTs, Personal Locator Beacons, Man Overboard Beacon for the Marine and Outdoor Markets.\",\"potentialAction\":[{\"@type\":\"SearchAction\",\"target\":{\"@type\":\"EntryPoint\",\"urlTemplate\":\"https:\/\/oceansignal.com\/fi\/?s={search_term_string}\"},\"query-input\":{\"@type\":\"PropertyValueSpecification\",\"valueRequired\":true,\"valueName\":\"search_term_string\"}}],\"inLanguage\":\"fi\"}]}<\/script>\n<!-- \/ Yoast SEO Premium plugin. -->","yoast_head_json":{"title":"rescueME EPIRB1 - Ocean Signal","description":"Pysy turvassa merell\u00e4 Ocean Signal rescueME EPIRB1 h\u00e4t\u00e4asennon osoittavan radiomajakan avulla. Kompakti ja luotettava, se on tarkoitettu meriseikkailuihin.","robots":{"index":"index","follow":"follow","max-snippet":"max-snippet:-1","max-image-preview":"max-image-preview:large","max-video-preview":"max-video-preview:-1"},"canonical":"https:\/\/oceansignal.com\/fi\/products\/pelastame-epirb1\/","og_locale":"fi_FI","og_type":"article","og_title":"rescueME EPIRB1","og_description":"Pysy turvassa merell\u00e4 Ocean Signal rescueME EPIRB1 h\u00e4t\u00e4asennon osoittavan radiomajakan avulla. Kompakti ja luotettava, se on tarkoitettu meriseikkailuihin.","og_url":"https:\/\/oceansignal.com\/fi\/products\/pelastame-epirb1\/","og_site_name":"Ocean Signal","article_modified_time":"2026-01-21T19:37:08+00:00","og_image":[{"width":800,"height":800,"url":"https:\/\/oceansignal.com\/wp-content\/uploads\/2023\/09\/Ocean-Signal-EPIRB-1-Front.webp","type":"image\/webp"}],"twitter_card":"summary_large_image","twitter_misc":{"Arvioitu lukuaika":"2 minuuttia"},"schema":{"@context":"https:\/\/schema.org","@graph":[{"@type":"WebPage","@id":"https:\/\/oceansignal.com\/fi\/products\/pelastame-epirb1\/","url":"https:\/\/oceansignal.com\/fi\/products\/pelastame-epirb1\/","name":"rescueME EPIRB1 - Ocean Signal","isPartOf":{"@id":"https:\/\/oceansignal.com\/fi\/#website"},"primaryImageOfPage":{"@id":"https:\/\/oceansignal.com\/fi\/products\/pelastame-epirb1\/#primaryimage"},"image":{"@id":"https:\/\/oceansignal.com\/fi\/products\/pelastame-epirb1\/#primaryimage"},"thumbnailUrl":"https:\/\/oceansignal.com\/wp-content\/uploads\/2023\/09\/Ocean-Signal-EPIRB-1-Front.webp","datePublished":"2023-09-07T11:09:06+00:00","dateModified":"2026-01-21T19:37:08+00:00","description":"Pysy turvassa merell\u00e4 Ocean Signal rescueME EPIRB1 h\u00e4t\u00e4asennon osoittavan radiomajakan avulla. Kompakti ja luotettava, se on tarkoitettu meriseikkailuihin.","breadcrumb":{"@id":"https:\/\/oceansignal.com\/fi\/products\/pelastame-epirb1\/#breadcrumb"},"inLanguage":"fi","potentialAction":[{"@type":"ReadAction","target":["https:\/\/oceansignal.com\/fi\/products\/pelastame-epirb1\/"]}]},{"@type":"ImageObject","inLanguage":"fi","@id":"https:\/\/oceansignal.com\/fi\/products\/pelastame-epirb1\/#primaryimage","url":"https:\/\/oceansignal.com\/wp-content\/uploads\/2023\/09\/Ocean-Signal-EPIRB-1-Front.webp","contentUrl":"https:\/\/oceansignal.com\/wp-content\/uploads\/2023\/09\/Ocean-Signal-EPIRB-1-Front.webp","width":800,"height":800},{"@type":"BreadcrumbList","@id":"https:\/\/oceansignal.com\/fi\/products\/pelastame-epirb1\/#breadcrumb","itemListElement":[{"@type":"ListItem","position":1,"name":"Shop","item":"https:\/\/oceansignal.com\/fi\/shop\/"},{"@type":"ListItem","position":2,"name":"rescueME EPIRB1"}]},{"@type":"WebSite","@id":"https:\/\/oceansignal.com\/fi\/#website","url":"https:\/\/oceansignal.com\/fi\/","name":"Ocean Signal","description":"A leading manufacturer of EPIRBs, AIS, SARTs, Personal Locator Beacons, Man Overboard Beacon for the Marine and Outdoor Markets.","potentialAction":[{"@type":"SearchAction","target":{"@type":"EntryPoint","urlTemplate":"https:\/\/oceansignal.com\/fi\/?s={search_term_string}"},"query-input":{"@type":"PropertyValueSpecification","valueRequired":true,"valueName":"search_term_string"}}],"inLanguage":"fi"}]}},"_links":{"self":[{"href":"https:\/\/oceansignal.com\/fi\/wp-json\/wp\/v2\/product\/12886","targetHints":{"allow":["GET"]}}],"collection":[{"href":"https:\/\/oceansignal.com\/fi\/wp-json\/wp\/v2\/product"}],"about":[{"href":"https:\/\/oceansignal.com\/fi\/wp-json\/wp\/v2\/types\/product"}],"wp:featuredmedia":[{"embeddable":true,"href":"https:\/\/oceansignal.com\/fi\/wp-json\/wp\/v2\/media\/35479"}],"wp:attachment":[{"href":"https:\/\/oceansignal.com\/fi\/wp-json\/wp\/v2\/media?parent=12886"}],"wp:term":[{"taxonomy":"product_brand","embeddable":true,"href":"https:\/\/oceansignal.com\/fi\/wp-json\/wp\/v2\/product_brand?post=12886"},{"taxonomy":"product_cat","embeddable":true,"href":"https:\/\/oceansignal.com\/fi\/wp-json\/wp\/v2\/product_cat?post=12886"},{"taxonomy":"product_tag","embeddable":true,"href":"https:\/\/oceansignal.com\/fi\/wp-json\/wp\/v2\/product_tag?post=12886"}],"curies":[{"name":"wp","href":"https:\/\/api.w.org\/{rel}","templated":true}]}}