{"id":12891,"date":"2023-09-07T13:28:52","date_gmt":"2023-09-07T13:28:52","guid":{"rendered":"https:\/\/oceansignal.com\/products\/pelasta-me-plb1\/"},"modified":"2025-11-12T10:40:18","modified_gmt":"2025-11-12T10:40:18","slug":"pelasta-me-plb1","status":"publish","type":"product","link":"https:\/\/oceansignal.com\/fi\/products\/pelasta-me-plb1\/","title":{"rendered":"rescueME PLB1 Personal Locator Beacon"},"content":{"rendered":"<p>YHDYSVALTAIN\/KANADALAISILLE ASIAKKAILLE: <a href=\"https:\/\/www.dropbox.com\/s\/fk04stqsp2hgk5f\/Prop%2065%20-%20DEHP.pdf?dl=0\">VAROITUS: PROPAGAN 65<\/a><\/p>\n<h3>ILMAINEN <a href=\"https:\/\/oceansignal.com\/fi\/products\/plb1-kelluntasku\/\">PLB1-kellukkapussi,<\/a> jonka arvo on 19,99 dollaria, jokaisen PLB1-tilauksen yhteydess\u00e4. K\u00e4yt\u00e4 ostoskorissa koodia: Pouch2025. <\/h3>\n<p><img loading=\"lazy\" decoding=\"async\" class=\"\" src=\"https:\/\/oceansignal.com\/wp-content\/uploads\/2025\/10\/Free-PLB1-Floatation-Pouch-with-every-order-Ocean-Signal.png\" width=\"129\" height=\"179\"><\/p>\n<p>&nbsp;<\/p>\n<p><strong>RescueMe PLB1<\/strong> voidaan k\u00e4ytt\u00e4\u00e4 yhdell\u00e4 k\u00e4dell\u00e4 haastavimmissakin tilanteissa. Yksinkertainen jousikuormitteinen l\u00e4pp\u00e4 peitt\u00e4\u00e4 aktivointipainikkeen ja est\u00e4\u00e4 tahattoman k\u00e4yt\u00f6n. Integroitu eritt\u00e4in kirkas strobovalo takaa maksimaalisen n\u00e4kyvyyden, ja antennin k\u00e4ytt\u00f6\u00f6notto ei voisi olla helpompaa, kevyell\u00e4 vedolla antenni vapautuu.  <\/p>\n<p><strong>rescueME PLB1<\/strong> toimii ainoan virallisesti tunnustetun maailmanlaajuisen etsint\u00e4- ja pelastussatelliittiverkon kanssa (joita yll\u00e4pit\u00e4\u00e4 Cospas Sarsat). Koska t\u00e4m\u00e4 on valtioiden rahoittama, t\u00e4m\u00e4n palvelun k\u00e4ytt\u00e4misest\u00e4 EI OLE MAKSUT. Aktivoituna Personal Locator Beacon l\u00e4hett\u00e4\u00e4 sijaintisi ja tunnuksesi pelastuskeskukseen satelliittilinkin kautta. L\u00e4himm\u00e4lle pelastuslaitokselle ilmoitetaan v\u00e4litt\u00f6m\u00e4sti h\u00e4t\u00e4tilanteesta, ja heille ilmoitetaan s\u00e4\u00e4nn\u00f6llisesti nykyisest\u00e4 sijainnistasi nopean pelastuksen helpottamiseksi.   <\/p>\n<p><strong>Ominaisuudet:<\/strong><\/p>\n<ul>\n<li>Ilmainen k\u00e4ytt\u00f6, ei tilausmaksuja<\/li>\n<li>30 % pienempi (tyyppi) tilavuuden mukaan<\/li>\n<li>Vesitiivis 15 metriin asti<\/li>\n<li>Paino 116 grammaa<\/li>\n<li>Sopii helposti pelastusliiviin*<\/li>\n<li>Sis\u00e4\u00e4nvedett\u00e4v\u00e4 antenni<\/li>\n<li>7 vuoden akunkesto<\/li>\n<li>24+ tunnin k\u00e4ytt\u00f6ik\u00e4<\/li>\n<li>Korkean kirkkauden strobovalo&gt; 1 kandela<\/li>\n<li>66 kanavainen GPS-vastaanotin<\/li>\n<li>Ainutlaatuinen kiinnitysklipsi<\/li>\n<li>Toimii maailmanlaajuisessa Cospas Sarsat -pelastusj\u00e4rjestelm\u00e4ss\u00e4<\/li>\n<\/ul>\n<p>rescueME PLB1 on valinnainen kelluntapussi**, jotta se voi kellua. Huomaa, ett\u00e4 PLB ei kellu k\u00e4ytt\u00f6asennossa pussissa. Varmista, ett\u00e4 PLB on kiinnitetty tiukasti pussiin mukana tulevalla kaulanauhalla k\u00e4ytt\u00e4m\u00e4ll\u00e4 sopivia itselukkiutuvia solmuja.  <\/p>\n<p><em>* Kysy aina valmistajalta tarkat ohjeet ennen kuin asennat t\u00e4m\u00e4n tuotteen suoraan pelastusliiviisi.<br \/>\n** Kansallisten m\u00e4\u00e4r\u00e4ysten noudattamiseksi Australiaan ja Uuteen-Seelantiin toimitetuissa PLB1 majakoissa on pysyv\u00e4sti kiinnitetty kelluntapussi<br \/>\n<\/em><\/p>\n","protected":false},"excerpt":{"rendered":"<p>Maailman kompaktein PLB . Ylpe\u00e4sti suunniteltu ja valmistettu Isossa-Britanniassa. <\/p>\n<ul>\n<li style=\"list-style-type: none;\">\n<ul>\n<li><strong>Ilmainen k\u00e4ytt\u00f6, ei tilausmaksuja. Maailmanlaajuinen 24\/7\/365 kattavuus. <\/strong><\/li>\n<\/ul>\n<\/li>\n<\/ul>\n<ul>\n<li style=\"list-style-type: none;\">\n<ul>\n<li><strong>Soveltuu meri-, lento- ja ulkok\u00e4ytt\u00f6\u00f6n<\/strong><\/li>\n<\/ul>\n<\/li>\n<\/ul>\n<ul>\n<li style=\"list-style-type: none;\">\n<ul>\n<li><strong>121,5 MHz:n itseohjautuva majakka + erillinen 406 MHz:n h\u00e4t\u00e4signaali 66-kanavaisella GPS:ll\u00e4<\/strong><\/li>\n<\/ul>\n<\/li>\n<\/ul>\n<ul>\n<li style=\"list-style-type: none;\">\n<ul>\n<li><strong>Yli 24 tunnin k\u00e4ytt\u00f6ik\u00e4 aktivoinnin j\u00e4lkeen<\/strong><\/li>\n<\/ul>\n<\/li>\n<\/ul>\n<ul>\n<li style=\"list-style-type: none;\">\n<ul>\n<li><strong>Kest\u00e4v\u00e4, vedenpit\u00e4v\u00e4 15 metriin asti<\/strong><\/li>\n<\/ul>\n<\/li>\n<\/ul>\n","protected":false},"featured_media":12452,"template":"","meta":{"_acf_changed":false,"om_disable_all_campaigns":false},"product_brand":[],"product_cat":[826,1980,610],"product_tag":[828,830,827,829],"class_list":{"0":"post-12891","1":"product","2":"type-product","3":"status-publish","4":"has-post-thumbnail","6":"product_cat-henkilokohtaiset-paikannusmajakat","7":"product_cat-pelastusliiviyhteensopiva","8":"product_cat-rescueme-fi","9":"product_tag-henkilokohtainen-paikannusmajakka","10":"product_tag-meosar-fi","11":"product_tag-plb-fi","12":"product_tag-plb1-fi","14":"first","15":"instock","16":"taxable","17":"shipping-taxable","18":"purchasable","19":"product-type-simple"},"acf":[],"yoast_head":"<!-- This site is optimized with the Yoast SEO Premium plugin v25.2 (Yoast SEO v26.4) - https:\/\/yoast.com\/wordpress\/plugins\/seo\/ -->\n<title>rescueME PLB1 Personal Locator Beacon - Ocean Signal<\/title>\n<meta name=\"description\" content=\"Ocean Signal rescueME PLB1 : Kompakti henkil\u00f6kohtainen paikannusmajakkasi ulkoseikkailuihin. Luotettu majakkatekniikka luotettavaa h\u00e4t\u00e4merkinantoa varten. Osta nyt!\" \/>\n<meta name=\"robots\" content=\"index, follow, max-snippet:-1, max-image-preview:large, max-video-preview:-1\" \/>\n<link rel=\"canonical\" href=\"https:\/\/oceansignal.com\/fi\/products\/pelasta-me-plb1\/\" \/>\n<meta property=\"og:locale\" content=\"fi_FI\" \/>\n<meta property=\"og:type\" content=\"article\" \/>\n<meta property=\"og:title\" content=\"rescueME PLB1 Personal Locator Beacon\" \/>\n<meta property=\"og:description\" content=\"Ocean Signal rescueME PLB1 : Kompakti henkil\u00f6kohtainen paikannusmajakkasi ulkoseikkailuihin. Luotettu majakkatekniikka luotettavaa h\u00e4t\u00e4merkinantoa varten. Osta nyt!\" \/>\n<meta property=\"og:url\" content=\"https:\/\/oceansignal.com\/fi\/products\/pelasta-me-plb1\/\" \/>\n<meta property=\"og:site_name\" content=\"Ocean Signal\" \/>\n<meta property=\"article:modified_time\" content=\"2025-11-12T10:40:18+00:00\" \/>\n<meta property=\"og:image\" content=\"https:\/\/oceansignal.com\/wp-content\/uploads\/2023\/09\/Ocean-Signal-PLB1-Front-2.png\" \/>\n\t<meta property=\"og:image:width\" content=\"800\" \/>\n\t<meta property=\"og:image:height\" content=\"800\" \/>\n\t<meta property=\"og:image:type\" content=\"image\/png\" \/>\n<meta name=\"twitter:card\" content=\"summary_large_image\" \/>\n<meta name=\"twitter:label1\" content=\"Arvioitu lukuaika\" \/>\n\t<meta name=\"twitter:data1\" content=\"1 minuutti\" \/>\n<script type=\"application\/ld+json\" class=\"yoast-schema-graph\">{\"@context\":\"https:\/\/schema.org\",\"@graph\":[{\"@type\":\"WebPage\",\"@id\":\"https:\/\/oceansignal.com\/fi\/products\/pelasta-me-plb1\/\",\"url\":\"https:\/\/oceansignal.com\/fi\/products\/pelasta-me-plb1\/\",\"name\":\"rescueME PLB1 Personal Locator Beacon - Ocean Signal\",\"isPartOf\":{\"@id\":\"https:\/\/oceansignal.com\/fi\/#website\"},\"primaryImageOfPage\":{\"@id\":\"https:\/\/oceansignal.com\/fi\/products\/pelasta-me-plb1\/#primaryimage\"},\"image\":{\"@id\":\"https:\/\/oceansignal.com\/fi\/products\/pelasta-me-plb1\/#primaryimage\"},\"thumbnailUrl\":\"https:\/\/oceansignal.com\/wp-content\/uploads\/2023\/09\/Ocean-Signal-PLB1-Front-2.png\",\"datePublished\":\"2023-09-07T13:28:52+00:00\",\"dateModified\":\"2025-11-12T10:40:18+00:00\",\"description\":\"Ocean Signal rescueME PLB1 : Kompakti henkil\u00f6kohtainen paikannusmajakkasi ulkoseikkailuihin. Luotettu majakkatekniikka luotettavaa h\u00e4t\u00e4merkinantoa varten. Osta nyt!\",\"breadcrumb\":{\"@id\":\"https:\/\/oceansignal.com\/fi\/products\/pelasta-me-plb1\/#breadcrumb\"},\"inLanguage\":\"fi\",\"potentialAction\":[{\"@type\":\"ReadAction\",\"target\":[\"https:\/\/oceansignal.com\/fi\/products\/pelasta-me-plb1\/\"]}]},{\"@type\":\"ImageObject\",\"inLanguage\":\"fi\",\"@id\":\"https:\/\/oceansignal.com\/fi\/products\/pelasta-me-plb1\/#primaryimage\",\"url\":\"https:\/\/oceansignal.com\/wp-content\/uploads\/2023\/09\/Ocean-Signal-PLB1-Front-2.png\",\"contentUrl\":\"https:\/\/oceansignal.com\/wp-content\/uploads\/2023\/09\/Ocean-Signal-PLB1-Front-2.png\",\"width\":800,\"height\":800},{\"@type\":\"BreadcrumbList\",\"@id\":\"https:\/\/oceansignal.com\/fi\/products\/pelasta-me-plb1\/#breadcrumb\",\"itemListElement\":[{\"@type\":\"ListItem\",\"position\":1,\"name\":\"Shop\",\"item\":\"https:\/\/oceansignal.com\/fi\/shop\/\"},{\"@type\":\"ListItem\",\"position\":2,\"name\":\"rescueME PLB1 Personal Locator Beacon\"}]},{\"@type\":\"WebSite\",\"@id\":\"https:\/\/oceansignal.com\/fi\/#website\",\"url\":\"https:\/\/oceansignal.com\/fi\/\",\"name\":\"Ocean Signal\",\"description\":\"A leading manufacturer of EPIRBs, AIS, SARTs, Personal Locator Beacons, Man Overboard Beacon for the Marine and Outdoor Markets.\",\"potentialAction\":[{\"@type\":\"SearchAction\",\"target\":{\"@type\":\"EntryPoint\",\"urlTemplate\":\"https:\/\/oceansignal.com\/fi\/?s={search_term_string}\"},\"query-input\":{\"@type\":\"PropertyValueSpecification\",\"valueRequired\":true,\"valueName\":\"search_term_string\"}}],\"inLanguage\":\"fi\"}]}<\/script>\n<!-- \/ Yoast SEO Premium plugin. -->","yoast_head_json":{"title":"rescueME PLB1 Personal Locator Beacon - Ocean Signal","description":"Ocean Signal rescueME PLB1 : Kompakti henkil\u00f6kohtainen paikannusmajakkasi ulkoseikkailuihin. Luotettu majakkatekniikka luotettavaa h\u00e4t\u00e4merkinantoa varten. Osta nyt!","robots":{"index":"index","follow":"follow","max-snippet":"max-snippet:-1","max-image-preview":"max-image-preview:large","max-video-preview":"max-video-preview:-1"},"canonical":"https:\/\/oceansignal.com\/fi\/products\/pelasta-me-plb1\/","og_locale":"fi_FI","og_type":"article","og_title":"rescueME PLB1 Personal Locator Beacon","og_description":"Ocean Signal rescueME PLB1 : Kompakti henkil\u00f6kohtainen paikannusmajakkasi ulkoseikkailuihin. Luotettu majakkatekniikka luotettavaa h\u00e4t\u00e4merkinantoa varten. Osta nyt!","og_url":"https:\/\/oceansignal.com\/fi\/products\/pelasta-me-plb1\/","og_site_name":"Ocean Signal","article_modified_time":"2025-11-12T10:40:18+00:00","og_image":[{"width":800,"height":800,"url":"https:\/\/oceansignal.com\/wp-content\/uploads\/2023\/09\/Ocean-Signal-PLB1-Front-2.png","type":"image\/png"}],"twitter_card":"summary_large_image","twitter_misc":{"Arvioitu lukuaika":"1 minuutti"},"schema":{"@context":"https:\/\/schema.org","@graph":[{"@type":"WebPage","@id":"https:\/\/oceansignal.com\/fi\/products\/pelasta-me-plb1\/","url":"https:\/\/oceansignal.com\/fi\/products\/pelasta-me-plb1\/","name":"rescueME PLB1 Personal Locator Beacon - Ocean Signal","isPartOf":{"@id":"https:\/\/oceansignal.com\/fi\/#website"},"primaryImageOfPage":{"@id":"https:\/\/oceansignal.com\/fi\/products\/pelasta-me-plb1\/#primaryimage"},"image":{"@id":"https:\/\/oceansignal.com\/fi\/products\/pelasta-me-plb1\/#primaryimage"},"thumbnailUrl":"https:\/\/oceansignal.com\/wp-content\/uploads\/2023\/09\/Ocean-Signal-PLB1-Front-2.png","datePublished":"2023-09-07T13:28:52+00:00","dateModified":"2025-11-12T10:40:18+00:00","description":"Ocean Signal rescueME PLB1 : Kompakti henkil\u00f6kohtainen paikannusmajakkasi ulkoseikkailuihin. Luotettu majakkatekniikka luotettavaa h\u00e4t\u00e4merkinantoa varten. Osta nyt!","breadcrumb":{"@id":"https:\/\/oceansignal.com\/fi\/products\/pelasta-me-plb1\/#breadcrumb"},"inLanguage":"fi","potentialAction":[{"@type":"ReadAction","target":["https:\/\/oceansignal.com\/fi\/products\/pelasta-me-plb1\/"]}]},{"@type":"ImageObject","inLanguage":"fi","@id":"https:\/\/oceansignal.com\/fi\/products\/pelasta-me-plb1\/#primaryimage","url":"https:\/\/oceansignal.com\/wp-content\/uploads\/2023\/09\/Ocean-Signal-PLB1-Front-2.png","contentUrl":"https:\/\/oceansignal.com\/wp-content\/uploads\/2023\/09\/Ocean-Signal-PLB1-Front-2.png","width":800,"height":800},{"@type":"BreadcrumbList","@id":"https:\/\/oceansignal.com\/fi\/products\/pelasta-me-plb1\/#breadcrumb","itemListElement":[{"@type":"ListItem","position":1,"name":"Shop","item":"https:\/\/oceansignal.com\/fi\/shop\/"},{"@type":"ListItem","position":2,"name":"rescueME PLB1 Personal Locator Beacon"}]},{"@type":"WebSite","@id":"https:\/\/oceansignal.com\/fi\/#website","url":"https:\/\/oceansignal.com\/fi\/","name":"Ocean Signal","description":"A leading manufacturer of EPIRBs, AIS, SARTs, Personal Locator Beacons, Man Overboard Beacon for the Marine and Outdoor Markets.","potentialAction":[{"@type":"SearchAction","target":{"@type":"EntryPoint","urlTemplate":"https:\/\/oceansignal.com\/fi\/?s={search_term_string}"},"query-input":{"@type":"PropertyValueSpecification","valueRequired":true,"valueName":"search_term_string"}}],"inLanguage":"fi"}]}},"_links":{"self":[{"href":"https:\/\/oceansignal.com\/fi\/wp-json\/wp\/v2\/product\/12891","targetHints":{"allow":["GET"]}}],"collection":[{"href":"https:\/\/oceansignal.com\/fi\/wp-json\/wp\/v2\/product"}],"about":[{"href":"https:\/\/oceansignal.com\/fi\/wp-json\/wp\/v2\/types\/product"}],"wp:featuredmedia":[{"embeddable":true,"href":"https:\/\/oceansignal.com\/fi\/wp-json\/wp\/v2\/media\/12452"}],"wp:attachment":[{"href":"https:\/\/oceansignal.com\/fi\/wp-json\/wp\/v2\/media?parent=12891"}],"wp:term":[{"taxonomy":"product_brand","embeddable":true,"href":"https:\/\/oceansignal.com\/fi\/wp-json\/wp\/v2\/product_brand?post=12891"},{"taxonomy":"product_cat","embeddable":true,"href":"https:\/\/oceansignal.com\/fi\/wp-json\/wp\/v2\/product_cat?post=12891"},{"taxonomy":"product_tag","embeddable":true,"href":"https:\/\/oceansignal.com\/fi\/wp-json\/wp\/v2\/product_tag?post=12891"}],"curies":[{"name":"wp","href":"https:\/\/api.w.org\/{rel}","templated":true}]}}