{"id":12913,"date":"2023-07-11T19:29:27","date_gmt":"2023-07-11T19:29:27","guid":{"rendered":"https:\/\/oceansignal.com\/products\/safesea-epirb3-pro\/"},"modified":"2026-01-21T19:49:23","modified_gmt":"2026-01-21T19:49:23","slug":"safesea-epirb3-pro","status":"publish","type":"product","link":"https:\/\/oceansignal.com\/fi\/products\/safesea-epirb3-pro\/","title":{"rendered":"safeSEA EPIRB3 Pro"},"content":{"rendered":"<p>Yhteenveto:<\/p>\n<p>Uusi Ocean Signal EPIRB3 Pro on t\u00e4ysin varusteltu 406 MHz:n maailmanlaajuinen pelastusmajakka, jossa on automaattisesti vapautuva kelluntakiinnike ja joka pakkaa useita ominaisuuksia kompaktiin, moderniin muotoiluun, joka sis\u00e4lt\u00e4\u00e4 muun muassa AIS-teknologian. AIS tarjoaa paikallisille pelastajille tarkkaa ja luotettavaa tietoa majakan nykyisest\u00e4 sijainnista, mik\u00e4 nopeuttaa pelastustoimia. Lis\u00e4ksi Return Link Service (RLS) helpottaa majakan aktivoimista vahvistamalla, ett\u00e4 heid\u00e4n h\u00e4t\u00e4viestins\u00e4 on vastaanotettu. L\u00e4hikentt\u00e4viestint\u00e4 (NFC) -ominaisuuden ansiosta \u00e4lypuhelinsovelluksella voidaan valvoa EPIRB akun ja muiden toimintojen varausta ja varmistaa, ett\u00e4 se toimii oikein. Ohuen muotoilunsa ja edistyneiden ominaisuuksiensa ansiosta EPIRB3 Pro sopii erinomaisesti monenlaisille merenkulkijoille, olivatpa he sitten risteilem\u00e4ss\u00e4 merivoimissa, matkalla suorien v\u00e4ylien l\u00e4pi, kalastamassa, ty\u00f6skentelem\u00e4ss\u00e4 tai purjehtimassa avomerell\u00e4.    <\/p>\n<p>Suositeltu blogi: <a href=\"https:\/\/oceansignal.com\/fi\/news\/mika-on-hataasennon-osoittava-radiomajakka-tai-epirb\/\">Mik\u00e4 on EPRIB<\/a><\/p>\n<p>Kuvaus:<\/p>\n<p>Ocean Signal uusi EPIRB3 Pro (Emergency Positioning Radio Beacon) lis\u00e4\u00e4 luotettavuutta ja helpottaa pelastustoimia uusien edistyneiden ominaisuuksien avulla. T\u00e4m\u00e4 uusi EPIRB l\u00e4hett\u00e4\u00e4 digitaalisen h\u00e4t\u00e4kutsun 406 MHz:n taajuudella ilmoittaen pelastajille maailmanlaajuisesti satelliitin kautta ja l\u00e4hett\u00e4\u00e4 paikallisesti AIS:n (Automatic Identification System) VHF-signaaleja auttaakseen pelastajia l\u00f6yt\u00e4m\u00e4\u00e4n majakan nopeammin. Aktivoituna EPIRB3 Pro l\u00e4hett\u00e4\u00e4 h\u00e4t\u00e4signaalin maailmanlaajuiseen <a href=\"https:\/\/www.cospas-sarsat.int\/en\/\">Cospas-Sarsat<\/a> -satelliittipelastusj\u00e4rjestelm\u00e4\u00e4n ja samanaikaisesti l\u00e4hett\u00e4\u00e4 AIS-h\u00e4lytyksen VHF-taajuuksilla, jotka kaikki l\u00e4hell\u00e4 olevat AIS:ll\u00e4 varustetut alukset n\u00e4kev\u00e4t v\u00e4litt\u00f6m\u00e4sti. Return Link Service (RLS) antaa k\u00e4ytt\u00e4j\u00e4lle visuaalisen vahvistuksen siit\u00e4, ett\u00e4 heid\u00e4n h\u00e4t\u00e4viestins\u00e4 on vastaanotettu. AIS:n, 121,5 MHz:n kotiutussignaalin sek\u00e4 n\u00e4kyvien ja infrapunavalojen yhdistelm\u00e4 nopeuttaa palautumisaikoja antamalla pelastajille mahdollisuuden paikantaa majakan sijainnin, vaikka se olisi ajautunut pois paikaltaan, kellonajasta riippumatta. L\u00e4hikentt\u00e4viestint\u00e4 (NFC) on loistava uusi ominaisuus, jonka avulla k\u00e4ytt\u00e4j\u00e4t voivat valvoa EPIRB3 Pro ilmaisella \u00e4lypuhelinsovelluksella ja varmistaa, ett\u00e4 akussa on riitt\u00e4v\u00e4sti virtaa ja majakka toimii oikein ennen l\u00e4ht\u00f6\u00e4.     <\/p>\n<p>&nbsp;<\/p>\n<p>Ocean Signal edistynyt meriturvallisuus- ja pelastusteknologia uudessa EPIRB3 Pro -mallissa AIS:lla yhdist\u00e4\u00e4 innovatiiviset uudet ominaisuudet kompaktiin ja ergonomisesti muotoiltuun koteloon, joka sopii ihanteellisesti kaikentyyppisille ja -kokoisille huvi- ja kaupallisille aluksille.<\/p>\n<p>&nbsp;<\/p>\n<p><strong>Pelastusajat voivat pident\u00e4\u00e4 maailmanlaajuisen aktivoinnin ja AIS-paikallisen majakkal\u00e4hetyksen avulla.<\/strong><\/p>\n<p>&nbsp;<\/p>\n<p>EPIRB3 Pro k\u00e4ytt\u00e4\u00e4 GNSS (GPS, Galileo, Glonass) -paikannusverkkoja globaalin sijaintinsa m\u00e4\u00e4ritt\u00e4miseen. Kun majakka laukeaa, 406 MHz:n h\u00e4t\u00e4l\u00e4hetys v\u00e4litt\u00e4\u00e4 t\u00e4m\u00e4n GPS EPIRB (GPIRB) -sijainnin 100 metrin tarkkuudella maailmanlaajuiseen Cospas-Sarsat-etsint\u00e4- ja pelastussatelliittiverkkoon. Satelliittij\u00e4rjestelm\u00e4\u00e4n kytketyt maa-asemat vastaanottavat EPIRB tunnisteen ja aluksen sijaintitiedot, jotta pelastustoimet voidaan koordinoida ja aloittaa. EPIRB nyt integroidun edistyneen AIS-teknologian ansiosta majakka alkaa v\u00e4litt\u00f6m\u00e4sti aktivoinnin j\u00e4lkeen l\u00e4hett\u00e4\u00e4 AIS-signaaleja, jotta l\u00e4hell\u00e4 olevat AIS-varustetut alukset saavat v\u00e4litt\u00f6m\u00e4sti ilmoituksen h\u00e4t\u00e4tilanteesta ja majakan sijainnin. VHF-kantaman sis\u00e4ll\u00e4 olevat AIS-varustetut alukset n\u00e4kev\u00e4t n\u00e4yt\u00f6ill\u00e4\u00e4n turvallisuusviestin, joka sis\u00e4lt\u00e4\u00e4 MMSI-aluksen tunnisteen. Paikalliset alukset voivat aloittaa pelastus- ja hinaukset v\u00e4litt\u00f6m\u00e4sti, mik\u00e4 voi nopeuttaa hinausta ja pelastaa ihmishenki\u00e4. Koska AIS-kohde n\u00e4kyy mink\u00e4 tahansa l\u00e4hell\u00e4 olevan AIS-varustetun aluksen n\u00e4yt\u00f6ll\u00e4, ne voivat helposti navigoida suoraan EPIRB valitsemalla AIS-kohteen. Vaikka paikallisia aluksia ei olisikaan k\u00e4ytett\u00e4viss\u00e4, AIS nopeuttaa pelastusaikoja antamalla meripelastusoperaattoreille mahdollisuuden paikantaa EPIRB sijainnin niiden l\u00e4hestyess\u00e4. Maailmanlaajuisten satelliittih\u00e4t\u00e4kutsujen, tarkan GPIRB-paikannuksen ja paikallisten AIS-turvallisuusviestien yhdistelm\u00e4 parantaa huomattavasti pelastusaikaa ja onnistumista.        <\/p>\n<p>&nbsp;<\/p>\n<p><strong>Near Field Communication (NFC) tarjoaa EPIRB diagnostiikkaa \u00e4lypuhelimella.<\/strong><\/p>\n<p>&nbsp;<\/p>\n<p>Beaconin k\u00e4ytt\u00e4j\u00e4t voivat nyt tarkistaa EPIRBins\u00e4 yhdist\u00e4m\u00e4ll\u00e4 \u00e4lypuhelimensa siihen <a href=\"https:\/\/www.youtube.com\/watch?v=MRXLii6r3n4&amp;t=35s\">NFC:ll\u00e4 (Near Field Communication)<\/a> . T\u00e4m\u00e4 tekniikka yhdist\u00e4\u00e4 EPIRB3:n viereen asetetun \u00e4lypuhelimen k\u00e4ynnist\u00e4m\u00e4ll\u00e4 automaattisesti ilmaisen Ocean Signal Product App -sovelluksen. Sovelluksessa on saatavilla t\u00e4ydellinen diagnostiikka, joka n\u00e4ytt\u00e4\u00e4 k\u00e4ytt\u00e4j\u00e4lle akun varaustason, suoritettujen itsetestien m\u00e4\u00e4r\u00e4n, suoritettujen GNSS-testien m\u00e4\u00e4r\u00e4n ja EPIRBin aktivoituneen oloajan. Yksityiskohtaiset tiedot, kuten karttan\u00e4kym\u00e4, joka n\u00e4ytt\u00e4\u00e4 GNSS-testin suorituspaikan, testin p\u00e4iv\u00e4m\u00e4\u00e4r\u00e4n ja kellonajan, ajan, joka EPIRBilt\u00e4 kului GNSS-koordinaattien paikantamiseen, paikannukseen k\u00e4ytettyjen satelliittien m\u00e4\u00e4r\u00e4n ja paikannuksen tarkkuuden, n\u00e4ytet\u00e4\u00e4n k\u00e4tev\u00e4sti. Ocean Signalin ilmainen mobiilisovellus ja NFC-toiminnallisuus tarjoavat k\u00e4ytt\u00e4jille kaikki tarvittavat tiedot varmistaakseen, ett\u00e4 heid\u00e4n EPIRB-l\u00e4hettimens\u00e4 on t\u00e4ysin toimintakunnossa ja k\u00e4ytt\u00f6valmis h\u00e4t\u00e4tilanteessa.<\/p>\n<p>&nbsp;<\/p>\n<p><strong>Convenient Return Link Service (RLS) kertoo k\u00e4ytt\u00e4jille, ett\u00e4 heid\u00e4n h\u00e4t\u00e4puhelunsa on vastaanotettu.<\/strong><\/p>\n<p>&nbsp;<\/p>\n<p>EPIRBej\u00e4 k\u00e4ytet\u00e4\u00e4n h\u00e4t\u00e4tilanteissa, ja pelastustoimet voivat vied\u00e4 aikaa, varsinkin jos h\u00e4d\u00e4ss\u00e4 oleva alus on kaukana rannikolla. EPIRB3 Pro on varustettu paluulinkkipalvelulla, joka ilmoittaa k\u00e4ytt\u00e4jille, ett\u00e4 h\u00e4t\u00e4l\u00e4hettimen h\u00e4t\u00e4signaali on toimitettu. RLS-signaali l\u00e4hetet\u00e4\u00e4n takaisin <a href=\"https:\/\/www.euspa.europa.eu\/european-space\/galileo\/services\/search-and-rescue-sar-galileo-service\">Galileo-satelliittiverkon<\/a> kautta vahvistamaan, ett\u00e4 h\u00e4t\u00e4viesti sek\u00e4 EPIRB tarkka sijainti ja tunnisteet on vastaanotettu. Yksinkertainen vilkkuva sininen valo kertoo k\u00e4ytt\u00e4jille, ett\u00e4 EPIRB on muodostanut yhteyden satelliittiverkon kautta ja pelastajille ilmoitetaan asiasta. Tieto siit\u00e4, ett\u00e4 digitaalinen h\u00e4t\u00e4viesti on v\u00e4litetty onnistuneesti yhdess\u00e4 EPIRB tunnisteen ja l\u00e4hettimen sijainnin kanssa, auttaa h\u00e4d\u00e4ss\u00e4 olevia pysym\u00e4\u00e4n rauhallisina pelastustoimia odotellessa.    <\/p>\n<p>&nbsp;<\/p>\n<p><strong>Asennusteline<\/strong><\/p>\n<p>&nbsp;<\/p>\n<p>EPIRB3 Pro toimitetaan luokan 1 automaattisesti vapautuvalla, kelluvalla kiinnikkeell\u00e4. T\u00e4m\u00e4 kiinnike s\u00e4ilytt\u00e4\u00e4 EPIRB3 Pro turvallisesti koko matkan ajan olosuhteista riippumatta. Se tarjoaa my\u00f6s parhaat mahdollisuudet sen k\u00e4ytt\u00f6\u00f6notolle h\u00e4t\u00e4tilanteissa, joissa miehist\u00f6n j\u00e4senen on vaikea tavoittaa EPIRB .  <\/p>\n<p>Ocean Signal k\u00e4ytt\u00e4\u00e4 edistynytt\u00e4 teknologiaa ja laadukkaita valmistusprosesseja kehitt\u00e4\u00e4kseen ja tuottaakseen laadukkaita elektronisia pelastuslaitteita ja muita hengenpelastustuotteita. Uusi EPIRB3 Pro muotoillulla profiilillaan sopii yht\u00e4 lailla sek\u00e4 purje- ett\u00e4 moottoriveneisiin. Sek\u00e4 vapaa-ajan ett\u00e4 kaupalliset k\u00e4ytt\u00e4j\u00e4t voivat olla varmoja siit\u00e4, ett\u00e4 t\u00e4m\u00e4n uuden EPIRB ominaisuudet tarjoavat parhaat mahdollisuudet tehokkaaseen ja onnistuneeseen pelastukseen riippumatta siit\u00e4, minne he menev\u00e4t. EPIRB3 Pro useat huipputeknologiset ominaisuudet yhdistyv\u00e4t ainutlaatuiseen muotoiluun, jonka ansiosta sit\u00e4 voidaan k\u00e4ytt\u00e4\u00e4 tehokkaasti kaikentyyppisiss\u00e4 aluksissa, olipa kyseess\u00e4 ty\u00f6skentely tai huvittelu l\u00e4hell\u00e4 rannikkoa, avomerell\u00e4 tai maailmanmatkailu.   <\/p>\n<p>Luokan 2 k\u00e4ytt\u00f6ohjeen versiolle: <a href=\"https:\/\/oceansignal.com\/products\/safesea-epirb3-pro\/\">rescueME EPIRB3<\/a><\/p>\n<p><strong>Ominaisuudet:<\/strong><\/p>\n<p>&nbsp;<\/p>\n<ul>\n<li>Hyv\u00e4ksytty k\u00e4ytett\u00e4v\u00e4ksi SOLAS-aluksissa<\/li>\n<li>30 % (tyyppi) pienempi<\/li>\n<li>AIS-h\u00e4t\u00e4h\u00e4lytys<\/li>\n<li>Paluulinkkipalvelu (RLS)<\/li>\n<li>Mobiiliyhteys Near Field Communication (NFC) -tekniikalla<\/li>\n<li>Ilmainen sovellus (Apple ja Android)<\/li>\n<li>10 vuoden akun kesto<\/li>\n<li>48+ tunnin k\u00e4ytt\u00f6ik\u00e4<\/li>\n<li>2 vuoden takuu (voi pident\u00e4\u00e4 takuun 5 vuoteen tuotteen rekister\u00f6innin kautta Ocean Signal )<\/li>\n<li>Nopea tarkka paikannus 72-kanavaisella GPS:ll\u00e4<\/li>\n<li>Luokan I automaattisesti vapautuva kelluva vapaa kiinnike<\/li>\n<li>Turvallinen kaulanauha<\/li>\n<\/ul>\n<p>&nbsp;<\/p>\n","protected":false},"excerpt":{"rendered":"<p>T\u00e4ysin varusteltu 406 MHz:n globaali pelastusmajakkamme, jossa on automaattisesti vapautuva kelluva kiinnike<\/p>\n<ul>\n<li>Hyv\u00e4ksytty k\u00e4ytett\u00e4v\u00e4ksi SOLAS-aluksissa<\/li>\n<li>30 % (tyyppi) pienempi<\/li>\n<li>AIS-h\u00e4t\u00e4h\u00e4lytys<\/li>\n<li>Paluulinkkipalvelu (RLS)<\/li>\n<li>Mobiiliyhteys Near Field Communication (NFC) -tekniikalla<\/li>\n<li>Ilmainen sovellus (Apple ja Android)<\/li>\n<li>10 vuoden akun kesto<\/li>\n<li>48+ tunnin k\u00e4ytt\u00f6ik\u00e4<\/li>\n<li>2 vuoden takuu (voi pident\u00e4\u00e4 takuun 5 vuoteen tuotteen rekister\u00f6innin kautta Ocean Signal )<\/li>\n<li>Nopea tarkka paikannus 72-kanavaisella GPS:ll\u00e4<\/li>\n<li>Luokan I automaattisesti vapautuva kelluva vapaa kiinnike<\/li>\n<li>Turvallinen kaulanauha<\/li>\n<\/ul>\n<p><a href=\"https:\/\/www.dropbox.com\/s\/8343nj28z0d7bxa\/Prop%2065%20-%20BPA.pdf?dl=0\" data-cke-saved-href=\"https:\/\/www.dropbox.com\/s\/8343nj28z0d7bxa\/Prop%2065%20-%20BPA.pdf?dl=0\">VAROITUS: PROP 65<\/a><\/p>\n<p>&nbsp;<\/p>\n","protected":false},"featured_media":11984,"template":"","meta":{"_acf_changed":false,"om_disable_all_campaigns":false},"product_brand":[],"product_cat":[723,604],"product_tag":[724,1003,725,1000,1001,726,1002,727],"class_list":{"0":"post-12913","1":"product","2":"type-product","3":"status-publish","4":"has-post-thumbnail","6":"product_cat-epirb-fi","7":"product_cat-safesea-fi","8":"product_tag-ais-fi","9":"product_tag-emergency-positioning-rescue-beacon-fi","10":"product_tag-epirb-fi","11":"product_tag-epirb3-pro-fi","12":"product_tag-hydrostaattinen-vapautusyksikko","13":"product_tag-nfc-fi","14":"product_tag-palautuslinkkipalvelu","15":"product_tag-rls-fi","17":"first","18":"instock","19":"taxable","20":"shipping-taxable","21":"purchasable","22":"product-type-simple"},"acf":[],"yoast_head":"<!-- This site is optimized with the Yoast SEO Premium plugin v25.2 (Yoast SEO v26.4) - https:\/\/yoast.com\/wordpress\/plugins\/seo\/ -->\n<title>safeSEA EPIRB3 Pro - Ocean Signal<\/title>\n<meta name=\"description\" content=\"Ocean Signal safeSEA EPIRB3 Pro : Edistynyt GMDSS-h\u00e4t\u00e4paikannusradiomajakka AIS-j\u00e4rjestelm\u00e4ll\u00e4 SOLAS- ja huvialuksille. Osta nyt\" \/>\n<meta name=\"robots\" content=\"index, follow, max-snippet:-1, max-image-preview:large, max-video-preview:-1\" \/>\n<link rel=\"canonical\" href=\"https:\/\/oceansignal.com\/fi\/products\/safesea-epirb3-pro\/\" \/>\n<meta property=\"og:locale\" content=\"fi_FI\" \/>\n<meta property=\"og:type\" content=\"article\" \/>\n<meta property=\"og:title\" content=\"safeSEA EPIRB3 Pro\" \/>\n<meta property=\"og:description\" content=\"Ocean Signal safeSEA EPIRB3 Pro : Edistynyt GMDSS-h\u00e4t\u00e4paikannusradiomajakka AIS-j\u00e4rjestelm\u00e4ll\u00e4 SOLAS- ja huvialuksille. Osta nyt\" \/>\n<meta property=\"og:url\" content=\"https:\/\/oceansignal.com\/fi\/products\/safesea-epirb3-pro\/\" \/>\n<meta property=\"og:site_name\" content=\"Ocean Signal\" \/>\n<meta property=\"article:modified_time\" content=\"2026-01-21T19:49:23+00:00\" \/>\n<meta property=\"og:image\" content=\"https:\/\/oceansignal.com\/wp-content\/uploads\/2023\/07\/EPIRB3-Pro.png\" \/>\n\t<meta property=\"og:image:width\" content=\"800\" \/>\n\t<meta property=\"og:image:height\" content=\"800\" \/>\n\t<meta property=\"og:image:type\" content=\"image\/png\" \/>\n<meta name=\"twitter:card\" content=\"summary_large_image\" \/>\n<meta name=\"twitter:label1\" content=\"Arvioitu lukuaika\" \/>\n\t<meta name=\"twitter:data1\" content=\"5 minuuttia\" \/>\n<script type=\"application\/ld+json\" class=\"yoast-schema-graph\">{\"@context\":\"https:\/\/schema.org\",\"@graph\":[{\"@type\":\"WebPage\",\"@id\":\"https:\/\/oceansignal.com\/fi\/products\/safesea-epirb3-pro\/\",\"url\":\"https:\/\/oceansignal.com\/fi\/products\/safesea-epirb3-pro\/\",\"name\":\"safeSEA EPIRB3 Pro - Ocean Signal\",\"isPartOf\":{\"@id\":\"https:\/\/oceansignal.com\/fi\/#website\"},\"primaryImageOfPage\":{\"@id\":\"https:\/\/oceansignal.com\/fi\/products\/safesea-epirb3-pro\/#primaryimage\"},\"image\":{\"@id\":\"https:\/\/oceansignal.com\/fi\/products\/safesea-epirb3-pro\/#primaryimage\"},\"thumbnailUrl\":\"https:\/\/oceansignal.com\/wp-content\/uploads\/2023\/07\/EPIRB3-Pro.png\",\"datePublished\":\"2023-07-11T19:29:27+00:00\",\"dateModified\":\"2026-01-21T19:49:23+00:00\",\"description\":\"Ocean Signal safeSEA EPIRB3 Pro : Edistynyt GMDSS-h\u00e4t\u00e4paikannusradiomajakka AIS-j\u00e4rjestelm\u00e4ll\u00e4 SOLAS- ja huvialuksille. Osta nyt\",\"breadcrumb\":{\"@id\":\"https:\/\/oceansignal.com\/fi\/products\/safesea-epirb3-pro\/#breadcrumb\"},\"inLanguage\":\"fi\",\"potentialAction\":[{\"@type\":\"ReadAction\",\"target\":[\"https:\/\/oceansignal.com\/fi\/products\/safesea-epirb3-pro\/\"]}]},{\"@type\":\"ImageObject\",\"inLanguage\":\"fi\",\"@id\":\"https:\/\/oceansignal.com\/fi\/products\/safesea-epirb3-pro\/#primaryimage\",\"url\":\"https:\/\/oceansignal.com\/wp-content\/uploads\/2023\/07\/EPIRB3-Pro.png\",\"contentUrl\":\"https:\/\/oceansignal.com\/wp-content\/uploads\/2023\/07\/EPIRB3-Pro.png\",\"width\":800,\"height\":800},{\"@type\":\"BreadcrumbList\",\"@id\":\"https:\/\/oceansignal.com\/fi\/products\/safesea-epirb3-pro\/#breadcrumb\",\"itemListElement\":[{\"@type\":\"ListItem\",\"position\":1,\"name\":\"Shop\",\"item\":\"https:\/\/oceansignal.com\/fi\/shop\/\"},{\"@type\":\"ListItem\",\"position\":2,\"name\":\"safeSEA EPIRB3 Pro\"}]},{\"@type\":\"WebSite\",\"@id\":\"https:\/\/oceansignal.com\/fi\/#website\",\"url\":\"https:\/\/oceansignal.com\/fi\/\",\"name\":\"Ocean Signal\",\"description\":\"A leading manufacturer of EPIRBs, AIS, SARTs, Personal Locator Beacons, Man Overboard Beacon for the Marine and Outdoor Markets.\",\"potentialAction\":[{\"@type\":\"SearchAction\",\"target\":{\"@type\":\"EntryPoint\",\"urlTemplate\":\"https:\/\/oceansignal.com\/fi\/?s={search_term_string}\"},\"query-input\":{\"@type\":\"PropertyValueSpecification\",\"valueRequired\":true,\"valueName\":\"search_term_string\"}}],\"inLanguage\":\"fi\"}]}<\/script>\n<!-- \/ Yoast SEO Premium plugin. -->","yoast_head_json":{"title":"safeSEA EPIRB3 Pro - Ocean Signal","description":"Ocean Signal safeSEA EPIRB3 Pro : Edistynyt GMDSS-h\u00e4t\u00e4paikannusradiomajakka AIS-j\u00e4rjestelm\u00e4ll\u00e4 SOLAS- ja huvialuksille. Osta nyt","robots":{"index":"index","follow":"follow","max-snippet":"max-snippet:-1","max-image-preview":"max-image-preview:large","max-video-preview":"max-video-preview:-1"},"canonical":"https:\/\/oceansignal.com\/fi\/products\/safesea-epirb3-pro\/","og_locale":"fi_FI","og_type":"article","og_title":"safeSEA EPIRB3 Pro","og_description":"Ocean Signal safeSEA EPIRB3 Pro : Edistynyt GMDSS-h\u00e4t\u00e4paikannusradiomajakka AIS-j\u00e4rjestelm\u00e4ll\u00e4 SOLAS- ja huvialuksille. Osta nyt","og_url":"https:\/\/oceansignal.com\/fi\/products\/safesea-epirb3-pro\/","og_site_name":"Ocean Signal","article_modified_time":"2026-01-21T19:49:23+00:00","og_image":[{"width":800,"height":800,"url":"https:\/\/oceansignal.com\/wp-content\/uploads\/2023\/07\/EPIRB3-Pro.png","type":"image\/png"}],"twitter_card":"summary_large_image","twitter_misc":{"Arvioitu lukuaika":"5 minuuttia"},"schema":{"@context":"https:\/\/schema.org","@graph":[{"@type":"WebPage","@id":"https:\/\/oceansignal.com\/fi\/products\/safesea-epirb3-pro\/","url":"https:\/\/oceansignal.com\/fi\/products\/safesea-epirb3-pro\/","name":"safeSEA EPIRB3 Pro - Ocean Signal","isPartOf":{"@id":"https:\/\/oceansignal.com\/fi\/#website"},"primaryImageOfPage":{"@id":"https:\/\/oceansignal.com\/fi\/products\/safesea-epirb3-pro\/#primaryimage"},"image":{"@id":"https:\/\/oceansignal.com\/fi\/products\/safesea-epirb3-pro\/#primaryimage"},"thumbnailUrl":"https:\/\/oceansignal.com\/wp-content\/uploads\/2023\/07\/EPIRB3-Pro.png","datePublished":"2023-07-11T19:29:27+00:00","dateModified":"2026-01-21T19:49:23+00:00","description":"Ocean Signal safeSEA EPIRB3 Pro : Edistynyt GMDSS-h\u00e4t\u00e4paikannusradiomajakka AIS-j\u00e4rjestelm\u00e4ll\u00e4 SOLAS- ja huvialuksille. Osta nyt","breadcrumb":{"@id":"https:\/\/oceansignal.com\/fi\/products\/safesea-epirb3-pro\/#breadcrumb"},"inLanguage":"fi","potentialAction":[{"@type":"ReadAction","target":["https:\/\/oceansignal.com\/fi\/products\/safesea-epirb3-pro\/"]}]},{"@type":"ImageObject","inLanguage":"fi","@id":"https:\/\/oceansignal.com\/fi\/products\/safesea-epirb3-pro\/#primaryimage","url":"https:\/\/oceansignal.com\/wp-content\/uploads\/2023\/07\/EPIRB3-Pro.png","contentUrl":"https:\/\/oceansignal.com\/wp-content\/uploads\/2023\/07\/EPIRB3-Pro.png","width":800,"height":800},{"@type":"BreadcrumbList","@id":"https:\/\/oceansignal.com\/fi\/products\/safesea-epirb3-pro\/#breadcrumb","itemListElement":[{"@type":"ListItem","position":1,"name":"Shop","item":"https:\/\/oceansignal.com\/fi\/shop\/"},{"@type":"ListItem","position":2,"name":"safeSEA EPIRB3 Pro"}]},{"@type":"WebSite","@id":"https:\/\/oceansignal.com\/fi\/#website","url":"https:\/\/oceansignal.com\/fi\/","name":"Ocean Signal","description":"A leading manufacturer of EPIRBs, AIS, SARTs, Personal Locator Beacons, Man Overboard Beacon for the Marine and Outdoor Markets.","potentialAction":[{"@type":"SearchAction","target":{"@type":"EntryPoint","urlTemplate":"https:\/\/oceansignal.com\/fi\/?s={search_term_string}"},"query-input":{"@type":"PropertyValueSpecification","valueRequired":true,"valueName":"search_term_string"}}],"inLanguage":"fi"}]}},"_links":{"self":[{"href":"https:\/\/oceansignal.com\/fi\/wp-json\/wp\/v2\/product\/12913","targetHints":{"allow":["GET"]}}],"collection":[{"href":"https:\/\/oceansignal.com\/fi\/wp-json\/wp\/v2\/product"}],"about":[{"href":"https:\/\/oceansignal.com\/fi\/wp-json\/wp\/v2\/types\/product"}],"wp:featuredmedia":[{"embeddable":true,"href":"https:\/\/oceansignal.com\/fi\/wp-json\/wp\/v2\/media\/11984"}],"wp:attachment":[{"href":"https:\/\/oceansignal.com\/fi\/wp-json\/wp\/v2\/media?parent=12913"}],"wp:term":[{"taxonomy":"product_brand","embeddable":true,"href":"https:\/\/oceansignal.com\/fi\/wp-json\/wp\/v2\/product_brand?post=12913"},{"taxonomy":"product_cat","embeddable":true,"href":"https:\/\/oceansignal.com\/fi\/wp-json\/wp\/v2\/product_cat?post=12913"},{"taxonomy":"product_tag","embeddable":true,"href":"https:\/\/oceansignal.com\/fi\/wp-json\/wp\/v2\/product_tag?post=12913"}],"curies":[{"name":"wp","href":"https:\/\/api.w.org\/{rel}","templated":true}]}}