{"id":12917,"date":"2023-09-07T12:44:22","date_gmt":"2023-09-07T12:44:22","guid":{"rendered":"https:\/\/oceansignal.com\/products\/pelastame-epirb2\/"},"modified":"2026-01-21T19:54:09","modified_gmt":"2026-01-21T19:54:09","slug":"pelastame-epirb2","status":"publish","type":"product","link":"https:\/\/oceansignal.com\/fi\/products\/pelastame-epirb2\/","title":{"rendered":"rescueME EPIRB2"},"content":{"rendered":"<p>RLS (Return Link Service) -teknologian ja Near Field Communication (NFC) -ominaisuuksien k\u00e4ytt\u00f6\u00f6noton my\u00f6t\u00e4 EPIRB2 tarjoaa merkitt\u00e4vi\u00e4 etuja edelt\u00e4jiins\u00e4 verrattuna. Return Link Service EPIRB:t lohduttavat majakan aktivoijia vahvistamalla, ett\u00e4 heid\u00e4n h\u00e4t\u00e4viestins\u00e4 on vastaanotettu, ja NFC-ominaisuuden ansiosta \u00e4lypuhelinsovelluksen avulla voidaan valvoa EPIRB :n akkua ja muita toimintoja varmistaakseen, ett\u00e4 se toimii oikein. EPIRB2 :n innovatiiviset uudet ominaisuudet tekev\u00e4t siit\u00e4 erinomaisen valinnan monenlaisiin merisovelluksiin sek\u00e4 huvi- ett\u00e4 kaupallisiin aluksiin.  <\/p>\n<p><iframe loading=\"lazy\" title=\"EPIRB3 and EPIRB2  | Activation\" width=\"500\" height=\"281\" src=\"https:\/\/www.youtube.com\/embed\/P5KBMhmPYjQ?feature=oembed\" frameborder=\"0\" allow=\"accelerometer; autoplay; clipboard-write; encrypted-media; gyroscope; picture-in-picture; web-share\" referrerpolicy=\"strict-origin-when-cross-origin\" allowfullscreen><\/iframe><\/p>\n<p>Kuvaus:<\/p>\n<p><a href=\"https:\/\/oceansignal.com\/news\/launch-epirb2-and-epirb2-pro\/\">EPIRB2:<\/a> n kehitt\u00e4misess\u00e4 Ocean Signal on hy\u00f6dynt\u00e4nyt laajaa kokemustaan \u200b\u200bkorkealaatuisten ja monipuolisten paluulinkkipalvelun EPIRBien suunnittelusta ja valmistuksesta k\u00e4tev\u00e4n kompaktissa koossa. EPIRB2 ohjaa etsint\u00e4- ja pelastusjoukot vaivattomasti sijaintiisi hy\u00f6dynt\u00e4m\u00e4ll\u00e4 useita integroituja signalointitekniikoita, mukaan lukien 406 MHz:n GNSS-paikannus (GPS, Galileo, Glonass) ja 121,5 MHz:n itseohjautuva signaali. Return Link Service (RLS) -teknologian ja l\u00e4hikentt\u00e4viestint\u00e4ominaisuuden lis\u00e4\u00e4minen t\u00e4ydent\u00e4v\u00e4t EPIRB2:n vaikuttavan ominaisuusvalikoiman.<\/p>\n<p>&nbsp;<\/p>\n<p><strong>\u00c4lypuhelinliit\u00e4nn\u00e4t Near Field Communication (NFC) -yhteydell\u00e4<\/strong><\/p>\n<p>&nbsp;<\/p>\n<p><a href=\"https:\/\/www.youtube.com\/watch?v=MRXLii6r3n4&amp;t=42s\">NFC-teknologian<\/a> integrointi tarjoaa k\u00e4ytt\u00e4jille mahdollisuuden k\u00e4ytt\u00e4\u00e4 majakkatietoja k\u00e4tev\u00e4sti matkapuhelimestaan. Puhelimen asettaminen majakan l\u00e4helle avaa automaattisesti Ocean Signal -tuotesovelluksen, joka tarjoaa p\u00e4\u00e4syn moniin k\u00e4ytt\u00f6tietoihin, kuten akun varaukseen, suoritettujen itsetestien m\u00e4\u00e4r\u00e4\u00e4n, suoritettujen GNSS-testien m\u00e4\u00e4r\u00e4\u00e4n ja tarvittaessa majakan aktivointiajan pituuteen.<\/p>\n<p>&nbsp;<\/p>\n<p>Saatavilla on my\u00f6s yksityiskohtaiset tiedot jokaisesta majakan suorittamasta itsetestist\u00e4 ja GNSS-testist\u00e4. Jokaisesta onnistuneesta GNSS-testist\u00e4 saatavilla olevat tiedot sis\u00e4lt\u00e4v\u00e4t p\u00e4\u00e4syn karttaan, joka n\u00e4ytt\u00e4\u00e4 tarkalleen, miss\u00e4 testi suoritettiin, testin p\u00e4iv\u00e4m\u00e4\u00e4r\u00e4 ja kellonaika, aika, jonka majakka kesti saada GNSS-koordinaatit, satelliittien lukum\u00e4\u00e4r\u00e4, jota majakka k\u00e4ytti korjauksen saamiseen, ja sijainnin tarkkuus. <\/p>\n<p>&nbsp;<\/p>\n<p><strong>Globaali kattavuus Cospas-Sarsat-satelliittiverkon kautta<\/strong><\/p>\n<p>&nbsp;<\/p>\n<p>Hy\u00f6dynt\u00e4m\u00e4ll\u00e4 <a href=\"https:\/\/www.cospas-sarsat.int\/en\/\">Cospas-Sarsat-satelliittiverkon<\/a> maailmanlaajuista ulottuvuutta, EPIRB2 voidaan aktivoida miss\u00e4 ja milloin tahansa, ja se l\u00e4hett\u00e4\u00e4 406 MHz:n h\u00e4t\u00e4viestin. H\u00e4t\u00e4l\u00e4hetys sis\u00e4lt\u00e4\u00e4 EPIRBin integroidusta GNSS-vastaanottimesta johdetut majakkakoordinaatit, joiden tarkkuus on 100 metri\u00e4.<\/p>\n<p>&nbsp;<\/p>\n<p>RLS tarjoaa k\u00e4ytt\u00e4jille varmuutta l\u00e4hett\u00e4m\u00e4ll\u00e4 paluusignaalin <a href=\"https:\/\/www.euspa.europa.eu\/european-space\/galileo\/services\/search-and-rescue-sar-galileo-service\">Galileo<\/a> -satelliittiverkon kautta suoraan takaisin majakalle vahvistaakseen, ett\u00e4 h\u00e4t\u00e4viesti on vastaanotettu ja majakan sijainti on havaittu. K\u00e4ytt\u00e4j\u00e4n vahvistus n\u00e4kyy selv\u00e4sti vilkkuvalla sinisell\u00e4 valolla.<\/p>\n<p>&nbsp;<\/p>\n<p><strong>Paluulinkkipalvelu (RLS)<\/strong><\/p>\n<p><strong> <\/strong><\/p>\n<p>Merenkulun h\u00e4t\u00e4tilanteeseen liittyv\u00e4 luontainen stressi on haastava oire, johon kaikki veneilij\u00e4t valitettavasti joutuvat kohtaamaan, jos he joutuvat h\u00e4t\u00e4tilanteeseen. Onneksi RLS-ominaisuuden sis\u00e4llytt\u00e4minen EPIRB2 een tarjoaa keinon minimoida stressi\u00e4 t\u00e4llaisissa tilanteissa. Paluulinkkipalvelun EPIRB:t tarjoavat suoran majakan vahvistuksen, joka ilmoittaa k\u00e4ytt\u00e4j\u00e4lle, ett\u00e4 h\u00e4nen h\u00e4t\u00e4viestins\u00e4 on vastaanotettu ja h\u00e4nen sijaintinsa on havaittu. RLS-toiminnallisuuden ilmaisua edustaa erottuva sininen valo, jonka avulla k\u00e4ytt\u00e4jien on helppo varmistaa, milloin RLS-vahvistus on vastaanotettu.   <\/p>\n<p>&nbsp;<\/p>\n<p>Ocean Signal on ylpe\u00e4 uusien ja j\u00e4nnitt\u00e4vien ominaisuuksien, kuten RLS:n ja NFC:n, tarjoamisesta, sill\u00e4 se s\u00e4ilytt\u00e4\u00e4 tavoitteensa tarjota korkealaatuisimpia innovatiivisia turvallisuustuotteita. Riippumatta seuraavan matkasi syyst\u00e4 tai valitsemastasi m\u00e4\u00e4r\u00e4np\u00e4\u00e4st\u00e4, takaa turvallisuutesi EPIRB2 :n kuljetuksella. <\/p>\n<p>&nbsp;<\/p>\n<p><strong>Ominaisuudet:<\/strong><\/p>\n<p>&nbsp;<\/p>\n<ul>\n<li>30 % (tyyppi) pienempi<\/li>\n<li>Paluulinkkipalvelu (RLS)<\/li>\n<li>Mobiiliyhteys Near Field Communication (NFC) -tekniikalla<\/li>\n<li>Ilmainen sovellus (Apple ja Android)<\/li>\n<li>10 vuoden akun kesto<\/li>\n<li>K\u00e4ytt\u00f6ik\u00e4 yli 48 tuntia<\/li>\n<li>2 vuoden takuu (voi pident\u00e4\u00e4 takuun 5 vuoteen tuotteen rekister\u00f6innin kautta Ocean Signal ) \u2020<\/li>\n<li>Nopea tarkka paikannus 72-kanavaisella GPS:ll\u00e4<\/li>\n<li>Sis\u00e4\u00e4nvedett\u00e4v\u00e4 antenni<\/li>\n<li>Pikakiinnike<\/li>\n<li>Turvallinen kaulanauha<\/li>\n<\/ul>\n<p>&nbsp;<\/p>\n<p>\u2020 Takuulausekkeen alainen<\/p>\n","protected":false},"excerpt":{"rendered":"<p>Maailman kompaktein EPIRB , nyt RLS:ll\u00e4 ja NFC:ll\u00e4<\/p>\n<ul>\n<li>Kerran osto. Ei liittymismaksuja <\/li>\n<li>Paluulinkkipalvelu (RLS)<\/li>\n<li>Mobiiliyhteys Near Field Communication (NFC) -tekniikalla<\/li>\n<li>Ilmainen sovellus (Apple ja Android)<\/li>\n<li>10 vuoden akun kesto<\/li>\n<li>K\u00e4ytt\u00f6ik\u00e4 yli 48 tuntia<\/li>\n<li>2 vuoden takuu (voi pident\u00e4\u00e4 takuun 5 vuoteen tuotteen rekister\u00f6innin kautta Ocean Signal ) \u2020<\/li>\n<li>Nopea tarkka paikannus 72-kanavaisella GPS:ll\u00e4<\/li>\n<li>Sis\u00e4\u00e4nvedett\u00e4v\u00e4 antenni<\/li>\n<li>Pikakiinnike<\/li>\n<li>Turvallinen kaulanauha<\/li>\n<\/ul>\n<p><a href=\"https:\/\/www.dropbox.com\/s\/8343nj28z0d7bxa\/Prop%2065%20-%20BPA.pdf?dl=0\" data-cke-saved-href=\"https:\/\/www.dropbox.com\/s\/8343nj28z0d7bxa\/Prop%2065%20-%20BPA.pdf?dl=0\">VAROITUS: PROP 65<\/a><\/p>\n","protected":false},"featured_media":20469,"template":"","meta":{"_acf_changed":false,"om_disable_all_campaigns":false},"product_brand":[],"product_cat":[723,610],"product_tag":[725,1027,763,726,727],"class_list":{"0":"post-12917","1":"product","2":"type-product","3":"status-publish","4":"has-post-thumbnail","6":"product_cat-epirb-fi","7":"product_cat-rescueme-fi","8":"product_tag-epirb-fi","9":"product_tag-epirb2-fi","10":"product_tag-hataasennon-osoittava-radiomajakka","11":"product_tag-nfc-fi","12":"product_tag-rls-fi","14":"first","15":"instock","16":"taxable","17":"shipping-taxable","18":"purchasable","19":"product-type-simple"},"acf":[],"yoast_head":"<!-- This site is optimized with the Yoast SEO Premium plugin v25.2 (Yoast SEO v26.4) - https:\/\/yoast.com\/wordpress\/plugins\/seo\/ -->\n<title>rescueME EPIRB2 - Ocean Signal<\/title>\n<meta name=\"description\" content=\"Ocean Signal rescueME EPIRB2 : Essential Return Link Service EPIRB meriturvallisuuteen. Luota luotettavaan h\u00e4t\u00e4signaaliin. Osta nyt mielenrauhan vuoksi!\" \/>\n<meta name=\"robots\" content=\"index, follow, max-snippet:-1, max-image-preview:large, max-video-preview:-1\" \/>\n<link rel=\"canonical\" href=\"https:\/\/oceansignal.com\/fi\/products\/pelastame-epirb2\/\" \/>\n<meta property=\"og:locale\" content=\"fi_FI\" \/>\n<meta property=\"og:type\" content=\"article\" \/>\n<meta property=\"og:title\" content=\"rescueME EPIRB2\" \/>\n<meta property=\"og:description\" content=\"Ocean Signal rescueME EPIRB2 : Essential Return Link Service EPIRB meriturvallisuuteen. Luota luotettavaan h\u00e4t\u00e4signaaliin. Osta nyt mielenrauhan vuoksi!\" \/>\n<meta property=\"og:url\" content=\"https:\/\/oceansignal.com\/fi\/products\/pelastame-epirb2\/\" \/>\n<meta property=\"og:site_name\" content=\"Ocean Signal\" \/>\n<meta property=\"article:modified_time\" content=\"2026-01-21T19:54:09+00:00\" \/>\n<meta property=\"og:image\" content=\"https:\/\/oceansignal.com\/wp-content\/uploads\/2023\/09\/OSL-Phone-App-EPERB2-PRO-001-1.png\" \/>\n\t<meta property=\"og:image:width\" content=\"432\" \/>\n\t<meta property=\"og:image:height\" content=\"432\" \/>\n\t<meta property=\"og:image:type\" content=\"image\/png\" \/>\n<meta name=\"twitter:card\" content=\"summary_large_image\" \/>\n<meta name=\"twitter:label1\" content=\"Arvioitu lukuaika\" \/>\n\t<meta name=\"twitter:data1\" content=\"3 minuuttia\" \/>\n<script type=\"application\/ld+json\" class=\"yoast-schema-graph\">{\"@context\":\"https:\/\/schema.org\",\"@graph\":[{\"@type\":\"WebPage\",\"@id\":\"https:\/\/oceansignal.com\/fi\/products\/pelastame-epirb2\/\",\"url\":\"https:\/\/oceansignal.com\/fi\/products\/pelastame-epirb2\/\",\"name\":\"rescueME EPIRB2 - Ocean Signal\",\"isPartOf\":{\"@id\":\"https:\/\/oceansignal.com\/fi\/#website\"},\"primaryImageOfPage\":{\"@id\":\"https:\/\/oceansignal.com\/fi\/products\/pelastame-epirb2\/#primaryimage\"},\"image\":{\"@id\":\"https:\/\/oceansignal.com\/fi\/products\/pelastame-epirb2\/#primaryimage\"},\"thumbnailUrl\":\"https:\/\/oceansignal.com\/wp-content\/uploads\/2023\/09\/OSL-Phone-App-EPERB2-PRO-001-1.png\",\"datePublished\":\"2023-09-07T12:44:22+00:00\",\"dateModified\":\"2026-01-21T19:54:09+00:00\",\"description\":\"Ocean Signal rescueME EPIRB2 : Essential Return Link Service EPIRB meriturvallisuuteen. Luota luotettavaan h\u00e4t\u00e4signaaliin. Osta nyt mielenrauhan vuoksi!\",\"breadcrumb\":{\"@id\":\"https:\/\/oceansignal.com\/fi\/products\/pelastame-epirb2\/#breadcrumb\"},\"inLanguage\":\"fi\",\"potentialAction\":[{\"@type\":\"ReadAction\",\"target\":[\"https:\/\/oceansignal.com\/fi\/products\/pelastame-epirb2\/\"]}]},{\"@type\":\"ImageObject\",\"inLanguage\":\"fi\",\"@id\":\"https:\/\/oceansignal.com\/fi\/products\/pelastame-epirb2\/#primaryimage\",\"url\":\"https:\/\/oceansignal.com\/wp-content\/uploads\/2023\/09\/OSL-Phone-App-EPERB2-PRO-001-1.png\",\"contentUrl\":\"https:\/\/oceansignal.com\/wp-content\/uploads\/2023\/09\/OSL-Phone-App-EPERB2-PRO-001-1.png\",\"width\":432,\"height\":432,\"caption\":\"Turvaa meriseikkailut Ocean Signal SafeSea EPIRB3 Pro : Luotettava h\u00e4t\u00e4majakka nopeaan h\u00e4t\u00e4apuun\"},{\"@type\":\"BreadcrumbList\",\"@id\":\"https:\/\/oceansignal.com\/fi\/products\/pelastame-epirb2\/#breadcrumb\",\"itemListElement\":[{\"@type\":\"ListItem\",\"position\":1,\"name\":\"Shop\",\"item\":\"https:\/\/oceansignal.com\/fi\/shop\/\"},{\"@type\":\"ListItem\",\"position\":2,\"name\":\"rescueME EPIRB2\"}]},{\"@type\":\"WebSite\",\"@id\":\"https:\/\/oceansignal.com\/fi\/#website\",\"url\":\"https:\/\/oceansignal.com\/fi\/\",\"name\":\"Ocean Signal\",\"description\":\"A leading manufacturer of EPIRBs, AIS, SARTs, Personal Locator Beacons, Man Overboard Beacon for the Marine and Outdoor Markets.\",\"potentialAction\":[{\"@type\":\"SearchAction\",\"target\":{\"@type\":\"EntryPoint\",\"urlTemplate\":\"https:\/\/oceansignal.com\/fi\/?s={search_term_string}\"},\"query-input\":{\"@type\":\"PropertyValueSpecification\",\"valueRequired\":true,\"valueName\":\"search_term_string\"}}],\"inLanguage\":\"fi\"}]}<\/script>\n<!-- \/ Yoast SEO Premium plugin. -->","yoast_head_json":{"title":"rescueME EPIRB2 - Ocean Signal","description":"Ocean Signal rescueME EPIRB2 : Essential Return Link Service EPIRB meriturvallisuuteen. Luota luotettavaan h\u00e4t\u00e4signaaliin. Osta nyt mielenrauhan vuoksi!","robots":{"index":"index","follow":"follow","max-snippet":"max-snippet:-1","max-image-preview":"max-image-preview:large","max-video-preview":"max-video-preview:-1"},"canonical":"https:\/\/oceansignal.com\/fi\/products\/pelastame-epirb2\/","og_locale":"fi_FI","og_type":"article","og_title":"rescueME EPIRB2","og_description":"Ocean Signal rescueME EPIRB2 : Essential Return Link Service EPIRB meriturvallisuuteen. Luota luotettavaan h\u00e4t\u00e4signaaliin. Osta nyt mielenrauhan vuoksi!","og_url":"https:\/\/oceansignal.com\/fi\/products\/pelastame-epirb2\/","og_site_name":"Ocean Signal","article_modified_time":"2026-01-21T19:54:09+00:00","og_image":[{"width":432,"height":432,"url":"https:\/\/oceansignal.com\/wp-content\/uploads\/2023\/09\/OSL-Phone-App-EPERB2-PRO-001-1.png","type":"image\/png"}],"twitter_card":"summary_large_image","twitter_misc":{"Arvioitu lukuaika":"3 minuuttia"},"schema":{"@context":"https:\/\/schema.org","@graph":[{"@type":"WebPage","@id":"https:\/\/oceansignal.com\/fi\/products\/pelastame-epirb2\/","url":"https:\/\/oceansignal.com\/fi\/products\/pelastame-epirb2\/","name":"rescueME EPIRB2 - Ocean Signal","isPartOf":{"@id":"https:\/\/oceansignal.com\/fi\/#website"},"primaryImageOfPage":{"@id":"https:\/\/oceansignal.com\/fi\/products\/pelastame-epirb2\/#primaryimage"},"image":{"@id":"https:\/\/oceansignal.com\/fi\/products\/pelastame-epirb2\/#primaryimage"},"thumbnailUrl":"https:\/\/oceansignal.com\/wp-content\/uploads\/2023\/09\/OSL-Phone-App-EPERB2-PRO-001-1.png","datePublished":"2023-09-07T12:44:22+00:00","dateModified":"2026-01-21T19:54:09+00:00","description":"Ocean Signal rescueME EPIRB2 : Essential Return Link Service EPIRB meriturvallisuuteen. Luota luotettavaan h\u00e4t\u00e4signaaliin. Osta nyt mielenrauhan vuoksi!","breadcrumb":{"@id":"https:\/\/oceansignal.com\/fi\/products\/pelastame-epirb2\/#breadcrumb"},"inLanguage":"fi","potentialAction":[{"@type":"ReadAction","target":["https:\/\/oceansignal.com\/fi\/products\/pelastame-epirb2\/"]}]},{"@type":"ImageObject","inLanguage":"fi","@id":"https:\/\/oceansignal.com\/fi\/products\/pelastame-epirb2\/#primaryimage","url":"https:\/\/oceansignal.com\/wp-content\/uploads\/2023\/09\/OSL-Phone-App-EPERB2-PRO-001-1.png","contentUrl":"https:\/\/oceansignal.com\/wp-content\/uploads\/2023\/09\/OSL-Phone-App-EPERB2-PRO-001-1.png","width":432,"height":432,"caption":"Turvaa meriseikkailut Ocean Signal SafeSea EPIRB3 Pro : Luotettava h\u00e4t\u00e4majakka nopeaan h\u00e4t\u00e4apuun"},{"@type":"BreadcrumbList","@id":"https:\/\/oceansignal.com\/fi\/products\/pelastame-epirb2\/#breadcrumb","itemListElement":[{"@type":"ListItem","position":1,"name":"Shop","item":"https:\/\/oceansignal.com\/fi\/shop\/"},{"@type":"ListItem","position":2,"name":"rescueME EPIRB2"}]},{"@type":"WebSite","@id":"https:\/\/oceansignal.com\/fi\/#website","url":"https:\/\/oceansignal.com\/fi\/","name":"Ocean Signal","description":"A leading manufacturer of EPIRBs, AIS, SARTs, Personal Locator Beacons, Man Overboard Beacon for the Marine and Outdoor Markets.","potentialAction":[{"@type":"SearchAction","target":{"@type":"EntryPoint","urlTemplate":"https:\/\/oceansignal.com\/fi\/?s={search_term_string}"},"query-input":{"@type":"PropertyValueSpecification","valueRequired":true,"valueName":"search_term_string"}}],"inLanguage":"fi"}]}},"_links":{"self":[{"href":"https:\/\/oceansignal.com\/fi\/wp-json\/wp\/v2\/product\/12917","targetHints":{"allow":["GET"]}}],"collection":[{"href":"https:\/\/oceansignal.com\/fi\/wp-json\/wp\/v2\/product"}],"about":[{"href":"https:\/\/oceansignal.com\/fi\/wp-json\/wp\/v2\/types\/product"}],"wp:featuredmedia":[{"embeddable":true,"href":"https:\/\/oceansignal.com\/fi\/wp-json\/wp\/v2\/media\/20469"}],"wp:attachment":[{"href":"https:\/\/oceansignal.com\/fi\/wp-json\/wp\/v2\/media?parent=12917"}],"wp:term":[{"taxonomy":"product_brand","embeddable":true,"href":"https:\/\/oceansignal.com\/fi\/wp-json\/wp\/v2\/product_brand?post=12917"},{"taxonomy":"product_cat","embeddable":true,"href":"https:\/\/oceansignal.com\/fi\/wp-json\/wp\/v2\/product_cat?post=12917"},{"taxonomy":"product_tag","embeddable":true,"href":"https:\/\/oceansignal.com\/fi\/wp-json\/wp\/v2\/product_tag?post=12917"}],"curies":[{"name":"wp","href":"https:\/\/api.w.org\/{rel}","templated":true}]}}