{"id":12918,"date":"2023-09-07T12:15:25","date_gmt":"2023-09-07T12:15:25","guid":{"rendered":"https:\/\/oceansignal.com\/products\/pelastusme-epirb1-pro\/"},"modified":"2026-01-21T19:36:18","modified_gmt":"2026-01-21T19:36:18","slug":"pelastusme-epirb1-pro","status":"publish","type":"product","link":"https:\/\/oceansignal.com\/fi\/products\/pelastusme-epirb1-pro\/","title":{"rendered":"rescueME EPIRB1 Pro"},"content":{"rendered":"<p class=\"ai-optimize-43 ai-optimize-introduction\">Maailman kompaktein h\u00e4t\u00e4paikannusradiomajakka EPIRB1 Pro yhdist\u00e4\u00e4 kompaktin kokonsa kest\u00e4v\u00e4\u00e4n muotoiluun, mik\u00e4 tekee siit\u00e4 k\u00e4yt\u00e4nn\u00f6llisen vaihtoehdon kaikille kaupallisille, kalastus- ja huvialuksille. Tuote on suunniteltu maksimaalista tehokkuutta ajatellen, ja sen paristonkesto on 10 vuotta, ja sen erinomainen toiminta-aika aktivoinnin j\u00e4lkeen pit\u00e4\u00e4 pelastuspalvelut ajan tasalla sijainnistasi pidemp\u00e4\u00e4n. <\/p>\n<p><iframe loading=\"lazy\" title=\"Ocean Signal GMDSS Suite: SafeSea EPIRB1Pro Overview\" width=\"500\" height=\"281\" src=\"https:\/\/www.youtube.com\/embed\/BRNTAX6pNq4?feature=oembed\" frameborder=\"0\" allow=\"accelerometer; autoplay; clipboard-write; encrypted-media; gyroscope; picture-in-picture; web-share\" referrerpolicy=\"strict-origin-when-cross-origin\" allowfullscreen><\/iframe><\/p>\n<p>&nbsp;<\/p>\n<p class=\"ai-optimize-44\">Kuvaus:<\/p>\n<p class=\"ai-optimize-45\">rescueMe EPIRB1 Pro toimii 406 MHz:n satelliittikaistalla. T\u00e4m\u00e4 taajuusalue k\u00e4sitt\u00e4\u00e4 kansainv\u00e4liset h\u00e4t\u00e4taajuudet, joita tarkkailee jatkuvasti kansainv\u00e4linen etsint\u00e4- ja pelastussatelliittioperaattori <a href=\"https:\/\/www.cospas-sarsat.int\/en\/\">Cospas-Sarsat<\/a> ja varmistaa nopean vastauksen signaalin vastaanotettuaan riippumatta siit\u00e4, miss\u00e4 p\u00e4in maailmaa se on. <\/p>\n<p class=\"ai-optimize-46\">T\u00e4m\u00e4 EPIRB on varustettu 121,5 MHz:n kotiutusmajakalla, jota pelastuspalvelut k\u00e4ytt\u00e4v\u00e4t h\u00e4d\u00e4ss\u00e4 olevien alusten l\u00e4hipaikannukseen. Lis\u00e4ksi EPIRB on varustettu kirkkaalla LED-vilkkuvalolla, joka lis\u00e4\u00e4 vaikutusta erityisesti y\u00f6ll\u00e4. H\u00e4t\u00e4tilanteita varten, joissa k\u00e4ytt\u00e4j\u00e4 ei fyysisesti pysty saavuttamaan EPIRB ajoissa, EPIRB1 Pro on my\u00f6s luokan I automaattinen vapautuskotelo (jota kutsutaan yleisesti &#8221;kelluvaksi&#8221;). T\u00e4m\u00e4 varmistaa, ett\u00e4 sis\u00e4inen hydrostaattinen vapautusyksikk\u00f6 ottaa EPIRB automaattisesti k\u00e4ytt\u00f6\u00f6n kannattimesta, ja se my\u00f6s aktivoituu automaattisesti ja kelluu pinnalle l\u00e4hett\u00e4\u00e4kseen h\u00e4t\u00e4viestisi satelliittiverkkoon.   <\/p>\n<p class=\"ai-optimize-47\">Automatic Release Housing (ARH) sis\u00e4lt\u00e4\u00e4 my\u00f6s k\u00e4tev\u00e4n sovittimen, joka tarjoaa useita j\u00e4lkiasennusvaihtoehtoja. K\u00e4yt\u00e4 sovitinta ARH:n asentamiseen helposti samoilla kiinnitysrei&#8217;ill\u00e4, joita k\u00e4ytettiin aiemmin vanhemmissa ja suuremmissa EPIRBS:iss\u00e4, kuten Ocean Signal E100\/E100G, Jotron Tron 60s ja McMurdo E5\/G5. <\/p>\n<p class=\"ai-optimize-48\">Haluatko p\u00e4ivitt\u00e4\u00e4 AIS-yhteensopivaan EPIRB hen? Katso uusi <a href=\"https:\/\/oceansignal.com\/products\/safesea-epirb3-pro\/\">EPIRB3<\/a> <\/p>\n<p class=\"ai-optimize-49\"><strong>Ominaisuudet:<\/strong><\/p>\n<ul>\n<li class=\"ai-optimize-50\">MED:n (2014\/90\/EU) mukainen<\/li>\n<li class=\"ai-optimize-51\">406 MHz (yhteys satelliitin kautta h\u00e4t\u00e4palveluihin)<\/li>\n<li class=\"ai-optimize-52\">121,5 MHz:n kotiutussignaali (auttaa lopullisen paikantamisen etsint\u00e4- ja pelastustoimia)<\/li>\n<li class=\"ai-optimize-53\">Korkean intensiteetin strobo<\/li>\n<li class=\"ai-optimize-54\">30 % (tyyppi) Pienempi<\/li>\n<li class=\"ai-optimize-55\">10 vuoden akun kesto<\/li>\n<li class=\"ai-optimize-56\">2 vuoden takuu (voi pident\u00e4\u00e4 takuun 5 vuoteen tuotteen rekister\u00f6innin kautta Ocean Signal )<\/li>\n<li class=\"ai-optimize-57\">66-kanavainen GPS (faktatarkka paikannus)<\/li>\n<\/ul>\n<h3 class=\"ai-optimize-58\">McMurdo EPIRB korvaaminen Ocean Signal EPIRB1 ll\u00e4<\/h3>\n<p><iframe loading=\"lazy\" title=\"Replacing your McMurdo with the EPIRB1\" width=\"500\" height=\"281\" src=\"https:\/\/www.youtube.com\/embed\/7o7i59BIpQs?feature=oembed\" frameborder=\"0\" allow=\"accelerometer; autoplay; clipboard-write; encrypted-media; gyroscope; picture-in-picture; web-share\" referrerpolicy=\"strict-origin-when-cross-origin\" allowfullscreen><\/iframe><\/p>\n","protected":false},"excerpt":{"rendered":"<p>Maailman kompaktein EPIRB kategorian I automaattisella vapautuskotelolla<\/p>\n<ul>\n<li>Kerran osto. Ei liittymismaksua <\/li>\n<li>Sis\u00e4lt\u00e4\u00e4 luokan I automaattisesti vapautuvan kotelon (kutsutaan yleisesti &#8221;kelluvaksi&#8221;)<\/li>\n<li>T\u00e4ytt\u00e4\u00e4 radiolaitedirektiivin: 2014 \/ 53 \/ EU<\/li>\n<li>406 MHz (yhteys satelliitin kautta h\u00e4t\u00e4palveluihin)<\/li>\n<li>121,5 MHz:n kotiutussignaali (auttaa lopullisen paikantamisen etsint\u00e4- ja pelastustoimia)<\/li>\n<li>Korkean intensiteetin strobo<\/li>\n<li>30 % (tyyppi) Pienempi<\/li>\n<li>10 vuoden akun kesto<\/li>\n<li>2 vuoden takuu (voi pident\u00e4\u00e4 takuun 5 vuoteen tuotteen rekister\u00f6innin kautta Ocean Signal )<\/li>\n<li>66-kanavainen GPS (faktatarkka paikannus)<\/li>\n<\/ul>\n<p><a href=\"https:\/\/www.dropbox.com\/s\/fk04stqsp2hgk5f\/Prop%2065%20-%20DEHP.pdf?dl=0\">VAROITUS (USA\/CA): PROP 65<\/a><\/p>\n","protected":false},"featured_media":12435,"template":"","meta":{"_acf_changed":false,"om_disable_all_campaigns":false},"product_brand":[],"product_cat":[723,610],"product_tag":[1285,725,764,1028,1284],"class_list":{"0":"post-12918","1":"product","2":"type-product","3":"status-publish","4":"has-post-thumbnail","6":"product_cat-epirb-fi","7":"product_cat-rescueme-fi","8":"product_tag-automaattinen-vapautuskotelo","9":"product_tag-epirb-fi","10":"product_tag-epirb1-fi","11":"product_tag-epirb1-pro-fi","12":"product_tag-luokka-1","14":"first","15":"instock","16":"taxable","17":"shipping-taxable","18":"purchasable","19":"product-type-simple"},"acf":[],"yoast_head":"<!-- This site is optimized with the Yoast SEO Premium plugin v25.2 (Yoast SEO v26.4) - https:\/\/yoast.com\/wordpress\/plugins\/seo\/ -->\n<title>rescueME EPIRB1 Pro - Ocean Signal<\/title>\n<meta name=\"description\" content=\"Ocean Signal EPIRB1 Pro kellumattomalla kannakkeella: Luotettu kumppanisi meriturvallisuuteen, joka varmistaa nopean h\u00e4t\u00e4merkinn\u00e4n merell\u00e4.\" \/>\n<meta name=\"robots\" content=\"index, follow, max-snippet:-1, max-image-preview:large, max-video-preview:-1\" \/>\n<link rel=\"canonical\" href=\"https:\/\/oceansignal.com\/fi\/products\/pelastusme-epirb1-pro\/\" \/>\n<meta property=\"og:locale\" content=\"fi_FI\" \/>\n<meta property=\"og:type\" content=\"article\" \/>\n<meta property=\"og:title\" content=\"rescueME EPIRB1 Pro\" \/>\n<meta property=\"og:description\" content=\"Ocean Signal EPIRB1 Pro kellumattomalla kannakkeella: Luotettu kumppanisi meriturvallisuuteen, joka varmistaa nopean h\u00e4t\u00e4merkinn\u00e4n merell\u00e4.\" \/>\n<meta property=\"og:url\" content=\"https:\/\/oceansignal.com\/fi\/products\/pelastusme-epirb1-pro\/\" \/>\n<meta property=\"og:site_name\" content=\"Ocean Signal\" \/>\n<meta property=\"article:modified_time\" content=\"2026-01-21T19:36:18+00:00\" \/>\n<meta property=\"og:image\" content=\"https:\/\/oceansignal.com\/wp-content\/uploads\/2023\/09\/EPRIB1-PRO-Front.png\" \/>\n\t<meta property=\"og:image:width\" content=\"800\" \/>\n\t<meta property=\"og:image:height\" content=\"800\" \/>\n\t<meta property=\"og:image:type\" content=\"image\/png\" \/>\n<meta name=\"twitter:card\" content=\"summary_large_image\" \/>\n<meta name=\"twitter:label1\" content=\"Arvioitu lukuaika\" \/>\n\t<meta name=\"twitter:data1\" content=\"2 minuuttia\" \/>\n<script type=\"application\/ld+json\" class=\"yoast-schema-graph\">{\"@context\":\"https:\/\/schema.org\",\"@graph\":[{\"@type\":\"WebPage\",\"@id\":\"https:\/\/oceansignal.com\/fi\/products\/pelastusme-epirb1-pro\/\",\"url\":\"https:\/\/oceansignal.com\/fi\/products\/pelastusme-epirb1-pro\/\",\"name\":\"rescueME EPIRB1 Pro - Ocean Signal\",\"isPartOf\":{\"@id\":\"https:\/\/oceansignal.com\/fi\/#website\"},\"primaryImageOfPage\":{\"@id\":\"https:\/\/oceansignal.com\/fi\/products\/pelastusme-epirb1-pro\/#primaryimage\"},\"image\":{\"@id\":\"https:\/\/oceansignal.com\/fi\/products\/pelastusme-epirb1-pro\/#primaryimage\"},\"thumbnailUrl\":\"https:\/\/oceansignal.com\/wp-content\/uploads\/2023\/09\/EPRIB1-PRO-Front.png\",\"datePublished\":\"2023-09-07T12:15:25+00:00\",\"dateModified\":\"2026-01-21T19:36:18+00:00\",\"description\":\"Ocean Signal EPIRB1 Pro kellumattomalla kannakkeella: Luotettu kumppanisi meriturvallisuuteen, joka varmistaa nopean h\u00e4t\u00e4merkinn\u00e4n merell\u00e4.\",\"breadcrumb\":{\"@id\":\"https:\/\/oceansignal.com\/fi\/products\/pelastusme-epirb1-pro\/#breadcrumb\"},\"inLanguage\":\"fi\",\"potentialAction\":[{\"@type\":\"ReadAction\",\"target\":[\"https:\/\/oceansignal.com\/fi\/products\/pelastusme-epirb1-pro\/\"]}]},{\"@type\":\"ImageObject\",\"inLanguage\":\"fi\",\"@id\":\"https:\/\/oceansignal.com\/fi\/products\/pelastusme-epirb1-pro\/#primaryimage\",\"url\":\"https:\/\/oceansignal.com\/wp-content\/uploads\/2023\/09\/EPRIB1-PRO-Front.png\",\"contentUrl\":\"https:\/\/oceansignal.com\/wp-content\/uploads\/2023\/09\/EPRIB1-PRO-Front.png\",\"width\":800,\"height\":800},{\"@type\":\"BreadcrumbList\",\"@id\":\"https:\/\/oceansignal.com\/fi\/products\/pelastusme-epirb1-pro\/#breadcrumb\",\"itemListElement\":[{\"@type\":\"ListItem\",\"position\":1,\"name\":\"Shop\",\"item\":\"https:\/\/oceansignal.com\/fi\/shop\/\"},{\"@type\":\"ListItem\",\"position\":2,\"name\":\"rescueME EPIRB1 Pro\"}]},{\"@type\":\"WebSite\",\"@id\":\"https:\/\/oceansignal.com\/fi\/#website\",\"url\":\"https:\/\/oceansignal.com\/fi\/\",\"name\":\"Ocean Signal\",\"description\":\"A leading manufacturer of EPIRBs, AIS, SARTs, Personal Locator Beacons, Man Overboard Beacon for the Marine and Outdoor Markets.\",\"potentialAction\":[{\"@type\":\"SearchAction\",\"target\":{\"@type\":\"EntryPoint\",\"urlTemplate\":\"https:\/\/oceansignal.com\/fi\/?s={search_term_string}\"},\"query-input\":{\"@type\":\"PropertyValueSpecification\",\"valueRequired\":true,\"valueName\":\"search_term_string\"}}],\"inLanguage\":\"fi\"}]}<\/script>\n<!-- \/ Yoast SEO Premium plugin. -->","yoast_head_json":{"title":"rescueME EPIRB1 Pro - Ocean Signal","description":"Ocean Signal EPIRB1 Pro kellumattomalla kannakkeella: Luotettu kumppanisi meriturvallisuuteen, joka varmistaa nopean h\u00e4t\u00e4merkinn\u00e4n merell\u00e4.","robots":{"index":"index","follow":"follow","max-snippet":"max-snippet:-1","max-image-preview":"max-image-preview:large","max-video-preview":"max-video-preview:-1"},"canonical":"https:\/\/oceansignal.com\/fi\/products\/pelastusme-epirb1-pro\/","og_locale":"fi_FI","og_type":"article","og_title":"rescueME EPIRB1 Pro","og_description":"Ocean Signal EPIRB1 Pro kellumattomalla kannakkeella: Luotettu kumppanisi meriturvallisuuteen, joka varmistaa nopean h\u00e4t\u00e4merkinn\u00e4n merell\u00e4.","og_url":"https:\/\/oceansignal.com\/fi\/products\/pelastusme-epirb1-pro\/","og_site_name":"Ocean Signal","article_modified_time":"2026-01-21T19:36:18+00:00","og_image":[{"width":800,"height":800,"url":"https:\/\/oceansignal.com\/wp-content\/uploads\/2023\/09\/EPRIB1-PRO-Front.png","type":"image\/png"}],"twitter_card":"summary_large_image","twitter_misc":{"Arvioitu lukuaika":"2 minuuttia"},"schema":{"@context":"https:\/\/schema.org","@graph":[{"@type":"WebPage","@id":"https:\/\/oceansignal.com\/fi\/products\/pelastusme-epirb1-pro\/","url":"https:\/\/oceansignal.com\/fi\/products\/pelastusme-epirb1-pro\/","name":"rescueME EPIRB1 Pro - Ocean Signal","isPartOf":{"@id":"https:\/\/oceansignal.com\/fi\/#website"},"primaryImageOfPage":{"@id":"https:\/\/oceansignal.com\/fi\/products\/pelastusme-epirb1-pro\/#primaryimage"},"image":{"@id":"https:\/\/oceansignal.com\/fi\/products\/pelastusme-epirb1-pro\/#primaryimage"},"thumbnailUrl":"https:\/\/oceansignal.com\/wp-content\/uploads\/2023\/09\/EPRIB1-PRO-Front.png","datePublished":"2023-09-07T12:15:25+00:00","dateModified":"2026-01-21T19:36:18+00:00","description":"Ocean Signal EPIRB1 Pro kellumattomalla kannakkeella: Luotettu kumppanisi meriturvallisuuteen, joka varmistaa nopean h\u00e4t\u00e4merkinn\u00e4n merell\u00e4.","breadcrumb":{"@id":"https:\/\/oceansignal.com\/fi\/products\/pelastusme-epirb1-pro\/#breadcrumb"},"inLanguage":"fi","potentialAction":[{"@type":"ReadAction","target":["https:\/\/oceansignal.com\/fi\/products\/pelastusme-epirb1-pro\/"]}]},{"@type":"ImageObject","inLanguage":"fi","@id":"https:\/\/oceansignal.com\/fi\/products\/pelastusme-epirb1-pro\/#primaryimage","url":"https:\/\/oceansignal.com\/wp-content\/uploads\/2023\/09\/EPRIB1-PRO-Front.png","contentUrl":"https:\/\/oceansignal.com\/wp-content\/uploads\/2023\/09\/EPRIB1-PRO-Front.png","width":800,"height":800},{"@type":"BreadcrumbList","@id":"https:\/\/oceansignal.com\/fi\/products\/pelastusme-epirb1-pro\/#breadcrumb","itemListElement":[{"@type":"ListItem","position":1,"name":"Shop","item":"https:\/\/oceansignal.com\/fi\/shop\/"},{"@type":"ListItem","position":2,"name":"rescueME EPIRB1 Pro"}]},{"@type":"WebSite","@id":"https:\/\/oceansignal.com\/fi\/#website","url":"https:\/\/oceansignal.com\/fi\/","name":"Ocean Signal","description":"A leading manufacturer of EPIRBs, AIS, SARTs, Personal Locator Beacons, Man Overboard Beacon for the Marine and Outdoor Markets.","potentialAction":[{"@type":"SearchAction","target":{"@type":"EntryPoint","urlTemplate":"https:\/\/oceansignal.com\/fi\/?s={search_term_string}"},"query-input":{"@type":"PropertyValueSpecification","valueRequired":true,"valueName":"search_term_string"}}],"inLanguage":"fi"}]}},"_links":{"self":[{"href":"https:\/\/oceansignal.com\/fi\/wp-json\/wp\/v2\/product\/12918","targetHints":{"allow":["GET"]}}],"collection":[{"href":"https:\/\/oceansignal.com\/fi\/wp-json\/wp\/v2\/product"}],"about":[{"href":"https:\/\/oceansignal.com\/fi\/wp-json\/wp\/v2\/types\/product"}],"wp:featuredmedia":[{"embeddable":true,"href":"https:\/\/oceansignal.com\/fi\/wp-json\/wp\/v2\/media\/12435"}],"wp:attachment":[{"href":"https:\/\/oceansignal.com\/fi\/wp-json\/wp\/v2\/media?parent=12918"}],"wp:term":[{"taxonomy":"product_brand","embeddable":true,"href":"https:\/\/oceansignal.com\/fi\/wp-json\/wp\/v2\/product_brand?post=12918"},{"taxonomy":"product_cat","embeddable":true,"href":"https:\/\/oceansignal.com\/fi\/wp-json\/wp\/v2\/product_cat?post=12918"},{"taxonomy":"product_tag","embeddable":true,"href":"https:\/\/oceansignal.com\/fi\/wp-json\/wp\/v2\/product_tag?post=12918"}],"curies":[{"name":"wp","href":"https:\/\/api.w.org\/{rel}","templated":true}]}}