{"id":12922,"date":"2023-09-07T12:56:56","date_gmt":"2023-09-07T12:56:56","guid":{"rendered":"https:\/\/oceansignal.com\/products\/pelastusme-epirb2-pro\/"},"modified":"2026-01-21T19:54:04","modified_gmt":"2026-01-21T19:54:04","slug":"pelastusme-epirb2-pro","status":"publish","type":"product","link":"https:\/\/oceansignal.com\/fi\/products\/pelastusme-epirb2-pro\/","title":{"rendered":"rescueME EPIRB2 Pro"},"content":{"rendered":"<p>Yhteenveto:<\/p>\n<p>Return Link Service (RLS) -teknologian ja Near Field Communication (NFC) -ominaisuuksien ansiosta EPIRB2 Pro tarjoaa merkitt\u00e4vi\u00e4 etuja edelt\u00e4jiins\u00e4 verrattuna. RLS vahvistaa h\u00e4t\u00e4viestin vastaanottamisen ja NFC-ominaisuuden ansiosta EPIRB Pron akun ja muiden toimintojen valvontaan \u00e4lypuhelinsovelluksella voidaan varmistaa, ett\u00e4 laite toimii oikein. <\/p>\n<p>EPIRB2 Pro innovatiiviset uudet ominaisuudet ja mukana tuleva automaattisesti vapautuva kelluntakiinnike tekev\u00e4t siit\u00e4 erinomaisen valinnan monenlaisiin merisovelluksiin, erityisesti sek\u00e4 huvi- ett\u00e4 kaupallisille aluksille.<\/p>\n<p>Kuvaus:<\/p>\n<p>EPIRB2 Pro kehityksess\u00e4 Ocean Signal on hy\u00f6dynt\u00e4nyt laajaa kokemustaan \u200b\u200bkorkealaatuisten ja monipuolisten RLS-EPIRBien suunnittelusta ja valmistuksesta k\u00e4tev\u00e4n kompaktissa koossa. EPIRB2 Pro ohjaa etsint\u00e4- ja pelastusjoukot vaivattomasti sijaintiisi hy\u00f6dynt\u00e4m\u00e4ll\u00e4 useita integroituja signalointitekniikoita, kuten 406 MHz:n GNSS-paikannusta (GPS, Galileo, Glonass) ja 121,5 MHz:n itseohjautuvaa signaalia. Return Link Service (RLS) -teknologia ja l\u00e4hikentt\u00e4viestint\u00e4 t\u00e4ydent\u00e4v\u00e4t EPIRB2 Pro vaikuttavan ominaisuusvalikoiman.  <\/p>\n<p>&nbsp;<\/p>\n<p><strong>\u00c4lypuhelinliit\u00e4nn\u00e4t Near Field Communication -yhteyden avulla<\/strong><\/p>\n<p>&nbsp;<\/p>\n<p>NFC-teknologian integrointi tarjoaa k\u00e4ytt\u00e4jille mahdollisuuden k\u00e4ytt\u00e4\u00e4 majakkatietoja k\u00e4tev\u00e4sti matkapuhelimestaan. Yksinkertainen puhelimen sijoittaminen majakan l\u00e4helle avaa automaattisesti Ocean Signal -tuotesovelluksen ja tarjoaa p\u00e4\u00e4syn lukuisiin k\u00e4ytt\u00f6tietoihin, mukaan lukien nykyinen akun kesto, suoritettujen itsetestien lukum\u00e4\u00e4r\u00e4, suoritettujen GNSS-testien m\u00e4\u00e4r\u00e4 ja tarvittaessa aika, jonka majakka on aktivoitu. <\/p>\n<p>&nbsp;<\/p>\n<p>Saatavilla on my\u00f6s yksityiskohtaiset tiedot jokaisesta majakan suorittamasta itsetestist\u00e4 ja GNSS-testist\u00e4. Jokaisesta onnistuneesta GNSS-testist\u00e4 saatavilla olevat tiedot sis\u00e4lt\u00e4v\u00e4t p\u00e4\u00e4syn karttaan, joka n\u00e4ytt\u00e4\u00e4 tarkalleen, miss\u00e4 testi suoritettiin, testin p\u00e4iv\u00e4m\u00e4\u00e4r\u00e4 ja kellonaika, aika, jonka majakka kesti saada GNSS-koordinaatit, satelliittien lukum\u00e4\u00e4r\u00e4, jota majakka k\u00e4ytti korjauksen saamiseen, ja sijainnin tarkkuus. <\/p>\n<p>&nbsp;<\/p>\n<p><strong>Globaali kattavuus Cospas-Sarsat-satelliittiverkon kautta<\/strong><\/p>\n<p>&nbsp;<\/p>\n<p>Hy\u00f6dynt\u00e4m\u00e4ll\u00e4 <a href=\"https:\/\/www.cospas-sarsat.int\/en\/\">Cospas-Sarsat-satelliittiverkon<\/a> maailmanlaajuista ulottuvuutta, EPIRB2 Pro voidaan aktivoida miss\u00e4 ja milloin tahansa, ja se l\u00e4hett\u00e4\u00e4 406 MHz:n h\u00e4t\u00e4viestin. H\u00e4t\u00e4l\u00e4hetys sis\u00e4lt\u00e4\u00e4 EPIRBin integroidusta GNSS-vastaanottimesta johdetut majakkakoordinaatit, joiden tarkkuus on 100 metri\u00e4.<\/p>\n<p>&nbsp;<\/p>\n<p>RLS-h\u00e4t\u00e4h\u00e4lyttimet rauhoittelevat k\u00e4ytt\u00e4ji\u00e4 l\u00e4hett\u00e4m\u00e4ll\u00e4 paluusignaalin <a href=\"https:\/\/www.euspa.europa.eu\/european-space\/galileo\/services\/search-and-rescue-sar-galileo-service\">Galileo<\/a> -satelliittiverkon kautta suoraan takaisin majakalle vahvistaakseen, ett\u00e4 h\u00e4t\u00e4viesti on vastaanotettu ja majakan sijainti on havaittu. K\u00e4ytt\u00e4j\u00e4n vahvistus n\u00e4kyy selv\u00e4sti vilkkuvalla sinisell\u00e4 valolla.<\/p>\n<p>&nbsp;<\/p>\n<p><strong>Paluulinkkipalvelu (RLS)<\/strong><\/p>\n<p><strong> <\/strong><\/p>\n<p>Merenkulun h\u00e4t\u00e4tilanteisiin liittyv\u00e4 luontainen stressi on haastava oire, jonka kanssa kaikkien veneilij\u00f6iden on valitettavasti elett\u00e4v\u00e4, jos he joutuvat h\u00e4t\u00e4tilanteeseen. Onneksi EPIRB2 Pro RLS-ominaisuus tarjoaa keinon minimoida stressi\u00e4 t\u00e4llaisissa tilanteissa. RLS-EPIRBit l\u00e4hett\u00e4v\u00e4t vahvistuksen suoraan majakkaan, jolloin k\u00e4ytt\u00e4j\u00e4 tiet\u00e4\u00e4, ett\u00e4 heid\u00e4n h\u00e4t\u00e4viestins\u00e4 on vastaanotettu ja heid\u00e4n sijaintinsa on tunnistettu. RLS-toiminnan merkkin\u00e4 on erottuva sininen valo, jonka avulla k\u00e4ytt\u00e4jien on helppo varmistaa tarkalleen, milloin RLS-vahvistus on vastaanotettu.   <\/p>\n<p>&nbsp;<\/p>\n<p><strong>Asennusteline<\/strong><\/p>\n<p>&nbsp;<\/p>\n<p>EPIRB2 Pro toimitetaan luokan 1 automaattisesti vapautuvalla, kelluvalla kiinnikkeell\u00e4. T\u00e4m\u00e4 kiinnike s\u00e4ilytt\u00e4\u00e4 EPIRB2 Pro turvallisesti koko matkasi ajan olosuhteista riippumatta. Se tarjoaa my\u00f6s parhaat mahdollisuudet sen k\u00e4ytt\u00f6\u00f6notolle h\u00e4t\u00e4tilanteissa, joissa miehist\u00f6n j\u00e4senen on vaikea tavoittaa EPIRB .  <\/p>\n<p>&nbsp;<\/p>\n<p>Ocean Signal on ylpe\u00e4 voidessaan jatkuvasti tarjota uusia ja j\u00e4nnitt\u00e4vi\u00e4 ominaisuuksia, kuten RLS:n ja NFC:n, ja se pit\u00e4\u00e4 kiinni tavoitteestaan \u200b\u200btarjota korkealaatuisia innovatiivisia turvallisuustuotteita. Olipa seuraavan matkasi syy mik\u00e4 tahansa tai valitsemasi m\u00e4\u00e4r\u00e4np\u00e4\u00e4, varmista turvallisuutesi EPIRB2 Pro kyydiss\u00e4. <\/p>\n<p>Haluatko p\u00e4ivitt\u00e4\u00e4 AIS EPIRB ? Tutustu uuteen <a href=\"https:\/\/oceansignal.com\/products\/safesea-epirb3-pro\/\">EPIRB3<\/a> <\/p>\n<p><strong>Ominaisuudet:<\/strong><\/p>\n<p>&nbsp;<\/p>\n<ul>\n<li>30 % (tyyppi) pienempi<\/li>\n<li>Paluulinkkipalvelu (RLS)<\/li>\n<li>Mobiiliyhteys Near Field Communication (NFC) -tekniikalla<\/li>\n<li>Ilmainen sovellus (Apple ja Android)<\/li>\n<li>10 vuoden akun kesto<\/li>\n<li>48+ tunnin k\u00e4ytt\u00f6ik\u00e4<\/li>\n<li>2 vuoden takuu (voi pident\u00e4\u00e4 takuun 5 vuoteen tuotteen rekister\u00f6innin kautta Ocean Signal )<\/li>\n<li>Nopea tarkka paikannus 72-kanavaisella GPS:ll\u00e4<\/li>\n<li>Sis\u00e4\u00e4nvedett\u00e4v\u00e4 antenni<\/li>\n<li>Luokan I automaattisesti vapautuva kelluva vapaa kiinnike<\/li>\n<li>Turvallinen kaulanauha<\/li>\n<\/ul>\n","protected":false},"excerpt":{"rendered":"<p>Maailman pienikokoisin EPIRB , jossa RLS ja NFC (sis. Cat 1 Float Free Bracket)<\/p>\n<ul>\n<li>30 % (tyyppi) pienempi<\/li>\n<li>Sis\u00e4lt\u00e4\u00e4 kategorian I automaattisesti vapautuvan kelluvan vapaan kiinnikkeen<\/li>\n<li>Turvallinen kaulanauha<\/li>\n<li>Paluulinkkipalvelu (RLS)<\/li>\n<li>Mobiiliyhteys Near Field Communication (NFC) -tekniikalla<\/li>\n<li>Ilmainen sovellus (Apple ja Android)<\/li>\n<li>10 vuoden akun kesto<\/li>\n<li>K\u00e4ytt\u00f6ik\u00e4 yli 48 tuntia<\/li>\n<li>2 vuoden takuu (voi pident\u00e4\u00e4 takuun 5 vuoteen tuotteen rekister\u00f6innin kautta Ocean Signal ) \u2020<\/li>\n<li>Nopea tarkka paikannus 72-kanavaisella GPS:ll\u00e4<\/li>\n<li>Sis\u00e4\u00e4nvedett\u00e4v\u00e4 antenni<\/li>\n<li>Pikakiinnike<\/li>\n<\/ul>\n<p><a href=\"https:\/\/www.dropbox.com\/s\/8343nj28z0d7bxa\/Prop%2065%20-%20BPA.pdf?dl=0\" data-cke-saved-href=\"https:\/\/www.dropbox.com\/s\/8343nj28z0d7bxa\/Prop%2065%20-%20BPA.pdf?dl=0\">VAROITUS: PROP 65<\/a><\/p>\n","protected":false},"featured_media":12469,"template":"","meta":{"_acf_changed":false,"om_disable_all_campaigns":false},"product_brand":[],"product_cat":[723,610],"product_tag":[725,1040,726,727],"class_list":{"0":"post-12922","1":"product","2":"type-product","3":"status-publish","4":"has-post-thumbnail","6":"product_cat-epirb-fi","7":"product_cat-rescueme-fi","8":"product_tag-epirb-fi","9":"product_tag-epirb2-pro-fi","10":"product_tag-nfc-fi","11":"product_tag-rls-fi","13":"first","14":"outofstock","15":"taxable","16":"shipping-taxable","17":"purchasable","18":"product-type-simple"},"acf":[],"yoast_head":"<!-- This site is optimized with the Yoast SEO Premium plugin v25.2 (Yoast SEO v26.4) - https:\/\/yoast.com\/wordpress\/plugins\/seo\/ -->\n<title>rescueME EPIRB2 Pro - Ocean Signal<\/title>\n<meta name=\"description\" content=\"Ocean Signal rescueME EPIRB2 paluulinkkipalvelulla: Nopea h\u00e4t\u00e4viestint\u00e4 merenkulun turvallisuuden takaamiseksi. \u00c4l\u00e4 purjehdi ilman RLS- EPIRB .\" \/>\n<meta name=\"robots\" content=\"index, follow, max-snippet:-1, max-image-preview:large, max-video-preview:-1\" \/>\n<link rel=\"canonical\" href=\"https:\/\/oceansignal.com\/fi\/products\/pelastusme-epirb2-pro\/\" \/>\n<meta property=\"og:locale\" content=\"fi_FI\" \/>\n<meta property=\"og:type\" content=\"article\" \/>\n<meta property=\"og:title\" content=\"rescueME EPIRB2 Pro\" \/>\n<meta property=\"og:description\" content=\"Ocean Signal rescueME EPIRB2 paluulinkkipalvelulla: Nopea h\u00e4t\u00e4viestint\u00e4 merenkulun turvallisuuden takaamiseksi. \u00c4l\u00e4 purjehdi ilman RLS- EPIRB .\" \/>\n<meta property=\"og:url\" content=\"https:\/\/oceansignal.com\/fi\/products\/pelastusme-epirb2-pro\/\" \/>\n<meta property=\"og:site_name\" content=\"Ocean Signal\" \/>\n<meta property=\"article:modified_time\" content=\"2026-01-21T19:54:04+00:00\" \/>\n<meta property=\"og:image\" content=\"https:\/\/oceansignal.com\/wp-content\/uploads\/2023\/09\/Ocean-Signal-EPIRB2-Pro-Front.png\" \/>\n\t<meta property=\"og:image:width\" content=\"800\" \/>\n\t<meta property=\"og:image:height\" content=\"800\" \/>\n\t<meta property=\"og:image:type\" content=\"image\/png\" \/>\n<meta name=\"twitter:card\" content=\"summary_large_image\" \/>\n<meta name=\"twitter:label1\" content=\"Arvioitu lukuaika\" \/>\n\t<meta name=\"twitter:data1\" content=\"3 minuuttia\" \/>\n<script type=\"application\/ld+json\" class=\"yoast-schema-graph\">{\"@context\":\"https:\/\/schema.org\",\"@graph\":[{\"@type\":\"WebPage\",\"@id\":\"https:\/\/oceansignal.com\/fi\/products\/pelastusme-epirb2-pro\/\",\"url\":\"https:\/\/oceansignal.com\/fi\/products\/pelastusme-epirb2-pro\/\",\"name\":\"rescueME EPIRB2 Pro - Ocean Signal\",\"isPartOf\":{\"@id\":\"https:\/\/oceansignal.com\/fi\/#website\"},\"primaryImageOfPage\":{\"@id\":\"https:\/\/oceansignal.com\/fi\/products\/pelastusme-epirb2-pro\/#primaryimage\"},\"image\":{\"@id\":\"https:\/\/oceansignal.com\/fi\/products\/pelastusme-epirb2-pro\/#primaryimage\"},\"thumbnailUrl\":\"https:\/\/oceansignal.com\/wp-content\/uploads\/2023\/09\/Ocean-Signal-EPIRB2-Pro-Front.png\",\"datePublished\":\"2023-09-07T12:56:56+00:00\",\"dateModified\":\"2026-01-21T19:54:04+00:00\",\"description\":\"Ocean Signal rescueME EPIRB2 paluulinkkipalvelulla: Nopea h\u00e4t\u00e4viestint\u00e4 merenkulun turvallisuuden takaamiseksi. \u00c4l\u00e4 purjehdi ilman RLS- EPIRB .\",\"breadcrumb\":{\"@id\":\"https:\/\/oceansignal.com\/fi\/products\/pelastusme-epirb2-pro\/#breadcrumb\"},\"inLanguage\":\"fi\",\"potentialAction\":[{\"@type\":\"ReadAction\",\"target\":[\"https:\/\/oceansignal.com\/fi\/products\/pelastusme-epirb2-pro\/\"]}]},{\"@type\":\"ImageObject\",\"inLanguage\":\"fi\",\"@id\":\"https:\/\/oceansignal.com\/fi\/products\/pelastusme-epirb2-pro\/#primaryimage\",\"url\":\"https:\/\/oceansignal.com\/wp-content\/uploads\/2023\/09\/Ocean-Signal-EPIRB2-Pro-Front.png\",\"contentUrl\":\"https:\/\/oceansignal.com\/wp-content\/uploads\/2023\/09\/Ocean-Signal-EPIRB2-Pro-Front.png\",\"width\":800,\"height\":800},{\"@type\":\"BreadcrumbList\",\"@id\":\"https:\/\/oceansignal.com\/fi\/products\/pelastusme-epirb2-pro\/#breadcrumb\",\"itemListElement\":[{\"@type\":\"ListItem\",\"position\":1,\"name\":\"Shop\",\"item\":\"https:\/\/oceansignal.com\/fi\/shop\/\"},{\"@type\":\"ListItem\",\"position\":2,\"name\":\"rescueME EPIRB2 Pro\"}]},{\"@type\":\"WebSite\",\"@id\":\"https:\/\/oceansignal.com\/fi\/#website\",\"url\":\"https:\/\/oceansignal.com\/fi\/\",\"name\":\"Ocean Signal\",\"description\":\"A leading manufacturer of EPIRBs, AIS, SARTs, Personal Locator Beacons, Man Overboard Beacon for the Marine and Outdoor Markets.\",\"potentialAction\":[{\"@type\":\"SearchAction\",\"target\":{\"@type\":\"EntryPoint\",\"urlTemplate\":\"https:\/\/oceansignal.com\/fi\/?s={search_term_string}\"},\"query-input\":{\"@type\":\"PropertyValueSpecification\",\"valueRequired\":true,\"valueName\":\"search_term_string\"}}],\"inLanguage\":\"fi\"}]}<\/script>\n<!-- \/ Yoast SEO Premium plugin. -->","yoast_head_json":{"title":"rescueME EPIRB2 Pro - Ocean Signal","description":"Ocean Signal rescueME EPIRB2 paluulinkkipalvelulla: Nopea h\u00e4t\u00e4viestint\u00e4 merenkulun turvallisuuden takaamiseksi. \u00c4l\u00e4 purjehdi ilman RLS- EPIRB .","robots":{"index":"index","follow":"follow","max-snippet":"max-snippet:-1","max-image-preview":"max-image-preview:large","max-video-preview":"max-video-preview:-1"},"canonical":"https:\/\/oceansignal.com\/fi\/products\/pelastusme-epirb2-pro\/","og_locale":"fi_FI","og_type":"article","og_title":"rescueME EPIRB2 Pro","og_description":"Ocean Signal rescueME EPIRB2 paluulinkkipalvelulla: Nopea h\u00e4t\u00e4viestint\u00e4 merenkulun turvallisuuden takaamiseksi. \u00c4l\u00e4 purjehdi ilman RLS- EPIRB .","og_url":"https:\/\/oceansignal.com\/fi\/products\/pelastusme-epirb2-pro\/","og_site_name":"Ocean Signal","article_modified_time":"2026-01-21T19:54:04+00:00","og_image":[{"width":800,"height":800,"url":"https:\/\/oceansignal.com\/wp-content\/uploads\/2023\/09\/Ocean-Signal-EPIRB2-Pro-Front.png","type":"image\/png"}],"twitter_card":"summary_large_image","twitter_misc":{"Arvioitu lukuaika":"3 minuuttia"},"schema":{"@context":"https:\/\/schema.org","@graph":[{"@type":"WebPage","@id":"https:\/\/oceansignal.com\/fi\/products\/pelastusme-epirb2-pro\/","url":"https:\/\/oceansignal.com\/fi\/products\/pelastusme-epirb2-pro\/","name":"rescueME EPIRB2 Pro - Ocean Signal","isPartOf":{"@id":"https:\/\/oceansignal.com\/fi\/#website"},"primaryImageOfPage":{"@id":"https:\/\/oceansignal.com\/fi\/products\/pelastusme-epirb2-pro\/#primaryimage"},"image":{"@id":"https:\/\/oceansignal.com\/fi\/products\/pelastusme-epirb2-pro\/#primaryimage"},"thumbnailUrl":"https:\/\/oceansignal.com\/wp-content\/uploads\/2023\/09\/Ocean-Signal-EPIRB2-Pro-Front.png","datePublished":"2023-09-07T12:56:56+00:00","dateModified":"2026-01-21T19:54:04+00:00","description":"Ocean Signal rescueME EPIRB2 paluulinkkipalvelulla: Nopea h\u00e4t\u00e4viestint\u00e4 merenkulun turvallisuuden takaamiseksi. \u00c4l\u00e4 purjehdi ilman RLS- EPIRB .","breadcrumb":{"@id":"https:\/\/oceansignal.com\/fi\/products\/pelastusme-epirb2-pro\/#breadcrumb"},"inLanguage":"fi","potentialAction":[{"@type":"ReadAction","target":["https:\/\/oceansignal.com\/fi\/products\/pelastusme-epirb2-pro\/"]}]},{"@type":"ImageObject","inLanguage":"fi","@id":"https:\/\/oceansignal.com\/fi\/products\/pelastusme-epirb2-pro\/#primaryimage","url":"https:\/\/oceansignal.com\/wp-content\/uploads\/2023\/09\/Ocean-Signal-EPIRB2-Pro-Front.png","contentUrl":"https:\/\/oceansignal.com\/wp-content\/uploads\/2023\/09\/Ocean-Signal-EPIRB2-Pro-Front.png","width":800,"height":800},{"@type":"BreadcrumbList","@id":"https:\/\/oceansignal.com\/fi\/products\/pelastusme-epirb2-pro\/#breadcrumb","itemListElement":[{"@type":"ListItem","position":1,"name":"Shop","item":"https:\/\/oceansignal.com\/fi\/shop\/"},{"@type":"ListItem","position":2,"name":"rescueME EPIRB2 Pro"}]},{"@type":"WebSite","@id":"https:\/\/oceansignal.com\/fi\/#website","url":"https:\/\/oceansignal.com\/fi\/","name":"Ocean Signal","description":"A leading manufacturer of EPIRBs, AIS, SARTs, Personal Locator Beacons, Man Overboard Beacon for the Marine and Outdoor Markets.","potentialAction":[{"@type":"SearchAction","target":{"@type":"EntryPoint","urlTemplate":"https:\/\/oceansignal.com\/fi\/?s={search_term_string}"},"query-input":{"@type":"PropertyValueSpecification","valueRequired":true,"valueName":"search_term_string"}}],"inLanguage":"fi"}]}},"_links":{"self":[{"href":"https:\/\/oceansignal.com\/fi\/wp-json\/wp\/v2\/product\/12922","targetHints":{"allow":["GET"]}}],"collection":[{"href":"https:\/\/oceansignal.com\/fi\/wp-json\/wp\/v2\/product"}],"about":[{"href":"https:\/\/oceansignal.com\/fi\/wp-json\/wp\/v2\/types\/product"}],"wp:featuredmedia":[{"embeddable":true,"href":"https:\/\/oceansignal.com\/fi\/wp-json\/wp\/v2\/media\/12469"}],"wp:attachment":[{"href":"https:\/\/oceansignal.com\/fi\/wp-json\/wp\/v2\/media?parent=12922"}],"wp:term":[{"taxonomy":"product_brand","embeddable":true,"href":"https:\/\/oceansignal.com\/fi\/wp-json\/wp\/v2\/product_brand?post=12922"},{"taxonomy":"product_cat","embeddable":true,"href":"https:\/\/oceansignal.com\/fi\/wp-json\/wp\/v2\/product_cat?post=12922"},{"taxonomy":"product_tag","embeddable":true,"href":"https:\/\/oceansignal.com\/fi\/wp-json\/wp\/v2\/product_tag?post=12922"}],"curies":[{"name":"wp","href":"https:\/\/api.w.org\/{rel}","templated":true}]}}