{"id":12923,"date":"2023-09-07T14:09:53","date_gmt":"2023-09-07T14:09:53","guid":{"rendered":"https:\/\/oceansignal.com\/products\/pelasta-me-plb3\/"},"modified":"2026-03-26T11:51:06","modified_gmt":"2026-03-26T11:51:06","slug":"pelasta-me-plb3","status":"publish","type":"product","link":"https:\/\/oceansignal.com\/fi\/products\/pelasta-me-plb3\/","title":{"rendered":"rescueME PLB3"},"content":{"rendered":"<p class=\"ai-optimize-42 ai-optimize-introduction\">Esittelyss\u00e4 <a href=\"https:\/\/oceansignal.com\/news\/ocean-signal-wins-overall-dame-design-award-2022-for-rescueme-plb3-ais-personal-locator-beacon\/\">palkittu<\/a> Ocean Signal rescueME PLB3 AIS Personal Locator Beacon, nyt ilmainen mobiilisovellus. PLB3 l\u00e4hett\u00e4\u00e4 maailmanlaajuiseen <a href=\"https:\/\/www.cospas-sarsat.int\/en\/\">Cospas Sarsat<\/a> -satelliittij\u00e4rjestelm\u00e4\u00e4n, joka sis\u00e4lt\u00e4\u00e4 3 eri t\u00e4hdist\u00f6\u00e4 varmistaakseen, ett\u00e4 406 MHz:n h\u00e4t\u00e4signaalisi saavuttaa v\u00e4litt\u00f6m\u00e4sti maailmanlaajuisen etsint\u00e4- ja pelastusjoukkojen verkoston sijaintisi 100 metrin tarkkuudella. Integroidun signalointitekniikan useat tasot, mukaan lukien 406 MHz ja GNSS (GPS, <a href=\"https:\/\/www.euspa.europa.eu\/european-space\/galileo\/services\/search-and-rescue-sar-galileo-service\">Galileo<\/a> , Glonass) -paikannus, PLB3 l\u00e4hett\u00e4\u00e4 my\u00f6s 121,5 MHz:n kotiutussignaalin, joka ohjaa Search and Rescue -palvelut majakan nykyiseen sijaintiin, kun ne saapuvat paikalle, koska majakka on saattanut siirty\u00e4 alkuper\u00e4isest\u00e4 sijainnista. AIS (Automatic Identification System) -l\u00e4hetysten lis\u00e4\u00e4minen tarkoittaa, ett\u00e4 PLB3 AIS Personal Locator Beacon h\u00e4lytt\u00e4\u00e4 samanaikaisesti kaikille AIS-transpondereilla varustetuille aluksille VHF-radioalueen sis\u00e4ll\u00e4 PLB :n h\u00e4t\u00e4paikasta. T\u00e4m\u00e4 lis\u00e4\u00e4 huomattavasti pelastuksen todenn\u00e4k\u00f6isyytt\u00e4 ja nopeutta, koska l\u00e4hell\u00e4 olevat alukset saavat h\u00e4lytyksen. V\u00e4litt\u00f6m\u00e4sti majakan k\u00e4ytt\u00f6\u00f6noton j\u00e4lkeen AIS-turvasanoma tai MOB h\u00e4lytys, jossa on majakan MMSI ja sijainti, n\u00e4ytet\u00e4\u00e4n mill\u00e4 tahansa kantaman sis\u00e4ll\u00e4 olevalla AIS-n\u00e4yt\u00f6ll\u00e4. T\u00e4m\u00e4 helpottaa l\u00e4hell\u00e4 olevien alusten p\u00e4\u00e4sy\u00e4 majakkaan, koska se on aktiivinen AIS-kohde niiden n\u00e4yt\u00f6ill\u00e4.      <\/p>\n<p class=\"ai-optimize-44\">PLB3 valaisee tien pelastajan saapuessa paikalle sek\u00e4 valkoisen n\u00e4kyv\u00e4n v\u00e4l\u00e4hdyksen ett\u00e4 infrapunavilkun avulla, mik\u00e4 tarjoaa pelastajille tarvitsemansa visuaalisen viittauksen y\u00f6aikaan tai muihin huonon n\u00e4kyvyyden pelastusoperaatioihin.<\/p>\n<p class=\"ai-optimize-45\"><strong>\u00c4lypuhelinliit\u00e4nn\u00e4t Near Field Communication (NFC) -yhteydell\u00e4<\/strong><\/p>\n<p class=\"ai-optimize-46\"><a href=\"https:\/\/www.youtube.com\/watch?v=MRXLii6r3n4\">NFC-teknologian<\/a> integrointi tarjoaa k\u00e4ytt\u00e4jille mahdollisuuden k\u00e4ytt\u00e4\u00e4 majakkatietoja k\u00e4tev\u00e4sti matkapuhelimestaan. Yksinkertainen puhelimen sijoittaminen majakan l\u00e4helle avaa automaattisesti Ocean Signal -tuotesovelluksen ja tarjoaa p\u00e4\u00e4syn lukuisiin k\u00e4ytt\u00f6tietoihin, mukaan lukien nykyinen akun kesto, suoritettujen itsetestien lukum\u00e4\u00e4r\u00e4, suoritettujen GNSS-testien m\u00e4\u00e4r\u00e4 ja tarvittaessa majakan aktivoinnin aika. Yksityiskohtaiset tiedot kustakin majakan suorittamasta itsetestist\u00e4 ja GNSS-testist\u00e4 ovat my\u00f6s saatavilla haluttaessa. Jokaisesta onnistuneesta GNSS-testist\u00e4 k\u00e4ytt\u00e4j\u00e4t voivat tarkastella karttaa, josta n\u00e4kyy tarkalleen, miss\u00e4 testi suoritettiin, testin p\u00e4iv\u00e4m\u00e4\u00e4r\u00e4n ja kellonajan, ajan, jonka majakka kesti saada korjauksen GNSS-koordinaatteihin, satelliittien lukum\u00e4\u00e4r\u00e4n, joita majakka k\u00e4ytti korjauksen saamiseen, ja sijainnin tarkkuuden.   <\/p>\n<p class=\"ai-optimize-47\"><strong> <\/strong><\/p>\n<p class=\"ai-optimize-48\"><strong>Palautuslinkkipalvelu<\/strong><\/p>\n<p class=\"ai-optimize-49\">Return Link Service tai RLS-toiminto toimii, kun Search and Rescue l\u00e4hett\u00e4\u00e4 signaalin takaisin <a href=\"https:\/\/www.euspa.europa.eu\/european-space\/galileo\/services\/search-and-rescue-sar-galileo-service\">Galileo-satelliittiverkon<\/a> kautta vahvistaakseen majakan k\u00e4ytt\u00e4j\u00e4lle, ett\u00e4 h\u00e4nen h\u00e4t\u00e4viestins\u00e4 on vastaanotettu ja h\u00e4nen sijaintinsa havaittu. K\u00e4ytt\u00e4j\u00e4n vahvistus ilmaistaan \u200b\u200bselv\u00e4sti vilkkuvalla sinisell\u00e4 valolla PLB3 ssa. Kattavan ominaisuussarjan lis\u00e4ksi PLB3 AIS Personal Locator Beacon on suunniteltu mukavuutta ajatellen. Nauti mielenrauhasta, kun tied\u00e4t, ett\u00e4 h\u00e4t\u00e4viestisi on toimitettu onnistuneesti ja ett\u00e4 apua on tulossa.   <\/p>\n<p>&nbsp;<\/p>\n<p class=\"ai-optimize-50\"><strong>Pelastusliivien integrointi<\/strong><\/p>\n<p class=\"ai-optimize-51\">PLB3 on suunniteltu asennettavaksi pelastusliiviin ja aktivoituu, kun liivi t\u00e4yttyy (puoliautomaattinen). <a href=\"https:\/\/www.youtube.com\/watch?v=eeTKOFMkfxM\">Asennus on tehty yksinkertaiseksi<\/a> k\u00e4ytt\u00e4m\u00e4ll\u00e4 mukana toimitettua oraalista t\u00e4ytt\u00f6putken pidikett\u00e4 kiinnitt\u00e4m\u00e4\u00e4n PLB3 pelastusliiviin nauhalla, joka on liitetty pelastusliivin rakkoon. Kun pelastusliivi on asennettu oikein, se laukaisee antennin ja majakan aktivoitumisen. <\/p>\n<p class=\"ai-optimize-36\"><strong>On suositeltavaa ottaa yhteytt\u00e4 pelastusliivien valmistajaan ennen asennusta, sill\u00e4 tietyill\u00e4 malleilla voi olla omat suositellut sovitusmenetelm\u00e4ns\u00e4 tai integrointisuosituksensa.<\/strong><\/p>\n<p class=\"ai-optimize-52\">K\u00e4ytt\u00e4j\u00e4t, jotka eiv\u00e4t halua asentaa PLB3 a pelastusliiviin, voivat k\u00e4ytt\u00e4\u00e4 mukana toimitettua vy\u00f6pidikett\u00e4 kiinnitt\u00e4\u00e4kseen majakan sopivan kokoiseen vy\u00f6h\u00f6n tai luontaisesti kelluvan pelastusliivin hihnaan.<\/p>\n<p>&nbsp;<\/p>\n<p class=\"ai-optimize-53\"><strong>Ominaisuudet:<\/strong><\/p>\n<ul>\n<li class=\"ai-optimize-54\">Tilausta ei vaadita<\/li>\n<li class=\"ai-optimize-55\">406 MHz <a href=\"https:\/\/www.cospas-sarsat.int\/en\/\">Cospas Sarsat<\/a> -h\u00e4t\u00e4signaali (MEOSAR-yhteensopiva)<\/li>\n<li class=\"ai-optimize-56\">121,5 MHz paikallinen kotiutussignaali<\/li>\n<li class=\"ai-optimize-57\">AIS (Automatic Identification System) -paikannussignaali<\/li>\n<li class=\"ai-optimize-58\">Yhteys \u00e4lypuhelimeen NFC:n (Near Field Communication) kautta<\/li>\n<li class=\"ai-optimize-59\">Ilmainen Ocean Signal Beacon -mobiilisovellus (IOS ja Android)<\/li>\n<li class=\"ai-optimize-60\">Return Link Service (RLS) -toiminto<\/li>\n<li class=\"ai-optimize-61\">GNSS GPS:n ja <a href=\"https:\/\/www.euspa.europa.eu\/european-space\/galileo\/services\/search-and-rescue-sar-galileo-service\">Galileo<\/a> -satelliittien kautta<\/li>\n<li class=\"ai-optimize-62\">Strobe ja infrapuna strobovalo<\/li>\n<li class=\"ai-optimize-63\">Maailmanlaajuinen kattavuus<\/li>\n<li class=\"ai-optimize-64\">Yksinkertainen PFD-kiinnitys<\/li>\n<li class=\"ai-optimize-65\">Suunniteltu integroitavaksi tavallisten puhallettavien PFD-laitteiden kanssa<\/li>\n<li class=\"ai-optimize-66\">Mukana monitoimiklipsij\u00e4rjestelm\u00e4<\/li>\n<li class=\"ai-optimize-67\">Pieni ja kevyt<\/li>\n<li class=\"ai-optimize-68\">Akun k\u00e4ytt\u00f6ik\u00e4: 6 vuotta valmistusp\u00e4iv\u00e4st\u00e4 tai 5 vuotta majakan k\u00e4ytt\u00f6\u00f6notosta.<\/li>\n<li class=\"ai-optimize-69\">Yli 24 tunnin k\u00e4ytt\u00f6ik\u00e4<\/li>\n<\/ul>\n<p>&nbsp;<\/p>\n","protected":false},"excerpt":{"rendered":"<p class=\"ai-optimize-37\">Maailman <strong>ENSIMM\u00c4INEN<\/strong> PLB AIS:ll\u00e4 ja maailman <strong>ENSIMM\u00c4INEN<\/strong> PLB joka sis\u00e4lt\u00e4\u00e4 NFC:n ja mobiilisovelluksen<\/p>\n<ul>\n<li class=\"ai-optimize-38\" data-start=\"71\" data-end=\"199\">\n<p class=\"ai-optimize-39\" data-start=\"73\" data-end=\"199\"><strong data-start=\"73\" data-end=\"97\">Kolmoish\u00e4lytysj\u00e4rjestelm\u00e4:<\/strong> L\u00e4hett\u00e4\u00e4 maailmanlaajuisen 406 MHz:n h\u00e4t\u00e4signaalin, AIS-tiedot l\u00e4hell\u00e4 oleville aluksille ja 121,5 MHz:n itseohjautuvan reitin pelastusryhmille maailmanlaajuisesti<\/p>\n<\/li>\n<li class=\"ai-optimize-40\" data-start=\"71\" data-end=\"199\"><strong data-start=\"406\" data-end=\"427\">Pelastusliivivalmis muotoilu:<\/strong> Sis\u00e4lt\u00e4\u00e4 monitoimiklipsin ja on suunniteltu integroitumaan saumattomasti useimpiin ilmat\u00e4ytteisiin pelastusliiveihin<\/li>\n<li class=\"ai-optimize-41\" data-start=\"200\" data-end=\"302\">\n<p class=\"ai-optimize-42\" data-start=\"202\" data-end=\"302\"><strong data-start=\"202\" data-end=\"224\">\u00c4lyk\u00e4s ja yhdistetty:<\/strong> NFC-yhteensopiva asennusta ja tilan tarkistusta varten ilmaisen mobiilisovelluksen kautta (iOS ja Android)<\/p>\n<\/li>\n<li class=\"ai-optimize-43\" data-start=\"303\" data-end=\"403\">\n<p class=\"ai-optimize-44\" data-start=\"305\" data-end=\"403\"><strong data-start=\"305\" data-end=\"326\">Ei tilauksia:<\/strong> Kertaluonteinen ostos, 6 vuoden akunkesto ja yli 24 tunnin aktivointiaika<\/p>\n<\/li>\n<li class=\"ai-optimize-45\" data-start=\"303\" data-end=\"403\"><strong>Tarjous: ILMAINEN <a href=\"https:\/\/oceansignal.com\/fi\/products\/plb1-kelluntasku-copy\/\">PLB3-kellukepussi<\/a><\/strong> jokaisen PLB3:n mukana. K\u00e4yt\u00e4 koodia: PLB3Pouch kassalla <\/li>\n<\/ul>\n","protected":false},"featured_media":11869,"template":"","meta":{"_acf_changed":false,"om_disable_all_campaigns":false},"product_brand":[],"product_cat":[826,1980,610],"product_tag":[1043,828,726,827,1041,727],"class_list":{"0":"post-12923","1":"product","2":"type-product","3":"status-publish","4":"has-post-thumbnail","6":"product_cat-henkilokohtaiset-paikannusmajakat","7":"product_cat-pelastusliiviyhteensopiva","8":"product_cat-rescueme-fi","9":"product_tag-406-mhz-fi","10":"product_tag-henkilokohtainen-paikannusmajakka","11":"product_tag-nfc-fi","12":"product_tag-plb-fi","13":"product_tag-plb3-fi","14":"product_tag-rls-fi","16":"first","17":"instock","18":"taxable","19":"shipping-taxable","20":"purchasable","21":"product-type-simple"},"acf":[],"yoast_head":"<!-- This site is optimized with the Yoast SEO Premium plugin v25.2 (Yoast SEO v26.4) - https:\/\/yoast.com\/wordpress\/plugins\/seo\/ -->\n<title>rescueME PLB3 - Ocean Signal<\/title>\n<meta name=\"description\" content=\"Ocean Signal rescueME PLB3 AIS Personal Locator Beacon on ensimm\u00e4inen ja ainoa PLB , jossa on 406 MHz, Return Link Service ja mobiilisovellus. Osta nyt.\" \/>\n<meta name=\"robots\" content=\"index, follow, max-snippet:-1, max-image-preview:large, max-video-preview:-1\" \/>\n<link rel=\"canonical\" href=\"https:\/\/oceansignal.com\/fi\/products\/pelasta-me-plb3\/\" \/>\n<meta property=\"og:locale\" content=\"fi_FI\" \/>\n<meta property=\"og:type\" content=\"article\" \/>\n<meta property=\"og:title\" content=\"rescueME PLB3\" \/>\n<meta property=\"og:description\" content=\"Ocean Signal rescueME PLB3 AIS Personal Locator Beacon on ensimm\u00e4inen ja ainoa PLB , jossa on 406 MHz, Return Link Service ja mobiilisovellus. Osta nyt.\" \/>\n<meta property=\"og:url\" content=\"https:\/\/oceansignal.com\/fi\/products\/pelasta-me-plb3\/\" \/>\n<meta property=\"og:site_name\" content=\"Ocean Signal\" \/>\n<meta property=\"article:modified_time\" content=\"2026-03-26T11:51:06+00:00\" \/>\n<meta property=\"og:image\" content=\"https:\/\/oceansignal.com\/wp-content\/uploads\/2023\/09\/OSL-PLB3-Front.png\" \/>\n\t<meta property=\"og:image:width\" content=\"2000\" \/>\n\t<meta property=\"og:image:height\" content=\"2000\" \/>\n\t<meta property=\"og:image:type\" content=\"image\/png\" \/>\n<meta name=\"twitter:card\" content=\"summary_large_image\" \/>\n<meta name=\"twitter:label1\" content=\"Arvioitu lukuaika\" \/>\n\t<meta name=\"twitter:data1\" content=\"3 minuuttia\" \/>\n<script type=\"application\/ld+json\" class=\"yoast-schema-graph\">{\"@context\":\"https:\/\/schema.org\",\"@graph\":[{\"@type\":\"WebPage\",\"@id\":\"https:\/\/oceansignal.com\/fi\/products\/pelasta-me-plb3\/\",\"url\":\"https:\/\/oceansignal.com\/fi\/products\/pelasta-me-plb3\/\",\"name\":\"rescueME PLB3 - Ocean Signal\",\"isPartOf\":{\"@id\":\"https:\/\/oceansignal.com\/fi\/#website\"},\"primaryImageOfPage\":{\"@id\":\"https:\/\/oceansignal.com\/fi\/products\/pelasta-me-plb3\/#primaryimage\"},\"image\":{\"@id\":\"https:\/\/oceansignal.com\/fi\/products\/pelasta-me-plb3\/#primaryimage\"},\"thumbnailUrl\":\"https:\/\/oceansignal.com\/wp-content\/uploads\/2023\/09\/OSL-PLB3-Front.png\",\"datePublished\":\"2023-09-07T14:09:53+00:00\",\"dateModified\":\"2026-03-26T11:51:06+00:00\",\"description\":\"Ocean Signal rescueME PLB3 AIS Personal Locator Beacon on ensimm\u00e4inen ja ainoa PLB , jossa on 406 MHz, Return Link Service ja mobiilisovellus. Osta nyt.\",\"breadcrumb\":{\"@id\":\"https:\/\/oceansignal.com\/fi\/products\/pelasta-me-plb3\/#breadcrumb\"},\"inLanguage\":\"fi\",\"potentialAction\":[{\"@type\":\"ReadAction\",\"target\":[\"https:\/\/oceansignal.com\/fi\/products\/pelasta-me-plb3\/\"]}]},{\"@type\":\"ImageObject\",\"inLanguage\":\"fi\",\"@id\":\"https:\/\/oceansignal.com\/fi\/products\/pelasta-me-plb3\/#primaryimage\",\"url\":\"https:\/\/oceansignal.com\/wp-content\/uploads\/2023\/09\/OSL-PLB3-Front.png\",\"contentUrl\":\"https:\/\/oceansignal.com\/wp-content\/uploads\/2023\/09\/OSL-PLB3-Front.png\",\"width\":2000,\"height\":2000},{\"@type\":\"BreadcrumbList\",\"@id\":\"https:\/\/oceansignal.com\/fi\/products\/pelasta-me-plb3\/#breadcrumb\",\"itemListElement\":[{\"@type\":\"ListItem\",\"position\":1,\"name\":\"Shop\",\"item\":\"https:\/\/oceansignal.com\/fi\/shop\/\"},{\"@type\":\"ListItem\",\"position\":2,\"name\":\"rescueME PLB3\"}]},{\"@type\":\"WebSite\",\"@id\":\"https:\/\/oceansignal.com\/fi\/#website\",\"url\":\"https:\/\/oceansignal.com\/fi\/\",\"name\":\"Ocean Signal\",\"description\":\"A leading manufacturer of EPIRBs, AIS, SARTs, Personal Locator Beacons, Man Overboard Beacon for the Marine and Outdoor Markets.\",\"potentialAction\":[{\"@type\":\"SearchAction\",\"target\":{\"@type\":\"EntryPoint\",\"urlTemplate\":\"https:\/\/oceansignal.com\/fi\/?s={search_term_string}\"},\"query-input\":{\"@type\":\"PropertyValueSpecification\",\"valueRequired\":true,\"valueName\":\"search_term_string\"}}],\"inLanguage\":\"fi\"}]}<\/script>\n<!-- \/ Yoast SEO Premium plugin. -->","yoast_head_json":{"title":"rescueME PLB3 - Ocean Signal","description":"Ocean Signal rescueME PLB3 AIS Personal Locator Beacon on ensimm\u00e4inen ja ainoa PLB , jossa on 406 MHz, Return Link Service ja mobiilisovellus. Osta nyt.","robots":{"index":"index","follow":"follow","max-snippet":"max-snippet:-1","max-image-preview":"max-image-preview:large","max-video-preview":"max-video-preview:-1"},"canonical":"https:\/\/oceansignal.com\/fi\/products\/pelasta-me-plb3\/","og_locale":"fi_FI","og_type":"article","og_title":"rescueME PLB3","og_description":"Ocean Signal rescueME PLB3 AIS Personal Locator Beacon on ensimm\u00e4inen ja ainoa PLB , jossa on 406 MHz, Return Link Service ja mobiilisovellus. Osta nyt.","og_url":"https:\/\/oceansignal.com\/fi\/products\/pelasta-me-plb3\/","og_site_name":"Ocean Signal","article_modified_time":"2026-03-26T11:51:06+00:00","og_image":[{"width":2000,"height":2000,"url":"https:\/\/oceansignal.com\/wp-content\/uploads\/2023\/09\/OSL-PLB3-Front.png","type":"image\/png"}],"twitter_card":"summary_large_image","twitter_misc":{"Arvioitu lukuaika":"3 minuuttia"},"schema":{"@context":"https:\/\/schema.org","@graph":[{"@type":"WebPage","@id":"https:\/\/oceansignal.com\/fi\/products\/pelasta-me-plb3\/","url":"https:\/\/oceansignal.com\/fi\/products\/pelasta-me-plb3\/","name":"rescueME PLB3 - Ocean Signal","isPartOf":{"@id":"https:\/\/oceansignal.com\/fi\/#website"},"primaryImageOfPage":{"@id":"https:\/\/oceansignal.com\/fi\/products\/pelasta-me-plb3\/#primaryimage"},"image":{"@id":"https:\/\/oceansignal.com\/fi\/products\/pelasta-me-plb3\/#primaryimage"},"thumbnailUrl":"https:\/\/oceansignal.com\/wp-content\/uploads\/2023\/09\/OSL-PLB3-Front.png","datePublished":"2023-09-07T14:09:53+00:00","dateModified":"2026-03-26T11:51:06+00:00","description":"Ocean Signal rescueME PLB3 AIS Personal Locator Beacon on ensimm\u00e4inen ja ainoa PLB , jossa on 406 MHz, Return Link Service ja mobiilisovellus. Osta nyt.","breadcrumb":{"@id":"https:\/\/oceansignal.com\/fi\/products\/pelasta-me-plb3\/#breadcrumb"},"inLanguage":"fi","potentialAction":[{"@type":"ReadAction","target":["https:\/\/oceansignal.com\/fi\/products\/pelasta-me-plb3\/"]}]},{"@type":"ImageObject","inLanguage":"fi","@id":"https:\/\/oceansignal.com\/fi\/products\/pelasta-me-plb3\/#primaryimage","url":"https:\/\/oceansignal.com\/wp-content\/uploads\/2023\/09\/OSL-PLB3-Front.png","contentUrl":"https:\/\/oceansignal.com\/wp-content\/uploads\/2023\/09\/OSL-PLB3-Front.png","width":2000,"height":2000},{"@type":"BreadcrumbList","@id":"https:\/\/oceansignal.com\/fi\/products\/pelasta-me-plb3\/#breadcrumb","itemListElement":[{"@type":"ListItem","position":1,"name":"Shop","item":"https:\/\/oceansignal.com\/fi\/shop\/"},{"@type":"ListItem","position":2,"name":"rescueME PLB3"}]},{"@type":"WebSite","@id":"https:\/\/oceansignal.com\/fi\/#website","url":"https:\/\/oceansignal.com\/fi\/","name":"Ocean Signal","description":"A leading manufacturer of EPIRBs, AIS, SARTs, Personal Locator Beacons, Man Overboard Beacon for the Marine and Outdoor Markets.","potentialAction":[{"@type":"SearchAction","target":{"@type":"EntryPoint","urlTemplate":"https:\/\/oceansignal.com\/fi\/?s={search_term_string}"},"query-input":{"@type":"PropertyValueSpecification","valueRequired":true,"valueName":"search_term_string"}}],"inLanguage":"fi"}]}},"_links":{"self":[{"href":"https:\/\/oceansignal.com\/fi\/wp-json\/wp\/v2\/product\/12923","targetHints":{"allow":["GET"]}}],"collection":[{"href":"https:\/\/oceansignal.com\/fi\/wp-json\/wp\/v2\/product"}],"about":[{"href":"https:\/\/oceansignal.com\/fi\/wp-json\/wp\/v2\/types\/product"}],"wp:featuredmedia":[{"embeddable":true,"href":"https:\/\/oceansignal.com\/fi\/wp-json\/wp\/v2\/media\/11869"}],"wp:attachment":[{"href":"https:\/\/oceansignal.com\/fi\/wp-json\/wp\/v2\/media?parent=12923"}],"wp:term":[{"taxonomy":"product_brand","embeddable":true,"href":"https:\/\/oceansignal.com\/fi\/wp-json\/wp\/v2\/product_brand?post=12923"},{"taxonomy":"product_cat","embeddable":true,"href":"https:\/\/oceansignal.com\/fi\/wp-json\/wp\/v2\/product_cat?post=12923"},{"taxonomy":"product_tag","embeddable":true,"href":"https:\/\/oceansignal.com\/fi\/wp-json\/wp\/v2\/product_tag?post=12923"}],"curies":[{"name":"wp","href":"https:\/\/api.w.org\/{rel}","templated":true}]}}