{"id":12925,"date":"2023-09-07T14:40:28","date_gmt":"2023-09-07T14:40:28","guid":{"rendered":"https:\/\/oceansignal.com\/products\/pelasta-me-mob1\/"},"modified":"2025-09-23T14:57:46","modified_gmt":"2025-09-23T14:57:46","slug":"pelasta-me-mob1","status":"publish","type":"product","link":"https:\/\/oceansignal.com\/fi\/products\/pelasta-me-mob1\/","title":{"rendered":"rescueME MOB1"},"content":{"rendered":"<p>Paras mahdollisuus nopeaan pelastukseen, jos putoat yli laidan, tulee omasta aluksestasi. Miehist\u00f6si tulee olla v\u00e4litt\u00f6m\u00e4sti tietoinen tapahtumasta ja seurata sijaintiasi toipumisen aikana. Jopa maltillisimmilla merill\u00e4 on h\u00e4lytt\u00e4v\u00e4\u00e4, kuinka nopeasti visuaalinen havainto miehest\u00e4 voi kadota.  <\/p>\n<p>Aktivoinnin j\u00e4lkeen MOB1 l\u00e4hett\u00e4\u00e4 h\u00e4lytyksen kaikille l\u00e4hist\u00f6ll\u00e4 oleville AIS-vastaanottimille ja AIS-plottereille. Integroitu GPS varmistaa tarkan sijainnin l\u00e4hett\u00e4misen aluksellesi ja kaikille muille, jotka voivat auttaa. <\/p>\n<p>MOB1:n lis\u00e4ominaisuus on sen kyky aktivoida DSC-h\u00e4lytys aluksessasi VHF:ll\u00e4 varoittaakseen miehist\u00f6\u00e4si tilanteesta.<\/p>\n<p>Haluatko oppia uusimmista luokan M vaatimuksista AIS MOB ?  <a href=\"https:\/\/oceansignal.com\/fi\/news\/ais-luokan-m-asetuksen-vaikutus-mob-aluksiin\/\">Napsauta t\u00e4st\u00e4<\/a><\/p>\n<p>Ocean Signal rescueME MOB1 on mink\u00e4 tahansa merenkulun turvasarjan t\u00e4rke\u00e4 osa, joka on suunniteltu tarjoamaan nopeaa reagointia ihmisen yli laidan -h\u00e4t\u00e4tilanteisiin. Kompakti ja kevyt majakka integroituu saumattomasti pelastusliiveihin varmistaen automaattisen aktivoitumisen, kun se upotetaan veteen. AIS-tekniikan avulla se l\u00e4hett\u00e4\u00e4 tarkan sijaintisi l\u00e4hell\u00e4 oleville aluksille ja laivan navigointij\u00e4rjestelmille, mik\u00e4 helpottaa nopeita ja tehokkaita pelastustoimia. Tukevan rakenteensa, pitk\u00e4kestoisen akun ja yksinkertaisen k\u00e4ytt\u00f6\u00f6noton ansiosta rescueME MOB1 tarjoaa mielenrauhaa purjehtijoille ja veneilij\u00f6ille, lis\u00e4\u00e4 turvallisuutta vesill\u00e4 ja mahdollisesti pelastaa ihmishenki\u00e4 kriittisiss\u00e4 tilanteissa.   <\/p>\n<p>Esittelyss\u00e4 maailman pienin AIS MOB -laite integroidulla DSC:ll\u00e4 \u2013 Ocean Signal rescueME MOB1. MOB1 on yhteensopiva jopa kaikkein pienikokoisimpien puhallettavien pelastusliivien kanssa.* MOB1 on tarkoitettu asennettavaksi pelastusliiviin* ja se aktivoituu automaattisesti t\u00e4yttyess\u00e4 ja l\u00e4hett\u00e4\u00e4 ensimm\u00e4isen h\u00e4lytyksen 15 sekunnin kuluessa. MOB1 on vesitiivis 10 metriin asti.<\/p>\n<p>MOB1 <a href=\"https:\/\/www.youtube.com\/watch?v=WH4S8yhDAuo\">kommunikoi<\/a> aluksen kanssa, josta olet ollut erossa, ja muihin l\u00e4hell\u00e4 oleviin aluksiin (jopa 5 mailin kantama olosuhteista riippuen). Pelastusviranomaisia \u200b\u200bvaroittaakseen vaihtoehtoinen tuote rescueME PLB1 kommunikoi suoraan erillisen etsint\u00e4- ja pelastussatelliittiverkon kautta. rescueME MOB1 tarjoaa 2 tapaa viesti\u00e4 sijaintisi nopeasti muutaman metrin tarkkuudella takaisin alukseen sek\u00e4 visuaalisen ilmaisun sis\u00e4\u00e4nrakennetun strobo-valon kautta. Integroitu v\u00e4l\u00e4hdysvalo takaa maksimaalisen n\u00e4kyvyyden h\u00e4m\u00e4r\u00e4ss\u00e4.   <\/p>\n<p><a href=\"https:\/\/oceansignal.com\/fi\/news\/ais-luokan-m-asetuksen-vaikutus-mob-aluksiin\/\">Lis\u00e4tietoja tulevista MOB -s\u00e4\u00e4nn\u00f6ist\u00e4: Class M AIS<\/a><\/p>\n<p><a href=\"https:\/\/oceansignal.com\/news\/ocean-signal-triples-size-of-factory-facilities-to-meet-production-demands\/\">Valmistettu ylpe\u00e4n\u00e4 Isossa-Britanniassa<\/a><\/p>\n<p><strong>Ominaisuudet:<\/strong><\/p>\n<p>&nbsp;<\/p>\n<ul>\n<li>AIS (Automatic Identification System)<\/li>\n<li>Integroitu DSC-l\u00e4hetin (Digital Selective Calling)*<\/li>\n<li>30 % (tyyppi) pienempi kuin kilpailijat<\/li>\n<li>Automaattinen aktivointi<\/li>\n<li>Pelastusliivien yksinkertainen integrointi**<\/li>\n<li>7 vuoden akun kesto<\/li>\n<li>24+ tunnin k\u00e4ytt\u00f6ik\u00e4<\/li>\n<li>5 vuoden takuu\u2020<\/li>\n<li>Nopea tarkka paikannus<\/li>\n<\/ul>\n<p>&nbsp;<\/p>\n<p><em><strong>Yhteensopivuus:<\/strong> Useimmat nykyaikaiset AIS-plotterit ja DSC VHF t\u00e4ytt\u00e4v\u00e4t MOB l\u00e4hetysten vastaanottamiseen vaadittavat standardit. Varsinkin jos k\u00e4yt\u00e4t vanhempia laitteita, on kuitenkin suositeltavaa tarkistaa yhteensopivuus laitteen valmistajalta. Katso lis\u00e4tietoja alla olevista usein kysytyist\u00e4 kysymyksist\u00e4.<br \/>\n<\/em><\/p>\n<p>&nbsp;<\/p>\n<p>K\u00e4ytt\u00e4j\u00e4 voi m\u00e4\u00e4ritt\u00e4\u00e4 MOB1:n sy\u00f6tt\u00e4m\u00e4\u00e4n aluksen DSC MMSI -numeron* lataamalla ohjelmiston alla olevasta linkist\u00e4. Aluksen DSC-numero voidaan ohjelmoida useita kertoja. <\/p>\n<p>&nbsp;<\/p>\n<p><span style=\"color: #c22f00\">* DSC-toiminnallisuus on maan s\u00e4\u00e4nn\u00f6sten alaista.<\/span><br \/>\n<span style=\"color: #c22f00\"><em>** Kysy aina valmistajalta tarkat ohjeet ennen kuin asennat t\u00e4m\u00e4n tuotteen suoraan pelastusliiviisi.<\/em><\/span><br \/>\n<span style=\"color: #c22f00\">\u2020 Takuulausekkeen alainen. ( <em>Huomautus: kaupallisissa sovelluksissa k\u00e4ytettyn\u00e4 takuuaika on rajoitettu kahteen vuoteen.<\/em> )<\/span><\/p>\n","protected":false},"excerpt":{"rendered":"<p>Maailman pienin AIS MOB -laite integroidulla DSC:ll\u00e4.<\/p>\n<ul>\n<li>AIS (Automatic Identification System)<\/li>\n<li>Integroitu DSC-l\u00e4hetin (Digital Selective Calling)*<\/li>\n<li>30 % (tyyppi) pienempi kuin kilpailijat<\/li>\n<li>Automaattinen aktivointi<\/li>\n<li>Pelastusliivien yksinkertainen integrointi**<\/li>\n<li>7 vuoden akun kesto<\/li>\n<li>24+ tunnin k\u00e4ytt\u00f6ik\u00e4<\/li>\n<li>5 vuoden takuu\u2020<\/li>\n<li>Nopea tarkka paikannus<\/li>\n<\/ul>\n<p><img loading=\"lazy\" decoding=\"async\" class=\"alignnone size-medium wp-image-609\" src=\"http:\/\/oceansignal.com\/wp-content\/uploads\/2023\/09\/MT_Dame-logo_nominated_RGB-small-300x70.jpg\" alt=\"\" width=\"300\" height=\"70\" srcset=\"https:\/\/oceansignal.com\/wp-content\/uploads\/2023\/09\/MT_Dame-logo_nominated_RGB-small-300x70.jpg 300w, https:\/\/oceansignal.com\/wp-content\/uploads\/2023\/09\/MT_Dame-logo_nominated_RGB-small.jpg 323w\" sizes=\"auto, (max-width: 300px) 100vw, 300px\" \/><\/p>\n<p>Sijaitseeko Isossa-Britanniassa vai EU:ssa?  <a href=\"https:\/\/oceansignal.com\/fi\/products\/pelasta-me-mob2\/\">Tutustu uuteen vuoden 2025 Ocean Signal MOB2 .<\/a><\/p>\n<p><a href=\"https:\/\/www.dropbox.com\/s\/8343nj28z0d7bxa\/Prop%2065%20-%20BPA.pdf?dl=0\">VAROITUS: PROP 65<\/a><\/p>\n","protected":false},"featured_media":19223,"template":"","meta":{"_acf_changed":false,"om_disable_all_campaigns":false},"product_brand":[],"product_cat":[1058,610],"product_tag":[1059,1061,1060],"class_list":{"0":"post-12925","1":"product","2":"type-product","3":"status-publish","4":"has-post-thumbnail","6":"product_cat-mies-yli-laidan","7":"product_cat-rescueme-fi","8":"product_tag-ais-mob-fi","9":"product_tag-mies-yli-laidan","10":"product_tag-mob-fi","12":"first","13":"instock","14":"taxable","15":"shipping-taxable","16":"purchasable","17":"product-type-simple"},"acf":[],"yoast_head":"<!-- This site is optimized with the Yoast SEO Premium plugin v25.2 (Yoast SEO v26.4) - https:\/\/yoast.com\/wordpress\/plugins\/seo\/ -->\n<title>rescueME MOB1 - Ocean Signal<\/title>\n<meta name=\"description\" content=\"Ocean Signal rescueME MOB1 AIS Man Overboard Beacon on paras ratkaisu meriturvallisuuteen, ja se on erityisesti suunniteltu auttamaan h\u00e4t\u00e4tilanteissa.\" \/>\n<meta name=\"robots\" content=\"index, follow, max-snippet:-1, max-image-preview:large, max-video-preview:-1\" \/>\n<link rel=\"canonical\" href=\"https:\/\/oceansignal.com\/fi\/products\/pelasta-me-mob1\/\" \/>\n<meta property=\"og:locale\" content=\"fi_FI\" \/>\n<meta property=\"og:type\" content=\"article\" \/>\n<meta property=\"og:title\" content=\"rescueME MOB1\" \/>\n<meta property=\"og:description\" content=\"Ocean Signal rescueME MOB1 AIS Man Overboard Beacon on paras ratkaisu meriturvallisuuteen, ja se on erityisesti suunniteltu auttamaan h\u00e4t\u00e4tilanteissa.\" \/>\n<meta property=\"og:url\" content=\"https:\/\/oceansignal.com\/fi\/products\/pelasta-me-mob1\/\" \/>\n<meta property=\"og:site_name\" content=\"Ocean Signal\" \/>\n<meta property=\"article:modified_time\" content=\"2025-09-23T14:57:46+00:00\" \/>\n<meta property=\"og:image\" content=\"https:\/\/oceansignal.com\/wp-content\/uploads\/2023\/09\/MOB1-square-1.jpg\" \/>\n\t<meta property=\"og:image:width\" content=\"1000\" \/>\n\t<meta property=\"og:image:height\" content=\"1000\" \/>\n\t<meta property=\"og:image:type\" content=\"image\/jpeg\" \/>\n<meta name=\"twitter:card\" content=\"summary_large_image\" \/>\n<meta name=\"twitter:label1\" content=\"Arvioitu lukuaika\" \/>\n\t<meta name=\"twitter:data1\" content=\"2 minuuttia\" \/>\n<script type=\"application\/ld+json\" class=\"yoast-schema-graph\">{\"@context\":\"https:\/\/schema.org\",\"@graph\":[{\"@type\":\"WebPage\",\"@id\":\"https:\/\/oceansignal.com\/fi\/products\/pelasta-me-mob1\/\",\"url\":\"https:\/\/oceansignal.com\/fi\/products\/pelasta-me-mob1\/\",\"name\":\"rescueME MOB1 - Ocean Signal\",\"isPartOf\":{\"@id\":\"https:\/\/oceansignal.com\/fi\/#website\"},\"primaryImageOfPage\":{\"@id\":\"https:\/\/oceansignal.com\/fi\/products\/pelasta-me-mob1\/#primaryimage\"},\"image\":{\"@id\":\"https:\/\/oceansignal.com\/fi\/products\/pelasta-me-mob1\/#primaryimage\"},\"thumbnailUrl\":\"https:\/\/oceansignal.com\/wp-content\/uploads\/2023\/09\/MOB1-square-1.jpg\",\"datePublished\":\"2023-09-07T14:40:28+00:00\",\"dateModified\":\"2025-09-23T14:57:46+00:00\",\"description\":\"Ocean Signal rescueME MOB1 AIS Man Overboard Beacon on paras ratkaisu meriturvallisuuteen, ja se on erityisesti suunniteltu auttamaan h\u00e4t\u00e4tilanteissa.\",\"breadcrumb\":{\"@id\":\"https:\/\/oceansignal.com\/fi\/products\/pelasta-me-mob1\/#breadcrumb\"},\"inLanguage\":\"fi\",\"potentialAction\":[{\"@type\":\"ReadAction\",\"target\":[\"https:\/\/oceansignal.com\/fi\/products\/pelasta-me-mob1\/\"]}]},{\"@type\":\"ImageObject\",\"inLanguage\":\"fi\",\"@id\":\"https:\/\/oceansignal.com\/fi\/products\/pelasta-me-mob1\/#primaryimage\",\"url\":\"https:\/\/oceansignal.com\/wp-content\/uploads\/2023\/09\/MOB1-square-1.jpg\",\"contentUrl\":\"https:\/\/oceansignal.com\/wp-content\/uploads\/2023\/09\/MOB1-square-1.jpg\",\"width\":1000,\"height\":1000,\"caption\":\"Ocean Signal rescueME MOB1 AIS Man Overboard Beacon DSC:ll\u00e4. Maailman pienin MOB .\"},{\"@type\":\"BreadcrumbList\",\"@id\":\"https:\/\/oceansignal.com\/fi\/products\/pelasta-me-mob1\/#breadcrumb\",\"itemListElement\":[{\"@type\":\"ListItem\",\"position\":1,\"name\":\"Shop\",\"item\":\"https:\/\/oceansignal.com\/fi\/shop\/\"},{\"@type\":\"ListItem\",\"position\":2,\"name\":\"rescueME MOB1\"}]},{\"@type\":\"WebSite\",\"@id\":\"https:\/\/oceansignal.com\/fi\/#website\",\"url\":\"https:\/\/oceansignal.com\/fi\/\",\"name\":\"Ocean Signal\",\"description\":\"A leading manufacturer of EPIRBs, AIS, SARTs, Personal Locator Beacons, Man Overboard Beacon for the Marine and Outdoor Markets.\",\"potentialAction\":[{\"@type\":\"SearchAction\",\"target\":{\"@type\":\"EntryPoint\",\"urlTemplate\":\"https:\/\/oceansignal.com\/fi\/?s={search_term_string}\"},\"query-input\":{\"@type\":\"PropertyValueSpecification\",\"valueRequired\":true,\"valueName\":\"search_term_string\"}}],\"inLanguage\":\"fi\"}]}<\/script>\n<!-- \/ Yoast SEO Premium plugin. -->","yoast_head_json":{"title":"rescueME MOB1 - Ocean Signal","description":"Ocean Signal rescueME MOB1 AIS Man Overboard Beacon on paras ratkaisu meriturvallisuuteen, ja se on erityisesti suunniteltu auttamaan h\u00e4t\u00e4tilanteissa.","robots":{"index":"index","follow":"follow","max-snippet":"max-snippet:-1","max-image-preview":"max-image-preview:large","max-video-preview":"max-video-preview:-1"},"canonical":"https:\/\/oceansignal.com\/fi\/products\/pelasta-me-mob1\/","og_locale":"fi_FI","og_type":"article","og_title":"rescueME MOB1","og_description":"Ocean Signal rescueME MOB1 AIS Man Overboard Beacon on paras ratkaisu meriturvallisuuteen, ja se on erityisesti suunniteltu auttamaan h\u00e4t\u00e4tilanteissa.","og_url":"https:\/\/oceansignal.com\/fi\/products\/pelasta-me-mob1\/","og_site_name":"Ocean Signal","article_modified_time":"2025-09-23T14:57:46+00:00","og_image":[{"width":1000,"height":1000,"url":"https:\/\/oceansignal.com\/wp-content\/uploads\/2023\/09\/MOB1-square-1.jpg","type":"image\/jpeg"}],"twitter_card":"summary_large_image","twitter_misc":{"Arvioitu lukuaika":"2 minuuttia"},"schema":{"@context":"https:\/\/schema.org","@graph":[{"@type":"WebPage","@id":"https:\/\/oceansignal.com\/fi\/products\/pelasta-me-mob1\/","url":"https:\/\/oceansignal.com\/fi\/products\/pelasta-me-mob1\/","name":"rescueME MOB1 - Ocean Signal","isPartOf":{"@id":"https:\/\/oceansignal.com\/fi\/#website"},"primaryImageOfPage":{"@id":"https:\/\/oceansignal.com\/fi\/products\/pelasta-me-mob1\/#primaryimage"},"image":{"@id":"https:\/\/oceansignal.com\/fi\/products\/pelasta-me-mob1\/#primaryimage"},"thumbnailUrl":"https:\/\/oceansignal.com\/wp-content\/uploads\/2023\/09\/MOB1-square-1.jpg","datePublished":"2023-09-07T14:40:28+00:00","dateModified":"2025-09-23T14:57:46+00:00","description":"Ocean Signal rescueME MOB1 AIS Man Overboard Beacon on paras ratkaisu meriturvallisuuteen, ja se on erityisesti suunniteltu auttamaan h\u00e4t\u00e4tilanteissa.","breadcrumb":{"@id":"https:\/\/oceansignal.com\/fi\/products\/pelasta-me-mob1\/#breadcrumb"},"inLanguage":"fi","potentialAction":[{"@type":"ReadAction","target":["https:\/\/oceansignal.com\/fi\/products\/pelasta-me-mob1\/"]}]},{"@type":"ImageObject","inLanguage":"fi","@id":"https:\/\/oceansignal.com\/fi\/products\/pelasta-me-mob1\/#primaryimage","url":"https:\/\/oceansignal.com\/wp-content\/uploads\/2023\/09\/MOB1-square-1.jpg","contentUrl":"https:\/\/oceansignal.com\/wp-content\/uploads\/2023\/09\/MOB1-square-1.jpg","width":1000,"height":1000,"caption":"Ocean Signal rescueME MOB1 AIS Man Overboard Beacon DSC:ll\u00e4. Maailman pienin MOB ."},{"@type":"BreadcrumbList","@id":"https:\/\/oceansignal.com\/fi\/products\/pelasta-me-mob1\/#breadcrumb","itemListElement":[{"@type":"ListItem","position":1,"name":"Shop","item":"https:\/\/oceansignal.com\/fi\/shop\/"},{"@type":"ListItem","position":2,"name":"rescueME MOB1"}]},{"@type":"WebSite","@id":"https:\/\/oceansignal.com\/fi\/#website","url":"https:\/\/oceansignal.com\/fi\/","name":"Ocean Signal","description":"A leading manufacturer of EPIRBs, AIS, SARTs, Personal Locator Beacons, Man Overboard Beacon for the Marine and Outdoor Markets.","potentialAction":[{"@type":"SearchAction","target":{"@type":"EntryPoint","urlTemplate":"https:\/\/oceansignal.com\/fi\/?s={search_term_string}"},"query-input":{"@type":"PropertyValueSpecification","valueRequired":true,"valueName":"search_term_string"}}],"inLanguage":"fi"}]}},"_links":{"self":[{"href":"https:\/\/oceansignal.com\/fi\/wp-json\/wp\/v2\/product\/12925","targetHints":{"allow":["GET"]}}],"collection":[{"href":"https:\/\/oceansignal.com\/fi\/wp-json\/wp\/v2\/product"}],"about":[{"href":"https:\/\/oceansignal.com\/fi\/wp-json\/wp\/v2\/types\/product"}],"wp:featuredmedia":[{"embeddable":true,"href":"https:\/\/oceansignal.com\/fi\/wp-json\/wp\/v2\/media\/19223"}],"wp:attachment":[{"href":"https:\/\/oceansignal.com\/fi\/wp-json\/wp\/v2\/media?parent=12925"}],"wp:term":[{"taxonomy":"product_brand","embeddable":true,"href":"https:\/\/oceansignal.com\/fi\/wp-json\/wp\/v2\/product_brand?post=12925"},{"taxonomy":"product_cat","embeddable":true,"href":"https:\/\/oceansignal.com\/fi\/wp-json\/wp\/v2\/product_cat?post=12925"},{"taxonomy":"product_tag","embeddable":true,"href":"https:\/\/oceansignal.com\/fi\/wp-json\/wp\/v2\/product_tag?post=12925"}],"curies":[{"name":"wp","href":"https:\/\/api.w.org\/{rel}","templated":true}]}}