{"id":28556,"date":"2025-05-22T10:05:48","date_gmt":"2025-05-22T10:05:48","guid":{"rendered":"https:\/\/oceansignal.com\/products\/ocean-signal-tarralaukku\/"},"modified":"2025-07-24T15:11:42","modified_gmt":"2025-07-24T15:11:42","slug":"ocean-signal-tarralaukku","status":"publish","type":"product","link":"https:\/\/oceansignal.com\/fi\/products\/ocean-signal-tarralaukku\/","title":{"rendered":"Ocean Signal -tarralaukku"},"content":{"rendered":"<h3 data-start=\"3285\" data-end=\"3337\"><strong data-start=\"3292\" data-end=\"3337\"><img loading=\"lazy\" decoding=\"async\" class=\"alignnone size-full wp-image-32359\" src=\"https:\/\/oceansignal.com\/wp-content\/uploads\/2025\/07\/View-New-Safety-Kits.png\" alt=\"\" width=\"300\" height=\"75\" srcset=\"https:\/\/oceansignal.com\/wp-content\/uploads\/2025\/07\/View-New-Safety-Kits.png 300w, https:\/\/oceansignal.com\/wp-content\/uploads\/2025\/07\/View-New-Safety-Kits-60x15.png 60w, https:\/\/oceansignal.com\/wp-content\/uploads\/2025\/07\/View-New-Safety-Kits-110x28.png 110w\" sizes=\"auto, (max-width: 300px) 100vw, 300px\" \/><\/strong><\/h3>\n<p><b><span data-contrast=\"auto\">Ocean Signal -tarvikelaukku \u2013 Tarkotettu turvallisuuteen merell\u00e4<\/span><\/b><span data-ccp-props=\"{}\"> <\/span><\/p>\n<p><span data-contrast=\"auto\">Kun h\u00e4t\u00e4tilanteita sattuu avomerell\u00e4, jokainen sekunti on t\u00e4rke\u00e4. Ocean Signal -tartuntalaukku on suunniteltu erityisesti auttamaan sinua pysym\u00e4\u00e4n valmistautuneena ja reagoimaan nopeasti. Se tarjoaa turvallisen ja helposti saatavilla olevan paikan t\u00e4rkeiden turvavarusteiden s\u00e4ilytt\u00e4miseen. Olitpa sitten rannikkoristeilij\u00e4 tai menossa avomerelle, erillinen tartuntalaukku voi olla ratkaiseva tekij\u00e4 paniikin ja valmiuden v\u00e4lill\u00e4.  <\/span><span data-ccp-props=\"{}\"> <\/span><\/p>\n<p><span data-contrast=\"auto\">Ocean Signal Engineering -tiimin ja Southamptonissa, Isossa-Britanniassa, toimivan ammattipurjehtijan ja laukkusuunnittelijan yhteisty\u00f6ss\u00e4 suunnittelema Ocean Signal Grab Bag on muovautunut k\u00e4yt\u00e4nn\u00f6n kokemusten pohjalta. Se on riitt\u00e4v\u00e4n kompakti mahtuakseen ahtaimmissakin tiloissa veneess\u00e4, mutta silti riitt\u00e4v\u00e4n tilava t\u00e4rkeiden h\u00e4t\u00e4varusteiden \u2013 EPIRBien, PLBien, VHF-radioiden, varoitusrakettien ja muiden \u2013 kuljettamiseen. <\/span><span data-ccp-props=\"{}\"> <\/span><\/p>\n<p><b><span data-contrast=\"auto\">Miksi tarvitset ker\u00e4yspussin:<\/span><\/b><br \/>\n<span data-contrast=\"auto\">H\u00e4t\u00e4tilanteessa \u2013 kuten tulipalon, tulvan tai hylk\u00e4\u00e4misen sattuessa \u2013 sinulla ei ole aikaa mietti\u00e4, mit\u00e4 ottaa mukaan. Oikein varustetun laukkukokonaisuuden avulla v\u00e4ltt\u00e4m\u00e4tt\u00f6m\u00e4t tavarasi ovat jo pakattuina ja valmiina. Se on pelastusk\u00f6ysi, kun kaikki muu menee pieleen.  <\/span><span data-ccp-props=\"{}\"> <\/span><\/p>\n<p><b><span data-contrast=\"auto\">Ominaisuudet:<\/span><\/b><span data-ccp-props=\"{}\"> <\/span><\/p>\n<ul>\n<li data-leveltext=\"\uf0b7\" data-font=\"Symbol\" data-listid=\"2\" data-list-defn-props=\"{\"335552541\":1,\"335559685\":720,\"335559991\":360,\"469769226\":\"Symbol\",\"469769242\":[8226],\"469777803\":\"left\",\"469777804\":\"\uf0b7\",\"469777815\":\"multilevel\"}\" data-aria-posinset=\"1\" data-aria-level=\"1\"><b><span data-contrast=\"auto\">Tilava p\u00e4\u00e4lokero<\/span><\/b> <span data-contrast=\"auto\">\u2013 9 litran sis\u00e4tilavuus \u2013 suuri sis\u00e4tila laukkuun kuuluville v\u00e4ltt\u00e4m\u00e4tt\u00f6mille tavaroille, kuten soihduille, ruoka-annoksille, PLB-varusteille, ensiaputarvikkeille ja muulle.<\/span><span data-ccp-props=\"{}\"> <\/span><\/li>\n<\/ul>\n<ul>\n<li data-leveltext=\"\uf0b7\" data-font=\"Symbol\" data-listid=\"2\" data-list-defn-props=\"{\"335552541\":1,\"335559685\":720,\"335559991\":360,\"469769226\":\"Symbol\",\"469769242\":[8226],\"469777803\":\"left\",\"469777804\":\"\uf0b7\",\"469777815\":\"multilevel\"}\" data-aria-posinset=\"2\" data-aria-level=\"1\"><b><span data-contrast=\"auto\">Sis\u00e4inen kiinnityskisko \u2013<\/span><\/b> <span data-contrast=\"auto\">mahdollistaa t\u00e4rkeiden esineiden kiinnitt\u00e4misen k\u00f6yden tai karabiinin avulla<\/span> <span data-ccp-props=\"{}\"> <\/span><\/li>\n<\/ul>\n<ul>\n<li data-leveltext=\"\uf0b7\" data-font=\"Symbol\" data-listid=\"2\" data-list-defn-props=\"{\"335552541\":1,\"335559685\":720,\"335559991\":360,\"469769226\":\"Symbol\",\"469769242\":[8226],\"469777803\":\"left\",\"469777804\":\"\uf0b7\",\"469777815\":\"multilevel\"}\" data-aria-posinset=\"3\" data-aria-level=\"1\"><b><span data-contrast=\"auto\">2 ulkoista taskua<\/span><\/b> <span data-contrast=\"auto\">\u2013 Suunniteltu sopimaan turvallisesti kaikenkokoisille EPIRB tai VHF-radioille<\/span><span data-ccp-props=\"{}\"> <\/span><\/li>\n<\/ul>\n<ul>\n<li data-leveltext=\"\uf0b7\" data-font=\"Symbol\" data-listid=\"2\" data-list-defn-props=\"{\"335552541\":1,\"335559685\":720,\"335559991\":360,\"469769226\":\"Symbol\",\"469769242\":[8226],\"469777803\":\"left\",\"469777804\":\"\uf0b7\",\"469777815\":\"multilevel\"}\" data-aria-posinset=\"4\" data-aria-level=\"1\"><b><span data-contrast=\"auto\">Kompakti ja k\u00e4yt\u00e4nn\u00f6llinen koko<\/span><\/b> <span data-contrast=\"auto\">\u2013 L 42 cm x K 29 cm x S 17 cm suljettuna; mahtuu helposti pieniin s\u00e4ilytyslokeroihin ja istuinten alle.<\/span><span data-ccp-props=\"{}\"> <\/span><\/li>\n<\/ul>\n<ul>\n<li data-leveltext=\"\uf0b7\" data-font=\"Symbol\" data-listid=\"2\" data-list-defn-props=\"{\"335552541\":1,\"335559685\":720,\"335559991\":360,\"469769226\":\"Symbol\",\"469769242\":[8226],\"469777803\":\"left\",\"469777804\":\"\uf0b7\",\"469777815\":\"multilevel\"}\" data-aria-posinset=\"5\" data-aria-level=\"1\"><b><span data-contrast=\"auto\">Vedenkest\u00e4v\u00e4 ja kevyt<\/span><\/b> <span data-contrast=\"auto\">\u2013 Valmistettu kest\u00e4m\u00e4\u00e4n ankaria meriolosuhteita ja helppo kantaa pelastuslautalle.<\/span><\/li>\n<\/ul>\n<ul>\n<li data-leveltext=\"\uf0b7\" data-font=\"Symbol\" data-listid=\"2\" data-list-defn-props=\"{\"335552541\":1,\"335559685\":720,\"335559991\":360,\"469769226\":\"Symbol\",\"469769242\":[8226],\"469777803\":\"left\",\"469777804\":\"\uf0b7\",\"469777815\":\"multilevel\"}\" data-aria-posinset=\"6\" data-aria-level=\"1\"><b><span data-contrast=\"auto\">Kirkas, pyyhitt\u00e4v\u00e4 ulkopinta<\/span><\/b> <span data-contrast=\"auto\">\u2013 Hyvin n\u00e4kyv\u00e4 materiaali on homehtumaton ja helppo puhdistaa.<\/span><span data-ccp-props=\"{}\"> <\/span><\/li>\n<\/ul>\n<ul>\n<li data-leveltext=\"\uf0b7\" data-font=\"Symbol\" data-listid=\"2\" data-list-defn-props=\"{\"335552541\":1,\"335559685\":720,\"335559991\":360,\"469769226\":\"Symbol\",\"469769242\":[8226],\"469777803\":\"left\",\"469777804\":\"\uf0b7\",\"469777815\":\"multilevel\"}\" data-aria-posinset=\"7\" data-aria-level=\"1\"><b><span data-contrast=\"auto\">SOLAS-hyv\u00e4ksytty heijastinnauha<\/span><\/b> <span data-contrast=\"auto\">\u2013 Parantaa n\u00e4kyvyytt\u00e4 h\u00e4m\u00e4r\u00e4ss\u00e4 tai pelastustilanteissa.<\/span><span data-ccp-props=\"{}\"> <\/span><\/li>\n<\/ul>\n<ul>\n<li data-leveltext=\"\uf0b7\" data-font=\"Symbol\" data-listid=\"2\" data-list-defn-props=\"{\"335552541\":1,\"335559685\":720,\"335559991\":360,\"469769226\":\"Symbol\",\"469769242\":[8226],\"469777803\":\"left\",\"469777804\":\"\uf0b7\",\"469777815\":\"multilevel\"}\" data-aria-posinset=\"8\" data-aria-level=\"1\"><b><span data-contrast=\"auto\">Kelluva rakenne<\/span><\/b> <span data-contrast=\"auto\">\u2013 Pit\u00e4\u00e4 varusteet pinnalla, jos ne putoavat tai uppoavat veteen.<\/span><span data-ccp-props=\"{}\"> <\/span><\/li>\n<\/ul>\n<ul>\n<li data-leveltext=\"\uf0b7\" data-font=\"Symbol\" data-listid=\"2\" data-list-defn-props=\"{\"335552541\":1,\"335559685\":720,\"335559991\":360,\"469769226\":\"Symbol\",\"469769242\":[8226],\"469777803\":\"left\",\"469777804\":\"\uf0b7\",\"469777815\":\"multilevel\"}\" data-aria-posinset=\"9\" data-aria-level=\"1\"><b><span data-contrast=\"auto\">Irrotettava, s\u00e4\u00e4dett\u00e4v\u00e4 olkahihna<\/span><\/b> <span data-contrast=\"auto\">\u2013 Nopeaan ja k\u00e4tev\u00e4\u00e4n k\u00e4ytt\u00f6\u00f6n.<\/span><span data-ccp-props=\"{}\"> <\/span><\/li>\n<\/ul>\n<ul>\n<li data-leveltext=\"\uf0b7\" data-font=\"Symbol\" data-listid=\"2\" data-list-defn-props=\"{\"335552541\":1,\"335559685\":720,\"335559991\":360,\"469769226\":\"Symbol\",\"469769242\":[8226],\"469777803\":\"left\",\"469777804\":\"\uf0b7\",\"469777815\":\"multilevel\"}\" data-aria-posinset=\"10\" data-aria-level=\"1\"><b><span data-contrast=\"auto\">Suuret nimi-\/kutsutunnus-\/MMSI-nimitilat takana<\/span><\/b><span data-ccp-props=\"{}\"> <\/span><\/li>\n<\/ul>\n","protected":false},"excerpt":{"rendered":"<p>Ammattipurjehtijoiden kanssa yhteisty\u00f6ss\u00e4 suunniteltu Ocean Signal Grab Bag on v\u00e4ltt\u00e4m\u00e4t\u00f6n h\u00e4t\u00e4varusteiden s\u00e4ilytysratkaisu. Kompakti mutta tilava laukku tarjoaa 9 litran sis\u00e4tilavuuden ja kaksi suurta ulkotaskua EPIRB- ja VHF-radioille. Laukussa on vedenpit\u00e4v\u00e4, kelluva, pyyhitt\u00e4v\u00e4 ja helppo tarttua kiireess\u00e4kin. Siin\u00e4 on SOLAS-hyv\u00e4ksytty heijastinnauha, sis\u00e4iset kiinnityspisteet ja suuri takapaneeli aluksen tiedoille.  <\/p>\n","protected":false},"featured_media":31558,"template":"","meta":{"_acf_changed":false,"om_disable_all_campaigns":false},"product_brand":[],"product_cat":[1660,610],"product_tag":[1661,1706],"class_list":{"0":"post-28556","1":"product","2":"type-product","3":"status-publish","4":"has-post-thumbnail","6":"product_cat-turvasarjat","7":"product_cat-rescueme-fi","8":"product_tag-nappauspussi","9":"product_tag-ojalaukku","11":"first","12":"outofstock","13":"taxable","14":"shipping-taxable","15":"purchasable","16":"product-type-simple"},"acf":[],"yoast_head":"<!-- This site is optimized with the Yoast SEO Premium plugin v25.2 (Yoast SEO v26.4) - https:\/\/yoast.com\/wordpress\/plugins\/seo\/ -->\n<title>Ocean Signal -tarralaukku - Ocean Signal<\/title>\n<meta name=\"robots\" content=\"index, follow, max-snippet:-1, max-image-preview:large, max-video-preview:-1\" \/>\n<link rel=\"canonical\" href=\"https:\/\/oceansignal.com\/fi\/products\/ocean-signal-tarralaukku\/\" \/>\n<meta property=\"og:locale\" content=\"fi_FI\" \/>\n<meta property=\"og:type\" content=\"article\" \/>\n<meta property=\"og:title\" content=\"Ocean Signal -tarralaukku\" \/>\n<meta property=\"og:description\" content=\"Ammattipurjehtijoiden kanssa yhteisty\u00f6ss\u00e4 suunniteltu Ocean Signal Grab Bag on v\u00e4ltt\u00e4m\u00e4t\u00f6n h\u00e4t\u00e4varusteiden s\u00e4ilytysratkaisu. Kompakti mutta tilava laukku tarjoaa 9 litran sis\u00e4tilavuuden ja kaksi suurta ulkotaskua EPIRB- ja VHF-radioille. Laukussa on vedenpit\u00e4v\u00e4, kelluva, pyyhitt\u00e4v\u00e4 ja helppo tarttua kiireess\u00e4kin. Siin\u00e4 on SOLAS-hyv\u00e4ksytty heijastinnauha, sis\u00e4iset kiinnityspisteet ja suuri takapaneeli aluksen tiedoille.\" \/>\n<meta property=\"og:url\" content=\"https:\/\/oceansignal.com\/fi\/products\/ocean-signal-tarralaukku\/\" \/>\n<meta property=\"og:site_name\" content=\"Ocean Signal\" \/>\n<meta property=\"article:modified_time\" content=\"2025-07-24T15:11:42+00:00\" \/>\n<meta property=\"og:image\" content=\"https:\/\/oceansignal.com\/wp-content\/uploads\/2025\/06\/Grab_Bag-copy.jpg\" \/>\n\t<meta property=\"og:image:width\" content=\"1120\" \/>\n\t<meta property=\"og:image:height\" content=\"756\" \/>\n\t<meta property=\"og:image:type\" content=\"image\/jpeg\" \/>\n<meta name=\"twitter:card\" content=\"summary_large_image\" \/>\n<meta name=\"twitter:label1\" content=\"Arvioitu lukuaika\" \/>\n\t<meta name=\"twitter:data1\" content=\"2 minuuttia\" \/>\n<script type=\"application\/ld+json\" class=\"yoast-schema-graph\">{\"@context\":\"https:\/\/schema.org\",\"@graph\":[{\"@type\":\"WebPage\",\"@id\":\"https:\/\/oceansignal.com\/fi\/products\/ocean-signal-tarralaukku\/\",\"url\":\"https:\/\/oceansignal.com\/fi\/products\/ocean-signal-tarralaukku\/\",\"name\":\"Ocean Signal -tarralaukku - Ocean Signal\",\"isPartOf\":{\"@id\":\"https:\/\/oceansignal.com\/fi\/#website\"},\"primaryImageOfPage\":{\"@id\":\"https:\/\/oceansignal.com\/fi\/products\/ocean-signal-tarralaukku\/#primaryimage\"},\"image\":{\"@id\":\"https:\/\/oceansignal.com\/fi\/products\/ocean-signal-tarralaukku\/#primaryimage\"},\"thumbnailUrl\":\"https:\/\/oceansignal.com\/wp-content\/uploads\/2025\/06\/Grab_Bag-copy.jpg\",\"datePublished\":\"2025-05-22T10:05:48+00:00\",\"dateModified\":\"2025-07-24T15:11:42+00:00\",\"breadcrumb\":{\"@id\":\"https:\/\/oceansignal.com\/fi\/products\/ocean-signal-tarralaukku\/#breadcrumb\"},\"inLanguage\":\"fi\",\"potentialAction\":[{\"@type\":\"ReadAction\",\"target\":[\"https:\/\/oceansignal.com\/fi\/products\/ocean-signal-tarralaukku\/\"]}]},{\"@type\":\"ImageObject\",\"inLanguage\":\"fi\",\"@id\":\"https:\/\/oceansignal.com\/fi\/products\/ocean-signal-tarralaukku\/#primaryimage\",\"url\":\"https:\/\/oceansignal.com\/wp-content\/uploads\/2025\/06\/Grab_Bag-copy.jpg\",\"contentUrl\":\"https:\/\/oceansignal.com\/wp-content\/uploads\/2025\/06\/Grab_Bag-copy.jpg\",\"width\":1120,\"height\":756},{\"@type\":\"BreadcrumbList\",\"@id\":\"https:\/\/oceansignal.com\/fi\/products\/ocean-signal-tarralaukku\/#breadcrumb\",\"itemListElement\":[{\"@type\":\"ListItem\",\"position\":1,\"name\":\"Shop\",\"item\":\"https:\/\/oceansignal.com\/fi\/shop\/\"},{\"@type\":\"ListItem\",\"position\":2,\"name\":\"Ocean Signal -tarralaukku\"}]},{\"@type\":\"WebSite\",\"@id\":\"https:\/\/oceansignal.com\/fi\/#website\",\"url\":\"https:\/\/oceansignal.com\/fi\/\",\"name\":\"Ocean Signal\",\"description\":\"A leading manufacturer of EPIRBs, AIS, SARTs, Personal Locator Beacons, Man Overboard Beacon for the Marine and Outdoor Markets.\",\"potentialAction\":[{\"@type\":\"SearchAction\",\"target\":{\"@type\":\"EntryPoint\",\"urlTemplate\":\"https:\/\/oceansignal.com\/fi\/?s={search_term_string}\"},\"query-input\":{\"@type\":\"PropertyValueSpecification\",\"valueRequired\":true,\"valueName\":\"search_term_string\"}}],\"inLanguage\":\"fi\"}]}<\/script>\n<!-- \/ Yoast SEO Premium plugin. -->","yoast_head_json":{"title":"Ocean Signal -tarralaukku - Ocean Signal","robots":{"index":"index","follow":"follow","max-snippet":"max-snippet:-1","max-image-preview":"max-image-preview:large","max-video-preview":"max-video-preview:-1"},"canonical":"https:\/\/oceansignal.com\/fi\/products\/ocean-signal-tarralaukku\/","og_locale":"fi_FI","og_type":"article","og_title":"Ocean Signal -tarralaukku","og_description":"Ammattipurjehtijoiden kanssa yhteisty\u00f6ss\u00e4 suunniteltu Ocean Signal Grab Bag on v\u00e4ltt\u00e4m\u00e4t\u00f6n h\u00e4t\u00e4varusteiden s\u00e4ilytysratkaisu. Kompakti mutta tilava laukku tarjoaa 9 litran sis\u00e4tilavuuden ja kaksi suurta ulkotaskua EPIRB- ja VHF-radioille. Laukussa on vedenpit\u00e4v\u00e4, kelluva, pyyhitt\u00e4v\u00e4 ja helppo tarttua kiireess\u00e4kin. Siin\u00e4 on SOLAS-hyv\u00e4ksytty heijastinnauha, sis\u00e4iset kiinnityspisteet ja suuri takapaneeli aluksen tiedoille.","og_url":"https:\/\/oceansignal.com\/fi\/products\/ocean-signal-tarralaukku\/","og_site_name":"Ocean Signal","article_modified_time":"2025-07-24T15:11:42+00:00","og_image":[{"width":1120,"height":756,"url":"https:\/\/oceansignal.com\/wp-content\/uploads\/2025\/06\/Grab_Bag-copy.jpg","type":"image\/jpeg"}],"twitter_card":"summary_large_image","twitter_misc":{"Arvioitu lukuaika":"2 minuuttia"},"schema":{"@context":"https:\/\/schema.org","@graph":[{"@type":"WebPage","@id":"https:\/\/oceansignal.com\/fi\/products\/ocean-signal-tarralaukku\/","url":"https:\/\/oceansignal.com\/fi\/products\/ocean-signal-tarralaukku\/","name":"Ocean Signal -tarralaukku - Ocean Signal","isPartOf":{"@id":"https:\/\/oceansignal.com\/fi\/#website"},"primaryImageOfPage":{"@id":"https:\/\/oceansignal.com\/fi\/products\/ocean-signal-tarralaukku\/#primaryimage"},"image":{"@id":"https:\/\/oceansignal.com\/fi\/products\/ocean-signal-tarralaukku\/#primaryimage"},"thumbnailUrl":"https:\/\/oceansignal.com\/wp-content\/uploads\/2025\/06\/Grab_Bag-copy.jpg","datePublished":"2025-05-22T10:05:48+00:00","dateModified":"2025-07-24T15:11:42+00:00","breadcrumb":{"@id":"https:\/\/oceansignal.com\/fi\/products\/ocean-signal-tarralaukku\/#breadcrumb"},"inLanguage":"fi","potentialAction":[{"@type":"ReadAction","target":["https:\/\/oceansignal.com\/fi\/products\/ocean-signal-tarralaukku\/"]}]},{"@type":"ImageObject","inLanguage":"fi","@id":"https:\/\/oceansignal.com\/fi\/products\/ocean-signal-tarralaukku\/#primaryimage","url":"https:\/\/oceansignal.com\/wp-content\/uploads\/2025\/06\/Grab_Bag-copy.jpg","contentUrl":"https:\/\/oceansignal.com\/wp-content\/uploads\/2025\/06\/Grab_Bag-copy.jpg","width":1120,"height":756},{"@type":"BreadcrumbList","@id":"https:\/\/oceansignal.com\/fi\/products\/ocean-signal-tarralaukku\/#breadcrumb","itemListElement":[{"@type":"ListItem","position":1,"name":"Shop","item":"https:\/\/oceansignal.com\/fi\/shop\/"},{"@type":"ListItem","position":2,"name":"Ocean Signal -tarralaukku"}]},{"@type":"WebSite","@id":"https:\/\/oceansignal.com\/fi\/#website","url":"https:\/\/oceansignal.com\/fi\/","name":"Ocean Signal","description":"A leading manufacturer of EPIRBs, AIS, SARTs, Personal Locator Beacons, Man Overboard Beacon for the Marine and Outdoor Markets.","potentialAction":[{"@type":"SearchAction","target":{"@type":"EntryPoint","urlTemplate":"https:\/\/oceansignal.com\/fi\/?s={search_term_string}"},"query-input":{"@type":"PropertyValueSpecification","valueRequired":true,"valueName":"search_term_string"}}],"inLanguage":"fi"}]}},"_links":{"self":[{"href":"https:\/\/oceansignal.com\/fi\/wp-json\/wp\/v2\/product\/28556","targetHints":{"allow":["GET"]}}],"collection":[{"href":"https:\/\/oceansignal.com\/fi\/wp-json\/wp\/v2\/product"}],"about":[{"href":"https:\/\/oceansignal.com\/fi\/wp-json\/wp\/v2\/types\/product"}],"wp:featuredmedia":[{"embeddable":true,"href":"https:\/\/oceansignal.com\/fi\/wp-json\/wp\/v2\/media\/31558"}],"wp:attachment":[{"href":"https:\/\/oceansignal.com\/fi\/wp-json\/wp\/v2\/media?parent=28556"}],"wp:term":[{"taxonomy":"product_brand","embeddable":true,"href":"https:\/\/oceansignal.com\/fi\/wp-json\/wp\/v2\/product_brand?post=28556"},{"taxonomy":"product_cat","embeddable":true,"href":"https:\/\/oceansignal.com\/fi\/wp-json\/wp\/v2\/product_cat?post=28556"},{"taxonomy":"product_tag","embeddable":true,"href":"https:\/\/oceansignal.com\/fi\/wp-json\/wp\/v2\/product_tag?post=28556"}],"curies":[{"name":"wp","href":"https:\/\/api.w.org\/{rel}","templated":true}]}}