{"id":29728,"date":"2025-11-12T22:31:39","date_gmt":"2025-11-12T22:31:39","guid":{"rendered":"https:\/\/oceansignal.com\/?post_type=product&#038;p=29728"},"modified":"2026-03-24T17:40:07","modified_gmt":"2026-03-24T17:40:07","slug":"ocean-signal-safesea-v200-vhf-radio","status":"publish","type":"product","link":"https:\/\/oceansignal.com\/fi\/products\/ocean-signal-safesea-v200-vhf-radio\/","title":{"rendered":"safeSEA V200 VHF-radio"},"content":{"rendered":"<p>Ocean Signal V200 on kattava ratkaisu kaikkiin merellisiin viestint\u00e4tarpeisiisi. Saatavilla kahdessa k\u00e4tev\u00e4ss\u00e4 koossa: pelk\u00e4st\u00e4\u00e4n GMDSS-h\u00e4t\u00e4-VHF-radiona h\u00e4t\u00e4k\u00e4ytt\u00f6\u00f6n tai kokonaisena pakkaussarjana yleisk\u00e4ytt\u00f6\u00f6n ja\/tai h\u00e4t\u00e4k\u00e4ytt\u00f6\u00f6n.<\/p>\n<p>GMDSS-h\u00e4t\u00e4-VHF-radiossa on litiumparisto ja pariston tunnistustarra, joten ei ole koskaan ep\u00e4ilyst\u00e4k\u00e4\u00e4n siit\u00e4, onko ensisijaista paristoa k\u00e4ytetty vai ei. Kun tunnistustarra on poistettu, radio k\u00e4ynnistyy automaattisesti, kun paristo kytket\u00e4\u00e4n, ja laite siirtyy automaattisesti GMDSS-toimintatilaan seuraavilla esiasetuksilla: kanava 16, \u00e4\u00e4nenvoimakkuus 8 ja kohinasalpa 2. <\/p>\n<p>T\u00e4ydellinen pakkaus sis\u00e4lt\u00e4\u00e4 kuvauksen mukaisen ensisijaisen litium-akun sek\u00e4 ladattavan litiumioniakun ja lataustelineen. Sek\u00e4 erillisen GMDSS-h\u00e4t\u00e4-VHF-vaihtoehdon ett\u00e4 t\u00e4yden pakkauksen mukana toimitettaviin vakiolis\u00e4varusteisiin kuuluvat joustava kumiantenni, vy\u00f6klipsi ja rannehihna. <\/p>\n<p>V200 on suunniteltu helppok\u00e4ytt\u00f6isyytt\u00e4 silm\u00e4ll\u00e4 pit\u00e4en, ja sit\u00e4 voidaan k\u00e4ytt\u00e4\u00e4 my\u00f6s selviytymispukuk\u00e4sineet k\u00e4dess\u00e4. Siin\u00e4 on helppolukuinen digitaalinen n\u00e4ytt\u00f6. Sek\u00e4 n\u00e4ytt\u00f6 ett\u00e4 n\u00e4pp\u00e4imist\u00f6 ovat taustavalaistuja, joten k\u00e4ytt\u00f6 h\u00e4m\u00e4r\u00e4ss\u00e4 on helppoa. V200 sis\u00e4lt\u00e4\u00e4 my\u00f6s NFC:n (Near Field Communication), jonka avulla voit tarkastella akun vaihtop\u00e4iv\u00e4m\u00e4\u00e4r\u00e4\u00e4 ja tuotetietoja mobiililaitteella.  <\/p>\n<p>V200:n kest\u00e4v\u00e4 rakenne tekee siit\u00e4 sopivan kaikkiin merik\u00e4ytt\u00f6\u00f6n ja ihanteellisen valinnan sek\u00e4 pakolliseen ett\u00e4 vapaaehtoiseen kuljetukseen. Merkitt\u00e4v\u00e4n kokemuksen ansiosta meriturvallisuusteknologiasta ja jatkuvan sitoutumisen ansiosta laatuun ja innovaatioihin V200 tarjoaa vertaansa vailla olevaa suorituskyky\u00e4, jota merenkulkijat ymp\u00e4ri maailmaa ovat tottuneet odottamaan kaikilta Ocean Signal -tuotteilta. <\/p>\n<p>&nbsp;<\/p>\n","protected":false},"excerpt":{"rendered":"<p>Ocean Signal V200 Marine GMDSS VHF -radio on rakennettu joustavuutta ajatellen, ja se tarjoaa k\u00e4ytt\u00e4jille k\u00e4tevi\u00e4 vaihtoehtoja kommunikointiin merell\u00e4 olosuhteista riippumatta. GMDSS-tuotteeksi (Global Maritime Distress and Safety System) suunniteltu vedenpit\u00e4v\u00e4 VHF-radio on t\u00e4ysin sertifioitu IMO- ja SOLAS-m\u00e4\u00e4r\u00e4ysten mukaisesti ja tarjoaa saumattomasti olennaista viestint\u00e4tukea sek\u00e4 kriittisiss\u00e4 tilanteissa ett\u00e4 p\u00e4ivitt\u00e4isiss\u00e4 rutiinioperaatioissa merell\u00e4. <\/p>\n<p>&nbsp;<\/p>\n","protected":false},"featured_media":29740,"template":"","meta":{"_acf_changed":false,"om_disable_all_campaigns":false},"product_brand":[],"product_cat":[604],"product_tag":[],"class_list":{"0":"post-29728","1":"product","2":"type-product","3":"status-publish","4":"has-post-thumbnail","6":"product_cat-safesea-fi","8":"first","9":"instock","10":"taxable","11":"shipping-taxable","12":"product-type-simple"},"acf":[],"yoast_head":"<!-- This site is optimized with the Yoast SEO Premium plugin v25.2 (Yoast SEO v26.4) - https:\/\/yoast.com\/wordpress\/plugins\/seo\/ -->\n<title>Ocean Signal V200 GMDSS -h\u00e4t\u00e4-VHF-radion safeSEA V200 VHF-radio - Ocean Signal<\/title>\n<meta name=\"description\" content=\"Pysy turvassa merell\u00e4 Ocean Signal V200 GMDSS -h\u00e4t\u00e4-VHF-radion avulla. Se on suunniteltu h\u00e4t\u00e4tilanteisiin ja jokap\u00e4iv\u00e4iseen k\u00e4ytt\u00f6\u00f6n merell\u00e4, ja siin\u00e4 on automaattinen GMDSS-tila, hansikasyst\u00e4v\u00e4llinen k\u00e4ytt\u00f6 ja se on kest\u00e4v\u00e4.\" \/>\n<meta name=\"robots\" content=\"index, follow, max-snippet:-1, max-image-preview:large, max-video-preview:-1\" \/>\n<link rel=\"canonical\" href=\"https:\/\/oceansignal.com\/fi\/products\/ocean-signal-safesea-v200-vhf-radio\/\" \/>\n<meta property=\"og:locale\" content=\"fi_FI\" \/>\n<meta property=\"og:type\" content=\"article\" \/>\n<meta property=\"og:title\" content=\"safeSEA V200 VHF-radio\" \/>\n<meta property=\"og:description\" content=\"Pysy turvassa merell\u00e4 Ocean Signal V200 GMDSS -h\u00e4t\u00e4-VHF-radion avulla. Se on suunniteltu h\u00e4t\u00e4tilanteisiin ja jokap\u00e4iv\u00e4iseen k\u00e4ytt\u00f6\u00f6n merell\u00e4, ja siin\u00e4 on automaattinen GMDSS-tila, hansikasyst\u00e4v\u00e4llinen k\u00e4ytt\u00f6 ja se on kest\u00e4v\u00e4.\" \/>\n<meta property=\"og:url\" content=\"https:\/\/oceansignal.com\/fi\/products\/ocean-signal-safesea-v200-vhf-radio\/\" \/>\n<meta property=\"og:site_name\" content=\"Ocean Signal\" \/>\n<meta property=\"article:modified_time\" content=\"2026-03-24T17:40:07+00:00\" \/>\n<meta property=\"og:image\" content=\"https:\/\/oceansignal.com\/wp-content\/uploads\/2025\/06\/OSL-V200-Front-2.png\" \/>\n\t<meta property=\"og:image:width\" content=\"2000\" \/>\n\t<meta property=\"og:image:height\" content=\"2000\" \/>\n\t<meta property=\"og:image:type\" content=\"image\/png\" \/>\n<meta name=\"twitter:card\" content=\"summary_large_image\" \/>\n<meta name=\"twitter:label1\" content=\"Arvioitu lukuaika\" \/>\n\t<meta name=\"twitter:data1\" content=\"1 minuutti\" \/>\n<script type=\"application\/ld+json\" class=\"yoast-schema-graph\">{\"@context\":\"https:\/\/schema.org\",\"@graph\":[{\"@type\":\"WebPage\",\"@id\":\"https:\/\/oceansignal.com\/fi\/products\/ocean-signal-safesea-v200-vhf-radio\/\",\"url\":\"https:\/\/oceansignal.com\/fi\/products\/ocean-signal-safesea-v200-vhf-radio\/\",\"name\":\"Ocean Signal V200 GMDSS -h\u00e4t\u00e4-VHF-radion safeSEA V200 VHF-radio - Ocean Signal\",\"isPartOf\":{\"@id\":\"https:\/\/oceansignal.com\/fi\/#website\"},\"primaryImageOfPage\":{\"@id\":\"https:\/\/oceansignal.com\/fi\/products\/ocean-signal-safesea-v200-vhf-radio\/#primaryimage\"},\"image\":{\"@id\":\"https:\/\/oceansignal.com\/fi\/products\/ocean-signal-safesea-v200-vhf-radio\/#primaryimage\"},\"thumbnailUrl\":\"https:\/\/oceansignal.com\/wp-content\/uploads\/2025\/06\/OSL-V200-Front-2.png\",\"datePublished\":\"2025-11-12T22:31:39+00:00\",\"dateModified\":\"2026-03-24T17:40:07+00:00\",\"description\":\"Pysy turvassa merell\u00e4 Ocean Signal V200 GMDSS -h\u00e4t\u00e4-VHF-radion avulla. Se on suunniteltu h\u00e4t\u00e4tilanteisiin ja jokap\u00e4iv\u00e4iseen k\u00e4ytt\u00f6\u00f6n merell\u00e4, ja siin\u00e4 on automaattinen GMDSS-tila, hansikasyst\u00e4v\u00e4llinen k\u00e4ytt\u00f6 ja se on kest\u00e4v\u00e4.\",\"breadcrumb\":{\"@id\":\"https:\/\/oceansignal.com\/fi\/products\/ocean-signal-safesea-v200-vhf-radio\/#breadcrumb\"},\"inLanguage\":\"fi\",\"potentialAction\":[{\"@type\":\"ReadAction\",\"target\":[\"https:\/\/oceansignal.com\/fi\/products\/ocean-signal-safesea-v200-vhf-radio\/\"]}]},{\"@type\":\"ImageObject\",\"inLanguage\":\"fi\",\"@id\":\"https:\/\/oceansignal.com\/fi\/products\/ocean-signal-safesea-v200-vhf-radio\/#primaryimage\",\"url\":\"https:\/\/oceansignal.com\/wp-content\/uploads\/2025\/06\/OSL-V200-Front-2.png\",\"contentUrl\":\"https:\/\/oceansignal.com\/wp-content\/uploads\/2025\/06\/OSL-V200-Front-2.png\",\"width\":2000,\"height\":2000},{\"@type\":\"BreadcrumbList\",\"@id\":\"https:\/\/oceansignal.com\/fi\/products\/ocean-signal-safesea-v200-vhf-radio\/#breadcrumb\",\"itemListElement\":[{\"@type\":\"ListItem\",\"position\":1,\"name\":\"Shop\",\"item\":\"https:\/\/oceansignal.com\/fi\/shop\/\"},{\"@type\":\"ListItem\",\"position\":2,\"name\":\"safeSEA V200 VHF-radio\"}]},{\"@type\":\"WebSite\",\"@id\":\"https:\/\/oceansignal.com\/fi\/#website\",\"url\":\"https:\/\/oceansignal.com\/fi\/\",\"name\":\"Ocean Signal\",\"description\":\"A leading manufacturer of EPIRBs, AIS, SARTs, Personal Locator Beacons, Man Overboard Beacon for the Marine and Outdoor Markets.\",\"potentialAction\":[{\"@type\":\"SearchAction\",\"target\":{\"@type\":\"EntryPoint\",\"urlTemplate\":\"https:\/\/oceansignal.com\/fi\/?s={search_term_string}\"},\"query-input\":{\"@type\":\"PropertyValueSpecification\",\"valueRequired\":true,\"valueName\":\"search_term_string\"}}],\"inLanguage\":\"fi\"}]}<\/script>\n<!-- \/ Yoast SEO Premium plugin. -->","yoast_head_json":{"title":"Ocean Signal V200 GMDSS -h\u00e4t\u00e4-VHF-radion safeSEA V200 VHF-radio - Ocean Signal","description":"Pysy turvassa merell\u00e4 Ocean Signal V200 GMDSS -h\u00e4t\u00e4-VHF-radion avulla. Se on suunniteltu h\u00e4t\u00e4tilanteisiin ja jokap\u00e4iv\u00e4iseen k\u00e4ytt\u00f6\u00f6n merell\u00e4, ja siin\u00e4 on automaattinen GMDSS-tila, hansikasyst\u00e4v\u00e4llinen k\u00e4ytt\u00f6 ja se on kest\u00e4v\u00e4.","robots":{"index":"index","follow":"follow","max-snippet":"max-snippet:-1","max-image-preview":"max-image-preview:large","max-video-preview":"max-video-preview:-1"},"canonical":"https:\/\/oceansignal.com\/fi\/products\/ocean-signal-safesea-v200-vhf-radio\/","og_locale":"fi_FI","og_type":"article","og_title":"safeSEA V200 VHF-radio","og_description":"Pysy turvassa merell\u00e4 Ocean Signal V200 GMDSS -h\u00e4t\u00e4-VHF-radion avulla. Se on suunniteltu h\u00e4t\u00e4tilanteisiin ja jokap\u00e4iv\u00e4iseen k\u00e4ytt\u00f6\u00f6n merell\u00e4, ja siin\u00e4 on automaattinen GMDSS-tila, hansikasyst\u00e4v\u00e4llinen k\u00e4ytt\u00f6 ja se on kest\u00e4v\u00e4.","og_url":"https:\/\/oceansignal.com\/fi\/products\/ocean-signal-safesea-v200-vhf-radio\/","og_site_name":"Ocean Signal","article_modified_time":"2026-03-24T17:40:07+00:00","og_image":[{"width":2000,"height":2000,"url":"https:\/\/oceansignal.com\/wp-content\/uploads\/2025\/06\/OSL-V200-Front-2.png","type":"image\/png"}],"twitter_card":"summary_large_image","twitter_misc":{"Arvioitu lukuaika":"1 minuutti"},"schema":{"@context":"https:\/\/schema.org","@graph":[{"@type":"WebPage","@id":"https:\/\/oceansignal.com\/fi\/products\/ocean-signal-safesea-v200-vhf-radio\/","url":"https:\/\/oceansignal.com\/fi\/products\/ocean-signal-safesea-v200-vhf-radio\/","name":"Ocean Signal V200 GMDSS -h\u00e4t\u00e4-VHF-radion safeSEA V200 VHF-radio - Ocean Signal","isPartOf":{"@id":"https:\/\/oceansignal.com\/fi\/#website"},"primaryImageOfPage":{"@id":"https:\/\/oceansignal.com\/fi\/products\/ocean-signal-safesea-v200-vhf-radio\/#primaryimage"},"image":{"@id":"https:\/\/oceansignal.com\/fi\/products\/ocean-signal-safesea-v200-vhf-radio\/#primaryimage"},"thumbnailUrl":"https:\/\/oceansignal.com\/wp-content\/uploads\/2025\/06\/OSL-V200-Front-2.png","datePublished":"2025-11-12T22:31:39+00:00","dateModified":"2026-03-24T17:40:07+00:00","description":"Pysy turvassa merell\u00e4 Ocean Signal V200 GMDSS -h\u00e4t\u00e4-VHF-radion avulla. Se on suunniteltu h\u00e4t\u00e4tilanteisiin ja jokap\u00e4iv\u00e4iseen k\u00e4ytt\u00f6\u00f6n merell\u00e4, ja siin\u00e4 on automaattinen GMDSS-tila, hansikasyst\u00e4v\u00e4llinen k\u00e4ytt\u00f6 ja se on kest\u00e4v\u00e4.","breadcrumb":{"@id":"https:\/\/oceansignal.com\/fi\/products\/ocean-signal-safesea-v200-vhf-radio\/#breadcrumb"},"inLanguage":"fi","potentialAction":[{"@type":"ReadAction","target":["https:\/\/oceansignal.com\/fi\/products\/ocean-signal-safesea-v200-vhf-radio\/"]}]},{"@type":"ImageObject","inLanguage":"fi","@id":"https:\/\/oceansignal.com\/fi\/products\/ocean-signal-safesea-v200-vhf-radio\/#primaryimage","url":"https:\/\/oceansignal.com\/wp-content\/uploads\/2025\/06\/OSL-V200-Front-2.png","contentUrl":"https:\/\/oceansignal.com\/wp-content\/uploads\/2025\/06\/OSL-V200-Front-2.png","width":2000,"height":2000},{"@type":"BreadcrumbList","@id":"https:\/\/oceansignal.com\/fi\/products\/ocean-signal-safesea-v200-vhf-radio\/#breadcrumb","itemListElement":[{"@type":"ListItem","position":1,"name":"Shop","item":"https:\/\/oceansignal.com\/fi\/shop\/"},{"@type":"ListItem","position":2,"name":"safeSEA V200 VHF-radio"}]},{"@type":"WebSite","@id":"https:\/\/oceansignal.com\/fi\/#website","url":"https:\/\/oceansignal.com\/fi\/","name":"Ocean Signal","description":"A leading manufacturer of EPIRBs, AIS, SARTs, Personal Locator Beacons, Man Overboard Beacon for the Marine and Outdoor Markets.","potentialAction":[{"@type":"SearchAction","target":{"@type":"EntryPoint","urlTemplate":"https:\/\/oceansignal.com\/fi\/?s={search_term_string}"},"query-input":{"@type":"PropertyValueSpecification","valueRequired":true,"valueName":"search_term_string"}}],"inLanguage":"fi"}]}},"_links":{"self":[{"href":"https:\/\/oceansignal.com\/fi\/wp-json\/wp\/v2\/product\/29728","targetHints":{"allow":["GET"]}}],"collection":[{"href":"https:\/\/oceansignal.com\/fi\/wp-json\/wp\/v2\/product"}],"about":[{"href":"https:\/\/oceansignal.com\/fi\/wp-json\/wp\/v2\/types\/product"}],"wp:featuredmedia":[{"embeddable":true,"href":"https:\/\/oceansignal.com\/fi\/wp-json\/wp\/v2\/media\/29740"}],"wp:attachment":[{"href":"https:\/\/oceansignal.com\/fi\/wp-json\/wp\/v2\/media?parent=29728"}],"wp:term":[{"taxonomy":"product_brand","embeddable":true,"href":"https:\/\/oceansignal.com\/fi\/wp-json\/wp\/v2\/product_brand?post=29728"},{"taxonomy":"product_cat","embeddable":true,"href":"https:\/\/oceansignal.com\/fi\/wp-json\/wp\/v2\/product_cat?post=29728"},{"taxonomy":"product_tag","embeddable":true,"href":"https:\/\/oceansignal.com\/fi\/wp-json\/wp\/v2\/product_tag?post=29728"}],"curies":[{"name":"wp","href":"https:\/\/api.w.org\/{rel}","templated":true}]}}