{"id":29840,"date":"2025-11-12T21:58:44","date_gmt":"2025-11-12T21:58:44","guid":{"rendered":"https:\/\/oceansignal.com\/?post_type=product&#038;p=29840"},"modified":"2026-03-24T16:21:58","modified_gmt":"2026-03-24T16:21:58","slug":"safesea-s200-ais-sart","status":"publish","type":"product","link":"https:\/\/oceansignal.com\/fi\/products\/safesea-s200-ais-sart\/","title":{"rendered":"safeSEA S200 AIS SART"},"content":{"rendered":"<p>S100-mallin hyv\u00e4ksi havaittuun suunnitteluun perustuva S200 SART tarjoaa parannetun h\u00e4t\u00e4h\u00e4lytyksen automaattisen tunnistusj\u00e4rjestelm\u00e4n (AIS) avulla, joka ylitt\u00e4\u00e4 perinteiset tutkapohjaiset j\u00e4rjestelm\u00e4t. T\u00e4m\u00e4 huippuluokan laite l\u00e4hett\u00e4\u00e4 tarkat GNSS\/GPS-satelliittien sijaintikoordinaatit kaikkiin VHF-kantaman sis\u00e4ll\u00e4 oleviin AIS-varustetuille aluksille varmistaen, ett\u00e4 h\u00e4t\u00e4apua saadaan nopeasti paikalle tarvittaessa. <\/p>\n<p>S200:n keskim\u00e4\u00e4r\u00e4inen tunnistusalue on 5 meripeninkulmaa, ja siin\u00e4 on NFC-teknologia (Near Field Communication), joka helpottaa tuotteiden rekister\u00f6inti\u00e4 ja testitietojen k\u00e4ytt\u00f6\u00e4. Sen tehokas litiumakku tarjoaa jopa 96 tunnin k\u00e4ytt\u00f6ajan, mik\u00e4 varmistaa pitk\u00e4n luotettavuuden vaativimmissakin olosuhteissa. AIS-pohjainen j\u00e4rjestelm\u00e4 tarjoaa my\u00f6s erinomaisen suorituskyvyn huonossa s\u00e4\u00e4ss\u00e4, ja se on v\u00e4hemm\u00e4n altis rankkasateen tai sumun aiheuttamille h\u00e4iri\u00f6ille.  <\/p>\n<p>S200 on suunniteltu k\u00e4tevyytt\u00e4 ajatellen, ja siin\u00e4 on tyylik\u00e4s sein\u00e4kiinnike, joka helpottaa laitteen k\u00e4ytt\u00f6\u00e4 h\u00e4t\u00e4tilanteissa. Lis\u00e4varusteena saatava teleskooppivarsi, jonka pituus on 1 metri, voidaan kiinnitt\u00e4\u00e4 maksimaalisen korkeuden ja n\u00e4kyvyyden saavuttamiseksi pelastusveneest\u00e4 k\u00e4ytett\u00e4ess\u00e4, ja SART voidaan ripustaa aluksen sis\u00e4lle handsfree-k\u00e4ytt\u00f6\u00e4 varten. <\/p>\n<p>S200 on rakennettu kest\u00e4m\u00e4\u00e4n ankarimpia meriolosuhteita, ja se on luotettava kumppani kaikissa h\u00e4t\u00e4tilanteissa varmistaen, ett\u00e4 h\u00e4t\u00e4signaalisi tavoittaa kaikki kantaman sis\u00e4ll\u00e4 olevat AIS-varustetut alukset. Sen kest\u00e4v\u00e4 rakenne takaa, ett\u00e4 se on toimintakunnossa silloin, kun sit\u00e4 eniten tarvitset, mik\u00e4 tarjoaa mielenrauhaa vesill\u00e4. <\/p>\n<p><strong>Kuljetusvaatimukset<\/strong><\/p>\n<ul>\n<li>Kaikilla kansainv\u00e4lisill\u00e4 reiteill\u00e4 olevilla IMO:n SOLAS-aluksilla on oltava SART-laite.<\/li>\n<li>300\u2013500 bruttorekisteritonnisilla (BRT) aluksilla on oltava v\u00e4hint\u00e4\u00e4n yksi SART-purjevene<\/li>\n<li>Yli 500 bruttorekisteritonnin (GRT) aluksilla on oltava v\u00e4hint\u00e4\u00e4n kaksi SART-yksikk\u00f6\u00e4<\/li>\n<li>1 SART jokaista nelj\u00e4\u00e4 pelastuslauttaa kohden ro-ro-matkustaja-aluksilla<\/li>\n<li>Kaikenkokoisissa matkustaja-aluksissa on oltava v\u00e4hint\u00e4\u00e4n kaksi SART-alusta niiden tonnaisuudesta riippumatta.<\/li>\n<li>Pelastusveneet: SOLAS-yleissopimus edellytt\u00e4\u00e4, ett\u00e4 jokaisessa pelastusveneess\u00e4 tai -lautassa on oltava k\u00e4ytett\u00e4viss\u00e4 v\u00e4hint\u00e4\u00e4n yksi pelastuslaite (SART).<\/li>\n<li>Pelastuslautat: Matkustaja-aluksilla, joissa on enemm\u00e4n kuin kaksi pelastuslauttaa, on oltava ylim\u00e4\u00e4r\u00e4isi\u00e4 SART-laitteita siten, ett\u00e4 jokaista kahta pelastuslauttaa kohden on k\u00e4ytett\u00e4viss\u00e4 v\u00e4hint\u00e4\u00e4n yksi SART.<\/li>\n<\/ul>\n<p>&nbsp;<\/p>\n","protected":false},"excerpt":{"rendered":"<p>S200 SART on IMO:n ja SOLAS-standardien mukainen AIS-pelastusl\u00e4hetin (SART), joka tarjoaa GMDSS-m\u00e4\u00e4r\u00e4yksi\u00e4 noudattaville aluksille luotettavan ratkaisun pakollisten SART-kantovaatimusten t\u00e4ytt\u00e4miseen. Hy\u00f6dynt\u00e4m\u00e4ll\u00e4 AIS-luokan A sijaintiraportteja S200 l\u00e4hett\u00e4\u00e4 kahdeksan sijaintiviesti\u00e4 minuutissa, mik\u00e4 mahdollistaa reaaliaikaisen seurannan kriittisiss\u00e4 tilanteissa. <\/p>\n<p><strong>T\u00e4t\u00e4 laitetta ei ole valtuutettu FCC:n m\u00e4\u00e4r\u00e4ysten mukaisesti. T\u00e4t\u00e4 laitetta ei tarjota eik\u00e4 sit\u00e4 saa tarjota myyt\u00e4v\u00e4ksi tai vuokrattavaksi Yhdysvalloissa ennen kuin valtuutus on saatu. <\/strong><\/p>\n<p><a href=\"https:\/\/www.dropbox.com\/s\/fk04stqsp2hgk5f\/Prop%2065%20-%20DEHP.pdf?dl=0\">VAROITUS: PROP 65<\/a><\/p>\n<p>&nbsp;<\/p>\n","protected":false},"featured_media":29805,"template":"","meta":{"_acf_changed":false,"om_disable_all_campaigns":false},"product_brand":[],"product_cat":[604],"product_tag":[],"class_list":{"0":"post-29840","1":"product","2":"type-product","3":"status-publish","4":"has-post-thumbnail","6":"product_cat-safesea-fi","8":"first","9":"instock","10":"taxable","11":"shipping-taxable","12":"purchasable","13":"product-type-simple"},"acf":[],"yoast_head":"<!-- This site is optimized with the Yoast SEO Premium plugin v25.2 (Yoast SEO v26.4) - https:\/\/yoast.com\/wordpress\/plugins\/seo\/ -->\n<title>Ocean Signal safeSEA S200 AIS SART - Ocean Signal<\/title>\n<meta name=\"description\" content=\"GMDSS- ja SOLAS-aluksille tarkoitettu S200 AIS SART- eli etsint\u00e4- ja pelastusl\u00e4hetin parantaa merenkulun turvallisuutta ja viestint\u00e4\u00e4 h\u00e4t\u00e4tilanteissa.\" \/>\n<meta name=\"robots\" content=\"index, follow, max-snippet:-1, max-image-preview:large, max-video-preview:-1\" \/>\n<link rel=\"canonical\" href=\"https:\/\/oceansignal.com\/fi\/products\/safesea-s200-ais-sart\/\" \/>\n<meta property=\"og:locale\" content=\"fi_FI\" \/>\n<meta property=\"og:type\" content=\"article\" \/>\n<meta property=\"og:title\" content=\"safeSEA S200 AIS SART\" \/>\n<meta property=\"og:description\" content=\"GMDSS- ja SOLAS-aluksille tarkoitettu S200 AIS SART- eli etsint\u00e4- ja pelastusl\u00e4hetin parantaa merenkulun turvallisuutta ja viestint\u00e4\u00e4 h\u00e4t\u00e4tilanteissa.\" \/>\n<meta property=\"og:url\" content=\"https:\/\/oceansignal.com\/fi\/products\/safesea-s200-ais-sart\/\" \/>\n<meta property=\"og:site_name\" content=\"Ocean Signal\" \/>\n<meta property=\"article:modified_time\" content=\"2026-03-24T16:21:58+00:00\" \/>\n<meta property=\"og:image\" content=\"https:\/\/oceansignal.com\/wp-content\/uploads\/2025\/06\/OSL-AIS-SART-Front-1024x1024.png\" \/>\n\t<meta property=\"og:image:width\" content=\"1024\" \/>\n\t<meta property=\"og:image:height\" content=\"1024\" \/>\n\t<meta property=\"og:image:type\" content=\"image\/png\" \/>\n<meta name=\"twitter:card\" content=\"summary_large_image\" \/>\n<meta name=\"twitter:label1\" content=\"Arvioitu lukuaika\" \/>\n\t<meta name=\"twitter:data1\" content=\"2 minuuttia\" \/>\n<script type=\"application\/ld+json\" class=\"yoast-schema-graph\">{\"@context\":\"https:\/\/schema.org\",\"@graph\":[{\"@type\":\"WebPage\",\"@id\":\"https:\/\/oceansignal.com\/fi\/products\/safesea-s200-ais-sart\/\",\"url\":\"https:\/\/oceansignal.com\/fi\/products\/safesea-s200-ais-sart\/\",\"name\":\"Ocean Signal safeSEA S200 AIS SART - Ocean Signal\",\"isPartOf\":{\"@id\":\"https:\/\/oceansignal.com\/fi\/#website\"},\"primaryImageOfPage\":{\"@id\":\"https:\/\/oceansignal.com\/fi\/products\/safesea-s200-ais-sart\/#primaryimage\"},\"image\":{\"@id\":\"https:\/\/oceansignal.com\/fi\/products\/safesea-s200-ais-sart\/#primaryimage\"},\"thumbnailUrl\":\"https:\/\/oceansignal.com\/wp-content\/uploads\/2025\/06\/OSL-AIS-SART-Front.png\",\"datePublished\":\"2025-11-12T21:58:44+00:00\",\"dateModified\":\"2026-03-24T16:21:58+00:00\",\"description\":\"GMDSS- ja SOLAS-aluksille tarkoitettu S200 AIS SART- eli etsint\u00e4- ja pelastusl\u00e4hetin parantaa merenkulun turvallisuutta ja viestint\u00e4\u00e4 h\u00e4t\u00e4tilanteissa.\",\"breadcrumb\":{\"@id\":\"https:\/\/oceansignal.com\/fi\/products\/safesea-s200-ais-sart\/#breadcrumb\"},\"inLanguage\":\"fi\",\"potentialAction\":[{\"@type\":\"ReadAction\",\"target\":[\"https:\/\/oceansignal.com\/fi\/products\/safesea-s200-ais-sart\/\"]}]},{\"@type\":\"ImageObject\",\"inLanguage\":\"fi\",\"@id\":\"https:\/\/oceansignal.com\/fi\/products\/safesea-s200-ais-sart\/#primaryimage\",\"url\":\"https:\/\/oceansignal.com\/wp-content\/uploads\/2025\/06\/OSL-AIS-SART-Front.png\",\"contentUrl\":\"https:\/\/oceansignal.com\/wp-content\/uploads\/2025\/06\/OSL-AIS-SART-Front.png\",\"width\":3850,\"height\":3850,\"caption\":\"S200 AIS SART- tai etsint\u00e4- ja pelastusl\u00e4hetin GMDSS- ja SOLAS-aluksille\"},{\"@type\":\"BreadcrumbList\",\"@id\":\"https:\/\/oceansignal.com\/fi\/products\/safesea-s200-ais-sart\/#breadcrumb\",\"itemListElement\":[{\"@type\":\"ListItem\",\"position\":1,\"name\":\"Shop\",\"item\":\"https:\/\/oceansignal.com\/fi\/shop\/\"},{\"@type\":\"ListItem\",\"position\":2,\"name\":\"safeSEA S200 AIS SART\"}]},{\"@type\":\"WebSite\",\"@id\":\"https:\/\/oceansignal.com\/fi\/#website\",\"url\":\"https:\/\/oceansignal.com\/fi\/\",\"name\":\"Ocean Signal\",\"description\":\"A leading manufacturer of EPIRBs, AIS, SARTs, Personal Locator Beacons, Man Overboard Beacon for the Marine and Outdoor Markets.\",\"potentialAction\":[{\"@type\":\"SearchAction\",\"target\":{\"@type\":\"EntryPoint\",\"urlTemplate\":\"https:\/\/oceansignal.com\/fi\/?s={search_term_string}\"},\"query-input\":{\"@type\":\"PropertyValueSpecification\",\"valueRequired\":true,\"valueName\":\"search_term_string\"}}],\"inLanguage\":\"fi\"}]}<\/script>\n<!-- \/ Yoast SEO Premium plugin. -->","yoast_head_json":{"title":"Ocean Signal safeSEA S200 AIS SART - Ocean Signal","description":"GMDSS- ja SOLAS-aluksille tarkoitettu S200 AIS SART- eli etsint\u00e4- ja pelastusl\u00e4hetin parantaa merenkulun turvallisuutta ja viestint\u00e4\u00e4 h\u00e4t\u00e4tilanteissa.","robots":{"index":"index","follow":"follow","max-snippet":"max-snippet:-1","max-image-preview":"max-image-preview:large","max-video-preview":"max-video-preview:-1"},"canonical":"https:\/\/oceansignal.com\/fi\/products\/safesea-s200-ais-sart\/","og_locale":"fi_FI","og_type":"article","og_title":"safeSEA S200 AIS SART","og_description":"GMDSS- ja SOLAS-aluksille tarkoitettu S200 AIS SART- eli etsint\u00e4- ja pelastusl\u00e4hetin parantaa merenkulun turvallisuutta ja viestint\u00e4\u00e4 h\u00e4t\u00e4tilanteissa.","og_url":"https:\/\/oceansignal.com\/fi\/products\/safesea-s200-ais-sart\/","og_site_name":"Ocean Signal","article_modified_time":"2026-03-24T16:21:58+00:00","og_image":[{"width":1024,"height":1024,"url":"https:\/\/oceansignal.com\/wp-content\/uploads\/2025\/06\/OSL-AIS-SART-Front-1024x1024.png","type":"image\/png"}],"twitter_card":"summary_large_image","twitter_misc":{"Arvioitu lukuaika":"2 minuuttia"},"schema":{"@context":"https:\/\/schema.org","@graph":[{"@type":"WebPage","@id":"https:\/\/oceansignal.com\/fi\/products\/safesea-s200-ais-sart\/","url":"https:\/\/oceansignal.com\/fi\/products\/safesea-s200-ais-sart\/","name":"Ocean Signal safeSEA S200 AIS SART - Ocean Signal","isPartOf":{"@id":"https:\/\/oceansignal.com\/fi\/#website"},"primaryImageOfPage":{"@id":"https:\/\/oceansignal.com\/fi\/products\/safesea-s200-ais-sart\/#primaryimage"},"image":{"@id":"https:\/\/oceansignal.com\/fi\/products\/safesea-s200-ais-sart\/#primaryimage"},"thumbnailUrl":"https:\/\/oceansignal.com\/wp-content\/uploads\/2025\/06\/OSL-AIS-SART-Front.png","datePublished":"2025-11-12T21:58:44+00:00","dateModified":"2026-03-24T16:21:58+00:00","description":"GMDSS- ja SOLAS-aluksille tarkoitettu S200 AIS SART- eli etsint\u00e4- ja pelastusl\u00e4hetin parantaa merenkulun turvallisuutta ja viestint\u00e4\u00e4 h\u00e4t\u00e4tilanteissa.","breadcrumb":{"@id":"https:\/\/oceansignal.com\/fi\/products\/safesea-s200-ais-sart\/#breadcrumb"},"inLanguage":"fi","potentialAction":[{"@type":"ReadAction","target":["https:\/\/oceansignal.com\/fi\/products\/safesea-s200-ais-sart\/"]}]},{"@type":"ImageObject","inLanguage":"fi","@id":"https:\/\/oceansignal.com\/fi\/products\/safesea-s200-ais-sart\/#primaryimage","url":"https:\/\/oceansignal.com\/wp-content\/uploads\/2025\/06\/OSL-AIS-SART-Front.png","contentUrl":"https:\/\/oceansignal.com\/wp-content\/uploads\/2025\/06\/OSL-AIS-SART-Front.png","width":3850,"height":3850,"caption":"S200 AIS SART- tai etsint\u00e4- ja pelastusl\u00e4hetin GMDSS- ja SOLAS-aluksille"},{"@type":"BreadcrumbList","@id":"https:\/\/oceansignal.com\/fi\/products\/safesea-s200-ais-sart\/#breadcrumb","itemListElement":[{"@type":"ListItem","position":1,"name":"Shop","item":"https:\/\/oceansignal.com\/fi\/shop\/"},{"@type":"ListItem","position":2,"name":"safeSEA S200 AIS SART"}]},{"@type":"WebSite","@id":"https:\/\/oceansignal.com\/fi\/#website","url":"https:\/\/oceansignal.com\/fi\/","name":"Ocean Signal","description":"A leading manufacturer of EPIRBs, AIS, SARTs, Personal Locator Beacons, Man Overboard Beacon for the Marine and Outdoor Markets.","potentialAction":[{"@type":"SearchAction","target":{"@type":"EntryPoint","urlTemplate":"https:\/\/oceansignal.com\/fi\/?s={search_term_string}"},"query-input":{"@type":"PropertyValueSpecification","valueRequired":true,"valueName":"search_term_string"}}],"inLanguage":"fi"}]}},"_links":{"self":[{"href":"https:\/\/oceansignal.com\/fi\/wp-json\/wp\/v2\/product\/29840","targetHints":{"allow":["GET"]}}],"collection":[{"href":"https:\/\/oceansignal.com\/fi\/wp-json\/wp\/v2\/product"}],"about":[{"href":"https:\/\/oceansignal.com\/fi\/wp-json\/wp\/v2\/types\/product"}],"wp:featuredmedia":[{"embeddable":true,"href":"https:\/\/oceansignal.com\/fi\/wp-json\/wp\/v2\/media\/29805"}],"wp:attachment":[{"href":"https:\/\/oceansignal.com\/fi\/wp-json\/wp\/v2\/media?parent=29840"}],"wp:term":[{"taxonomy":"product_brand","embeddable":true,"href":"https:\/\/oceansignal.com\/fi\/wp-json\/wp\/v2\/product_brand?post=29840"},{"taxonomy":"product_cat","embeddable":true,"href":"https:\/\/oceansignal.com\/fi\/wp-json\/wp\/v2\/product_cat?post=29840"},{"taxonomy":"product_tag","embeddable":true,"href":"https:\/\/oceansignal.com\/fi\/wp-json\/wp\/v2\/product_tag?post=29840"}],"curies":[{"name":"wp","href":"https:\/\/api.w.org\/{rel}","templated":true}]}}