{"id":31900,"date":"2025-07-17T08:59:49","date_gmt":"2025-07-17T08:59:49","guid":{"rendered":"https:\/\/oceansignal.com\/products\/epirb2-turvasarja-plus\/"},"modified":"2026-03-12T09:18:45","modified_gmt":"2026-03-12T09:18:45","slug":"epirb2-turvasarja-plus","status":"publish","type":"product","link":"https:\/\/oceansignal.com\/fi\/products\/epirb2-turvasarja-plus\/","title":{"rendered":"EPIRB2 Purjehdusturvallisuussarja Plus"},"content":{"rendered":"<h3 data-start=\"3285\" data-end=\"3337\"><strong data-start=\"3292\" data-end=\"3337\"><img loading=\"lazy\" decoding=\"async\" class=\"alignnone size-full wp-image-32359\" src=\"https:\/\/oceansignal.com\/wp-content\/uploads\/2025\/07\/View-New-Safety-Kits.png\" alt=\"\" width=\"300\" height=\"75\" srcset=\"https:\/\/oceansignal.com\/wp-content\/uploads\/2025\/07\/View-New-Safety-Kits.png 300w, https:\/\/oceansignal.com\/wp-content\/uploads\/2025\/07\/View-New-Safety-Kits-60x15.png 60w, https:\/\/oceansignal.com\/wp-content\/uploads\/2025\/07\/View-New-Safety-Kits-110x28.png 110w\" sizes=\"auto, (max-width: 300px) 100vw, 300px\" \/><\/strong><\/h3>\n<h3 data-start=\"3285\" data-end=\"3337\"><strong data-start=\"3292\" data-end=\"3337\">Miksi valita EPIRB2-turvasarja Plus?<\/strong><\/h3>\n<p data-start=\"195\" data-end=\"642\">EPIRB2 Safety Kit Plus yhdist\u00e4\u00e4 t\u00e4ydellisesti suorituskyvyn, vastineen rahalle ja tulevaisuuden valmiuden. Ocean Signalin seuraavan sukupolven NFC-ominaisuudella varustetun EPIRB2-sauvan ymp\u00e4rille suunniteltu pakkaus sis\u00e4lt\u00e4\u00e4 EDF2-elektronisen h\u00e4t\u00e4soihtuimen ja t\u00e4rkeimm\u00e4t varaty\u00f6kalut, kaikki pakattuina vedenpit\u00e4v\u00e4\u00e4n ja kelluvaan kanaalipussiin. Olitpa sitten rannikolla risteilem\u00e4ss\u00e4 tai ylitt\u00e4m\u00e4ss\u00e4 kanaalin, t\u00e4m\u00e4 pakkaus pit\u00e4\u00e4 sinut valmiina todellisiin merih\u00e4t\u00e4tilanteisiin \u2013 ilman kompromisseja.  <\/p>\n<p data-start=\"644\" data-end=\"692\">\u00c4lykk\u00e4\u00e4mp\u00e4\u00e4 turvallisuutta. Modernia teknologiaa. Ei arvailua  <\/p>\n<h3 data-start=\"2903\" data-end=\"2924\"><strong data-start=\"2910\" data-end=\"2924\">Ihanteellinen:<\/strong><\/h3>\n<ul>\n<li data-start=\"717\" data-end=\"786\">Offshore- ja rannikkopurjehtijat, jotka etsiv\u00e4t t\u00e4ydellist\u00e4 turvallisuusratkaisua<\/li>\n<li data-start=\"717\" data-end=\"786\">Jahtien omistajat, jotka valmistautuvat pidempiin matkoihin (turvallisuuden maksimointi ilman, ett\u00e4 heid\u00e4n tarvitsee t\u00e4ytt\u00e4\u00e4 kaikkia luokan 0 avomerialuksen erityism\u00e4\u00e4r\u00e4yksi\u00e4)<\/li>\n<li data-start=\"717\" data-end=\"786\">Perinteisest\u00e4 pyrotekniikasta p\u00e4ivitt\u00e4v\u00e4t risteilij\u00e4t<\/li>\n<li data-start=\"717\" data-end=\"786\">RYA Yachtmaster -ehdokkaat rakentavat tulevaisuudenkest\u00e4v\u00e4\u00e4 turvallisuusj\u00e4rjestelm\u00e4\u00e4<\/li>\n<li data-start=\"717\" data-end=\"786\">Ty\u00f6ntekij\u00e4t korvaavat vanhentuneet soihdut uudelleenk\u00e4ytett\u00e4vill\u00e4, kest\u00e4vill\u00e4 vaihtoehdoilla<\/li>\n<\/ul>\n<h3 data-start=\"661\" data-end=\"706\"><strong data-start=\"668\" data-end=\"706\">Mit\u00e4 sis\u00e4ltyy ja miksi sill\u00e4 on merkityst\u00e4?<\/strong><\/h3>\n<h4 data-start=\"708\" data-end=\"751\"><strong data-start=\"713\" data-end=\"749\">1 \u00d7 Ocean Signal EPIRB2 NFC-yhteydell\u00e4<\/strong><\/h4>\n<p data-start=\"752\" data-end=\"775\">Saat satelliittipeiton maailmanlaajuista pelastustoimintaa varten ja RLS:n mielenrauhaa varten \u2013 kaikki t\u00e4m\u00e4 kompaktissa ja m\u00e4\u00e4r\u00e4ystenmukaisessa majakassa.<br \/>\n<img loading=\"lazy\" decoding=\"async\" class=\"alignnone size-medium wp-image-31423\" src=\"https:\/\/oceansignal.com\/wp-content\/uploads\/2025\/06\/EPIRB2-FRONT-300-300x300.png\" alt=\"\" width=\"300\" height=\"300\" srcset=\"https:\/\/oceansignal.com\/wp-content\/uploads\/2025\/06\/EPIRB2-FRONT-300-300x300.png 300w, https:\/\/oceansignal.com\/wp-content\/uploads\/2025\/06\/EPIRB2-FRONT-300-150x150.png 150w, https:\/\/oceansignal.com\/wp-content\/uploads\/2025\/06\/EPIRB2-FRONT-300-100x100.png 100w, https:\/\/oceansignal.com\/wp-content\/uploads\/2025\/06\/EPIRB2-FRONT-300-60x60.png 60w, https:\/\/oceansignal.com\/wp-content\/uploads\/2025\/06\/EPIRB2-FRONT-300-110x110.png 110w, https:\/\/oceansignal.com\/wp-content\/uploads\/2025\/06\/EPIRB2-FRONT-300.png 411w\" sizes=\"auto, (max-width: 300px) 100vw, 300px\" \/><br \/>\n T\u00e4m\u00e4 uusimman sukupolven luokan II EPIRB yhdist\u00e4\u00e4 406 MHz:n satelliittisignaloinnin Return Link Service (RLS) -palveluun ja \u00e4lypuhelinasennukseen NFC-yhteyden kautta.<\/p>\n<ul data-start=\"954\" data-end=\"1273\">\n<li data-start=\"954\" data-end=\"1004\">\n<p data-start=\"956\" data-end=\"1004\"><strong data-start=\"956\" data-end=\"984\">Maailmanlaajuinen h\u00e4t\u00e4h\u00e4lytys<\/strong> Cospas-Sarsat-satelliittiverkon kautta<\/p>\n<\/li>\n<li data-start=\"1064\" data-end=\"1131\">\n<p data-start=\"1066\" data-end=\"1131\"><strong data-start=\"1066\" data-end=\"1095\">Paluulinkkipalvelu (RLS)<\/strong> vahvistaa, ett\u00e4 signaalisi vastaanotettiin<\/p>\n<\/li>\n<li data-start=\"1132\" data-end=\"1210\">\n<p data-start=\"1134\" data-end=\"1210\"><strong data-start=\"1134\" data-end=\"1166\">\u00c4lypuhelimen asennus ja testaus<\/strong> ilmaisella Ocean Signal -sovelluksella (iOS ja Android)<\/p>\n<\/li>\n<li data-start=\"1211\" data-end=\"1273\">\n<p data-start=\"1213\" data-end=\"1273\">Mukana <strong data-start=\"1213\" data-end=\"1251\">manuaalinen kiinnike (Cat II)<\/strong> joustavaa asennusta varten<\/p>\n<\/li>\n<\/ul>\n<hr data-start=\"2026\" data-end=\"2029\">\n<h4 data-start=\"2031\" data-end=\"2073\"><strong data-start=\"2036\" data-end=\"2071\">1 \u00d7<\/strong> <strong data-start=\"2191\" data-end=\"2242\">Ocean Signal EDF2 elektroninen h\u00e4t\u00e4soihtu<\/strong><\/h4>\n<p data-start=\"2245\" data-end=\"2268\">Soihtu, jonka toimintaan voit luottaa \u2013 ilman viimeist\u00e4 k\u00e4ytt\u00f6p\u00e4iv\u00e4\u00e4, tulipaloriski\u00e4 tai h\u00e4vitysongelmia.<br \/>\n V\u00e4hitt\u00e4ishinta: 229,99 \u00a3<br \/>\n<img loading=\"lazy\" decoding=\"async\" class=\"alignnone wp-image-31439 size-medium\" src=\"https:\/\/oceansignal.com\/wp-content\/uploads\/2025\/06\/EDF2-FRONT-e1752085297427-198x300.png\" alt=\"\" width=\"198\" height=\"300\" srcset=\"https:\/\/oceansignal.com\/wp-content\/uploads\/2025\/06\/EDF2-FRONT-e1752085297427-198x300.png 198w, https:\/\/oceansignal.com\/wp-content\/uploads\/2025\/06\/EDF2-FRONT-e1752085297427-60x91.png 60w, https:\/\/oceansignal.com\/wp-content\/uploads\/2025\/06\/EDF2-FRONT-e1752085297427-110x166.png 110w, https:\/\/oceansignal.com\/wp-content\/uploads\/2025\/06\/EDF2-FRONT-e1752085297427.png 424w\" sizes=\"auto, (max-width: 198px) 100vw, 198px\" \/><br \/>\nVoimakas, moniv\u00e4rinen ja infrapuna-LED-leimahdus. N\u00e4kyy yli 13 kilometrin p\u00e4\u00e4h\u00e4n y\u00f6ll\u00e4. Uudelleenk\u00e4ytett\u00e4v\u00e4 ja turvallisempi kuin pyrotekniikka.  <\/p>\n<ul data-start=\"2183\" data-end=\"2300\">\n<li data-start=\"2183\" data-end=\"2216\">\n<p data-start=\"2185\" data-end=\"2216\">L\u00e4hett\u00e4\u00e4 kansainv\u00e4lisen morseaakkosten ominaispiirteit\u00e4 h\u00e4t\u00e4tilanteessa<\/p>\n<\/li>\n<li data-start=\"2183\" data-end=\"2216\">Sis\u00e4lt\u00e4\u00e4 p\u00e4iv\u00e4saikaan k\u00e4ytett\u00e4v\u00e4n h\u00e4t\u00e4lipun ja kiinnitystelineen<\/li>\n<li data-start=\"2217\" data-end=\"2261\">\n<p data-start=\"2219\" data-end=\"2261\">Kelluu ja toimii 3 tuntia halutulla valoteholla<\/p>\n<\/li>\n<li data-start=\"2217\" data-end=\"2261\">\n<p data-start=\"2219\" data-end=\"2261\">Uudelleenk\u00e4ytett\u00e4v\u00e4, paristok\u00e4ytt\u00f6inen turvallisuus<\/p>\n<\/li>\n<li data-start=\"2217\" data-end=\"2261\">\u2265180 valokulma \u226550 cd:lla Range Plus -hyv\u00e4ksytt\u00e4vyyden takaamiseksi<\/li>\n<\/ul>\n<hr data-start=\"2026\" data-end=\"2029\">\n<h4 data-start=\"2031\" data-end=\"2073\"><strong data-start=\"2036\" data-end=\"2071\">1 \u00d7 ACR-signaalipeili ja pilli<\/strong><\/h4>\n<p data-start=\"2074\" data-end=\"2096\">Lis\u00e4\u00e4 varasignaaleja ty\u00f6kalupakkiisi \u2013 erityisen hy\u00f6dyllinen, kun SAR-lentokoneita tai -aluksia on n\u00e4k\u00f6piiriss\u00e4, mutta ne eiv\u00e4t ole viel\u00e4 lukittuneet sijaintiisi.<br \/>\n V\u00e4hitt\u00e4ishinta: 10,99 \u00a3<br \/>\n<img loading=\"lazy\" decoding=\"async\" class=\"alignnone wp-image-31407 size-medium\" src=\"https:\/\/oceansignal.com\/wp-content\/uploads\/2025\/06\/Grab_Bag_EPIRB1_Kit-e1752085331562-300x131.png\" alt=\"\" width=\"300\" height=\"131\" srcset=\"https:\/\/oceansignal.com\/wp-content\/uploads\/2025\/06\/Grab_Bag_EPIRB1_Kit-e1752085331562-300x131.png 300w, https:\/\/oceansignal.com\/wp-content\/uploads\/2025\/06\/Grab_Bag_EPIRB1_Kit-e1752085331562-60x26.png 60w, https:\/\/oceansignal.com\/wp-content\/uploads\/2025\/06\/Grab_Bag_EPIRB1_Kit-e1752085331562-110x48.png 110w, https:\/\/oceansignal.com\/wp-content\/uploads\/2025\/06\/Grab_Bag_EPIRB1_Kit-e1752085331562.png 344w\" sizes=\"auto, (max-width: 300px) 100vw, 300px\" \/><br \/>\n Yksinkertaiset ty\u00f6kalut, joihin luotetaan maailmanlaajuisesti, l\u00e4hiet\u00e4isyyden merkinantoon, kun n\u00e4kyvyys on t\u00e4rke\u00e4\u00e4.<\/p>\n<ul data-start=\"2183\" data-end=\"2300\">\n<li data-start=\"2183\" data-end=\"2216\">\n<p data-start=\"2185\" data-end=\"2216\">Eritt\u00e4in heijastava kompakti peili p\u00e4iv\u00e4saikaan k\u00e4ytett\u00e4viin visuaalisiin signaaleihin &#8211; Suunniteltu heijastamaan auringonvaloa pitkien matkojen p\u00e4\u00e4st\u00e4, ihanteellinen ohikulkevien alusten tai lentokoneiden huomion kiinnitt\u00e4miseen<\/p>\n<\/li>\n<li data-start=\"2217\" data-end=\"2261\">\n<p data-start=\"2219\" data-end=\"2261\">Korkean desibelin pilli \u00e4\u00e4nimerkeille<\/p>\n<\/li>\n<li data-start=\"2262\" data-end=\"2300\">\n<p data-start=\"2264\" data-end=\"2300\">Kompaktit, huoltovapaat peruslaitteet<\/p>\n<\/li>\n<\/ul>\n<hr data-start=\"2461\" data-end=\"2464\">\n<h4 data-start=\"2466\" data-end=\"2513\"><strong data-start=\"2471\" data-end=\"2511\">1 \u00d7 Ocean Signal -vedenpit\u00e4v\u00e4 tarttumispussi<\/strong><\/h4>\n<p data-start=\"2514\" data-end=\"2536\">H\u00e4t\u00e4tilanteet ovat kaoottisia \u2013 t\u00e4m\u00e4 laukku varmistaa, ett\u00e4 parhaat varusteesi pysyv\u00e4t kuivina, yhdess\u00e4, n\u00e4kyviss\u00e4 ja helposti saatavilla.<br \/>\n V\u00e4hitt\u00e4ishinta: 129,99 \u00a3<br \/>\n<img loading=\"lazy\" decoding=\"async\" class=\"alignnone wp-image-31488 size-medium\" src=\"https:\/\/oceansignal.com\/wp-content\/uploads\/2025\/06\/Grab_Bag-1-241x300.webp\" alt=\"\" width=\"241\" height=\"300\" srcset=\"https:\/\/oceansignal.com\/wp-content\/uploads\/2025\/06\/Grab_Bag-1-241x300.webp 241w, https:\/\/oceansignal.com\/wp-content\/uploads\/2025\/06\/Grab_Bag-1-60x75.webp 60w, https:\/\/oceansignal.com\/wp-content\/uploads\/2025\/06\/Grab_Bag-1-110x137.webp 110w, https:\/\/oceansignal.com\/wp-content\/uploads\/2025\/06\/Grab_Bag-1.webp 489w\" sizes=\"auto, (max-width: 241px) 100vw, 241px\" \/><\/p>\n<p data-start=\"2538\" data-end=\"2634\">T\u00e4ss\u00e4 kirkkaassa, kelluvassa tarttumapussissa on ominaisuuksia, kuten:<\/p>\n<ul data-start=\"2636\" data-end=\"2778\">\n<li data-start=\"2636\" data-end=\"2669\">\n<p data-start=\"2638\" data-end=\"2669\">Kevyt ja helppo s\u00e4ilytt\u00e4\u00e4<\/p>\n<\/li>\n<li data-start=\"2670\" data-end=\"2722\">\n<p data-start=\"2672\" data-end=\"2722\">Kelluu ja suojaa sis\u00e4lt\u00f6\u00e4 ankarissa olosuhteissa<\/p>\n<\/li>\n<li data-start=\"2723\" data-end=\"2778\">\n<p data-start=\"2725\" data-end=\"2778\">Tekee v\u00e4ltt\u00e4m\u00e4tt\u00f6mien tavaroiden nappaamisen nopeaksi ja kitkattomaksi<\/p>\n<\/li>\n<\/ul>\n<p data-start=\"2780\" data-end=\"2896\">\n","protected":false},"excerpt":{"rendered":"<ul>\n<li>Ole valmiina, kun jokainen sekunti on t\u00e4rke\u00e4 <strong data-start=\"43\" data-end=\"89\">, Ocean Signal EPIRB2 Safety Kit Plus<\/strong> -turvapakkauksen avulla \u2014 v\u00e4ltt\u00e4m\u00e4t\u00f6n h\u00e4t\u00e4ratkaisu purjehtijoille, jotka kokoavat ensimm\u00e4ist\u00e4 kalastuslaukkuaan.<\/li>\n<p> \t<\/p>\n<li>Kest\u00e4v\u00e4\u00e4n ja kelluvaan <strong data-start=\"195\" data-end=\"220\">Ocean Signal Grab Bag<\/strong> -laukkuun pakattu pakkaus sis\u00e4lt\u00e4\u00e4 edistyneen <strong data-start=\"253\" data-end=\"263\">EPIRB2-<\/strong> l\u00e4hettimen, jossa on GPS-paikannus, Return Link Service (RLS) h\u00e4t\u00e4signaalin vastaanottamisen varmistamiseksi, kaksi vilkkuvaa valoa (n\u00e4kyv\u00e4 ja infrapuna) sek\u00e4 \u00e4lypuhelimen diagnostiikka NFC:n kautta.<\/li>\n<p> \t<\/p>\n<li>Mukana on my\u00f6s tehokas <strong data-start=\"444\" data-end=\"478\">EDF2 elektroninen h\u00e4t\u00e4raketti<\/strong> , joka tarjoaa 360 asteen n\u00e4kyvyyden kirkkailla moniv\u00e4risill\u00e4 ja infrapuna-LED-valoilla \u2013 ihanteellinen huomion her\u00e4tt\u00e4miseen h\u00e4m\u00e4r\u00e4ss\u00e4 tai huonossa n\u00e4kyvyydess\u00e4. Kompakti, vedenpit\u00e4v\u00e4 ja todellisiin pelastustilanteisiin suunniteltu pakkaus auttaa varmistamaan, ett\u00e4 sinut n\u00e4hd\u00e4\u00e4n, l\u00f6ydet\u00e4\u00e4n ja vied\u00e4\u00e4n kotiin \u2013 nopeasti. <\/li>\n<p> \t<\/p>\n<li>Paketin kokonaisarvo ovh: 920,96 \u00a3. S\u00e4\u00e4st\u00e4 170 \u00a3 t\u00e4ll\u00e4 paketilla! <\/li>\n<\/ul>\n","protected":false},"featured_media":31359,"template":"","meta":{"_acf_changed":false,"om_disable_all_campaigns":false},"product_brand":[],"product_cat":[1189,1660,610],"product_tag":[1661,1692],"class_list":{"0":"post-31900","1":"product","2":"type-product","3":"status-publish","4":"has-post-thumbnail","6":"product_cat-elektroninen-merkinanto-ja-flare","7":"product_cat-turvasarjat","8":"product_cat-rescueme-fi","9":"product_tag-nappauspussi","10":"product_tag-turvasarjat","12":"first","13":"instock","14":"taxable","15":"shipping-taxable","16":"purchasable","17":"product-type-simple"},"acf":[],"yoast_head":"<!-- This site is optimized with the Yoast SEO Premium plugin v25.2 (Yoast SEO v26.4) - https:\/\/yoast.com\/wordpress\/plugins\/seo\/ -->\n<title>EPIRB2 Purjehdusturvallisuussarja Plus - Ocean Signal<\/title>\n<meta name=\"robots\" content=\"index, follow, max-snippet:-1, max-image-preview:large, max-video-preview:-1\" \/>\n<link rel=\"canonical\" href=\"https:\/\/oceansignal.com\/fi\/products\/epirb2-turvasarja-plus\/\" \/>\n<meta property=\"og:locale\" content=\"fi_FI\" \/>\n<meta property=\"og:type\" content=\"article\" \/>\n<meta property=\"og:title\" content=\"EPIRB2 Purjehdusturvallisuussarja Plus\" \/>\n<meta property=\"og:description\" content=\"Ole valmiina, kun jokainen sekunti on t\u00e4rke\u00e4 , Ocean Signal EPIRB2 Safety Kit Plus -turvapakkauksen avulla \u2014 v\u00e4ltt\u00e4m\u00e4t\u00f6n h\u00e4t\u00e4ratkaisu purjehtijoille, jotka kokoavat ensimm\u00e4ist\u00e4 kalastuslaukkuaan. Kest\u00e4v\u00e4\u00e4n ja kelluvaan Ocean Signal Grab Bag -laukkuun pakattu pakkaus sis\u00e4lt\u00e4\u00e4 edistyneen EPIRB2- l\u00e4hettimen, jossa on GPS-paikannus, Return Link Service (RLS) h\u00e4t\u00e4signaalin vastaanottamisen varmistamiseksi, kaksi vilkkuvaa valoa (n\u00e4kyv\u00e4 ja infrapuna) sek\u00e4 \u00e4lypuhelimen diagnostiikka NFC:n kautta. Mukana on my\u00f6s tehokas EDF2 elektroninen h\u00e4t\u00e4raketti , joka tarjoaa 360 asteen n\u00e4kyvyyden kirkkailla moniv\u00e4risill\u00e4 ja infrapuna-LED-valoilla \u2013 ihanteellinen huomion her\u00e4tt\u00e4miseen h\u00e4m\u00e4r\u00e4ss\u00e4 tai huonossa n\u00e4kyvyydess\u00e4. Kompakti, vedenpit\u00e4v\u00e4 ja todellisiin pelastustilanteisiin suunniteltu pakkaus auttaa varmistamaan, ett\u00e4 sinut n\u00e4hd\u00e4\u00e4n, l\u00f6ydet\u00e4\u00e4n ja vied\u00e4\u00e4n kotiin \u2013 nopeasti.  Paketin kokonaisarvo ovh: 920,96 \u00a3. S\u00e4\u00e4st\u00e4 170 \u00a3 t\u00e4ll\u00e4 paketilla!\" \/>\n<meta property=\"og:url\" content=\"https:\/\/oceansignal.com\/fi\/products\/epirb2-turvasarja-plus\/\" \/>\n<meta property=\"og:site_name\" content=\"Ocean Signal\" \/>\n<meta property=\"article:modified_time\" content=\"2026-03-12T09:18:45+00:00\" \/>\n<meta property=\"og:image\" content=\"https:\/\/oceansignal.com\/wp-content\/uploads\/2025\/06\/Grab_Bag_EPIRB2_Safety_Kit_Plus-2.jpg\" \/>\n\t<meta property=\"og:image:width\" content=\"911\" \/>\n\t<meta property=\"og:image:height\" content=\"805\" \/>\n\t<meta property=\"og:image:type\" content=\"image\/jpeg\" \/>\n<meta name=\"twitter:card\" content=\"summary_large_image\" \/>\n<meta name=\"twitter:label1\" content=\"Arvioitu lukuaika\" \/>\n\t<meta name=\"twitter:data1\" content=\"2 minuuttia\" \/>\n<script type=\"application\/ld+json\" class=\"yoast-schema-graph\">{\"@context\":\"https:\/\/schema.org\",\"@graph\":[{\"@type\":\"WebPage\",\"@id\":\"https:\/\/oceansignal.com\/fi\/products\/epirb2-turvasarja-plus\/\",\"url\":\"https:\/\/oceansignal.com\/fi\/products\/epirb2-turvasarja-plus\/\",\"name\":\"EPIRB2 Purjehdusturvallisuussarja Plus - Ocean Signal\",\"isPartOf\":{\"@id\":\"https:\/\/oceansignal.com\/fi\/#website\"},\"primaryImageOfPage\":{\"@id\":\"https:\/\/oceansignal.com\/fi\/products\/epirb2-turvasarja-plus\/#primaryimage\"},\"image\":{\"@id\":\"https:\/\/oceansignal.com\/fi\/products\/epirb2-turvasarja-plus\/#primaryimage\"},\"thumbnailUrl\":\"https:\/\/oceansignal.com\/wp-content\/uploads\/2025\/06\/Grab_Bag_EPIRB2_Safety_Kit_Plus-2.jpg\",\"datePublished\":\"2025-07-17T08:59:49+00:00\",\"dateModified\":\"2026-03-12T09:18:45+00:00\",\"breadcrumb\":{\"@id\":\"https:\/\/oceansignal.com\/fi\/products\/epirb2-turvasarja-plus\/#breadcrumb\"},\"inLanguage\":\"fi\",\"potentialAction\":[{\"@type\":\"ReadAction\",\"target\":[\"https:\/\/oceansignal.com\/fi\/products\/epirb2-turvasarja-plus\/\"]}]},{\"@type\":\"ImageObject\",\"inLanguage\":\"fi\",\"@id\":\"https:\/\/oceansignal.com\/fi\/products\/epirb2-turvasarja-plus\/#primaryimage\",\"url\":\"https:\/\/oceansignal.com\/wp-content\/uploads\/2025\/06\/Grab_Bag_EPIRB2_Safety_Kit_Plus-2.jpg\",\"contentUrl\":\"https:\/\/oceansignal.com\/wp-content\/uploads\/2025\/06\/Grab_Bag_EPIRB2_Safety_Kit_Plus-2.jpg\",\"width\":911,\"height\":805,\"caption\":\"Ocean Signal -veneilyturvallisuussarja nyt saatavilla\"},{\"@type\":\"BreadcrumbList\",\"@id\":\"https:\/\/oceansignal.com\/fi\/products\/epirb2-turvasarja-plus\/#breadcrumb\",\"itemListElement\":[{\"@type\":\"ListItem\",\"position\":1,\"name\":\"Shop\",\"item\":\"https:\/\/oceansignal.com\/fi\/shop\/\"},{\"@type\":\"ListItem\",\"position\":2,\"name\":\"EPIRB2 Purjehdusturvallisuussarja Plus\"}]},{\"@type\":\"WebSite\",\"@id\":\"https:\/\/oceansignal.com\/fi\/#website\",\"url\":\"https:\/\/oceansignal.com\/fi\/\",\"name\":\"Ocean Signal\",\"description\":\"A leading manufacturer of EPIRBs, AIS, SARTs, Personal Locator Beacons, Man Overboard Beacon for the Marine and Outdoor Markets.\",\"potentialAction\":[{\"@type\":\"SearchAction\",\"target\":{\"@type\":\"EntryPoint\",\"urlTemplate\":\"https:\/\/oceansignal.com\/fi\/?s={search_term_string}\"},\"query-input\":{\"@type\":\"PropertyValueSpecification\",\"valueRequired\":true,\"valueName\":\"search_term_string\"}}],\"inLanguage\":\"fi\"}]}<\/script>\n<!-- \/ Yoast SEO Premium plugin. -->","yoast_head_json":{"title":"EPIRB2 Purjehdusturvallisuussarja Plus - Ocean Signal","robots":{"index":"index","follow":"follow","max-snippet":"max-snippet:-1","max-image-preview":"max-image-preview:large","max-video-preview":"max-video-preview:-1"},"canonical":"https:\/\/oceansignal.com\/fi\/products\/epirb2-turvasarja-plus\/","og_locale":"fi_FI","og_type":"article","og_title":"EPIRB2 Purjehdusturvallisuussarja Plus","og_description":"Ole valmiina, kun jokainen sekunti on t\u00e4rke\u00e4 , Ocean Signal EPIRB2 Safety Kit Plus -turvapakkauksen avulla \u2014 v\u00e4ltt\u00e4m\u00e4t\u00f6n h\u00e4t\u00e4ratkaisu purjehtijoille, jotka kokoavat ensimm\u00e4ist\u00e4 kalastuslaukkuaan. Kest\u00e4v\u00e4\u00e4n ja kelluvaan Ocean Signal Grab Bag -laukkuun pakattu pakkaus sis\u00e4lt\u00e4\u00e4 edistyneen EPIRB2- l\u00e4hettimen, jossa on GPS-paikannus, Return Link Service (RLS) h\u00e4t\u00e4signaalin vastaanottamisen varmistamiseksi, kaksi vilkkuvaa valoa (n\u00e4kyv\u00e4 ja infrapuna) sek\u00e4 \u00e4lypuhelimen diagnostiikka NFC:n kautta. Mukana on my\u00f6s tehokas EDF2 elektroninen h\u00e4t\u00e4raketti , joka tarjoaa 360 asteen n\u00e4kyvyyden kirkkailla moniv\u00e4risill\u00e4 ja infrapuna-LED-valoilla \u2013 ihanteellinen huomion her\u00e4tt\u00e4miseen h\u00e4m\u00e4r\u00e4ss\u00e4 tai huonossa n\u00e4kyvyydess\u00e4. Kompakti, vedenpit\u00e4v\u00e4 ja todellisiin pelastustilanteisiin suunniteltu pakkaus auttaa varmistamaan, ett\u00e4 sinut n\u00e4hd\u00e4\u00e4n, l\u00f6ydet\u00e4\u00e4n ja vied\u00e4\u00e4n kotiin \u2013 nopeasti.  Paketin kokonaisarvo ovh: 920,96 \u00a3. S\u00e4\u00e4st\u00e4 170 \u00a3 t\u00e4ll\u00e4 paketilla!","og_url":"https:\/\/oceansignal.com\/fi\/products\/epirb2-turvasarja-plus\/","og_site_name":"Ocean Signal","article_modified_time":"2026-03-12T09:18:45+00:00","og_image":[{"width":911,"height":805,"url":"https:\/\/oceansignal.com\/wp-content\/uploads\/2025\/06\/Grab_Bag_EPIRB2_Safety_Kit_Plus-2.jpg","type":"image\/jpeg"}],"twitter_card":"summary_large_image","twitter_misc":{"Arvioitu lukuaika":"2 minuuttia"},"schema":{"@context":"https:\/\/schema.org","@graph":[{"@type":"WebPage","@id":"https:\/\/oceansignal.com\/fi\/products\/epirb2-turvasarja-plus\/","url":"https:\/\/oceansignal.com\/fi\/products\/epirb2-turvasarja-plus\/","name":"EPIRB2 Purjehdusturvallisuussarja Plus - Ocean Signal","isPartOf":{"@id":"https:\/\/oceansignal.com\/fi\/#website"},"primaryImageOfPage":{"@id":"https:\/\/oceansignal.com\/fi\/products\/epirb2-turvasarja-plus\/#primaryimage"},"image":{"@id":"https:\/\/oceansignal.com\/fi\/products\/epirb2-turvasarja-plus\/#primaryimage"},"thumbnailUrl":"https:\/\/oceansignal.com\/wp-content\/uploads\/2025\/06\/Grab_Bag_EPIRB2_Safety_Kit_Plus-2.jpg","datePublished":"2025-07-17T08:59:49+00:00","dateModified":"2026-03-12T09:18:45+00:00","breadcrumb":{"@id":"https:\/\/oceansignal.com\/fi\/products\/epirb2-turvasarja-plus\/#breadcrumb"},"inLanguage":"fi","potentialAction":[{"@type":"ReadAction","target":["https:\/\/oceansignal.com\/fi\/products\/epirb2-turvasarja-plus\/"]}]},{"@type":"ImageObject","inLanguage":"fi","@id":"https:\/\/oceansignal.com\/fi\/products\/epirb2-turvasarja-plus\/#primaryimage","url":"https:\/\/oceansignal.com\/wp-content\/uploads\/2025\/06\/Grab_Bag_EPIRB2_Safety_Kit_Plus-2.jpg","contentUrl":"https:\/\/oceansignal.com\/wp-content\/uploads\/2025\/06\/Grab_Bag_EPIRB2_Safety_Kit_Plus-2.jpg","width":911,"height":805,"caption":"Ocean Signal -veneilyturvallisuussarja nyt saatavilla"},{"@type":"BreadcrumbList","@id":"https:\/\/oceansignal.com\/fi\/products\/epirb2-turvasarja-plus\/#breadcrumb","itemListElement":[{"@type":"ListItem","position":1,"name":"Shop","item":"https:\/\/oceansignal.com\/fi\/shop\/"},{"@type":"ListItem","position":2,"name":"EPIRB2 Purjehdusturvallisuussarja Plus"}]},{"@type":"WebSite","@id":"https:\/\/oceansignal.com\/fi\/#website","url":"https:\/\/oceansignal.com\/fi\/","name":"Ocean Signal","description":"A leading manufacturer of EPIRBs, AIS, SARTs, Personal Locator Beacons, Man Overboard Beacon for the Marine and Outdoor Markets.","potentialAction":[{"@type":"SearchAction","target":{"@type":"EntryPoint","urlTemplate":"https:\/\/oceansignal.com\/fi\/?s={search_term_string}"},"query-input":{"@type":"PropertyValueSpecification","valueRequired":true,"valueName":"search_term_string"}}],"inLanguage":"fi"}]}},"_links":{"self":[{"href":"https:\/\/oceansignal.com\/fi\/wp-json\/wp\/v2\/product\/31900","targetHints":{"allow":["GET"]}}],"collection":[{"href":"https:\/\/oceansignal.com\/fi\/wp-json\/wp\/v2\/product"}],"about":[{"href":"https:\/\/oceansignal.com\/fi\/wp-json\/wp\/v2\/types\/product"}],"wp:featuredmedia":[{"embeddable":true,"href":"https:\/\/oceansignal.com\/fi\/wp-json\/wp\/v2\/media\/31359"}],"wp:attachment":[{"href":"https:\/\/oceansignal.com\/fi\/wp-json\/wp\/v2\/media?parent=31900"}],"wp:term":[{"taxonomy":"product_brand","embeddable":true,"href":"https:\/\/oceansignal.com\/fi\/wp-json\/wp\/v2\/product_brand?post=31900"},{"taxonomy":"product_cat","embeddable":true,"href":"https:\/\/oceansignal.com\/fi\/wp-json\/wp\/v2\/product_cat?post=31900"},{"taxonomy":"product_tag","embeddable":true,"href":"https:\/\/oceansignal.com\/fi\/wp-json\/wp\/v2\/product_tag?post=31900"}],"curies":[{"name":"wp","href":"https:\/\/api.w.org\/{rel}","templated":true}]}}