{"id":31930,"date":"2025-06-24T09:48:12","date_gmt":"2025-06-24T09:48:12","guid":{"rendered":"https:\/\/oceansignal.com\/products\/epirb3-turvasarja\/"},"modified":"2026-03-26T15:12:35","modified_gmt":"2026-03-26T15:12:35","slug":"epirb3-turvasarja","status":"publish","type":"product","link":"https:\/\/oceansignal.com\/fi\/products\/epirb3-turvasarja\/","title":{"rendered":"EPIRB3 purjehdusturvallisuussarja"},"content":{"rendered":"<h3 class=\"ai-optimize-42\" data-start=\"3285\" data-end=\"3337\"><strong data-start=\"3292\" data-end=\"3337\"><img loading=\"lazy\" decoding=\"async\" class=\"alignnone size-full wp-image-32359\" src=\"https:\/\/oceansignal.com\/wp-content\/uploads\/2025\/07\/View-New-Safety-Kits.png\" alt=\"\" width=\"300\" height=\"75\" srcset=\"https:\/\/oceansignal.com\/wp-content\/uploads\/2025\/07\/View-New-Safety-Kits.png 300w, https:\/\/oceansignal.com\/wp-content\/uploads\/2025\/07\/View-New-Safety-Kits-60x15.png 60w, https:\/\/oceansignal.com\/wp-content\/uploads\/2025\/07\/View-New-Safety-Kits-110x28.png 110w\" sizes=\"auto, (max-width: 300px) 100vw, 300px\" \/><\/strong><\/h3>\n<h3 class=\"ai-optimize-43\" data-start=\"2673\" data-end=\"2727\"><strong data-start=\"2680\" data-end=\"2727\">Miksi valita EPIRB3-paketti?<\/strong><\/h3>\n<p class=\"ai-optimize-44 ai-optimize-introduction\" data-start=\"2729\" data-end=\"3018\">EPIRB3-paketti on edistynein aloitustason paketti, jonka voit saada. Maailman johtavan EPIRB-teknologian, intuitiivisen \u00e4lypuhelinasennuksen sek\u00e4 paikallisen ja globaalin pelastusn\u00e4kyvyyden ansiosta se on t\u00e4ydellinen kaikille, jotka haluavat mielenrauhaa, m\u00e4\u00e4r\u00e4ystenmukaisuutta ja moderneja ominaisuuksia alusta alkaen. <\/p>\n<p class=\"ai-optimize-45\" data-start=\"3020\" data-end=\"3075\">Paras alku offshore-turvallisuuteen. Ei kompromisseja. <\/p>\n<h3 class=\"ai-optimize-46\" data-start=\"2313\" data-end=\"2334\"><strong data-start=\"2320\" data-end=\"2334\">Ihanteellinen:<\/strong><\/h3>\n<ul data-start=\"2335\" data-end=\"2600\">\n<li class=\"ai-optimize-47\" data-start=\"2335\" data-end=\"2389\">\n<p class=\"ai-optimize-48\" data-start=\"2337\" data-end=\"2389\">Offshore-purjehtijat, jahtien omistajat ja valtameriristeilij\u00e4t<\/p>\n<\/li>\n<li class=\"ai-optimize-49\" data-start=\"2390\" data-end=\"2456\">\n<p class=\"ai-optimize-50\" data-start=\"2392\" data-end=\"2456\">Miehist\u00f6t, jotka valmistautuvat luokan 1 avomerikilpailuihin tai avomerimatkoihin<\/p>\n<\/li>\n<li class=\"ai-optimize-51\" data-start=\"2457\" data-end=\"2532\">\n<p class=\"ai-optimize-52\" data-start=\"2459\" data-end=\"2532\">Turvallisuustietoiset kipparit etsiv\u00e4t huippuluokan EPIRB-teknologiaa<\/p>\n<\/li>\n<li class=\"ai-optimize-53\" data-start=\"2533\" data-end=\"2600\">\n<p class=\"ai-optimize-54\" data-start=\"2535\" data-end=\"2600\">Purjehtijat vaihtavat vanhemmat EPIRBit nykyaikaisiin, m\u00e4\u00e4r\u00e4ystenmukaisiin varusteisiin<\/p>\n<\/li>\n<\/ul>\n<h3 class=\"ai-optimize-55\" data-start=\"673\" data-end=\"726\"><strong data-start=\"680\" data-end=\"726\">Mit\u00e4 sis\u00e4ltyy ja miten se tukee pelastustoimintaa?<\/strong><\/h3>\n<h4 class=\"ai-optimize-56\" data-start=\"728\" data-end=\"762\"><strong data-start=\"733\" data-end=\"760\">1 \u00d7 Merisignaali EPIRB3<\/strong><\/h4>\n<p class=\"ai-optimize-57\" data-start=\"763\" data-end=\"786\">Voidaan n\u00e4hd\u00e4 paikallisesti (alukset, joissa on AIS-l\u00e4hetin-vastaanottimet) ja maailmanlaajuisesti (406 MHz:n viesti toimitetaan etsint\u00e4- ja pelastusyksik\u00f6ille), seurata tarkasti (AIS) ja varmistaa reaaliaikaisella vahvistuksella (RLS) \u2013 kaikki yhdell\u00e4 laitteella.<br \/>\n V\u00e4hitt\u00e4ishinta: 840,95 \u00a3<\/p>\n<p data-start=\"763\" data-end=\"786\"><img loading=\"lazy\" decoding=\"async\" class=\"alignnone size-medium wp-image-2147\" src=\"https:\/\/oceansignal.com\/wp-content\/uploads\/2024\/03\/EPIRB3-Front-300-RLS-on-1-300x300.png\" alt=\"Ocean Signal EPIRB3, jossa sininen paluulinkkipalvelun merkkivalo palaa.\" width=\"300\" height=\"300\" srcset=\"https:\/\/oceansignal.com\/wp-content\/uploads\/2024\/03\/EPIRB3-Front-300-RLS-on-1-300x300.png 300w, https:\/\/oceansignal.com\/wp-content\/uploads\/2024\/03\/EPIRB3-Front-300-RLS-on-1-150x150.png 150w, https:\/\/oceansignal.com\/wp-content\/uploads\/2024\/03\/EPIRB3-Front-300-RLS-on-1-100x100.png 100w, https:\/\/oceansignal.com\/wp-content\/uploads\/2024\/03\/EPIRB3-Front-300-RLS-on-1.png 411w\" sizes=\"auto, (max-width: 300px) 100vw, 300px\" \/><\/p>\n<p class=\"ai-optimize-58\" data-start=\"788\" data-end=\"915\">Ocean Signalin lippulaiva-EPIRB, joka on rakennettu t\u00e4ytt\u00e4m\u00e4\u00e4n uusimmat kansainv\u00e4liset standardit ja t\u00e4ynn\u00e4 hengenpelastusominaisuuksia, kuten:<\/p>\n<ul data-start=\"917\" data-end=\"1359\">\n<li class=\"ai-optimize-59\" data-start=\"917\" data-end=\"965\">\n<p class=\"ai-optimize-60\" data-start=\"919\" data-end=\"965\"><strong>406 MHz:n Cospas-Sarsat-satelliittih\u00e4lytys<\/strong><\/p>\n<\/li>\n<li class=\"ai-optimize-61\" data-start=\"966\" data-end=\"1014\">\n<p class=\"ai-optimize-62\" data-start=\"968\" data-end=\"1014\"><strong>AIS-l\u00e4hetys l\u00e4hell\u00e4 oleviin aluksiin, joissa on AIS-l\u00e4hetin-vastaanottimet<\/strong><\/p>\n<\/li>\n<li class=\"ai-optimize-63\" data-start=\"1015\" data-end=\"1097\">\n<p class=\"ai-optimize-64\" data-start=\"1017\" data-end=\"1097\"><strong>Paluulinkkipalvelu (RLS): vahvistaa, ett\u00e4 h\u00e4t\u00e4signaalisi on vastaanotettu<\/strong><\/p>\n<\/li>\n<li class=\"ai-optimize-65\" data-start=\"1098\" data-end=\"1148\">\n<p class=\"ai-optimize-66\" data-start=\"1100\" data-end=\"1148\"><strong>GNSS (GPS + Galileo) \u00e4\u00e4rimm\u00e4isen tarkkaan paikannukseen<\/strong><\/p>\n<\/li>\n<li class=\"ai-optimize-67\" data-start=\"1149\" data-end=\"1186\">\n<p class=\"ai-optimize-68\" data-start=\"1151\" data-end=\"1186\"><strong>121,5 MHz:n paikallinen itseohjautuva signaali<\/strong><\/p>\n<\/li>\n<li class=\"ai-optimize-69\" data-start=\"1187\" data-end=\"1239\">\n<p class=\"ai-optimize-70\" data-start=\"1189\" data-end=\"1239\"><strong>N\u00e4kyv\u00e4t ja infrapunavalot visuaaliseen havaitsemiseen h\u00e4m\u00e4r\u00e4ss\u00e4<\/strong><\/p>\n<\/li>\n<li class=\"ai-optimize-71\" data-start=\"1240\" data-end=\"1299\">\n<p class=\"ai-optimize-72\" data-start=\"1242\" data-end=\"1299\"><strong>NFC-\u00e4lypuhelimen asennus ilmaisella Ocean Signal -sovelluksella<\/strong><\/p>\n<\/li>\n<li class=\"ai-optimize-73\" data-start=\"1300\" data-end=\"1359\">\n<p class=\"ai-optimize-74\" data-start=\"1302\" data-end=\"1359\"><strong>Manuaalinen kiinnike (Cat II) joustavaan asennukseen<\/strong><\/p>\n<\/li>\n<\/ul>\n<hr data-start=\"1511\" data-end=\"1514\">\n<h4 class=\"ai-optimize-75\" data-start=\"1516\" data-end=\"1558\"><strong data-start=\"1521\" data-end=\"1556\">1 \u00d7 ACR-signaalipeili ja pilli<\/strong><\/h4>\n<p class=\"ai-optimize-76\" data-start=\"1559\" data-end=\"1581\">Ihanteellinen, kun SAR-ryhm\u00e4t ovat l\u00e4hell\u00e4 ja sinun on kiinnitett\u00e4v\u00e4 heid\u00e4n huomionsa nopeasti ja selv\u00e4sti.<br \/>\n V\u00e4hitt\u00e4ishinta: 10,99 \u00a3<\/p>\n<p data-start=\"1559\" data-end=\"1581\"><img loading=\"lazy\" decoding=\"async\" class=\"alignnone wp-image-31407 size-medium\" src=\"https:\/\/oceansignal.com\/wp-content\/uploads\/2025\/06\/Grab_Bag_EPIRB1_Kit-e1752085331562-300x131.png\" alt=\"\" width=\"300\" height=\"131\" srcset=\"https:\/\/oceansignal.com\/wp-content\/uploads\/2025\/06\/Grab_Bag_EPIRB1_Kit-e1752085331562-300x131.png 300w, https:\/\/oceansignal.com\/wp-content\/uploads\/2025\/06\/Grab_Bag_EPIRB1_Kit-e1752085331562-60x26.png 60w, https:\/\/oceansignal.com\/wp-content\/uploads\/2025\/06\/Grab_Bag_EPIRB1_Kit-e1752085331562-110x48.png 110w, https:\/\/oceansignal.com\/wp-content\/uploads\/2025\/06\/Grab_Bag_EPIRB1_Kit-e1752085331562.png 344w\" sizes=\"auto, (max-width: 300px) 100vw, 300px\" \/><\/p>\n<p class=\"ai-optimize-77\" data-start=\"1583\" data-end=\"1691\">N\u00e4m\u00e4 huoltovapaat ty\u00f6kalut lis\u00e4\u00e4v\u00e4t arvokasta n\u00e4kyvyytt\u00e4 ja \u00e4\u00e4nisignaaleja pelastuksen viimeisiss\u00e4 vaiheissa.<\/p>\n<ul data-start=\"1693\" data-end=\"1791\">\n<li class=\"ai-optimize-78\" data-start=\"1693\" data-end=\"1734\">\n<p class=\"ai-optimize-79\" data-start=\"1695\" data-end=\"1734\"><strong>Eritt\u00e4in heijastava kompakti peili p\u00e4iv\u00e4saikaan k\u00e4ytett\u00e4viin visuaalisiin signaaleihin &#8211; Suunniteltu heijastamaan auringonvaloa pitkien et\u00e4isyyksien p\u00e4\u00e4st\u00e4, ihanteellinen ohikulkevien alusten tai lentokoneiden huomion kiinnitt\u00e4miseen<\/strong><\/p>\n<\/li>\n<li class=\"ai-optimize-80\" data-start=\"1735\" data-end=\"1791\">\n<p class=\"ai-optimize-81\" data-start=\"1737\" data-end=\"1791\"><strong>Kova, \u00e4\u00e4net\u00f6n vihellys her\u00e4tt\u00e4\u00e4 l\u00e4hiet\u00e4isyyden huomion<\/strong><\/p>\n<\/li>\n<\/ul>\n<hr data-start=\"1909\" data-end=\"1912\">\n<h4 class=\"ai-optimize-82\" data-start=\"1914\" data-end=\"1961\"><strong data-start=\"1919\" data-end=\"1959\">1 \u00d7 Ocean Signal -vedenpit\u00e4v\u00e4 tarttumispussi<\/strong><\/h4>\n<p class=\"ai-optimize-83\" data-start=\"1962\" data-end=\"1985\"><em data-start=\"1962\" data-end=\"1985\">Kun jokainen sekunti on t\u00e4rke\u00e4, kaiken pit\u00e4minen yhdess\u00e4 kuivassa ja n\u00e4kyv\u00e4ss\u00e4 paikassa on kriittist\u00e4.<br \/>\n V\u00e4hitt\u00e4ishinta: 129,99 \u00a3<\/em><\/p>\n<p data-start=\"1962\" data-end=\"1985\"><img loading=\"lazy\" decoding=\"async\" class=\"alignnone wp-image-31488 size-medium\" src=\"https:\/\/oceansignal.com\/wp-content\/uploads\/2025\/06\/Grab_Bag-1-241x300.webp\" alt=\"\" width=\"241\" height=\"300\" srcset=\"https:\/\/oceansignal.com\/wp-content\/uploads\/2025\/06\/Grab_Bag-1-241x300.webp 241w, https:\/\/oceansignal.com\/wp-content\/uploads\/2025\/06\/Grab_Bag-1-60x75.webp 60w, https:\/\/oceansignal.com\/wp-content\/uploads\/2025\/06\/Grab_Bag-1-110x137.webp 110w, https:\/\/oceansignal.com\/wp-content\/uploads\/2025\/06\/Grab_Bag-1.webp 489w\" sizes=\"auto, (max-width: 241px) 100vw, 241px\" \/><\/p>\n<p class=\"ai-optimize-84\" data-start=\"1987\" data-end=\"2079\">T\u00e4m\u00e4 kest\u00e4v\u00e4 ja kelluva laukku pit\u00e4\u00e4 t\u00e4rkeimm\u00e4t varusteesi kasassa \u2013 kuivana, suojattuna ja k\u00e4ytt\u00f6valmiina.<\/p>\n<ul data-start=\"2081\" data-end=\"2190\">\n<li class=\"ai-optimize-85\" data-start=\"2081\" data-end=\"2107\">\n<p class=\"ai-optimize-86\" data-start=\"2083\" data-end=\"2107\"><strong>Hyvin n\u00e4kyv\u00e4 v\u00e4ri<\/strong><\/p>\n<\/li>\n<li class=\"ai-optimize-87\" data-start=\"2108\" data-end=\"2131\">\n<p class=\"ai-optimize-88\" data-start=\"2110\" data-end=\"2131\"><strong>Kelluva<\/strong><\/p>\n<\/li>\n<li class=\"ai-optimize-89\" data-start=\"2132\" data-end=\"2190\">\n<p class=\"ai-optimize-90\" data-start=\"2134\" data-end=\"2190\"><strong>Ihanteellinen koko EPIRBille, muille turvavarusteille ja t\u00e4rkeille asiakirjoille<\/strong><\/p>\n<\/li>\n<\/ul>\n","protected":false},"excerpt":{"rendered":"<ul>\n<li class=\"ai-optimize-38\">EPIRB3-sarja on huippuluokan, kaiken kattava turvallisuusratkaisu purjehtijoille, jotka haluavat k\u00e4ytt\u00f6\u00f6ns\u00e4 edistyneimm\u00e4t saatavilla olevat EPIRB-ominaisuudet \u2013 heti k\u00e4ytt\u00f6valmiina.<\/li>\n<li class=\"ai-optimize-39\">AIS:n, paluulinkkipalvelun, GNSS-paikannuksen ja globaalin Cospas-Sarsat-h\u00e4lytyksen ansiosta EPIRB3 tarjoaa yksin ja miehist\u00f6ll\u00e4 purjehtiville purjehtijoille tulevaisuuden vaatimukset t\u00e4ytt\u00e4v\u00e4n turvallisuusratkaisun ensimm\u00e4isest\u00e4 p\u00e4iv\u00e4st\u00e4 l\u00e4htien.<\/li>\n<li class=\"ai-optimize-40\">Mukana toimitettava kantolaukku varmistaa, ett\u00e4 sinulla on eritt\u00e4in n\u00e4kyv\u00e4 ja kelluva s\u00e4ilytysratkaisu pakkaukseen sis\u00e4ltyville EPIRB3-laitteellesi, merkinantopeilille ja pillille.<\/li>\n<\/ul>\n<p class=\"ai-optimize-41\">Paketin kokonaisarvo ovh: 990,97 \u00a3. S\u00e4\u00e4st\u00e4 129,98 \u00a3 t\u00e4ll\u00e4 paketilla! <\/p>\n","protected":false},"featured_media":31574,"template":"","meta":{"_acf_changed":false,"om_disable_all_campaigns":false},"product_brand":[],"product_cat":[1660,610],"product_tag":[725,728,1661,1692],"class_list":{"0":"post-31930","1":"product","2":"type-product","3":"status-publish","4":"has-post-thumbnail","6":"product_cat-turvasarjat","7":"product_cat-rescueme-fi","8":"product_tag-epirb-fi","9":"product_tag-epirb3-fi","10":"product_tag-nappauspussi","11":"product_tag-turvasarjat","13":"first","14":"instock","15":"taxable","16":"shipping-taxable","17":"purchasable","18":"product-type-simple"},"acf":[],"yoast_head":"<!-- This site is optimized with the Yoast SEO Premium plugin v25.2 (Yoast SEO v26.4) - https:\/\/yoast.com\/wordpress\/plugins\/seo\/ -->\n<title>EPIRB3 purjehdusturvallisuussarja - Ocean Signal<\/title>\n<meta name=\"robots\" content=\"index, follow, max-snippet:-1, max-image-preview:large, max-video-preview:-1\" \/>\n<link rel=\"canonical\" href=\"https:\/\/oceansignal.com\/fi\/products\/epirb3-turvasarja\/\" \/>\n<meta property=\"og:locale\" content=\"fi_FI\" \/>\n<meta property=\"og:type\" content=\"article\" \/>\n<meta property=\"og:title\" content=\"EPIRB3 purjehdusturvallisuussarja\" \/>\n<meta property=\"og:description\" content=\"EPIRB3-sarja on huippuluokan, kaiken kattava turvallisuusratkaisu purjehtijoille, jotka haluavat k\u00e4ytt\u00f6\u00f6ns\u00e4 edistyneimm\u00e4t saatavilla olevat EPIRB-ominaisuudet \u2013 heti k\u00e4ytt\u00f6valmiina.  AIS:n, paluulinkkipalvelun, GNSS-paikannuksen ja globaalin Cospas-Sarsat-h\u00e4lytyksen ansiosta EPIRB3 tarjoaa yksin ja miehist\u00f6ll\u00e4 purjehtiville purjehtijoille tulevaisuuden vaatimukset t\u00e4ytt\u00e4v\u00e4n turvallisuusratkaisun ensimm\u00e4isest\u00e4 p\u00e4iv\u00e4st\u00e4 l\u00e4htien.  Mukana toimitettava kantolaukku varmistaa, ett\u00e4 sinulla on eritt\u00e4in n\u00e4kyv\u00e4 ja kelluva s\u00e4ilytysratkaisu pakkaukseen sis\u00e4ltyville EPIRB3-laitteellesi, merkinantopeilille ja pillille. Paketin kokonaisarvo ovh: 990,97 \u00a3. S\u00e4\u00e4st\u00e4 129,98 \u00a3 t\u00e4ll\u00e4 paketilla!\" \/>\n<meta property=\"og:url\" content=\"https:\/\/oceansignal.com\/fi\/products\/epirb3-turvasarja\/\" \/>\n<meta property=\"og:site_name\" content=\"Ocean Signal\" \/>\n<meta property=\"article:modified_time\" content=\"2026-03-26T15:12:35+00:00\" \/>\n<meta property=\"og:image\" content=\"https:\/\/oceansignal.com\/wp-content\/uploads\/2025\/06\/Grab_Bag_EPIRB3_Kit-1.jpg\" \/>\n\t<meta property=\"og:image:width\" content=\"911\" \/>\n\t<meta property=\"og:image:height\" content=\"805\" \/>\n\t<meta property=\"og:image:type\" content=\"image\/jpeg\" \/>\n<meta name=\"twitter:card\" content=\"summary_large_image\" \/>\n<meta name=\"twitter:label1\" content=\"Arvioitu lukuaika\" \/>\n\t<meta name=\"twitter:data1\" content=\"2 minuuttia\" \/>\n<script type=\"application\/ld+json\" class=\"yoast-schema-graph\">{\"@context\":\"https:\/\/schema.org\",\"@graph\":[{\"@type\":\"WebPage\",\"@id\":\"https:\/\/oceansignal.com\/fi\/products\/epirb3-turvasarja\/\",\"url\":\"https:\/\/oceansignal.com\/fi\/products\/epirb3-turvasarja\/\",\"name\":\"EPIRB3 purjehdusturvallisuussarja - Ocean Signal\",\"isPartOf\":{\"@id\":\"https:\/\/oceansignal.com\/fi\/#website\"},\"primaryImageOfPage\":{\"@id\":\"https:\/\/oceansignal.com\/fi\/products\/epirb3-turvasarja\/#primaryimage\"},\"image\":{\"@id\":\"https:\/\/oceansignal.com\/fi\/products\/epirb3-turvasarja\/#primaryimage\"},\"thumbnailUrl\":\"https:\/\/oceansignal.com\/wp-content\/uploads\/2025\/06\/Grab_Bag_EPIRB3_Kit-1.jpg\",\"datePublished\":\"2025-06-24T09:48:12+00:00\",\"dateModified\":\"2026-03-26T15:12:35+00:00\",\"breadcrumb\":{\"@id\":\"https:\/\/oceansignal.com\/fi\/products\/epirb3-turvasarja\/#breadcrumb\"},\"inLanguage\":\"fi\",\"potentialAction\":[{\"@type\":\"ReadAction\",\"target\":[\"https:\/\/oceansignal.com\/fi\/products\/epirb3-turvasarja\/\"]}]},{\"@type\":\"ImageObject\",\"inLanguage\":\"fi\",\"@id\":\"https:\/\/oceansignal.com\/fi\/products\/epirb3-turvasarja\/#primaryimage\",\"url\":\"https:\/\/oceansignal.com\/wp-content\/uploads\/2025\/06\/Grab_Bag_EPIRB3_Kit-1.jpg\",\"contentUrl\":\"https:\/\/oceansignal.com\/wp-content\/uploads\/2025\/06\/Grab_Bag_EPIRB3_Kit-1.jpg\",\"width\":911,\"height\":805},{\"@type\":\"BreadcrumbList\",\"@id\":\"https:\/\/oceansignal.com\/fi\/products\/epirb3-turvasarja\/#breadcrumb\",\"itemListElement\":[{\"@type\":\"ListItem\",\"position\":1,\"name\":\"Shop\",\"item\":\"https:\/\/oceansignal.com\/fi\/shop\/\"},{\"@type\":\"ListItem\",\"position\":2,\"name\":\"EPIRB3 purjehdusturvallisuussarja\"}]},{\"@type\":\"WebSite\",\"@id\":\"https:\/\/oceansignal.com\/fi\/#website\",\"url\":\"https:\/\/oceansignal.com\/fi\/\",\"name\":\"Ocean Signal\",\"description\":\"A leading manufacturer of EPIRBs, AIS, SARTs, Personal Locator Beacons, Man Overboard Beacon for the Marine and Outdoor Markets.\",\"potentialAction\":[{\"@type\":\"SearchAction\",\"target\":{\"@type\":\"EntryPoint\",\"urlTemplate\":\"https:\/\/oceansignal.com\/fi\/?s={search_term_string}\"},\"query-input\":{\"@type\":\"PropertyValueSpecification\",\"valueRequired\":true,\"valueName\":\"search_term_string\"}}],\"inLanguage\":\"fi\"}]}<\/script>\n<!-- \/ Yoast SEO Premium plugin. -->","yoast_head_json":{"title":"EPIRB3 purjehdusturvallisuussarja - Ocean Signal","robots":{"index":"index","follow":"follow","max-snippet":"max-snippet:-1","max-image-preview":"max-image-preview:large","max-video-preview":"max-video-preview:-1"},"canonical":"https:\/\/oceansignal.com\/fi\/products\/epirb3-turvasarja\/","og_locale":"fi_FI","og_type":"article","og_title":"EPIRB3 purjehdusturvallisuussarja","og_description":"EPIRB3-sarja on huippuluokan, kaiken kattava turvallisuusratkaisu purjehtijoille, jotka haluavat k\u00e4ytt\u00f6\u00f6ns\u00e4 edistyneimm\u00e4t saatavilla olevat EPIRB-ominaisuudet \u2013 heti k\u00e4ytt\u00f6valmiina.  AIS:n, paluulinkkipalvelun, GNSS-paikannuksen ja globaalin Cospas-Sarsat-h\u00e4lytyksen ansiosta EPIRB3 tarjoaa yksin ja miehist\u00f6ll\u00e4 purjehtiville purjehtijoille tulevaisuuden vaatimukset t\u00e4ytt\u00e4v\u00e4n turvallisuusratkaisun ensimm\u00e4isest\u00e4 p\u00e4iv\u00e4st\u00e4 l\u00e4htien.  Mukana toimitettava kantolaukku varmistaa, ett\u00e4 sinulla on eritt\u00e4in n\u00e4kyv\u00e4 ja kelluva s\u00e4ilytysratkaisu pakkaukseen sis\u00e4ltyville EPIRB3-laitteellesi, merkinantopeilille ja pillille. Paketin kokonaisarvo ovh: 990,97 \u00a3. S\u00e4\u00e4st\u00e4 129,98 \u00a3 t\u00e4ll\u00e4 paketilla!","og_url":"https:\/\/oceansignal.com\/fi\/products\/epirb3-turvasarja\/","og_site_name":"Ocean Signal","article_modified_time":"2026-03-26T15:12:35+00:00","og_image":[{"width":911,"height":805,"url":"https:\/\/oceansignal.com\/wp-content\/uploads\/2025\/06\/Grab_Bag_EPIRB3_Kit-1.jpg","type":"image\/jpeg"}],"twitter_card":"summary_large_image","twitter_misc":{"Arvioitu lukuaika":"2 minuuttia"},"schema":{"@context":"https:\/\/schema.org","@graph":[{"@type":"WebPage","@id":"https:\/\/oceansignal.com\/fi\/products\/epirb3-turvasarja\/","url":"https:\/\/oceansignal.com\/fi\/products\/epirb3-turvasarja\/","name":"EPIRB3 purjehdusturvallisuussarja - Ocean Signal","isPartOf":{"@id":"https:\/\/oceansignal.com\/fi\/#website"},"primaryImageOfPage":{"@id":"https:\/\/oceansignal.com\/fi\/products\/epirb3-turvasarja\/#primaryimage"},"image":{"@id":"https:\/\/oceansignal.com\/fi\/products\/epirb3-turvasarja\/#primaryimage"},"thumbnailUrl":"https:\/\/oceansignal.com\/wp-content\/uploads\/2025\/06\/Grab_Bag_EPIRB3_Kit-1.jpg","datePublished":"2025-06-24T09:48:12+00:00","dateModified":"2026-03-26T15:12:35+00:00","breadcrumb":{"@id":"https:\/\/oceansignal.com\/fi\/products\/epirb3-turvasarja\/#breadcrumb"},"inLanguage":"fi","potentialAction":[{"@type":"ReadAction","target":["https:\/\/oceansignal.com\/fi\/products\/epirb3-turvasarja\/"]}]},{"@type":"ImageObject","inLanguage":"fi","@id":"https:\/\/oceansignal.com\/fi\/products\/epirb3-turvasarja\/#primaryimage","url":"https:\/\/oceansignal.com\/wp-content\/uploads\/2025\/06\/Grab_Bag_EPIRB3_Kit-1.jpg","contentUrl":"https:\/\/oceansignal.com\/wp-content\/uploads\/2025\/06\/Grab_Bag_EPIRB3_Kit-1.jpg","width":911,"height":805},{"@type":"BreadcrumbList","@id":"https:\/\/oceansignal.com\/fi\/products\/epirb3-turvasarja\/#breadcrumb","itemListElement":[{"@type":"ListItem","position":1,"name":"Shop","item":"https:\/\/oceansignal.com\/fi\/shop\/"},{"@type":"ListItem","position":2,"name":"EPIRB3 purjehdusturvallisuussarja"}]},{"@type":"WebSite","@id":"https:\/\/oceansignal.com\/fi\/#website","url":"https:\/\/oceansignal.com\/fi\/","name":"Ocean Signal","description":"A leading manufacturer of EPIRBs, AIS, SARTs, Personal Locator Beacons, Man Overboard Beacon for the Marine and Outdoor Markets.","potentialAction":[{"@type":"SearchAction","target":{"@type":"EntryPoint","urlTemplate":"https:\/\/oceansignal.com\/fi\/?s={search_term_string}"},"query-input":{"@type":"PropertyValueSpecification","valueRequired":true,"valueName":"search_term_string"}}],"inLanguage":"fi"}]}},"_links":{"self":[{"href":"https:\/\/oceansignal.com\/fi\/wp-json\/wp\/v2\/product\/31930","targetHints":{"allow":["GET"]}}],"collection":[{"href":"https:\/\/oceansignal.com\/fi\/wp-json\/wp\/v2\/product"}],"about":[{"href":"https:\/\/oceansignal.com\/fi\/wp-json\/wp\/v2\/types\/product"}],"wp:featuredmedia":[{"embeddable":true,"href":"https:\/\/oceansignal.com\/fi\/wp-json\/wp\/v2\/media\/31574"}],"wp:attachment":[{"href":"https:\/\/oceansignal.com\/fi\/wp-json\/wp\/v2\/media?parent=31930"}],"wp:term":[{"taxonomy":"product_brand","embeddable":true,"href":"https:\/\/oceansignal.com\/fi\/wp-json\/wp\/v2\/product_brand?post=31930"},{"taxonomy":"product_cat","embeddable":true,"href":"https:\/\/oceansignal.com\/fi\/wp-json\/wp\/v2\/product_cat?post=31930"},{"taxonomy":"product_tag","embeddable":true,"href":"https:\/\/oceansignal.com\/fi\/wp-json\/wp\/v2\/product_tag?post=31930"}],"curies":[{"name":"wp","href":"https:\/\/api.w.org\/{rel}","templated":true}]}}