{"id":31940,"date":"2025-06-24T09:31:27","date_gmt":"2025-06-24T09:31:27","guid":{"rendered":"https:\/\/oceansignal.com\/products\/plb1-turvasarja\/"},"modified":"2026-03-18T16:39:09","modified_gmt":"2026-03-18T16:39:09","slug":"plb1-turvasarja","status":"publish","type":"product","link":"https:\/\/oceansignal.com\/fi\/products\/plb1-turvasarja\/","title":{"rendered":"PLB1-turvasarja"},"content":{"rendered":"<h3 data-start=\"3285\" data-end=\"3337\"><strong data-start=\"3292\" data-end=\"3337\"><img loading=\"lazy\" decoding=\"async\" class=\"alignnone size-full wp-image-32359\" src=\"https:\/\/oceansignal.com\/wp-content\/uploads\/2025\/07\/View-New-Safety-Kits.png\" alt=\"\" width=\"300\" height=\"75\" srcset=\"https:\/\/oceansignal.com\/wp-content\/uploads\/2025\/07\/View-New-Safety-Kits.png 300w, https:\/\/oceansignal.com\/wp-content\/uploads\/2025\/07\/View-New-Safety-Kits-60x15.png 60w, https:\/\/oceansignal.com\/wp-content\/uploads\/2025\/07\/View-New-Safety-Kits-110x28.png 110w\" sizes=\"auto, (max-width: 300px) 100vw, 300px\" \/><\/strong><\/h3>\n<h3 data-start=\"3116\" data-end=\"3164\"><strong data-start=\"3123\" data-end=\"3164\">Miksi valita PLB1-turvasarja?<\/strong><\/h3>\n<p data-start=\"3166\" data-end=\"3448\">T\u00e4m\u00e4 itsen\u00e4isyytt\u00e4 ajatellen suunniteltu pakkaus antaa merenkulkijoille ja lent\u00e4jille mahdollisuuden suojata itse\u00e4\u00e4n ja miehist\u00f6\u00e4\u00e4n ammattitason turvallisuusj\u00e4rjestelm\u00e4ll\u00e4, joka on kompakti, kustannustehokas ja m\u00e4\u00e4r\u00e4ykset huomioiva. Se on t\u00e4ydellinen niille, jotka eiv\u00e4t viel\u00e4 tarvitse EPIRBi\u00e4, mutta haluavat pysy\u00e4 n\u00e4htyin\u00e4, kuultuina ja l\u00f6ydettyin\u00e4 silloin, kun sill\u00e4 on eniten merkityst\u00e4. <\/p>\n<p data-start=\"3450\" data-end=\"3536\">Trimmaatpa sitten purjeita tai lent\u00e4vi\u00e4 jalkoja, t\u00e4m\u00e4 on henkil\u00f6kohtainen turvavarmuuskopiosi.<\/p>\n<h3 data-start=\"2760\" data-end=\"2781\"><strong data-start=\"2767\" data-end=\"2781\">Ihanteellinen:<\/strong><\/h3>\n<ul data-start=\"2782\" data-end=\"3037\">\n<li data-start=\"2782\" data-end=\"2842\">\n<p data-start=\"2784\" data-end=\"2842\">Yksinpurjehtijat, RYA:n (Royal Yachting Association) opiskelijat, viikonloppuisin rannikkoristeilij\u00e4t ja ammattipurjehtijat<\/p>\n<\/li>\n<li data-start=\"2843\" data-end=\"2895\">\n<p data-start=\"2845\" data-end=\"2895\">Yksityislent\u00e4j\u00e4t<\/p>\n<\/li>\n<li data-start=\"2896\" data-end=\"2965\">\n<p data-start=\"2898\" data-end=\"2965\">Seikkailumatkailijat, pienkoneiden omistajat ja ultrakevytlentokoneiden lent\u00e4j\u00e4t<\/p>\n<\/li>\n<li data-start=\"2966\" data-end=\"3037\">\n<p data-start=\"2968\" data-end=\"3037\">Kaikki merenkulkijat, joilla ei ole kiinte\u00e4\u00e4 EPIRBi\u00e4 ja jotka tarvitsevat kevytt\u00e4 h\u00e4t\u00e4palvelua<\/p>\n<\/li>\n<\/ul>\n<h3 data-start=\"699\" data-end=\"752\"><strong data-start=\"706\" data-end=\"752\">Mit\u00e4 sis\u00e4ltyy ja miten se tukee pelastustoimintaa?<\/strong><\/h3>\n<h4 data-start=\"754\" data-end=\"810\"><strong data-start=\"759\" data-end=\"808\">1 \u00d7 Ocean Signal PLB1 henkil\u00f6kohtainen paikannusmajakka<\/strong><\/h4>\n<p data-start=\"811\" data-end=\"834\">Olitpa sitten avomerell\u00e4 tai syrj\u00e4isell\u00e4 maalla, PLB1 yhdist\u00e4\u00e4 sinut suoraan maailmanlaajuisiin pelastuspalveluihin \u2013 jopa VHF- tai matkapuhelinverkon kantaman ulkopuolella.<br \/>\n V\u00e4hitt\u00e4ishinta: 279,99 \u00a3<br \/>\n<img loading=\"lazy\" decoding=\"async\" class=\"alignnone size-medium wp-image-31618\" src=\"https:\/\/oceansignal.com\/wp-content\/uploads\/2025\/06\/PLB1-straight-on-2.png\" alt=\"\" width=\"172\" height=\"246\" srcset=\"https:\/\/oceansignal.com\/wp-content\/uploads\/2025\/06\/PLB1-straight-on-2.png 172w, https:\/\/oceansignal.com\/wp-content\/uploads\/2025\/06\/PLB1-straight-on-2-60x86.png 60w, https:\/\/oceansignal.com\/wp-content\/uploads\/2025\/06\/PLB1-straight-on-2-110x157.png 110w\" sizes=\"auto, (max-width: 172px) 100vw, 172px\" \/><\/p>\n<p data-start=\"836\" data-end=\"1027\">T\u00e4m\u00e4 eritt\u00e4in kompakti 406 MHz:n satelliittil\u00e4hetin l\u00e4hett\u00e4\u00e4 GPS-sijaintisi maailmanlaajuiseen Cospas-Sarsat-satelliittiverkkoon ja l\u00e4hett\u00e4\u00e4 paikallista 121,5 MHz:n itseohjautuvaa signaalia, joka auttaa etsint\u00e4ryhmi\u00e4 paikantamaan kohteen nopeasti.<\/p>\n<ul data-start=\"1029\" data-end=\"1218\">\n<li data-start=\"1029\" data-end=\"1065\">\n<p data-start=\"1031\" data-end=\"1065\">Maailmanlaajuiset satelliittih\u00e4t\u00e4h\u00e4lytykset<\/p>\n<\/li>\n<li data-start=\"1066\" data-end=\"1101\">\n<p data-start=\"1068\" data-end=\"1101\">GPS-paikannus + itseohjautuva majakka<\/p>\n<\/li>\n<li data-start=\"1102\" data-end=\"1152\">\n<p data-start=\"1104\" data-end=\"1152\">Tarpeeksi pieni mahtuakseen taskuun tai lentoliiviin<\/p>\n<\/li>\n<li data-start=\"1153\" data-end=\"1181\">\n<p data-start=\"1155\" data-end=\"1181\">Ei tilausta vaadita<\/p>\n<\/li>\n<li data-start=\"1182\" data-end=\"1218\">\n<p data-start=\"1184\" data-end=\"1218\">7 vuoden paristo, yli 24 tunnin k\u00e4ytt\u00f6aika<\/p>\n<\/li>\n<\/ul>\n<hr data-start=\"1389\" data-end=\"1392\">\n<h4 data-start=\"1394\" data-end=\"1452\"><strong data-start=\"1399\" data-end=\"1450\">1 \u00d7 Ocean Signal EDF1 elektroninen h\u00e4t\u00e4soihtu<\/strong><\/h4>\n<p data-start=\"1453\" data-end=\"1476\">Tehokas merkinanto etsint\u00e4koneille tai l\u00e4hell\u00e4 oleville pelastajille \u2013 ihanteellinen pudonneille lent\u00e4jille tai merimiehille, jotka odottavat pelastusta.<br \/>\n V\u00e4hitt\u00e4ishinta: 149,99 \u00a3<br \/>\n<img loading=\"lazy\" decoding=\"async\" class=\"alignnone size-medium wp-image-31601\" src=\"https:\/\/oceansignal.com\/wp-content\/uploads\/2025\/06\/EDF1-cutout-70x300.png\" alt=\"\" width=\"70\" height=\"300\" srcset=\"https:\/\/oceansignal.com\/wp-content\/uploads\/2025\/06\/EDF1-cutout-70x300.png 70w, https:\/\/oceansignal.com\/wp-content\/uploads\/2025\/06\/EDF1-cutout-60x258.png 60w, https:\/\/oceansignal.com\/wp-content\/uploads\/2025\/06\/EDF1-cutout-110x473.png 110w, https:\/\/oceansignal.com\/wp-content\/uploads\/2025\/06\/EDF1-cutout.png 180w\" sizes=\"auto, (max-width: 70px) 100vw, 70px\" \/><\/p>\n<p data-start=\"1478\" data-end=\"1641\">Uudelleenk\u00e4ytett\u00e4v\u00e4, paristok\u00e4ytt\u00f6inen LED-h\u00e4t\u00e4raketti, joka korvaa pyrotekniikan turvallisemmalla ja pitk\u00e4ik\u00e4isemm\u00e4ll\u00e4 vaihtoehdolla \u2013 t\u00e4ydellinen y\u00f6n\u00e4kyvyyteen maalla tai merell\u00e4.<\/p>\n<ul data-start=\"1643\" data-end=\"1796\">\n<li data-start=\"1643\" data-end=\"1685\">\n<p data-start=\"1645\" data-end=\"1685\">360\u00b0 n\u00e4kyvyys y\u00f6ll\u00e4 jopa 11 kilometri\u00e4<\/p>\n<\/li>\n<li data-start=\"1686\" data-end=\"1727\">\n<p data-start=\"1688\" data-end=\"1727\">SOS-salamatoiminto, joka toimii yhdess\u00e4 nelj\u00e4st\u00e4 valinnaisesta tilasta (taloudellinen, kirkas, ultra\u00e4\u00e4ni ja s\u00e4de)<\/p>\n<\/li>\n<li data-start=\"1728\" data-end=\"1765\">\n<p data-start=\"1730\" data-end=\"1765\">Vedenpit\u00e4v\u00e4, kelluva ja kest\u00e4v\u00e4<\/p>\n<\/li>\n<li data-start=\"1766\" data-end=\"1796\">\n<p data-start=\"1768\" data-end=\"1796\">Ei palovaaraa tai viimeist\u00e4 k\u00e4ytt\u00f6p\u00e4iv\u00e4\u00e4<\/p>\n<\/li>\n<\/ul>\n<hr data-start=\"1933\" data-end=\"1936\">\n<h4 data-start=\"1938\" data-end=\"1980\"><strong data-start=\"1943\" data-end=\"1978\">1 \u00d7 ACR-signaalipeili ja pilli<\/strong><\/h4>\n<p data-start=\"1981\" data-end=\"2003\">T\u00e4rke\u00e4 varalaite, kun muut ty\u00f6kalut pett\u00e4v\u00e4t \u2013 ihanteellinen helikoptereiden, pelastusveneiden tai maassa olevien etsint\u00e4- ja pelastusryhmien viimeisen huomion kiinnitt\u00e4miseen.<br \/>\n V\u00e4hitt\u00e4ishinta: 10,99 \u00a3<br \/>\n<img loading=\"lazy\" decoding=\"async\" class=\"alignnone size-medium wp-image-31407\" src=\"https:\/\/oceansignal.com\/wp-content\/uploads\/2025\/06\/Grab_Bag_EPIRB1_Kit-e1752085331562-300x131.png\" alt=\"\" width=\"300\" height=\"131\" srcset=\"https:\/\/oceansignal.com\/wp-content\/uploads\/2025\/06\/Grab_Bag_EPIRB1_Kit-e1752085331562-300x131.png 300w, https:\/\/oceansignal.com\/wp-content\/uploads\/2025\/06\/Grab_Bag_EPIRB1_Kit-e1752085331562-60x26.png 60w, https:\/\/oceansignal.com\/wp-content\/uploads\/2025\/06\/Grab_Bag_EPIRB1_Kit-e1752085331562-110x48.png 110w, https:\/\/oceansignal.com\/wp-content\/uploads\/2025\/06\/Grab_Bag_EPIRB1_Kit-e1752085331562.png 344w\" sizes=\"auto, (max-width: 300px) 100vw, 300px\" \/><br \/>\n Yksinkertaiset ja kevyet ty\u00f6kalut, joiden avulla voit visuaalisesti ja kuuluvasti houkutella pelastajia heid\u00e4n ollessaan kantaman sis\u00e4ll\u00e4.<\/p>\n<ul>\n<li><strong>Eritt\u00e4in heijastava kompakti peili p\u00e4iv\u00e4saikaan k\u00e4ytett\u00e4viin visuaalisiin signaaleihin &#8211; Suunniteltu heijastamaan auringonvaloa pitkien et\u00e4isyyksien p\u00e4\u00e4st\u00e4, ihanteellinen ohikulkevien alusten tai lentokoneiden huomion kiinnitt\u00e4miseen<\/strong><\/li>\n<li><strong>Kova, \u00e4\u00e4net\u00f6n vihellys her\u00e4tt\u00e4\u00e4 l\u00e4hiet\u00e4isyyden huomion<\/strong><\/li>\n<li><strong>Ei paristoja, ei huoltoa<\/strong><\/li>\n<\/ul>\n<hr data-start=\"1933\" data-end=\"1936\">\n<p><strong data-start=\"2380\" data-end=\"2420\">1 \u00d7 Ocean Signal -vedenpit\u00e4v\u00e4 tarttumispussi<\/strong><\/p>\n<p data-start=\"2423\" data-end=\"2445\">Pit\u00e4\u00e4 pelastuspakkauksesi suojattuna, n\u00e4kyviss\u00e4 ja valmiina nopeaan k\u00e4ytt\u00f6\u00f6n h\u00e4t\u00e4tilanteessa.<br \/>\n V\u00e4hitt\u00e4ishinta: 99,99 \u00a3<br \/>\n<img loading=\"lazy\" decoding=\"async\" class=\"alignnone size-medium wp-image-31488\" src=\"https:\/\/oceansignal.com\/wp-content\/uploads\/2025\/06\/Grab_Bag-1-241x300.webp\" alt=\"\" width=\"241\" height=\"300\" srcset=\"https:\/\/oceansignal.com\/wp-content\/uploads\/2025\/06\/Grab_Bag-1-241x300.webp 241w, https:\/\/oceansignal.com\/wp-content\/uploads\/2025\/06\/Grab_Bag-1-60x75.webp 60w, https:\/\/oceansignal.com\/wp-content\/uploads\/2025\/06\/Grab_Bag-1-110x137.webp 110w, https:\/\/oceansignal.com\/wp-content\/uploads\/2025\/06\/Grab_Bag-1.webp 489w\" sizes=\"auto, (max-width: 241px) 100vw, 241px\" \/><\/p>\n<p data-start=\"2447\" data-end=\"2517\">Kirkas, kelluva s\u00e4ilytyspussi, jossa voit s\u00e4ilytt\u00e4\u00e4 kaikki turvallisuustarvikkeet yhdess\u00e4 paikassa.<\/p>\n<ul data-start=\"2519\" data-end=\"2641\">\n<li data-start=\"2519\" data-end=\"2570\">\n<p data-start=\"2521\" data-end=\"2570\"><strong>Helppo s\u00e4ilytt\u00e4\u00e4 ohjaamon s\u00e4ilytyslokerossa tai -laukussa<\/strong><\/p>\n<\/li>\n<li data-start=\"2571\" data-end=\"2616\">\n<p data-start=\"2573\" data-end=\"2616\"><strong>Kelluva<\/strong><\/p>\n<\/li>\n<li data-start=\"2617\" data-end=\"2641\">\n<p data-start=\"2619\" data-end=\"2641\"><strong>Hyvin n\u00e4kyv\u00e4 muotoilu<\/strong><\/p>\n<\/li>\n<\/ul>\n","protected":false},"excerpt":{"rendered":"<p>PLB1-turvasarja on luotettava ja edullinen h\u00e4t\u00e4tilanteisiin sopiva paketti purjehtijoille ja lent\u00e4jille, jotka ty\u00f6skentelev\u00e4t itsen\u00e4isesti ja arvostavat kevyit\u00e4 ja itsen\u00e4isi\u00e4 turvavarusteita. Olitpa sitten tekem\u00e4ss\u00e4 lyhyit\u00e4 rannikkomatkoja tai lent\u00e4m\u00e4\u00e4n maastossa, t\u00e4m\u00e4 sarja varmistaa, ett\u00e4 olet valmistautunut odottamattomien tilanteiden varalta. <\/p>\n<p>Kokonaishinta ovh: 595,99 \u00a3 S\u00e4\u00e4st\u00e4 115,97 \u00a3 t\u00e4ll\u00e4 pakkauksella!<\/p>\n","protected":false},"featured_media":31591,"template":"","meta":{"_acf_changed":false,"om_disable_all_campaigns":false},"product_brand":[],"product_cat":[1980,1660,610],"product_tag":[1661,1692],"class_list":{"0":"post-31940","1":"product","2":"type-product","3":"status-publish","4":"has-post-thumbnail","6":"product_cat-pelastusliiviyhteensopiva","7":"product_cat-turvasarjat","8":"product_cat-rescueme-fi","9":"product_tag-nappauspussi","10":"product_tag-turvasarjat","12":"first","13":"instock","14":"taxable","15":"shipping-taxable","16":"purchasable","17":"product-type-simple"},"acf":[],"yoast_head":"<!-- This site is optimized with the Yoast SEO Premium plugin v25.2 (Yoast SEO v26.4) - https:\/\/yoast.com\/wordpress\/plugins\/seo\/ -->\n<title>PLB1-turvasarja - Ocean Signal<\/title>\n<meta name=\"robots\" content=\"index, follow, max-snippet:-1, max-image-preview:large, max-video-preview:-1\" \/>\n<link rel=\"canonical\" href=\"https:\/\/oceansignal.com\/fi\/products\/plb1-turvasarja\/\" \/>\n<meta property=\"og:locale\" content=\"fi_FI\" \/>\n<meta property=\"og:type\" content=\"article\" \/>\n<meta property=\"og:title\" content=\"PLB1-turvasarja\" \/>\n<meta property=\"og:description\" content=\"PLB1-turvasarja on luotettava ja edullinen h\u00e4t\u00e4tilanteisiin sopiva paketti purjehtijoille ja lent\u00e4jille, jotka ty\u00f6skentelev\u00e4t itsen\u00e4isesti ja arvostavat kevyit\u00e4 ja itsen\u00e4isi\u00e4 turvavarusteita. Olitpa sitten tekem\u00e4ss\u00e4 lyhyit\u00e4 rannikkomatkoja tai lent\u00e4m\u00e4\u00e4n maastossa, t\u00e4m\u00e4 sarja varmistaa, ett\u00e4 olet valmistautunut odottamattomien tilanteiden varalta.  Kokonaishinta ovh: 595,99 \u00a3 S\u00e4\u00e4st\u00e4 115,97 \u00a3 t\u00e4ll\u00e4 pakkauksella!\" \/>\n<meta property=\"og:url\" content=\"https:\/\/oceansignal.com\/fi\/products\/plb1-turvasarja\/\" \/>\n<meta property=\"og:site_name\" content=\"Ocean Signal\" \/>\n<meta property=\"article:modified_time\" content=\"2026-03-18T16:39:09+00:00\" \/>\n<meta property=\"og:image\" content=\"https:\/\/oceansignal.com\/wp-content\/uploads\/2025\/06\/Grab_Bag_PLB1_Kit-1.jpg\" \/>\n\t<meta property=\"og:image:width\" content=\"911\" \/>\n\t<meta property=\"og:image:height\" content=\"805\" \/>\n\t<meta property=\"og:image:type\" content=\"image\/jpeg\" \/>\n<meta name=\"twitter:card\" content=\"summary_large_image\" \/>\n<meta name=\"twitter:label1\" content=\"Arvioitu lukuaika\" \/>\n\t<meta name=\"twitter:data1\" content=\"2 minuuttia\" \/>\n<script type=\"application\/ld+json\" class=\"yoast-schema-graph\">{\"@context\":\"https:\/\/schema.org\",\"@graph\":[{\"@type\":\"WebPage\",\"@id\":\"https:\/\/oceansignal.com\/fi\/products\/plb1-turvasarja\/\",\"url\":\"https:\/\/oceansignal.com\/fi\/products\/plb1-turvasarja\/\",\"name\":\"PLB1-turvasarja - Ocean Signal\",\"isPartOf\":{\"@id\":\"https:\/\/oceansignal.com\/fi\/#website\"},\"primaryImageOfPage\":{\"@id\":\"https:\/\/oceansignal.com\/fi\/products\/plb1-turvasarja\/#primaryimage\"},\"image\":{\"@id\":\"https:\/\/oceansignal.com\/fi\/products\/plb1-turvasarja\/#primaryimage\"},\"thumbnailUrl\":\"https:\/\/oceansignal.com\/wp-content\/uploads\/2025\/06\/Grab_Bag_PLB1_Kit-1.jpg\",\"datePublished\":\"2025-06-24T09:31:27+00:00\",\"dateModified\":\"2026-03-18T16:39:09+00:00\",\"breadcrumb\":{\"@id\":\"https:\/\/oceansignal.com\/fi\/products\/plb1-turvasarja\/#breadcrumb\"},\"inLanguage\":\"fi\",\"potentialAction\":[{\"@type\":\"ReadAction\",\"target\":[\"https:\/\/oceansignal.com\/fi\/products\/plb1-turvasarja\/\"]}]},{\"@type\":\"ImageObject\",\"inLanguage\":\"fi\",\"@id\":\"https:\/\/oceansignal.com\/fi\/products\/plb1-turvasarja\/#primaryimage\",\"url\":\"https:\/\/oceansignal.com\/wp-content\/uploads\/2025\/06\/Grab_Bag_PLB1_Kit-1.jpg\",\"contentUrl\":\"https:\/\/oceansignal.com\/wp-content\/uploads\/2025\/06\/Grab_Bag_PLB1_Kit-1.jpg\",\"width\":911,\"height\":805},{\"@type\":\"BreadcrumbList\",\"@id\":\"https:\/\/oceansignal.com\/fi\/products\/plb1-turvasarja\/#breadcrumb\",\"itemListElement\":[{\"@type\":\"ListItem\",\"position\":1,\"name\":\"Shop\",\"item\":\"https:\/\/oceansignal.com\/fi\/shop\/\"},{\"@type\":\"ListItem\",\"position\":2,\"name\":\"PLB1-turvasarja\"}]},{\"@type\":\"WebSite\",\"@id\":\"https:\/\/oceansignal.com\/fi\/#website\",\"url\":\"https:\/\/oceansignal.com\/fi\/\",\"name\":\"Ocean Signal\",\"description\":\"A leading manufacturer of EPIRBs, AIS, SARTs, Personal Locator Beacons, Man Overboard Beacon for the Marine and Outdoor Markets.\",\"potentialAction\":[{\"@type\":\"SearchAction\",\"target\":{\"@type\":\"EntryPoint\",\"urlTemplate\":\"https:\/\/oceansignal.com\/fi\/?s={search_term_string}\"},\"query-input\":{\"@type\":\"PropertyValueSpecification\",\"valueRequired\":true,\"valueName\":\"search_term_string\"}}],\"inLanguage\":\"fi\"}]}<\/script>\n<!-- \/ Yoast SEO Premium plugin. -->","yoast_head_json":{"title":"PLB1-turvasarja - Ocean Signal","robots":{"index":"index","follow":"follow","max-snippet":"max-snippet:-1","max-image-preview":"max-image-preview:large","max-video-preview":"max-video-preview:-1"},"canonical":"https:\/\/oceansignal.com\/fi\/products\/plb1-turvasarja\/","og_locale":"fi_FI","og_type":"article","og_title":"PLB1-turvasarja","og_description":"PLB1-turvasarja on luotettava ja edullinen h\u00e4t\u00e4tilanteisiin sopiva paketti purjehtijoille ja lent\u00e4jille, jotka ty\u00f6skentelev\u00e4t itsen\u00e4isesti ja arvostavat kevyit\u00e4 ja itsen\u00e4isi\u00e4 turvavarusteita. Olitpa sitten tekem\u00e4ss\u00e4 lyhyit\u00e4 rannikkomatkoja tai lent\u00e4m\u00e4\u00e4n maastossa, t\u00e4m\u00e4 sarja varmistaa, ett\u00e4 olet valmistautunut odottamattomien tilanteiden varalta.  Kokonaishinta ovh: 595,99 \u00a3 S\u00e4\u00e4st\u00e4 115,97 \u00a3 t\u00e4ll\u00e4 pakkauksella!","og_url":"https:\/\/oceansignal.com\/fi\/products\/plb1-turvasarja\/","og_site_name":"Ocean Signal","article_modified_time":"2026-03-18T16:39:09+00:00","og_image":[{"width":911,"height":805,"url":"https:\/\/oceansignal.com\/wp-content\/uploads\/2025\/06\/Grab_Bag_PLB1_Kit-1.jpg","type":"image\/jpeg"}],"twitter_card":"summary_large_image","twitter_misc":{"Arvioitu lukuaika":"2 minuuttia"},"schema":{"@context":"https:\/\/schema.org","@graph":[{"@type":"WebPage","@id":"https:\/\/oceansignal.com\/fi\/products\/plb1-turvasarja\/","url":"https:\/\/oceansignal.com\/fi\/products\/plb1-turvasarja\/","name":"PLB1-turvasarja - Ocean Signal","isPartOf":{"@id":"https:\/\/oceansignal.com\/fi\/#website"},"primaryImageOfPage":{"@id":"https:\/\/oceansignal.com\/fi\/products\/plb1-turvasarja\/#primaryimage"},"image":{"@id":"https:\/\/oceansignal.com\/fi\/products\/plb1-turvasarja\/#primaryimage"},"thumbnailUrl":"https:\/\/oceansignal.com\/wp-content\/uploads\/2025\/06\/Grab_Bag_PLB1_Kit-1.jpg","datePublished":"2025-06-24T09:31:27+00:00","dateModified":"2026-03-18T16:39:09+00:00","breadcrumb":{"@id":"https:\/\/oceansignal.com\/fi\/products\/plb1-turvasarja\/#breadcrumb"},"inLanguage":"fi","potentialAction":[{"@type":"ReadAction","target":["https:\/\/oceansignal.com\/fi\/products\/plb1-turvasarja\/"]}]},{"@type":"ImageObject","inLanguage":"fi","@id":"https:\/\/oceansignal.com\/fi\/products\/plb1-turvasarja\/#primaryimage","url":"https:\/\/oceansignal.com\/wp-content\/uploads\/2025\/06\/Grab_Bag_PLB1_Kit-1.jpg","contentUrl":"https:\/\/oceansignal.com\/wp-content\/uploads\/2025\/06\/Grab_Bag_PLB1_Kit-1.jpg","width":911,"height":805},{"@type":"BreadcrumbList","@id":"https:\/\/oceansignal.com\/fi\/products\/plb1-turvasarja\/#breadcrumb","itemListElement":[{"@type":"ListItem","position":1,"name":"Shop","item":"https:\/\/oceansignal.com\/fi\/shop\/"},{"@type":"ListItem","position":2,"name":"PLB1-turvasarja"}]},{"@type":"WebSite","@id":"https:\/\/oceansignal.com\/fi\/#website","url":"https:\/\/oceansignal.com\/fi\/","name":"Ocean Signal","description":"A leading manufacturer of EPIRBs, AIS, SARTs, Personal Locator Beacons, Man Overboard Beacon for the Marine and Outdoor Markets.","potentialAction":[{"@type":"SearchAction","target":{"@type":"EntryPoint","urlTemplate":"https:\/\/oceansignal.com\/fi\/?s={search_term_string}"},"query-input":{"@type":"PropertyValueSpecification","valueRequired":true,"valueName":"search_term_string"}}],"inLanguage":"fi"}]}},"_links":{"self":[{"href":"https:\/\/oceansignal.com\/fi\/wp-json\/wp\/v2\/product\/31940","targetHints":{"allow":["GET"]}}],"collection":[{"href":"https:\/\/oceansignal.com\/fi\/wp-json\/wp\/v2\/product"}],"about":[{"href":"https:\/\/oceansignal.com\/fi\/wp-json\/wp\/v2\/types\/product"}],"wp:featuredmedia":[{"embeddable":true,"href":"https:\/\/oceansignal.com\/fi\/wp-json\/wp\/v2\/media\/31591"}],"wp:attachment":[{"href":"https:\/\/oceansignal.com\/fi\/wp-json\/wp\/v2\/media?parent=31940"}],"wp:term":[{"taxonomy":"product_brand","embeddable":true,"href":"https:\/\/oceansignal.com\/fi\/wp-json\/wp\/v2\/product_brand?post=31940"},{"taxonomy":"product_cat","embeddable":true,"href":"https:\/\/oceansignal.com\/fi\/wp-json\/wp\/v2\/product_cat?post=31940"},{"taxonomy":"product_tag","embeddable":true,"href":"https:\/\/oceansignal.com\/fi\/wp-json\/wp\/v2\/product_tag?post=31940"}],"curies":[{"name":"wp","href":"https:\/\/api.w.org\/{rel}","templated":true}]}}