{"id":31961,"date":"2025-06-17T12:56:37","date_gmt":"2025-06-17T12:56:37","guid":{"rendered":"https:\/\/oceansignal.com\/products\/epirb1-turvasarja\/"},"modified":"2025-08-21T14:03:41","modified_gmt":"2025-08-21T14:03:41","slug":"epirb1-turvasarja","status":"publish","type":"product","link":"https:\/\/oceansignal.com\/fi\/products\/epirb1-turvasarja\/","title":{"rendered":"EPIRB1-turvasarja"},"content":{"rendered":"<h3><img loading=\"lazy\" decoding=\"async\" class=\"alignnone size-full wp-image-32359\" src=\"https:\/\/oceansignal.com\/wp-content\/uploads\/2025\/07\/View-New-Safety-Kits.png\" alt=\"\" width=\"300\" height=\"75\" srcset=\"https:\/\/oceansignal.com\/wp-content\/uploads\/2025\/07\/View-New-Safety-Kits.png 300w, https:\/\/oceansignal.com\/wp-content\/uploads\/2025\/07\/View-New-Safety-Kits-60x15.png 60w, https:\/\/oceansignal.com\/wp-content\/uploads\/2025\/07\/View-New-Safety-Kits-110x28.png 110w\" sizes=\"auto, (max-width: 300px) 100vw, 300px\" \/><\/h3>\n<h3>Miksi valita EPIRB1-turvasarja?<\/h3>\n<p>T\u00e4m\u00e4 pakkaus on suunniteltu tosiel\u00e4m\u00e4n h\u00e4t\u00e4tilanteita ajatellen: maston irtoaminen, tulipalo, uppoaminen tai \u00e4killinen aluksen hylk\u00e4\u00e4minen. Ylit\u00e4tp\u00e4 sitten Englannin kanaalia tai seikkailet kauempana avomerell\u00e4, <em>EPIRB1-turvallisuuspakkaus<\/em> antaa sinulle huomattavan etumatkan pahimmassa tapauksessa \u2013 ja voi pelastaa henkesi. <\/p>\n<p>EPIRB1-turvasarja on kompakti, helposti mukaan otettava h\u00e4t\u00e4tilanteisiin sopiva turvallisuuspaketti, joka on suunniteltu yksin purjehtijoille, innokkaille kalastajille ja rannikkoristeilij\u00f6ille, jotka haluavat ammattitason varusteet minimaalisella kokoonpanolla. Se yhdist\u00e4\u00e4 kolme t\u00e4rke\u00e4\u00e4 ty\u00f6kalua yhdeksi arvokkaaksi paketiksi, joista jokainen on valittu lis\u00e4\u00e4m\u00e4\u00e4n mahdollisuuksiasi nopeaan ja koordinoituun pelastukseen. <\/p>\n<h3><strong>Suunniteltu:<\/strong><\/h3>\n<ul>\n<li>Yksin avomerell\u00e4 purjehtivat<\/li>\n<li>Jahtien omistajat, jotka etsiv\u00e4t vaatimustenmukaista tarttumispussia<\/li>\n<li>Rannikkoristeilij\u00e4t ja toimituskipparit<\/li>\n<li>Virkistyskalastajat<\/li>\n<li>Turvallisuustietoiset tulokkaat varustavat veneens\u00e4 ensimm\u00e4ist\u00e4 kertaa<\/li>\n<\/ul>\n<h3><strong>Mit\u00e4 sis\u00e4ltyy ja miksi sill\u00e4 on merkityst\u00e4<\/strong><\/h3>\n<h4><strong>1 \u00d7 Ocean Signal EPIRB1 Cat II -h\u00e4t\u00e4merkki<\/strong><\/h4>\n<p><img loading=\"lazy\" decoding=\"async\" class=\"alignnone wp-image-31391 size-medium\" src=\"https:\/\/oceansignal.com\/wp-content\/uploads\/2025\/06\/EPIRB-1.2-153x300.png\" alt=\"\" width=\"153\" height=\"300\" srcset=\"https:\/\/oceansignal.com\/wp-content\/uploads\/2025\/06\/EPIRB-1.2-153x300.png 153w, https:\/\/oceansignal.com\/wp-content\/uploads\/2025\/06\/EPIRB-1.2-522x1024.png 522w, https:\/\/oceansignal.com\/wp-content\/uploads\/2025\/06\/EPIRB-1.2-768x1507.png 768w, https:\/\/oceansignal.com\/wp-content\/uploads\/2025\/06\/EPIRB-1.2-783x1536.png 783w, https:\/\/oceansignal.com\/wp-content\/uploads\/2025\/06\/EPIRB-1.2-600x1177.png 600w, https:\/\/oceansignal.com\/wp-content\/uploads\/2025\/06\/EPIRB-1.2-60x118.png 60w, https:\/\/oceansignal.com\/wp-content\/uploads\/2025\/06\/EPIRB-1.2-110x216.png 110w, https:\/\/oceansignal.com\/wp-content\/uploads\/2025\/06\/EPIRB-1.2.png 822w\" sizes=\"auto, (max-width: 153px) 100vw, 153px\" \/><\/p>\n<p>EPIRBit ovat tehokkain yksitt\u00e4inen tapa saada aikaan maailmanlaajuinen etsint\u00e4- ja pelastustoiminta avomerih\u00e4t\u00e4tilanteissa.<br \/>\n V\u00e4hitt\u00e4ishinta: 484,99 \u00a3<\/p>\n<p>Pakkauksen ydin \u2013 406 MHz:n EPIRB (h\u00e4t\u00e4paikannusradiomajakka), joka aktivoituessaan l\u00e4hett\u00e4\u00e4 sijaintisi automaattisesti maailmanlaajuisille etsint\u00e4- ja pelastussatelliiteille. EPIRB1 k\u00e4ytt\u00e4\u00e4 GPS:\u00e4\u00e4 ja COSPAS-SARSAT-satelliittiverkkoa sijaintisi paikantamiseen miss\u00e4 tahansa p\u00e4in maailmaa varmistaen, ett\u00e4 apua h\u00e4lytet\u00e4\u00e4n minuuteissa. <\/p>\n<ul>\n<li><strong>Tarkka GPS<\/strong> varmistaa, ett\u00e4 pelastajat saavat tarkat sijaintitiedot.<\/li>\n<li><strong>Yli 48 tunnin akunkesto<\/strong> antaa hakutiimeille pitk\u00e4n aikav\u00e4lin l\u00f6yt\u00e4\u00e4 sinut.<\/li>\n<li><strong>Manuaalinen kiinnike (Cat II)<\/strong> mahdollistaa yksinkertaisen asennuksen piirilevylle.<\/li>\n<\/ul>\n<hr>\n<h4><strong>1 \u00d7 ACR-signaalipeili ja pilli<\/strong><\/h4>\n<p><img loading=\"lazy\" decoding=\"async\" class=\"alignnone wp-image-31407 size-medium\" src=\"https:\/\/oceansignal.com\/wp-content\/uploads\/2025\/06\/Grab_Bag_EPIRB1_Kit-300x218.png\" alt=\"\" width=\"300\" height=\"218\"><\/p>\n<p>Kun pelastajat ovat l\u00e4hell\u00e4, on t\u00e4rke\u00e4\u00e4 pysty\u00e4 viestitt\u00e4m\u00e4\u00e4n tarkka sijaintisi visuaalisesti tai kuuluvasti \u2013 erityisesti aallokossa tai huonossa n\u00e4kyvyydess\u00e4. <em><br \/>\nV\u00e4hitt\u00e4ishinta: 10,99 \u00a3<\/em><\/p>\n<p>Yksinkertainen mutta tehokas visuaalinen ja \u00e4\u00e4nimerkkiyhdistelm\u00e4, joka voi olla ratkaiseva tekij\u00e4 siin\u00e4, havaitaanko pelastuslentokone tai -alus vai ei.<\/p>\n<ul>\n<li><strong>Signaalipeili:<\/strong> <strong>Suunniteltu heijastamaan auringonvaloa pitkien et\u00e4isyyksien p\u00e4\u00e4st\u00e4, ihanteellinen ohikulkevien alusten tai lentokoneiden huomion kiinnitt\u00e4miseen.<\/strong><\/li>\n<li><strong>Pilli: Tuottaa ter\u00e4vi\u00e4 \u00e4\u00e4nisignaaleja, jotka erottuvat tuulen ja aaltojen kohinasta.<\/strong><\/li>\n<\/ul>\n<hr>\n<h4><strong>1 \u00d7 Ocean Signal -vedenpit\u00e4v\u00e4 tarttumispussi<\/strong><\/h4>\n<p><img loading=\"lazy\" decoding=\"async\" class=\"alignnone wp-image-31488 size-medium\" src=\"https:\/\/oceansignal.com\/wp-content\/uploads\/2025\/06\/Grab_Bag-1-241x300.webp\" alt=\"\" width=\"241\" height=\"300\" srcset=\"https:\/\/oceansignal.com\/wp-content\/uploads\/2025\/06\/Grab_Bag-1-241x300.webp 241w, https:\/\/oceansignal.com\/wp-content\/uploads\/2025\/06\/Grab_Bag-1-60x75.webp 60w, https:\/\/oceansignal.com\/wp-content\/uploads\/2025\/06\/Grab_Bag-1-110x137.webp 110w, https:\/\/oceansignal.com\/wp-content\/uploads\/2025\/06\/Grab_Bag-1.webp 489w\" sizes=\"auto, (max-width: 241px) 100vw, 241px\" \/><\/p>\n<p>H\u00e4t\u00e4tilanteen kaaoksessa t\u00e4m\u00e4 k\u00e4tev\u00e4 laukku antaa sinun liikkua nopeasti kaiken tarvitsemasi kanssa \u2013 kuivana, j\u00e4rjestelm\u00e4llisen\u00e4 ja helposti mukaan otettavana ja mukaan otettavana.<br \/>\n V\u00e4hitt\u00e4ishinta: 129,99 \u00a3<\/p>\n<p>Kest\u00e4v\u00e4, merik\u00e4ytt\u00f6\u00f6n soveltuva kuivapussi, joka on suunniteltu EPIRB-raketin, merkinantovarusteiden, asiakirjojen ja muiden turvavarusteiden ja v\u00e4ltt\u00e4m\u00e4tt\u00f6mien tavaroiden kuljettamiseen. Rakennettu kellumaan ja pysym\u00e4\u00e4n kuivana ankarissa meriolosuhteissa. <\/p>\n<ul>\n<li><strong>Kirkas, hyvin n\u00e4kyv\u00e4 v\u00e4ri nopeaan havaitsemiseen.<\/strong><\/li>\n<li><strong>Turvallinen sulkeminen pit\u00e4\u00e4 sis\u00e4ll\u00f6n kuivana ja suojattuna.<\/strong><\/li>\n<li><strong>Helppo kantokahva nopeaa evakuointia varten.<\/strong><\/li>\n<\/ul>\n","protected":false},"excerpt":{"rendered":"<p>EPIRB 1 -turvasarja on k\u00e4ytt\u00f6valmis ja sis\u00e4lt\u00e4\u00e4 kaikki t\u00e4rke\u00e4t h\u00e4t\u00e4varusteet. Ocean Signalin eritt\u00e4in kompaktin EPIRB1 Category II -majakan ymp\u00e4rille rakennettu t\u00e4rke\u00e4 sarja sis\u00e4lt\u00e4\u00e4 my\u00f6s signaalipeilin ja pillin, joten sinulla on kaikki t\u00e4rkeimm\u00e4t turvavarusteet. <\/p>\n<p>T\u00e4ydellinen yksin purjehtijoille, rannikkoristeilij\u00f6ille tai niille, jotka varustavat ensimm\u00e4isen turvapakkauksen.<\/p>\n<p>Paketin kokonaisarvo ovh: 625,97 \u00a3. S\u00e4\u00e4st\u00e4 95,98 \u00a3 t\u00e4ll\u00e4 paketilla! <\/p>\n","protected":false},"featured_media":31294,"template":"","meta":{"_acf_changed":false,"om_disable_all_campaigns":false},"product_brand":[],"product_cat":[1660,610],"product_tag":[],"class_list":{"0":"post-31961","1":"product","2":"type-product","3":"status-publish","4":"has-post-thumbnail","6":"product_cat-turvasarjat","7":"product_cat-rescueme-fi","9":"first","10":"instock","11":"taxable","12":"shipping-taxable","13":"purchasable","14":"product-type-simple"},"acf":[],"yoast_head":"<!-- This site is optimized with the Yoast SEO Premium plugin v25.2 (Yoast SEO v26.4) - https:\/\/yoast.com\/wordpress\/plugins\/seo\/ -->\n<title>EPIRB1-turvasarja - Ocean Signal<\/title>\n<meta name=\"robots\" content=\"index, follow, max-snippet:-1, max-image-preview:large, max-video-preview:-1\" \/>\n<link rel=\"canonical\" href=\"https:\/\/oceansignal.com\/fi\/products\/epirb1-turvasarja\/\" \/>\n<meta property=\"og:locale\" content=\"fi_FI\" \/>\n<meta property=\"og:type\" content=\"article\" \/>\n<meta property=\"og:title\" content=\"EPIRB1-turvasarja\" \/>\n<meta property=\"og:description\" content=\"EPIRB 1 -turvasarja on k\u00e4ytt\u00f6valmis ja sis\u00e4lt\u00e4\u00e4 kaikki t\u00e4rke\u00e4t h\u00e4t\u00e4varusteet. Ocean Signalin eritt\u00e4in kompaktin EPIRB1 Category II -majakan ymp\u00e4rille rakennettu t\u00e4rke\u00e4 sarja sis\u00e4lt\u00e4\u00e4 my\u00f6s signaalipeilin ja pillin, joten sinulla on kaikki t\u00e4rkeimm\u00e4t turvavarusteet.  T\u00e4ydellinen yksin purjehtijoille, rannikkoristeilij\u00f6ille tai niille, jotka varustavat ensimm\u00e4isen turvapakkauksen. Paketin kokonaisarvo ovh: 625,97 \u00a3. S\u00e4\u00e4st\u00e4 95,98 \u00a3 t\u00e4ll\u00e4 paketilla!\" \/>\n<meta property=\"og:url\" content=\"https:\/\/oceansignal.com\/fi\/products\/epirb1-turvasarja\/\" \/>\n<meta property=\"og:site_name\" content=\"Ocean Signal\" \/>\n<meta property=\"article:modified_time\" content=\"2025-08-21T14:03:41+00:00\" \/>\n<meta property=\"og:image\" content=\"https:\/\/oceansignal.com\/wp-content\/uploads\/2025\/06\/Grab_Bag_EPIRB1_Kit-1.jpg\" \/>\n\t<meta property=\"og:image:width\" content=\"911\" \/>\n\t<meta property=\"og:image:height\" content=\"805\" \/>\n\t<meta property=\"og:image:type\" content=\"image\/jpeg\" \/>\n<meta name=\"twitter:card\" content=\"summary_large_image\" \/>\n<meta name=\"twitter:label1\" content=\"Arvioitu lukuaika\" \/>\n\t<meta name=\"twitter:data1\" content=\"2 minuuttia\" \/>\n<script type=\"application\/ld+json\" class=\"yoast-schema-graph\">{\"@context\":\"https:\/\/schema.org\",\"@graph\":[{\"@type\":\"WebPage\",\"@id\":\"https:\/\/oceansignal.com\/fi\/products\/epirb1-turvasarja\/\",\"url\":\"https:\/\/oceansignal.com\/fi\/products\/epirb1-turvasarja\/\",\"name\":\"EPIRB1-turvasarja - Ocean Signal\",\"isPartOf\":{\"@id\":\"https:\/\/oceansignal.com\/fi\/#website\"},\"primaryImageOfPage\":{\"@id\":\"https:\/\/oceansignal.com\/fi\/products\/epirb1-turvasarja\/#primaryimage\"},\"image\":{\"@id\":\"https:\/\/oceansignal.com\/fi\/products\/epirb1-turvasarja\/#primaryimage\"},\"thumbnailUrl\":\"https:\/\/oceansignal.com\/wp-content\/uploads\/2025\/06\/Grab_Bag_EPIRB1_Kit-1.jpg\",\"datePublished\":\"2025-06-17T12:56:37+00:00\",\"dateModified\":\"2025-08-21T14:03:41+00:00\",\"breadcrumb\":{\"@id\":\"https:\/\/oceansignal.com\/fi\/products\/epirb1-turvasarja\/#breadcrumb\"},\"inLanguage\":\"fi\",\"potentialAction\":[{\"@type\":\"ReadAction\",\"target\":[\"https:\/\/oceansignal.com\/fi\/products\/epirb1-turvasarja\/\"]}]},{\"@type\":\"ImageObject\",\"inLanguage\":\"fi\",\"@id\":\"https:\/\/oceansignal.com\/fi\/products\/epirb1-turvasarja\/#primaryimage\",\"url\":\"https:\/\/oceansignal.com\/wp-content\/uploads\/2025\/06\/Grab_Bag_EPIRB1_Kit-1.jpg\",\"contentUrl\":\"https:\/\/oceansignal.com\/wp-content\/uploads\/2025\/06\/Grab_Bag_EPIRB1_Kit-1.jpg\",\"width\":911,\"height\":805},{\"@type\":\"BreadcrumbList\",\"@id\":\"https:\/\/oceansignal.com\/fi\/products\/epirb1-turvasarja\/#breadcrumb\",\"itemListElement\":[{\"@type\":\"ListItem\",\"position\":1,\"name\":\"Shop\",\"item\":\"https:\/\/oceansignal.com\/fi\/shop\/\"},{\"@type\":\"ListItem\",\"position\":2,\"name\":\"EPIRB1-turvasarja\"}]},{\"@type\":\"WebSite\",\"@id\":\"https:\/\/oceansignal.com\/fi\/#website\",\"url\":\"https:\/\/oceansignal.com\/fi\/\",\"name\":\"Ocean Signal\",\"description\":\"A leading manufacturer of EPIRBs, AIS, SARTs, Personal Locator Beacons, Man Overboard Beacon for the Marine and Outdoor Markets.\",\"potentialAction\":[{\"@type\":\"SearchAction\",\"target\":{\"@type\":\"EntryPoint\",\"urlTemplate\":\"https:\/\/oceansignal.com\/fi\/?s={search_term_string}\"},\"query-input\":{\"@type\":\"PropertyValueSpecification\",\"valueRequired\":true,\"valueName\":\"search_term_string\"}}],\"inLanguage\":\"fi\"}]}<\/script>\n<!-- \/ Yoast SEO Premium plugin. -->","yoast_head_json":{"title":"EPIRB1-turvasarja - Ocean Signal","robots":{"index":"index","follow":"follow","max-snippet":"max-snippet:-1","max-image-preview":"max-image-preview:large","max-video-preview":"max-video-preview:-1"},"canonical":"https:\/\/oceansignal.com\/fi\/products\/epirb1-turvasarja\/","og_locale":"fi_FI","og_type":"article","og_title":"EPIRB1-turvasarja","og_description":"EPIRB 1 -turvasarja on k\u00e4ytt\u00f6valmis ja sis\u00e4lt\u00e4\u00e4 kaikki t\u00e4rke\u00e4t h\u00e4t\u00e4varusteet. Ocean Signalin eritt\u00e4in kompaktin EPIRB1 Category II -majakan ymp\u00e4rille rakennettu t\u00e4rke\u00e4 sarja sis\u00e4lt\u00e4\u00e4 my\u00f6s signaalipeilin ja pillin, joten sinulla on kaikki t\u00e4rkeimm\u00e4t turvavarusteet.  T\u00e4ydellinen yksin purjehtijoille, rannikkoristeilij\u00f6ille tai niille, jotka varustavat ensimm\u00e4isen turvapakkauksen. Paketin kokonaisarvo ovh: 625,97 \u00a3. S\u00e4\u00e4st\u00e4 95,98 \u00a3 t\u00e4ll\u00e4 paketilla!","og_url":"https:\/\/oceansignal.com\/fi\/products\/epirb1-turvasarja\/","og_site_name":"Ocean Signal","article_modified_time":"2025-08-21T14:03:41+00:00","og_image":[{"width":911,"height":805,"url":"https:\/\/oceansignal.com\/wp-content\/uploads\/2025\/06\/Grab_Bag_EPIRB1_Kit-1.jpg","type":"image\/jpeg"}],"twitter_card":"summary_large_image","twitter_misc":{"Arvioitu lukuaika":"2 minuuttia"},"schema":{"@context":"https:\/\/schema.org","@graph":[{"@type":"WebPage","@id":"https:\/\/oceansignal.com\/fi\/products\/epirb1-turvasarja\/","url":"https:\/\/oceansignal.com\/fi\/products\/epirb1-turvasarja\/","name":"EPIRB1-turvasarja - Ocean Signal","isPartOf":{"@id":"https:\/\/oceansignal.com\/fi\/#website"},"primaryImageOfPage":{"@id":"https:\/\/oceansignal.com\/fi\/products\/epirb1-turvasarja\/#primaryimage"},"image":{"@id":"https:\/\/oceansignal.com\/fi\/products\/epirb1-turvasarja\/#primaryimage"},"thumbnailUrl":"https:\/\/oceansignal.com\/wp-content\/uploads\/2025\/06\/Grab_Bag_EPIRB1_Kit-1.jpg","datePublished":"2025-06-17T12:56:37+00:00","dateModified":"2025-08-21T14:03:41+00:00","breadcrumb":{"@id":"https:\/\/oceansignal.com\/fi\/products\/epirb1-turvasarja\/#breadcrumb"},"inLanguage":"fi","potentialAction":[{"@type":"ReadAction","target":["https:\/\/oceansignal.com\/fi\/products\/epirb1-turvasarja\/"]}]},{"@type":"ImageObject","inLanguage":"fi","@id":"https:\/\/oceansignal.com\/fi\/products\/epirb1-turvasarja\/#primaryimage","url":"https:\/\/oceansignal.com\/wp-content\/uploads\/2025\/06\/Grab_Bag_EPIRB1_Kit-1.jpg","contentUrl":"https:\/\/oceansignal.com\/wp-content\/uploads\/2025\/06\/Grab_Bag_EPIRB1_Kit-1.jpg","width":911,"height":805},{"@type":"BreadcrumbList","@id":"https:\/\/oceansignal.com\/fi\/products\/epirb1-turvasarja\/#breadcrumb","itemListElement":[{"@type":"ListItem","position":1,"name":"Shop","item":"https:\/\/oceansignal.com\/fi\/shop\/"},{"@type":"ListItem","position":2,"name":"EPIRB1-turvasarja"}]},{"@type":"WebSite","@id":"https:\/\/oceansignal.com\/fi\/#website","url":"https:\/\/oceansignal.com\/fi\/","name":"Ocean Signal","description":"A leading manufacturer of EPIRBs, AIS, SARTs, Personal Locator Beacons, Man Overboard Beacon for the Marine and Outdoor Markets.","potentialAction":[{"@type":"SearchAction","target":{"@type":"EntryPoint","urlTemplate":"https:\/\/oceansignal.com\/fi\/?s={search_term_string}"},"query-input":{"@type":"PropertyValueSpecification","valueRequired":true,"valueName":"search_term_string"}}],"inLanguage":"fi"}]}},"_links":{"self":[{"href":"https:\/\/oceansignal.com\/fi\/wp-json\/wp\/v2\/product\/31961","targetHints":{"allow":["GET"]}}],"collection":[{"href":"https:\/\/oceansignal.com\/fi\/wp-json\/wp\/v2\/product"}],"about":[{"href":"https:\/\/oceansignal.com\/fi\/wp-json\/wp\/v2\/types\/product"}],"wp:featuredmedia":[{"embeddable":true,"href":"https:\/\/oceansignal.com\/fi\/wp-json\/wp\/v2\/media\/31294"}],"wp:attachment":[{"href":"https:\/\/oceansignal.com\/fi\/wp-json\/wp\/v2\/media?parent=31961"}],"wp:term":[{"taxonomy":"product_brand","embeddable":true,"href":"https:\/\/oceansignal.com\/fi\/wp-json\/wp\/v2\/product_brand?post=31961"},{"taxonomy":"product_cat","embeddable":true,"href":"https:\/\/oceansignal.com\/fi\/wp-json\/wp\/v2\/product_cat?post=31961"},{"taxonomy":"product_tag","embeddable":true,"href":"https:\/\/oceansignal.com\/fi\/wp-json\/wp\/v2\/product_tag?post=31961"}],"curies":[{"name":"wp","href":"https:\/\/api.w.org\/{rel}","templated":true}]}}