{"id":31974,"date":"2025-06-24T09:45:57","date_gmt":"2025-06-24T09:45:57","guid":{"rendered":"https:\/\/oceansignal.com\/products\/epirb2-turvasarja\/"},"modified":"2025-10-01T07:57:35","modified_gmt":"2025-10-01T07:57:35","slug":"epirb2-turvasarja","status":"publish","type":"product","link":"https:\/\/oceansignal.com\/fi\/products\/epirb2-turvasarja\/","title":{"rendered":"EPIRB2-purjehdusturvallisuussarja"},"content":{"rendered":"<h3 data-start=\"3285\" data-end=\"3337\"><strong data-start=\"3292\" data-end=\"3337\"><img loading=\"lazy\" decoding=\"async\" class=\"alignnone size-full wp-image-32359\" src=\"https:\/\/oceansignal.com\/wp-content\/uploads\/2025\/07\/View-New-Safety-Kits.png\" alt=\"\" width=\"300\" height=\"75\" srcset=\"https:\/\/oceansignal.com\/wp-content\/uploads\/2025\/07\/View-New-Safety-Kits.png 300w, https:\/\/oceansignal.com\/wp-content\/uploads\/2025\/07\/View-New-Safety-Kits-60x15.png 60w, https:\/\/oceansignal.com\/wp-content\/uploads\/2025\/07\/View-New-Safety-Kits-110x28.png 110w\" sizes=\"auto, (max-width: 300px) 100vw, 300px\" \/><\/strong><\/h3>\n<h3 data-start=\"2553\" data-end=\"2604\"><strong data-start=\"2560\" data-end=\"2604\">Miksi valita EPIRB2-turvasarja?<\/strong><\/h3>\n<p data-start=\"2606\" data-end=\"2880\">Yksinkertainen, yhteensopiva ja luotettava EPIRB2-sarja tarjoaa satelliittitason suojauksen minimaalisella asennuksella ja tarjoaa samalla Return Link Service (RLS) -ominaisuuden mukanaan tuoman mielenrauhan. RLS:n sis\u00e4llytt\u00e4minen antaa k\u00e4ytt\u00e4jille vahvistuksen siit\u00e4, ett\u00e4 heid\u00e4n h\u00e4t\u00e4viestins\u00e4 on l\u00e4hetetty ja vastaanotettu. Mukana tulevan kantolaukun ansiosta t\u00e4m\u00e4 sarja on ihanteellinen purjehtijoille, jotka haluavat t\u00e4ytt\u00e4\u00e4 tiukat turvallisuusstandardit ilman ylimitoitusta tai ylisuuria kuluja. Se on k\u00e4yt\u00e4nn\u00f6llinen valinta tosiel\u00e4m\u00e4n seikkailuihin vesill\u00e4.  <\/p>\n<p data-start=\"2882\" data-end=\"2932\">Todellista turvallisuutta. Ei lis\u00e4varusteita. Juuri sit\u00e4 mit\u00e4 tarvitset.  <\/p>\n<h3 data-start=\"2206\" data-end=\"2227\"><strong data-start=\"2213\" data-end=\"2227\">Ihanteellinen:<\/strong><\/h3>\n<ul data-start=\"2228\" data-end=\"2474\">\n<li data-start=\"2228\" data-end=\"2281\">\n<p data-start=\"2230\" data-end=\"2281\">Merimiehet valmistautuvat avomerimatkalle<\/p>\n<\/li>\n<li data-start=\"2282\" data-end=\"2347\">\n<p data-start=\"2284\" data-end=\"2347\">Rannikkoristeilij\u00e4t, jotka etsiv\u00e4t EPIRBin tarjoamaa turvallisuutta ja suojaa aluksella<\/p>\n<\/li>\n<li data-start=\"2348\" data-end=\"2418\">\n<p data-start=\"2350\" data-end=\"2418\">Miehist\u00f6 p\u00e4ivitt\u00e4\u00e4 turvavarusteita kilpailu- tai vakuutusvaatimusten t\u00e4ytt\u00e4miseksi<\/p>\n<\/li>\n<li data-start=\"2419\" data-end=\"2474\">\n<p data-start=\"2421\" data-end=\"2474\">RYA-opiskelijat ja jahtien omistajat, joilla ei ole sis\u00e4\u00e4nrakennettuja EPIRB-l\u00e4hettimi\u00e4<\/p>\n<\/li>\n<\/ul>\n<h3 data-start=\"727\" data-end=\"780\"><strong data-start=\"734\" data-end=\"780\">Mit\u00e4 sis\u00e4ltyy ja miten se tukee pelastustoimintaa<\/strong><\/h3>\n<h4 data-start=\"782\" data-end=\"825\"><strong data-start=\"787\" data-end=\"823\">1 \u00d7 Ocean Signal EPIRB2 NFC-yhteydell\u00e4<\/strong><\/h4>\n<p data-start=\"826\" data-end=\"849\">Olitpa sitten rannikolla tai avomerell\u00e4, t\u00e4m\u00e4 EPIRB varmistaa maailmanlaajuisen ulottuvuuden modernilla tekniikalla \u2013 kaikki kompaktissa ja helposti asennettavassa yksik\u00f6ss\u00e4.<br \/>\n V\u00e4hitt\u00e4ishinta: 549,99 \u00a3<\/p>\n<p data-start=\"826\" data-end=\"849\"><img loading=\"lazy\" decoding=\"async\" class=\"alignnone size-medium wp-image-1118\" src=\"https:\/\/oceansignal.com\/wp-content\/uploads\/2023\/09\/EPIRB2-FRONT-72-300x300.png\" alt=\"Ocean Signal rescueME EPIRB2 Return Link Servicell\u00e4 - auttaa tehokkaissa pelastusoperaatioissa\" width=\"300\" height=\"300\" srcset=\"https:\/\/oceansignal.com\/wp-content\/uploads\/2023\/09\/EPIRB2-FRONT-72-300x300.png 300w, https:\/\/oceansignal.com\/wp-content\/uploads\/2023\/09\/EPIRB2-FRONT-72-150x150.png 150w, https:\/\/oceansignal.com\/wp-content\/uploads\/2023\/09\/EPIRB2-FRONT-72-100x100.png 100w, https:\/\/oceansignal.com\/wp-content\/uploads\/2023\/09\/EPIRB2-FRONT-72.png 411w\" sizes=\"auto, (max-width: 300px) 100vw, 300px\" \/><\/p>\n<p data-start=\"851\" data-end=\"1068\">Tehokas luokan II 406 MHz:n h\u00e4t\u00e4l\u00e4hetin, joka yhdist\u00e4\u00e4 sinut maailmanlaajuiseen Cospas-Sarsat-satelliittiverkkoon minuuteissa. Sis\u00e4lt\u00e4\u00e4 paluulinkkipalvelun (RLS) ja \u00e4lypuhelinyhteyden NFC:n kautta. <\/p>\n<ul data-start=\"1070\" data-end=\"1259\">\n<li data-start=\"1070\" data-end=\"1096\">\n<p data-start=\"1072\" data-end=\"1096\">Maailmanlaajuinen SAR-h\u00e4lytys<\/p>\n<\/li>\n<li data-start=\"1131\" data-end=\"1181\">\n<p data-start=\"1133\" data-end=\"1181\">RLS vahvistaa, ett\u00e4 h\u00e4t\u00e4signaalisi vastaanotettiin<\/p>\n<\/li>\n<li data-start=\"1182\" data-end=\"1222\">\n<p data-start=\"1184\" data-end=\"1222\">\u00c4lypuhelinsovellus testausta ja asennusta varten<\/p>\n<\/li>\n<li data-start=\"1223\" data-end=\"1259\">\n<p data-start=\"1225\" data-end=\"1259\">Mukana manuaalinen kiinnike (Cat II)<\/p>\n<\/li>\n<\/ul>\n<hr data-start=\"1423\" data-end=\"1426\">\n<h4 data-start=\"1428\" data-end=\"1470\"><strong data-start=\"1433\" data-end=\"1468\">1 \u00d7 ACR-signaalipeili ja pilli<\/strong><\/h4>\n<p data-start=\"1471\" data-end=\"1493\">Ratkaisevat ty\u00f6kalut lopullisen sijainnin tunnistamiseen, kun apu on paikalla.<br \/>\n V\u00e4hitt\u00e4ishinta: 10,99 \u00a3<\/p>\n<p data-start=\"1471\" data-end=\"1493\"><img loading=\"lazy\" decoding=\"async\" class=\"alignnone wp-image-31407 size-medium\" src=\"https:\/\/oceansignal.com\/wp-content\/uploads\/2025\/06\/Grab_Bag_EPIRB1_Kit-e1752085331562-300x131.png\" alt=\"\" width=\"300\" height=\"131\" srcset=\"https:\/\/oceansignal.com\/wp-content\/uploads\/2025\/06\/Grab_Bag_EPIRB1_Kit-e1752085331562-300x131.png 300w, https:\/\/oceansignal.com\/wp-content\/uploads\/2025\/06\/Grab_Bag_EPIRB1_Kit-e1752085331562-60x26.png 60w, https:\/\/oceansignal.com\/wp-content\/uploads\/2025\/06\/Grab_Bag_EPIRB1_Kit-e1752085331562-110x48.png 110w, https:\/\/oceansignal.com\/wp-content\/uploads\/2025\/06\/Grab_Bag_EPIRB1_Kit-e1752085331562.png 344w\" sizes=\"auto, (max-width: 300px) 100vw, 300px\" \/><\/p>\n<p data-start=\"1495\" data-end=\"1589\">Yksinkertaiset mutta tehokkaat visuaaliset ja \u00e4\u00e4nimerkinantov\u00e4lineet, jotka sopivat erinomaisesti l\u00e4hiet\u00e4isyyden pelastustoimiin.<\/p>\n<ul data-start=\"1591\" data-end=\"1704\">\n<li data-start=\"1591\" data-end=\"1650\">\n<p data-start=\"1593\" data-end=\"1650\">Eritt\u00e4in heijastava kompakti peili p\u00e4iv\u00e4saikaan &#8211; Suunniteltu heijastamaan auringonvaloa pitkien matkojen p\u00e4\u00e4st\u00e4, ihanteellinen ohikulkevien alusten tai lentokoneiden huomion kiinnitt\u00e4miseen<\/p>\n<\/li>\n<li data-start=\"1651\" data-end=\"1704\">\n<p data-start=\"1653\" data-end=\"1704\">Kova, \u00e4\u00e4net\u00f6n pilli lyhyen kantaman \u00e4\u00e4nih\u00e4lytyksiin<\/p>\n<\/li>\n<\/ul>\n<hr data-start=\"1810\" data-end=\"1813\">\n<h4 data-start=\"1815\" data-end=\"1862\"><strong data-start=\"1820\" data-end=\"1860\">1 \u00d7 Ocean Signal -vedenpit\u00e4v\u00e4 tarttumispussi<\/strong><\/h4>\n<p data-start=\"1863\" data-end=\"1886\"><em data-start=\"1863\" data-end=\"1886\">H\u00e4t\u00e4tilanteet liikkuvat nopeasti \u2013 t\u00e4m\u00e4 laukku varmistaa, ett\u00e4 sin\u00e4kin voit.<br \/>\n V\u00e4hitt\u00e4ishinta: 129,99 \u00a3<\/em><\/p>\n<p data-start=\"1863\" data-end=\"1886\"><img loading=\"lazy\" decoding=\"async\" class=\"alignnone wp-image-31455 \" src=\"https:\/\/oceansignal.com\/wp-content\/uploads\/2025\/06\/Grab_Bag-300x200.webp\" alt=\"\" width=\"387\" height=\"258\" srcset=\"https:\/\/oceansignal.com\/wp-content\/uploads\/2025\/06\/Grab_Bag-300x200.webp 300w, https:\/\/oceansignal.com\/wp-content\/uploads\/2025\/06\/Grab_Bag-1024x683.webp 1024w, https:\/\/oceansignal.com\/wp-content\/uploads\/2025\/06\/Grab_Bag-768x512.webp 768w, https:\/\/oceansignal.com\/wp-content\/uploads\/2025\/06\/Grab_Bag-600x400.webp 600w, https:\/\/oceansignal.com\/wp-content\/uploads\/2025\/06\/Grab_Bag-60x40.webp 60w, https:\/\/oceansignal.com\/wp-content\/uploads\/2025\/06\/Grab_Bag-110x73.webp 110w, https:\/\/oceansignal.com\/wp-content\/uploads\/2025\/06\/Grab_Bag.webp 1234w\" sizes=\"auto, (max-width: 387px) 100vw, 387px\" \/><\/p>\n<p data-start=\"1888\" data-end=\"2000\">Kest\u00e4v\u00e4 ja vedenpit\u00e4v\u00e4 kuivapussi, joka pit\u00e4\u00e4 h\u00e4t\u00e4varusteesi kasassa, kuivina ja helposti saatavilla silloin, kun niit\u00e4 eniten tarvitset.<\/p>\n<ul data-start=\"2002\" data-end=\"2122\">\n<li data-start=\"2002\" data-end=\"2039\">\n<p data-start=\"2004\" data-end=\"2039\">Kelluva, hyvin n\u00e4kyv\u00e4 muotoilu<\/p>\n<\/li>\n<li data-start=\"2040\" data-end=\"2075\">\n<p data-start=\"2042\" data-end=\"2075\">Kest\u00e4v\u00e4 offshore-olosuhteissa<\/p>\n<\/li>\n<li data-start=\"2076\" data-end=\"2122\">\n<p data-start=\"2078\" data-end=\"2122\">Tilaa EPIRBille, elektronisille varoitussignaaleille, asiakirjoille ja muulle<\/p>\n<\/li>\n<\/ul>\n","protected":false},"excerpt":{"rendered":"<p><strong data-start=\"336\" data-end=\"374\">Vankka sisennus vakavaan turvallisuuden maailmaan.<br \/>\n<\/strong><br data-start=\"374\" data-end=\"377\"> <strong data-start=\"381\" data-end=\"395\">EPIRB2-pakkaus<\/strong> on \u00e4lyk\u00e4s ja virtaviivainen s\u00e4ilytyspussi purjehtijoille, jotka haluavat vaivattoman ja m\u00e4\u00e4r\u00e4ystenmukaisen h\u00e4t\u00e4tilanteisiin sopivan kokoonpanon Ocean Signalin uusimman NFC-yhteydell\u00e4 varustetun EPIRBin ymp\u00e4rille. Olitpa sitten valmistautumassa ensimm\u00e4iseen avomeripurjehdukseen tai p\u00e4ivitt\u00e4m\u00e4ss\u00e4 vanhentunutta kokoonpanoasi, t\u00e4m\u00e4 pakkaus kattaa kaikki olennaiset asiat \u2013 ilman, ett\u00e4 asiat ovat liian monimutkaisia. <\/p>\n<p>Paketin kokonaisarvo ovh: 690,97 \u00a3 S\u00e4\u00e4st\u00e4 110 \u00a3 t\u00e4ll\u00e4 paketilla!<\/p>\n","protected":false},"featured_media":31375,"template":"","meta":{"_acf_changed":false,"om_disable_all_campaigns":false},"product_brand":[],"product_cat":[1660,610],"product_tag":[1661,1692],"class_list":{"0":"post-31974","1":"product","2":"type-product","3":"status-publish","4":"has-post-thumbnail","6":"product_cat-turvasarjat","7":"product_cat-rescueme-fi","8":"product_tag-nappauspussi","9":"product_tag-turvasarjat","11":"first","12":"instock","13":"taxable","14":"shipping-taxable","15":"purchasable","16":"product-type-simple"},"acf":[],"yoast_head":"<!-- This site is optimized with the Yoast SEO Premium plugin v25.2 (Yoast SEO v26.4) - https:\/\/yoast.com\/wordpress\/plugins\/seo\/ -->\n<title>EPIRB2-purjehdusturvallisuussarja - Ocean Signal<\/title>\n<meta name=\"robots\" content=\"index, follow, max-snippet:-1, max-image-preview:large, max-video-preview:-1\" \/>\n<link rel=\"canonical\" href=\"https:\/\/oceansignal.com\/fi\/products\/epirb2-turvasarja\/\" \/>\n<meta property=\"og:locale\" content=\"fi_FI\" \/>\n<meta property=\"og:type\" content=\"article\" \/>\n<meta property=\"og:title\" content=\"EPIRB2-purjehdusturvallisuussarja\" \/>\n<meta property=\"og:description\" content=\"Vankka sisennus vakavaan turvallisuuden maailmaan. EPIRB2-pakkaus on \u00e4lyk\u00e4s ja virtaviivainen s\u00e4ilytyspussi purjehtijoille, jotka haluavat vaivattoman ja m\u00e4\u00e4r\u00e4ystenmukaisen h\u00e4t\u00e4tilanteisiin sopivan kokoonpanon Ocean Signalin uusimman NFC-yhteydell\u00e4 varustetun EPIRBin ymp\u00e4rille. Olitpa sitten valmistautumassa ensimm\u00e4iseen avomeripurjehdukseen tai p\u00e4ivitt\u00e4m\u00e4ss\u00e4 vanhentunutta kokoonpanoasi, t\u00e4m\u00e4 pakkaus kattaa kaikki olennaiset asiat \u2013 ilman, ett\u00e4 asiat ovat liian monimutkaisia.  Paketin kokonaisarvo ovh: 690,97 \u00a3 S\u00e4\u00e4st\u00e4 110 \u00a3 t\u00e4ll\u00e4 paketilla!\" \/>\n<meta property=\"og:url\" content=\"https:\/\/oceansignal.com\/fi\/products\/epirb2-turvasarja\/\" \/>\n<meta property=\"og:site_name\" content=\"Ocean Signal\" \/>\n<meta property=\"article:modified_time\" content=\"2025-10-01T07:57:35+00:00\" \/>\n<meta property=\"og:image\" content=\"https:\/\/oceansignal.com\/wp-content\/uploads\/2025\/06\/Grab_Bag_EPIRB2_Kit-1.jpg\" \/>\n\t<meta property=\"og:image:width\" content=\"911\" \/>\n\t<meta property=\"og:image:height\" content=\"805\" \/>\n\t<meta property=\"og:image:type\" content=\"image\/jpeg\" \/>\n<meta name=\"twitter:card\" content=\"summary_large_image\" \/>\n<meta name=\"twitter:label1\" content=\"Arvioitu lukuaika\" \/>\n\t<meta name=\"twitter:data1\" content=\"2 minuuttia\" \/>\n<script type=\"application\/ld+json\" class=\"yoast-schema-graph\">{\"@context\":\"https:\/\/schema.org\",\"@graph\":[{\"@type\":\"WebPage\",\"@id\":\"https:\/\/oceansignal.com\/fi\/products\/epirb2-turvasarja\/\",\"url\":\"https:\/\/oceansignal.com\/fi\/products\/epirb2-turvasarja\/\",\"name\":\"EPIRB2-purjehdusturvallisuussarja - Ocean Signal\",\"isPartOf\":{\"@id\":\"https:\/\/oceansignal.com\/fi\/#website\"},\"primaryImageOfPage\":{\"@id\":\"https:\/\/oceansignal.com\/fi\/products\/epirb2-turvasarja\/#primaryimage\"},\"image\":{\"@id\":\"https:\/\/oceansignal.com\/fi\/products\/epirb2-turvasarja\/#primaryimage\"},\"thumbnailUrl\":\"https:\/\/oceansignal.com\/wp-content\/uploads\/2025\/06\/Grab_Bag_EPIRB2_Kit-1.jpg\",\"datePublished\":\"2025-06-24T09:45:57+00:00\",\"dateModified\":\"2025-10-01T07:57:35+00:00\",\"breadcrumb\":{\"@id\":\"https:\/\/oceansignal.com\/fi\/products\/epirb2-turvasarja\/#breadcrumb\"},\"inLanguage\":\"fi\",\"potentialAction\":[{\"@type\":\"ReadAction\",\"target\":[\"https:\/\/oceansignal.com\/fi\/products\/epirb2-turvasarja\/\"]}]},{\"@type\":\"ImageObject\",\"inLanguage\":\"fi\",\"@id\":\"https:\/\/oceansignal.com\/fi\/products\/epirb2-turvasarja\/#primaryimage\",\"url\":\"https:\/\/oceansignal.com\/wp-content\/uploads\/2025\/06\/Grab_Bag_EPIRB2_Kit-1.jpg\",\"contentUrl\":\"https:\/\/oceansignal.com\/wp-content\/uploads\/2025\/06\/Grab_Bag_EPIRB2_Kit-1.jpg\",\"width\":911,\"height\":805},{\"@type\":\"BreadcrumbList\",\"@id\":\"https:\/\/oceansignal.com\/fi\/products\/epirb2-turvasarja\/#breadcrumb\",\"itemListElement\":[{\"@type\":\"ListItem\",\"position\":1,\"name\":\"Shop\",\"item\":\"https:\/\/oceansignal.com\/fi\/shop\/\"},{\"@type\":\"ListItem\",\"position\":2,\"name\":\"EPIRB2-purjehdusturvallisuussarja\"}]},{\"@type\":\"WebSite\",\"@id\":\"https:\/\/oceansignal.com\/fi\/#website\",\"url\":\"https:\/\/oceansignal.com\/fi\/\",\"name\":\"Ocean Signal\",\"description\":\"A leading manufacturer of EPIRBs, AIS, SARTs, Personal Locator Beacons, Man Overboard Beacon for the Marine and Outdoor Markets.\",\"potentialAction\":[{\"@type\":\"SearchAction\",\"target\":{\"@type\":\"EntryPoint\",\"urlTemplate\":\"https:\/\/oceansignal.com\/fi\/?s={search_term_string}\"},\"query-input\":{\"@type\":\"PropertyValueSpecification\",\"valueRequired\":true,\"valueName\":\"search_term_string\"}}],\"inLanguage\":\"fi\"}]}<\/script>\n<!-- \/ Yoast SEO Premium plugin. -->","yoast_head_json":{"title":"EPIRB2-purjehdusturvallisuussarja - Ocean Signal","robots":{"index":"index","follow":"follow","max-snippet":"max-snippet:-1","max-image-preview":"max-image-preview:large","max-video-preview":"max-video-preview:-1"},"canonical":"https:\/\/oceansignal.com\/fi\/products\/epirb2-turvasarja\/","og_locale":"fi_FI","og_type":"article","og_title":"EPIRB2-purjehdusturvallisuussarja","og_description":"Vankka sisennus vakavaan turvallisuuden maailmaan. EPIRB2-pakkaus on \u00e4lyk\u00e4s ja virtaviivainen s\u00e4ilytyspussi purjehtijoille, jotka haluavat vaivattoman ja m\u00e4\u00e4r\u00e4ystenmukaisen h\u00e4t\u00e4tilanteisiin sopivan kokoonpanon Ocean Signalin uusimman NFC-yhteydell\u00e4 varustetun EPIRBin ymp\u00e4rille. Olitpa sitten valmistautumassa ensimm\u00e4iseen avomeripurjehdukseen tai p\u00e4ivitt\u00e4m\u00e4ss\u00e4 vanhentunutta kokoonpanoasi, t\u00e4m\u00e4 pakkaus kattaa kaikki olennaiset asiat \u2013 ilman, ett\u00e4 asiat ovat liian monimutkaisia.  Paketin kokonaisarvo ovh: 690,97 \u00a3 S\u00e4\u00e4st\u00e4 110 \u00a3 t\u00e4ll\u00e4 paketilla!","og_url":"https:\/\/oceansignal.com\/fi\/products\/epirb2-turvasarja\/","og_site_name":"Ocean Signal","article_modified_time":"2025-10-01T07:57:35+00:00","og_image":[{"width":911,"height":805,"url":"https:\/\/oceansignal.com\/wp-content\/uploads\/2025\/06\/Grab_Bag_EPIRB2_Kit-1.jpg","type":"image\/jpeg"}],"twitter_card":"summary_large_image","twitter_misc":{"Arvioitu lukuaika":"2 minuuttia"},"schema":{"@context":"https:\/\/schema.org","@graph":[{"@type":"WebPage","@id":"https:\/\/oceansignal.com\/fi\/products\/epirb2-turvasarja\/","url":"https:\/\/oceansignal.com\/fi\/products\/epirb2-turvasarja\/","name":"EPIRB2-purjehdusturvallisuussarja - Ocean Signal","isPartOf":{"@id":"https:\/\/oceansignal.com\/fi\/#website"},"primaryImageOfPage":{"@id":"https:\/\/oceansignal.com\/fi\/products\/epirb2-turvasarja\/#primaryimage"},"image":{"@id":"https:\/\/oceansignal.com\/fi\/products\/epirb2-turvasarja\/#primaryimage"},"thumbnailUrl":"https:\/\/oceansignal.com\/wp-content\/uploads\/2025\/06\/Grab_Bag_EPIRB2_Kit-1.jpg","datePublished":"2025-06-24T09:45:57+00:00","dateModified":"2025-10-01T07:57:35+00:00","breadcrumb":{"@id":"https:\/\/oceansignal.com\/fi\/products\/epirb2-turvasarja\/#breadcrumb"},"inLanguage":"fi","potentialAction":[{"@type":"ReadAction","target":["https:\/\/oceansignal.com\/fi\/products\/epirb2-turvasarja\/"]}]},{"@type":"ImageObject","inLanguage":"fi","@id":"https:\/\/oceansignal.com\/fi\/products\/epirb2-turvasarja\/#primaryimage","url":"https:\/\/oceansignal.com\/wp-content\/uploads\/2025\/06\/Grab_Bag_EPIRB2_Kit-1.jpg","contentUrl":"https:\/\/oceansignal.com\/wp-content\/uploads\/2025\/06\/Grab_Bag_EPIRB2_Kit-1.jpg","width":911,"height":805},{"@type":"BreadcrumbList","@id":"https:\/\/oceansignal.com\/fi\/products\/epirb2-turvasarja\/#breadcrumb","itemListElement":[{"@type":"ListItem","position":1,"name":"Shop","item":"https:\/\/oceansignal.com\/fi\/shop\/"},{"@type":"ListItem","position":2,"name":"EPIRB2-purjehdusturvallisuussarja"}]},{"@type":"WebSite","@id":"https:\/\/oceansignal.com\/fi\/#website","url":"https:\/\/oceansignal.com\/fi\/","name":"Ocean Signal","description":"A leading manufacturer of EPIRBs, AIS, SARTs, Personal Locator Beacons, Man Overboard Beacon for the Marine and Outdoor Markets.","potentialAction":[{"@type":"SearchAction","target":{"@type":"EntryPoint","urlTemplate":"https:\/\/oceansignal.com\/fi\/?s={search_term_string}"},"query-input":{"@type":"PropertyValueSpecification","valueRequired":true,"valueName":"search_term_string"}}],"inLanguage":"fi"}]}},"_links":{"self":[{"href":"https:\/\/oceansignal.com\/fi\/wp-json\/wp\/v2\/product\/31974","targetHints":{"allow":["GET"]}}],"collection":[{"href":"https:\/\/oceansignal.com\/fi\/wp-json\/wp\/v2\/product"}],"about":[{"href":"https:\/\/oceansignal.com\/fi\/wp-json\/wp\/v2\/types\/product"}],"wp:featuredmedia":[{"embeddable":true,"href":"https:\/\/oceansignal.com\/fi\/wp-json\/wp\/v2\/media\/31375"}],"wp:attachment":[{"href":"https:\/\/oceansignal.com\/fi\/wp-json\/wp\/v2\/media?parent=31974"}],"wp:term":[{"taxonomy":"product_brand","embeddable":true,"href":"https:\/\/oceansignal.com\/fi\/wp-json\/wp\/v2\/product_brand?post=31974"},{"taxonomy":"product_cat","embeddable":true,"href":"https:\/\/oceansignal.com\/fi\/wp-json\/wp\/v2\/product_cat?post=31974"},{"taxonomy":"product_tag","embeddable":true,"href":"https:\/\/oceansignal.com\/fi\/wp-json\/wp\/v2\/product_tag?post=31974"}],"curies":[{"name":"wp","href":"https:\/\/api.w.org\/{rel}","templated":true}]}}