{"id":38012,"date":"2025-11-07T11:01:43","date_gmt":"2025-11-07T11:01:43","guid":{"rendered":"https:\/\/oceansignal.com\/?post_type=product&#038;p=38012"},"modified":"2026-03-17T17:01:05","modified_gmt":"2026-03-17T17:01:05","slug":"epirb3-purjehdusturvallisuussarja-copy-2","status":"publish","type":"product","link":"https:\/\/oceansignal.com\/fi\/products\/epirb3-purjehdusturvallisuussarja-copy-2\/","title":{"rendered":"PLB3 Purjehdusturvallisuussarja"},"content":{"rendered":"<h3 data-start=\"3285\" data-end=\"3337\"><strong data-start=\"3292\" data-end=\"3337\"><img loading=\"lazy\" decoding=\"async\" class=\"alignnone size-full wp-image-32359\" src=\"https:\/\/oceansignal.com\/wp-content\/uploads\/2025\/07\/View-New-Safety-Kits.png\" alt=\"\" width=\"300\" height=\"75\" srcset=\"https:\/\/oceansignal.com\/wp-content\/uploads\/2025\/07\/View-New-Safety-Kits.png 300w, https:\/\/oceansignal.com\/wp-content\/uploads\/2025\/07\/View-New-Safety-Kits-60x15.png 60w, https:\/\/oceansignal.com\/wp-content\/uploads\/2025\/07\/View-New-Safety-Kits-110x28.png 110w\" sizes=\"auto, (max-width: 300px) 100vw, 300px\" \/><\/strong><\/h3>\n<h3 data-start=\"2673\" data-end=\"2727\"><strong data-start=\"2680\" data-end=\"2727\">Miksi valita PLB3-sarja?<\/strong><\/h3>\n<ul>\n<li data-start=\"308\" data-end=\"559\">Rakennettu omavaraisille purjehtijoille &#8211; Kun purjehdit yksin tai pienen miehist\u00f6n kanssa, jokaisen varusteen on toimittava moitteettomasti. PLB3-sarja tarjoaa ammattilaistason suojaa niille, jotka ovat t\u00e4ysin riippuvaisia \u200b\u200bitsest\u00e4\u00e4n ja varusteistaan. <\/li>\n<li data-start=\"308\" data-end=\"559\">Maailman edistynein henkil\u00f6kohtainen h\u00e4t\u00e4majakka rescueME PLB3 yhdist\u00e4\u00e4 406 MHz:n satelliittih\u00e4t\u00e4palvelun, AIS-paikallish\u00e4lytykset ja Return Link Service (RLS) -vahvistuksen, joten tied\u00e4t, ett\u00e4 avunpyynt\u00f6si on vastaanotettu. AIS l\u00e4hett\u00e4\u00e4 sijaintisi l\u00e4hell\u00e4 oleville aluksille, jotta paikallinen tieto on v\u00e4litt\u00f6m\u00e4sti saatavilla. <\/li>\n<li data-start=\"308\" data-end=\"559\">T\u00e4ydellinen ja kompakti turvallisuusratkaisu, jossa on valtamerimerkinantotarrainpussi SOLAS-hyv\u00e4ksytyll\u00e4 teipill\u00e4 sek\u00e4 ACR-peili- ja pillisarja. T\u00e4m\u00e4 pakkaus varmistaa, ett\u00e4 t\u00e4yt\u00e4t avomerivaatimukset ja pysyt samalla kevyen\u00e4, j\u00e4rjestelm\u00e4llisen\u00e4 ja valmiina v\u00e4litt\u00f6m\u00e4\u00e4n k\u00e4ytt\u00f6\u00f6nottoon.<\/li>\n<li data-start=\"308\" data-end=\"559\">Ocean Signalin ja ACR Electronicsin testattua teknologiaa. Merikilpailijat, toimituskapteenit ja pitk\u00e4n matkan risteilij\u00e4t ymp\u00e4ri maailmaa luottavat t\u00e4h\u00e4n sarjaan \u2013 t\u00e4m\u00e4 selviytymisen tiedett\u00e4 edustaa luotettavimmillaan.<\/li>\n<\/ul>\n<h3 data-start=\"2313\" data-end=\"2334\"><strong data-start=\"2320\" data-end=\"2334\">Ihanteellinen:<\/strong><\/h3>\n<ul>\n<li data-start=\"181\" data-end=\"379\">Yksinpurjehtijat ja supistetut miehist\u00f6t Suunniteltu itsen\u00e4isesti tai pienell\u00e4 miehist\u00f6ll\u00e4 purjehtiville \u2014 tarjoaa luotettavaa, kaksikerroksista viestint\u00e4\u00e4 ja pelastusluottamusta miss\u00e4 p\u00e4in maailmaa tahansa.<\/li>\n<li data-start=\"181\" data-end=\"379\">Bluewater &amp; Offshore Adventurers Ihanteellinen purjehtijoille, jotka ylitt\u00e4v\u00e4t valtameri\u00e4 tai tutkivat syrj\u00e4isi\u00e4 rannikoita, joilla omavaraisuus ja kompaktit, SOLAS-hyv\u00e4ksytyt turvavarusteet ovat v\u00e4ltt\u00e4m\u00e4tt\u00f6mi\u00e4.<\/li>\n<li data-start=\"181\" data-end=\"379\">Toimituskipparit ja kouluttajat T\u00e4ydellinen ammattikippareille, jotka vastaavat alusten siirroista tai koulutuksesta \u2014 varmistaen vaatimustenmukaisuuden ja henkil\u00f6kohtaisen suojauksen kaikkina aikoina.<\/li>\n<\/ul>\n<p>&nbsp;<\/p>\n<h3 data-start=\"673\" data-end=\"726\"><strong data-start=\"680\" data-end=\"726\">Mit\u00e4 sis\u00e4ltyy ja miten se tukee pelastustoimintaa?<\/strong><\/h3>\n<h4 data-start=\"728\" data-end=\"762\"><strong data-start=\"733\" data-end=\"760\">2 \u00d7 Ocean Signal rescueME PLB3<\/strong><\/h4>\n<p data-start=\"763\" data-end=\"786\">Voidaan n\u00e4hd\u00e4 paikallisesti (alukset, joissa on AIS-l\u00e4hetin-vastaanottimet) ja maailmanlaajuisesti (406 MHz:n viesti toimitetaan etsint\u00e4- ja pelastusyksik\u00f6ille), seurata tarkasti (AIS) ja varmistaa reaaliaikaisella vahvistuksella (RLS) \u2013 kaikki yhdell\u00e4 laitteella.<br \/>\n V\u00e4hitt\u00e4ishinta: 849,99 \u00a3<\/p>\n<p data-start=\"763\" data-end=\"786\"><img loading=\"lazy\" decoding=\"async\" class=\"alignnone size-medium wp-image-11815\" src=\"https:\/\/oceansignal.com\/wp-content\/uploads\/2023\/09\/OSL-PLB3-Front-Antenna-Deployed-300x300.png\" alt=\"\" width=\"300\" height=\"300\" srcset=\"https:\/\/oceansignal.com\/wp-content\/uploads\/2023\/09\/OSL-PLB3-Front-Antenna-Deployed-300x300.png 300w, https:\/\/oceansignal.com\/wp-content\/uploads\/2023\/09\/OSL-PLB3-Front-Antenna-Deployed-1024x1024.png 1024w, https:\/\/oceansignal.com\/wp-content\/uploads\/2023\/09\/OSL-PLB3-Front-Antenna-Deployed-150x150.png 150w, https:\/\/oceansignal.com\/wp-content\/uploads\/2023\/09\/OSL-PLB3-Front-Antenna-Deployed-768x768.png 768w, https:\/\/oceansignal.com\/wp-content\/uploads\/2023\/09\/OSL-PLB3-Front-Antenna-Deployed-1536x1536.png 1536w, https:\/\/oceansignal.com\/wp-content\/uploads\/2023\/09\/OSL-PLB3-Front-Antenna-Deployed-600x600.png 600w, https:\/\/oceansignal.com\/wp-content\/uploads\/2023\/09\/OSL-PLB3-Front-Antenna-Deployed-100x100.png 100w, https:\/\/oceansignal.com\/wp-content\/uploads\/2023\/09\/OSL-PLB3-Front-Antenna-Deployed-60x60.png 60w, https:\/\/oceansignal.com\/wp-content\/uploads\/2023\/09\/OSL-PLB3-Front-Antenna-Deployed-110x110.png 110w, https:\/\/oceansignal.com\/wp-content\/uploads\/2023\/09\/OSL-PLB3-Front-Antenna-Deployed.png 2000w\" sizes=\"auto, (max-width: 300px) 100vw, 300px\" \/><\/p>\n<ul data-start=\"917\" data-end=\"1359\">\n<li data-start=\"917\" data-end=\"965\">Maailman ENSIMM\u00c4INEN AIS-ominaisuudella varustettu PLB ja maailman ENSIMM\u00c4INEN NFC:ll\u00e4 ja mobiilisovelluksella varustettu PLB\n<ul>\n<li data-start=\"71\" data-end=\"199\">\n<p data-start=\"73\" data-end=\"199\">Kolmoish\u00e4lytysj\u00e4rjestelm\u00e4: L\u00e4hett\u00e4\u00e4 maailmanlaajuisen 406 MHz:n h\u00e4t\u00e4signaalin, AIS-tiedot l\u00e4hell\u00e4 oleville aluksille ja 121,5 MHz:n itseohjautuvan reitin pelastusryhmille maailmanlaajuisesti<\/p>\n<\/li>\n<li data-start=\"71\" data-end=\"199\">Pelastusliivien kanssa yhteensopiva muotoilu: Sis\u00e4lt\u00e4\u00e4 monitoimiklipsin ja on suunniteltu integroitumaan saumattomasti useimpiin ilmat\u00e4ytteisiin pelastusliiveihin<\/li>\n<li data-start=\"200\" data-end=\"302\">\n<p data-start=\"202\" data-end=\"302\">\u00c4lyk\u00e4s ja yhdistetty: NFC-yhteensopiva asennusta ja tilan tarkistusta varten ilmaisen mobiilisovelluksen kautta (iOS ja Android)<\/p>\n<\/li>\n<li data-start=\"303\" data-end=\"403\">\n<p data-start=\"305\" data-end=\"403\">Ei tilauksia: Kertaluonteinen ostos, 6 vuoden akunkesto ja yli 24 tunnin aktivointiaika<\/p>\n<\/li>\n<li data-start=\"303\" data-end=\"403\"><a href=\"https:\/\/oceansignal.com\/news\/ocean-signal-wins-overall-dame-design-award-2022-for-rescueme-plb3-ais-personal-locator-beacon\/\">Voittaja: Kokonaisuudessaan DAME Design Award 2022<\/a><\/li>\n<\/ul>\n<p data-start=\"919\" data-end=\"965\">\n<\/li>\n<\/ul>\n<h4 data-start=\"1516\" data-end=\"1558\"><strong data-start=\"1521\" data-end=\"1556\">1 \u00d7 ACR-signaalipeili ja pilli<\/strong><\/h4>\n<p data-start=\"1559\" data-end=\"1581\">Ihanteellinen, kun SAR-ryhm\u00e4t ovat l\u00e4hell\u00e4 ja sinun on kiinnitett\u00e4v\u00e4 heid\u00e4n huomionsa nopeasti ja selv\u00e4sti.<br \/>\n V\u00e4hitt\u00e4ishinta: 10,99 \u00a3<\/p>\n<p data-start=\"1559\" data-end=\"1581\"><img loading=\"lazy\" decoding=\"async\" class=\"alignnone wp-image-31407 size-medium\" src=\"https:\/\/oceansignal.com\/wp-content\/uploads\/2025\/06\/Grab_Bag_EPIRB1_Kit-e1752085331562-300x131.png\" alt=\"\" width=\"300\" height=\"131\" srcset=\"https:\/\/oceansignal.com\/wp-content\/uploads\/2025\/06\/Grab_Bag_EPIRB1_Kit-e1752085331562-300x131.png 300w, https:\/\/oceansignal.com\/wp-content\/uploads\/2025\/06\/Grab_Bag_EPIRB1_Kit-e1752085331562-60x26.png 60w, https:\/\/oceansignal.com\/wp-content\/uploads\/2025\/06\/Grab_Bag_EPIRB1_Kit-e1752085331562-110x48.png 110w, https:\/\/oceansignal.com\/wp-content\/uploads\/2025\/06\/Grab_Bag_EPIRB1_Kit-e1752085331562.png 344w\" sizes=\"auto, (max-width: 300px) 100vw, 300px\" \/><\/p>\n<p data-start=\"1583\" data-end=\"1691\">N\u00e4m\u00e4 huoltovapaat ty\u00f6kalut lis\u00e4\u00e4v\u00e4t arvokasta n\u00e4kyvyytt\u00e4 ja \u00e4\u00e4nisignaaleja pelastuksen viimeisiss\u00e4 vaiheissa.<\/p>\n<ul data-start=\"1693\" data-end=\"1791\">\n<li data-start=\"1693\" data-end=\"1734\">\n<p data-start=\"1695\" data-end=\"1734\"><strong>Eritt\u00e4in heijastava kompakti peili p\u00e4iv\u00e4saikaan k\u00e4ytett\u00e4viin visuaalisiin signaaleihin &#8211; Suunniteltu heijastamaan auringonvaloa pitkien et\u00e4isyyksien p\u00e4\u00e4st\u00e4, ihanteellinen ohikulkevien alusten tai lentokoneiden huomion kiinnitt\u00e4miseen<\/strong><\/p>\n<\/li>\n<li data-start=\"1735\" data-end=\"1791\">\n<p data-start=\"1737\" data-end=\"1791\"><strong>Kova, \u00e4\u00e4net\u00f6n vihellys her\u00e4tt\u00e4\u00e4 l\u00e4hiet\u00e4isyyden huomion<\/strong><\/p>\n<\/li>\n<\/ul>\n<h4 data-start=\"1914\" data-end=\"1961\"><\/h4>\n<h4 data-start=\"1914\" data-end=\"1961\"><strong data-start=\"1919\" data-end=\"1959\">1 \u00d7 Ocean Signal -vedenpit\u00e4v\u00e4 tarttumispussi<\/strong><\/h4>\n<p data-start=\"1962\" data-end=\"1985\"><em data-start=\"1962\" data-end=\"1985\">Kun jokainen sekunti on t\u00e4rke\u00e4, kaiken pit\u00e4minen yhdess\u00e4 kuivassa ja n\u00e4kyv\u00e4ss\u00e4 paikassa on kriittist\u00e4.<br \/>\n V\u00e4hitt\u00e4ishinta: 129,99 \u00a3<\/em><\/p>\n<p data-start=\"1962\" data-end=\"1985\"><img loading=\"lazy\" decoding=\"async\" class=\"alignnone wp-image-31488 size-medium\" src=\"https:\/\/oceansignal.com\/wp-content\/uploads\/2025\/06\/Grab_Bag-1-241x300.webp\" alt=\"\" width=\"241\" height=\"300\" srcset=\"https:\/\/oceansignal.com\/wp-content\/uploads\/2025\/06\/Grab_Bag-1-241x300.webp 241w, https:\/\/oceansignal.com\/wp-content\/uploads\/2025\/06\/Grab_Bag-1-60x75.webp 60w, https:\/\/oceansignal.com\/wp-content\/uploads\/2025\/06\/Grab_Bag-1-110x137.webp 110w, https:\/\/oceansignal.com\/wp-content\/uploads\/2025\/06\/Grab_Bag-1.webp 489w\" sizes=\"auto, (max-width: 241px) 100vw, 241px\" \/><\/p>\n<p data-start=\"1987\" data-end=\"2079\">T\u00e4m\u00e4 kest\u00e4v\u00e4 ja kelluva laukku pit\u00e4\u00e4 t\u00e4rkeimm\u00e4t varusteesi kasassa \u2013 kuivana, suojattuna ja k\u00e4ytt\u00f6valmiina.<\/p>\n<ul data-start=\"2081\" data-end=\"2190\">\n<li data-start=\"2081\" data-end=\"2107\">\n<p data-start=\"2083\" data-end=\"2107\"><strong>Hyvin n\u00e4kyv\u00e4 v\u00e4ri<\/strong><\/p>\n<\/li>\n<li data-start=\"2108\" data-end=\"2131\">\n<p data-start=\"2110\" data-end=\"2131\"><strong>Kelluva<\/strong><\/p>\n<\/li>\n<li data-start=\"2132\" data-end=\"2190\">\n<p data-start=\"2134\" data-end=\"2190\"><strong>Ihanteellinen koko EPIRBille, muille turvavarusteille ja t\u00e4rkeille asiakirjoille<\/strong><\/p>\n<\/li>\n<\/ul>\n","protected":false},"excerpt":{"rendered":"<ul>\n<li data-start=\"250\" data-end=\"437\">Suunniteltu yksin- ja pienpurjehtijoille: Kaksi Ocean Signal PLB3 -majakkaa l\u00e4hett\u00e4v\u00e4t kaksi 406 MHz:n + AIS-h\u00e4t\u00e4h\u00e4lytyst\u00e4 varmistaen maailmanlaajuisen pelastuspalvelun ja v\u00e4litt\u00f6m\u00e4n paikallisen n\u00e4kyvyyden.<\/li>\n<li data-start=\"250\" data-end=\"437\">Kompakti, avomerivalmis muotoilu sis\u00e4lt\u00e4\u00e4 merimerkkipussin SOLAS-hyv\u00e4ksytyll\u00e4 teipill\u00e4 sek\u00e4 ACR-peilit ja pillit t\u00e4rke\u00e4\u00e4n merkinantoon ja vaatimustenmukaisuuteen merell\u00e4<\/li>\n<li data-start=\"250\" data-end=\"437\">Luotettava luotettavuus: Ocean Signalin ja ACR Electronicsin kehitt\u00e4m\u00e4 \u2014 ammattilaistason turvallisuus, johon luottavat niin merikiipparit kuin yksin seikkailevatkin maailmanlaajuisesti<\/li>\n<\/ul>\n<p>Kokonaispakkauksen arvo ovh: 1201 \u00a3. S\u00e4\u00e4st\u00e4 160 \u00a3 t\u00e4ll\u00e4 pakkauksella! <\/p>\n","protected":false},"featured_media":38043,"template":"","meta":{"_acf_changed":false,"om_disable_all_campaigns":false},"product_brand":[],"product_cat":[1980,1660,610],"product_tag":[1661,1692],"class_list":{"0":"post-38012","1":"product","2":"type-product","3":"status-publish","4":"has-post-thumbnail","6":"product_cat-pelastusliiviyhteensopiva","7":"product_cat-turvasarjat","8":"product_cat-rescueme-fi","9":"product_tag-nappauspussi","10":"product_tag-turvasarjat","12":"first","13":"instock","14":"taxable","15":"shipping-taxable","16":"purchasable","17":"product-type-simple"},"acf":[],"yoast_head":"<!-- This site is optimized with the Yoast SEO Premium plugin v25.2 (Yoast SEO v26.4) - https:\/\/yoast.com\/wordpress\/plugins\/seo\/ -->\n<title>PLB3 Purjehdusturvallisuussarja - Ocean Signal<\/title>\n<meta name=\"robots\" content=\"index, follow, max-snippet:-1, max-image-preview:large, max-video-preview:-1\" \/>\n<link rel=\"canonical\" href=\"https:\/\/oceansignal.com\/fi\/products\/epirb3-purjehdusturvallisuussarja-copy-2\/\" \/>\n<meta property=\"og:locale\" content=\"fi_FI\" \/>\n<meta property=\"og:type\" content=\"article\" \/>\n<meta property=\"og:title\" content=\"PLB3 Purjehdusturvallisuussarja\" \/>\n<meta property=\"og:description\" content=\"Suunniteltu yksin- ja pienpurjehtijoille: Kaksi Ocean Signal PLB3 -majakkaa l\u00e4hett\u00e4v\u00e4t kaksi 406 MHz:n + AIS-h\u00e4t\u00e4h\u00e4lytyst\u00e4 varmistaen maailmanlaajuisen pelastuspalvelun ja v\u00e4litt\u00f6m\u00e4n paikallisen n\u00e4kyvyyden.  Kompakti, avomerivalmis muotoilu sis\u00e4lt\u00e4\u00e4 merimerkkipussin SOLAS-hyv\u00e4ksytyll\u00e4 teipill\u00e4 sek\u00e4 ACR-peilit ja pillit t\u00e4rke\u00e4\u00e4n merkinantoon ja vaatimustenmukaisuuteen merell\u00e4  Luotettava luotettavuus: Ocean Signalin ja ACR Electronicsin kehitt\u00e4m\u00e4 \u2014 ammattilaistason turvallisuus, johon luottavat niin merikiipparit kuin yksin seikkailevatkin maailmanlaajuisesti Kokonaispakkauksen arvo ovh: 1201 \u00a3. S\u00e4\u00e4st\u00e4 160 \u00a3 t\u00e4ll\u00e4 pakkauksella!\" \/>\n<meta property=\"og:url\" content=\"https:\/\/oceansignal.com\/fi\/products\/epirb3-purjehdusturvallisuussarja-copy-2\/\" \/>\n<meta property=\"og:site_name\" content=\"Ocean Signal\" \/>\n<meta property=\"article:modified_time\" content=\"2026-03-17T17:01:05+00:00\" \/>\n<meta property=\"og:image\" content=\"https:\/\/oceansignal.com\/wp-content\/uploads\/2025\/11\/Grab_Bag_PLB3_Safety_Kit.jpg\" \/>\n\t<meta property=\"og:image:width\" content=\"504\" \/>\n\t<meta property=\"og:image:height\" content=\"497\" \/>\n\t<meta property=\"og:image:type\" content=\"image\/jpeg\" \/>\n<meta name=\"twitter:card\" content=\"summary_large_image\" \/>\n<meta name=\"twitter:label1\" content=\"Arvioitu lukuaika\" \/>\n\t<meta name=\"twitter:data1\" content=\"3 minuuttia\" \/>\n<script type=\"application\/ld+json\" class=\"yoast-schema-graph\">{\"@context\":\"https:\/\/schema.org\",\"@graph\":[{\"@type\":\"WebPage\",\"@id\":\"https:\/\/oceansignal.com\/fi\/products\/epirb3-purjehdusturvallisuussarja-copy-2\/\",\"url\":\"https:\/\/oceansignal.com\/fi\/products\/epirb3-purjehdusturvallisuussarja-copy-2\/\",\"name\":\"PLB3 Purjehdusturvallisuussarja - Ocean Signal\",\"isPartOf\":{\"@id\":\"https:\/\/oceansignal.com\/fi\/#website\"},\"primaryImageOfPage\":{\"@id\":\"https:\/\/oceansignal.com\/fi\/products\/epirb3-purjehdusturvallisuussarja-copy-2\/#primaryimage\"},\"image\":{\"@id\":\"https:\/\/oceansignal.com\/fi\/products\/epirb3-purjehdusturvallisuussarja-copy-2\/#primaryimage\"},\"thumbnailUrl\":\"https:\/\/oceansignal.com\/wp-content\/uploads\/2025\/11\/Grab_Bag_PLB3_Safety_Kit.jpg\",\"datePublished\":\"2025-11-07T11:01:43+00:00\",\"dateModified\":\"2026-03-17T17:01:05+00:00\",\"breadcrumb\":{\"@id\":\"https:\/\/oceansignal.com\/fi\/products\/epirb3-purjehdusturvallisuussarja-copy-2\/#breadcrumb\"},\"inLanguage\":\"fi\",\"potentialAction\":[{\"@type\":\"ReadAction\",\"target\":[\"https:\/\/oceansignal.com\/fi\/products\/epirb3-purjehdusturvallisuussarja-copy-2\/\"]}]},{\"@type\":\"ImageObject\",\"inLanguage\":\"fi\",\"@id\":\"https:\/\/oceansignal.com\/fi\/products\/epirb3-purjehdusturvallisuussarja-copy-2\/#primaryimage\",\"url\":\"https:\/\/oceansignal.com\/wp-content\/uploads\/2025\/11\/Grab_Bag_PLB3_Safety_Kit.jpg\",\"contentUrl\":\"https:\/\/oceansignal.com\/wp-content\/uploads\/2025\/11\/Grab_Bag_PLB3_Safety_Kit.jpg\",\"width\":504,\"height\":497},{\"@type\":\"BreadcrumbList\",\"@id\":\"https:\/\/oceansignal.com\/fi\/products\/epirb3-purjehdusturvallisuussarja-copy-2\/#breadcrumb\",\"itemListElement\":[{\"@type\":\"ListItem\",\"position\":1,\"name\":\"Shop\",\"item\":\"https:\/\/oceansignal.com\/fi\/shop\/\"},{\"@type\":\"ListItem\",\"position\":2,\"name\":\"PLB3 Purjehdusturvallisuussarja\"}]},{\"@type\":\"WebSite\",\"@id\":\"https:\/\/oceansignal.com\/fi\/#website\",\"url\":\"https:\/\/oceansignal.com\/fi\/\",\"name\":\"Ocean Signal\",\"description\":\"A leading manufacturer of EPIRBs, AIS, SARTs, Personal Locator Beacons, Man Overboard Beacon for the Marine and Outdoor Markets.\",\"potentialAction\":[{\"@type\":\"SearchAction\",\"target\":{\"@type\":\"EntryPoint\",\"urlTemplate\":\"https:\/\/oceansignal.com\/fi\/?s={search_term_string}\"},\"query-input\":{\"@type\":\"PropertyValueSpecification\",\"valueRequired\":true,\"valueName\":\"search_term_string\"}}],\"inLanguage\":\"fi\"}]}<\/script>\n<!-- \/ Yoast SEO Premium plugin. -->","yoast_head_json":{"title":"PLB3 Purjehdusturvallisuussarja - Ocean Signal","robots":{"index":"index","follow":"follow","max-snippet":"max-snippet:-1","max-image-preview":"max-image-preview:large","max-video-preview":"max-video-preview:-1"},"canonical":"https:\/\/oceansignal.com\/fi\/products\/epirb3-purjehdusturvallisuussarja-copy-2\/","og_locale":"fi_FI","og_type":"article","og_title":"PLB3 Purjehdusturvallisuussarja","og_description":"Suunniteltu yksin- ja pienpurjehtijoille: Kaksi Ocean Signal PLB3 -majakkaa l\u00e4hett\u00e4v\u00e4t kaksi 406 MHz:n + AIS-h\u00e4t\u00e4h\u00e4lytyst\u00e4 varmistaen maailmanlaajuisen pelastuspalvelun ja v\u00e4litt\u00f6m\u00e4n paikallisen n\u00e4kyvyyden.  Kompakti, avomerivalmis muotoilu sis\u00e4lt\u00e4\u00e4 merimerkkipussin SOLAS-hyv\u00e4ksytyll\u00e4 teipill\u00e4 sek\u00e4 ACR-peilit ja pillit t\u00e4rke\u00e4\u00e4n merkinantoon ja vaatimustenmukaisuuteen merell\u00e4  Luotettava luotettavuus: Ocean Signalin ja ACR Electronicsin kehitt\u00e4m\u00e4 \u2014 ammattilaistason turvallisuus, johon luottavat niin merikiipparit kuin yksin seikkailevatkin maailmanlaajuisesti Kokonaispakkauksen arvo ovh: 1201 \u00a3. S\u00e4\u00e4st\u00e4 160 \u00a3 t\u00e4ll\u00e4 pakkauksella!","og_url":"https:\/\/oceansignal.com\/fi\/products\/epirb3-purjehdusturvallisuussarja-copy-2\/","og_site_name":"Ocean Signal","article_modified_time":"2026-03-17T17:01:05+00:00","og_image":[{"width":504,"height":497,"url":"https:\/\/oceansignal.com\/wp-content\/uploads\/2025\/11\/Grab_Bag_PLB3_Safety_Kit.jpg","type":"image\/jpeg"}],"twitter_card":"summary_large_image","twitter_misc":{"Arvioitu lukuaika":"3 minuuttia"},"schema":{"@context":"https:\/\/schema.org","@graph":[{"@type":"WebPage","@id":"https:\/\/oceansignal.com\/fi\/products\/epirb3-purjehdusturvallisuussarja-copy-2\/","url":"https:\/\/oceansignal.com\/fi\/products\/epirb3-purjehdusturvallisuussarja-copy-2\/","name":"PLB3 Purjehdusturvallisuussarja - Ocean Signal","isPartOf":{"@id":"https:\/\/oceansignal.com\/fi\/#website"},"primaryImageOfPage":{"@id":"https:\/\/oceansignal.com\/fi\/products\/epirb3-purjehdusturvallisuussarja-copy-2\/#primaryimage"},"image":{"@id":"https:\/\/oceansignal.com\/fi\/products\/epirb3-purjehdusturvallisuussarja-copy-2\/#primaryimage"},"thumbnailUrl":"https:\/\/oceansignal.com\/wp-content\/uploads\/2025\/11\/Grab_Bag_PLB3_Safety_Kit.jpg","datePublished":"2025-11-07T11:01:43+00:00","dateModified":"2026-03-17T17:01:05+00:00","breadcrumb":{"@id":"https:\/\/oceansignal.com\/fi\/products\/epirb3-purjehdusturvallisuussarja-copy-2\/#breadcrumb"},"inLanguage":"fi","potentialAction":[{"@type":"ReadAction","target":["https:\/\/oceansignal.com\/fi\/products\/epirb3-purjehdusturvallisuussarja-copy-2\/"]}]},{"@type":"ImageObject","inLanguage":"fi","@id":"https:\/\/oceansignal.com\/fi\/products\/epirb3-purjehdusturvallisuussarja-copy-2\/#primaryimage","url":"https:\/\/oceansignal.com\/wp-content\/uploads\/2025\/11\/Grab_Bag_PLB3_Safety_Kit.jpg","contentUrl":"https:\/\/oceansignal.com\/wp-content\/uploads\/2025\/11\/Grab_Bag_PLB3_Safety_Kit.jpg","width":504,"height":497},{"@type":"BreadcrumbList","@id":"https:\/\/oceansignal.com\/fi\/products\/epirb3-purjehdusturvallisuussarja-copy-2\/#breadcrumb","itemListElement":[{"@type":"ListItem","position":1,"name":"Shop","item":"https:\/\/oceansignal.com\/fi\/shop\/"},{"@type":"ListItem","position":2,"name":"PLB3 Purjehdusturvallisuussarja"}]},{"@type":"WebSite","@id":"https:\/\/oceansignal.com\/fi\/#website","url":"https:\/\/oceansignal.com\/fi\/","name":"Ocean Signal","description":"A leading manufacturer of EPIRBs, AIS, SARTs, Personal Locator Beacons, Man Overboard Beacon for the Marine and Outdoor Markets.","potentialAction":[{"@type":"SearchAction","target":{"@type":"EntryPoint","urlTemplate":"https:\/\/oceansignal.com\/fi\/?s={search_term_string}"},"query-input":{"@type":"PropertyValueSpecification","valueRequired":true,"valueName":"search_term_string"}}],"inLanguage":"fi"}]}},"_links":{"self":[{"href":"https:\/\/oceansignal.com\/fi\/wp-json\/wp\/v2\/product\/38012","targetHints":{"allow":["GET"]}}],"collection":[{"href":"https:\/\/oceansignal.com\/fi\/wp-json\/wp\/v2\/product"}],"about":[{"href":"https:\/\/oceansignal.com\/fi\/wp-json\/wp\/v2\/types\/product"}],"wp:featuredmedia":[{"embeddable":true,"href":"https:\/\/oceansignal.com\/fi\/wp-json\/wp\/v2\/media\/38043"}],"wp:attachment":[{"href":"https:\/\/oceansignal.com\/fi\/wp-json\/wp\/v2\/media?parent=38012"}],"wp:term":[{"taxonomy":"product_brand","embeddable":true,"href":"https:\/\/oceansignal.com\/fi\/wp-json\/wp\/v2\/product_brand?post=38012"},{"taxonomy":"product_cat","embeddable":true,"href":"https:\/\/oceansignal.com\/fi\/wp-json\/wp\/v2\/product_cat?post=38012"},{"taxonomy":"product_tag","embeddable":true,"href":"https:\/\/oceansignal.com\/fi\/wp-json\/wp\/v2\/product_tag?post=38012"}],"curies":[{"name":"wp","href":"https:\/\/api.w.org\/{rel}","templated":true}]}}