{"id":38766,"date":"2025-10-23T12:51:41","date_gmt":"2025-10-23T12:51:41","guid":{"rendered":"https:\/\/oceansignal.com\/products\/ocean-signal-kuivapussi\/"},"modified":"2025-10-23T12:51:41","modified_gmt":"2025-10-23T12:51:41","slug":"ocean-signal-kuivapussi","status":"publish","type":"product","link":"https:\/\/oceansignal.com\/fi\/products\/ocean-signal-kuivapussi\/","title":{"rendered":"Ocean Signal -kuivapussi"},"content":{"rendered":"<p><strong>Kompakti vedenpit\u00e4v\u00e4 kuivapussi<\/strong><\/p>\n<p data-start=\"201\" data-end=\"599\">T\u00e4ydellinen sup-lautailuun, kajakkimelontaan, rantaretkille tai mihin tahansa ulkoseikkailuun. T\u00e4m\u00e4 pieni vedenpit\u00e4v\u00e4 kuivapussi pit\u00e4\u00e4 v\u00e4ltt\u00e4m\u00e4tt\u00f6m\u00e4t tavarasi turvassa, kuivina ja suojassa s\u00e4\u00e4lt\u00e4. Kest\u00e4vist\u00e4, vedenpit\u00e4vist\u00e4 materiaaleista valmistetussa pussissa on rullattava suljin, joka sulkee veden, hiekan ja lian sis\u00e4\u00e4n. Kevyt ja kelluva pussi kelluu jopa veteen pudotettuna \u2013 joten se sopii erinomaisesti k\u00e4ytett\u00e4v\u00e4ksi j\u00e4rviss\u00e4, joissa tai merell\u00e4.  <\/p>\n<p data-start=\"601\" data-end=\"838\">Pakkaatpa sitten puhelinta, avaimia, v\u00e4lipaloja tai vaihtovaatteita, t\u00e4m\u00e4 kuivapussi on suunniteltu k\u00e4tevyytt\u00e4 ja mielenrauhaa ajatellen. Kiinnit\u00e4 se varusteisiisi tai kuljeta sit\u00e4 yksin \u2013 tavarasi pysyv\u00e4t kuivina minne ikin\u00e4 matkasi sinut viekin. <\/p>\n<p data-start=\"840\" data-end=\"857\"><strong data-start=\"840\" data-end=\"857\">T\u00e4rkeimm\u00e4t ominaisuudet:<\/strong><\/p>\n<ul data-start=\"858\" data-end=\"1135\">\n<li data-start=\"858\" data-end=\"913\">\n<p data-start=\"860\" data-end=\"913\">100 % vedenpit\u00e4v\u00e4 muotoilu ja turvallinen rullattava suljin<\/p>\n<\/li>\n<li data-start=\"981\" data-end=\"1024\">\n<p data-start=\"983\" data-end=\"1024\">Kevyt ja kompakti helppoon matkustamiseen<\/p>\n<\/li>\n<li data-start=\"1025\" data-end=\"1078\">\n<p data-start=\"1027\" data-end=\"1078\">Kest\u00e4v\u00e4 rakenne ulko-olosuhteisiin<\/p>\n<\/li>\n<li data-start=\"1079\" data-end=\"1135\">\n<p data-start=\"1081\" data-end=\"1135\">Ihanteellinen arvoesineisiin, jotka pit\u00e4v\u00e4t arvoesineet kuivina seikkailun aikana<\/p>\n<\/li>\n<li data-start=\"1079\" data-end=\"1135\">Mitat: 7,5 x 14,75 (TUUMAA)<\/li>\n<\/ul>\n","protected":false},"excerpt":{"rendered":"<p>Pid\u00e4 v\u00e4ltt\u00e4m\u00e4tt\u00f6m\u00e4t tavarasi kuivina ja turvassa t\u00e4ss\u00e4 kompaktissa ja <strong>vedenpit\u00e4v\u00e4ss\u00e4<\/strong> kuivapussissa \u2013 t\u00e4ydellinen valinta melontaretkelle, kajakkimelontaan, rantaretkille ja kaikkiin ulkoseikkailuihisi. T\u00e4m\u00e4 vedenpit\u00e4v\u00e4 s\u00e4ilytysratkaisu toimii my\u00f6s kelluvana varustepussina, joka tarjoaa kevytt\u00e4 suojaa ilman, ett\u00e4 se on liian k\u00f6mpel\u00f6. Se on kest\u00e4v\u00e4 matkakumppani, johon voit luottaa, ja se on suunniteltu kest\u00e4m\u00e4\u00e4n kaikenlaisia \u200b\u200bmatkoja. Olitpa sitten vesill\u00e4 tai poluilla, t\u00e4m\u00e4 on v\u00e4ltt\u00e4m\u00e4t\u00f6n seikkailuvaruste, joka kelluu ja tarjoaa lis\u00e4\u00e4 mielenrauhaa.   <\/p>\n","protected":false},"featured_media":37439,"template":"","meta":{"_acf_changed":false,"om_disable_all_campaigns":false},"product_brand":[],"product_cat":[1823],"product_tag":[1950,1706],"class_list":{"0":"post-38766","1":"product","2":"type-product","3":"status-publish","4":"has-post-thumbnail","6":"product_cat-tarvikkeet","7":"product_tag-kuiva-laukku","8":"product_tag-ojalaukku","10":"first","11":"outofstock","12":"taxable","13":"shipping-taxable","14":"purchasable","15":"product-type-simple"},"acf":[],"yoast_head":"<!-- This site is optimized with the Yoast SEO Premium plugin v25.2 (Yoast SEO v26.4) - https:\/\/yoast.com\/wordpress\/plugins\/seo\/ -->\n<title>Ocean Signal -kuivapussi - Ocean Signal<\/title>\n<meta name=\"robots\" content=\"index, follow, max-snippet:-1, max-image-preview:large, max-video-preview:-1\" \/>\n<link rel=\"canonical\" href=\"https:\/\/oceansignal.com\/fi\/products\/ocean-signal-kuivapussi\/\" \/>\n<meta property=\"og:locale\" content=\"fi_FI\" \/>\n<meta property=\"og:type\" content=\"article\" \/>\n<meta property=\"og:title\" content=\"Ocean Signal -kuivapussi\" \/>\n<meta property=\"og:description\" content=\"Pid\u00e4 v\u00e4ltt\u00e4m\u00e4tt\u00f6m\u00e4t tavarasi kuivina ja turvassa t\u00e4ss\u00e4 kompaktissa ja vedenpit\u00e4v\u00e4ss\u00e4 kuivapussissa \u2013 t\u00e4ydellinen valinta melontaretkelle, kajakkimelontaan, rantaretkille ja kaikkiin ulkoseikkailuihisi. T\u00e4m\u00e4 vedenpit\u00e4v\u00e4 s\u00e4ilytysratkaisu toimii my\u00f6s kelluvana varustepussina, joka tarjoaa kevytt\u00e4 suojaa ilman, ett\u00e4 se on liian k\u00f6mpel\u00f6. Se on kest\u00e4v\u00e4 matkakumppani, johon voit luottaa, ja se on suunniteltu kest\u00e4m\u00e4\u00e4n kaikenlaisia \u200b\u200bmatkoja. Olitpa sitten vesill\u00e4 tai poluilla, t\u00e4m\u00e4 on v\u00e4ltt\u00e4m\u00e4t\u00f6n seikkailuvaruste, joka kelluu ja tarjoaa lis\u00e4\u00e4 mielenrauhaa.\" \/>\n<meta property=\"og:url\" content=\"https:\/\/oceansignal.com\/fi\/products\/ocean-signal-kuivapussi\/\" \/>\n<meta property=\"og:site_name\" content=\"Ocean Signal\" \/>\n<meta property=\"og:image\" content=\"https:\/\/oceansignal.com\/wp-content\/uploads\/2025\/10\/Multi-Brand-Dry-Bag-Front-Closed.jpg\" \/>\n\t<meta property=\"og:image:width\" content=\"2000\" \/>\n\t<meta property=\"og:image:height\" content=\"2000\" \/>\n\t<meta property=\"og:image:type\" content=\"image\/jpeg\" \/>\n<meta name=\"twitter:card\" content=\"summary_large_image\" \/>\n<meta name=\"twitter:label1\" content=\"Arvioitu lukuaika\" \/>\n\t<meta name=\"twitter:data1\" content=\"1 minuutti\" \/>\n<script type=\"application\/ld+json\" class=\"yoast-schema-graph\">{\"@context\":\"https:\/\/schema.org\",\"@graph\":[{\"@type\":\"WebPage\",\"@id\":\"https:\/\/oceansignal.com\/fi\/products\/ocean-signal-kuivapussi\/\",\"url\":\"https:\/\/oceansignal.com\/fi\/products\/ocean-signal-kuivapussi\/\",\"name\":\"Ocean Signal -kuivapussi - Ocean Signal\",\"isPartOf\":{\"@id\":\"https:\/\/oceansignal.com\/fi\/#website\"},\"primaryImageOfPage\":{\"@id\":\"https:\/\/oceansignal.com\/fi\/products\/ocean-signal-kuivapussi\/#primaryimage\"},\"image\":{\"@id\":\"https:\/\/oceansignal.com\/fi\/products\/ocean-signal-kuivapussi\/#primaryimage\"},\"thumbnailUrl\":\"https:\/\/oceansignal.com\/wp-content\/uploads\/2025\/10\/Multi-Brand-Dry-Bag-Front-Closed.jpg\",\"datePublished\":\"2025-10-23T12:51:41+00:00\",\"breadcrumb\":{\"@id\":\"https:\/\/oceansignal.com\/fi\/products\/ocean-signal-kuivapussi\/#breadcrumb\"},\"inLanguage\":\"fi\",\"potentialAction\":[{\"@type\":\"ReadAction\",\"target\":[\"https:\/\/oceansignal.com\/fi\/products\/ocean-signal-kuivapussi\/\"]}]},{\"@type\":\"ImageObject\",\"inLanguage\":\"fi\",\"@id\":\"https:\/\/oceansignal.com\/fi\/products\/ocean-signal-kuivapussi\/#primaryimage\",\"url\":\"https:\/\/oceansignal.com\/wp-content\/uploads\/2025\/10\/Multi-Brand-Dry-Bag-Front-Closed.jpg\",\"contentUrl\":\"https:\/\/oceansignal.com\/wp-content\/uploads\/2025\/10\/Multi-Brand-Dry-Bag-Front-Closed.jpg\",\"width\":2000,\"height\":2000},{\"@type\":\"BreadcrumbList\",\"@id\":\"https:\/\/oceansignal.com\/fi\/products\/ocean-signal-kuivapussi\/#breadcrumb\",\"itemListElement\":[{\"@type\":\"ListItem\",\"position\":1,\"name\":\"Shop\",\"item\":\"https:\/\/oceansignal.com\/fi\/shop\/\"},{\"@type\":\"ListItem\",\"position\":2,\"name\":\"Ocean Signal -kuivapussi\"}]},{\"@type\":\"WebSite\",\"@id\":\"https:\/\/oceansignal.com\/fi\/#website\",\"url\":\"https:\/\/oceansignal.com\/fi\/\",\"name\":\"Ocean Signal\",\"description\":\"A leading manufacturer of EPIRBs, AIS, SARTs, Personal Locator Beacons, Man Overboard Beacon for the Marine and Outdoor Markets.\",\"potentialAction\":[{\"@type\":\"SearchAction\",\"target\":{\"@type\":\"EntryPoint\",\"urlTemplate\":\"https:\/\/oceansignal.com\/fi\/?s={search_term_string}\"},\"query-input\":{\"@type\":\"PropertyValueSpecification\",\"valueRequired\":true,\"valueName\":\"search_term_string\"}}],\"inLanguage\":\"fi\"}]}<\/script>\n<!-- \/ Yoast SEO Premium plugin. -->","yoast_head_json":{"title":"Ocean Signal -kuivapussi - Ocean Signal","robots":{"index":"index","follow":"follow","max-snippet":"max-snippet:-1","max-image-preview":"max-image-preview:large","max-video-preview":"max-video-preview:-1"},"canonical":"https:\/\/oceansignal.com\/fi\/products\/ocean-signal-kuivapussi\/","og_locale":"fi_FI","og_type":"article","og_title":"Ocean Signal -kuivapussi","og_description":"Pid\u00e4 v\u00e4ltt\u00e4m\u00e4tt\u00f6m\u00e4t tavarasi kuivina ja turvassa t\u00e4ss\u00e4 kompaktissa ja vedenpit\u00e4v\u00e4ss\u00e4 kuivapussissa \u2013 t\u00e4ydellinen valinta melontaretkelle, kajakkimelontaan, rantaretkille ja kaikkiin ulkoseikkailuihisi. T\u00e4m\u00e4 vedenpit\u00e4v\u00e4 s\u00e4ilytysratkaisu toimii my\u00f6s kelluvana varustepussina, joka tarjoaa kevytt\u00e4 suojaa ilman, ett\u00e4 se on liian k\u00f6mpel\u00f6. Se on kest\u00e4v\u00e4 matkakumppani, johon voit luottaa, ja se on suunniteltu kest\u00e4m\u00e4\u00e4n kaikenlaisia \u200b\u200bmatkoja. Olitpa sitten vesill\u00e4 tai poluilla, t\u00e4m\u00e4 on v\u00e4ltt\u00e4m\u00e4t\u00f6n seikkailuvaruste, joka kelluu ja tarjoaa lis\u00e4\u00e4 mielenrauhaa.","og_url":"https:\/\/oceansignal.com\/fi\/products\/ocean-signal-kuivapussi\/","og_site_name":"Ocean Signal","og_image":[{"width":2000,"height":2000,"url":"https:\/\/oceansignal.com\/wp-content\/uploads\/2025\/10\/Multi-Brand-Dry-Bag-Front-Closed.jpg","type":"image\/jpeg"}],"twitter_card":"summary_large_image","twitter_misc":{"Arvioitu lukuaika":"1 minuutti"},"schema":{"@context":"https:\/\/schema.org","@graph":[{"@type":"WebPage","@id":"https:\/\/oceansignal.com\/fi\/products\/ocean-signal-kuivapussi\/","url":"https:\/\/oceansignal.com\/fi\/products\/ocean-signal-kuivapussi\/","name":"Ocean Signal -kuivapussi - Ocean Signal","isPartOf":{"@id":"https:\/\/oceansignal.com\/fi\/#website"},"primaryImageOfPage":{"@id":"https:\/\/oceansignal.com\/fi\/products\/ocean-signal-kuivapussi\/#primaryimage"},"image":{"@id":"https:\/\/oceansignal.com\/fi\/products\/ocean-signal-kuivapussi\/#primaryimage"},"thumbnailUrl":"https:\/\/oceansignal.com\/wp-content\/uploads\/2025\/10\/Multi-Brand-Dry-Bag-Front-Closed.jpg","datePublished":"2025-10-23T12:51:41+00:00","breadcrumb":{"@id":"https:\/\/oceansignal.com\/fi\/products\/ocean-signal-kuivapussi\/#breadcrumb"},"inLanguage":"fi","potentialAction":[{"@type":"ReadAction","target":["https:\/\/oceansignal.com\/fi\/products\/ocean-signal-kuivapussi\/"]}]},{"@type":"ImageObject","inLanguage":"fi","@id":"https:\/\/oceansignal.com\/fi\/products\/ocean-signal-kuivapussi\/#primaryimage","url":"https:\/\/oceansignal.com\/wp-content\/uploads\/2025\/10\/Multi-Brand-Dry-Bag-Front-Closed.jpg","contentUrl":"https:\/\/oceansignal.com\/wp-content\/uploads\/2025\/10\/Multi-Brand-Dry-Bag-Front-Closed.jpg","width":2000,"height":2000},{"@type":"BreadcrumbList","@id":"https:\/\/oceansignal.com\/fi\/products\/ocean-signal-kuivapussi\/#breadcrumb","itemListElement":[{"@type":"ListItem","position":1,"name":"Shop","item":"https:\/\/oceansignal.com\/fi\/shop\/"},{"@type":"ListItem","position":2,"name":"Ocean Signal -kuivapussi"}]},{"@type":"WebSite","@id":"https:\/\/oceansignal.com\/fi\/#website","url":"https:\/\/oceansignal.com\/fi\/","name":"Ocean Signal","description":"A leading manufacturer of EPIRBs, AIS, SARTs, Personal Locator Beacons, Man Overboard Beacon for the Marine and Outdoor Markets.","potentialAction":[{"@type":"SearchAction","target":{"@type":"EntryPoint","urlTemplate":"https:\/\/oceansignal.com\/fi\/?s={search_term_string}"},"query-input":{"@type":"PropertyValueSpecification","valueRequired":true,"valueName":"search_term_string"}}],"inLanguage":"fi"}]}},"_links":{"self":[{"href":"https:\/\/oceansignal.com\/fi\/wp-json\/wp\/v2\/product\/38766","targetHints":{"allow":["GET"]}}],"collection":[{"href":"https:\/\/oceansignal.com\/fi\/wp-json\/wp\/v2\/product"}],"about":[{"href":"https:\/\/oceansignal.com\/fi\/wp-json\/wp\/v2\/types\/product"}],"wp:featuredmedia":[{"embeddable":true,"href":"https:\/\/oceansignal.com\/fi\/wp-json\/wp\/v2\/media\/37439"}],"wp:attachment":[{"href":"https:\/\/oceansignal.com\/fi\/wp-json\/wp\/v2\/media?parent=38766"}],"wp:term":[{"taxonomy":"product_brand","embeddable":true,"href":"https:\/\/oceansignal.com\/fi\/wp-json\/wp\/v2\/product_brand?post=38766"},{"taxonomy":"product_cat","embeddable":true,"href":"https:\/\/oceansignal.com\/fi\/wp-json\/wp\/v2\/product_cat?post=38766"},{"taxonomy":"product_tag","embeddable":true,"href":"https:\/\/oceansignal.com\/fi\/wp-json\/wp\/v2\/product_tag?post=38766"}],"curies":[{"name":"wp","href":"https:\/\/api.w.org\/{rel}","templated":true}]}}