{"id":6557,"date":"2024-04-09T09:05:13","date_gmt":"2024-04-09T09:05:13","guid":{"rendered":"https:\/\/oceansignal.com\/donnees-clients\/"},"modified":"2024-09-30T12:43:33","modified_gmt":"2024-09-30T12:43:33","slug":"donnees-clients","status":"publish","type":"page","link":"https:\/\/oceansignal.com\/fr\/donnees-clients\/","title":{"rendered":"Donn\u00e9es clients"},"content":{"rendered":"\n<div class=\"gb-container-narrow\">\n    <div class=\"gc-container \">\n                \n\n<p><strong>Aux fins de l\u2019enregistrement de la garantie, de la configuration du produit et de l\u2019acc\u00e8s aux donn\u00e9es de test, Ocean Signal Ltd. stocke des donn\u00e9es client limit\u00e9es qui sont saisies via ce site Web ou \u00e0 l\u2019aide de l\u2019application mobile.<\/strong><\/p>\n\n\n\n<p>Pour l\u2019application mobile <strong>\u00ab\u00a0Ocean Signal\u00a0\u00bb<\/strong><\/p>\n\n\n\n<p>Veuillez <a href=\"mailto:help@oceansignal.com\">help@oceansignal.com<\/a> envoyer un e-mail avec la ligne d\u2019objet \u00ab Suppression du compte d\u2019application \u00bb et fournir votre adresse e-mail pour demander la suppression du compte.<\/p>\n\n\n\n<p>Veuillez noter qu\u2019une fois votre compte supprim\u00e9, toutes les donn\u00e9es personnelles, telles que votre adresse e-mail et toutes les informations que nous d\u00e9tenons \u00e0 votre sujet, vos pr\u00e9f\u00e9rences, les configurations AIS et les balises poss\u00e9d\u00e9es seront supprim\u00e9es, ainsi que tous les autres produits enregistr\u00e9s.<\/p>\n\n\n\n<p>Les informations de garantie seront conserv\u00e9es, ainsi que les donn\u00e9es de configuration pass\u00e9es, d\u2019auto-test et de test GNSS des produits de balise<\/p>\n\n\n        <\/div><\/div>\n","protected":false},"excerpt":{"rendered":"","protected":false},"author":1,"featured_media":0,"parent":0,"menu_order":0,"comment_status":"closed","ping_status":"closed","template":"pagetemplate-header-orange.php","meta":{"_acf_changed":false,"om_disable_all_campaigns":false,"footnotes":""},"class_list":["post-6557","page","type-page","status-publish","hentry"],"acf":[],"yoast_head":"<!-- This site is optimized with the Yoast SEO Premium plugin v25.2 (Yoast SEO v26.4) - https:\/\/yoast.com\/wordpress\/plugins\/seo\/ -->\n<title>Donn\u00e9es clients - Ocean Signal<\/title>\n<meta name=\"robots\" content=\"index, follow, max-snippet:-1, max-image-preview:large, max-video-preview:-1\" \/>\n<link rel=\"canonical\" href=\"https:\/\/oceansignal.com\/fr\/donnees-clients\/\" \/>\n<meta property=\"og:locale\" content=\"fr_FR\" \/>\n<meta property=\"og:type\" content=\"article\" \/>\n<meta property=\"og:title\" content=\"Donn\u00e9es clients - Ocean Signal\" \/>\n<meta property=\"og:url\" content=\"https:\/\/oceansignal.com\/fr\/donnees-clients\/\" \/>\n<meta property=\"og:site_name\" content=\"Ocean Signal\" \/>\n<meta property=\"article:modified_time\" content=\"2024-09-30T12:43:33+00:00\" \/>\n<meta property=\"og:image\" content=\"https:\/\/oceansignal.com\/wp-content\/uploads\/2024\/03\/image-social-share-04.jpg\" \/>\n\t<meta property=\"og:image:width\" content=\"1200\" \/>\n\t<meta property=\"og:image:height\" content=\"630\" \/>\n\t<meta property=\"og:image:type\" content=\"image\/jpeg\" \/>\n<meta name=\"twitter:card\" content=\"summary_large_image\" \/>\n<meta name=\"twitter:label1\" content=\"Dur\u00e9e de lecture estim\u00e9e\" \/>\n\t<meta name=\"twitter:data1\" content=\"1 minute\" \/>\n<script type=\"application\/ld+json\" class=\"yoast-schema-graph\">{\"@context\":\"https:\/\/schema.org\",\"@graph\":[{\"@type\":\"WebPage\",\"@id\":\"https:\/\/oceansignal.com\/fr\/donnees-clients\/\",\"url\":\"https:\/\/oceansignal.com\/fr\/donnees-clients\/\",\"name\":\"Donn\u00e9es clients - Ocean Signal\",\"isPartOf\":{\"@id\":\"https:\/\/oceansignal.com\/fr\/#website\"},\"datePublished\":\"2024-04-09T09:05:13+00:00\",\"dateModified\":\"2024-09-30T12:43:33+00:00\",\"inLanguage\":\"fr-FR\",\"potentialAction\":[{\"@type\":\"ReadAction\",\"target\":[\"https:\/\/oceansignal.com\/fr\/donnees-clients\/\"]}]},{\"@type\":\"WebSite\",\"@id\":\"https:\/\/oceansignal.com\/fr\/#website\",\"url\":\"https:\/\/oceansignal.com\/fr\/\",\"name\":\"Ocean Signal\",\"description\":\"A leading manufacturer of EPIRBs, AIS, SARTs, Personal Locator Beacons, Man Overboard Beacon for the Marine and Outdoor Markets.\",\"potentialAction\":[{\"@type\":\"SearchAction\",\"target\":{\"@type\":\"EntryPoint\",\"urlTemplate\":\"https:\/\/oceansignal.com\/fr\/?s={search_term_string}\"},\"query-input\":{\"@type\":\"PropertyValueSpecification\",\"valueRequired\":true,\"valueName\":\"search_term_string\"}}],\"inLanguage\":\"fr-FR\"}]}<\/script>\n<!-- \/ Yoast SEO Premium plugin. -->","yoast_head_json":{"title":"Donn\u00e9es clients - Ocean Signal","robots":{"index":"index","follow":"follow","max-snippet":"max-snippet:-1","max-image-preview":"max-image-preview:large","max-video-preview":"max-video-preview:-1"},"canonical":"https:\/\/oceansignal.com\/fr\/donnees-clients\/","og_locale":"fr_FR","og_type":"article","og_title":"Donn\u00e9es clients - Ocean Signal","og_url":"https:\/\/oceansignal.com\/fr\/donnees-clients\/","og_site_name":"Ocean Signal","article_modified_time":"2024-09-30T12:43:33+00:00","og_image":[{"width":1200,"height":630,"url":"https:\/\/oceansignal.com\/wp-content\/uploads\/2024\/03\/image-social-share-04.jpg","type":"image\/jpeg"}],"twitter_card":"summary_large_image","twitter_misc":{"Dur\u00e9e de lecture estim\u00e9e":"1 minute"},"schema":{"@context":"https:\/\/schema.org","@graph":[{"@type":"WebPage","@id":"https:\/\/oceansignal.com\/fr\/donnees-clients\/","url":"https:\/\/oceansignal.com\/fr\/donnees-clients\/","name":"Donn\u00e9es clients - Ocean Signal","isPartOf":{"@id":"https:\/\/oceansignal.com\/fr\/#website"},"datePublished":"2024-04-09T09:05:13+00:00","dateModified":"2024-09-30T12:43:33+00:00","inLanguage":"fr-FR","potentialAction":[{"@type":"ReadAction","target":["https:\/\/oceansignal.com\/fr\/donnees-clients\/"]}]},{"@type":"WebSite","@id":"https:\/\/oceansignal.com\/fr\/#website","url":"https:\/\/oceansignal.com\/fr\/","name":"Ocean Signal","description":"A leading manufacturer of EPIRBs, AIS, SARTs, Personal Locator Beacons, Man Overboard Beacon for the Marine and Outdoor Markets.","potentialAction":[{"@type":"SearchAction","target":{"@type":"EntryPoint","urlTemplate":"https:\/\/oceansignal.com\/fr\/?s={search_term_string}"},"query-input":{"@type":"PropertyValueSpecification","valueRequired":true,"valueName":"search_term_string"}}],"inLanguage":"fr-FR"}]}},"_links":{"self":[{"href":"https:\/\/oceansignal.com\/fr\/wp-json\/wp\/v2\/pages\/6557","targetHints":{"allow":["GET"]}}],"collection":[{"href":"https:\/\/oceansignal.com\/fr\/wp-json\/wp\/v2\/pages"}],"about":[{"href":"https:\/\/oceansignal.com\/fr\/wp-json\/wp\/v2\/types\/page"}],"author":[{"embeddable":true,"href":"https:\/\/oceansignal.com\/fr\/wp-json\/wp\/v2\/users\/1"}],"replies":[{"embeddable":true,"href":"https:\/\/oceansignal.com\/fr\/wp-json\/wp\/v2\/comments?post=6557"}],"version-history":[{"count":1,"href":"https:\/\/oceansignal.com\/fr\/wp-json\/wp\/v2\/pages\/6557\/revisions"}],"predecessor-version":[{"id":6559,"href":"https:\/\/oceansignal.com\/fr\/wp-json\/wp\/v2\/pages\/6557\/revisions\/6559"}],"wp:attachment":[{"href":"https:\/\/oceansignal.com\/fr\/wp-json\/wp\/v2\/media?parent=6557"}],"curies":[{"name":"wp","href":"https:\/\/api.w.org\/{rel}","templated":true}]}}