{"id":7090,"date":"2023-04-14T10:01:01","date_gmt":"2023-04-14T10:01:01","guid":{"rendered":"https:\/\/oceansignal.com\/programmation-du-boitier-dalarme-ais\/"},"modified":"2024-09-30T14:52:47","modified_gmt":"2024-09-30T14:52:47","slug":"programmation-du-boitier-dalarme-ais","status":"publish","type":"page","link":"https:\/\/oceansignal.com\/fr\/soutien\/programmation-du-produit\/programmation-du-boitier-dalarme-ais\/","title":{"rendered":"Programmation du bo\u00eetier d\u2019alarme AIS"},"content":{"rendered":"\n<div class=\"gb-product-programming\">\n    <div class=\"gc-container \">\n                \n\n<div class=\"wp-block-columns gb-product-programming__description is-layout-flex wp-container-core-columns-is-layout-9d6595d7 wp-block-columns-is-layout-flex\">\n<div class=\"wp-block-column gb-product-programming__description__text-container is-layout-flow wp-block-column-is-layout-flow\">\n<h2 class=\"wp-block-heading gb-product-programming__description__text-container__title\" id=\"h-ais-alarm-box-programming\">Programmation du bo\u00eetier d\u2019alarme AIS<\/h2>\n\n\n\n<p class=\"gb-product-programming__description__text-container__text\">Pour programmer votre produit, vous devez s\u00e9lectionner des programmes d\u2019installation pour votre type d\u2019appareil.<\/p>\n\n\n\n<a\n                    href=\"http:\/\/oceansignal.com\/products\/ais-alarm\/\"\n                class=\"gb-button-link  \"\n        target=\"_self\">\n        See product details\n<\/a>\n\n\n\n<\/div>\n\n\n\n<div class=\"wp-block-column gb-product-programming__description__divider is-layout-flow wp-block-column-is-layout-flow\"><\/div>\n\n\n\n<div class=\"wp-block-column gb-product-programming__description__image is-layout-flow wp-block-column-is-layout-flow\">\n<div class=\"gb-image\">\n\t\n<div class=\"gc-image \">\n        <img decoding=\"async\" class=\"gc-image__image  \"\n         src=\"http:\/\/oceansignal.com\/wp-content\/uploads\/2023\/04\/image-product-ais-alarm-box1.png\"\n         alt=\"\"\n    >\n<\/div><\/div>\n<\/div>\n<\/div>\n\n\n\n<div class=\"wp-block-columns gb-product-programming__blurbs is-layout-flex wp-container-core-columns-is-layout-9d6595d7 wp-block-columns-is-layout-flex\">\n<div class=\"wp-block-column gb-product-programming__blurbs__text-container is-layout-flow wp-block-column-is-layout-flow\">\n<h6 class=\"wp-block-heading gb-product-programming__blurbs__text-container__title\" id=\"h-ais-alarm-programming-for-android-devices\">Programmation d\u2019alarme AIS pour les appareils Android<\/h6>\n\n\n\n<p class=\"gb-product-programming__blurbs__text-container__text\">Acc\u00e9dez \u00e0 cette page sur un appareil Android.\nT\u00e9l\u00e9chargez le fichier.\nInstallez-le \u00e0 partir des t\u00e9l\u00e9chargements.\nNotez que vous devrez autoriser l\u2019installation \u00e0 partir d\u2019une source inconnue lorsque vous y serez invit\u00e9.   <\/p>\n\n\n\n<div class=\"wp-block-columns gb-product-programming__blurbs__text-container__link is-layout-flex wp-container-core-columns-is-layout-9d6595d7 wp-block-columns-is-layout-flex\">\n<div class=\"wp-block-column gb-product-programming__blurbs__text-container__link__image is-layout-flow wp-block-column-is-layout-flow\">\n<div class=\"gb-image\">\n\t\n<div class=\"gc-image \">\n        <img decoding=\"async\" class=\"gc-image__image  \"\n         src=\"http:\/\/oceansignal.com\/wp-content\/uploads\/2023\/04\/icon-android.png\"\n         alt=\"\"\n    >\n<\/div><\/div>\n<\/div>\n\n\n\n<div class=\"wp-block-column gb-product-programming__blurbs__text-container__link__link is-layout-flow wp-block-column-is-layout-flow\">\n<a\n                    href=\"https:\/\/oceansignal.com\/wp-content\/uploads\/2023\/09\/ais_alarm.apk\"\n                class=\"gb-button-link  \"\n        target=\"__blank\">\n        DOWNLOAD for Android device\n<\/a>\n\n\n\n<\/div>\n<\/div>\n<\/div>\n\n\n\n<div class=\"wp-block-column gb-product-programming__blurbs__text-container is-layout-flow wp-block-column-is-layout-flow\">\n<h6 class=\"wp-block-heading gb-product-programming__blurbs__text-container__title\" id=\"h-ais-alarm-programming-for-mac\">Programmation d\u2019alarme AIS pour MAC<\/h6>\n\n\n\n<p class=\"gb-product-programming__blurbs__text-container__text\">Utilisez ce programme d\u2019installation pour ex\u00e9cuter le programme de configuration de l\u2019alarme AIS sur un ordinateur MAC Apple.\nT\u00e9l\u00e9chargez le fichier sur votre ordinateur, puis ouvrez le dossier des t\u00e9l\u00e9chargements et ex\u00e9cutez le fichier AIS-Alarm-Box.dmg.\nCela cr\u00e9era un dossier sur le bureau.\nFaites glisser l\u2019ic\u00f4ne Ocean Signal sur votre bureau.\nLe dossier peut maintenant \u00eatre envoy\u00e9 dans la corbeille.    <\/p>\n\n\n\n<div class=\"wp-block-columns gb-product-programming__blurbs__text-container__link is-layout-flex wp-container-core-columns-is-layout-9d6595d7 wp-block-columns-is-layout-flex\">\n<div class=\"wp-block-column gb-product-programming__blurbs__text-container__link__image is-layout-flow wp-block-column-is-layout-flow\">\n<div class=\"gb-image\">\n\t\n<div class=\"gc-image \">\n        <img decoding=\"async\" class=\"gc-image__image  \"\n         src=\"http:\/\/oceansignal.com\/wp-content\/uploads\/2023\/04\/icon-apple.png\"\n         alt=\"\"\n    >\n<\/div><\/div>\n<\/div>\n\n\n\n<div class=\"wp-block-column gb-product-programming__blurbs__text-container__link__link is-layout-flow wp-block-column-is-layout-flow\">\n<a\n                    href=\"https:\/\/apps.apple.com\/us\/app\/id1522285003\"\n                class=\"gb-button-link  \"\n        target=\"__blank\">\n        DOWNLOAD for Apple Mac\n<\/a>\n\n\n\n<\/div>\n<\/div>\n<\/div>\n\n\n\n<div class=\"wp-block-column gb-product-programming__blurbs__text-container is-layout-flow wp-block-column-is-layout-flow\">\n<h6 class=\"wp-block-heading gb-product-programming__blurbs__text-container__title\" id=\"h-ais-alarm-programming-for-windows-pc\">Programmation d\u2019alarme AIS pour PC Windows<\/h6>\n\n\n\n<p class=\"gb-product-programming__blurbs__text-container__text\">Utilisez ce programme d\u2019installation pour ex\u00e9cuter le programme de configuration de l\u2019alarme AIS sur un PC Windows.\nUne fois l\u2019installation termin\u00e9e, recherchez le dossier Ocean Signal Programs ou Apps et ex\u00e9cutez le fichier \u00ab\u00a0USB Driver Installer\u00a0\u00bb.\nBranchez maintenant le bo\u00eetier d\u2019alarme AIS sur un port USB libre.  <\/p>\n\n\n\n<div class=\"wp-block-columns gb-product-programming__blurbs__text-container__link is-layout-flex wp-container-core-columns-is-layout-9d6595d7 wp-block-columns-is-layout-flex\">\n<div class=\"wp-block-column gb-product-programming__blurbs__text-container__link__image is-layout-flow wp-block-column-is-layout-flow\">\n<div class=\"gb-image\">\n\t\n<div class=\"gc-image \">\n        <img decoding=\"async\" class=\"gc-image__image  \"\n         src=\"http:\/\/oceansignal.com\/wp-content\/uploads\/2023\/04\/icon-windows.png\"\n         alt=\"\"\n    >\n<\/div><\/div>\n<\/div>\n\n\n\n<div class=\"wp-block-column gb-product-programming__blurbs__text-container__link__link is-layout-flow wp-block-column-is-layout-flow\">\n<a\n                    href=\"https:\/\/oceansignal.com\/wp-content\/uploads\/2023\/09\/Ais-Alarm.msi\"\n                class=\"gb-button-link  \"\n        target=\"__blank\">\n        DOWNLOAD for Windows PC\n<\/a>\n\n\n\n<\/div>\n<\/div>\n<\/div>\n<\/div>\n\n\n        <\/div><\/div>\n","protected":false},"excerpt":{"rendered":"","protected":false},"author":2,"featured_media":0,"parent":7979,"menu_order":0,"comment_status":"closed","ping_status":"closed","template":"pagetemplate-empty.php","meta":{"_acf_changed":false,"om_disable_all_campaigns":false,"footnotes":""},"class_list":["post-7090","page","type-page","status-publish","hentry"],"acf":[],"yoast_head":"<!-- This site is optimized with the Yoast SEO Premium plugin v25.2 (Yoast SEO v26.4) - https:\/\/yoast.com\/wordpress\/plugins\/seo\/ -->\n<title>Programmation du bo\u00eetier d\u2019alarme AIS - Ocean Signal<\/title>\n<meta name=\"description\" content=\"Programmez sans effort votre bo\u00eetier d\u2019alarme AIS Ocean Signal pour une s\u00e9curit\u00e9 accrue en mer. Simplifiez la configuration AIS gr\u00e2ce \u00e0 notre page de programmation intuitive.\" \/>\n<meta name=\"robots\" content=\"index, follow, max-snippet:-1, max-image-preview:large, max-video-preview:-1\" \/>\n<link rel=\"canonical\" href=\"https:\/\/oceansignal.com\/fr\/soutien\/programmation-du-produit\/programmation-du-boitier-dalarme-ais\/\" \/>\n<meta property=\"og:locale\" content=\"fr_FR\" \/>\n<meta property=\"og:type\" content=\"article\" \/>\n<meta property=\"og:title\" content=\"Programmation du bo\u00eetier d\u2019alarme AIS - Ocean Signal\" \/>\n<meta property=\"og:description\" content=\"Programmez sans effort votre bo\u00eetier d\u2019alarme AIS Ocean Signal pour une s\u00e9curit\u00e9 accrue en mer. Simplifiez la configuration AIS gr\u00e2ce \u00e0 notre page de programmation intuitive.\" \/>\n<meta property=\"og:url\" content=\"https:\/\/oceansignal.com\/fr\/soutien\/programmation-du-produit\/programmation-du-boitier-dalarme-ais\/\" \/>\n<meta property=\"og:site_name\" content=\"Ocean Signal\" \/>\n<meta property=\"article:modified_time\" content=\"2024-09-30T14:52:47+00:00\" \/>\n<meta property=\"og:image\" content=\"https:\/\/oceansignal.com\/wp-content\/uploads\/2024\/03\/image-social-share-04.jpg\" \/>\n\t<meta property=\"og:image:width\" content=\"1200\" \/>\n\t<meta property=\"og:image:height\" content=\"630\" \/>\n\t<meta property=\"og:image:type\" content=\"image\/jpeg\" \/>\n<meta name=\"twitter:card\" content=\"summary_large_image\" \/>\n<meta name=\"twitter:label1\" content=\"Dur\u00e9e de lecture estim\u00e9e\" \/>\n\t<meta name=\"twitter:data1\" content=\"1 minute\" \/>\n<script type=\"application\/ld+json\" class=\"yoast-schema-graph\">{\"@context\":\"https:\/\/schema.org\",\"@graph\":[{\"@type\":\"WebPage\",\"@id\":\"https:\/\/oceansignal.com\/fr\/soutien\/programmation-du-produit\/programmation-du-boitier-dalarme-ais\/\",\"url\":\"https:\/\/oceansignal.com\/fr\/soutien\/programmation-du-produit\/programmation-du-boitier-dalarme-ais\/\",\"name\":\"Programmation du bo\u00eetier d\u2019alarme AIS - Ocean Signal\",\"isPartOf\":{\"@id\":\"https:\/\/oceansignal.com\/fr\/#website\"},\"datePublished\":\"2023-04-14T10:01:01+00:00\",\"dateModified\":\"2024-09-30T14:52:47+00:00\",\"description\":\"Programmez sans effort votre bo\u00eetier d\u2019alarme AIS Ocean Signal pour une s\u00e9curit\u00e9 accrue en mer. Simplifiez la configuration AIS gr\u00e2ce \u00e0 notre page de programmation intuitive.\",\"breadcrumb\":{\"@id\":\"https:\/\/oceansignal.com\/fr\/soutien\/programmation-du-produit\/programmation-du-boitier-dalarme-ais\/#breadcrumb\"},\"inLanguage\":\"fr-FR\",\"potentialAction\":[{\"@type\":\"ReadAction\",\"target\":[\"https:\/\/oceansignal.com\/fr\/soutien\/programmation-du-produit\/programmation-du-boitier-dalarme-ais\/\"]}]},{\"@type\":\"BreadcrumbList\",\"@id\":\"https:\/\/oceansignal.com\/fr\/soutien\/programmation-du-produit\/programmation-du-boitier-dalarme-ais\/#breadcrumb\",\"itemListElement\":[{\"@type\":\"ListItem\",\"position\":1,\"name\":\"Soutien\",\"item\":\"https:\/\/oceansignal.com\/fr\/soutien\/\"},{\"@type\":\"ListItem\",\"position\":2,\"name\":\"Programmation du produit\",\"item\":\"https:\/\/oceansignal.com\/fr\/soutien\/programmation-du-produit\/\"},{\"@type\":\"ListItem\",\"position\":3,\"name\":\"Programmation du bo\u00eetier d\u2019alarme AIS\"}]},{\"@type\":\"WebSite\",\"@id\":\"https:\/\/oceansignal.com\/fr\/#website\",\"url\":\"https:\/\/oceansignal.com\/fr\/\",\"name\":\"Ocean Signal\",\"description\":\"A leading manufacturer of EPIRBs, AIS, SARTs, Personal Locator Beacons, Man Overboard Beacon for the Marine and Outdoor Markets.\",\"potentialAction\":[{\"@type\":\"SearchAction\",\"target\":{\"@type\":\"EntryPoint\",\"urlTemplate\":\"https:\/\/oceansignal.com\/fr\/?s={search_term_string}\"},\"query-input\":{\"@type\":\"PropertyValueSpecification\",\"valueRequired\":true,\"valueName\":\"search_term_string\"}}],\"inLanguage\":\"fr-FR\"}]}<\/script>\n<!-- \/ Yoast SEO Premium plugin. -->","yoast_head_json":{"title":"Programmation du bo\u00eetier d\u2019alarme AIS - Ocean Signal","description":"Programmez sans effort votre bo\u00eetier d\u2019alarme AIS Ocean Signal pour une s\u00e9curit\u00e9 accrue en mer. Simplifiez la configuration AIS gr\u00e2ce \u00e0 notre page de programmation intuitive.","robots":{"index":"index","follow":"follow","max-snippet":"max-snippet:-1","max-image-preview":"max-image-preview:large","max-video-preview":"max-video-preview:-1"},"canonical":"https:\/\/oceansignal.com\/fr\/soutien\/programmation-du-produit\/programmation-du-boitier-dalarme-ais\/","og_locale":"fr_FR","og_type":"article","og_title":"Programmation du bo\u00eetier d\u2019alarme AIS - Ocean Signal","og_description":"Programmez sans effort votre bo\u00eetier d\u2019alarme AIS Ocean Signal pour une s\u00e9curit\u00e9 accrue en mer. Simplifiez la configuration AIS gr\u00e2ce \u00e0 notre page de programmation intuitive.","og_url":"https:\/\/oceansignal.com\/fr\/soutien\/programmation-du-produit\/programmation-du-boitier-dalarme-ais\/","og_site_name":"Ocean Signal","article_modified_time":"2024-09-30T14:52:47+00:00","og_image":[{"width":1200,"height":630,"url":"https:\/\/oceansignal.com\/wp-content\/uploads\/2024\/03\/image-social-share-04.jpg","type":"image\/jpeg"}],"twitter_card":"summary_large_image","twitter_misc":{"Dur\u00e9e de lecture estim\u00e9e":"1 minute"},"schema":{"@context":"https:\/\/schema.org","@graph":[{"@type":"WebPage","@id":"https:\/\/oceansignal.com\/fr\/soutien\/programmation-du-produit\/programmation-du-boitier-dalarme-ais\/","url":"https:\/\/oceansignal.com\/fr\/soutien\/programmation-du-produit\/programmation-du-boitier-dalarme-ais\/","name":"Programmation du bo\u00eetier d\u2019alarme AIS - Ocean Signal","isPartOf":{"@id":"https:\/\/oceansignal.com\/fr\/#website"},"datePublished":"2023-04-14T10:01:01+00:00","dateModified":"2024-09-30T14:52:47+00:00","description":"Programmez sans effort votre bo\u00eetier d\u2019alarme AIS Ocean Signal pour une s\u00e9curit\u00e9 accrue en mer. Simplifiez la configuration AIS gr\u00e2ce \u00e0 notre page de programmation intuitive.","breadcrumb":{"@id":"https:\/\/oceansignal.com\/fr\/soutien\/programmation-du-produit\/programmation-du-boitier-dalarme-ais\/#breadcrumb"},"inLanguage":"fr-FR","potentialAction":[{"@type":"ReadAction","target":["https:\/\/oceansignal.com\/fr\/soutien\/programmation-du-produit\/programmation-du-boitier-dalarme-ais\/"]}]},{"@type":"BreadcrumbList","@id":"https:\/\/oceansignal.com\/fr\/soutien\/programmation-du-produit\/programmation-du-boitier-dalarme-ais\/#breadcrumb","itemListElement":[{"@type":"ListItem","position":1,"name":"Soutien","item":"https:\/\/oceansignal.com\/fr\/soutien\/"},{"@type":"ListItem","position":2,"name":"Programmation du produit","item":"https:\/\/oceansignal.com\/fr\/soutien\/programmation-du-produit\/"},{"@type":"ListItem","position":3,"name":"Programmation du bo\u00eetier d\u2019alarme AIS"}]},{"@type":"WebSite","@id":"https:\/\/oceansignal.com\/fr\/#website","url":"https:\/\/oceansignal.com\/fr\/","name":"Ocean Signal","description":"A leading manufacturer of EPIRBs, AIS, SARTs, Personal Locator Beacons, Man Overboard Beacon for the Marine and Outdoor Markets.","potentialAction":[{"@type":"SearchAction","target":{"@type":"EntryPoint","urlTemplate":"https:\/\/oceansignal.com\/fr\/?s={search_term_string}"},"query-input":{"@type":"PropertyValueSpecification","valueRequired":true,"valueName":"search_term_string"}}],"inLanguage":"fr-FR"}]}},"_links":{"self":[{"href":"https:\/\/oceansignal.com\/fr\/wp-json\/wp\/v2\/pages\/7090","targetHints":{"allow":["GET"]}}],"collection":[{"href":"https:\/\/oceansignal.com\/fr\/wp-json\/wp\/v2\/pages"}],"about":[{"href":"https:\/\/oceansignal.com\/fr\/wp-json\/wp\/v2\/types\/page"}],"author":[{"embeddable":true,"href":"https:\/\/oceansignal.com\/fr\/wp-json\/wp\/v2\/users\/2"}],"replies":[{"embeddable":true,"href":"https:\/\/oceansignal.com\/fr\/wp-json\/wp\/v2\/comments?post=7090"}],"version-history":[{"count":1,"href":"https:\/\/oceansignal.com\/fr\/wp-json\/wp\/v2\/pages\/7090\/revisions"}],"predecessor-version":[{"id":7092,"href":"https:\/\/oceansignal.com\/fr\/wp-json\/wp\/v2\/pages\/7090\/revisions\/7092"}],"up":[{"embeddable":true,"href":"https:\/\/oceansignal.com\/fr\/wp-json\/wp\/v2\/pages\/7979"}],"wp:attachment":[{"href":"https:\/\/oceansignal.com\/fr\/wp-json\/wp\/v2\/media?parent=7090"}],"curies":[{"name":"wp","href":"https:\/\/api.w.org\/{rel}","templated":true}]}}