{"id":7110,"date":"2023-04-07T13:10:32","date_gmt":"2023-04-07T13:10:32","guid":{"rendered":"https:\/\/oceansignal.com\/a-propos-docean-signal\/"},"modified":"2024-09-30T14:32:25","modified_gmt":"2024-09-30T14:32:25","slug":"a-propos-docean-signal","status":"publish","type":"page","link":"https:\/\/oceansignal.com\/fr\/a-propos-docean-signal\/","title":{"rendered":"\u00c0 propos d\u2019Ocean Signal"},"content":{"rendered":"\n<div class=\"gb-container-narrow\">\n    <div class=\"gc-container \">\n                \n\n<p class=\"has-medium-font-size\">Ocean Signal op\u00e8re au sein du groupe ACR.\nCe groupe compte plus de 250 employ\u00e9s et 3 centres de R&amp;D de classe mondiale.\nNous d\u00e9veloppons continuellement des opportunit\u00e9s commerciales avec plus de 150 clients actifs dans le monde et sommes pr\u00e9sents dans plus de 30 pays.\nEn partenariat avec des organisations cl\u00e9s dans le monde entier, le groupe est pr\u00e9sent sur les march\u00e9s maritime, a\u00e9ronautique et militaire depuis plus de 50 ans.<br\/>Ocean Signal est un leader mondial dans la conception et la fabrication de balises de sauvetage d\u2019urgence par satellite et terrestres bas\u00e9es sur les technologies VHF\/UHF, Iridium, Digital Selective Calling ou ASN, AIS (Automatic Identification S) ou AIS, GNSS et batteries.\nFournir des produits dans le monde entier \u00e0 quatre march\u00e9s principaux : \u2013 Marine commerciale, Marine de loisir, Gouvernemental\/Militaire et Terre\/R\u00e9cr\u00e9atif.    <br\/><br\/>Le chef de l\u2019ing\u00e9nierie d\u2019Ocean Signal est l\u2019un des plus grands experts mondiaux en technologie d\u2019am\u00e9lioration radar, Simon Nolan, qui dirige une \u00e9quipe solide.\nIndividuellement, ils ont con\u00e7u et d\u00e9velopp\u00e9 de nombreux produits leaders sur le march\u00e9 et maintenant, sous le nom d\u2019Ocean Signal, ils ont pour vision de fournir les meilleurs produits de communication et de s\u00e9curit\u00e9 aux marins d\u2019aujourd\u2019hui. <\/p>\n\n\n\n<p><\/p>\n\n\n\n<figure class=\"wp-block-gallery has-nested-images columns-default is-cropped wp-block-gallery-1 is-layout-flex wp-block-gallery-is-layout-flex\">\n<figure class=\"wp-block-image size-large\"><img loading=\"lazy\" decoding=\"async\" width=\"420\" height=\"264\" data-id=\"180\" src=\"http:\/\/oceansignal.com\/wp-content\/uploads\/2023\/04\/image-about-us-employees.jpg\" alt=\"Si&#xE8;ge social et fabrication d&#x2019;Ocean Signal &#xE0; Margate, Kent, Royaume-Uni\" class=\"wp-image-180\" srcset=\"https:\/\/oceansignal.com\/wp-content\/uploads\/2023\/04\/image-about-us-employees.jpg 420w, https:\/\/oceansignal.com\/wp-content\/uploads\/2023\/04\/image-about-us-employees-300x189.jpg 300w\" sizes=\"auto, (max-width: 420px) 100vw, 420px\" \/><\/figure>\n\n\n\n<figure class=\"wp-block-image size-large\"><img loading=\"lazy\" decoding=\"async\" width=\"420\" height=\"264\" data-id=\"181\" src=\"http:\/\/oceansignal.com\/wp-content\/uploads\/2023\/04\/image-about-us-2.jpg\" alt=\"\" class=\"wp-image-181\" srcset=\"https:\/\/oceansignal.com\/wp-content\/uploads\/2023\/04\/image-about-us-2.jpg 420w, https:\/\/oceansignal.com\/wp-content\/uploads\/2023\/04\/image-about-us-2-300x189.jpg 300w\" sizes=\"auto, (max-width: 420px) 100vw, 420px\" \/><\/figure>\n<\/figure>\n\n\n\n<p><\/p>\n\n\n\n<p>Gr\u00e2ce \u00e0 plus de 10 ans de conception, de d\u00e9veloppement et de tests innovants, Ocean Signal a d\u00e9velopp\u00e9 et livr\u00e9 un portefeuille de produits de classe mondiale sur le march\u00e9.<br\/>La gamme de produits Ocean Signal est con\u00e7ue pour respecter ou d\u00e9passer les exigences techniques de l\u2019Organisation maritime internationale (SOLAS), les normes de la Commission \u00e9lectrotechnique internationale, les directives et d\u00e9cisions europ\u00e9ennes, les normes de la Garde c\u00f4ti\u00e8re des \u00c9tats-Unis ainsi que de nombreuses autres r\u00e8gles nationales et internationales applicables.<\/p>\n\n\n\n<p><\/p>\n\n\n\n<figure class=\"wp-block-image size-full\"><img loading=\"lazy\" decoding=\"async\" width=\"856\" height=\"499\" src=\"http:\/\/oceansignal.com\/wp-content\/uploads\/2023\/04\/image-about-us-3-1.jpg\" alt=\"\" class=\"wp-image-182\" srcset=\"https:\/\/oceansignal.com\/wp-content\/uploads\/2023\/04\/image-about-us-3-1.jpg 856w, https:\/\/oceansignal.com\/wp-content\/uploads\/2023\/04\/image-about-us-3-1-300x175.jpg 300w, https:\/\/oceansignal.com\/wp-content\/uploads\/2023\/04\/image-about-us-3-1-768x448.jpg 768w, https:\/\/oceansignal.com\/wp-content\/uploads\/2023\/04\/image-about-us-3-1-600x350.jpg 600w\" sizes=\"auto, (max-width: 856px) 100vw, 856px\" \/><\/figure>\n\n\n\n<p><\/p>\n\n\n\n<p>Pour les carri\u00e8res chez Ocean Signal, veuillez consulter la <a href=\"http:\/\/oceansignal.com\/careers\/\" data-type=\"page\" data-id=\"200\">page des carri\u00e8res<\/a>.<br\/><br\/><strong>Adresse du si\u00e8ge social :<\/strong><br\/>Signal Oc\u00e9an Lt\u00e9e<br\/>Unit\u00e9 4<br\/>Voie Ocivan<br\/>Margate, Kent<br\/>CT9 4NN<br\/>Royaume-Uni<br\/><br\/><strong>Renseignements g\u00e9n\u00e9raux, ventes et administration<\/strong><br\/>+44 (0)1843 282930<br\/><br\/><strong>Service \u00e0 la client\u00e8le et assistance technique UNIQUEMENT<\/strong><br\/>+44 (0)1843 808190<br\/><br\/><strong>Num\u00e9ro d\u2019immatriculation de la soci\u00e9t\u00e9 :<\/strong> 06627101<br\/><br\/>Immatricul\u00e9 en Angleterre.<\/p>\n\n\n        <\/div><\/div>\n\n\t\n<div\n\tclass=\"c-wave-divider  c-wave-divider--blue  c-wave-divider--margin-top\">\n<\/div>\n\n<div class=\"gb-contact-us\" id=\"contact-us\">\n\t<div class=\"gc-container \">\n    \t\t\t\n\n<div class=\"wp-block-column gb-contact-us__column gb-contact-us__text-container is-layout-flow wp-block-column-is-layout-flow\">\n<h1 class=\"wp-block-heading gb-contact-us__text-container__title\" id=\"h-we-are-here-to-help\">Nous sommes l\u00e0 pour vous aider<\/h1>\n\n\n\n<p class=\"gb-contact-us__text-container__text\">Envoyez-nous un message et un membre de notre \u00e9quipe vous contactera.<\/p>\n\n\n\n<div class=\"wp-block-column gb-contact-us__text-container__image is-layout-flow wp-block-column-is-layout-flow\"><\/div>\n<\/div>\n\n\n\n<div class=\"wp-block-column gb-contact-us__column gb-contact-us__form-container is-layout-flow wp-block-column-is-layout-flow\"><div id=\"contact-form\" class=\"gb-contact-form\">\n\t<form class=\"gb-contact-form__form\" method=\"post\">\n\t\t\n\n<div class=\"c-input c-input--fullName \">\n\t<label class=\"c-input__label\" for=\"fullName\">Nom et nom de famille (facultatif)<\/label>\n\t<div class=\"c-input__container\">\n\t\t\t\t<input\n\t\t\ttype=\"text\"\n\t\t\tname=\"fullName\"\n\t\t\tid=\"fullName\"\n\t\t\tclass=\"c-input__input\"\n\t\t\tvalue=\"\"\n\t\t\t\n\t\t\tautocomplete=\"off\"\n\t\t\tspellcheck=\"true\"\n\t\t\tplaceholder=\"\"\n\t\t\/>\n\t<\/div>\n\t\t<span class=\"c-input__message\">Ce champ est requis.<\/span>\n<\/div>\n\n\t\t\n\n<div class=\"c-input c-input--email \">\n\t<label class=\"c-input__label\" for=\"email\">e-mail<\/label>\n\t<div class=\"c-input__container\">\n\t\t\t\t<input\n\t\t\ttype=\"email\"\n\t\t\tname=\"email\"\n\t\t\tid=\"email\"\n\t\t\tclass=\"c-input__input\"\n\t\t\tvalue=\"\"\n\t\t\t\n\t\t\tautocomplete=\"off\"\n\t\t\tspellcheck=\"true\"\n\t\t\tplaceholder=\"\"\n\t\t\/>\n\t<\/div>\n\t\t<span class=\"c-input__message\">L&#039;adresse e-mail est en format incorrect.<\/span>\n<\/div>\n\n\t\t\n\n<div class=\"c-input c-input--phone \">\n\t<label class=\"c-input__label\" for=\"phone\">num\u00e9ro de t\u00e9l\u00e9phone (facultatif)<\/label>\n\t<div class=\"c-input__container\">\n\t\t\t\t<input\n\t\t\ttype=\"text\"\n\t\t\tname=\"phone\"\n\t\t\tid=\"phone\"\n\t\t\tclass=\"c-input__input\"\n\t\t\tvalue=\"\"\n\t\t\t\n\t\t\tautocomplete=\"off\"\n\t\t\tspellcheck=\"true\"\n\t\t\tplaceholder=\"\"\n\t\t\/>\n\t<\/div>\n\t\t<span class=\"c-input__message\">Ce champ est requis.<\/span>\n<\/div>\n\n\t\t\n\n<div class=\"c-input c-input--country \">\n\t<label class=\"c-input__label\" for=\"country\">pays d&#039;origine<\/label>\n\t<div class=\"c-input__container\">\n\t\t\t\t<input\n\t\t\ttype=\"text\"\n\t\t\tname=\"country\"\n\t\t\tid=\"country\"\n\t\t\tclass=\"c-input__input\"\n\t\t\tvalue=\"\"\n\t\t\t\n\t\t\tautocomplete=\"off\"\n\t\t\tspellcheck=\"true\"\n\t\t\tplaceholder=\"\"\n\t\t\/>\n\t<\/div>\n\t\t<span class=\"c-input__message\">Ce champ est requis.<\/span>\n<\/div>\n\n\t\t<div class=\"c-input\">\n\t<label class=\"c-input__label\" for=\"message\">Votre message<\/label>\n\t<textarea\n\t\tname=\"message\"\n\t\tid=\"message\"\n\t\tclass=\"c-input__input\"\n\t\tvalue=\"\"\n\t\t\n\t\tautocomplete=\"off\"\n\t\tspellcheck=\"true\"\n\t><\/textarea>\n\t\t<span class=\"c-input__message\">Ce champ est requis.<\/span>\n<\/div>\n\n\t\t\t<span class=\"c-checkbox c-checkbox--secondary\">\n\t<span class=\"c-checkbox__wrapper\">\n\t\t<input class=\"c-checkbox__input\" type=\"checkbox\" name=\"subscribe\" data-id=\"subscribe\" id=\"subscribe\" value=\"subscribe\"  autocomplete=\"on\"\/>\n\t<\/span>\n\t<label class=\"c-checkbox__text\" for=\"subscribe\"> Je voudrais recevoir des nouvelles et des promotions. <\/label>\n<\/span>\n\n\t\t<div class=\"c-recaptcha c-input js-recaptcha\" id=\"js-recaptcha\">\n    <div class=\"g-recaptcha\" data-sitekey=\"6LdypS0pAAAAAPO_gmMi6_T5NelPv7DVFckpx0_9\" data-callback=\"checkRecaptcha\"><\/div>\n    <span class=\"c-input__message\">Ce champ est requis.<\/span>\n<\/div>\n\n\t\t<div class=\"gb-contact-form__form__divider\" ><\/div>\n\t\t<button type=\"submit\" class=\"c-button c-button--primary js-submit-button\">Soumettre la demande<\/button>\n\t<\/form>\n\t<p id=\"form-message\" class=\"gb-contact-form__message\"><\/p>\n<\/div>\n<\/div>\n\n\n\n<p class=\"gb-contact-us__bottom-text\">Nous consid\u00e9rons que votre vie priv\u00e9e est importante, veuillez lire notre politique de confidentialit\u00e9.<br\/>Veuillez noter que vos coordonn\u00e9es peuvent \u00eatre utilis\u00e9es conform\u00e9ment \u00e0 la r\u00e9glementation RGPD de l\u2019UE.\nOcean Signal n\u2019utilisera pas ces donn\u00e9es \u00e0 des fins de marketing sans votre autorisation explicite.\nPour plus de d\u00e9tails sur notre politique de conservation des donn\u00e9es, veuillez consulter cette politique.  <br\/><br\/>Pour obtenir de l\u2019aide, veuillez d\u2019abord contacter votre distributeur local.<br\/>Vous trouverez ici des informations sur les revendeurs OSL et les services de remplacement de batterie OSL.<\/p>\n\n\n\t\t<\/div><\/div>\n\n<div class=\"gb-careers\">\n            \n\n<div class=\"wp-block-columns gb-careers__wrapper c-container is-layout-flex wp-container-core-columns-is-layout-9d6595d7 wp-block-columns-is-layout-flex\">\n<div class=\"wp-block-column gb-careers__column gb-careers__text-container is-layout-flow wp-block-column-is-layout-flow\">\n<h2 class=\"wp-block-heading gb-careers__text-container__title\" id=\"h-careers\">Carri\u00e8res<\/h2>\n\n\n\n<p class=\"gb-careers__text-container__text\">Vous souhaitez rejoindre notre \u00e9quipe ?\nNous sommes toujours \u00e0 la recherche de personnes talentueuses pour rejoindre la famille Ocean Signal. <\/p>\n\n\n\n<a\n\t\t\thref=\"http:\/\/oceansignal.com\/careers\/\"\n\t\tclass=\"gb-button gb-button--primary-white \"\n\ttarget=\"_self\">\n\t\tOpen positions\n<\/a>\n<\/div>\n\n\n\n<div class=\"wp-block-column gb-careers__column gb-careers__image-container is-layout-flow wp-block-column-is-layout-flow\">\n<div class=\"gb-image\">\n\t\n<div class=\"gc-image \">\n        <img decoding=\"async\" class=\"gc-image__image gc-image__image--cover \"\n         src=\"http:\/\/oceansignal.com\/wp-content\/uploads\/2023\/04\/image-careers-section.jpg\"\n         alt=\"\"\n    >\n<\/div><\/div>\n<\/div>\n<\/div>\n\n\n    <\/div>\n","protected":false},"excerpt":{"rendered":"<p>Nous avons r\u00e9uni l\u2019une des \u00e9quipes d\u2019ing\u00e9nierie \u00e9lectronique les plus exp\u00e9riment\u00e9es de l\u2019industrie des communications maritimes.<\/p>\n","protected":false},"author":2,"featured_media":0,"parent":0,"menu_order":0,"comment_status":"closed","ping_status":"closed","template":"pagetemplate-header-orange.php","meta":{"_acf_changed":false,"om_disable_all_campaigns":false,"footnotes":""},"class_list":["post-7110","page","type-page","status-publish","hentry"],"acf":[],"yoast_head":"<!-- This site is optimized with the Yoast SEO Premium plugin v25.2 (Yoast SEO v26.4) - https:\/\/yoast.com\/wordpress\/plugins\/seo\/ -->\n<title>\u00c0 propos d\u2019Ocean Signal - Ocean Signal<\/title>\n<meta name=\"description\" content=\"Ocean Signal est votre source de solutions de s\u00e9curit\u00e9 maritime. Explorez notre gamme d\u2019EPIRB, de PLB et d\u2019\u00e9quipements AIS pour une communication fiable en mer\" \/>\n<meta name=\"robots\" content=\"index, follow, max-snippet:-1, max-image-preview:large, max-video-preview:-1\" \/>\n<link rel=\"canonical\" href=\"https:\/\/oceansignal.com\/fr\/a-propos-docean-signal\/\" \/>\n<meta property=\"og:locale\" content=\"fr_FR\" \/>\n<meta property=\"og:type\" content=\"article\" \/>\n<meta property=\"og:title\" content=\"\u00c0 propos d\u2019Ocean Signal - Ocean Signal\" \/>\n<meta property=\"og:description\" content=\"Ocean Signal est votre source de solutions de s\u00e9curit\u00e9 maritime. Explorez notre gamme d\u2019EPIRB, de PLB et d\u2019\u00e9quipements AIS pour une communication fiable en mer\" \/>\n<meta property=\"og:url\" content=\"https:\/\/oceansignal.com\/fr\/a-propos-docean-signal\/\" \/>\n<meta property=\"og:site_name\" content=\"Ocean Signal\" \/>\n<meta property=\"article:modified_time\" content=\"2024-09-30T14:32:25+00:00\" \/>\n<meta property=\"og:image\" content=\"http:\/\/oceansignal.com\/wp-content\/uploads\/2023\/04\/image-about-us-employees.jpg\" \/>\n<meta name=\"twitter:card\" content=\"summary_large_image\" \/>\n<meta name=\"twitter:label1\" content=\"Dur\u00e9e de lecture estim\u00e9e\" \/>\n\t<meta name=\"twitter:data1\" content=\"2 minutes\" \/>\n<script type=\"application\/ld+json\" class=\"yoast-schema-graph\">{\"@context\":\"https:\/\/schema.org\",\"@graph\":[{\"@type\":\"WebPage\",\"@id\":\"https:\/\/oceansignal.com\/fr\/a-propos-docean-signal\/\",\"url\":\"https:\/\/oceansignal.com\/fr\/a-propos-docean-signal\/\",\"name\":\"\u00c0 propos d\u2019Ocean Signal - Ocean Signal\",\"isPartOf\":{\"@id\":\"https:\/\/oceansignal.com\/fr\/#website\"},\"primaryImageOfPage\":{\"@id\":\"https:\/\/oceansignal.com\/fr\/a-propos-docean-signal\/#primaryimage\"},\"image\":{\"@id\":\"https:\/\/oceansignal.com\/fr\/a-propos-docean-signal\/#primaryimage\"},\"thumbnailUrl\":\"http:\/\/oceansignal.com\/wp-content\/uploads\/2023\/04\/image-about-us-employees.jpg\",\"datePublished\":\"2023-04-07T13:10:32+00:00\",\"dateModified\":\"2024-09-30T14:32:25+00:00\",\"description\":\"Ocean Signal est votre source de solutions de s\u00e9curit\u00e9 maritime. Explorez notre gamme d\u2019EPIRB, de PLB et d\u2019\u00e9quipements AIS pour une communication fiable en mer\",\"inLanguage\":\"fr-FR\",\"potentialAction\":[{\"@type\":\"ReadAction\",\"target\":[\"https:\/\/oceansignal.com\/fr\/a-propos-docean-signal\/\"]}]},{\"@type\":\"ImageObject\",\"inLanguage\":\"fr-FR\",\"@id\":\"https:\/\/oceansignal.com\/fr\/a-propos-docean-signal\/#primaryimage\",\"url\":\"http:\/\/oceansignal.com\/wp-content\/uploads\/2023\/04\/image-about-us-employees.jpg\",\"contentUrl\":\"http:\/\/oceansignal.com\/wp-content\/uploads\/2023\/04\/image-about-us-employees.jpg\"},{\"@type\":\"WebSite\",\"@id\":\"https:\/\/oceansignal.com\/fr\/#website\",\"url\":\"https:\/\/oceansignal.com\/fr\/\",\"name\":\"Ocean Signal\",\"description\":\"A leading manufacturer of EPIRBs, AIS, SARTs, Personal Locator Beacons, Man Overboard Beacon for the Marine and Outdoor Markets.\",\"potentialAction\":[{\"@type\":\"SearchAction\",\"target\":{\"@type\":\"EntryPoint\",\"urlTemplate\":\"https:\/\/oceansignal.com\/fr\/?s={search_term_string}\"},\"query-input\":{\"@type\":\"PropertyValueSpecification\",\"valueRequired\":true,\"valueName\":\"search_term_string\"}}],\"inLanguage\":\"fr-FR\"}]}<\/script>\n<!-- \/ Yoast SEO Premium plugin. -->","yoast_head_json":{"title":"\u00c0 propos d\u2019Ocean Signal - Ocean Signal","description":"Ocean Signal est votre source de solutions de s\u00e9curit\u00e9 maritime. Explorez notre gamme d\u2019EPIRB, de PLB et d\u2019\u00e9quipements AIS pour une communication fiable en mer","robots":{"index":"index","follow":"follow","max-snippet":"max-snippet:-1","max-image-preview":"max-image-preview:large","max-video-preview":"max-video-preview:-1"},"canonical":"https:\/\/oceansignal.com\/fr\/a-propos-docean-signal\/","og_locale":"fr_FR","og_type":"article","og_title":"\u00c0 propos d\u2019Ocean Signal - Ocean Signal","og_description":"Ocean Signal est votre source de solutions de s\u00e9curit\u00e9 maritime. Explorez notre gamme d\u2019EPIRB, de PLB et d\u2019\u00e9quipements AIS pour une communication fiable en mer","og_url":"https:\/\/oceansignal.com\/fr\/a-propos-docean-signal\/","og_site_name":"Ocean Signal","article_modified_time":"2024-09-30T14:32:25+00:00","og_image":[{"url":"http:\/\/oceansignal.com\/wp-content\/uploads\/2023\/04\/image-about-us-employees.jpg","type":"","width":"","height":""}],"twitter_card":"summary_large_image","twitter_misc":{"Dur\u00e9e de lecture estim\u00e9e":"2 minutes"},"schema":{"@context":"https:\/\/schema.org","@graph":[{"@type":"WebPage","@id":"https:\/\/oceansignal.com\/fr\/a-propos-docean-signal\/","url":"https:\/\/oceansignal.com\/fr\/a-propos-docean-signal\/","name":"\u00c0 propos d\u2019Ocean Signal - Ocean Signal","isPartOf":{"@id":"https:\/\/oceansignal.com\/fr\/#website"},"primaryImageOfPage":{"@id":"https:\/\/oceansignal.com\/fr\/a-propos-docean-signal\/#primaryimage"},"image":{"@id":"https:\/\/oceansignal.com\/fr\/a-propos-docean-signal\/#primaryimage"},"thumbnailUrl":"http:\/\/oceansignal.com\/wp-content\/uploads\/2023\/04\/image-about-us-employees.jpg","datePublished":"2023-04-07T13:10:32+00:00","dateModified":"2024-09-30T14:32:25+00:00","description":"Ocean Signal est votre source de solutions de s\u00e9curit\u00e9 maritime. Explorez notre gamme d\u2019EPIRB, de PLB et d\u2019\u00e9quipements AIS pour une communication fiable en mer","inLanguage":"fr-FR","potentialAction":[{"@type":"ReadAction","target":["https:\/\/oceansignal.com\/fr\/a-propos-docean-signal\/"]}]},{"@type":"ImageObject","inLanguage":"fr-FR","@id":"https:\/\/oceansignal.com\/fr\/a-propos-docean-signal\/#primaryimage","url":"http:\/\/oceansignal.com\/wp-content\/uploads\/2023\/04\/image-about-us-employees.jpg","contentUrl":"http:\/\/oceansignal.com\/wp-content\/uploads\/2023\/04\/image-about-us-employees.jpg"},{"@type":"WebSite","@id":"https:\/\/oceansignal.com\/fr\/#website","url":"https:\/\/oceansignal.com\/fr\/","name":"Ocean Signal","description":"A leading manufacturer of EPIRBs, AIS, SARTs, Personal Locator Beacons, Man Overboard Beacon for the Marine and Outdoor Markets.","potentialAction":[{"@type":"SearchAction","target":{"@type":"EntryPoint","urlTemplate":"https:\/\/oceansignal.com\/fr\/?s={search_term_string}"},"query-input":{"@type":"PropertyValueSpecification","valueRequired":true,"valueName":"search_term_string"}}],"inLanguage":"fr-FR"}]}},"_links":{"self":[{"href":"https:\/\/oceansignal.com\/fr\/wp-json\/wp\/v2\/pages\/7110","targetHints":{"allow":["GET"]}}],"collection":[{"href":"https:\/\/oceansignal.com\/fr\/wp-json\/wp\/v2\/pages"}],"about":[{"href":"https:\/\/oceansignal.com\/fr\/wp-json\/wp\/v2\/types\/page"}],"author":[{"embeddable":true,"href":"https:\/\/oceansignal.com\/fr\/wp-json\/wp\/v2\/users\/2"}],"replies":[{"embeddable":true,"href":"https:\/\/oceansignal.com\/fr\/wp-json\/wp\/v2\/comments?post=7110"}],"version-history":[{"count":1,"href":"https:\/\/oceansignal.com\/fr\/wp-json\/wp\/v2\/pages\/7110\/revisions"}],"predecessor-version":[{"id":7111,"href":"https:\/\/oceansignal.com\/fr\/wp-json\/wp\/v2\/pages\/7110\/revisions\/7111"}],"wp:attachment":[{"href":"https:\/\/oceansignal.com\/fr\/wp-json\/wp\/v2\/media?parent=7110"}],"curies":[{"name":"wp","href":"https:\/\/api.w.org\/{rel}","templated":true}]}}